{"id":73324,"date":"2022-07-15T09:48:39","date_gmt":"2022-07-15T09:48:39","guid":{"rendered":"https:\/\/www.eliassen.nl\/?product=waterbol-greenstone-50cm"},"modified":"2026-02-21T15:23:32","modified_gmt":"2026-02-21T14:23:32","slug":"wasserkugel-grunstein-50cm","status":"publish","type":"product","link":"https:\/\/www.eliassen.nl\/de\/wasserkugel-grunstein-50cm\/","title":{"rendered":"Wasserglobus Gr\u00fcnstein 50cm"},"content":{"rendered":"<p><strong>Es handelt sich um ein loses Ornament. Erkundigen Sie sich nach den anderen ben\u00f6tigten Teilen.<\/strong><\/p>\n<p>Dieser massive Rohwasser-Globus mit einem Durchmesser von 50 cm aus Gr\u00fcnstein ist eine wahre Zierde in Ihrem Garten oder in Ihrem Gesch\u00e4ft. Das Wasser flie\u00dft auf subtile Weise \u00fcber die Kugel. Sie werden ein leichtes Pl\u00e4tschern des Wassers auf der rauen Oberfl\u00e4che h\u00f6ren.<\/p>\n<p>Greenstone ist ein hellgr\u00fcnes, nicht allzu hartes Lavagestein mit einer por\u00f6sen Oberfl\u00e4che. Auf dieser Oberfl\u00e4che wird irgendwann Moos wachsen. Nach langer Zeit haben Sie sogar die Chance, dass die gesamte Zwiebel mit Moos bedeckt ist und so eine sch\u00f6ne Einheit mit Ihrem \u00fcppigen Garten bildet.<\/p>\n<p>F\u00fcr Beh\u00e4lter, Pumpen, etc. gehen Sie zu &#8222;Ersatzteile f\u00fcr Wasserornamente&#8220;.<\/p>\n<ul>\n<li>Gr\u00f6\u00dfe: ca. 50cm Durchmesser<\/li>\n<li>Massiver Gr\u00fcnstein<\/li>\n<li>Ausgestattet mit Bohrung 40mm<\/li>\n<li>Einzigartiges Design, nur bei uns erh\u00e4ltlich<\/li>\n<li>Gewicht 130 kg<\/li>\n<li>Haben Sie Fragen zu diesem Artikel oder ben\u00f6tigen Sie einen Rat, um dieses Modell zu vervollst\u00e4ndigen? Rufen Sie uns an oder schicken Sie uns eine E-Mail.<\/li>\n<\/ul>\n","protected":false},"excerpt":{"rendered":"<p>Es handelt sich um ein loses Ornament. Erkundigen Sie sich nach den anderen ben\u00f6tigten Teilen.<\/p>\n","protected":false},"featured_media":73321,"template":"","meta":{"_acf_changed":false,"_genesis_title":"","_genesis_description":""},"product_brand":[7505],"product_cat":[539,551,569,536],"product_tag":[],"class_list":{"0":"post-73324","1":"product","2":"type-product","3":"status-publish","4":"has-post-thumbnail","6":"product_brand-sonstige","7":"product_cat-einzigartige-eigene-modelle-von-losen-wasserspiele","8":"product_cat-lose-wasserspiele","9":"product_cat-wasserbaelle","10":"product_cat-wassereigenschaften","12":"first","13":"instock","14":"taxable","15":"shipping-taxable","16":"purchasable","17":"product-type-simple"},"acf":[],"meta_all":{"total_sales":"1","wcml_sync_hash":{"postmeta_fields":"183c874b85cc9b5d24c2b133521d17be"},"attr_label_translations":[],"cor_restricted_countries":[]},"meta_all_flat":{"total_sales":"1","wcml_sync_hash.postmeta_fields":"183c874b85cc9b5d24c2b133521d17be"},"yoast_head":"<!-- This site is optimized with the Yoast SEO Premium plugin v26.2 (Yoast SEO v27.2) - https:\/\/yoast.com\/product\/yoast-seo-premium-wordpress\/ -->\n<title>Wasserglobus Gr\u00fcnstein 50cm<\/title>\n<meta name=\"description\" content=\"Wasserb\u00e4lle; sehen Sie sich alles in unserem Webshop an, oder besuchen Sie unseren Shop live !!!\" \/>\n<meta name=\"robots\" content=\"index, follow, max-snippet:-1, max-image-preview:large, max-video-preview:-1\" \/>\n<link rel=\"canonical\" href=\"https:\/\/www.eliassen.nl\/de\/wasserkugel-grunstein-50cm\/\" \/>\n<meta property=\"og:locale\" content=\"de_DE\" \/>\n<meta property=\"og:type\" content=\"article\" \/>\n<meta property=\"og:title\" content=\"Sonstige Wasserglobus Gr\u00fcnstein 50cm - Eliassen.nl\" \/>\n<meta property=\"og:description\" content=\"Wasserb\u00e4lle; sehen Sie sich alles in unserem Webshop an, oder besuchen Sie unseren Shop live !!!\" \/>\n<meta property=\"og:url\" content=\"https:\/\/www.eliassen.nl\/de\/wasserkugel-grunstein-50cm\/\" \/>\n<meta property=\"og:site_name\" content=\"Eliassen.nl\" \/>\n<meta property=\"article:publisher\" content=\"https:\/\/www.facebook.com\/TuincentrumEliassenAmmerzoden\" \/>\n<meta property=\"article:modified_time\" content=\"2026-02-21T14:23:32+00:00\" \/>\n<meta property=\"og:image\" content=\"https:\/\/www.eliassen.nl\/wp-content\/uploads\/2024\/01\/greenstoneball_2nd.jpg\" \/>\n\t<meta property=\"og:image:width\" content=\"1091\" \/>\n\t<meta property=\"og:image:height\" content=\"1063\" \/>\n\t<meta property=\"og:image:type\" content=\"image\/jpeg\" \/>\n<meta name=\"twitter:card\" content=\"summary_large_image\" \/>\n<script type=\"application\/ld+json\" class=\"yoast-schema-graph\">{\"@context\":\"https:\/\/schema.org\",\"@graph\":[{\"@type\":\"WebPage\",\"@id\":\"https:\/\/www.eliassen.nl\/de\/wasserkugel-grunstein-50cm\/\",\"url\":\"https:\/\/www.eliassen.nl\/de\/wasserkugel-grunstein-50cm\/\",\"name\":\"Wasserglobus Gr\u00fcnstein 50cm\",\"isPartOf\":{\"@id\":\"https:\/\/www.eliassen.nl\/de\/#website\"},\"primaryImageOfPage\":{\"@id\":\"https:\/\/www.eliassen.nl\/de\/wasserkugel-grunstein-50cm\/#primaryimage\"},\"image\":{\"@id\":\"https:\/\/www.eliassen.nl\/de\/wasserkugel-grunstein-50cm\/#primaryimage\"},\"thumbnailUrl\":\"https:\/\/www.eliassen.nl\/wp-content\/uploads\/2024\/01\/greenstoneball_2nd.jpg\",\"datePublished\":\"2022-07-15T09:48:39+00:00\",\"dateModified\":\"2026-02-21T14:23:32+00:00\",\"description\":\"Wasserb\u00e4lle; sehen Sie sich alles in unserem Webshop an, oder besuchen Sie unseren Shop live !!!\",\"breadcrumb\":{\"@id\":\"https:\/\/www.eliassen.nl\/de\/wasserkugel-grunstein-50cm\/#breadcrumb\"},\"inLanguage\":\"de\",\"potentialAction\":[{\"@type\":\"ReadAction\",\"target\":[\"https:\/\/www.eliassen.nl\/de\/wasserkugel-grunstein-50cm\/\"]}]},{\"@type\":\"ImageObject\",\"inLanguage\":\"de\",\"@id\":\"https:\/\/www.eliassen.nl\/de\/wasserkugel-grunstein-50cm\/#primaryimage\",\"url\":\"https:\/\/www.eliassen.nl\/wp-content\/uploads\/2024\/01\/greenstoneball_2nd.jpg\",\"contentUrl\":\"https:\/\/www.eliassen.nl\/wp-content\/uploads\/2024\/01\/greenstoneball_2nd.jpg\",\"width\":1091,\"height\":1063,\"caption\":\"Gr\u00fcnsteinkugel\"},{\"@type\":\"BreadcrumbList\",\"@id\":\"https:\/\/www.eliassen.nl\/de\/wasserkugel-grunstein-50cm\/#breadcrumb\",\"itemListElement\":[{\"@type\":\"ListItem\",\"position\":1,\"name\":\"Home\",\"item\":\"https:\/\/www.eliassen.nl\/de\/\"},{\"@type\":\"ListItem\",\"position\":2,\"name\":\"Shop\",\"item\":\"https:\/\/www.eliassen.nl\/de\/shop\/\"},{\"@type\":\"ListItem\",\"position\":3,\"name\":\"Wasserspiele\",\"item\":\"https:\/\/www.eliassen.nl\/de\/wassereigenschaften\/\"},{\"@type\":\"ListItem\",\"position\":4,\"name\":\"Einzigartige eigene Modelle von losen Wasserspielen\",\"item\":\"https:\/\/www.eliassen.nl\/de\/wassereigenschaften\/einzigartige-eigene-modelle-von-losen-wasserspiele\/\"},{\"@type\":\"ListItem\",\"position\":5,\"name\":\"Wasserglobus Gr\u00fcnstein 50cm\"}]},{\"@type\":\"WebSite\",\"@id\":\"https:\/\/www.eliassen.nl\/de\/#website\",\"url\":\"https:\/\/www.eliassen.nl\/de\/\",\"name\":\"Eliassen Home & Garden Pleasure\",\"description\":\"\",\"publisher\":{\"@id\":\"https:\/\/www.eliassen.nl\/de\/#organization\"},\"alternateName\":\"Eliassen.nl\",\"potentialAction\":[{\"@type\":\"SearchAction\",\"target\":{\"@type\":\"EntryPoint\",\"urlTemplate\":\"https:\/\/www.eliassen.nl\/de\/?s={search_term_string}\"},\"query-input\":{\"@type\":\"PropertyValueSpecification\",\"valueRequired\":true,\"valueName\":\"search_term_string\"}}],\"inLanguage\":\"de\"},{\"@type\":[\"Organization\",\"Place\"],\"@id\":\"https:\/\/www.eliassen.nl\/de\/#organization\",\"name\":\"Eliassen Home & Garden Pleasure\",\"url\":\"https:\/\/www.eliassen.nl\/de\/\",\"logo\":{\"@id\":\"https:\/\/www.eliassen.nl\/de\/wasserkugel-grunstein-50cm\/#local-main-organization-logo\"},\"image\":{\"@id\":\"https:\/\/www.eliassen.nl\/de\/wasserkugel-grunstein-50cm\/#local-main-organization-logo\"},\"sameAs\":[\"https:\/\/www.facebook.com\/TuincentrumEliassenAmmerzoden\",\"https:\/\/www.instagram.com\/eliassenhomeandgarden\/\",\"https:\/\/nl.pinterest.com\/eliassenhomeandgarden\/\",\"https:\/\/www.youtube.com\/@eliassenhomegardenpleasure4558\"],\"telephone\":[],\"openingHoursSpecification\":[{\"@type\":\"OpeningHoursSpecification\",\"dayOfWeek\":[\"Monday\",\"Tuesday\",\"Wednesday\",\"Thursday\",\"Friday\",\"Saturday\",\"Sunday\"],\"opens\":\"09:00\",\"closes\":\"17:00\"}]},{\"@type\":\"ImageObject\",\"inLanguage\":\"de\",\"@id\":\"https:\/\/www.eliassen.nl\/de\/wasserkugel-grunstein-50cm\/#local-main-organization-logo\",\"url\":\"https:\/\/www.eliassen.nl\/wp-content\/uploads\/2024\/01\/logo_4nd.jpg\",\"contentUrl\":\"https:\/\/www.eliassen.nl\/wp-content\/uploads\/2024\/01\/logo_4nd.jpg\",\"width\":500,\"height\":500,\"caption\":\"Eliassen Home & Garden Pleasure\"}]}<\/script>\n<meta property=\"product:price:amount\" content=\"235.00\" \/>\n<meta property=\"product:price:currency\" content=\"EUR\" \/>\n<meta property=\"og:availability\" content=\"instock\" \/>\n<meta property=\"product:availability\" content=\"instock\" \/>\n<meta property=\"product:retailer_item_id\" content=\"Onba50\" \/>\n<meta property=\"product:condition\" content=\"new\" \/>\n<!-- \/ Yoast SEO Premium plugin. -->","yoast_head_json":{"title":"Wasserglobus Gr\u00fcnstein 50cm","description":"Wasserb\u00e4lle; sehen Sie sich alles in unserem Webshop an, oder besuchen Sie unseren Shop live !!!","robots":{"index":"index","follow":"follow","max-snippet":"max-snippet:-1","max-image-preview":"max-image-preview:large","max-video-preview":"max-video-preview:-1"},"canonical":"https:\/\/www.eliassen.nl\/de\/wasserkugel-grunstein-50cm\/","og_locale":"de_DE","og_type":"article","og_title":"Sonstige Wasserglobus Gr\u00fcnstein 50cm - Eliassen.nl","og_description":"Wasserb\u00e4lle; sehen Sie sich alles in unserem Webshop an, oder besuchen Sie unseren Shop live !!!","og_url":"https:\/\/www.eliassen.nl\/de\/wasserkugel-grunstein-50cm\/","og_site_name":"Eliassen.nl","article_publisher":"https:\/\/www.facebook.com\/TuincentrumEliassenAmmerzoden","article_modified_time":"2026-02-21T14:23:32+00:00","og_image":[{"width":1091,"height":1063,"url":"https:\/\/www.eliassen.nl\/wp-content\/uploads\/2024\/01\/greenstoneball_2nd.jpg","type":"image\/jpeg"}],"twitter_card":"summary_large_image","schema":{"@context":"https:\/\/schema.org","@graph":[{"@type":"WebPage","@id":"https:\/\/www.eliassen.nl\/de\/wasserkugel-grunstein-50cm\/","url":"https:\/\/www.eliassen.nl\/de\/wasserkugel-grunstein-50cm\/","name":"Wasserglobus Gr\u00fcnstein 50cm","isPartOf":{"@id":"https:\/\/www.eliassen.nl\/de\/#website"},"primaryImageOfPage":{"@id":"https:\/\/www.eliassen.nl\/de\/wasserkugel-grunstein-50cm\/#primaryimage"},"image":{"@id":"https:\/\/www.eliassen.nl\/de\/wasserkugel-grunstein-50cm\/#primaryimage"},"thumbnailUrl":"https:\/\/www.eliassen.nl\/wp-content\/uploads\/2024\/01\/greenstoneball_2nd.jpg","datePublished":"2022-07-15T09:48:39+00:00","dateModified":"2026-02-21T14:23:32+00:00","description":"Wasserb\u00e4lle; sehen Sie sich alles in unserem Webshop an, oder besuchen Sie unseren Shop live !!!","breadcrumb":{"@id":"https:\/\/www.eliassen.nl\/de\/wasserkugel-grunstein-50cm\/#breadcrumb"},"inLanguage":"de","potentialAction":[{"@type":"ReadAction","target":["https:\/\/www.eliassen.nl\/de\/wasserkugel-grunstein-50cm\/"]}]},{"@type":"ImageObject","inLanguage":"de","@id":"https:\/\/www.eliassen.nl\/de\/wasserkugel-grunstein-50cm\/#primaryimage","url":"https:\/\/www.eliassen.nl\/wp-content\/uploads\/2024\/01\/greenstoneball_2nd.jpg","contentUrl":"https:\/\/www.eliassen.nl\/wp-content\/uploads\/2024\/01\/greenstoneball_2nd.jpg","width":1091,"height":1063,"caption":"Gr\u00fcnsteinkugel"},{"@type":"BreadcrumbList","@id":"https:\/\/www.eliassen.nl\/de\/wasserkugel-grunstein-50cm\/#breadcrumb","itemListElement":[{"@type":"ListItem","position":1,"name":"Home","item":"https:\/\/www.eliassen.nl\/de\/"},{"@type":"ListItem","position":2,"name":"Shop","item":"https:\/\/www.eliassen.nl\/de\/shop\/"},{"@type":"ListItem","position":3,"name":"Wasserspiele","item":"https:\/\/www.eliassen.nl\/de\/wassereigenschaften\/"},{"@type":"ListItem","position":4,"name":"Einzigartige eigene Modelle von losen Wasserspielen","item":"https:\/\/www.eliassen.nl\/de\/wassereigenschaften\/einzigartige-eigene-modelle-von-losen-wasserspiele\/"},{"@type":"ListItem","position":5,"name":"Wasserglobus Gr\u00fcnstein 50cm"}]},{"@type":"WebSite","@id":"https:\/\/www.eliassen.nl\/de\/#website","url":"https:\/\/www.eliassen.nl\/de\/","name":"Eliassen Home & Garden Pleasure","description":"","publisher":{"@id":"https:\/\/www.eliassen.nl\/de\/#organization"},"alternateName":"Eliassen.nl","potentialAction":[{"@type":"SearchAction","target":{"@type":"EntryPoint","urlTemplate":"https:\/\/www.eliassen.nl\/de\/?s={search_term_string}"},"query-input":{"@type":"PropertyValueSpecification","valueRequired":true,"valueName":"search_term_string"}}],"inLanguage":"de"},{"@type":["Organization","Place"],"@id":"https:\/\/www.eliassen.nl\/de\/#organization","name":"Eliassen Home & Garden Pleasure","url":"https:\/\/www.eliassen.nl\/de\/","logo":{"@id":"https:\/\/www.eliassen.nl\/de\/wasserkugel-grunstein-50cm\/#local-main-organization-logo"},"image":{"@id":"https:\/\/www.eliassen.nl\/de\/wasserkugel-grunstein-50cm\/#local-main-organization-logo"},"sameAs":["https:\/\/www.facebook.com\/TuincentrumEliassenAmmerzoden","https:\/\/www.instagram.com\/eliassenhomeandgarden\/","https:\/\/nl.pinterest.com\/eliassenhomeandgarden\/","https:\/\/www.youtube.com\/@eliassenhomegardenpleasure4558"],"telephone":[],"openingHoursSpecification":[{"@type":"OpeningHoursSpecification","dayOfWeek":["Monday","Tuesday","Wednesday","Thursday","Friday","Saturday","Sunday"],"opens":"09:00","closes":"17:00"}]},{"@type":"ImageObject","inLanguage":"de","@id":"https:\/\/www.eliassen.nl\/de\/wasserkugel-grunstein-50cm\/#local-main-organization-logo","url":"https:\/\/www.eliassen.nl\/wp-content\/uploads\/2024\/01\/logo_4nd.jpg","contentUrl":"https:\/\/www.eliassen.nl\/wp-content\/uploads\/2024\/01\/logo_4nd.jpg","width":500,"height":500,"caption":"Eliassen Home & Garden Pleasure"}]},"product_price_amount":"235.00","product_price_currency":"EUR","og_availability":"instock","product_availability":"instock","product_retailer_item_id":"Onba50","product_condition":"new"},"df_price":235,"df_sale_price":"","df_regular_price":235,"df_image_link":"https:\/\/www.eliassen.nl\/wp-content\/uploads\/2024\/01\/greenstoneball_2nd.jpg","image":"https:\/\/www.eliassen.nl\/wp-content\/uploads\/2024\/01\/greenstoneball_2nd.jpg","price_search":"<span class=\"woocommerce-Price-amount amount\"><bdi><span class=\"woocommerce-Price-currencySymbol\">&euro;<\/span>&nbsp;235,00<\/bdi><\/span>","category":"Einzigartige eigene Modelle von losen Wasserspielen","global_unique_id":"6096521976973","_links":{"self":[{"href":"https:\/\/www.eliassen.nl\/de\/wp-json\/wp\/v2\/product\/73324","targetHints":{"allow":["GET"]}}],"collection":[{"href":"https:\/\/www.eliassen.nl\/de\/wp-json\/wp\/v2\/product"}],"about":[{"href":"https:\/\/www.eliassen.nl\/de\/wp-json\/wp\/v2\/types\/product"}],"wp:featuredmedia":[{"embeddable":true,"href":"https:\/\/www.eliassen.nl\/de\/wp-json\/wp\/v2\/media\/73321"}],"wp:attachment":[{"href":"https:\/\/www.eliassen.nl\/de\/wp-json\/wp\/v2\/media?parent=73324"}],"wp:term":[{"taxonomy":"product_brand","embeddable":true,"href":"https:\/\/www.eliassen.nl\/de\/wp-json\/wp\/v2\/product_brand?post=73324"},{"taxonomy":"product_cat","embeddable":true,"href":"https:\/\/www.eliassen.nl\/de\/wp-json\/wp\/v2\/product_cat?post=73324"},{"taxonomy":"product_tag","embeddable":true,"href":"https:\/\/www.eliassen.nl\/de\/wp-json\/wp\/v2\/product_tag?post=73324"}],"curies":[{"name":"wp","href":"https:\/\/api.w.org\/{rel}","templated":true}]}}