{"id":73318,"date":"2022-07-15T09:43:31","date_gmt":"2022-07-15T09:43:31","guid":{"rendered":"https:\/\/www.eliassen.nl\/?product=waterbol-greenstone-40cm"},"modified":"2026-02-21T15:22:44","modified_gmt":"2026-02-21T14:22:44","slug":"wasserkugel-aus-grunstein-40cm","status":"publish","type":"product","link":"https:\/\/www.eliassen.nl\/de\/wasserkugel-aus-grunstein-40cm\/","title":{"rendered":"Wasserglobus Gr\u00fcnstein 40cm"},"content":{"rendered":"<p><strong>Es handelt sich um ein loses Ornament. Erkundigen Sie sich nach den anderen ben\u00f6tigten Teilen.<\/strong><\/p>\n<p>Dieser massive Rohwasser-Globus mit einem Durchmesser von 40 cm aus Gr\u00fcnstein ist eine wahre Zierde in Ihrem Garten oder in Ihrem Gesch\u00e4ft. Das Wasser flie\u00dft auf subtile Weise \u00fcber die Kugel. Sie werden ein leichtes Pl\u00e4tschern des Wassers auf der rauen Oberfl\u00e4che h\u00f6ren.<\/p>\n<p>Greenstone ist ein nicht allzu hartes Lavagestein mit einer por\u00f6sen Oberfl\u00e4che. Auf dieser Oberfl\u00e4che wird irgendwann Moos wachsen. Nach langer Zeit haben Sie sogar die Chance, dass die gesamte Zwiebel mit Moos bedeckt ist und so eine sch\u00f6ne Einheit mit Ihrem \u00fcppigen Garten bildet.<\/p>\n<p>F\u00fcr Beh\u00e4lter, Pumpen, etc. gehen Sie zu &#8222;Ersatzteile f\u00fcr Wasserornamente&#8220;.<\/p>\n<ul>\n<li>Gr\u00f6\u00dfe: ca. 40cm Durchmesser<\/li>\n<li>Massiver Gr\u00fcnstein<\/li>\n<li>Ausgestattet mit Bohrung 40mm<\/li>\n<li>Einzigartiges Design, nur bei uns erh\u00e4ltlich<\/li>\n<li>Gewicht 90kg<\/li>\n<li>Haben Sie Fragen zu diesem Artikel oder ben\u00f6tigen Sie einen Rat, um dieses Modell zu vervollst\u00e4ndigen? Rufen Sie uns an oder schicken Sie uns eine E-Mail.<\/li>\n<\/ul>\n","protected":false},"excerpt":{"rendered":"<p>Es handelt sich um ein loses Ornament. Erkundigen Sie sich nach den anderen ben\u00f6tigten Teilen.<\/p>\n","protected":false},"featured_media":73315,"template":"","meta":{"_acf_changed":false,"_genesis_title":"","_genesis_description":""},"product_brand":[7505],"product_cat":[539,551,569,536],"product_tag":[],"class_list":{"0":"post-73318","1":"product","2":"type-product","3":"status-publish","4":"has-post-thumbnail","6":"product_brand-sonstige","7":"product_cat-einzigartige-eigene-modelle-von-losen-wasserspiele","8":"product_cat-lose-wasserspiele","9":"product_cat-wasserbaelle","10":"product_cat-wassereigenschaften","12":"first","13":"instock","14":"taxable","15":"shipping-taxable","16":"purchasable","17":"product-type-simple"},"acf":[],"meta_all":{"wcml_sync_hash":{"postmeta_fields":"7c7a747133955ffdaa277335ba6c843a"},"attr_label_translations":[],"cor_restricted_countries":[],"total_sales":"2"},"meta_all_flat":{"wcml_sync_hash.postmeta_fields":"7c7a747133955ffdaa277335ba6c843a","total_sales":"2"},"yoast_head":"<!-- This site is optimized with the Yoast SEO Premium plugin v26.2 (Yoast SEO v27.2) - https:\/\/yoast.com\/product\/yoast-seo-premium-wordpress\/ -->\n<title>Wasserglobus Gr\u00fcnstein 40cm<\/title>\n<meta name=\"description\" content=\"Wasserb\u00e4lle, schauen Sie sich alle in unserem Shop an, oder kommen Sie und sehen Sie sie live auf unserer !!!\" \/>\n<meta name=\"robots\" content=\"index, follow, max-snippet:-1, max-image-preview:large, max-video-preview:-1\" \/>\n<link rel=\"canonical\" href=\"https:\/\/www.eliassen.nl\/de\/wasserkugel-aus-grunstein-40cm\/\" \/>\n<meta property=\"og:locale\" content=\"de_DE\" \/>\n<meta property=\"og:type\" content=\"article\" \/>\n<meta property=\"og:title\" content=\"Sonstige Wasserglobus Gr\u00fcnstein 40cm - Eliassen.nl\" \/>\n<meta property=\"og:description\" content=\"Wasserb\u00e4lle, schauen Sie sich alle in unserem Shop an, oder kommen Sie und sehen Sie sie live auf unserer !!!\" \/>\n<meta property=\"og:url\" content=\"https:\/\/www.eliassen.nl\/de\/wasserkugel-aus-grunstein-40cm\/\" \/>\n<meta property=\"og:site_name\" content=\"Eliassen.nl\" \/>\n<meta property=\"article:publisher\" content=\"https:\/\/www.facebook.com\/TuincentrumEliassenAmmerzoden\" \/>\n<meta property=\"article:modified_time\" content=\"2026-02-21T14:22:44+00:00\" \/>\n<meta property=\"og:image\" content=\"https:\/\/www.eliassen.nl\/wp-content\/uploads\/2024\/01\/greenstoneball.jpg\" \/>\n\t<meta property=\"og:image:width\" content=\"1091\" \/>\n\t<meta property=\"og:image:height\" content=\"1063\" \/>\n\t<meta property=\"og:image:type\" content=\"image\/jpeg\" \/>\n<meta name=\"twitter:card\" content=\"summary_large_image\" \/>\n<script type=\"application\/ld+json\" class=\"yoast-schema-graph\">{\"@context\":\"https:\/\/schema.org\",\"@graph\":[{\"@type\":\"WebPage\",\"@id\":\"https:\/\/www.eliassen.nl\/de\/wasserkugel-aus-grunstein-40cm\/\",\"url\":\"https:\/\/www.eliassen.nl\/de\/wasserkugel-aus-grunstein-40cm\/\",\"name\":\"Wasserglobus Gr\u00fcnstein 40cm\",\"isPartOf\":{\"@id\":\"https:\/\/www.eliassen.nl\/de\/#website\"},\"primaryImageOfPage\":{\"@id\":\"https:\/\/www.eliassen.nl\/de\/wasserkugel-aus-grunstein-40cm\/#primaryimage\"},\"image\":{\"@id\":\"https:\/\/www.eliassen.nl\/de\/wasserkugel-aus-grunstein-40cm\/#primaryimage\"},\"thumbnailUrl\":\"https:\/\/www.eliassen.nl\/wp-content\/uploads\/2024\/01\/greenstoneball.jpg\",\"datePublished\":\"2022-07-15T09:43:31+00:00\",\"dateModified\":\"2026-02-21T14:22:44+00:00\",\"description\":\"Wasserb\u00e4lle, schauen Sie sich alle in unserem Shop an, oder kommen Sie und sehen Sie sie live auf unserer !!!\",\"breadcrumb\":{\"@id\":\"https:\/\/www.eliassen.nl\/de\/wasserkugel-aus-grunstein-40cm\/#breadcrumb\"},\"inLanguage\":\"de\",\"potentialAction\":[{\"@type\":\"ReadAction\",\"target\":[\"https:\/\/www.eliassen.nl\/de\/wasserkugel-aus-grunstein-40cm\/\"]}]},{\"@type\":\"ImageObject\",\"inLanguage\":\"de\",\"@id\":\"https:\/\/www.eliassen.nl\/de\/wasserkugel-aus-grunstein-40cm\/#primaryimage\",\"url\":\"https:\/\/www.eliassen.nl\/wp-content\/uploads\/2024\/01\/greenstoneball.jpg\",\"contentUrl\":\"https:\/\/www.eliassen.nl\/wp-content\/uploads\/2024\/01\/greenstoneball.jpg\",\"width\":1091,\"height\":1063,\"caption\":\"Gr\u00fcnsteinkugel\"},{\"@type\":\"BreadcrumbList\",\"@id\":\"https:\/\/www.eliassen.nl\/de\/wasserkugel-aus-grunstein-40cm\/#breadcrumb\",\"itemListElement\":[{\"@type\":\"ListItem\",\"position\":1,\"name\":\"Home\",\"item\":\"https:\/\/www.eliassen.nl\/de\/\"},{\"@type\":\"ListItem\",\"position\":2,\"name\":\"Shop\",\"item\":\"https:\/\/www.eliassen.nl\/de\/shop\/\"},{\"@type\":\"ListItem\",\"position\":3,\"name\":\"Wasserspiele\",\"item\":\"https:\/\/www.eliassen.nl\/de\/wassereigenschaften\/\"},{\"@type\":\"ListItem\",\"position\":4,\"name\":\"Einzigartige eigene Modelle von losen Wasserspielen\",\"item\":\"https:\/\/www.eliassen.nl\/de\/wassereigenschaften\/einzigartige-eigene-modelle-von-losen-wasserspiele\/\"},{\"@type\":\"ListItem\",\"position\":5,\"name\":\"Wasserglobus Gr\u00fcnstein 40cm\"}]},{\"@type\":\"WebSite\",\"@id\":\"https:\/\/www.eliassen.nl\/de\/#website\",\"url\":\"https:\/\/www.eliassen.nl\/de\/\",\"name\":\"Eliassen Home & Garden Pleasure\",\"description\":\"\",\"publisher\":{\"@id\":\"https:\/\/www.eliassen.nl\/de\/#organization\"},\"alternateName\":\"Eliassen.nl\",\"potentialAction\":[{\"@type\":\"SearchAction\",\"target\":{\"@type\":\"EntryPoint\",\"urlTemplate\":\"https:\/\/www.eliassen.nl\/de\/?s={search_term_string}\"},\"query-input\":{\"@type\":\"PropertyValueSpecification\",\"valueRequired\":true,\"valueName\":\"search_term_string\"}}],\"inLanguage\":\"de\"},{\"@type\":[\"Organization\",\"Place\"],\"@id\":\"https:\/\/www.eliassen.nl\/de\/#organization\",\"name\":\"Eliassen Home & Garden Pleasure\",\"url\":\"https:\/\/www.eliassen.nl\/de\/\",\"logo\":{\"@id\":\"https:\/\/www.eliassen.nl\/de\/wasserkugel-aus-grunstein-40cm\/#local-main-organization-logo\"},\"image\":{\"@id\":\"https:\/\/www.eliassen.nl\/de\/wasserkugel-aus-grunstein-40cm\/#local-main-organization-logo\"},\"sameAs\":[\"https:\/\/www.facebook.com\/TuincentrumEliassenAmmerzoden\",\"https:\/\/www.instagram.com\/eliassenhomeandgarden\/\",\"https:\/\/nl.pinterest.com\/eliassenhomeandgarden\/\",\"https:\/\/www.youtube.com\/@eliassenhomegardenpleasure4558\"],\"telephone\":[],\"openingHoursSpecification\":[{\"@type\":\"OpeningHoursSpecification\",\"dayOfWeek\":[\"Monday\",\"Tuesday\",\"Wednesday\",\"Thursday\",\"Friday\",\"Saturday\",\"Sunday\"],\"opens\":\"09:00\",\"closes\":\"17:00\"}]},{\"@type\":\"ImageObject\",\"inLanguage\":\"de\",\"@id\":\"https:\/\/www.eliassen.nl\/de\/wasserkugel-aus-grunstein-40cm\/#local-main-organization-logo\",\"url\":\"https:\/\/www.eliassen.nl\/wp-content\/uploads\/2024\/01\/logo_4nd.jpg\",\"contentUrl\":\"https:\/\/www.eliassen.nl\/wp-content\/uploads\/2024\/01\/logo_4nd.jpg\",\"width\":500,\"height\":500,\"caption\":\"Eliassen Home & Garden Pleasure\"}]}<\/script>\n<meta property=\"product:price:amount\" content=\"135.00\" \/>\n<meta property=\"product:price:currency\" content=\"EUR\" \/>\n<meta property=\"og:availability\" content=\"instock\" \/>\n<meta property=\"product:availability\" content=\"instock\" \/>\n<meta property=\"product:retailer_item_id\" content=\"Onba40\" \/>\n<meta property=\"product:condition\" content=\"new\" \/>\n<!-- \/ Yoast SEO Premium plugin. -->","yoast_head_json":{"title":"Wasserglobus Gr\u00fcnstein 40cm","description":"Wasserb\u00e4lle, schauen Sie sich alle in unserem Shop an, oder kommen Sie und sehen Sie sie live auf unserer !!!","robots":{"index":"index","follow":"follow","max-snippet":"max-snippet:-1","max-image-preview":"max-image-preview:large","max-video-preview":"max-video-preview:-1"},"canonical":"https:\/\/www.eliassen.nl\/de\/wasserkugel-aus-grunstein-40cm\/","og_locale":"de_DE","og_type":"article","og_title":"Sonstige Wasserglobus Gr\u00fcnstein 40cm - Eliassen.nl","og_description":"Wasserb\u00e4lle, schauen Sie sich alle in unserem Shop an, oder kommen Sie und sehen Sie sie live auf unserer !!!","og_url":"https:\/\/www.eliassen.nl\/de\/wasserkugel-aus-grunstein-40cm\/","og_site_name":"Eliassen.nl","article_publisher":"https:\/\/www.facebook.com\/TuincentrumEliassenAmmerzoden","article_modified_time":"2026-02-21T14:22:44+00:00","og_image":[{"width":1091,"height":1063,"url":"https:\/\/www.eliassen.nl\/wp-content\/uploads\/2024\/01\/greenstoneball.jpg","type":"image\/jpeg"}],"twitter_card":"summary_large_image","schema":{"@context":"https:\/\/schema.org","@graph":[{"@type":"WebPage","@id":"https:\/\/www.eliassen.nl\/de\/wasserkugel-aus-grunstein-40cm\/","url":"https:\/\/www.eliassen.nl\/de\/wasserkugel-aus-grunstein-40cm\/","name":"Wasserglobus Gr\u00fcnstein 40cm","isPartOf":{"@id":"https:\/\/www.eliassen.nl\/de\/#website"},"primaryImageOfPage":{"@id":"https:\/\/www.eliassen.nl\/de\/wasserkugel-aus-grunstein-40cm\/#primaryimage"},"image":{"@id":"https:\/\/www.eliassen.nl\/de\/wasserkugel-aus-grunstein-40cm\/#primaryimage"},"thumbnailUrl":"https:\/\/www.eliassen.nl\/wp-content\/uploads\/2024\/01\/greenstoneball.jpg","datePublished":"2022-07-15T09:43:31+00:00","dateModified":"2026-02-21T14:22:44+00:00","description":"Wasserb\u00e4lle, schauen Sie sich alle in unserem Shop an, oder kommen Sie und sehen Sie sie live auf unserer !!!","breadcrumb":{"@id":"https:\/\/www.eliassen.nl\/de\/wasserkugel-aus-grunstein-40cm\/#breadcrumb"},"inLanguage":"de","potentialAction":[{"@type":"ReadAction","target":["https:\/\/www.eliassen.nl\/de\/wasserkugel-aus-grunstein-40cm\/"]}]},{"@type":"ImageObject","inLanguage":"de","@id":"https:\/\/www.eliassen.nl\/de\/wasserkugel-aus-grunstein-40cm\/#primaryimage","url":"https:\/\/www.eliassen.nl\/wp-content\/uploads\/2024\/01\/greenstoneball.jpg","contentUrl":"https:\/\/www.eliassen.nl\/wp-content\/uploads\/2024\/01\/greenstoneball.jpg","width":1091,"height":1063,"caption":"Gr\u00fcnsteinkugel"},{"@type":"BreadcrumbList","@id":"https:\/\/www.eliassen.nl\/de\/wasserkugel-aus-grunstein-40cm\/#breadcrumb","itemListElement":[{"@type":"ListItem","position":1,"name":"Home","item":"https:\/\/www.eliassen.nl\/de\/"},{"@type":"ListItem","position":2,"name":"Shop","item":"https:\/\/www.eliassen.nl\/de\/shop\/"},{"@type":"ListItem","position":3,"name":"Wasserspiele","item":"https:\/\/www.eliassen.nl\/de\/wassereigenschaften\/"},{"@type":"ListItem","position":4,"name":"Einzigartige eigene Modelle von losen Wasserspielen","item":"https:\/\/www.eliassen.nl\/de\/wassereigenschaften\/einzigartige-eigene-modelle-von-losen-wasserspiele\/"},{"@type":"ListItem","position":5,"name":"Wasserglobus Gr\u00fcnstein 40cm"}]},{"@type":"WebSite","@id":"https:\/\/www.eliassen.nl\/de\/#website","url":"https:\/\/www.eliassen.nl\/de\/","name":"Eliassen Home & Garden Pleasure","description":"","publisher":{"@id":"https:\/\/www.eliassen.nl\/de\/#organization"},"alternateName":"Eliassen.nl","potentialAction":[{"@type":"SearchAction","target":{"@type":"EntryPoint","urlTemplate":"https:\/\/www.eliassen.nl\/de\/?s={search_term_string}"},"query-input":{"@type":"PropertyValueSpecification","valueRequired":true,"valueName":"search_term_string"}}],"inLanguage":"de"},{"@type":["Organization","Place"],"@id":"https:\/\/www.eliassen.nl\/de\/#organization","name":"Eliassen Home & Garden Pleasure","url":"https:\/\/www.eliassen.nl\/de\/","logo":{"@id":"https:\/\/www.eliassen.nl\/de\/wasserkugel-aus-grunstein-40cm\/#local-main-organization-logo"},"image":{"@id":"https:\/\/www.eliassen.nl\/de\/wasserkugel-aus-grunstein-40cm\/#local-main-organization-logo"},"sameAs":["https:\/\/www.facebook.com\/TuincentrumEliassenAmmerzoden","https:\/\/www.instagram.com\/eliassenhomeandgarden\/","https:\/\/nl.pinterest.com\/eliassenhomeandgarden\/","https:\/\/www.youtube.com\/@eliassenhomegardenpleasure4558"],"telephone":[],"openingHoursSpecification":[{"@type":"OpeningHoursSpecification","dayOfWeek":["Monday","Tuesday","Wednesday","Thursday","Friday","Saturday","Sunday"],"opens":"09:00","closes":"17:00"}]},{"@type":"ImageObject","inLanguage":"de","@id":"https:\/\/www.eliassen.nl\/de\/wasserkugel-aus-grunstein-40cm\/#local-main-organization-logo","url":"https:\/\/www.eliassen.nl\/wp-content\/uploads\/2024\/01\/logo_4nd.jpg","contentUrl":"https:\/\/www.eliassen.nl\/wp-content\/uploads\/2024\/01\/logo_4nd.jpg","width":500,"height":500,"caption":"Eliassen Home & Garden Pleasure"}]},"product_price_amount":"135.00","product_price_currency":"EUR","og_availability":"instock","product_availability":"instock","product_retailer_item_id":"Onba40","product_condition":"new"},"df_price":135,"df_sale_price":"","df_regular_price":135,"df_image_link":"https:\/\/www.eliassen.nl\/wp-content\/uploads\/2024\/01\/greenstoneball.jpg","image":"https:\/\/www.eliassen.nl\/wp-content\/uploads\/2024\/01\/greenstoneball.jpg","price_search":"<span class=\"woocommerce-Price-amount amount\"><bdi><span class=\"woocommerce-Price-currencySymbol\">&euro;<\/span>&nbsp;135,00<\/bdi><\/span>","category":"Einzigartige eigene Modelle von losen Wasserspielen","global_unique_id":"6096526820899","_links":{"self":[{"href":"https:\/\/www.eliassen.nl\/de\/wp-json\/wp\/v2\/product\/73318","targetHints":{"allow":["GET"]}}],"collection":[{"href":"https:\/\/www.eliassen.nl\/de\/wp-json\/wp\/v2\/product"}],"about":[{"href":"https:\/\/www.eliassen.nl\/de\/wp-json\/wp\/v2\/types\/product"}],"wp:featuredmedia":[{"embeddable":true,"href":"https:\/\/www.eliassen.nl\/de\/wp-json\/wp\/v2\/media\/73315"}],"wp:attachment":[{"href":"https:\/\/www.eliassen.nl\/de\/wp-json\/wp\/v2\/media?parent=73318"}],"wp:term":[{"taxonomy":"product_brand","embeddable":true,"href":"https:\/\/www.eliassen.nl\/de\/wp-json\/wp\/v2\/product_brand?post=73318"},{"taxonomy":"product_cat","embeddable":true,"href":"https:\/\/www.eliassen.nl\/de\/wp-json\/wp\/v2\/product_cat?post=73318"},{"taxonomy":"product_tag","embeddable":true,"href":"https:\/\/www.eliassen.nl\/de\/wp-json\/wp\/v2\/product_tag?post=73318"}],"curies":[{"name":"wp","href":"https:\/\/api.w.org\/{rel}","templated":true}]}}