{"id":73207,"date":"2022-07-05T12:13:19","date_gmt":"2022-07-05T12:13:19","guid":{"rendered":"https:\/\/www.eliassen.nl\/?product=terrasfontein-graniet-trea-85cm"},"modified":"2026-01-16T14:12:30","modified_gmt":"2026-01-16T13:12:30","slug":"terrassenbrunnen-granit-trea-85cm","status":"publish","type":"product","link":"https:\/\/www.eliassen.nl\/de\/terrassenbrunnen-granit-trea-85cm\/","title":{"rendered":"Terrassenbrunnen Granit Trea 85cm"},"content":{"rendered":"<p><video controls=\"controls\" width=\"500\" height=\"250\"><source src=\"https:\/\/cdn.webshopapp.com\/shops\/289658\/files\/444302002\/terrasfontein-graniet-trea-85cm-eliassennl.mp4\" type=\"video\/mp4\"><\/source><\/video><\/p>\n<p>Ein wundersch\u00f6ner, eleganter Springbrunnen f\u00fcr Ihren Garten oder Ihre Terrasse, selbst entwickelt und nirgendwo anders erh\u00e4ltlich.<\/p>\n<p>Das Wasser flie\u00dft oben aus dem Quadrat heraus, was einen sehr sch\u00f6nen spielerischen Effekt ergibt. Dieses Modell zeigt den Wasserlauf auf vier Seiten mit Hilfe von LED-Streifen auf der Unterseite an. F\u00fcr dieses Modell ist kein Ausgraben erforderlich, da sich die Wasserversorgung in der S\u00e4ule befindet. Wird komplett mit Pumpe, Schlauch, LEDs und Bedienungsanleitung geliefert. F\u00fcr den vollst\u00e4ndigen Betrieb ben\u00f6tigen Sie 2 Steckdosen.<\/p>\n<p>Sind Sie auf der Suche nach einem Brunnen f\u00fcr Ihren Garten? Dieser Terrassenbrunnen aus Granit mit dem Namen Trea bietet Ihnen den sch\u00f6nen Look in einem Komplettpaket. Wasserornamente gibt es in verschiedenen Formen und Gr\u00f6\u00dfen. Bei diesem Modell handelt es sich um einen Terrassenbrunnen, so dass Sie nicht in Ihrem Garten graben m\u00fcssen.<\/p>\n<ul>\n<li>Gr\u00f6\u00dfe 39x39x85cm hoch<\/li>\n<li>Material: Granit poliert schwarz<\/li>\n<li>Inklusive Pumpe, Schlauch, LEDs und Gebrauchsanweisung.<\/li>\n<li>Kabell\u00e4nge Pumpe 10 mtr, LEDs 7,5 mtr<\/li>\n<li>Mit Ablassschraube<\/li>\n<li>Garantie 1 Jahr (Trockenlaufsch\u00e4den der Pumpe und Frostsch\u00e4den ausgeschlossen)<\/li>\n<li>In Holzkiste verpackt<\/li>\n<li>Schnelle Lieferung<\/li>\n<li>Nirgendwo sonst zu verkaufen<\/li>\n<\/ul>\n","protected":false},"excerpt":{"rendered":"<p>Ein wundersch\u00f6ner, eleganter Springbrunnen f\u00fcr Ihren Garten oder Ihre Terrasse, selbst entwickelt und nirgendwo anders erh\u00e4ltlich. Das Wasser flie\u00dft oben aus dem Quadrat heraus, was einen sehr sch\u00f6nen spielerischen Effekt ergibt. Dieses Modell zeigt den Wasserlauf auf vier Seiten mit Hilfe von LED-Streifen auf der Unterseite an. F\u00fcr dieses Modell ist kein Ausgraben erforderlich, da &hellip;<\/p>\n","protected":false},"featured_media":73198,"template":"","meta":{"_acf_changed":false,"_genesis_title":"","_genesis_description":""},"product_brand":[7505],"product_cat":[548,536],"product_tag":[],"class_list":{"0":"post-73207","1":"product","2":"type-product","3":"status-publish","4":"has-post-thumbnail","6":"product_brand-sonstige","7":"product_cat-terrassenbrunnen","8":"product_cat-wassereigenschaften","10":"first","11":"instock","12":"sale","13":"taxable","14":"shipping-taxable","15":"purchasable","16":"product-type-simple"},"acf":[],"meta_all":{"total_sales":"0","wcml_sync_hash":{"postmeta_fields":"f964c001dcd7f2ea392401a716737e8e"},"attr_label_translations":[],"cor_restricted_countries":[]},"meta_all_flat":{"total_sales":"0","wcml_sync_hash.postmeta_fields":"f964c001dcd7f2ea392401a716737e8e"},"yoast_head":"<!-- This site is optimized with the Yoast SEO Premium plugin v26.2 (Yoast SEO v27.2) - https:\/\/yoast.com\/product\/yoast-seo-premium-wordpress\/ -->\n<title>Terrassenbrunnen | Granit poliert schwarz | Trea | 85cm<\/title>\n<meta name=\"description\" content=\"Ein eleganter Terrassenbrunnen, der nirgendwo sonst erh\u00e4ltlich ist! Wird mit Schlauch, LEDs und Pumpe geliefert. Garantie: 1 Jahr. LIVE in unserem Shop ansehen!\" \/>\n<meta name=\"robots\" content=\"index, follow, max-snippet:-1, max-image-preview:large, max-video-preview:-1\" \/>\n<link rel=\"canonical\" href=\"https:\/\/www.eliassen.nl\/de\/terrassenbrunnen-granit-trea-85cm\/\" \/>\n<meta property=\"og:locale\" content=\"de_DE\" \/>\n<meta property=\"og:type\" content=\"article\" \/>\n<meta property=\"og:title\" content=\"Sonstige Terrassenbrunnen Granit Trea 85cm - Eliassen.nl\" \/>\n<meta property=\"og:description\" content=\"Ein eleganter Terrassenbrunnen, der nirgendwo sonst erh\u00e4ltlich ist! Wird mit Schlauch, LEDs und Pumpe geliefert. Garantie: 1 Jahr. LIVE in unserem Shop ansehen!\" \/>\n<meta property=\"og:url\" content=\"https:\/\/www.eliassen.nl\/de\/terrassenbrunnen-granit-trea-85cm\/\" \/>\n<meta property=\"og:site_name\" content=\"Eliassen.nl\" \/>\n<meta property=\"article:publisher\" content=\"https:\/\/www.facebook.com\/TuincentrumEliassenAmmerzoden\" \/>\n<meta property=\"article:modified_time\" content=\"2026-01-16T13:12:30+00:00\" \/>\n<meta property=\"og:image\" content=\"https:\/\/www.eliassen.nl\/wp-content\/uploads\/2024\/01\/productionphoto1.jpg\" \/>\n\t<meta property=\"og:image:width\" content=\"1470\" \/>\n\t<meta property=\"og:image:height\" content=\"1960\" \/>\n\t<meta property=\"og:image:type\" content=\"image\/jpeg\" \/>\n<meta name=\"twitter:card\" content=\"summary_large_image\" \/>\n<script type=\"application\/ld+json\" class=\"yoast-schema-graph\">{\"@context\":\"https:\/\/schema.org\",\"@graph\":[{\"@type\":\"WebPage\",\"@id\":\"https:\/\/www.eliassen.nl\/de\/terrassenbrunnen-granit-trea-85cm\/\",\"url\":\"https:\/\/www.eliassen.nl\/de\/terrassenbrunnen-granit-trea-85cm\/\",\"name\":\"Terrassenbrunnen | Granit poliert schwarz | Trea | 85cm\",\"isPartOf\":{\"@id\":\"https:\/\/www.eliassen.nl\/de\/#website\"},\"primaryImageOfPage\":{\"@id\":\"https:\/\/www.eliassen.nl\/de\/terrassenbrunnen-granit-trea-85cm\/#primaryimage\"},\"image\":{\"@id\":\"https:\/\/www.eliassen.nl\/de\/terrassenbrunnen-granit-trea-85cm\/#primaryimage\"},\"thumbnailUrl\":\"https:\/\/www.eliassen.nl\/wp-content\/uploads\/2024\/01\/productionphoto1.jpg\",\"datePublished\":\"2022-07-05T12:13:19+00:00\",\"dateModified\":\"2026-01-16T13:12:30+00:00\",\"description\":\"Ein eleganter Terrassenbrunnen, der nirgendwo sonst erh\u00e4ltlich ist! Wird mit Schlauch, LEDs und Pumpe geliefert. Garantie: 1 Jahr. LIVE in unserem Shop ansehen!\",\"breadcrumb\":{\"@id\":\"https:\/\/www.eliassen.nl\/de\/terrassenbrunnen-granit-trea-85cm\/#breadcrumb\"},\"inLanguage\":\"de\",\"potentialAction\":[{\"@type\":\"ReadAction\",\"target\":[\"https:\/\/www.eliassen.nl\/de\/terrassenbrunnen-granit-trea-85cm\/\"]}]},{\"@type\":\"ImageObject\",\"inLanguage\":\"de\",\"@id\":\"https:\/\/www.eliassen.nl\/de\/terrassenbrunnen-granit-trea-85cm\/#primaryimage\",\"url\":\"https:\/\/www.eliassen.nl\/wp-content\/uploads\/2024\/01\/productionphoto1.jpg\",\"contentUrl\":\"https:\/\/www.eliassen.nl\/wp-content\/uploads\/2024\/01\/productionphoto1.jpg\",\"width\":1470,\"height\":1960,\"caption\":\"Produktionsfoto (1)\"},{\"@type\":\"BreadcrumbList\",\"@id\":\"https:\/\/www.eliassen.nl\/de\/terrassenbrunnen-granit-trea-85cm\/#breadcrumb\",\"itemListElement\":[{\"@type\":\"ListItem\",\"position\":1,\"name\":\"Home\",\"item\":\"https:\/\/www.eliassen.nl\/de\/\"},{\"@type\":\"ListItem\",\"position\":2,\"name\":\"Shop\",\"item\":\"https:\/\/www.eliassen.nl\/de\/shop\/\"},{\"@type\":\"ListItem\",\"position\":3,\"name\":\"Wasserspiele\",\"item\":\"https:\/\/www.eliassen.nl\/de\/wassereigenschaften\/\"},{\"@type\":\"ListItem\",\"position\":4,\"name\":\"Terrassenbrunnen\",\"item\":\"https:\/\/www.eliassen.nl\/de\/wassereigenschaften\/terrassenbrunnen\/\"},{\"@type\":\"ListItem\",\"position\":5,\"name\":\"Terrassenbrunnen Granit Trea 85cm\"}]},{\"@type\":\"WebSite\",\"@id\":\"https:\/\/www.eliassen.nl\/de\/#website\",\"url\":\"https:\/\/www.eliassen.nl\/de\/\",\"name\":\"Eliassen Home & Garden Pleasure\",\"description\":\"\",\"publisher\":{\"@id\":\"https:\/\/www.eliassen.nl\/de\/#organization\"},\"alternateName\":\"Eliassen.nl\",\"potentialAction\":[{\"@type\":\"SearchAction\",\"target\":{\"@type\":\"EntryPoint\",\"urlTemplate\":\"https:\/\/www.eliassen.nl\/de\/?s={search_term_string}\"},\"query-input\":{\"@type\":\"PropertyValueSpecification\",\"valueRequired\":true,\"valueName\":\"search_term_string\"}}],\"inLanguage\":\"de\"},{\"@type\":[\"Organization\",\"Place\"],\"@id\":\"https:\/\/www.eliassen.nl\/de\/#organization\",\"name\":\"Eliassen Home & Garden Pleasure\",\"url\":\"https:\/\/www.eliassen.nl\/de\/\",\"logo\":{\"@id\":\"https:\/\/www.eliassen.nl\/de\/terrassenbrunnen-granit-trea-85cm\/#local-main-organization-logo\"},\"image\":{\"@id\":\"https:\/\/www.eliassen.nl\/de\/terrassenbrunnen-granit-trea-85cm\/#local-main-organization-logo\"},\"sameAs\":[\"https:\/\/www.facebook.com\/TuincentrumEliassenAmmerzoden\",\"https:\/\/www.instagram.com\/eliassenhomeandgarden\/\",\"https:\/\/nl.pinterest.com\/eliassenhomeandgarden\/\",\"https:\/\/www.youtube.com\/@eliassenhomegardenpleasure4558\"],\"telephone\":[],\"openingHoursSpecification\":[{\"@type\":\"OpeningHoursSpecification\",\"dayOfWeek\":[\"Monday\",\"Tuesday\",\"Wednesday\",\"Thursday\",\"Friday\",\"Saturday\",\"Sunday\"],\"opens\":\"09:00\",\"closes\":\"17:00\"}]},{\"@type\":\"ImageObject\",\"inLanguage\":\"de\",\"@id\":\"https:\/\/www.eliassen.nl\/de\/terrassenbrunnen-granit-trea-85cm\/#local-main-organization-logo\",\"url\":\"https:\/\/www.eliassen.nl\/wp-content\/uploads\/2024\/01\/logo_4nd.jpg\",\"contentUrl\":\"https:\/\/www.eliassen.nl\/wp-content\/uploads\/2024\/01\/logo_4nd.jpg\",\"width\":500,\"height\":500,\"caption\":\"Eliassen Home & Garden Pleasure\"}]}<\/script>\n<meta property=\"product:price:amount\" content=\"595.00\" \/>\n<meta property=\"product:price:currency\" content=\"EUR\" \/>\n<meta property=\"og:availability\" content=\"instock\" \/>\n<meta property=\"product:availability\" content=\"instock\" \/>\n<meta property=\"product:retailer_item_id\" content=\"Trea85\" \/>\n<meta property=\"product:condition\" content=\"new\" \/>\n<!-- \/ Yoast SEO Premium plugin. -->","yoast_head_json":{"title":"Terrassenbrunnen | Granit poliert schwarz | Trea | 85cm","description":"Ein eleganter Terrassenbrunnen, der nirgendwo sonst erh\u00e4ltlich ist! Wird mit Schlauch, LEDs und Pumpe geliefert. Garantie: 1 Jahr. LIVE in unserem Shop ansehen!","robots":{"index":"index","follow":"follow","max-snippet":"max-snippet:-1","max-image-preview":"max-image-preview:large","max-video-preview":"max-video-preview:-1"},"canonical":"https:\/\/www.eliassen.nl\/de\/terrassenbrunnen-granit-trea-85cm\/","og_locale":"de_DE","og_type":"article","og_title":"Sonstige Terrassenbrunnen Granit Trea 85cm - Eliassen.nl","og_description":"Ein eleganter Terrassenbrunnen, der nirgendwo sonst erh\u00e4ltlich ist! Wird mit Schlauch, LEDs und Pumpe geliefert. Garantie: 1 Jahr. LIVE in unserem Shop ansehen!","og_url":"https:\/\/www.eliassen.nl\/de\/terrassenbrunnen-granit-trea-85cm\/","og_site_name":"Eliassen.nl","article_publisher":"https:\/\/www.facebook.com\/TuincentrumEliassenAmmerzoden","article_modified_time":"2026-01-16T13:12:30+00:00","og_image":[{"width":1470,"height":1960,"url":"https:\/\/www.eliassen.nl\/wp-content\/uploads\/2024\/01\/productionphoto1.jpg","type":"image\/jpeg"}],"twitter_card":"summary_large_image","schema":{"@context":"https:\/\/schema.org","@graph":[{"@type":"WebPage","@id":"https:\/\/www.eliassen.nl\/de\/terrassenbrunnen-granit-trea-85cm\/","url":"https:\/\/www.eliassen.nl\/de\/terrassenbrunnen-granit-trea-85cm\/","name":"Terrassenbrunnen | Granit poliert schwarz | Trea | 85cm","isPartOf":{"@id":"https:\/\/www.eliassen.nl\/de\/#website"},"primaryImageOfPage":{"@id":"https:\/\/www.eliassen.nl\/de\/terrassenbrunnen-granit-trea-85cm\/#primaryimage"},"image":{"@id":"https:\/\/www.eliassen.nl\/de\/terrassenbrunnen-granit-trea-85cm\/#primaryimage"},"thumbnailUrl":"https:\/\/www.eliassen.nl\/wp-content\/uploads\/2024\/01\/productionphoto1.jpg","datePublished":"2022-07-05T12:13:19+00:00","dateModified":"2026-01-16T13:12:30+00:00","description":"Ein eleganter Terrassenbrunnen, der nirgendwo sonst erh\u00e4ltlich ist! Wird mit Schlauch, LEDs und Pumpe geliefert. Garantie: 1 Jahr. LIVE in unserem Shop ansehen!","breadcrumb":{"@id":"https:\/\/www.eliassen.nl\/de\/terrassenbrunnen-granit-trea-85cm\/#breadcrumb"},"inLanguage":"de","potentialAction":[{"@type":"ReadAction","target":["https:\/\/www.eliassen.nl\/de\/terrassenbrunnen-granit-trea-85cm\/"]}]},{"@type":"ImageObject","inLanguage":"de","@id":"https:\/\/www.eliassen.nl\/de\/terrassenbrunnen-granit-trea-85cm\/#primaryimage","url":"https:\/\/www.eliassen.nl\/wp-content\/uploads\/2024\/01\/productionphoto1.jpg","contentUrl":"https:\/\/www.eliassen.nl\/wp-content\/uploads\/2024\/01\/productionphoto1.jpg","width":1470,"height":1960,"caption":"Produktionsfoto (1)"},{"@type":"BreadcrumbList","@id":"https:\/\/www.eliassen.nl\/de\/terrassenbrunnen-granit-trea-85cm\/#breadcrumb","itemListElement":[{"@type":"ListItem","position":1,"name":"Home","item":"https:\/\/www.eliassen.nl\/de\/"},{"@type":"ListItem","position":2,"name":"Shop","item":"https:\/\/www.eliassen.nl\/de\/shop\/"},{"@type":"ListItem","position":3,"name":"Wasserspiele","item":"https:\/\/www.eliassen.nl\/de\/wassereigenschaften\/"},{"@type":"ListItem","position":4,"name":"Terrassenbrunnen","item":"https:\/\/www.eliassen.nl\/de\/wassereigenschaften\/terrassenbrunnen\/"},{"@type":"ListItem","position":5,"name":"Terrassenbrunnen Granit Trea 85cm"}]},{"@type":"WebSite","@id":"https:\/\/www.eliassen.nl\/de\/#website","url":"https:\/\/www.eliassen.nl\/de\/","name":"Eliassen Home & Garden Pleasure","description":"","publisher":{"@id":"https:\/\/www.eliassen.nl\/de\/#organization"},"alternateName":"Eliassen.nl","potentialAction":[{"@type":"SearchAction","target":{"@type":"EntryPoint","urlTemplate":"https:\/\/www.eliassen.nl\/de\/?s={search_term_string}"},"query-input":{"@type":"PropertyValueSpecification","valueRequired":true,"valueName":"search_term_string"}}],"inLanguage":"de"},{"@type":["Organization","Place"],"@id":"https:\/\/www.eliassen.nl\/de\/#organization","name":"Eliassen Home & Garden Pleasure","url":"https:\/\/www.eliassen.nl\/de\/","logo":{"@id":"https:\/\/www.eliassen.nl\/de\/terrassenbrunnen-granit-trea-85cm\/#local-main-organization-logo"},"image":{"@id":"https:\/\/www.eliassen.nl\/de\/terrassenbrunnen-granit-trea-85cm\/#local-main-organization-logo"},"sameAs":["https:\/\/www.facebook.com\/TuincentrumEliassenAmmerzoden","https:\/\/www.instagram.com\/eliassenhomeandgarden\/","https:\/\/nl.pinterest.com\/eliassenhomeandgarden\/","https:\/\/www.youtube.com\/@eliassenhomegardenpleasure4558"],"telephone":[],"openingHoursSpecification":[{"@type":"OpeningHoursSpecification","dayOfWeek":["Monday","Tuesday","Wednesday","Thursday","Friday","Saturday","Sunday"],"opens":"09:00","closes":"17:00"}]},{"@type":"ImageObject","inLanguage":"de","@id":"https:\/\/www.eliassen.nl\/de\/terrassenbrunnen-granit-trea-85cm\/#local-main-organization-logo","url":"https:\/\/www.eliassen.nl\/wp-content\/uploads\/2024\/01\/logo_4nd.jpg","contentUrl":"https:\/\/www.eliassen.nl\/wp-content\/uploads\/2024\/01\/logo_4nd.jpg","width":500,"height":500,"caption":"Eliassen Home & Garden Pleasure"}]},"product_price_amount":"595.00","product_price_currency":"EUR","og_availability":"instock","product_availability":"instock","product_retailer_item_id":"Trea85","product_condition":"new"},"df_price":595,"df_sale_price":595,"df_regular_price":695,"df_image_link":"https:\/\/www.eliassen.nl\/wp-content\/uploads\/2024\/01\/productionphoto1.jpg","image":"https:\/\/www.eliassen.nl\/wp-content\/uploads\/2024\/01\/productionphoto1.jpg","price_search":"<span class=\"woocommerce-Price-amount amount\"><bdi><span class=\"woocommerce-Price-currencySymbol\">&euro;<\/span>&nbsp;595,00<\/bdi><\/span>","category":"Terrassenbrunnen","global_unique_id":"6096522695651","_links":{"self":[{"href":"https:\/\/www.eliassen.nl\/de\/wp-json\/wp\/v2\/product\/73207","targetHints":{"allow":["GET"]}}],"collection":[{"href":"https:\/\/www.eliassen.nl\/de\/wp-json\/wp\/v2\/product"}],"about":[{"href":"https:\/\/www.eliassen.nl\/de\/wp-json\/wp\/v2\/types\/product"}],"wp:featuredmedia":[{"embeddable":true,"href":"https:\/\/www.eliassen.nl\/de\/wp-json\/wp\/v2\/media\/73198"}],"wp:attachment":[{"href":"https:\/\/www.eliassen.nl\/de\/wp-json\/wp\/v2\/media?parent=73207"}],"wp:term":[{"taxonomy":"product_brand","embeddable":true,"href":"https:\/\/www.eliassen.nl\/de\/wp-json\/wp\/v2\/product_brand?post=73207"},{"taxonomy":"product_cat","embeddable":true,"href":"https:\/\/www.eliassen.nl\/de\/wp-json\/wp\/v2\/product_cat?post=73207"},{"taxonomy":"product_tag","embeddable":true,"href":"https:\/\/www.eliassen.nl\/de\/wp-json\/wp\/v2\/product_tag?post=73207"}],"curies":[{"name":"wp","href":"https:\/\/api.w.org\/{rel}","templated":true}]}}