{"id":72997,"date":"2022-06-20T19:05:51","date_gmt":"2022-06-20T19:05:51","guid":{"rendered":"https:\/\/www.eliassen.nl\/?product=windmolen-circus-25cm-roze-kern"},"modified":"2025-11-27T13:59:53","modified_gmt":"2025-11-27T12:59:53","slug":"windmuhle-zirkus-25cm-rosa-kern","status":"publish","type":"product","link":"https:\/\/www.eliassen.nl\/de\/windmuhle-zirkus-25cm-rosa-kern\/","title":{"rendered":"Windm\u00fchle Zirkus 25cm rosa Kern"},"content":{"rendered":"<p>Diese rosafarbene Windm\u00fchle wird in jedem Garten ein fr\u00f6hlicher Blickfang sein.<br \/>Dieses 110 cm gro\u00dfe Modell dreht sich schon bei leichtem Wind, da die rotierenden Teile mit Kugellagern ausgestattet sind.  <br \/>Diese fr\u00f6hliche Windhose ist auch zum Verschenken oder Beschenken geeignet.<br \/>Ausgestattet mit einem stabilen Stift, so dass er in jeder Art von Boden fest steht.<br \/>Wird als Bausatz geliefert.<br \/>Gr\u00f6\u00dfe: 25 cm breit und 110 cm hoch.  <\/p>\n<p>Diese Windturbine ist f\u00fcr einen leisen Betrieb ausgelegt. Bei starkem Wind oder Sturm sollte es also im Windschatten liegen.<\/p>\n<ul>\n<li>Farbe: Rosa<\/li>\n<li>Material: Metall<\/li>\n<li>Schnelle Lieferung<\/li>\n<li>Eigene Aktie<\/li>\n<li>Hinweis: Dies ist kein Spielzeug!<\/li>\n<\/ul>\n","protected":false},"excerpt":{"rendered":"<p>Diese rosafarbene Windm\u00fchle wird in jedem Garten ein fr\u00f6hlicher Blickfang sein.Dieses 110 cm gro\u00dfe Modell dreht sich schon bei leichtem Wind, da die rotierenden Teile mit Kugellagern ausgestattet sind. Diese fr\u00f6hliche Windhose ist auch zum Verschenken oder Beschenken geeignet.Ausgestattet mit einem stabilen Stift, so dass er in jeder Art von Boden fest steht.Wird als Bausatz &hellip;<\/p>\n","protected":false},"featured_media":72994,"template":"","meta":{"_acf_changed":false,"_genesis_title":"","_genesis_description":""},"product_brand":[7505],"product_cat":[836,845],"product_tag":[],"class_list":{"0":"post-72997","1":"product","2":"type-product","3":"status-publish","4":"has-post-thumbnail","6":"product_brand-sonstige","7":"product_cat-gartenstecker","8":"product_cat-windmuehlen","10":"first","11":"instock","12":"taxable","13":"shipping-taxable","14":"purchasable","15":"product-type-simple"},"acf":[],"meta_all":{"total_sales":"0","wcml_sync_hash":{"postmeta_fields":"bf4525ebb2fddbd17f576f1f42c73185"},"attr_label_translations":[]},"meta_all_flat":{"total_sales":"0","wcml_sync_hash.postmeta_fields":"bf4525ebb2fddbd17f576f1f42c73185"},"yoast_head":"<!-- This site is optimized with the Yoast SEO Premium plugin v26.2 (Yoast SEO v27.2) - https:\/\/yoast.com\/product\/yoast-seo-premium-wordpress\/ -->\n<title>Windrad Zirkus 25cm rosa Kern - Eliassen.nl<\/title>\n<meta name=\"description\" content=\"M\u00f6chten Sie eine Windm\u00fchle aus Metall kaufen? Sehen Sie sich diesen rosafarbenen Gartenhocker und viele andere in unserem Ausstellungsraum oder auf unserer Website an. \u2713 Gro\u00dfer Ausstellungsraum \u2713 Guter Service\" \/>\n<meta name=\"robots\" content=\"index, follow, max-snippet:-1, max-image-preview:large, max-video-preview:-1\" \/>\n<link rel=\"canonical\" href=\"https:\/\/www.eliassen.nl\/de\/windmuhle-zirkus-25cm-rosa-kern\/\" \/>\n<meta property=\"og:locale\" content=\"de_DE\" \/>\n<meta property=\"og:type\" content=\"article\" \/>\n<meta property=\"og:title\" content=\"Sonstige Windm\u00fchle Zirkus 25cm rosa Kern - Eliassen.nl\" \/>\n<meta property=\"og:description\" content=\"M\u00f6chten Sie eine Windm\u00fchle aus Metall kaufen? Sehen Sie sich diesen rosafarbenen Gartenhocker und viele andere in unserem Ausstellungsraum oder auf unserer Website an. \u2713 Gro\u00dfer Ausstellungsraum \u2713 Guter Service\" \/>\n<meta property=\"og:url\" content=\"https:\/\/www.eliassen.nl\/de\/windmuhle-zirkus-25cm-rosa-kern\/\" \/>\n<meta property=\"og:site_name\" content=\"Eliassen.nl\" \/>\n<meta property=\"article:publisher\" content=\"https:\/\/www.facebook.com\/TuincentrumEliassenAmmerzoden\" \/>\n<meta property=\"article:modified_time\" content=\"2025-11-27T12:59:53+00:00\" \/>\n<meta property=\"og:image\" content=\"https:\/\/www.eliassen.nl\/wp-content\/uploads\/2024\/01\/windmolencircus25cmrozekerneliassennl.jpg\" \/>\n\t<meta property=\"og:image:width\" content=\"671\" \/>\n\t<meta property=\"og:image:height\" content=\"881\" \/>\n\t<meta property=\"og:image:type\" content=\"image\/jpeg\" \/>\n<meta name=\"twitter:card\" content=\"summary_large_image\" \/>\n<script type=\"application\/ld+json\" class=\"yoast-schema-graph\">{\"@context\":\"https:\/\/schema.org\",\"@graph\":[{\"@type\":\"WebPage\",\"@id\":\"https:\/\/www.eliassen.nl\/de\/windmuhle-zirkus-25cm-rosa-kern\/\",\"url\":\"https:\/\/www.eliassen.nl\/de\/windmuhle-zirkus-25cm-rosa-kern\/\",\"name\":\"Windrad Zirkus 25cm rosa Kern - Eliassen.nl\",\"isPartOf\":{\"@id\":\"https:\/\/www.eliassen.nl\/de\/#website\"},\"primaryImageOfPage\":{\"@id\":\"https:\/\/www.eliassen.nl\/de\/windmuhle-zirkus-25cm-rosa-kern\/#primaryimage\"},\"image\":{\"@id\":\"https:\/\/www.eliassen.nl\/de\/windmuhle-zirkus-25cm-rosa-kern\/#primaryimage\"},\"thumbnailUrl\":\"https:\/\/www.eliassen.nl\/wp-content\/uploads\/2024\/01\/windmolencircus25cmrozekerneliassennl.jpg\",\"datePublished\":\"2022-06-20T19:05:51+00:00\",\"dateModified\":\"2025-11-27T12:59:53+00:00\",\"description\":\"M\u00f6chten Sie eine Windm\u00fchle aus Metall kaufen? Sehen Sie sich diesen rosafarbenen Gartenhocker und viele andere in unserem Ausstellungsraum oder auf unserer Website an. \u2713 Gro\u00dfer Ausstellungsraum \u2713 Guter Service\",\"breadcrumb\":{\"@id\":\"https:\/\/www.eliassen.nl\/de\/windmuhle-zirkus-25cm-rosa-kern\/#breadcrumb\"},\"inLanguage\":\"de\",\"potentialAction\":[{\"@type\":\"ReadAction\",\"target\":[\"https:\/\/www.eliassen.nl\/de\/windmuhle-zirkus-25cm-rosa-kern\/\"]}]},{\"@type\":\"ImageObject\",\"inLanguage\":\"de\",\"@id\":\"https:\/\/www.eliassen.nl\/de\/windmuhle-zirkus-25cm-rosa-kern\/#primaryimage\",\"url\":\"https:\/\/www.eliassen.nl\/wp-content\/uploads\/2024\/01\/windmolencircus25cmrozekerneliassennl.jpg\",\"contentUrl\":\"https:\/\/www.eliassen.nl\/wp-content\/uploads\/2024\/01\/windmolencircus25cmrozekerneliassennl.jpg\",\"width\":671,\"height\":881,\"caption\":\"Windrad Zirkus 25cm rosa Kern - eliassen.nl\"},{\"@type\":\"BreadcrumbList\",\"@id\":\"https:\/\/www.eliassen.nl\/de\/windmuhle-zirkus-25cm-rosa-kern\/#breadcrumb\",\"itemListElement\":[{\"@type\":\"ListItem\",\"position\":1,\"name\":\"Home\",\"item\":\"https:\/\/www.eliassen.nl\/de\/\"},{\"@type\":\"ListItem\",\"position\":2,\"name\":\"Shop\",\"item\":\"https:\/\/www.eliassen.nl\/de\/shop\/\"},{\"@type\":\"ListItem\",\"position\":3,\"name\":\"Gartenstecker\",\"item\":\"https:\/\/www.eliassen.nl\/de\/gartenstecker\/\"},{\"@type\":\"ListItem\",\"position\":4,\"name\":\"Windm\u00fchlen\",\"item\":\"https:\/\/www.eliassen.nl\/de\/gartenstecker\/windmuehlen\/\"},{\"@type\":\"ListItem\",\"position\":5,\"name\":\"Windm\u00fchle Zirkus 25cm rosa Kern\"}]},{\"@type\":\"WebSite\",\"@id\":\"https:\/\/www.eliassen.nl\/de\/#website\",\"url\":\"https:\/\/www.eliassen.nl\/de\/\",\"name\":\"Eliassen Home & Garden Pleasure\",\"description\":\"\",\"publisher\":{\"@id\":\"https:\/\/www.eliassen.nl\/de\/#organization\"},\"alternateName\":\"Eliassen.nl\",\"potentialAction\":[{\"@type\":\"SearchAction\",\"target\":{\"@type\":\"EntryPoint\",\"urlTemplate\":\"https:\/\/www.eliassen.nl\/de\/?s={search_term_string}\"},\"query-input\":{\"@type\":\"PropertyValueSpecification\",\"valueRequired\":true,\"valueName\":\"search_term_string\"}}],\"inLanguage\":\"de\"},{\"@type\":[\"Organization\",\"Place\"],\"@id\":\"https:\/\/www.eliassen.nl\/de\/#organization\",\"name\":\"Eliassen Home & Garden Pleasure\",\"url\":\"https:\/\/www.eliassen.nl\/de\/\",\"logo\":{\"@id\":\"https:\/\/www.eliassen.nl\/de\/windmuhle-zirkus-25cm-rosa-kern\/#local-main-organization-logo\"},\"image\":{\"@id\":\"https:\/\/www.eliassen.nl\/de\/windmuhle-zirkus-25cm-rosa-kern\/#local-main-organization-logo\"},\"sameAs\":[\"https:\/\/www.facebook.com\/TuincentrumEliassenAmmerzoden\",\"https:\/\/www.instagram.com\/eliassenhomeandgarden\/\",\"https:\/\/nl.pinterest.com\/eliassenhomeandgarden\/\",\"https:\/\/www.youtube.com\/@eliassenhomegardenpleasure4558\"],\"telephone\":[],\"openingHoursSpecification\":[{\"@type\":\"OpeningHoursSpecification\",\"dayOfWeek\":[\"Monday\",\"Tuesday\",\"Wednesday\",\"Thursday\",\"Friday\",\"Saturday\",\"Sunday\"],\"opens\":\"09:00\",\"closes\":\"17:00\"}]},{\"@type\":\"ImageObject\",\"inLanguage\":\"de\",\"@id\":\"https:\/\/www.eliassen.nl\/de\/windmuhle-zirkus-25cm-rosa-kern\/#local-main-organization-logo\",\"url\":\"https:\/\/www.eliassen.nl\/wp-content\/uploads\/2024\/01\/logo_4nd.jpg\",\"contentUrl\":\"https:\/\/www.eliassen.nl\/wp-content\/uploads\/2024\/01\/logo_4nd.jpg\",\"width\":500,\"height\":500,\"caption\":\"Eliassen Home & Garden Pleasure\"}]}<\/script>\n<meta property=\"product:price:amount\" content=\"22.50\" \/>\n<meta property=\"product:price:currency\" content=\"EUR\" \/>\n<meta property=\"og:availability\" content=\"instock\" \/>\n<meta property=\"product:availability\" content=\"instock\" \/>\n<meta property=\"product:retailer_item_id\" content=\"560261\" \/>\n<meta property=\"product:condition\" content=\"new\" \/>\n<!-- \/ Yoast SEO Premium plugin. -->","yoast_head_json":{"title":"Windrad Zirkus 25cm rosa Kern - Eliassen.nl","description":"M\u00f6chten Sie eine Windm\u00fchle aus Metall kaufen? Sehen Sie sich diesen rosafarbenen Gartenhocker und viele andere in unserem Ausstellungsraum oder auf unserer Website an. \u2713 Gro\u00dfer Ausstellungsraum \u2713 Guter Service","robots":{"index":"index","follow":"follow","max-snippet":"max-snippet:-1","max-image-preview":"max-image-preview:large","max-video-preview":"max-video-preview:-1"},"canonical":"https:\/\/www.eliassen.nl\/de\/windmuhle-zirkus-25cm-rosa-kern\/","og_locale":"de_DE","og_type":"article","og_title":"Sonstige Windm\u00fchle Zirkus 25cm rosa Kern - Eliassen.nl","og_description":"M\u00f6chten Sie eine Windm\u00fchle aus Metall kaufen? Sehen Sie sich diesen rosafarbenen Gartenhocker und viele andere in unserem Ausstellungsraum oder auf unserer Website an. \u2713 Gro\u00dfer Ausstellungsraum \u2713 Guter Service","og_url":"https:\/\/www.eliassen.nl\/de\/windmuhle-zirkus-25cm-rosa-kern\/","og_site_name":"Eliassen.nl","article_publisher":"https:\/\/www.facebook.com\/TuincentrumEliassenAmmerzoden","article_modified_time":"2025-11-27T12:59:53+00:00","og_image":[{"width":671,"height":881,"url":"https:\/\/www.eliassen.nl\/wp-content\/uploads\/2024\/01\/windmolencircus25cmrozekerneliassennl.jpg","type":"image\/jpeg"}],"twitter_card":"summary_large_image","schema":{"@context":"https:\/\/schema.org","@graph":[{"@type":"WebPage","@id":"https:\/\/www.eliassen.nl\/de\/windmuhle-zirkus-25cm-rosa-kern\/","url":"https:\/\/www.eliassen.nl\/de\/windmuhle-zirkus-25cm-rosa-kern\/","name":"Windrad Zirkus 25cm rosa Kern - Eliassen.nl","isPartOf":{"@id":"https:\/\/www.eliassen.nl\/de\/#website"},"primaryImageOfPage":{"@id":"https:\/\/www.eliassen.nl\/de\/windmuhle-zirkus-25cm-rosa-kern\/#primaryimage"},"image":{"@id":"https:\/\/www.eliassen.nl\/de\/windmuhle-zirkus-25cm-rosa-kern\/#primaryimage"},"thumbnailUrl":"https:\/\/www.eliassen.nl\/wp-content\/uploads\/2024\/01\/windmolencircus25cmrozekerneliassennl.jpg","datePublished":"2022-06-20T19:05:51+00:00","dateModified":"2025-11-27T12:59:53+00:00","description":"M\u00f6chten Sie eine Windm\u00fchle aus Metall kaufen? Sehen Sie sich diesen rosafarbenen Gartenhocker und viele andere in unserem Ausstellungsraum oder auf unserer Website an. \u2713 Gro\u00dfer Ausstellungsraum \u2713 Guter Service","breadcrumb":{"@id":"https:\/\/www.eliassen.nl\/de\/windmuhle-zirkus-25cm-rosa-kern\/#breadcrumb"},"inLanguage":"de","potentialAction":[{"@type":"ReadAction","target":["https:\/\/www.eliassen.nl\/de\/windmuhle-zirkus-25cm-rosa-kern\/"]}]},{"@type":"ImageObject","inLanguage":"de","@id":"https:\/\/www.eliassen.nl\/de\/windmuhle-zirkus-25cm-rosa-kern\/#primaryimage","url":"https:\/\/www.eliassen.nl\/wp-content\/uploads\/2024\/01\/windmolencircus25cmrozekerneliassennl.jpg","contentUrl":"https:\/\/www.eliassen.nl\/wp-content\/uploads\/2024\/01\/windmolencircus25cmrozekerneliassennl.jpg","width":671,"height":881,"caption":"Windrad Zirkus 25cm rosa Kern - eliassen.nl"},{"@type":"BreadcrumbList","@id":"https:\/\/www.eliassen.nl\/de\/windmuhle-zirkus-25cm-rosa-kern\/#breadcrumb","itemListElement":[{"@type":"ListItem","position":1,"name":"Home","item":"https:\/\/www.eliassen.nl\/de\/"},{"@type":"ListItem","position":2,"name":"Shop","item":"https:\/\/www.eliassen.nl\/de\/shop\/"},{"@type":"ListItem","position":3,"name":"Gartenstecker","item":"https:\/\/www.eliassen.nl\/de\/gartenstecker\/"},{"@type":"ListItem","position":4,"name":"Windm\u00fchlen","item":"https:\/\/www.eliassen.nl\/de\/gartenstecker\/windmuehlen\/"},{"@type":"ListItem","position":5,"name":"Windm\u00fchle Zirkus 25cm rosa Kern"}]},{"@type":"WebSite","@id":"https:\/\/www.eliassen.nl\/de\/#website","url":"https:\/\/www.eliassen.nl\/de\/","name":"Eliassen Home & Garden Pleasure","description":"","publisher":{"@id":"https:\/\/www.eliassen.nl\/de\/#organization"},"alternateName":"Eliassen.nl","potentialAction":[{"@type":"SearchAction","target":{"@type":"EntryPoint","urlTemplate":"https:\/\/www.eliassen.nl\/de\/?s={search_term_string}"},"query-input":{"@type":"PropertyValueSpecification","valueRequired":true,"valueName":"search_term_string"}}],"inLanguage":"de"},{"@type":["Organization","Place"],"@id":"https:\/\/www.eliassen.nl\/de\/#organization","name":"Eliassen Home & Garden Pleasure","url":"https:\/\/www.eliassen.nl\/de\/","logo":{"@id":"https:\/\/www.eliassen.nl\/de\/windmuhle-zirkus-25cm-rosa-kern\/#local-main-organization-logo"},"image":{"@id":"https:\/\/www.eliassen.nl\/de\/windmuhle-zirkus-25cm-rosa-kern\/#local-main-organization-logo"},"sameAs":["https:\/\/www.facebook.com\/TuincentrumEliassenAmmerzoden","https:\/\/www.instagram.com\/eliassenhomeandgarden\/","https:\/\/nl.pinterest.com\/eliassenhomeandgarden\/","https:\/\/www.youtube.com\/@eliassenhomegardenpleasure4558"],"telephone":[],"openingHoursSpecification":[{"@type":"OpeningHoursSpecification","dayOfWeek":["Monday","Tuesday","Wednesday","Thursday","Friday","Saturday","Sunday"],"opens":"09:00","closes":"17:00"}]},{"@type":"ImageObject","inLanguage":"de","@id":"https:\/\/www.eliassen.nl\/de\/windmuhle-zirkus-25cm-rosa-kern\/#local-main-organization-logo","url":"https:\/\/www.eliassen.nl\/wp-content\/uploads\/2024\/01\/logo_4nd.jpg","contentUrl":"https:\/\/www.eliassen.nl\/wp-content\/uploads\/2024\/01\/logo_4nd.jpg","width":500,"height":500,"caption":"Eliassen Home & Garden Pleasure"}]},"product_price_amount":"22.50","product_price_currency":"EUR","og_availability":"instock","product_availability":"instock","product_retailer_item_id":"560261","product_condition":"new"},"df_price":22.5,"df_sale_price":"","df_regular_price":22.5,"df_image_link":"https:\/\/www.eliassen.nl\/wp-content\/uploads\/2024\/01\/windmolencircus25cmrozekerneliassennl.jpg","image":"https:\/\/www.eliassen.nl\/wp-content\/uploads\/2024\/01\/windmolencircus25cmrozekerneliassennl.jpg","price_search":"<span class=\"woocommerce-Price-amount amount\"><bdi><span class=\"woocommerce-Price-currencySymbol\">&euro;<\/span>&nbsp;22,50<\/bdi><\/span>","category":"Gartenstecker","global_unique_id":"4025809560261","_links":{"self":[{"href":"https:\/\/www.eliassen.nl\/de\/wp-json\/wp\/v2\/product\/72997","targetHints":{"allow":["GET"]}}],"collection":[{"href":"https:\/\/www.eliassen.nl\/de\/wp-json\/wp\/v2\/product"}],"about":[{"href":"https:\/\/www.eliassen.nl\/de\/wp-json\/wp\/v2\/types\/product"}],"wp:featuredmedia":[{"embeddable":true,"href":"https:\/\/www.eliassen.nl\/de\/wp-json\/wp\/v2\/media\/72994"}],"wp:attachment":[{"href":"https:\/\/www.eliassen.nl\/de\/wp-json\/wp\/v2\/media?parent=72997"}],"wp:term":[{"taxonomy":"product_brand","embeddable":true,"href":"https:\/\/www.eliassen.nl\/de\/wp-json\/wp\/v2\/product_brand?post=72997"},{"taxonomy":"product_cat","embeddable":true,"href":"https:\/\/www.eliassen.nl\/de\/wp-json\/wp\/v2\/product_cat?post=72997"},{"taxonomy":"product_tag","embeddable":true,"href":"https:\/\/www.eliassen.nl\/de\/wp-json\/wp\/v2\/product_tag?post=72997"}],"curies":[{"name":"wp","href":"https:\/\/api.w.org\/{rel}","templated":true}]}}