{"id":72967,"date":"2022-06-20T17:19:31","date_gmt":"2022-06-20T17:19:31","guid":{"rendered":"https:\/\/www.eliassen.nl\/?product=windmolen-hapiness-25cm-rode-kern"},"modified":"2025-11-27T13:59:39","modified_gmt":"2025-11-27T12:59:39","slug":"windmuhle-hapiness-25cm-roter-kern","status":"publish","type":"product","link":"https:\/\/www.eliassen.nl\/de\/windmuhle-hapiness-25cm-roter-kern\/","title":{"rendered":"Windm\u00fchle Hapiness 25cm roter Kern"},"content":{"rendered":"<p>Diese rote Windm\u00fchle wird in jedem Garten eine sch\u00f6ne Erg\u00e4nzung sein.<br \/>Dieses 110 cm gro\u00dfe Modell dreht sich schon bei leichtem Wind, da die rotierenden Teile mit Kugellagern ausgestattet sind.  <br \/>Diese fr\u00f6hliche Windm\u00fchle macht Spa\u00df beim Verschenken oder Beschenken.<br \/>Die M\u00fchle ist mit einem stabilen Stift ausgestattet, so dass sie in jeder Art von Boden sicher steht.<br \/>Wird als Bausatz geliefert.<br \/>Gr\u00f6\u00dfe: 25 cm breit und 110 cm hoch.  <\/p>\n<p>Diese Windturbine ist f\u00fcr einen leisen Betrieb ausgelegt. Bei starkem Wind oder Sturm sollte es also im Windschatten liegen.<\/p>\n<ul>\n<li>Farbe: Rot<\/li>\n<li>Material: Metall<\/li>\n<li>Schnelle Lieferung<\/li>\n<li>Eigene Aktie<\/li>\n<li>Hinweis: Dies ist kein Spielzeug!<\/li>\n<\/ul>\n","protected":false},"excerpt":{"rendered":"<p>Diese rote Windm\u00fchle wird in jedem Garten eine sch\u00f6ne Erg\u00e4nzung sein.Dieses 110 cm gro\u00dfe Modell dreht sich schon bei leichtem Wind, da die rotierenden Teile mit Kugellagern ausgestattet sind. Diese fr\u00f6hliche Windm\u00fchle macht Spa\u00df beim Verschenken oder Beschenken.Die M\u00fchle ist mit einem stabilen Stift ausgestattet, so dass sie in jeder Art von Boden sicher steht.Wird &hellip;<\/p>\n","protected":false},"featured_media":72964,"template":"","meta":{"_acf_changed":false,"_genesis_title":"","_genesis_description":""},"product_brand":[7505],"product_cat":[836,845],"product_tag":[],"class_list":{"0":"post-72967","1":"product","2":"type-product","3":"status-publish","4":"has-post-thumbnail","6":"product_brand-sonstige","7":"product_cat-gartenstecker","8":"product_cat-windmuehlen","10":"first","11":"instock","12":"taxable","13":"shipping-taxable","14":"purchasable","15":"product-type-simple"},"acf":[],"meta_all":{"total_sales":"0","wcml_sync_hash":{"postmeta_fields":"c1e9851edc9576829ce8980edd0320ae"},"attr_label_translations":[]},"meta_all_flat":{"total_sales":"0","wcml_sync_hash.postmeta_fields":"c1e9851edc9576829ce8980edd0320ae"},"yoast_head":"<!-- This site is optimized with the Yoast SEO Premium plugin v26.2 (Yoast SEO v27.2) - https:\/\/yoast.com\/product\/yoast-seo-premium-wordpress\/ -->\n<title>Windm\u00fchle Hapiness 25cm roter Kern - Eliassen.de<\/title>\n<meta name=\"description\" content=\"Sie m\u00f6chten eine Windm\u00fchle aus Metall in der Farbe Rot kaufen? Sehen Sie sich alle unsere Gartenpf\u00e4hle auf der Website an oder kommen Sie in unserem Gesch\u00e4ft vorbei. Gro\u00dfe Kollektion \u2713 Gute Qualit\u00e4t\" \/>\n<meta name=\"robots\" content=\"index, follow, max-snippet:-1, max-image-preview:large, max-video-preview:-1\" \/>\n<link rel=\"canonical\" href=\"https:\/\/www.eliassen.nl\/de\/windmuhle-hapiness-25cm-roter-kern\/\" \/>\n<meta property=\"og:locale\" content=\"de_DE\" \/>\n<meta property=\"og:type\" content=\"article\" \/>\n<meta property=\"og:title\" content=\"Sonstige Windm\u00fchle Hapiness 25cm roter Kern - Eliassen.nl\" \/>\n<meta property=\"og:description\" content=\"Sie m\u00f6chten eine Windm\u00fchle aus Metall in der Farbe Rot kaufen? Sehen Sie sich alle unsere Gartenpf\u00e4hle auf der Website an oder kommen Sie in unserem Gesch\u00e4ft vorbei. Gro\u00dfe Kollektion \u2713 Gute Qualit\u00e4t\" \/>\n<meta property=\"og:url\" content=\"https:\/\/www.eliassen.nl\/de\/windmuhle-hapiness-25cm-roter-kern\/\" \/>\n<meta property=\"og:site_name\" content=\"Eliassen.nl\" \/>\n<meta property=\"article:publisher\" content=\"https:\/\/www.facebook.com\/TuincentrumEliassenAmmerzoden\" \/>\n<meta property=\"article:modified_time\" content=\"2025-11-27T12:59:39+00:00\" \/>\n<meta property=\"og:image\" content=\"https:\/\/www.eliassen.nl\/wp-content\/uploads\/2024\/01\/windmolenhapiness25cmrodekerneliassennl.jpg\" \/>\n\t<meta property=\"og:image:width\" content=\"726\" \/>\n\t<meta property=\"og:image:height\" content=\"976\" \/>\n\t<meta property=\"og:image:type\" content=\"image\/jpeg\" \/>\n<meta name=\"twitter:card\" content=\"summary_large_image\" \/>\n<script type=\"application\/ld+json\" class=\"yoast-schema-graph\">{\"@context\":\"https:\/\/schema.org\",\"@graph\":[{\"@type\":\"WebPage\",\"@id\":\"https:\/\/www.eliassen.nl\/de\/windmuhle-hapiness-25cm-roter-kern\/\",\"url\":\"https:\/\/www.eliassen.nl\/de\/windmuhle-hapiness-25cm-roter-kern\/\",\"name\":\"Windm\u00fchle Hapiness 25cm roter Kern - Eliassen.de\",\"isPartOf\":{\"@id\":\"https:\/\/www.eliassen.nl\/de\/#website\"},\"primaryImageOfPage\":{\"@id\":\"https:\/\/www.eliassen.nl\/de\/windmuhle-hapiness-25cm-roter-kern\/#primaryimage\"},\"image\":{\"@id\":\"https:\/\/www.eliassen.nl\/de\/windmuhle-hapiness-25cm-roter-kern\/#primaryimage\"},\"thumbnailUrl\":\"https:\/\/www.eliassen.nl\/wp-content\/uploads\/2024\/01\/windmolenhapiness25cmrodekerneliassennl.jpg\",\"datePublished\":\"2022-06-20T17:19:31+00:00\",\"dateModified\":\"2025-11-27T12:59:39+00:00\",\"description\":\"Sie m\u00f6chten eine Windm\u00fchle aus Metall in der Farbe Rot kaufen? Sehen Sie sich alle unsere Gartenpf\u00e4hle auf der Website an oder kommen Sie in unserem Gesch\u00e4ft vorbei. Gro\u00dfe Kollektion \u2713 Gute Qualit\u00e4t\",\"breadcrumb\":{\"@id\":\"https:\/\/www.eliassen.nl\/de\/windmuhle-hapiness-25cm-roter-kern\/#breadcrumb\"},\"inLanguage\":\"de\",\"potentialAction\":[{\"@type\":\"ReadAction\",\"target\":[\"https:\/\/www.eliassen.nl\/de\/windmuhle-hapiness-25cm-roter-kern\/\"]}]},{\"@type\":\"ImageObject\",\"inLanguage\":\"de\",\"@id\":\"https:\/\/www.eliassen.nl\/de\/windmuhle-hapiness-25cm-roter-kern\/#primaryimage\",\"url\":\"https:\/\/www.eliassen.nl\/wp-content\/uploads\/2024\/01\/windmolenhapiness25cmrodekerneliassennl.jpg\",\"contentUrl\":\"https:\/\/www.eliassen.nl\/wp-content\/uploads\/2024\/01\/windmolenhapiness25cmrodekerneliassennl.jpg\",\"width\":726,\"height\":976,\"caption\":\"Windm\u00fchle Hapiness 25cm roter Kern - Eliassen.de\"},{\"@type\":\"BreadcrumbList\",\"@id\":\"https:\/\/www.eliassen.nl\/de\/windmuhle-hapiness-25cm-roter-kern\/#breadcrumb\",\"itemListElement\":[{\"@type\":\"ListItem\",\"position\":1,\"name\":\"Home\",\"item\":\"https:\/\/www.eliassen.nl\/de\/\"},{\"@type\":\"ListItem\",\"position\":2,\"name\":\"Shop\",\"item\":\"https:\/\/www.eliassen.nl\/de\/shop\/\"},{\"@type\":\"ListItem\",\"position\":3,\"name\":\"Gartenstecker\",\"item\":\"https:\/\/www.eliassen.nl\/de\/gartenstecker\/\"},{\"@type\":\"ListItem\",\"position\":4,\"name\":\"Windm\u00fchlen\",\"item\":\"https:\/\/www.eliassen.nl\/de\/gartenstecker\/windmuehlen\/\"},{\"@type\":\"ListItem\",\"position\":5,\"name\":\"Windm\u00fchle Hapiness 25cm roter Kern\"}]},{\"@type\":\"WebSite\",\"@id\":\"https:\/\/www.eliassen.nl\/de\/#website\",\"url\":\"https:\/\/www.eliassen.nl\/de\/\",\"name\":\"Eliassen Home & Garden Pleasure\",\"description\":\"\",\"publisher\":{\"@id\":\"https:\/\/www.eliassen.nl\/de\/#organization\"},\"alternateName\":\"Eliassen.nl\",\"potentialAction\":[{\"@type\":\"SearchAction\",\"target\":{\"@type\":\"EntryPoint\",\"urlTemplate\":\"https:\/\/www.eliassen.nl\/de\/?s={search_term_string}\"},\"query-input\":{\"@type\":\"PropertyValueSpecification\",\"valueRequired\":true,\"valueName\":\"search_term_string\"}}],\"inLanguage\":\"de\"},{\"@type\":[\"Organization\",\"Place\"],\"@id\":\"https:\/\/www.eliassen.nl\/de\/#organization\",\"name\":\"Eliassen Home & Garden Pleasure\",\"url\":\"https:\/\/www.eliassen.nl\/de\/\",\"logo\":{\"@id\":\"https:\/\/www.eliassen.nl\/de\/windmuhle-hapiness-25cm-roter-kern\/#local-main-organization-logo\"},\"image\":{\"@id\":\"https:\/\/www.eliassen.nl\/de\/windmuhle-hapiness-25cm-roter-kern\/#local-main-organization-logo\"},\"sameAs\":[\"https:\/\/www.facebook.com\/TuincentrumEliassenAmmerzoden\",\"https:\/\/www.instagram.com\/eliassenhomeandgarden\/\",\"https:\/\/nl.pinterest.com\/eliassenhomeandgarden\/\",\"https:\/\/www.youtube.com\/@eliassenhomegardenpleasure4558\"],\"telephone\":[],\"openingHoursSpecification\":[{\"@type\":\"OpeningHoursSpecification\",\"dayOfWeek\":[\"Monday\",\"Tuesday\",\"Wednesday\",\"Thursday\",\"Friday\",\"Saturday\",\"Sunday\"],\"opens\":\"09:00\",\"closes\":\"17:00\"}]},{\"@type\":\"ImageObject\",\"inLanguage\":\"de\",\"@id\":\"https:\/\/www.eliassen.nl\/de\/windmuhle-hapiness-25cm-roter-kern\/#local-main-organization-logo\",\"url\":\"https:\/\/www.eliassen.nl\/wp-content\/uploads\/2024\/01\/logo_4nd.jpg\",\"contentUrl\":\"https:\/\/www.eliassen.nl\/wp-content\/uploads\/2024\/01\/logo_4nd.jpg\",\"width\":500,\"height\":500,\"caption\":\"Eliassen Home & Garden Pleasure\"}]}<\/script>\n<meta property=\"product:price:amount\" content=\"22.50\" \/>\n<meta property=\"product:price:currency\" content=\"EUR\" \/>\n<meta property=\"og:availability\" content=\"instock\" \/>\n<meta property=\"product:availability\" content=\"instock\" \/>\n<meta property=\"product:retailer_item_id\" content=\"560223     rk\" \/>\n<meta property=\"product:condition\" content=\"new\" \/>\n<!-- \/ Yoast SEO Premium plugin. -->","yoast_head_json":{"title":"Windm\u00fchle Hapiness 25cm roter Kern - Eliassen.de","description":"Sie m\u00f6chten eine Windm\u00fchle aus Metall in der Farbe Rot kaufen? Sehen Sie sich alle unsere Gartenpf\u00e4hle auf der Website an oder kommen Sie in unserem Gesch\u00e4ft vorbei. Gro\u00dfe Kollektion \u2713 Gute Qualit\u00e4t","robots":{"index":"index","follow":"follow","max-snippet":"max-snippet:-1","max-image-preview":"max-image-preview:large","max-video-preview":"max-video-preview:-1"},"canonical":"https:\/\/www.eliassen.nl\/de\/windmuhle-hapiness-25cm-roter-kern\/","og_locale":"de_DE","og_type":"article","og_title":"Sonstige Windm\u00fchle Hapiness 25cm roter Kern - Eliassen.nl","og_description":"Sie m\u00f6chten eine Windm\u00fchle aus Metall in der Farbe Rot kaufen? Sehen Sie sich alle unsere Gartenpf\u00e4hle auf der Website an oder kommen Sie in unserem Gesch\u00e4ft vorbei. Gro\u00dfe Kollektion \u2713 Gute Qualit\u00e4t","og_url":"https:\/\/www.eliassen.nl\/de\/windmuhle-hapiness-25cm-roter-kern\/","og_site_name":"Eliassen.nl","article_publisher":"https:\/\/www.facebook.com\/TuincentrumEliassenAmmerzoden","article_modified_time":"2025-11-27T12:59:39+00:00","og_image":[{"width":726,"height":976,"url":"https:\/\/www.eliassen.nl\/wp-content\/uploads\/2024\/01\/windmolenhapiness25cmrodekerneliassennl.jpg","type":"image\/jpeg"}],"twitter_card":"summary_large_image","schema":{"@context":"https:\/\/schema.org","@graph":[{"@type":"WebPage","@id":"https:\/\/www.eliassen.nl\/de\/windmuhle-hapiness-25cm-roter-kern\/","url":"https:\/\/www.eliassen.nl\/de\/windmuhle-hapiness-25cm-roter-kern\/","name":"Windm\u00fchle Hapiness 25cm roter Kern - Eliassen.de","isPartOf":{"@id":"https:\/\/www.eliassen.nl\/de\/#website"},"primaryImageOfPage":{"@id":"https:\/\/www.eliassen.nl\/de\/windmuhle-hapiness-25cm-roter-kern\/#primaryimage"},"image":{"@id":"https:\/\/www.eliassen.nl\/de\/windmuhle-hapiness-25cm-roter-kern\/#primaryimage"},"thumbnailUrl":"https:\/\/www.eliassen.nl\/wp-content\/uploads\/2024\/01\/windmolenhapiness25cmrodekerneliassennl.jpg","datePublished":"2022-06-20T17:19:31+00:00","dateModified":"2025-11-27T12:59:39+00:00","description":"Sie m\u00f6chten eine Windm\u00fchle aus Metall in der Farbe Rot kaufen? Sehen Sie sich alle unsere Gartenpf\u00e4hle auf der Website an oder kommen Sie in unserem Gesch\u00e4ft vorbei. Gro\u00dfe Kollektion \u2713 Gute Qualit\u00e4t","breadcrumb":{"@id":"https:\/\/www.eliassen.nl\/de\/windmuhle-hapiness-25cm-roter-kern\/#breadcrumb"},"inLanguage":"de","potentialAction":[{"@type":"ReadAction","target":["https:\/\/www.eliassen.nl\/de\/windmuhle-hapiness-25cm-roter-kern\/"]}]},{"@type":"ImageObject","inLanguage":"de","@id":"https:\/\/www.eliassen.nl\/de\/windmuhle-hapiness-25cm-roter-kern\/#primaryimage","url":"https:\/\/www.eliassen.nl\/wp-content\/uploads\/2024\/01\/windmolenhapiness25cmrodekerneliassennl.jpg","contentUrl":"https:\/\/www.eliassen.nl\/wp-content\/uploads\/2024\/01\/windmolenhapiness25cmrodekerneliassennl.jpg","width":726,"height":976,"caption":"Windm\u00fchle Hapiness 25cm roter Kern - Eliassen.de"},{"@type":"BreadcrumbList","@id":"https:\/\/www.eliassen.nl\/de\/windmuhle-hapiness-25cm-roter-kern\/#breadcrumb","itemListElement":[{"@type":"ListItem","position":1,"name":"Home","item":"https:\/\/www.eliassen.nl\/de\/"},{"@type":"ListItem","position":2,"name":"Shop","item":"https:\/\/www.eliassen.nl\/de\/shop\/"},{"@type":"ListItem","position":3,"name":"Gartenstecker","item":"https:\/\/www.eliassen.nl\/de\/gartenstecker\/"},{"@type":"ListItem","position":4,"name":"Windm\u00fchlen","item":"https:\/\/www.eliassen.nl\/de\/gartenstecker\/windmuehlen\/"},{"@type":"ListItem","position":5,"name":"Windm\u00fchle Hapiness 25cm roter Kern"}]},{"@type":"WebSite","@id":"https:\/\/www.eliassen.nl\/de\/#website","url":"https:\/\/www.eliassen.nl\/de\/","name":"Eliassen Home & Garden Pleasure","description":"","publisher":{"@id":"https:\/\/www.eliassen.nl\/de\/#organization"},"alternateName":"Eliassen.nl","potentialAction":[{"@type":"SearchAction","target":{"@type":"EntryPoint","urlTemplate":"https:\/\/www.eliassen.nl\/de\/?s={search_term_string}"},"query-input":{"@type":"PropertyValueSpecification","valueRequired":true,"valueName":"search_term_string"}}],"inLanguage":"de"},{"@type":["Organization","Place"],"@id":"https:\/\/www.eliassen.nl\/de\/#organization","name":"Eliassen Home & Garden Pleasure","url":"https:\/\/www.eliassen.nl\/de\/","logo":{"@id":"https:\/\/www.eliassen.nl\/de\/windmuhle-hapiness-25cm-roter-kern\/#local-main-organization-logo"},"image":{"@id":"https:\/\/www.eliassen.nl\/de\/windmuhle-hapiness-25cm-roter-kern\/#local-main-organization-logo"},"sameAs":["https:\/\/www.facebook.com\/TuincentrumEliassenAmmerzoden","https:\/\/www.instagram.com\/eliassenhomeandgarden\/","https:\/\/nl.pinterest.com\/eliassenhomeandgarden\/","https:\/\/www.youtube.com\/@eliassenhomegardenpleasure4558"],"telephone":[],"openingHoursSpecification":[{"@type":"OpeningHoursSpecification","dayOfWeek":["Monday","Tuesday","Wednesday","Thursday","Friday","Saturday","Sunday"],"opens":"09:00","closes":"17:00"}]},{"@type":"ImageObject","inLanguage":"de","@id":"https:\/\/www.eliassen.nl\/de\/windmuhle-hapiness-25cm-roter-kern\/#local-main-organization-logo","url":"https:\/\/www.eliassen.nl\/wp-content\/uploads\/2024\/01\/logo_4nd.jpg","contentUrl":"https:\/\/www.eliassen.nl\/wp-content\/uploads\/2024\/01\/logo_4nd.jpg","width":500,"height":500,"caption":"Eliassen Home & Garden Pleasure"}]},"product_price_amount":"22.50","product_price_currency":"EUR","og_availability":"instock","product_availability":"instock","product_retailer_item_id":"560223     rk","product_condition":"new"},"df_price":22.5,"df_sale_price":"","df_regular_price":22.5,"df_image_link":"https:\/\/www.eliassen.nl\/wp-content\/uploads\/2024\/01\/windmolenhapiness25cmrodekerneliassennl.jpg","image":"https:\/\/www.eliassen.nl\/wp-content\/uploads\/2024\/01\/windmolenhapiness25cmrodekerneliassennl.jpg","price_search":"<span class=\"woocommerce-Price-amount amount\"><bdi><span class=\"woocommerce-Price-currencySymbol\">&euro;<\/span>&nbsp;22,50<\/bdi><\/span>","category":"Gartenstecker","global_unique_id":"4025809059048","_links":{"self":[{"href":"https:\/\/www.eliassen.nl\/de\/wp-json\/wp\/v2\/product\/72967","targetHints":{"allow":["GET"]}}],"collection":[{"href":"https:\/\/www.eliassen.nl\/de\/wp-json\/wp\/v2\/product"}],"about":[{"href":"https:\/\/www.eliassen.nl\/de\/wp-json\/wp\/v2\/types\/product"}],"wp:featuredmedia":[{"embeddable":true,"href":"https:\/\/www.eliassen.nl\/de\/wp-json\/wp\/v2\/media\/72964"}],"wp:attachment":[{"href":"https:\/\/www.eliassen.nl\/de\/wp-json\/wp\/v2\/media?parent=72967"}],"wp:term":[{"taxonomy":"product_brand","embeddable":true,"href":"https:\/\/www.eliassen.nl\/de\/wp-json\/wp\/v2\/product_brand?post=72967"},{"taxonomy":"product_cat","embeddable":true,"href":"https:\/\/www.eliassen.nl\/de\/wp-json\/wp\/v2\/product_cat?post=72967"},{"taxonomy":"product_tag","embeddable":true,"href":"https:\/\/www.eliassen.nl\/de\/wp-json\/wp\/v2\/product_tag?post=72967"}],"curies":[{"name":"wp","href":"https:\/\/api.w.org\/{rel}","templated":true}]}}