{"id":72955,"date":"2022-06-20T16:57:50","date_gmt":"2022-06-20T16:57:50","guid":{"rendered":"https:\/\/www.eliassen.nl\/?product=tuinsteker-windmolen-happy-30cm-paars"},"modified":"2025-11-27T13:59:33","modified_gmt":"2025-11-27T12:59:33","slug":"gartenstecker-windmuhle-happy-30cm-lila","status":"publish","type":"product","link":"https:\/\/www.eliassen.nl\/de\/gartenstecker-windmuhle-happy-30cm-lila\/","title":{"rendered":"Gartenstab Windm\u00fchle Happy 30cm lila"},"content":{"rendered":"<p>Diese lila Windm\u00fchle ist in jedem Garten eine sch\u00f6ne Erg\u00e4nzung.<br \/>Dieses 122 cm gro\u00dfe Modell dreht sich schon bei leichtem Wind, da die rotierenden Teile mit Kugellagern ausgestattet sind.  <br \/>Diese fr\u00f6hliche Windm\u00fchle macht Spa\u00df beim Verschenken oder Beschenken.<br \/>Die M\u00fchle ist mit einem stabilen Stift ausgestattet, so dass sie in jeder Art von Boden sicher steht.<br \/>Wird als Bausatz geliefert.<br \/>Gr\u00f6\u00dfe: 30 cm breit und 122 cm hoch.  <\/p>\n<p>Diese Windturbine ist f\u00fcr einen leisen Betrieb ausgelegt. Bei starkem Wind oder Sturm sollte es also im Windschatten liegen.<\/p>\n<ul>\n<li>Farbe: Lila<\/li>\n<li>Material: Metall<\/li>\n<li>Schnelle Lieferung<\/li>\n<li>Eigene Aktie<\/li>\n<li>Hinweis: Dies ist kein Spielzeug!<\/li>\n<\/ul>\n","protected":false},"excerpt":{"rendered":"<p>Diese lila Windm\u00fchle ist in jedem Garten eine sch\u00f6ne Erg\u00e4nzung.Dieses 122 cm gro\u00dfe Modell dreht sich schon bei leichtem Wind, da die rotierenden Teile mit Kugellagern ausgestattet sind. Diese fr\u00f6hliche Windm\u00fchle macht Spa\u00df beim Verschenken oder Beschenken.Die M\u00fchle ist mit einem stabilen Stift ausgestattet, so dass sie in jeder Art von Boden sicher steht.Wird als &hellip;<\/p>\n","protected":false},"featured_media":72952,"template":"","meta":{"_acf_changed":false,"_genesis_title":"","_genesis_description":""},"product_brand":[7505],"product_cat":[836,845],"product_tag":[],"class_list":{"0":"post-72955","1":"product","2":"type-product","3":"status-publish","4":"has-post-thumbnail","6":"product_brand-sonstige","7":"product_cat-gartenstecker","8":"product_cat-windmuehlen","10":"first","11":"instock","12":"taxable","13":"shipping-taxable","14":"purchasable","15":"product-type-simple"},"acf":[],"meta_all":{"total_sales":"1","wcml_sync_hash":{"postmeta_fields":"2d449a145267b2996b71df8501ac6ac3"},"attr_label_translations":[]},"meta_all_flat":{"total_sales":"1","wcml_sync_hash.postmeta_fields":"2d449a145267b2996b71df8501ac6ac3"},"yoast_head":"<!-- This site is optimized with the Yoast SEO Premium plugin v26.2 (Yoast SEO v27.2) - https:\/\/yoast.com\/product\/yoast-seo-premium-wordpress\/ -->\n<title>Gartenstab Windm\u00fchle Happy 30cm lila - Eliassen.nl<\/title>\n<meta name=\"description\" content=\"M\u00f6chten Sie eine Metallwindm\u00fchle mit Blume? Sehen Sie hier alle unsere Gartenpf\u00e4hle mit verschiedenen Farben und Mustern. Gro\u00dfe Kollektion \u2713 Gute Qualit\u00e4t\" \/>\n<meta name=\"robots\" content=\"index, follow, max-snippet:-1, max-image-preview:large, max-video-preview:-1\" \/>\n<link rel=\"canonical\" href=\"https:\/\/www.eliassen.nl\/de\/gartenstecker-windmuhle-happy-30cm-lila\/\" \/>\n<meta property=\"og:locale\" content=\"de_DE\" \/>\n<meta property=\"og:type\" content=\"article\" \/>\n<meta property=\"og:title\" content=\"Sonstige Gartenstab Windm\u00fchle Happy 30cm lila - Eliassen.nl\" \/>\n<meta property=\"og:description\" content=\"M\u00f6chten Sie eine Metallwindm\u00fchle mit Blume? Sehen Sie hier alle unsere Gartenpf\u00e4hle mit verschiedenen Farben und Mustern. Gro\u00dfe Kollektion \u2713 Gute Qualit\u00e4t\" \/>\n<meta property=\"og:url\" content=\"https:\/\/www.eliassen.nl\/de\/gartenstecker-windmuhle-happy-30cm-lila\/\" \/>\n<meta property=\"og:site_name\" content=\"Eliassen.nl\" \/>\n<meta property=\"article:publisher\" content=\"https:\/\/www.facebook.com\/TuincentrumEliassenAmmerzoden\" \/>\n<meta property=\"article:modified_time\" content=\"2025-11-27T12:59:33+00:00\" \/>\n<meta property=\"og:image\" content=\"https:\/\/www.eliassen.nl\/wp-content\/uploads\/2024\/01\/tuinstekerwindmolenhappy30cmpaarseliassennl.jpg\" \/>\n\t<meta property=\"og:image:width\" content=\"652\" \/>\n\t<meta property=\"og:image:height\" content=\"985\" \/>\n\t<meta property=\"og:image:type\" content=\"image\/jpeg\" \/>\n<meta name=\"twitter:card\" content=\"summary_large_image\" \/>\n<script type=\"application\/ld+json\" class=\"yoast-schema-graph\">{\"@context\":\"https:\/\/schema.org\",\"@graph\":[{\"@type\":\"WebPage\",\"@id\":\"https:\/\/www.eliassen.nl\/de\/gartenstecker-windmuhle-happy-30cm-lila\/\",\"url\":\"https:\/\/www.eliassen.nl\/de\/gartenstecker-windmuhle-happy-30cm-lila\/\",\"name\":\"Gartenstab Windm\u00fchle Happy 30cm lila - Eliassen.nl\",\"isPartOf\":{\"@id\":\"https:\/\/www.eliassen.nl\/de\/#website\"},\"primaryImageOfPage\":{\"@id\":\"https:\/\/www.eliassen.nl\/de\/gartenstecker-windmuhle-happy-30cm-lila\/#primaryimage\"},\"image\":{\"@id\":\"https:\/\/www.eliassen.nl\/de\/gartenstecker-windmuhle-happy-30cm-lila\/#primaryimage\"},\"thumbnailUrl\":\"https:\/\/www.eliassen.nl\/wp-content\/uploads\/2024\/01\/tuinstekerwindmolenhappy30cmpaarseliassennl.jpg\",\"datePublished\":\"2022-06-20T16:57:50+00:00\",\"dateModified\":\"2025-11-27T12:59:33+00:00\",\"description\":\"M\u00f6chten Sie eine Metallwindm\u00fchle mit Blume? Sehen Sie hier alle unsere Gartenpf\u00e4hle mit verschiedenen Farben und Mustern. Gro\u00dfe Kollektion \u2713 Gute Qualit\u00e4t\",\"breadcrumb\":{\"@id\":\"https:\/\/www.eliassen.nl\/de\/gartenstecker-windmuhle-happy-30cm-lila\/#breadcrumb\"},\"inLanguage\":\"de\",\"potentialAction\":[{\"@type\":\"ReadAction\",\"target\":[\"https:\/\/www.eliassen.nl\/de\/gartenstecker-windmuhle-happy-30cm-lila\/\"]}]},{\"@type\":\"ImageObject\",\"inLanguage\":\"de\",\"@id\":\"https:\/\/www.eliassen.nl\/de\/gartenstecker-windmuhle-happy-30cm-lila\/#primaryimage\",\"url\":\"https:\/\/www.eliassen.nl\/wp-content\/uploads\/2024\/01\/tuinstekerwindmolenhappy30cmpaarseliassennl.jpg\",\"contentUrl\":\"https:\/\/www.eliassen.nl\/wp-content\/uploads\/2024\/01\/tuinstekerwindmolenhappy30cmpaarseliassennl.jpg\",\"width\":652,\"height\":985,\"caption\":\"Gartenstab Windm\u00fchle Happy 30cm lila - Eliassen.nl\"},{\"@type\":\"BreadcrumbList\",\"@id\":\"https:\/\/www.eliassen.nl\/de\/gartenstecker-windmuhle-happy-30cm-lila\/#breadcrumb\",\"itemListElement\":[{\"@type\":\"ListItem\",\"position\":1,\"name\":\"Home\",\"item\":\"https:\/\/www.eliassen.nl\/de\/\"},{\"@type\":\"ListItem\",\"position\":2,\"name\":\"Shop\",\"item\":\"https:\/\/www.eliassen.nl\/de\/shop\/\"},{\"@type\":\"ListItem\",\"position\":3,\"name\":\"Gartenstecker\",\"item\":\"https:\/\/www.eliassen.nl\/de\/gartenstecker\/\"},{\"@type\":\"ListItem\",\"position\":4,\"name\":\"Windm\u00fchlen\",\"item\":\"https:\/\/www.eliassen.nl\/de\/gartenstecker\/windmuehlen\/\"},{\"@type\":\"ListItem\",\"position\":5,\"name\":\"Gartenstab Windm\u00fchle Happy 30cm lila\"}]},{\"@type\":\"WebSite\",\"@id\":\"https:\/\/www.eliassen.nl\/de\/#website\",\"url\":\"https:\/\/www.eliassen.nl\/de\/\",\"name\":\"Eliassen Home & Garden Pleasure\",\"description\":\"\",\"publisher\":{\"@id\":\"https:\/\/www.eliassen.nl\/de\/#organization\"},\"alternateName\":\"Eliassen.nl\",\"potentialAction\":[{\"@type\":\"SearchAction\",\"target\":{\"@type\":\"EntryPoint\",\"urlTemplate\":\"https:\/\/www.eliassen.nl\/de\/?s={search_term_string}\"},\"query-input\":{\"@type\":\"PropertyValueSpecification\",\"valueRequired\":true,\"valueName\":\"search_term_string\"}}],\"inLanguage\":\"de\"},{\"@type\":[\"Organization\",\"Place\"],\"@id\":\"https:\/\/www.eliassen.nl\/de\/#organization\",\"name\":\"Eliassen Home & Garden Pleasure\",\"url\":\"https:\/\/www.eliassen.nl\/de\/\",\"logo\":{\"@id\":\"https:\/\/www.eliassen.nl\/de\/gartenstecker-windmuhle-happy-30cm-lila\/#local-main-organization-logo\"},\"image\":{\"@id\":\"https:\/\/www.eliassen.nl\/de\/gartenstecker-windmuhle-happy-30cm-lila\/#local-main-organization-logo\"},\"sameAs\":[\"https:\/\/www.facebook.com\/TuincentrumEliassenAmmerzoden\",\"https:\/\/www.instagram.com\/eliassenhomeandgarden\/\",\"https:\/\/nl.pinterest.com\/eliassenhomeandgarden\/\",\"https:\/\/www.youtube.com\/@eliassenhomegardenpleasure4558\"],\"telephone\":[],\"openingHoursSpecification\":[{\"@type\":\"OpeningHoursSpecification\",\"dayOfWeek\":[\"Monday\",\"Tuesday\",\"Wednesday\",\"Thursday\",\"Friday\",\"Saturday\",\"Sunday\"],\"opens\":\"09:00\",\"closes\":\"17:00\"}]},{\"@type\":\"ImageObject\",\"inLanguage\":\"de\",\"@id\":\"https:\/\/www.eliassen.nl\/de\/gartenstecker-windmuhle-happy-30cm-lila\/#local-main-organization-logo\",\"url\":\"https:\/\/www.eliassen.nl\/wp-content\/uploads\/2024\/01\/logo_4nd.jpg\",\"contentUrl\":\"https:\/\/www.eliassen.nl\/wp-content\/uploads\/2024\/01\/logo_4nd.jpg\",\"width\":500,\"height\":500,\"caption\":\"Eliassen Home & Garden Pleasure\"}]}<\/script>\n<meta property=\"product:price:amount\" content=\"29.95\" \/>\n<meta property=\"product:price:currency\" content=\"EUR\" \/>\n<meta property=\"og:availability\" content=\"instock\" \/>\n<meta property=\"product:availability\" content=\"instock\" \/>\n<meta property=\"product:retailer_item_id\" content=\"560346 paars geu\" \/>\n<meta property=\"product:condition\" content=\"new\" \/>\n<!-- \/ Yoast SEO Premium plugin. -->","yoast_head_json":{"title":"Gartenstab Windm\u00fchle Happy 30cm lila - Eliassen.nl","description":"M\u00f6chten Sie eine Metallwindm\u00fchle mit Blume? Sehen Sie hier alle unsere Gartenpf\u00e4hle mit verschiedenen Farben und Mustern. Gro\u00dfe Kollektion \u2713 Gute Qualit\u00e4t","robots":{"index":"index","follow":"follow","max-snippet":"max-snippet:-1","max-image-preview":"max-image-preview:large","max-video-preview":"max-video-preview:-1"},"canonical":"https:\/\/www.eliassen.nl\/de\/gartenstecker-windmuhle-happy-30cm-lila\/","og_locale":"de_DE","og_type":"article","og_title":"Sonstige Gartenstab Windm\u00fchle Happy 30cm lila - Eliassen.nl","og_description":"M\u00f6chten Sie eine Metallwindm\u00fchle mit Blume? Sehen Sie hier alle unsere Gartenpf\u00e4hle mit verschiedenen Farben und Mustern. Gro\u00dfe Kollektion \u2713 Gute Qualit\u00e4t","og_url":"https:\/\/www.eliassen.nl\/de\/gartenstecker-windmuhle-happy-30cm-lila\/","og_site_name":"Eliassen.nl","article_publisher":"https:\/\/www.facebook.com\/TuincentrumEliassenAmmerzoden","article_modified_time":"2025-11-27T12:59:33+00:00","og_image":[{"width":652,"height":985,"url":"https:\/\/www.eliassen.nl\/wp-content\/uploads\/2024\/01\/tuinstekerwindmolenhappy30cmpaarseliassennl.jpg","type":"image\/jpeg"}],"twitter_card":"summary_large_image","schema":{"@context":"https:\/\/schema.org","@graph":[{"@type":"WebPage","@id":"https:\/\/www.eliassen.nl\/de\/gartenstecker-windmuhle-happy-30cm-lila\/","url":"https:\/\/www.eliassen.nl\/de\/gartenstecker-windmuhle-happy-30cm-lila\/","name":"Gartenstab Windm\u00fchle Happy 30cm lila - Eliassen.nl","isPartOf":{"@id":"https:\/\/www.eliassen.nl\/de\/#website"},"primaryImageOfPage":{"@id":"https:\/\/www.eliassen.nl\/de\/gartenstecker-windmuhle-happy-30cm-lila\/#primaryimage"},"image":{"@id":"https:\/\/www.eliassen.nl\/de\/gartenstecker-windmuhle-happy-30cm-lila\/#primaryimage"},"thumbnailUrl":"https:\/\/www.eliassen.nl\/wp-content\/uploads\/2024\/01\/tuinstekerwindmolenhappy30cmpaarseliassennl.jpg","datePublished":"2022-06-20T16:57:50+00:00","dateModified":"2025-11-27T12:59:33+00:00","description":"M\u00f6chten Sie eine Metallwindm\u00fchle mit Blume? Sehen Sie hier alle unsere Gartenpf\u00e4hle mit verschiedenen Farben und Mustern. Gro\u00dfe Kollektion \u2713 Gute Qualit\u00e4t","breadcrumb":{"@id":"https:\/\/www.eliassen.nl\/de\/gartenstecker-windmuhle-happy-30cm-lila\/#breadcrumb"},"inLanguage":"de","potentialAction":[{"@type":"ReadAction","target":["https:\/\/www.eliassen.nl\/de\/gartenstecker-windmuhle-happy-30cm-lila\/"]}]},{"@type":"ImageObject","inLanguage":"de","@id":"https:\/\/www.eliassen.nl\/de\/gartenstecker-windmuhle-happy-30cm-lila\/#primaryimage","url":"https:\/\/www.eliassen.nl\/wp-content\/uploads\/2024\/01\/tuinstekerwindmolenhappy30cmpaarseliassennl.jpg","contentUrl":"https:\/\/www.eliassen.nl\/wp-content\/uploads\/2024\/01\/tuinstekerwindmolenhappy30cmpaarseliassennl.jpg","width":652,"height":985,"caption":"Gartenstab Windm\u00fchle Happy 30cm lila - Eliassen.nl"},{"@type":"BreadcrumbList","@id":"https:\/\/www.eliassen.nl\/de\/gartenstecker-windmuhle-happy-30cm-lila\/#breadcrumb","itemListElement":[{"@type":"ListItem","position":1,"name":"Home","item":"https:\/\/www.eliassen.nl\/de\/"},{"@type":"ListItem","position":2,"name":"Shop","item":"https:\/\/www.eliassen.nl\/de\/shop\/"},{"@type":"ListItem","position":3,"name":"Gartenstecker","item":"https:\/\/www.eliassen.nl\/de\/gartenstecker\/"},{"@type":"ListItem","position":4,"name":"Windm\u00fchlen","item":"https:\/\/www.eliassen.nl\/de\/gartenstecker\/windmuehlen\/"},{"@type":"ListItem","position":5,"name":"Gartenstab Windm\u00fchle Happy 30cm lila"}]},{"@type":"WebSite","@id":"https:\/\/www.eliassen.nl\/de\/#website","url":"https:\/\/www.eliassen.nl\/de\/","name":"Eliassen Home & Garden Pleasure","description":"","publisher":{"@id":"https:\/\/www.eliassen.nl\/de\/#organization"},"alternateName":"Eliassen.nl","potentialAction":[{"@type":"SearchAction","target":{"@type":"EntryPoint","urlTemplate":"https:\/\/www.eliassen.nl\/de\/?s={search_term_string}"},"query-input":{"@type":"PropertyValueSpecification","valueRequired":true,"valueName":"search_term_string"}}],"inLanguage":"de"},{"@type":["Organization","Place"],"@id":"https:\/\/www.eliassen.nl\/de\/#organization","name":"Eliassen Home & Garden Pleasure","url":"https:\/\/www.eliassen.nl\/de\/","logo":{"@id":"https:\/\/www.eliassen.nl\/de\/gartenstecker-windmuhle-happy-30cm-lila\/#local-main-organization-logo"},"image":{"@id":"https:\/\/www.eliassen.nl\/de\/gartenstecker-windmuhle-happy-30cm-lila\/#local-main-organization-logo"},"sameAs":["https:\/\/www.facebook.com\/TuincentrumEliassenAmmerzoden","https:\/\/www.instagram.com\/eliassenhomeandgarden\/","https:\/\/nl.pinterest.com\/eliassenhomeandgarden\/","https:\/\/www.youtube.com\/@eliassenhomegardenpleasure4558"],"telephone":[],"openingHoursSpecification":[{"@type":"OpeningHoursSpecification","dayOfWeek":["Monday","Tuesday","Wednesday","Thursday","Friday","Saturday","Sunday"],"opens":"09:00","closes":"17:00"}]},{"@type":"ImageObject","inLanguage":"de","@id":"https:\/\/www.eliassen.nl\/de\/gartenstecker-windmuhle-happy-30cm-lila\/#local-main-organization-logo","url":"https:\/\/www.eliassen.nl\/wp-content\/uploads\/2024\/01\/logo_4nd.jpg","contentUrl":"https:\/\/www.eliassen.nl\/wp-content\/uploads\/2024\/01\/logo_4nd.jpg","width":500,"height":500,"caption":"Eliassen Home & Garden Pleasure"}]},"product_price_amount":"29.95","product_price_currency":"EUR","og_availability":"instock","product_availability":"instock","product_retailer_item_id":"560346 paars geu","product_condition":"new"},"df_price":29.95,"df_sale_price":"","df_regular_price":29.95,"df_image_link":"https:\/\/www.eliassen.nl\/wp-content\/uploads\/2024\/01\/tuinstekerwindmolenhappy30cmpaarseliassennl.jpg","image":"https:\/\/www.eliassen.nl\/wp-content\/uploads\/2024\/01\/tuinstekerwindmolenhappy30cmpaarseliassennl.jpg","price_search":"<span class=\"woocommerce-Price-amount amount\"><bdi><span class=\"woocommerce-Price-currencySymbol\">&euro;<\/span>&nbsp;29,95<\/bdi><\/span>","category":"Gartenstecker","global_unique_id":"4025809065377","_links":{"self":[{"href":"https:\/\/www.eliassen.nl\/de\/wp-json\/wp\/v2\/product\/72955","targetHints":{"allow":["GET"]}}],"collection":[{"href":"https:\/\/www.eliassen.nl\/de\/wp-json\/wp\/v2\/product"}],"about":[{"href":"https:\/\/www.eliassen.nl\/de\/wp-json\/wp\/v2\/types\/product"}],"wp:featuredmedia":[{"embeddable":true,"href":"https:\/\/www.eliassen.nl\/de\/wp-json\/wp\/v2\/media\/72952"}],"wp:attachment":[{"href":"https:\/\/www.eliassen.nl\/de\/wp-json\/wp\/v2\/media?parent=72955"}],"wp:term":[{"taxonomy":"product_brand","embeddable":true,"href":"https:\/\/www.eliassen.nl\/de\/wp-json\/wp\/v2\/product_brand?post=72955"},{"taxonomy":"product_cat","embeddable":true,"href":"https:\/\/www.eliassen.nl\/de\/wp-json\/wp\/v2\/product_cat?post=72955"},{"taxonomy":"product_tag","embeddable":true,"href":"https:\/\/www.eliassen.nl\/de\/wp-json\/wp\/v2\/product_tag?post=72955"}],"curies":[{"name":"wp","href":"https:\/\/api.w.org\/{rel}","templated":true}]}}