{"id":72715,"date":"2022-06-16T15:40:35","date_gmt":"2022-06-16T15:40:35","guid":{"rendered":"https:\/\/www.eliassen.nl\/?product=terrasfontein-blaze-black-graniet-80cm"},"modified":"2026-01-16T14:12:36","modified_gmt":"2026-01-16T13:12:36","slug":"terrassenbrunnen-blaze-schwarzer-granit-80cm","status":"publish","type":"product","link":"https:\/\/www.eliassen.nl\/de\/terrassenbrunnen-blaze-schwarzer-granit-80cm\/","title":{"rendered":"Terrassenbrunnen Blaze schwarzer Granit 80cm"},"content":{"rendered":"<p>Das Wasserornament ist aus massivem grauem Granit mit LED-Beleuchtung gefertigt. H\u00f6he 80 cm, das Tablett ist 50x60cm gro\u00df. Komplett mit Pumpe, Schl\u00e4uchen und LED-Beleuchtung an der Oberseite der Birne. Man muss nicht graben, der Tank ist gleichzeitig die Wasserversorgung. Jetzt mit Ablassschraube.<\/p>\n<p><strong>  Vergessen Sie nicht, unser Ausstellungsgel\u00e4nde zu besuchen, wo Sie auch gute Ratschl\u00e4ge erhalten!<\/strong><\/p>\n<ul>\n<li>Gr\u00f6\u00dfe 60x50x80cm hoch<\/li>\n<li>Material: Massiver grauer Granit, poliert.<\/li>\n<li>inkl. Pumpe. LED-Licht<\/li>\n<li>Kabell\u00e4nge Pumpe 10 mtr , LEDs 5 mtr<\/li>\n<li>Nirgendwo sonst zu verkaufen<\/li>\n<li>schnelle Lieferung<\/li>\n<\/ul>\n","protected":false},"excerpt":{"rendered":"<p>Das Wasserornament ist aus massivem grauem Granit mit LED-Beleuchtung gefertigt. H\u00f6he 80 cm, das Tablett ist 50x60cm gro\u00df. Komplett mit Pumpe, Schl\u00e4uchen und LED-Beleuchtung an der Oberseite der Birne. Man muss nicht graben, der Tank ist gleichzeitig die Wasserversorgung. Jetzt mit Ablassschraube. Vergessen Sie nicht, unser Ausstellungsgel\u00e4nde zu besuchen, wo Sie auch gute Ratschl\u00e4ge erhalten! &hellip;<\/p>\n","protected":false},"featured_media":72700,"template":"","meta":{"_acf_changed":false,"_genesis_title":"","_genesis_description":""},"product_brand":[7505],"product_cat":[539,548,536],"product_tag":[],"class_list":{"0":"post-72715","1":"product","2":"type-product","3":"status-publish","4":"has-post-thumbnail","6":"product_brand-sonstige","7":"product_cat-einzigartige-eigene-modelle-von-losen-wasserspiele","8":"product_cat-terrassenbrunnen","9":"product_cat-wassereigenschaften","11":"first","12":"instock","13":"taxable","14":"shipping-taxable","15":"purchasable","16":"product-type-simple"},"acf":[],"meta_all":{"total_sales":"3","wcml_sync_hash":{"postmeta_fields":"ea2fdf0af2f235443b2b5983e539d269"},"attr_label_translations":[],"searchwp_related":"terrasfontein blaze black graniet 80cm graniet 80cm","cor_restricted_countries":[]},"meta_all_flat":{"total_sales":"3","wcml_sync_hash.postmeta_fields":"ea2fdf0af2f235443b2b5983e539d269","searchwp_related":"terrasfontein blaze black graniet 80cm graniet 80cm"},"yoast_head":"<!-- This site is optimized with the Yoast SEO Premium plugin v26.2 (Yoast SEO v27.2) - https:\/\/yoast.com\/product\/yoast-seo-premium-wordpress\/ -->\n<title>Terrassenbrunnen Blaze schwarzer Granit 80cm<\/title>\n<meta name=\"robots\" content=\"index, follow, max-snippet:-1, max-image-preview:large, max-video-preview:-1\" \/>\n<link rel=\"canonical\" href=\"https:\/\/www.eliassen.nl\/de\/terrassenbrunnen-blaze-schwarzer-granit-80cm\/\" \/>\n<meta property=\"og:locale\" content=\"de_DE\" \/>\n<meta property=\"og:type\" content=\"article\" \/>\n<meta property=\"og:title\" content=\"Sonstige Terrassenbrunnen Blaze schwarzer Granit 80cm - Eliassen.nl\" \/>\n<meta property=\"og:description\" content=\"Das Wasserornament ist aus massivem grauem Granit mit LED-Beleuchtung gefertigt. H\u00f6he 80 cm, das Tablett ist 50x60cm gro\u00df. Komplett mit Pumpe, Schl\u00e4uchen und LED-Beleuchtung an der Oberseite der Birne. Man muss nicht graben, der Tank ist gleichzeitig die Wasserversorgung. Jetzt mit Ablassschraube. Vergessen Sie nicht, unser Ausstellungsgel\u00e4nde zu besuchen, wo Sie auch gute Ratschl\u00e4ge erhalten! &hellip;\" \/>\n<meta property=\"og:url\" content=\"https:\/\/www.eliassen.nl\/de\/terrassenbrunnen-blaze-schwarzer-granit-80cm\/\" \/>\n<meta property=\"og:site_name\" content=\"Eliassen.nl\" \/>\n<meta property=\"article:publisher\" content=\"https:\/\/www.facebook.com\/TuincentrumEliassenAmmerzoden\" \/>\n<meta property=\"article:modified_time\" content=\"2026-01-16T13:12:36+00:00\" \/>\n<meta property=\"og:image\" content=\"https:\/\/www.eliassen.nl\/wp-content\/uploads\/2024\/01\/mijnproject20220930t100735092.png\" \/>\n\t<meta property=\"og:image:width\" content=\"563\" \/>\n\t<meta property=\"og:image:height\" content=\"1000\" \/>\n\t<meta property=\"og:image:type\" content=\"image\/png\" \/>\n<meta name=\"twitter:card\" content=\"summary_large_image\" \/>\n<script type=\"application\/ld+json\" class=\"yoast-schema-graph\">{\"@context\":\"https:\/\/schema.org\",\"@graph\":[{\"@type\":\"WebPage\",\"@id\":\"https:\/\/www.eliassen.nl\/de\/terrassenbrunnen-blaze-schwarzer-granit-80cm\/\",\"url\":\"https:\/\/www.eliassen.nl\/de\/terrassenbrunnen-blaze-schwarzer-granit-80cm\/\",\"name\":\"Terrassenbrunnen Blaze schwarzer Granit 80cm\",\"isPartOf\":{\"@id\":\"https:\/\/www.eliassen.nl\/de\/#website\"},\"primaryImageOfPage\":{\"@id\":\"https:\/\/www.eliassen.nl\/de\/terrassenbrunnen-blaze-schwarzer-granit-80cm\/#primaryimage\"},\"image\":{\"@id\":\"https:\/\/www.eliassen.nl\/de\/terrassenbrunnen-blaze-schwarzer-granit-80cm\/#primaryimage\"},\"thumbnailUrl\":\"https:\/\/www.eliassen.nl\/wp-content\/uploads\/2024\/01\/mijnproject20220930t100735092.png\",\"datePublished\":\"2022-06-16T15:40:35+00:00\",\"dateModified\":\"2026-01-16T13:12:36+00:00\",\"breadcrumb\":{\"@id\":\"https:\/\/www.eliassen.nl\/de\/terrassenbrunnen-blaze-schwarzer-granit-80cm\/#breadcrumb\"},\"inLanguage\":\"de\",\"potentialAction\":[{\"@type\":\"ReadAction\",\"target\":[\"https:\/\/www.eliassen.nl\/de\/terrassenbrunnen-blaze-schwarzer-granit-80cm\/\"]}]},{\"@type\":\"ImageObject\",\"inLanguage\":\"de\",\"@id\":\"https:\/\/www.eliassen.nl\/de\/terrassenbrunnen-blaze-schwarzer-granit-80cm\/#primaryimage\",\"url\":\"https:\/\/www.eliassen.nl\/wp-content\/uploads\/2024\/01\/mijnproject20220930t100735092.png\",\"contentUrl\":\"https:\/\/www.eliassen.nl\/wp-content\/uploads\/2024\/01\/mijnproject20220930t100735092.png\",\"width\":563,\"height\":1000,\"caption\":\"Mein Projekt - 2022-09-30T100735.092\"},{\"@type\":\"BreadcrumbList\",\"@id\":\"https:\/\/www.eliassen.nl\/de\/terrassenbrunnen-blaze-schwarzer-granit-80cm\/#breadcrumb\",\"itemListElement\":[{\"@type\":\"ListItem\",\"position\":1,\"name\":\"Home\",\"item\":\"https:\/\/www.eliassen.nl\/de\/\"},{\"@type\":\"ListItem\",\"position\":2,\"name\":\"Shop\",\"item\":\"https:\/\/www.eliassen.nl\/de\/shop\/\"},{\"@type\":\"ListItem\",\"position\":3,\"name\":\"Wasserspiele\",\"item\":\"https:\/\/www.eliassen.nl\/de\/wassereigenschaften\/\"},{\"@type\":\"ListItem\",\"position\":4,\"name\":\"Einzigartige eigene Modelle von losen Wasserspielen\",\"item\":\"https:\/\/www.eliassen.nl\/de\/wassereigenschaften\/einzigartige-eigene-modelle-von-losen-wasserspiele\/\"},{\"@type\":\"ListItem\",\"position\":5,\"name\":\"Terrassenbrunnen Blaze schwarzer Granit 80cm\"}]},{\"@type\":\"WebSite\",\"@id\":\"https:\/\/www.eliassen.nl\/de\/#website\",\"url\":\"https:\/\/www.eliassen.nl\/de\/\",\"name\":\"Eliassen Home & Garden Pleasure\",\"description\":\"\",\"publisher\":{\"@id\":\"https:\/\/www.eliassen.nl\/de\/#organization\"},\"alternateName\":\"Eliassen.nl\",\"potentialAction\":[{\"@type\":\"SearchAction\",\"target\":{\"@type\":\"EntryPoint\",\"urlTemplate\":\"https:\/\/www.eliassen.nl\/de\/?s={search_term_string}\"},\"query-input\":{\"@type\":\"PropertyValueSpecification\",\"valueRequired\":true,\"valueName\":\"search_term_string\"}}],\"inLanguage\":\"de\"},{\"@type\":[\"Organization\",\"Place\"],\"@id\":\"https:\/\/www.eliassen.nl\/de\/#organization\",\"name\":\"Eliassen Home & Garden Pleasure\",\"url\":\"https:\/\/www.eliassen.nl\/de\/\",\"logo\":{\"@id\":\"https:\/\/www.eliassen.nl\/de\/terrassenbrunnen-blaze-schwarzer-granit-80cm\/#local-main-organization-logo\"},\"image\":{\"@id\":\"https:\/\/www.eliassen.nl\/de\/terrassenbrunnen-blaze-schwarzer-granit-80cm\/#local-main-organization-logo\"},\"sameAs\":[\"https:\/\/www.facebook.com\/TuincentrumEliassenAmmerzoden\",\"https:\/\/www.instagram.com\/eliassenhomeandgarden\/\",\"https:\/\/nl.pinterest.com\/eliassenhomeandgarden\/\",\"https:\/\/www.youtube.com\/@eliassenhomegardenpleasure4558\"],\"telephone\":[],\"openingHoursSpecification\":[{\"@type\":\"OpeningHoursSpecification\",\"dayOfWeek\":[\"Monday\",\"Tuesday\",\"Wednesday\",\"Thursday\",\"Friday\",\"Saturday\",\"Sunday\"],\"opens\":\"09:00\",\"closes\":\"17:00\"}]},{\"@type\":\"ImageObject\",\"inLanguage\":\"de\",\"@id\":\"https:\/\/www.eliassen.nl\/de\/terrassenbrunnen-blaze-schwarzer-granit-80cm\/#local-main-organization-logo\",\"url\":\"https:\/\/www.eliassen.nl\/wp-content\/uploads\/2024\/01\/logo_4nd.jpg\",\"contentUrl\":\"https:\/\/www.eliassen.nl\/wp-content\/uploads\/2024\/01\/logo_4nd.jpg\",\"width\":500,\"height\":500,\"caption\":\"Eliassen Home & Garden Pleasure\"}]}<\/script>\n<meta property=\"product:price:amount\" content=\"550.00\" \/>\n<meta property=\"product:price:currency\" content=\"EUR\" \/>\n<meta property=\"og:availability\" content=\"instock\" \/>\n<meta property=\"product:availability\" content=\"instock\" \/>\n<meta property=\"product:retailer_item_id\" content=\"3715\" \/>\n<meta property=\"product:condition\" content=\"new\" \/>\n<!-- \/ Yoast SEO Premium plugin. -->","yoast_head_json":{"title":"Terrassenbrunnen Blaze schwarzer Granit 80cm","robots":{"index":"index","follow":"follow","max-snippet":"max-snippet:-1","max-image-preview":"max-image-preview:large","max-video-preview":"max-video-preview:-1"},"canonical":"https:\/\/www.eliassen.nl\/de\/terrassenbrunnen-blaze-schwarzer-granit-80cm\/","og_locale":"de_DE","og_type":"article","og_title":"Sonstige Terrassenbrunnen Blaze schwarzer Granit 80cm - Eliassen.nl","og_description":"Das Wasserornament ist aus massivem grauem Granit mit LED-Beleuchtung gefertigt. H\u00f6he 80 cm, das Tablett ist 50x60cm gro\u00df. Komplett mit Pumpe, Schl\u00e4uchen und LED-Beleuchtung an der Oberseite der Birne. Man muss nicht graben, der Tank ist gleichzeitig die Wasserversorgung. Jetzt mit Ablassschraube. Vergessen Sie nicht, unser Ausstellungsgel\u00e4nde zu besuchen, wo Sie auch gute Ratschl\u00e4ge erhalten! &hellip;","og_url":"https:\/\/www.eliassen.nl\/de\/terrassenbrunnen-blaze-schwarzer-granit-80cm\/","og_site_name":"Eliassen.nl","article_publisher":"https:\/\/www.facebook.com\/TuincentrumEliassenAmmerzoden","article_modified_time":"2026-01-16T13:12:36+00:00","og_image":[{"width":563,"height":1000,"url":"https:\/\/www.eliassen.nl\/wp-content\/uploads\/2024\/01\/mijnproject20220930t100735092.png","type":"image\/png"}],"twitter_card":"summary_large_image","schema":{"@context":"https:\/\/schema.org","@graph":[{"@type":"WebPage","@id":"https:\/\/www.eliassen.nl\/de\/terrassenbrunnen-blaze-schwarzer-granit-80cm\/","url":"https:\/\/www.eliassen.nl\/de\/terrassenbrunnen-blaze-schwarzer-granit-80cm\/","name":"Terrassenbrunnen Blaze schwarzer Granit 80cm","isPartOf":{"@id":"https:\/\/www.eliassen.nl\/de\/#website"},"primaryImageOfPage":{"@id":"https:\/\/www.eliassen.nl\/de\/terrassenbrunnen-blaze-schwarzer-granit-80cm\/#primaryimage"},"image":{"@id":"https:\/\/www.eliassen.nl\/de\/terrassenbrunnen-blaze-schwarzer-granit-80cm\/#primaryimage"},"thumbnailUrl":"https:\/\/www.eliassen.nl\/wp-content\/uploads\/2024\/01\/mijnproject20220930t100735092.png","datePublished":"2022-06-16T15:40:35+00:00","dateModified":"2026-01-16T13:12:36+00:00","breadcrumb":{"@id":"https:\/\/www.eliassen.nl\/de\/terrassenbrunnen-blaze-schwarzer-granit-80cm\/#breadcrumb"},"inLanguage":"de","potentialAction":[{"@type":"ReadAction","target":["https:\/\/www.eliassen.nl\/de\/terrassenbrunnen-blaze-schwarzer-granit-80cm\/"]}]},{"@type":"ImageObject","inLanguage":"de","@id":"https:\/\/www.eliassen.nl\/de\/terrassenbrunnen-blaze-schwarzer-granit-80cm\/#primaryimage","url":"https:\/\/www.eliassen.nl\/wp-content\/uploads\/2024\/01\/mijnproject20220930t100735092.png","contentUrl":"https:\/\/www.eliassen.nl\/wp-content\/uploads\/2024\/01\/mijnproject20220930t100735092.png","width":563,"height":1000,"caption":"Mein Projekt - 2022-09-30T100735.092"},{"@type":"BreadcrumbList","@id":"https:\/\/www.eliassen.nl\/de\/terrassenbrunnen-blaze-schwarzer-granit-80cm\/#breadcrumb","itemListElement":[{"@type":"ListItem","position":1,"name":"Home","item":"https:\/\/www.eliassen.nl\/de\/"},{"@type":"ListItem","position":2,"name":"Shop","item":"https:\/\/www.eliassen.nl\/de\/shop\/"},{"@type":"ListItem","position":3,"name":"Wasserspiele","item":"https:\/\/www.eliassen.nl\/de\/wassereigenschaften\/"},{"@type":"ListItem","position":4,"name":"Einzigartige eigene Modelle von losen Wasserspielen","item":"https:\/\/www.eliassen.nl\/de\/wassereigenschaften\/einzigartige-eigene-modelle-von-losen-wasserspiele\/"},{"@type":"ListItem","position":5,"name":"Terrassenbrunnen Blaze schwarzer Granit 80cm"}]},{"@type":"WebSite","@id":"https:\/\/www.eliassen.nl\/de\/#website","url":"https:\/\/www.eliassen.nl\/de\/","name":"Eliassen Home & Garden Pleasure","description":"","publisher":{"@id":"https:\/\/www.eliassen.nl\/de\/#organization"},"alternateName":"Eliassen.nl","potentialAction":[{"@type":"SearchAction","target":{"@type":"EntryPoint","urlTemplate":"https:\/\/www.eliassen.nl\/de\/?s={search_term_string}"},"query-input":{"@type":"PropertyValueSpecification","valueRequired":true,"valueName":"search_term_string"}}],"inLanguage":"de"},{"@type":["Organization","Place"],"@id":"https:\/\/www.eliassen.nl\/de\/#organization","name":"Eliassen Home & Garden Pleasure","url":"https:\/\/www.eliassen.nl\/de\/","logo":{"@id":"https:\/\/www.eliassen.nl\/de\/terrassenbrunnen-blaze-schwarzer-granit-80cm\/#local-main-organization-logo"},"image":{"@id":"https:\/\/www.eliassen.nl\/de\/terrassenbrunnen-blaze-schwarzer-granit-80cm\/#local-main-organization-logo"},"sameAs":["https:\/\/www.facebook.com\/TuincentrumEliassenAmmerzoden","https:\/\/www.instagram.com\/eliassenhomeandgarden\/","https:\/\/nl.pinterest.com\/eliassenhomeandgarden\/","https:\/\/www.youtube.com\/@eliassenhomegardenpleasure4558"],"telephone":[],"openingHoursSpecification":[{"@type":"OpeningHoursSpecification","dayOfWeek":["Monday","Tuesday","Wednesday","Thursday","Friday","Saturday","Sunday"],"opens":"09:00","closes":"17:00"}]},{"@type":"ImageObject","inLanguage":"de","@id":"https:\/\/www.eliassen.nl\/de\/terrassenbrunnen-blaze-schwarzer-granit-80cm\/#local-main-organization-logo","url":"https:\/\/www.eliassen.nl\/wp-content\/uploads\/2024\/01\/logo_4nd.jpg","contentUrl":"https:\/\/www.eliassen.nl\/wp-content\/uploads\/2024\/01\/logo_4nd.jpg","width":500,"height":500,"caption":"Eliassen Home & Garden Pleasure"}]},"product_price_amount":"550.00","product_price_currency":"EUR","og_availability":"instock","product_availability":"instock","product_retailer_item_id":"3715","product_condition":"new"},"df_price":550,"df_sale_price":"","df_regular_price":550,"df_image_link":"https:\/\/www.eliassen.nl\/wp-content\/uploads\/2024\/01\/mijnproject20220930t100735092.png","image":"https:\/\/www.eliassen.nl\/wp-content\/uploads\/2024\/01\/mijnproject20220930t100735092.png","price_search":"<span class=\"woocommerce-Price-amount amount\"><bdi><span class=\"woocommerce-Price-currencySymbol\">&euro;<\/span>&nbsp;550,00<\/bdi><\/span>","category":"Einzigartige eigene Modelle von losen Wasserspielen","global_unique_id":"9504597776511","_links":{"self":[{"href":"https:\/\/www.eliassen.nl\/de\/wp-json\/wp\/v2\/product\/72715","targetHints":{"allow":["GET"]}}],"collection":[{"href":"https:\/\/www.eliassen.nl\/de\/wp-json\/wp\/v2\/product"}],"about":[{"href":"https:\/\/www.eliassen.nl\/de\/wp-json\/wp\/v2\/types\/product"}],"wp:featuredmedia":[{"embeddable":true,"href":"https:\/\/www.eliassen.nl\/de\/wp-json\/wp\/v2\/media\/72700"}],"wp:attachment":[{"href":"https:\/\/www.eliassen.nl\/de\/wp-json\/wp\/v2\/media?parent=72715"}],"wp:term":[{"taxonomy":"product_brand","embeddable":true,"href":"https:\/\/www.eliassen.nl\/de\/wp-json\/wp\/v2\/product_brand?post=72715"},{"taxonomy":"product_cat","embeddable":true,"href":"https:\/\/www.eliassen.nl\/de\/wp-json\/wp\/v2\/product_cat?post=72715"},{"taxonomy":"product_tag","embeddable":true,"href":"https:\/\/www.eliassen.nl\/de\/wp-json\/wp\/v2\/product_tag?post=72715"}],"curies":[{"name":"wp","href":"https:\/\/api.w.org\/{rel}","templated":true}]}}