{"id":72505,"date":"2022-05-25T10:09:24","date_gmt":"2022-05-25T10:09:24","guid":{"rendered":"https:\/\/www.eliassen.nl\/?product=schilderij-canvas-fietsen-bij-strand-2-70x50cm"},"modified":"2026-01-07T13:24:33","modified_gmt":"2026-01-07T12:24:33","slug":"malleinwand-radfahren-am-strand-2-70x50cm","status":"publish","type":"product","link":"https:\/\/www.eliassen.nl\/de\/malleinwand-radfahren-am-strand-2-70x50cm\/","title":{"rendered":"Gem\u00e4lde Leinwand Radfahren am Strand 2 70x50cm"},"content":{"rendered":"<p>M\u00f6chten Sie ein Leinwandgem\u00e4lde, das auf altmodische Art und Weise und von den besten Kunsthandwerkern gemalt wurde? Dann ist diese Serie von Wanddekorationen genau das Richtige f\u00fcr Sie. Dieses Gem\u00e4lde, das Fahrr\u00e4der am Strand zeigt, wurde sorgf\u00e4ltig mit den besten Farbkompositionen und mit viel Liebe zum Detail angefertigt!<br \/>Da es von Menschenhand gemacht ist, kann das Foto leicht von der Realit\u00e4t abweichen.<\/p>\n<p>Wir haben auch fast die gesamte Kollektion dieser Serie in unserem Gesch\u00e4ft, was in den Niederlanden einzigartig ist.<br \/>Nirgendwo finden Sie eine so gro\u00dfe Sammlung. Sie sind herzlich willkommen.<\/p>\n<ul>\n<li>Gr\u00f6\u00dfe 70x50cm<\/li>\n<li>Dickes und robustes echtes Segeltuch<\/li>\n<li>Einfach mit einer Schraube aufh\u00e4ngen<\/li>\n<li>Schnelle Lieferung<\/li>\n<li><strong>Die gr\u00f6\u00dfte Sammlung in den Benelux-L\u00e4ndern, die Sie auch live sehen k\u00f6nnen.<\/strong><\/li>\n<li>1 Jahr Garantie<\/li>\n<\/ul>\n","protected":false},"excerpt":{"rendered":"<p>M\u00f6chten Sie ein Leinwandgem\u00e4lde, das auf altmodische Art und Weise und von den besten Kunsthandwerkern gemalt wurde? Dann ist diese Serie von Wanddekorationen genau das Richtige f\u00fcr Sie. Dieses Gem\u00e4lde, das Fahrr\u00e4der am Strand zeigt, wurde sorgf\u00e4ltig mit den besten Farbkompositionen und mit viel Liebe zum Detail angefertigt!Da es von Menschenhand gemacht ist, kann das &hellip;<\/p>\n","protected":false},"featured_media":72502,"template":"","meta":{"_acf_changed":false,"_genesis_title":"","_genesis_description":""},"product_brand":[7505],"product_cat":[410,476],"product_tag":[],"class_list":{"0":"post-72505","1":"product","2":"type-product","3":"status-publish","4":"has-post-thumbnail","6":"product_brand-sonstige","7":"product_cat-gemaelde","8":"product_cat-gemaelde-auf-leinwand","10":"first","11":"instock","12":"sale","13":"taxable","14":"shipping-taxable","15":"purchasable","16":"product-type-simple"},"acf":[],"meta_all":{"total_sales":"0","wcml_sync_hash":{"postmeta_fields":"eca5679ec7a5739945cb2fce85430434"},"attr_label_translations":[]},"meta_all_flat":{"total_sales":"0","wcml_sync_hash.postmeta_fields":"eca5679ec7a5739945cb2fce85430434"},"yoast_head":"<!-- This site is optimized with the Yoast SEO Premium plugin v26.2 (Yoast SEO v27.2) - https:\/\/yoast.com\/product\/yoast-seo-premium-wordpress\/ -->\n<title>Gem\u00e4lde Leinwand Fahrr\u00e4der in Strandn\u00e4he 2 70x50cm - Eliassen.nl<\/title>\n<meta name=\"description\" content=\"Sie m\u00f6chten ein Leinwandgem\u00e4lde kaufen? Sehen Sie sich jetzt Lackierfahrr\u00e4der bei strand und viele andere im Ausstellungsraum oder auf unserer Website an. \u2713 Gro\u00dfe Sammlung \u2713 Live-Ansicht\" \/>\n<meta name=\"robots\" content=\"index, follow, max-snippet:-1, max-image-preview:large, max-video-preview:-1\" \/>\n<link rel=\"canonical\" href=\"https:\/\/www.eliassen.nl\/de\/malleinwand-radfahren-am-strand-2-70x50cm\/\" \/>\n<meta property=\"og:locale\" content=\"de_DE\" \/>\n<meta property=\"og:type\" content=\"article\" \/>\n<meta property=\"og:title\" content=\"Sonstige Gem\u00e4lde Leinwand Radfahren am Strand 2 70x50cm - Eliassen.nl\" \/>\n<meta property=\"og:description\" content=\"Sie m\u00f6chten ein Leinwandgem\u00e4lde kaufen? Sehen Sie sich jetzt Lackierfahrr\u00e4der bei strand und viele andere im Ausstellungsraum oder auf unserer Website an. \u2713 Gro\u00dfe Sammlung \u2713 Live-Ansicht\" \/>\n<meta property=\"og:url\" content=\"https:\/\/www.eliassen.nl\/de\/malleinwand-radfahren-am-strand-2-70x50cm\/\" \/>\n<meta property=\"og:site_name\" content=\"Eliassen.nl\" \/>\n<meta property=\"article:publisher\" content=\"https:\/\/www.facebook.com\/TuincentrumEliassenAmmerzoden\" \/>\n<meta property=\"article:modified_time\" content=\"2026-01-07T12:24:33+00:00\" \/>\n<meta property=\"og:image\" content=\"https:\/\/www.eliassen.nl\/wp-content\/uploads\/2024\/01\/schilderijcanvasfietsenbijstrand270x50cme.jpg\" \/>\n\t<meta property=\"og:image:width\" content=\"553\" \/>\n\t<meta property=\"og:image:height\" content=\"399\" \/>\n\t<meta property=\"og:image:type\" content=\"image\/jpeg\" \/>\n<meta name=\"twitter:card\" content=\"summary_large_image\" \/>\n<script type=\"application\/ld+json\" class=\"yoast-schema-graph\">{\"@context\":\"https:\/\/schema.org\",\"@graph\":[{\"@type\":\"WebPage\",\"@id\":\"https:\/\/www.eliassen.nl\/de\/malleinwand-radfahren-am-strand-2-70x50cm\/\",\"url\":\"https:\/\/www.eliassen.nl\/de\/malleinwand-radfahren-am-strand-2-70x50cm\/\",\"name\":\"Gem\u00e4lde Leinwand Fahrr\u00e4der in Strandn\u00e4he 2 70x50cm - Eliassen.nl\",\"isPartOf\":{\"@id\":\"https:\/\/www.eliassen.nl\/de\/#website\"},\"primaryImageOfPage\":{\"@id\":\"https:\/\/www.eliassen.nl\/de\/malleinwand-radfahren-am-strand-2-70x50cm\/#primaryimage\"},\"image\":{\"@id\":\"https:\/\/www.eliassen.nl\/de\/malleinwand-radfahren-am-strand-2-70x50cm\/#primaryimage\"},\"thumbnailUrl\":\"https:\/\/www.eliassen.nl\/wp-content\/uploads\/2024\/01\/schilderijcanvasfietsenbijstrand270x50cme.jpg\",\"datePublished\":\"2022-05-25T10:09:24+00:00\",\"dateModified\":\"2026-01-07T12:24:33+00:00\",\"description\":\"Sie m\u00f6chten ein Leinwandgem\u00e4lde kaufen? Sehen Sie sich jetzt Lackierfahrr\u00e4der bei strand und viele andere im Ausstellungsraum oder auf unserer Website an. \u2713 Gro\u00dfe Sammlung \u2713 Live-Ansicht\",\"breadcrumb\":{\"@id\":\"https:\/\/www.eliassen.nl\/de\/malleinwand-radfahren-am-strand-2-70x50cm\/#breadcrumb\"},\"inLanguage\":\"de\",\"potentialAction\":[{\"@type\":\"ReadAction\",\"target\":[\"https:\/\/www.eliassen.nl\/de\/malleinwand-radfahren-am-strand-2-70x50cm\/\"]}]},{\"@type\":\"ImageObject\",\"inLanguage\":\"de\",\"@id\":\"https:\/\/www.eliassen.nl\/de\/malleinwand-radfahren-am-strand-2-70x50cm\/#primaryimage\",\"url\":\"https:\/\/www.eliassen.nl\/wp-content\/uploads\/2024\/01\/schilderijcanvasfietsenbijstrand270x50cme.jpg\",\"contentUrl\":\"https:\/\/www.eliassen.nl\/wp-content\/uploads\/2024\/01\/schilderijcanvasfietsenbijstrand270x50cme.jpg\",\"width\":553,\"height\":399,\"caption\":\"Gem\u00e4lde Leinwand Fahrr\u00e4der in Strandn\u00e4he 2 70x50cm - Eliassen.nl\"},{\"@type\":\"BreadcrumbList\",\"@id\":\"https:\/\/www.eliassen.nl\/de\/malleinwand-radfahren-am-strand-2-70x50cm\/#breadcrumb\",\"itemListElement\":[{\"@type\":\"ListItem\",\"position\":1,\"name\":\"Home\",\"item\":\"https:\/\/www.eliassen.nl\/de\/\"},{\"@type\":\"ListItem\",\"position\":2,\"name\":\"Shop\",\"item\":\"https:\/\/www.eliassen.nl\/de\/shop\/\"},{\"@type\":\"ListItem\",\"position\":3,\"name\":\"Gem\u00e4lde\",\"item\":\"https:\/\/www.eliassen.nl\/de\/gemaelde\/\"},{\"@type\":\"ListItem\",\"position\":4,\"name\":\"Gem\u00e4lde auf Leinwand\",\"item\":\"https:\/\/www.eliassen.nl\/de\/gemaelde\/gemaelde-auf-leinwand\/\"},{\"@type\":\"ListItem\",\"position\":5,\"name\":\"Gem\u00e4lde Leinwand Radfahren am Strand 2 70x50cm\"}]},{\"@type\":\"WebSite\",\"@id\":\"https:\/\/www.eliassen.nl\/de\/#website\",\"url\":\"https:\/\/www.eliassen.nl\/de\/\",\"name\":\"Eliassen Home & Garden Pleasure\",\"description\":\"\",\"publisher\":{\"@id\":\"https:\/\/www.eliassen.nl\/de\/#organization\"},\"alternateName\":\"Eliassen.nl\",\"potentialAction\":[{\"@type\":\"SearchAction\",\"target\":{\"@type\":\"EntryPoint\",\"urlTemplate\":\"https:\/\/www.eliassen.nl\/de\/?s={search_term_string}\"},\"query-input\":{\"@type\":\"PropertyValueSpecification\",\"valueRequired\":true,\"valueName\":\"search_term_string\"}}],\"inLanguage\":\"de\"},{\"@type\":[\"Organization\",\"Place\"],\"@id\":\"https:\/\/www.eliassen.nl\/de\/#organization\",\"name\":\"Eliassen Home & Garden Pleasure\",\"url\":\"https:\/\/www.eliassen.nl\/de\/\",\"logo\":{\"@id\":\"https:\/\/www.eliassen.nl\/de\/malleinwand-radfahren-am-strand-2-70x50cm\/#local-main-organization-logo\"},\"image\":{\"@id\":\"https:\/\/www.eliassen.nl\/de\/malleinwand-radfahren-am-strand-2-70x50cm\/#local-main-organization-logo\"},\"sameAs\":[\"https:\/\/www.facebook.com\/TuincentrumEliassenAmmerzoden\",\"https:\/\/www.instagram.com\/eliassenhomeandgarden\/\",\"https:\/\/nl.pinterest.com\/eliassenhomeandgarden\/\",\"https:\/\/www.youtube.com\/@eliassenhomegardenpleasure4558\"],\"telephone\":[],\"openingHoursSpecification\":[{\"@type\":\"OpeningHoursSpecification\",\"dayOfWeek\":[\"Monday\",\"Tuesday\",\"Wednesday\",\"Thursday\",\"Friday\",\"Saturday\",\"Sunday\"],\"opens\":\"09:00\",\"closes\":\"17:00\"}]},{\"@type\":\"ImageObject\",\"inLanguage\":\"de\",\"@id\":\"https:\/\/www.eliassen.nl\/de\/malleinwand-radfahren-am-strand-2-70x50cm\/#local-main-organization-logo\",\"url\":\"https:\/\/www.eliassen.nl\/wp-content\/uploads\/2024\/01\/logo_4nd.jpg\",\"contentUrl\":\"https:\/\/www.eliassen.nl\/wp-content\/uploads\/2024\/01\/logo_4nd.jpg\",\"width\":500,\"height\":500,\"caption\":\"Eliassen Home & Garden Pleasure\"}]}<\/script>\n<meta property=\"product:price:amount\" content=\"39.00\" \/>\n<meta property=\"product:price:currency\" content=\"EUR\" \/>\n<meta property=\"og:availability\" content=\"instock\" \/>\n<meta property=\"product:availability\" content=\"instock\" \/>\n<meta property=\"product:retailer_item_id\" content=\"677587\" \/>\n<meta property=\"product:condition\" content=\"new\" \/>\n<!-- \/ Yoast SEO Premium plugin. -->","yoast_head_json":{"title":"Gem\u00e4lde Leinwand Fahrr\u00e4der in Strandn\u00e4he 2 70x50cm - Eliassen.nl","description":"Sie m\u00f6chten ein Leinwandgem\u00e4lde kaufen? Sehen Sie sich jetzt Lackierfahrr\u00e4der bei strand und viele andere im Ausstellungsraum oder auf unserer Website an. \u2713 Gro\u00dfe Sammlung \u2713 Live-Ansicht","robots":{"index":"index","follow":"follow","max-snippet":"max-snippet:-1","max-image-preview":"max-image-preview:large","max-video-preview":"max-video-preview:-1"},"canonical":"https:\/\/www.eliassen.nl\/de\/malleinwand-radfahren-am-strand-2-70x50cm\/","og_locale":"de_DE","og_type":"article","og_title":"Sonstige Gem\u00e4lde Leinwand Radfahren am Strand 2 70x50cm - Eliassen.nl","og_description":"Sie m\u00f6chten ein Leinwandgem\u00e4lde kaufen? Sehen Sie sich jetzt Lackierfahrr\u00e4der bei strand und viele andere im Ausstellungsraum oder auf unserer Website an. \u2713 Gro\u00dfe Sammlung \u2713 Live-Ansicht","og_url":"https:\/\/www.eliassen.nl\/de\/malleinwand-radfahren-am-strand-2-70x50cm\/","og_site_name":"Eliassen.nl","article_publisher":"https:\/\/www.facebook.com\/TuincentrumEliassenAmmerzoden","article_modified_time":"2026-01-07T12:24:33+00:00","og_image":[{"width":553,"height":399,"url":"https:\/\/www.eliassen.nl\/wp-content\/uploads\/2024\/01\/schilderijcanvasfietsenbijstrand270x50cme.jpg","type":"image\/jpeg"}],"twitter_card":"summary_large_image","schema":{"@context":"https:\/\/schema.org","@graph":[{"@type":"WebPage","@id":"https:\/\/www.eliassen.nl\/de\/malleinwand-radfahren-am-strand-2-70x50cm\/","url":"https:\/\/www.eliassen.nl\/de\/malleinwand-radfahren-am-strand-2-70x50cm\/","name":"Gem\u00e4lde Leinwand Fahrr\u00e4der in Strandn\u00e4he 2 70x50cm - Eliassen.nl","isPartOf":{"@id":"https:\/\/www.eliassen.nl\/de\/#website"},"primaryImageOfPage":{"@id":"https:\/\/www.eliassen.nl\/de\/malleinwand-radfahren-am-strand-2-70x50cm\/#primaryimage"},"image":{"@id":"https:\/\/www.eliassen.nl\/de\/malleinwand-radfahren-am-strand-2-70x50cm\/#primaryimage"},"thumbnailUrl":"https:\/\/www.eliassen.nl\/wp-content\/uploads\/2024\/01\/schilderijcanvasfietsenbijstrand270x50cme.jpg","datePublished":"2022-05-25T10:09:24+00:00","dateModified":"2026-01-07T12:24:33+00:00","description":"Sie m\u00f6chten ein Leinwandgem\u00e4lde kaufen? Sehen Sie sich jetzt Lackierfahrr\u00e4der bei strand und viele andere im Ausstellungsraum oder auf unserer Website an. \u2713 Gro\u00dfe Sammlung \u2713 Live-Ansicht","breadcrumb":{"@id":"https:\/\/www.eliassen.nl\/de\/malleinwand-radfahren-am-strand-2-70x50cm\/#breadcrumb"},"inLanguage":"de","potentialAction":[{"@type":"ReadAction","target":["https:\/\/www.eliassen.nl\/de\/malleinwand-radfahren-am-strand-2-70x50cm\/"]}]},{"@type":"ImageObject","inLanguage":"de","@id":"https:\/\/www.eliassen.nl\/de\/malleinwand-radfahren-am-strand-2-70x50cm\/#primaryimage","url":"https:\/\/www.eliassen.nl\/wp-content\/uploads\/2024\/01\/schilderijcanvasfietsenbijstrand270x50cme.jpg","contentUrl":"https:\/\/www.eliassen.nl\/wp-content\/uploads\/2024\/01\/schilderijcanvasfietsenbijstrand270x50cme.jpg","width":553,"height":399,"caption":"Gem\u00e4lde Leinwand Fahrr\u00e4der in Strandn\u00e4he 2 70x50cm - Eliassen.nl"},{"@type":"BreadcrumbList","@id":"https:\/\/www.eliassen.nl\/de\/malleinwand-radfahren-am-strand-2-70x50cm\/#breadcrumb","itemListElement":[{"@type":"ListItem","position":1,"name":"Home","item":"https:\/\/www.eliassen.nl\/de\/"},{"@type":"ListItem","position":2,"name":"Shop","item":"https:\/\/www.eliassen.nl\/de\/shop\/"},{"@type":"ListItem","position":3,"name":"Gem\u00e4lde","item":"https:\/\/www.eliassen.nl\/de\/gemaelde\/"},{"@type":"ListItem","position":4,"name":"Gem\u00e4lde auf Leinwand","item":"https:\/\/www.eliassen.nl\/de\/gemaelde\/gemaelde-auf-leinwand\/"},{"@type":"ListItem","position":5,"name":"Gem\u00e4lde Leinwand Radfahren am Strand 2 70x50cm"}]},{"@type":"WebSite","@id":"https:\/\/www.eliassen.nl\/de\/#website","url":"https:\/\/www.eliassen.nl\/de\/","name":"Eliassen Home & Garden Pleasure","description":"","publisher":{"@id":"https:\/\/www.eliassen.nl\/de\/#organization"},"alternateName":"Eliassen.nl","potentialAction":[{"@type":"SearchAction","target":{"@type":"EntryPoint","urlTemplate":"https:\/\/www.eliassen.nl\/de\/?s={search_term_string}"},"query-input":{"@type":"PropertyValueSpecification","valueRequired":true,"valueName":"search_term_string"}}],"inLanguage":"de"},{"@type":["Organization","Place"],"@id":"https:\/\/www.eliassen.nl\/de\/#organization","name":"Eliassen Home & Garden Pleasure","url":"https:\/\/www.eliassen.nl\/de\/","logo":{"@id":"https:\/\/www.eliassen.nl\/de\/malleinwand-radfahren-am-strand-2-70x50cm\/#local-main-organization-logo"},"image":{"@id":"https:\/\/www.eliassen.nl\/de\/malleinwand-radfahren-am-strand-2-70x50cm\/#local-main-organization-logo"},"sameAs":["https:\/\/www.facebook.com\/TuincentrumEliassenAmmerzoden","https:\/\/www.instagram.com\/eliassenhomeandgarden\/","https:\/\/nl.pinterest.com\/eliassenhomeandgarden\/","https:\/\/www.youtube.com\/@eliassenhomegardenpleasure4558"],"telephone":[],"openingHoursSpecification":[{"@type":"OpeningHoursSpecification","dayOfWeek":["Monday","Tuesday","Wednesday","Thursday","Friday","Saturday","Sunday"],"opens":"09:00","closes":"17:00"}]},{"@type":"ImageObject","inLanguage":"de","@id":"https:\/\/www.eliassen.nl\/de\/malleinwand-radfahren-am-strand-2-70x50cm\/#local-main-organization-logo","url":"https:\/\/www.eliassen.nl\/wp-content\/uploads\/2024\/01\/logo_4nd.jpg","contentUrl":"https:\/\/www.eliassen.nl\/wp-content\/uploads\/2024\/01\/logo_4nd.jpg","width":500,"height":500,"caption":"Eliassen Home & Garden Pleasure"}]},"product_price_amount":"39.00","product_price_currency":"EUR","og_availability":"instock","product_availability":"instock","product_retailer_item_id":"677587","product_condition":"new"},"df_price":39,"df_sale_price":39,"df_regular_price":54.5,"df_image_link":"https:\/\/www.eliassen.nl\/wp-content\/uploads\/2024\/01\/schilderijcanvasfietsenbijstrand270x50cme.jpg","image":"https:\/\/www.eliassen.nl\/wp-content\/uploads\/2024\/01\/schilderijcanvasfietsenbijstrand270x50cme.jpg","price_search":"<span class=\"woocommerce-Price-amount amount\"><bdi><span class=\"woocommerce-Price-currencySymbol\">&euro;<\/span>&nbsp;39,00<\/bdi><\/span>","category":"Gem\u00e4lde","global_unique_id":"4025809069085","_links":{"self":[{"href":"https:\/\/www.eliassen.nl\/de\/wp-json\/wp\/v2\/product\/72505","targetHints":{"allow":["GET"]}}],"collection":[{"href":"https:\/\/www.eliassen.nl\/de\/wp-json\/wp\/v2\/product"}],"about":[{"href":"https:\/\/www.eliassen.nl\/de\/wp-json\/wp\/v2\/types\/product"}],"wp:featuredmedia":[{"embeddable":true,"href":"https:\/\/www.eliassen.nl\/de\/wp-json\/wp\/v2\/media\/72502"}],"wp:attachment":[{"href":"https:\/\/www.eliassen.nl\/de\/wp-json\/wp\/v2\/media?parent=72505"}],"wp:term":[{"taxonomy":"product_brand","embeddable":true,"href":"https:\/\/www.eliassen.nl\/de\/wp-json\/wp\/v2\/product_brand?post=72505"},{"taxonomy":"product_cat","embeddable":true,"href":"https:\/\/www.eliassen.nl\/de\/wp-json\/wp\/v2\/product_cat?post=72505"},{"taxonomy":"product_tag","embeddable":true,"href":"https:\/\/www.eliassen.nl\/de\/wp-json\/wp\/v2\/product_tag?post=72505"}],"curies":[{"name":"wp","href":"https:\/\/api.w.org\/{rel}","templated":true}]}}