{"id":72487,"date":"2022-05-24T17:04:29","date_gmt":"2022-05-24T17:04:29","guid":{"rendered":"https:\/\/www.eliassen.nl\/?product=muurklok-spot-50cm"},"modified":"2025-12-03T16:29:40","modified_gmt":"2025-12-03T15:29:40","slug":"wanduhr-modern-spot-50cm","status":"publish","type":"product","link":"https:\/\/www.eliassen.nl\/de\/wanduhr-modern-spot-50cm\/","title":{"rendered":"Wanduhr modern Spot 50cm"},"content":{"rendered":"<p>Seit jeher wollen die Menschen wissen, wie sp\u00e4t es ist. Eine Uhr war fr\u00fcher unentbehrlich, um zu sehen, in welcher Tageszeit man lebte. Heute ist die Uhr immer noch ein n\u00fctzlicher Gebrauchsgegenstand, wird aber zunehmend als sch\u00f6nes St\u00fcck Wanddekoration gekauft. Diese mattschwarze, gro\u00dfe H\u00e4ngeuhr ist komplett aus 1,5 mm dickem Metall gefertigt und verf\u00fcgt \u00fcber ein Quarzwerk, das jahrelang mit einer guten AA-Batterie l\u00e4uft. Diese moderne Wanduhr mit Spritzmustern h\u00e4ngt ca. 1,5 cm von der Wand ab, wodurch ein sch\u00f6ner Tiefeneffekt entsteht.<\/p>\n<p><strong>Sie k\u00f6nnen sich diese Uhr auch in unserem Gesch\u00e4ft ansehen. Wir haben fast die gesamte Serie dieser Uhren in unserem Gesch\u00e4ft ausgestellt!<\/strong><\/p>\n<p><em>Technische Daten:<\/em><\/p>\n<ul>\n<li>Garantie: 2 Jahre<\/li>\n<li>Gr\u00f6\u00dfe: 50&#215;2 cm<\/li>\n<li>Material: Metall<\/li>\n<li>Farbe des Zifferblatts: Schwarz<\/li>\n<li>Farbe der Zeiger: gold<\/li>\n<li>Stromversorgung: 1x AA-Batterie, nicht enthalten.<\/li>\n<li>Einfaches Aufh\u00e4ngen mit 1 Schraube<\/li>\n<li>Verpackt in einem stabilen Karton.<\/li>\n<\/ul>\n","protected":false},"excerpt":{"rendered":"<p>Seit jeher wollen die Menschen wissen, wie sp\u00e4t es ist. Eine Uhr war fr\u00fcher unentbehrlich, um zu sehen, in welcher Tageszeit man lebte. Heute ist die Uhr immer noch ein n\u00fctzlicher Gebrauchsgegenstand, wird aber zunehmend als sch\u00f6nes St\u00fcck Wanddekoration gekauft. Diese mattschwarze, gro\u00dfe H\u00e4ngeuhr ist komplett aus 1,5 mm dickem Metall gefertigt und verf\u00fcgt \u00fcber &hellip;<\/p>\n","protected":false},"featured_media":72478,"template":"","meta":{"_acf_changed":false,"_genesis_title":"","_genesis_description":""},"product_brand":[7505],"product_cat":[509,521],"product_tag":[],"class_list":{"0":"post-72487","1":"product","2":"type-product","3":"status-publish","4":"has-post-thumbnail","6":"product_brand-sonstige","7":"product_cat-wanddekoration","8":"product_cat-wanduhren","10":"first","11":"instock","12":"sale","13":"taxable","14":"shipping-taxable","15":"purchasable","16":"product-type-simple"},"acf":[],"meta_all":{"total_sales":"1","wcml_sync_hash":{"postmeta_fields":"ba2c9ade60bd78a5414d007573b6c846"},"attr_label_translations":[],"cor_restricted_countries":["DE"],"cor_product_add":"ja"},"meta_all_flat":{"total_sales":"1","wcml_sync_hash.postmeta_fields":"ba2c9ade60bd78a5414d007573b6c846","cor_restricted_countries.0":"DE","cor_product_add":"ja"},"yoast_head":"<!-- This site is optimized with the Yoast SEO Premium plugin v26.2 (Yoast SEO v27.2) - https:\/\/yoast.com\/product\/yoast-seo-premium-wordpress\/ -->\n<title>Wanduhr Spot 50cm<\/title>\n<meta name=\"description\" content=\"Uhren im modernen oder im Landhausstil, schauen Sie doch auch mal rein !!!\" \/>\n<meta name=\"robots\" content=\"index, follow, max-snippet:-1, max-image-preview:large, max-video-preview:-1\" \/>\n<link rel=\"canonical\" href=\"https:\/\/www.eliassen.nl\/de\/wanduhr-modern-spot-50cm\/\" \/>\n<meta property=\"og:locale\" content=\"de_DE\" \/>\n<meta property=\"og:type\" content=\"article\" \/>\n<meta property=\"og:title\" content=\"Sonstige Wanduhr modern Spot 50cm - Eliassen.nl\" \/>\n<meta property=\"og:description\" content=\"Uhren im modernen oder im Landhausstil, schauen Sie doch auch mal rein !!!\" \/>\n<meta property=\"og:url\" content=\"https:\/\/www.eliassen.nl\/de\/wanduhr-modern-spot-50cm\/\" \/>\n<meta property=\"og:site_name\" content=\"Eliassen.nl\" \/>\n<meta property=\"article:publisher\" content=\"https:\/\/www.facebook.com\/TuincentrumEliassenAmmerzoden\" \/>\n<meta property=\"article:modified_time\" content=\"2025-12-03T15:29:40+00:00\" \/>\n<meta property=\"og:image\" content=\"https:\/\/www.eliassen.nl\/wp-content\/uploads\/2024\/01\/ms100430092020152fedd.jpg\" \/>\n\t<meta property=\"og:image:width\" content=\"486\" \/>\n\t<meta property=\"og:image:height\" content=\"448\" \/>\n\t<meta property=\"og:image:type\" content=\"image\/jpeg\" \/>\n<meta name=\"twitter:card\" content=\"summary_large_image\" \/>\n<script type=\"application\/ld+json\" class=\"yoast-schema-graph\">{\"@context\":\"https:\/\/schema.org\",\"@graph\":[{\"@type\":\"WebPage\",\"@id\":\"https:\/\/www.eliassen.nl\/de\/wanduhr-modern-spot-50cm\/\",\"url\":\"https:\/\/www.eliassen.nl\/de\/wanduhr-modern-spot-50cm\/\",\"name\":\"Wanduhr Spot 50cm\",\"isPartOf\":{\"@id\":\"https:\/\/www.eliassen.nl\/de\/#website\"},\"primaryImageOfPage\":{\"@id\":\"https:\/\/www.eliassen.nl\/de\/wanduhr-modern-spot-50cm\/#primaryimage\"},\"image\":{\"@id\":\"https:\/\/www.eliassen.nl\/de\/wanduhr-modern-spot-50cm\/#primaryimage\"},\"thumbnailUrl\":\"https:\/\/www.eliassen.nl\/wp-content\/uploads\/2024\/01\/ms100430092020152fedd.jpg\",\"datePublished\":\"2022-05-24T17:04:29+00:00\",\"dateModified\":\"2025-12-03T15:29:40+00:00\",\"description\":\"Uhren im modernen oder im Landhausstil, schauen Sie doch auch mal rein !!!\",\"breadcrumb\":{\"@id\":\"https:\/\/www.eliassen.nl\/de\/wanduhr-modern-spot-50cm\/#breadcrumb\"},\"inLanguage\":\"de\",\"potentialAction\":[{\"@type\":\"ReadAction\",\"target\":[\"https:\/\/www.eliassen.nl\/de\/wanduhr-modern-spot-50cm\/\"]}]},{\"@type\":\"ImageObject\",\"inLanguage\":\"de\",\"@id\":\"https:\/\/www.eliassen.nl\/de\/wanduhr-modern-spot-50cm\/#primaryimage\",\"url\":\"https:\/\/www.eliassen.nl\/wp-content\/uploads\/2024\/01\/ms100430092020152fedd.jpg\",\"contentUrl\":\"https:\/\/www.eliassen.nl\/wp-content\/uploads\/2024\/01\/ms100430092020152fedd.jpg\",\"width\":486,\"height\":448,\"caption\":\"ms1004_30.09.2020_152fedd\"},{\"@type\":\"BreadcrumbList\",\"@id\":\"https:\/\/www.eliassen.nl\/de\/wanduhr-modern-spot-50cm\/#breadcrumb\",\"itemListElement\":[{\"@type\":\"ListItem\",\"position\":1,\"name\":\"Home\",\"item\":\"https:\/\/www.eliassen.nl\/de\/\"},{\"@type\":\"ListItem\",\"position\":2,\"name\":\"Shop\",\"item\":\"https:\/\/www.eliassen.nl\/de\/shop\/\"},{\"@type\":\"ListItem\",\"position\":3,\"name\":\"Wanddekoration\",\"item\":\"https:\/\/www.eliassen.nl\/de\/wanddekoration\/\"},{\"@type\":\"ListItem\",\"position\":4,\"name\":\"Wanduhren\",\"item\":\"https:\/\/www.eliassen.nl\/de\/wanddekoration\/wanduhren\/\"},{\"@type\":\"ListItem\",\"position\":5,\"name\":\"Wanduhr modern Spot 50cm\"}]},{\"@type\":\"WebSite\",\"@id\":\"https:\/\/www.eliassen.nl\/de\/#website\",\"url\":\"https:\/\/www.eliassen.nl\/de\/\",\"name\":\"Eliassen Home & Garden Pleasure\",\"description\":\"\",\"publisher\":{\"@id\":\"https:\/\/www.eliassen.nl\/de\/#organization\"},\"alternateName\":\"Eliassen.nl\",\"potentialAction\":[{\"@type\":\"SearchAction\",\"target\":{\"@type\":\"EntryPoint\",\"urlTemplate\":\"https:\/\/www.eliassen.nl\/de\/?s={search_term_string}\"},\"query-input\":{\"@type\":\"PropertyValueSpecification\",\"valueRequired\":true,\"valueName\":\"search_term_string\"}}],\"inLanguage\":\"de\"},{\"@type\":[\"Organization\",\"Place\"],\"@id\":\"https:\/\/www.eliassen.nl\/de\/#organization\",\"name\":\"Eliassen Home & Garden Pleasure\",\"url\":\"https:\/\/www.eliassen.nl\/de\/\",\"logo\":{\"@id\":\"https:\/\/www.eliassen.nl\/de\/wanduhr-modern-spot-50cm\/#local-main-organization-logo\"},\"image\":{\"@id\":\"https:\/\/www.eliassen.nl\/de\/wanduhr-modern-spot-50cm\/#local-main-organization-logo\"},\"sameAs\":[\"https:\/\/www.facebook.com\/TuincentrumEliassenAmmerzoden\",\"https:\/\/www.instagram.com\/eliassenhomeandgarden\/\",\"https:\/\/nl.pinterest.com\/eliassenhomeandgarden\/\",\"https:\/\/www.youtube.com\/@eliassenhomegardenpleasure4558\"],\"telephone\":[],\"openingHoursSpecification\":[{\"@type\":\"OpeningHoursSpecification\",\"dayOfWeek\":[\"Monday\",\"Tuesday\",\"Wednesday\",\"Thursday\",\"Friday\",\"Saturday\",\"Sunday\"],\"opens\":\"09:00\",\"closes\":\"17:00\"}]},{\"@type\":\"ImageObject\",\"inLanguage\":\"de\",\"@id\":\"https:\/\/www.eliassen.nl\/de\/wanduhr-modern-spot-50cm\/#local-main-organization-logo\",\"url\":\"https:\/\/www.eliassen.nl\/wp-content\/uploads\/2024\/01\/logo_4nd.jpg\",\"contentUrl\":\"https:\/\/www.eliassen.nl\/wp-content\/uploads\/2024\/01\/logo_4nd.jpg\",\"width\":500,\"height\":500,\"caption\":\"Eliassen Home & Garden Pleasure\"}]}<\/script>\n<meta property=\"product:price:amount\" content=\"20.70\" \/>\n<meta property=\"product:price:currency\" content=\"EUR\" \/>\n<meta property=\"og:availability\" content=\"instock\" \/>\n<meta property=\"product:availability\" content=\"instock\" \/>\n<meta property=\"product:retailer_item_id\" content=\"Ms1004\" \/>\n<meta property=\"product:condition\" content=\"new\" \/>\n<!-- \/ Yoast SEO Premium plugin. -->","yoast_head_json":{"title":"Wanduhr Spot 50cm","description":"Uhren im modernen oder im Landhausstil, schauen Sie doch auch mal rein !!!","robots":{"index":"index","follow":"follow","max-snippet":"max-snippet:-1","max-image-preview":"max-image-preview:large","max-video-preview":"max-video-preview:-1"},"canonical":"https:\/\/www.eliassen.nl\/de\/wanduhr-modern-spot-50cm\/","og_locale":"de_DE","og_type":"article","og_title":"Sonstige Wanduhr modern Spot 50cm - Eliassen.nl","og_description":"Uhren im modernen oder im Landhausstil, schauen Sie doch auch mal rein !!!","og_url":"https:\/\/www.eliassen.nl\/de\/wanduhr-modern-spot-50cm\/","og_site_name":"Eliassen.nl","article_publisher":"https:\/\/www.facebook.com\/TuincentrumEliassenAmmerzoden","article_modified_time":"2025-12-03T15:29:40+00:00","og_image":[{"width":486,"height":448,"url":"https:\/\/www.eliassen.nl\/wp-content\/uploads\/2024\/01\/ms100430092020152fedd.jpg","type":"image\/jpeg"}],"twitter_card":"summary_large_image","schema":{"@context":"https:\/\/schema.org","@graph":[{"@type":"WebPage","@id":"https:\/\/www.eliassen.nl\/de\/wanduhr-modern-spot-50cm\/","url":"https:\/\/www.eliassen.nl\/de\/wanduhr-modern-spot-50cm\/","name":"Wanduhr Spot 50cm","isPartOf":{"@id":"https:\/\/www.eliassen.nl\/de\/#website"},"primaryImageOfPage":{"@id":"https:\/\/www.eliassen.nl\/de\/wanduhr-modern-spot-50cm\/#primaryimage"},"image":{"@id":"https:\/\/www.eliassen.nl\/de\/wanduhr-modern-spot-50cm\/#primaryimage"},"thumbnailUrl":"https:\/\/www.eliassen.nl\/wp-content\/uploads\/2024\/01\/ms100430092020152fedd.jpg","datePublished":"2022-05-24T17:04:29+00:00","dateModified":"2025-12-03T15:29:40+00:00","description":"Uhren im modernen oder im Landhausstil, schauen Sie doch auch mal rein !!!","breadcrumb":{"@id":"https:\/\/www.eliassen.nl\/de\/wanduhr-modern-spot-50cm\/#breadcrumb"},"inLanguage":"de","potentialAction":[{"@type":"ReadAction","target":["https:\/\/www.eliassen.nl\/de\/wanduhr-modern-spot-50cm\/"]}]},{"@type":"ImageObject","inLanguage":"de","@id":"https:\/\/www.eliassen.nl\/de\/wanduhr-modern-spot-50cm\/#primaryimage","url":"https:\/\/www.eliassen.nl\/wp-content\/uploads\/2024\/01\/ms100430092020152fedd.jpg","contentUrl":"https:\/\/www.eliassen.nl\/wp-content\/uploads\/2024\/01\/ms100430092020152fedd.jpg","width":486,"height":448,"caption":"ms1004_30.09.2020_152fedd"},{"@type":"BreadcrumbList","@id":"https:\/\/www.eliassen.nl\/de\/wanduhr-modern-spot-50cm\/#breadcrumb","itemListElement":[{"@type":"ListItem","position":1,"name":"Home","item":"https:\/\/www.eliassen.nl\/de\/"},{"@type":"ListItem","position":2,"name":"Shop","item":"https:\/\/www.eliassen.nl\/de\/shop\/"},{"@type":"ListItem","position":3,"name":"Wanddekoration","item":"https:\/\/www.eliassen.nl\/de\/wanddekoration\/"},{"@type":"ListItem","position":4,"name":"Wanduhren","item":"https:\/\/www.eliassen.nl\/de\/wanddekoration\/wanduhren\/"},{"@type":"ListItem","position":5,"name":"Wanduhr modern Spot 50cm"}]},{"@type":"WebSite","@id":"https:\/\/www.eliassen.nl\/de\/#website","url":"https:\/\/www.eliassen.nl\/de\/","name":"Eliassen Home & Garden Pleasure","description":"","publisher":{"@id":"https:\/\/www.eliassen.nl\/de\/#organization"},"alternateName":"Eliassen.nl","potentialAction":[{"@type":"SearchAction","target":{"@type":"EntryPoint","urlTemplate":"https:\/\/www.eliassen.nl\/de\/?s={search_term_string}"},"query-input":{"@type":"PropertyValueSpecification","valueRequired":true,"valueName":"search_term_string"}}],"inLanguage":"de"},{"@type":["Organization","Place"],"@id":"https:\/\/www.eliassen.nl\/de\/#organization","name":"Eliassen Home & Garden Pleasure","url":"https:\/\/www.eliassen.nl\/de\/","logo":{"@id":"https:\/\/www.eliassen.nl\/de\/wanduhr-modern-spot-50cm\/#local-main-organization-logo"},"image":{"@id":"https:\/\/www.eliassen.nl\/de\/wanduhr-modern-spot-50cm\/#local-main-organization-logo"},"sameAs":["https:\/\/www.facebook.com\/TuincentrumEliassenAmmerzoden","https:\/\/www.instagram.com\/eliassenhomeandgarden\/","https:\/\/nl.pinterest.com\/eliassenhomeandgarden\/","https:\/\/www.youtube.com\/@eliassenhomegardenpleasure4558"],"telephone":[],"openingHoursSpecification":[{"@type":"OpeningHoursSpecification","dayOfWeek":["Monday","Tuesday","Wednesday","Thursday","Friday","Saturday","Sunday"],"opens":"09:00","closes":"17:00"}]},{"@type":"ImageObject","inLanguage":"de","@id":"https:\/\/www.eliassen.nl\/de\/wanduhr-modern-spot-50cm\/#local-main-organization-logo","url":"https:\/\/www.eliassen.nl\/wp-content\/uploads\/2024\/01\/logo_4nd.jpg","contentUrl":"https:\/\/www.eliassen.nl\/wp-content\/uploads\/2024\/01\/logo_4nd.jpg","width":500,"height":500,"caption":"Eliassen Home & Garden Pleasure"}]},"product_price_amount":"20.70","product_price_currency":"EUR","og_availability":"instock","product_availability":"instock","product_retailer_item_id":"Ms1004","product_condition":"new"},"df_price":20.7,"df_sale_price":20.7,"df_regular_price":34.5,"df_image_link":"https:\/\/www.eliassen.nl\/wp-content\/uploads\/2024\/01\/ms100430092020152fedd.jpg","image":"https:\/\/www.eliassen.nl\/wp-content\/uploads\/2024\/01\/ms100430092020152fedd.jpg","price_search":"<span class=\"woocommerce-Price-amount amount\"><bdi><span class=\"woocommerce-Price-currencySymbol\">&euro;<\/span>&nbsp;20,70<\/bdi><\/span>","category":"Wanddekoration","global_unique_id":"9506644145219","_links":{"self":[{"href":"https:\/\/www.eliassen.nl\/de\/wp-json\/wp\/v2\/product\/72487","targetHints":{"allow":["GET"]}}],"collection":[{"href":"https:\/\/www.eliassen.nl\/de\/wp-json\/wp\/v2\/product"}],"about":[{"href":"https:\/\/www.eliassen.nl\/de\/wp-json\/wp\/v2\/types\/product"}],"wp:featuredmedia":[{"embeddable":true,"href":"https:\/\/www.eliassen.nl\/de\/wp-json\/wp\/v2\/media\/72478"}],"wp:attachment":[{"href":"https:\/\/www.eliassen.nl\/de\/wp-json\/wp\/v2\/media?parent=72487"}],"wp:term":[{"taxonomy":"product_brand","embeddable":true,"href":"https:\/\/www.eliassen.nl\/de\/wp-json\/wp\/v2\/product_brand?post=72487"},{"taxonomy":"product_cat","embeddable":true,"href":"https:\/\/www.eliassen.nl\/de\/wp-json\/wp\/v2\/product_cat?post=72487"},{"taxonomy":"product_tag","embeddable":true,"href":"https:\/\/www.eliassen.nl\/de\/wp-json\/wp\/v2\/product_tag?post=72487"}],"curies":[{"name":"wp","href":"https:\/\/api.w.org\/{rel}","templated":true}]}}