{"id":72292,"date":"2022-05-13T09:49:26","date_gmt":"2022-05-13T09:49:26","guid":{"rendered":"https:\/\/www.eliassen.nl\/?product=beeld-brons-verliefd-stel-41cm"},"modified":"2026-01-16T14:12:45","modified_gmt":"2026-01-16T13:12:45","slug":"bild-bronze-verliebtes-paar-41cm","status":"publish","type":"product","link":"https:\/\/www.eliassen.nl\/de\/bild-bronze-verliebtes-paar-41cm\/","title":{"rendered":"Statue Bronze Verliebtes P\u00e4rchen 41cm"},"content":{"rendered":"<p>Dieses Bronzemodell eines abstrakt gestalteten Liebespaares auf einem kleinen runden Sockel ist ein sch\u00f6nes St\u00fcck f\u00fcr Sie selbst oder als Geschenk f\u00fcr eine Party oder einen Jahrestag.<br \/>Gefertigt aus Bronze mit einem Mindestkupfergehalt von 75 %, bleibt dieses Modell garantiert sch\u00f6n, ob drinnen oder drau\u00dfen.  <\/p>\n<ul>\n<li>Gr\u00f6\u00dfe: 12,5 x 13 x 41 cm.<\/li>\n<li>Wird mit Zertifikat geliefert.<\/li>\n<li>Schnelle Lieferung<strong>.<\/strong><\/li>\n<li>30 Jahre Garantie.<\/li>\n<li><strong>Sehr viele aus dieser Serie von Bronzeskulpturen sind auch live in unserem Shop zu sehen.<\/strong><\/li>\n<\/ul>\n","protected":false},"excerpt":{"rendered":"<p>Dieses Bronzemodell eines abstrakt gestalteten Liebespaares auf einem kleinen runden Sockel ist ein sch\u00f6nes St\u00fcck f\u00fcr Sie selbst oder als Geschenk f\u00fcr eine Party oder einen Jahrestag.Gefertigt aus Bronze mit einem Mindestkupfergehalt von 75 %, bleibt dieses Modell garantiert sch\u00f6n, ob drinnen oder drau\u00dfen. Gr\u00f6\u00dfe: 12,5 x 13 x 41 cm. Wird mit Zertifikat geliefert. &hellip;<\/p>\n","protected":false},"featured_media":72286,"template":"","meta":{"_acf_changed":false,"_genesis_title":"","_genesis_description":""},"product_brand":[7505],"product_cat":[613,620,7239],"product_tag":[],"class_list":{"0":"post-72292","1":"product","2":"type-product","3":"status-publish","4":"has-post-thumbnail","6":"product_brand-sonstige","7":"product_cat-bronzestatuen","8":"product_cat-moderne-bronzestatuen","9":"product_cat-bilder","11":"first","12":"instock","13":"taxable","14":"shipping-taxable","15":"purchasable","16":"product-type-simple"},"acf":[],"meta_all":{"total_sales":"0","wcml_sync_hash":{"postmeta_fields":"95f0fd2d2a8d4d58112af5fe0dcd7306"},"attr_label_translations":[]},"meta_all_flat":{"total_sales":"0","wcml_sync_hash.postmeta_fields":"95f0fd2d2a8d4d58112af5fe0dcd7306"},"yoast_head":"<!-- This site is optimized with the Yoast SEO Premium plugin v26.2 (Yoast SEO v27.2) - https:\/\/yoast.com\/product\/yoast-seo-premium-wordpress\/ -->\n<title>Statue Bronze Verliebtes P\u00e4rchen 41cm<\/title>\n<meta name=\"description\" content=\"Statue Bronze Verliebtes Paar 41cm kaufen? Eliassen bietet eine gro\u00dfe Auswahl an Bronzeskulpturen in einem gro\u00dfen Ausstellungsraum und online schnelle Lieferzeiten.\" \/>\n<meta name=\"robots\" content=\"index, follow, max-snippet:-1, max-image-preview:large, max-video-preview:-1\" \/>\n<link rel=\"canonical\" href=\"https:\/\/www.eliassen.nl\/de\/bild-bronze-verliebtes-paar-41cm\/\" \/>\n<meta property=\"og:locale\" content=\"de_DE\" \/>\n<meta property=\"og:type\" content=\"article\" \/>\n<meta property=\"og:title\" content=\"Sonstige Statue Bronze Verliebtes P\u00e4rchen 41cm - Eliassen.nl\" \/>\n<meta property=\"og:description\" content=\"Statue Bronze Verliebtes Paar 41cm kaufen? Eliassen bietet eine gro\u00dfe Auswahl an Bronzeskulpturen in einem gro\u00dfen Ausstellungsraum und online schnelle Lieferzeiten.\" \/>\n<meta property=\"og:url\" content=\"https:\/\/www.eliassen.nl\/de\/bild-bronze-verliebtes-paar-41cm\/\" \/>\n<meta property=\"og:site_name\" content=\"Eliassen.nl\" \/>\n<meta property=\"article:publisher\" content=\"https:\/\/www.facebook.com\/TuincentrumEliassenAmmerzoden\" \/>\n<meta property=\"article:modified_time\" content=\"2026-01-16T13:12:45+00:00\" \/>\n<meta property=\"og:image\" content=\"https:\/\/www.eliassen.nl\/wp-content\/uploads\/2024\/01\/bx31560x560.jpg\" \/>\n\t<meta property=\"og:image:width\" content=\"560\" \/>\n\t<meta property=\"og:image:height\" content=\"560\" \/>\n\t<meta property=\"og:image:type\" content=\"image\/jpeg\" \/>\n<meta name=\"twitter:card\" content=\"summary_large_image\" \/>\n<script type=\"application\/ld+json\" class=\"yoast-schema-graph\">{\"@context\":\"https:\/\/schema.org\",\"@graph\":[{\"@type\":\"WebPage\",\"@id\":\"https:\/\/www.eliassen.nl\/de\/bild-bronze-verliebtes-paar-41cm\/\",\"url\":\"https:\/\/www.eliassen.nl\/de\/bild-bronze-verliebtes-paar-41cm\/\",\"name\":\"Statue Bronze Verliebtes P\u00e4rchen 41cm\",\"isPartOf\":{\"@id\":\"https:\/\/www.eliassen.nl\/de\/#website\"},\"primaryImageOfPage\":{\"@id\":\"https:\/\/www.eliassen.nl\/de\/bild-bronze-verliebtes-paar-41cm\/#primaryimage\"},\"image\":{\"@id\":\"https:\/\/www.eliassen.nl\/de\/bild-bronze-verliebtes-paar-41cm\/#primaryimage\"},\"thumbnailUrl\":\"https:\/\/www.eliassen.nl\/wp-content\/uploads\/2024\/01\/bx31560x560.jpg\",\"datePublished\":\"2022-05-13T09:49:26+00:00\",\"dateModified\":\"2026-01-16T13:12:45+00:00\",\"description\":\"Statue Bronze Verliebtes Paar 41cm kaufen? Eliassen bietet eine gro\u00dfe Auswahl an Bronzeskulpturen in einem gro\u00dfen Ausstellungsraum und online schnelle Lieferzeiten.\",\"breadcrumb\":{\"@id\":\"https:\/\/www.eliassen.nl\/de\/bild-bronze-verliebtes-paar-41cm\/#breadcrumb\"},\"inLanguage\":\"de\",\"potentialAction\":[{\"@type\":\"ReadAction\",\"target\":[\"https:\/\/www.eliassen.nl\/de\/bild-bronze-verliebtes-paar-41cm\/\"]}]},{\"@type\":\"ImageObject\",\"inLanguage\":\"de\",\"@id\":\"https:\/\/www.eliassen.nl\/de\/bild-bronze-verliebtes-paar-41cm\/#primaryimage\",\"url\":\"https:\/\/www.eliassen.nl\/wp-content\/uploads\/2024\/01\/bx31560x560.jpg\",\"contentUrl\":\"https:\/\/www.eliassen.nl\/wp-content\/uploads\/2024\/01\/bx31560x560.jpg\",\"width\":560,\"height\":560,\"caption\":\"BX-31!560x560\"},{\"@type\":\"BreadcrumbList\",\"@id\":\"https:\/\/www.eliassen.nl\/de\/bild-bronze-verliebtes-paar-41cm\/#breadcrumb\",\"itemListElement\":[{\"@type\":\"ListItem\",\"position\":1,\"name\":\"Home\",\"item\":\"https:\/\/www.eliassen.nl\/de\/\"},{\"@type\":\"ListItem\",\"position\":2,\"name\":\"Shop\",\"item\":\"https:\/\/www.eliassen.nl\/de\/shop\/\"},{\"@type\":\"ListItem\",\"position\":3,\"name\":\"Bronzestatuen\",\"item\":\"https:\/\/www.eliassen.nl\/de\/bronzestatuen\/\"},{\"@type\":\"ListItem\",\"position\":4,\"name\":\"Moderne Bronzestatuen\",\"item\":\"https:\/\/www.eliassen.nl\/de\/bilder\/bronzestatuen\/moderne-bronzestatuen\/\"},{\"@type\":\"ListItem\",\"position\":5,\"name\":\"Statue Bronze Verliebtes P\u00e4rchen 41cm\"}]},{\"@type\":\"WebSite\",\"@id\":\"https:\/\/www.eliassen.nl\/de\/#website\",\"url\":\"https:\/\/www.eliassen.nl\/de\/\",\"name\":\"Eliassen Home & Garden Pleasure\",\"description\":\"\",\"publisher\":{\"@id\":\"https:\/\/www.eliassen.nl\/de\/#organization\"},\"alternateName\":\"Eliassen.nl\",\"potentialAction\":[{\"@type\":\"SearchAction\",\"target\":{\"@type\":\"EntryPoint\",\"urlTemplate\":\"https:\/\/www.eliassen.nl\/de\/?s={search_term_string}\"},\"query-input\":{\"@type\":\"PropertyValueSpecification\",\"valueRequired\":true,\"valueName\":\"search_term_string\"}}],\"inLanguage\":\"de\"},{\"@type\":[\"Organization\",\"Place\"],\"@id\":\"https:\/\/www.eliassen.nl\/de\/#organization\",\"name\":\"Eliassen Home & Garden Pleasure\",\"url\":\"https:\/\/www.eliassen.nl\/de\/\",\"logo\":{\"@id\":\"https:\/\/www.eliassen.nl\/de\/bild-bronze-verliebtes-paar-41cm\/#local-main-organization-logo\"},\"image\":{\"@id\":\"https:\/\/www.eliassen.nl\/de\/bild-bronze-verliebtes-paar-41cm\/#local-main-organization-logo\"},\"sameAs\":[\"https:\/\/www.facebook.com\/TuincentrumEliassenAmmerzoden\",\"https:\/\/www.instagram.com\/eliassenhomeandgarden\/\",\"https:\/\/nl.pinterest.com\/eliassenhomeandgarden\/\",\"https:\/\/www.youtube.com\/@eliassenhomegardenpleasure4558\"],\"telephone\":[],\"openingHoursSpecification\":[{\"@type\":\"OpeningHoursSpecification\",\"dayOfWeek\":[\"Monday\",\"Tuesday\",\"Wednesday\",\"Thursday\",\"Friday\",\"Saturday\",\"Sunday\"],\"opens\":\"09:00\",\"closes\":\"17:00\"}]},{\"@type\":\"ImageObject\",\"inLanguage\":\"de\",\"@id\":\"https:\/\/www.eliassen.nl\/de\/bild-bronze-verliebtes-paar-41cm\/#local-main-organization-logo\",\"url\":\"https:\/\/www.eliassen.nl\/wp-content\/uploads\/2024\/01\/logo_4nd.jpg\",\"contentUrl\":\"https:\/\/www.eliassen.nl\/wp-content\/uploads\/2024\/01\/logo_4nd.jpg\",\"width\":500,\"height\":500,\"caption\":\"Eliassen Home & Garden Pleasure\"}]}<\/script>\n<meta property=\"product:price:amount\" content=\"245.00\" \/>\n<meta property=\"product:price:currency\" content=\"EUR\" \/>\n<meta property=\"og:availability\" content=\"instock\" \/>\n<meta property=\"product:availability\" content=\"instock\" \/>\n<meta property=\"product:retailer_item_id\" content=\"Bx-31\" \/>\n<meta property=\"product:condition\" content=\"new\" \/>\n<!-- \/ Yoast SEO Premium plugin. -->","yoast_head_json":{"title":"Statue Bronze Verliebtes P\u00e4rchen 41cm","description":"Statue Bronze Verliebtes Paar 41cm kaufen? Eliassen bietet eine gro\u00dfe Auswahl an Bronzeskulpturen in einem gro\u00dfen Ausstellungsraum und online schnelle Lieferzeiten.","robots":{"index":"index","follow":"follow","max-snippet":"max-snippet:-1","max-image-preview":"max-image-preview:large","max-video-preview":"max-video-preview:-1"},"canonical":"https:\/\/www.eliassen.nl\/de\/bild-bronze-verliebtes-paar-41cm\/","og_locale":"de_DE","og_type":"article","og_title":"Sonstige Statue Bronze Verliebtes P\u00e4rchen 41cm - Eliassen.nl","og_description":"Statue Bronze Verliebtes Paar 41cm kaufen? Eliassen bietet eine gro\u00dfe Auswahl an Bronzeskulpturen in einem gro\u00dfen Ausstellungsraum und online schnelle Lieferzeiten.","og_url":"https:\/\/www.eliassen.nl\/de\/bild-bronze-verliebtes-paar-41cm\/","og_site_name":"Eliassen.nl","article_publisher":"https:\/\/www.facebook.com\/TuincentrumEliassenAmmerzoden","article_modified_time":"2026-01-16T13:12:45+00:00","og_image":[{"width":560,"height":560,"url":"https:\/\/www.eliassen.nl\/wp-content\/uploads\/2024\/01\/bx31560x560.jpg","type":"image\/jpeg"}],"twitter_card":"summary_large_image","schema":{"@context":"https:\/\/schema.org","@graph":[{"@type":"WebPage","@id":"https:\/\/www.eliassen.nl\/de\/bild-bronze-verliebtes-paar-41cm\/","url":"https:\/\/www.eliassen.nl\/de\/bild-bronze-verliebtes-paar-41cm\/","name":"Statue Bronze Verliebtes P\u00e4rchen 41cm","isPartOf":{"@id":"https:\/\/www.eliassen.nl\/de\/#website"},"primaryImageOfPage":{"@id":"https:\/\/www.eliassen.nl\/de\/bild-bronze-verliebtes-paar-41cm\/#primaryimage"},"image":{"@id":"https:\/\/www.eliassen.nl\/de\/bild-bronze-verliebtes-paar-41cm\/#primaryimage"},"thumbnailUrl":"https:\/\/www.eliassen.nl\/wp-content\/uploads\/2024\/01\/bx31560x560.jpg","datePublished":"2022-05-13T09:49:26+00:00","dateModified":"2026-01-16T13:12:45+00:00","description":"Statue Bronze Verliebtes Paar 41cm kaufen? Eliassen bietet eine gro\u00dfe Auswahl an Bronzeskulpturen in einem gro\u00dfen Ausstellungsraum und online schnelle Lieferzeiten.","breadcrumb":{"@id":"https:\/\/www.eliassen.nl\/de\/bild-bronze-verliebtes-paar-41cm\/#breadcrumb"},"inLanguage":"de","potentialAction":[{"@type":"ReadAction","target":["https:\/\/www.eliassen.nl\/de\/bild-bronze-verliebtes-paar-41cm\/"]}]},{"@type":"ImageObject","inLanguage":"de","@id":"https:\/\/www.eliassen.nl\/de\/bild-bronze-verliebtes-paar-41cm\/#primaryimage","url":"https:\/\/www.eliassen.nl\/wp-content\/uploads\/2024\/01\/bx31560x560.jpg","contentUrl":"https:\/\/www.eliassen.nl\/wp-content\/uploads\/2024\/01\/bx31560x560.jpg","width":560,"height":560,"caption":"BX-31!560x560"},{"@type":"BreadcrumbList","@id":"https:\/\/www.eliassen.nl\/de\/bild-bronze-verliebtes-paar-41cm\/#breadcrumb","itemListElement":[{"@type":"ListItem","position":1,"name":"Home","item":"https:\/\/www.eliassen.nl\/de\/"},{"@type":"ListItem","position":2,"name":"Shop","item":"https:\/\/www.eliassen.nl\/de\/shop\/"},{"@type":"ListItem","position":3,"name":"Bronzestatuen","item":"https:\/\/www.eliassen.nl\/de\/bronzestatuen\/"},{"@type":"ListItem","position":4,"name":"Moderne Bronzestatuen","item":"https:\/\/www.eliassen.nl\/de\/bilder\/bronzestatuen\/moderne-bronzestatuen\/"},{"@type":"ListItem","position":5,"name":"Statue Bronze Verliebtes P\u00e4rchen 41cm"}]},{"@type":"WebSite","@id":"https:\/\/www.eliassen.nl\/de\/#website","url":"https:\/\/www.eliassen.nl\/de\/","name":"Eliassen Home & Garden Pleasure","description":"","publisher":{"@id":"https:\/\/www.eliassen.nl\/de\/#organization"},"alternateName":"Eliassen.nl","potentialAction":[{"@type":"SearchAction","target":{"@type":"EntryPoint","urlTemplate":"https:\/\/www.eliassen.nl\/de\/?s={search_term_string}"},"query-input":{"@type":"PropertyValueSpecification","valueRequired":true,"valueName":"search_term_string"}}],"inLanguage":"de"},{"@type":["Organization","Place"],"@id":"https:\/\/www.eliassen.nl\/de\/#organization","name":"Eliassen Home & Garden Pleasure","url":"https:\/\/www.eliassen.nl\/de\/","logo":{"@id":"https:\/\/www.eliassen.nl\/de\/bild-bronze-verliebtes-paar-41cm\/#local-main-organization-logo"},"image":{"@id":"https:\/\/www.eliassen.nl\/de\/bild-bronze-verliebtes-paar-41cm\/#local-main-organization-logo"},"sameAs":["https:\/\/www.facebook.com\/TuincentrumEliassenAmmerzoden","https:\/\/www.instagram.com\/eliassenhomeandgarden\/","https:\/\/nl.pinterest.com\/eliassenhomeandgarden\/","https:\/\/www.youtube.com\/@eliassenhomegardenpleasure4558"],"telephone":[],"openingHoursSpecification":[{"@type":"OpeningHoursSpecification","dayOfWeek":["Monday","Tuesday","Wednesday","Thursday","Friday","Saturday","Sunday"],"opens":"09:00","closes":"17:00"}]},{"@type":"ImageObject","inLanguage":"de","@id":"https:\/\/www.eliassen.nl\/de\/bild-bronze-verliebtes-paar-41cm\/#local-main-organization-logo","url":"https:\/\/www.eliassen.nl\/wp-content\/uploads\/2024\/01\/logo_4nd.jpg","contentUrl":"https:\/\/www.eliassen.nl\/wp-content\/uploads\/2024\/01\/logo_4nd.jpg","width":500,"height":500,"caption":"Eliassen Home & Garden Pleasure"}]},"product_price_amount":"245.00","product_price_currency":"EUR","og_availability":"instock","product_availability":"instock","product_retailer_item_id":"Bx-31","product_condition":"new"},"df_price":245,"df_sale_price":"","df_regular_price":245,"df_image_link":"https:\/\/www.eliassen.nl\/wp-content\/uploads\/2024\/01\/bx31560x560.jpg","image":"https:\/\/www.eliassen.nl\/wp-content\/uploads\/2024\/01\/bx31560x560.jpg","price_search":"<span class=\"woocommerce-Price-amount amount\"><bdi><span class=\"woocommerce-Price-currencySymbol\">&euro;<\/span>&nbsp;245,00<\/bdi><\/span>","category":"Bronzestatuen","global_unique_id":"9501143566435","_links":{"self":[{"href":"https:\/\/www.eliassen.nl\/de\/wp-json\/wp\/v2\/product\/72292","targetHints":{"allow":["GET"]}}],"collection":[{"href":"https:\/\/www.eliassen.nl\/de\/wp-json\/wp\/v2\/product"}],"about":[{"href":"https:\/\/www.eliassen.nl\/de\/wp-json\/wp\/v2\/types\/product"}],"wp:featuredmedia":[{"embeddable":true,"href":"https:\/\/www.eliassen.nl\/de\/wp-json\/wp\/v2\/media\/72286"}],"wp:attachment":[{"href":"https:\/\/www.eliassen.nl\/de\/wp-json\/wp\/v2\/media?parent=72292"}],"wp:term":[{"taxonomy":"product_brand","embeddable":true,"href":"https:\/\/www.eliassen.nl\/de\/wp-json\/wp\/v2\/product_brand?post=72292"},{"taxonomy":"product_cat","embeddable":true,"href":"https:\/\/www.eliassen.nl\/de\/wp-json\/wp\/v2\/product_cat?post=72292"},{"taxonomy":"product_tag","embeddable":true,"href":"https:\/\/www.eliassen.nl\/de\/wp-json\/wp\/v2\/product_tag?post=72292"}],"curies":[{"name":"wp","href":"https:\/\/api.w.org\/{rel}","templated":true}]}}