{"id":72148,"date":"2022-05-06T16:52:35","date_gmt":"2022-05-06T16:52:35","guid":{"rendered":"https:\/\/www.eliassen.nl\/?product=wandklok-industrieel-3-tijdzones-92cm"},"modified":"2026-02-05T09:46:51","modified_gmt":"2026-02-05T08:46:51","slug":"wanduhr-industrie-3-zeitzonen-92cm","status":"publish","type":"product","link":"https:\/\/www.eliassen.nl\/de\/wanduhr-industrie-3-zeitzonen-92cm\/","title":{"rendered":"Wanduhr Industrie 3 Zeitzonen 92cm"},"content":{"rendered":"<p>Diese Wanduhr Industrial 3 Zeitzonen ist komplett aus Metall gefertigt und ist eine sch\u00f6ne Wanddekoration f\u00fcr Ihr Zuhause oder Ihre Arbeitsumgebung. Die Farbe und das Design schaffen einen industriellen Look.<br \/>\nDieses St\u00fcck Wanddekoration ist nur f\u00fcr den Innenbereich geeignet.<\/p>\n<p>Sie k\u00f6nnen sich diese Uhr auch in unserem Gesch\u00e4ft ansehen. Wir haben fast die gesamte Serie dieser Uhren in unserem Gesch\u00e4ft ausgestellt!<\/p>\n<p>Technische Daten:<\/p>\n<ul>\n<li>Garantie: 1 Jahr<\/li>\n<li>Ma\u00dfe: 92 cm hoch x 36 cm breit<\/li>\n<li>Material: Metall\/Glas<\/li>\n<li>Farbe des Zifferblatts: Wei\u00df<\/li>\n<li>Farbe der Zeiger: schwarz<\/li>\n<li>Stromversorgung: 3x AA-Batterie<\/li>\n<li>Einfaches Aufh\u00e4ngen mit 1 Schraube<\/li>\n<li>Verpackt in einem stabilen Karton.<\/li>\n<\/ul>\n","protected":false},"excerpt":{"rendered":"<p>Diese Wanduhr Industrial 3 Zeitzonen ist komplett aus Metall gefertigt und ist eine sch\u00f6ne Wanddekoration f\u00fcr Ihr Zuhause oder Ihre Arbeitsumgebung. Die Farbe und das Design schaffen einen industriellen Look. Dieses St\u00fcck Wanddekoration ist nur f\u00fcr den Innenbereich geeignet. Sie k\u00f6nnen sich diese Uhr auch in unserem Gesch\u00e4ft ansehen. Wir haben fast die gesamte Serie &hellip;<\/p>\n","protected":false},"featured_media":72139,"template":"","meta":{"_acf_changed":false,"_genesis_title":"","_genesis_description":""},"product_brand":[7505],"product_cat":[509,521],"product_tag":[7429],"class_list":{"0":"post-72148","1":"product","2":"type-product","3":"status-publish","4":"has-post-thumbnail","6":"product_brand-sonstige","7":"product_cat-wanddekoration","8":"product_cat-wanduhren","9":"product_tag-uhr-gros","11":"first","12":"instock","13":"sale","14":"taxable","15":"shipping-taxable","16":"purchasable","17":"product-type-simple"},"acf":[],"meta_all":{"total_sales":"1","wcml_sync_hash":{"postmeta_fields":"d421febc03f277796d4309e2d200eea4"},"attr_label_translations":[],"cor_restricted_countries":["DE"],"cor_product_add":"ja"},"meta_all_flat":{"total_sales":"1","wcml_sync_hash.postmeta_fields":"d421febc03f277796d4309e2d200eea4","cor_restricted_countries.0":"DE","cor_product_add":"ja"},"yoast_head":"<!-- This site is optimized with the Yoast SEO Premium plugin v26.2 (Yoast SEO v27.2) - https:\/\/yoast.com\/product\/yoast-seo-premium-wordpress\/ -->\n<title>Wanduhr Industrie 3 Zeitzonen 92cm<\/title>\n<meta name=\"robots\" content=\"index, follow, max-snippet:-1, max-image-preview:large, max-video-preview:-1\" \/>\n<link rel=\"canonical\" href=\"https:\/\/www.eliassen.nl\/de\/wanduhr-industrie-3-zeitzonen-92cm\/\" \/>\n<meta property=\"og:locale\" content=\"de_DE\" \/>\n<meta property=\"og:type\" content=\"article\" \/>\n<meta property=\"og:title\" content=\"Sonstige Wanduhr Industrie 3 Zeitzonen 92cm - Eliassen.nl\" \/>\n<meta property=\"og:description\" content=\"Diese Wanduhr Industrial 3 Zeitzonen ist komplett aus Metall gefertigt und ist eine sch\u00f6ne Wanddekoration f\u00fcr Ihr Zuhause oder Ihre Arbeitsumgebung. Die Farbe und das Design schaffen einen industriellen Look. Dieses St\u00fcck Wanddekoration ist nur f\u00fcr den Innenbereich geeignet. Sie k\u00f6nnen sich diese Uhr auch in unserem Gesch\u00e4ft ansehen. Wir haben fast die gesamte Serie &hellip;\" \/>\n<meta property=\"og:url\" content=\"https:\/\/www.eliassen.nl\/de\/wanduhr-industrie-3-zeitzonen-92cm\/\" \/>\n<meta property=\"og:site_name\" content=\"Eliassen.nl\" \/>\n<meta property=\"article:publisher\" content=\"https:\/\/www.facebook.com\/TuincentrumEliassenAmmerzoden\" \/>\n<meta property=\"article:modified_time\" content=\"2026-02-05T08:46:51+00:00\" \/>\n<meta property=\"og:image\" content=\"https:\/\/www.eliassen.nl\/wp-content\/uploads\/2024\/01\/5kl0161wandklok371192cm3aabruinmetaalrechth.jpg\" \/>\n\t<meta property=\"og:image:width\" content=\"800\" \/>\n\t<meta property=\"og:image:height\" content=\"800\" \/>\n\t<meta property=\"og:image:type\" content=\"image\/jpeg\" \/>\n<meta name=\"twitter:card\" content=\"summary_large_image\" \/>\n<script type=\"application\/ld+json\" class=\"yoast-schema-graph\">{\"@context\":\"https:\/\/schema.org\",\"@graph\":[{\"@type\":\"WebPage\",\"@id\":\"https:\/\/www.eliassen.nl\/de\/wanduhr-industrie-3-zeitzonen-92cm\/\",\"url\":\"https:\/\/www.eliassen.nl\/de\/wanduhr-industrie-3-zeitzonen-92cm\/\",\"name\":\"Wanduhr Industrie 3 Zeitzonen 92cm\",\"isPartOf\":{\"@id\":\"https:\/\/www.eliassen.nl\/de\/#website\"},\"primaryImageOfPage\":{\"@id\":\"https:\/\/www.eliassen.nl\/de\/wanduhr-industrie-3-zeitzonen-92cm\/#primaryimage\"},\"image\":{\"@id\":\"https:\/\/www.eliassen.nl\/de\/wanduhr-industrie-3-zeitzonen-92cm\/#primaryimage\"},\"thumbnailUrl\":\"https:\/\/www.eliassen.nl\/wp-content\/uploads\/2024\/01\/5kl0161wandklok371192cm3aabruinmetaalrechth.jpg\",\"datePublished\":\"2022-05-06T16:52:35+00:00\",\"dateModified\":\"2026-02-05T08:46:51+00:00\",\"breadcrumb\":{\"@id\":\"https:\/\/www.eliassen.nl\/de\/wanduhr-industrie-3-zeitzonen-92cm\/#breadcrumb\"},\"inLanguage\":\"de\",\"potentialAction\":[{\"@type\":\"ReadAction\",\"target\":[\"https:\/\/www.eliassen.nl\/de\/wanduhr-industrie-3-zeitzonen-92cm\/\"]}]},{\"@type\":\"ImageObject\",\"inLanguage\":\"de\",\"@id\":\"https:\/\/www.eliassen.nl\/de\/wanduhr-industrie-3-zeitzonen-92cm\/#primaryimage\",\"url\":\"https:\/\/www.eliassen.nl\/wp-content\/uploads\/2024\/01\/5kl0161wandklok371192cm3aabruinmetaalrechth.jpg\",\"contentUrl\":\"https:\/\/www.eliassen.nl\/wp-content\/uploads\/2024\/01\/5kl0161wandklok371192cm3aabruinmetaalrechth.jpg\",\"width\":800,\"height\":800,\"caption\":\"5kl0161-wandklok-371192-cm-3aa-bruin-metaal-rechthoek-muurklok-hangklok\"},{\"@type\":\"BreadcrumbList\",\"@id\":\"https:\/\/www.eliassen.nl\/de\/wanduhr-industrie-3-zeitzonen-92cm\/#breadcrumb\",\"itemListElement\":[{\"@type\":\"ListItem\",\"position\":1,\"name\":\"Home\",\"item\":\"https:\/\/www.eliassen.nl\/de\/\"},{\"@type\":\"ListItem\",\"position\":2,\"name\":\"Shop\",\"item\":\"https:\/\/www.eliassen.nl\/de\/shop\/\"},{\"@type\":\"ListItem\",\"position\":3,\"name\":\"Wanddekoration\",\"item\":\"https:\/\/www.eliassen.nl\/de\/wanddekoration\/\"},{\"@type\":\"ListItem\",\"position\":4,\"name\":\"Wanduhren\",\"item\":\"https:\/\/www.eliassen.nl\/de\/wanddekoration\/wanduhren\/\"},{\"@type\":\"ListItem\",\"position\":5,\"name\":\"Wanduhr Industrie 3 Zeitzonen 92cm\"}]},{\"@type\":\"WebSite\",\"@id\":\"https:\/\/www.eliassen.nl\/de\/#website\",\"url\":\"https:\/\/www.eliassen.nl\/de\/\",\"name\":\"Eliassen Home & Garden Pleasure\",\"description\":\"\",\"publisher\":{\"@id\":\"https:\/\/www.eliassen.nl\/de\/#organization\"},\"alternateName\":\"Eliassen.nl\",\"potentialAction\":[{\"@type\":\"SearchAction\",\"target\":{\"@type\":\"EntryPoint\",\"urlTemplate\":\"https:\/\/www.eliassen.nl\/de\/?s={search_term_string}\"},\"query-input\":{\"@type\":\"PropertyValueSpecification\",\"valueRequired\":true,\"valueName\":\"search_term_string\"}}],\"inLanguage\":\"de\"},{\"@type\":[\"Organization\",\"Place\"],\"@id\":\"https:\/\/www.eliassen.nl\/de\/#organization\",\"name\":\"Eliassen Home & Garden Pleasure\",\"url\":\"https:\/\/www.eliassen.nl\/de\/\",\"logo\":{\"@id\":\"https:\/\/www.eliassen.nl\/de\/wanduhr-industrie-3-zeitzonen-92cm\/#local-main-organization-logo\"},\"image\":{\"@id\":\"https:\/\/www.eliassen.nl\/de\/wanduhr-industrie-3-zeitzonen-92cm\/#local-main-organization-logo\"},\"sameAs\":[\"https:\/\/www.facebook.com\/TuincentrumEliassenAmmerzoden\",\"https:\/\/www.instagram.com\/eliassenhomeandgarden\/\",\"https:\/\/nl.pinterest.com\/eliassenhomeandgarden\/\",\"https:\/\/www.youtube.com\/@eliassenhomegardenpleasure4558\"],\"telephone\":[],\"openingHoursSpecification\":[{\"@type\":\"OpeningHoursSpecification\",\"dayOfWeek\":[\"Monday\",\"Tuesday\",\"Wednesday\",\"Thursday\",\"Friday\",\"Saturday\",\"Sunday\"],\"opens\":\"09:00\",\"closes\":\"17:00\"}]},{\"@type\":\"ImageObject\",\"inLanguage\":\"de\",\"@id\":\"https:\/\/www.eliassen.nl\/de\/wanduhr-industrie-3-zeitzonen-92cm\/#local-main-organization-logo\",\"url\":\"https:\/\/www.eliassen.nl\/wp-content\/uploads\/2024\/01\/logo_4nd.jpg\",\"contentUrl\":\"https:\/\/www.eliassen.nl\/wp-content\/uploads\/2024\/01\/logo_4nd.jpg\",\"width\":500,\"height\":500,\"caption\":\"Eliassen Home & Garden Pleasure\"}]}<\/script>\n<meta property=\"product:price:amount\" content=\"89.00\" \/>\n<meta property=\"product:price:currency\" content=\"EUR\" \/>\n<meta property=\"og:availability\" content=\"instock\" \/>\n<meta property=\"product:availability\" content=\"instock\" \/>\n<meta property=\"product:retailer_item_id\" content=\"5kl0161\" \/>\n<meta property=\"product:condition\" content=\"new\" \/>\n<!-- \/ Yoast SEO Premium plugin. -->","yoast_head_json":{"title":"Wanduhr Industrie 3 Zeitzonen 92cm","robots":{"index":"index","follow":"follow","max-snippet":"max-snippet:-1","max-image-preview":"max-image-preview:large","max-video-preview":"max-video-preview:-1"},"canonical":"https:\/\/www.eliassen.nl\/de\/wanduhr-industrie-3-zeitzonen-92cm\/","og_locale":"de_DE","og_type":"article","og_title":"Sonstige Wanduhr Industrie 3 Zeitzonen 92cm - Eliassen.nl","og_description":"Diese Wanduhr Industrial 3 Zeitzonen ist komplett aus Metall gefertigt und ist eine sch\u00f6ne Wanddekoration f\u00fcr Ihr Zuhause oder Ihre Arbeitsumgebung. Die Farbe und das Design schaffen einen industriellen Look. Dieses St\u00fcck Wanddekoration ist nur f\u00fcr den Innenbereich geeignet. Sie k\u00f6nnen sich diese Uhr auch in unserem Gesch\u00e4ft ansehen. Wir haben fast die gesamte Serie &hellip;","og_url":"https:\/\/www.eliassen.nl\/de\/wanduhr-industrie-3-zeitzonen-92cm\/","og_site_name":"Eliassen.nl","article_publisher":"https:\/\/www.facebook.com\/TuincentrumEliassenAmmerzoden","article_modified_time":"2026-02-05T08:46:51+00:00","og_image":[{"width":800,"height":800,"url":"https:\/\/www.eliassen.nl\/wp-content\/uploads\/2024\/01\/5kl0161wandklok371192cm3aabruinmetaalrechth.jpg","type":"image\/jpeg"}],"twitter_card":"summary_large_image","schema":{"@context":"https:\/\/schema.org","@graph":[{"@type":"WebPage","@id":"https:\/\/www.eliassen.nl\/de\/wanduhr-industrie-3-zeitzonen-92cm\/","url":"https:\/\/www.eliassen.nl\/de\/wanduhr-industrie-3-zeitzonen-92cm\/","name":"Wanduhr Industrie 3 Zeitzonen 92cm","isPartOf":{"@id":"https:\/\/www.eliassen.nl\/de\/#website"},"primaryImageOfPage":{"@id":"https:\/\/www.eliassen.nl\/de\/wanduhr-industrie-3-zeitzonen-92cm\/#primaryimage"},"image":{"@id":"https:\/\/www.eliassen.nl\/de\/wanduhr-industrie-3-zeitzonen-92cm\/#primaryimage"},"thumbnailUrl":"https:\/\/www.eliassen.nl\/wp-content\/uploads\/2024\/01\/5kl0161wandklok371192cm3aabruinmetaalrechth.jpg","datePublished":"2022-05-06T16:52:35+00:00","dateModified":"2026-02-05T08:46:51+00:00","breadcrumb":{"@id":"https:\/\/www.eliassen.nl\/de\/wanduhr-industrie-3-zeitzonen-92cm\/#breadcrumb"},"inLanguage":"de","potentialAction":[{"@type":"ReadAction","target":["https:\/\/www.eliassen.nl\/de\/wanduhr-industrie-3-zeitzonen-92cm\/"]}]},{"@type":"ImageObject","inLanguage":"de","@id":"https:\/\/www.eliassen.nl\/de\/wanduhr-industrie-3-zeitzonen-92cm\/#primaryimage","url":"https:\/\/www.eliassen.nl\/wp-content\/uploads\/2024\/01\/5kl0161wandklok371192cm3aabruinmetaalrechth.jpg","contentUrl":"https:\/\/www.eliassen.nl\/wp-content\/uploads\/2024\/01\/5kl0161wandklok371192cm3aabruinmetaalrechth.jpg","width":800,"height":800,"caption":"5kl0161-wandklok-371192-cm-3aa-bruin-metaal-rechthoek-muurklok-hangklok"},{"@type":"BreadcrumbList","@id":"https:\/\/www.eliassen.nl\/de\/wanduhr-industrie-3-zeitzonen-92cm\/#breadcrumb","itemListElement":[{"@type":"ListItem","position":1,"name":"Home","item":"https:\/\/www.eliassen.nl\/de\/"},{"@type":"ListItem","position":2,"name":"Shop","item":"https:\/\/www.eliassen.nl\/de\/shop\/"},{"@type":"ListItem","position":3,"name":"Wanddekoration","item":"https:\/\/www.eliassen.nl\/de\/wanddekoration\/"},{"@type":"ListItem","position":4,"name":"Wanduhren","item":"https:\/\/www.eliassen.nl\/de\/wanddekoration\/wanduhren\/"},{"@type":"ListItem","position":5,"name":"Wanduhr Industrie 3 Zeitzonen 92cm"}]},{"@type":"WebSite","@id":"https:\/\/www.eliassen.nl\/de\/#website","url":"https:\/\/www.eliassen.nl\/de\/","name":"Eliassen Home & Garden Pleasure","description":"","publisher":{"@id":"https:\/\/www.eliassen.nl\/de\/#organization"},"alternateName":"Eliassen.nl","potentialAction":[{"@type":"SearchAction","target":{"@type":"EntryPoint","urlTemplate":"https:\/\/www.eliassen.nl\/de\/?s={search_term_string}"},"query-input":{"@type":"PropertyValueSpecification","valueRequired":true,"valueName":"search_term_string"}}],"inLanguage":"de"},{"@type":["Organization","Place"],"@id":"https:\/\/www.eliassen.nl\/de\/#organization","name":"Eliassen Home & Garden Pleasure","url":"https:\/\/www.eliassen.nl\/de\/","logo":{"@id":"https:\/\/www.eliassen.nl\/de\/wanduhr-industrie-3-zeitzonen-92cm\/#local-main-organization-logo"},"image":{"@id":"https:\/\/www.eliassen.nl\/de\/wanduhr-industrie-3-zeitzonen-92cm\/#local-main-organization-logo"},"sameAs":["https:\/\/www.facebook.com\/TuincentrumEliassenAmmerzoden","https:\/\/www.instagram.com\/eliassenhomeandgarden\/","https:\/\/nl.pinterest.com\/eliassenhomeandgarden\/","https:\/\/www.youtube.com\/@eliassenhomegardenpleasure4558"],"telephone":[],"openingHoursSpecification":[{"@type":"OpeningHoursSpecification","dayOfWeek":["Monday","Tuesday","Wednesday","Thursday","Friday","Saturday","Sunday"],"opens":"09:00","closes":"17:00"}]},{"@type":"ImageObject","inLanguage":"de","@id":"https:\/\/www.eliassen.nl\/de\/wanduhr-industrie-3-zeitzonen-92cm\/#local-main-organization-logo","url":"https:\/\/www.eliassen.nl\/wp-content\/uploads\/2024\/01\/logo_4nd.jpg","contentUrl":"https:\/\/www.eliassen.nl\/wp-content\/uploads\/2024\/01\/logo_4nd.jpg","width":500,"height":500,"caption":"Eliassen Home & Garden Pleasure"}]},"product_price_amount":"89.00","product_price_currency":"EUR","og_availability":"instock","product_availability":"instock","product_retailer_item_id":"5kl0161","product_condition":"new"},"df_price":89,"df_sale_price":89,"df_regular_price":109,"df_image_link":"https:\/\/www.eliassen.nl\/wp-content\/uploads\/2024\/01\/5kl0161wandklok371192cm3aabruinmetaalrechth.jpg","image":"https:\/\/www.eliassen.nl\/wp-content\/uploads\/2024\/01\/5kl0161wandklok371192cm3aabruinmetaalrechth.jpg","price_search":"<span class=\"woocommerce-Price-amount amount\"><bdi><span class=\"woocommerce-Price-currencySymbol\">&euro;<\/span>&nbsp;89,00<\/bdi><\/span>","category":"Wanddekoration","global_unique_id":"8717459695979","_links":{"self":[{"href":"https:\/\/www.eliassen.nl\/de\/wp-json\/wp\/v2\/product\/72148","targetHints":{"allow":["GET"]}}],"collection":[{"href":"https:\/\/www.eliassen.nl\/de\/wp-json\/wp\/v2\/product"}],"about":[{"href":"https:\/\/www.eliassen.nl\/de\/wp-json\/wp\/v2\/types\/product"}],"wp:featuredmedia":[{"embeddable":true,"href":"https:\/\/www.eliassen.nl\/de\/wp-json\/wp\/v2\/media\/72139"}],"wp:attachment":[{"href":"https:\/\/www.eliassen.nl\/de\/wp-json\/wp\/v2\/media?parent=72148"}],"wp:term":[{"taxonomy":"product_brand","embeddable":true,"href":"https:\/\/www.eliassen.nl\/de\/wp-json\/wp\/v2\/product_brand?post=72148"},{"taxonomy":"product_cat","embeddable":true,"href":"https:\/\/www.eliassen.nl\/de\/wp-json\/wp\/v2\/product_cat?post=72148"},{"taxonomy":"product_tag","embeddable":true,"href":"https:\/\/www.eliassen.nl\/de\/wp-json\/wp\/v2\/product_tag?post=72148"}],"curies":[{"name":"wp","href":"https:\/\/api.w.org\/{rel}","templated":true}]}}