{"id":71407,"date":"2022-04-28T11:33:24","date_gmt":"2022-04-28T11:33:24","guid":{"rendered":"https:\/\/www.eliassen.nl\/?product=wandklok-rond-wit-zilver-greenwich-am-40cm"},"modified":"2026-02-03T14:00:58","modified_gmt":"2026-02-03T13:00:58","slug":"wanduhr-rund-weisssilber-greenwich-am-o-40cm","status":"publish","type":"product","link":"https:\/\/www.eliassen.nl\/de\/wanduhr-rund-weisssilber-greenwich-am-o-40cm\/","title":{"rendered":"Wanduhr Rund Wei\u00df\/Silber Greenwich AM \u00d8 40cm"},"content":{"rendered":"<p>K\u00f6nnen Sie es schon an Ihrer Wand h\u00e4ngen sehen? Diese sehr klassische und doch moderne Wanduhr der englischen Marke Thomas Kent.<br \/>\nSt\u00fcck f\u00fcr St\u00fcck sind dies sch\u00f6ne, hochwertige Zeitmesser f\u00fcr die Wand.<\/p>\n<p>Diese sch\u00f6ne runde Wanduhr ist eine Bereicherung f\u00fcr Ihr Zuhause oder Ihre Arbeitsumgebung.<br \/>\nDie schlanken Formen dieser runden Wanduhr in Kombination mit dem wei\u00dfen Hintergrund und dem gew\u00f6lbten Glas sorgen daf\u00fcr, dass diese Wanduhr in jedes Interieur passt.<\/p>\n<p>Das Uhrwerk der Wanduhr besteht aus einem guten Antrieb mit Quarzkristall, um den Sie sich kaum Sorgen machen m\u00fcssen.<\/p>\n<p>Diese Serie von Wanduhren gibt kaum einen Ton von sich. Damit sind diese Wanduhren ideal f\u00fcr das Schlafzimmer oder einen B\u00fcroarbeitsplatz.<\/p>\n<p>Wir sind stolz darauf, dass wir der gr\u00f6\u00dfte H\u00e4ndler in den Niederlanden f\u00fcr diese Wanduhrenserie sind und die gesamte Thomas Kent-Serie in unserem Gesch\u00e4ft ausstellen k\u00f6nnen.<\/p>\n<p>Kommen Sie also gerne in unser Gesch\u00e4ft, um sich diese Uhren anzusehen.<\/p>\n<ul>\n<li>Gr\u00f6\u00dfe: 40 cm. Durchmesser und 8,3 cm. Dicke<\/li>\n<li>Hintergrundfarbe: Wei\u00df.<\/li>\n<li>Gestellfarbe: Silber.<\/li>\n<li>Material: Stahl.<\/li>\n<li>Glasform: Kugel.<\/li>\n<li>Stil der Uhr: l\u00e4ndlich, modern und industriell.<\/li>\n<li>Garantie: 2 Jahre<\/li>\n<li>Farbe der Zeiger: schwarz.<\/li>\n<li>Verpackt in einem stabilen Karton.<\/li>\n<\/ul>\n","protected":false},"excerpt":{"rendered":"<p>Versand nach Deutschland nicht m\u00f6glich.<\/p>\n","protected":false},"featured_media":71392,"template":"","meta":{"_acf_changed":false,"_genesis_title":"","_genesis_description":""},"product_brand":[6944],"product_cat":[1283,509,521],"product_tag":[],"class_list":{"0":"post-71407","1":"product","2":"type-product","3":"status-publish","4":"has-post-thumbnail","6":"product_brand-thomas-kent-de","7":"product_cat-thomas-kent-glocken","8":"product_cat-wanddekoration","9":"product_cat-wanduhren","11":"first","12":"instock","13":"taxable","14":"shipping-taxable","15":"purchasable","16":"product-type-simple"},"acf":[],"meta_all":{"total_sales":"0","wcml_sync_hash":{"postmeta_fields":"6f0cb869330453ad1216a0dc17e4f1eb"},"attr_label_translations":[],"cor_restricted_countries":["DE"],"cor_product_add":"ja"},"meta_all_flat":{"total_sales":"0","wcml_sync_hash.postmeta_fields":"6f0cb869330453ad1216a0dc17e4f1eb","cor_restricted_countries.0":"DE","cor_product_add":"ja"},"yoast_head":"<!-- This site is optimized with the Yoast SEO Premium plugin v26.2 (Yoast SEO v27.2) - https:\/\/yoast.com\/product\/yoast-seo-premium-wordpress\/ -->\n<title>Wanduhr Rund Wei\u00df\/Silber Greenwich AM \u00d8 40cm<\/title>\n<meta name=\"description\" content=\"Wanduhr von Thomas Kent kaufen? Eliassen bietet eine gro\u00dfe Kollektion von Wanduhren zu guten Preisen. Sie sind herzlich eingeladen, unseren Ausstellungsraum und www.eliassen.nl zu besuchen.\" \/>\n<meta name=\"robots\" content=\"index, follow, max-snippet:-1, max-image-preview:large, max-video-preview:-1\" \/>\n<link rel=\"canonical\" href=\"https:\/\/www.eliassen.nl\/de\/wanduhr-rund-weisssilber-greenwich-am-o-40cm\/\" \/>\n<meta property=\"og:locale\" content=\"de_DE\" \/>\n<meta property=\"og:type\" content=\"article\" \/>\n<meta property=\"og:title\" content=\"Thomas Kent Wanduhr Rund Wei\u00df\/Silber Greenwich AM \u00d8 40cm - Eliassen.nl\" \/>\n<meta property=\"og:description\" content=\"Wanduhr von Thomas Kent kaufen? Eliassen bietet eine gro\u00dfe Kollektion von Wanduhren zu guten Preisen. Sie sind herzlich eingeladen, unseren Ausstellungsraum und www.eliassen.nl zu besuchen.\" \/>\n<meta property=\"og:url\" content=\"https:\/\/www.eliassen.nl\/de\/wanduhr-rund-weisssilber-greenwich-am-o-40cm\/\" \/>\n<meta property=\"og:site_name\" content=\"Eliassen.nl\" \/>\n<meta property=\"article:publisher\" content=\"https:\/\/www.facebook.com\/TuincentrumEliassenAmmerzoden\" \/>\n<meta property=\"article:modified_time\" content=\"2026-02-03T13:00:58+00:00\" \/>\n<meta property=\"og:image\" content=\"https:\/\/www.eliassen.nl\/wp-content\/uploads\/2024\/01\/778861greenwichmorningsilver.jpg\" \/>\n\t<meta property=\"og:image:width\" content=\"1181\" \/>\n\t<meta property=\"og:image:height\" content=\"1181\" \/>\n\t<meta property=\"og:image:type\" content=\"image\/jpeg\" \/>\n<meta name=\"twitter:card\" content=\"summary_large_image\" \/>\n<script type=\"application\/ld+json\" class=\"yoast-schema-graph\">{\"@context\":\"https:\/\/schema.org\",\"@graph\":[{\"@type\":\"WebPage\",\"@id\":\"https:\/\/www.eliassen.nl\/de\/wanduhr-rund-weisssilber-greenwich-am-o-40cm\/\",\"url\":\"https:\/\/www.eliassen.nl\/de\/wanduhr-rund-weisssilber-greenwich-am-o-40cm\/\",\"name\":\"Wanduhr Rund Wei\u00df\/Silber Greenwich AM \u00d8 40cm\",\"isPartOf\":{\"@id\":\"https:\/\/www.eliassen.nl\/de\/#website\"},\"primaryImageOfPage\":{\"@id\":\"https:\/\/www.eliassen.nl\/de\/wanduhr-rund-weisssilber-greenwich-am-o-40cm\/#primaryimage\"},\"image\":{\"@id\":\"https:\/\/www.eliassen.nl\/de\/wanduhr-rund-weisssilber-greenwich-am-o-40cm\/#primaryimage\"},\"thumbnailUrl\":\"https:\/\/www.eliassen.nl\/wp-content\/uploads\/2024\/01\/778861greenwichmorningsilver.jpg\",\"datePublished\":\"2022-04-28T11:33:24+00:00\",\"dateModified\":\"2026-02-03T13:00:58+00:00\",\"description\":\"Wanduhr von Thomas Kent kaufen? Eliassen bietet eine gro\u00dfe Kollektion von Wanduhren zu guten Preisen. Sie sind herzlich eingeladen, unseren Ausstellungsraum und www.eliassen.nl zu besuchen.\",\"breadcrumb\":{\"@id\":\"https:\/\/www.eliassen.nl\/de\/wanduhr-rund-weisssilber-greenwich-am-o-40cm\/#breadcrumb\"},\"inLanguage\":\"de\",\"potentialAction\":[{\"@type\":\"ReadAction\",\"target\":[\"https:\/\/www.eliassen.nl\/de\/wanduhr-rund-weisssilber-greenwich-am-o-40cm\/\"]}]},{\"@type\":\"ImageObject\",\"inLanguage\":\"de\",\"@id\":\"https:\/\/www.eliassen.nl\/de\/wanduhr-rund-weisssilber-greenwich-am-o-40cm\/#primaryimage\",\"url\":\"https:\/\/www.eliassen.nl\/wp-content\/uploads\/2024\/01\/778861greenwichmorningsilver.jpg\",\"contentUrl\":\"https:\/\/www.eliassen.nl\/wp-content\/uploads\/2024\/01\/778861greenwichmorningsilver.jpg\",\"width\":1181,\"height\":1181,\"caption\":\"778861 Greenwich Morgen Silber\"},{\"@type\":\"BreadcrumbList\",\"@id\":\"https:\/\/www.eliassen.nl\/de\/wanduhr-rund-weisssilber-greenwich-am-o-40cm\/#breadcrumb\",\"itemListElement\":[{\"@type\":\"ListItem\",\"position\":1,\"name\":\"Home\",\"item\":\"https:\/\/www.eliassen.nl\/de\/\"},{\"@type\":\"ListItem\",\"position\":2,\"name\":\"Shop\",\"item\":\"https:\/\/www.eliassen.nl\/de\/shop\/\"},{\"@type\":\"ListItem\",\"position\":3,\"name\":\"Wanddekoration\",\"item\":\"https:\/\/www.eliassen.nl\/de\/wanddekoration\/\"},{\"@type\":\"ListItem\",\"position\":4,\"name\":\"Wanduhren\",\"item\":\"https:\/\/www.eliassen.nl\/de\/wanddekoration\/wanduhren\/\"},{\"@type\":\"ListItem\",\"position\":5,\"name\":\"Thomas-Kent-Glocken\",\"item\":\"https:\/\/www.eliassen.nl\/de\/wanddekoration\/wanduhren\/thomas-kent-glocken\/\"},{\"@type\":\"ListItem\",\"position\":6,\"name\":\"Wanduhr Rund Wei\u00df\/Silber Greenwich AM \u00d8 40cm\"}]},{\"@type\":\"WebSite\",\"@id\":\"https:\/\/www.eliassen.nl\/de\/#website\",\"url\":\"https:\/\/www.eliassen.nl\/de\/\",\"name\":\"Eliassen Home & Garden Pleasure\",\"description\":\"\",\"publisher\":{\"@id\":\"https:\/\/www.eliassen.nl\/de\/#organization\"},\"alternateName\":\"Eliassen.nl\",\"potentialAction\":[{\"@type\":\"SearchAction\",\"target\":{\"@type\":\"EntryPoint\",\"urlTemplate\":\"https:\/\/www.eliassen.nl\/de\/?s={search_term_string}\"},\"query-input\":{\"@type\":\"PropertyValueSpecification\",\"valueRequired\":true,\"valueName\":\"search_term_string\"}}],\"inLanguage\":\"de\"},{\"@type\":[\"Organization\",\"Place\"],\"@id\":\"https:\/\/www.eliassen.nl\/de\/#organization\",\"name\":\"Eliassen Home & Garden Pleasure\",\"url\":\"https:\/\/www.eliassen.nl\/de\/\",\"logo\":{\"@id\":\"https:\/\/www.eliassen.nl\/de\/wanduhr-rund-weisssilber-greenwich-am-o-40cm\/#local-main-organization-logo\"},\"image\":{\"@id\":\"https:\/\/www.eliassen.nl\/de\/wanduhr-rund-weisssilber-greenwich-am-o-40cm\/#local-main-organization-logo\"},\"sameAs\":[\"https:\/\/www.facebook.com\/TuincentrumEliassenAmmerzoden\",\"https:\/\/www.instagram.com\/eliassenhomeandgarden\/\",\"https:\/\/nl.pinterest.com\/eliassenhomeandgarden\/\",\"https:\/\/www.youtube.com\/@eliassenhomegardenpleasure4558\"],\"telephone\":[],\"openingHoursSpecification\":[{\"@type\":\"OpeningHoursSpecification\",\"dayOfWeek\":[\"Monday\",\"Tuesday\",\"Wednesday\",\"Thursday\",\"Friday\",\"Saturday\",\"Sunday\"],\"opens\":\"09:00\",\"closes\":\"17:00\"}]},{\"@type\":\"ImageObject\",\"inLanguage\":\"de\",\"@id\":\"https:\/\/www.eliassen.nl\/de\/wanduhr-rund-weisssilber-greenwich-am-o-40cm\/#local-main-organization-logo\",\"url\":\"https:\/\/www.eliassen.nl\/wp-content\/uploads\/2024\/01\/logo_4nd.jpg\",\"contentUrl\":\"https:\/\/www.eliassen.nl\/wp-content\/uploads\/2024\/01\/logo_4nd.jpg\",\"width\":500,\"height\":500,\"caption\":\"Eliassen Home & Garden Pleasure\"}]}<\/script>\n<meta property=\"product:price:amount\" content=\"85.50\" \/>\n<meta property=\"product:price:currency\" content=\"EUR\" \/>\n<meta property=\"og:availability\" content=\"instock\" \/>\n<meta property=\"product:availability\" content=\"instock\" \/>\n<meta property=\"product:retailer_item_id\" content=\"778861\" \/>\n<meta property=\"product:condition\" content=\"new\" \/>\n<!-- \/ Yoast SEO Premium plugin. -->","yoast_head_json":{"title":"Wanduhr Rund Wei\u00df\/Silber Greenwich AM \u00d8 40cm","description":"Wanduhr von Thomas Kent kaufen? Eliassen bietet eine gro\u00dfe Kollektion von Wanduhren zu guten Preisen. Sie sind herzlich eingeladen, unseren Ausstellungsraum und www.eliassen.nl zu besuchen.","robots":{"index":"index","follow":"follow","max-snippet":"max-snippet:-1","max-image-preview":"max-image-preview:large","max-video-preview":"max-video-preview:-1"},"canonical":"https:\/\/www.eliassen.nl\/de\/wanduhr-rund-weisssilber-greenwich-am-o-40cm\/","og_locale":"de_DE","og_type":"article","og_title":"Thomas Kent Wanduhr Rund Wei\u00df\/Silber Greenwich AM \u00d8 40cm - Eliassen.nl","og_description":"Wanduhr von Thomas Kent kaufen? Eliassen bietet eine gro\u00dfe Kollektion von Wanduhren zu guten Preisen. Sie sind herzlich eingeladen, unseren Ausstellungsraum und www.eliassen.nl zu besuchen.","og_url":"https:\/\/www.eliassen.nl\/de\/wanduhr-rund-weisssilber-greenwich-am-o-40cm\/","og_site_name":"Eliassen.nl","article_publisher":"https:\/\/www.facebook.com\/TuincentrumEliassenAmmerzoden","article_modified_time":"2026-02-03T13:00:58+00:00","og_image":[{"width":1181,"height":1181,"url":"https:\/\/www.eliassen.nl\/wp-content\/uploads\/2024\/01\/778861greenwichmorningsilver.jpg","type":"image\/jpeg"}],"twitter_card":"summary_large_image","schema":{"@context":"https:\/\/schema.org","@graph":[{"@type":"WebPage","@id":"https:\/\/www.eliassen.nl\/de\/wanduhr-rund-weisssilber-greenwich-am-o-40cm\/","url":"https:\/\/www.eliassen.nl\/de\/wanduhr-rund-weisssilber-greenwich-am-o-40cm\/","name":"Wanduhr Rund Wei\u00df\/Silber Greenwich AM \u00d8 40cm","isPartOf":{"@id":"https:\/\/www.eliassen.nl\/de\/#website"},"primaryImageOfPage":{"@id":"https:\/\/www.eliassen.nl\/de\/wanduhr-rund-weisssilber-greenwich-am-o-40cm\/#primaryimage"},"image":{"@id":"https:\/\/www.eliassen.nl\/de\/wanduhr-rund-weisssilber-greenwich-am-o-40cm\/#primaryimage"},"thumbnailUrl":"https:\/\/www.eliassen.nl\/wp-content\/uploads\/2024\/01\/778861greenwichmorningsilver.jpg","datePublished":"2022-04-28T11:33:24+00:00","dateModified":"2026-02-03T13:00:58+00:00","description":"Wanduhr von Thomas Kent kaufen? Eliassen bietet eine gro\u00dfe Kollektion von Wanduhren zu guten Preisen. Sie sind herzlich eingeladen, unseren Ausstellungsraum und www.eliassen.nl zu besuchen.","breadcrumb":{"@id":"https:\/\/www.eliassen.nl\/de\/wanduhr-rund-weisssilber-greenwich-am-o-40cm\/#breadcrumb"},"inLanguage":"de","potentialAction":[{"@type":"ReadAction","target":["https:\/\/www.eliassen.nl\/de\/wanduhr-rund-weisssilber-greenwich-am-o-40cm\/"]}]},{"@type":"ImageObject","inLanguage":"de","@id":"https:\/\/www.eliassen.nl\/de\/wanduhr-rund-weisssilber-greenwich-am-o-40cm\/#primaryimage","url":"https:\/\/www.eliassen.nl\/wp-content\/uploads\/2024\/01\/778861greenwichmorningsilver.jpg","contentUrl":"https:\/\/www.eliassen.nl\/wp-content\/uploads\/2024\/01\/778861greenwichmorningsilver.jpg","width":1181,"height":1181,"caption":"778861 Greenwich Morgen Silber"},{"@type":"BreadcrumbList","@id":"https:\/\/www.eliassen.nl\/de\/wanduhr-rund-weisssilber-greenwich-am-o-40cm\/#breadcrumb","itemListElement":[{"@type":"ListItem","position":1,"name":"Home","item":"https:\/\/www.eliassen.nl\/de\/"},{"@type":"ListItem","position":2,"name":"Shop","item":"https:\/\/www.eliassen.nl\/de\/shop\/"},{"@type":"ListItem","position":3,"name":"Wanddekoration","item":"https:\/\/www.eliassen.nl\/de\/wanddekoration\/"},{"@type":"ListItem","position":4,"name":"Wanduhren","item":"https:\/\/www.eliassen.nl\/de\/wanddekoration\/wanduhren\/"},{"@type":"ListItem","position":5,"name":"Thomas-Kent-Glocken","item":"https:\/\/www.eliassen.nl\/de\/wanddekoration\/wanduhren\/thomas-kent-glocken\/"},{"@type":"ListItem","position":6,"name":"Wanduhr Rund Wei\u00df\/Silber Greenwich AM \u00d8 40cm"}]},{"@type":"WebSite","@id":"https:\/\/www.eliassen.nl\/de\/#website","url":"https:\/\/www.eliassen.nl\/de\/","name":"Eliassen Home & Garden Pleasure","description":"","publisher":{"@id":"https:\/\/www.eliassen.nl\/de\/#organization"},"alternateName":"Eliassen.nl","potentialAction":[{"@type":"SearchAction","target":{"@type":"EntryPoint","urlTemplate":"https:\/\/www.eliassen.nl\/de\/?s={search_term_string}"},"query-input":{"@type":"PropertyValueSpecification","valueRequired":true,"valueName":"search_term_string"}}],"inLanguage":"de"},{"@type":["Organization","Place"],"@id":"https:\/\/www.eliassen.nl\/de\/#organization","name":"Eliassen Home & Garden Pleasure","url":"https:\/\/www.eliassen.nl\/de\/","logo":{"@id":"https:\/\/www.eliassen.nl\/de\/wanduhr-rund-weisssilber-greenwich-am-o-40cm\/#local-main-organization-logo"},"image":{"@id":"https:\/\/www.eliassen.nl\/de\/wanduhr-rund-weisssilber-greenwich-am-o-40cm\/#local-main-organization-logo"},"sameAs":["https:\/\/www.facebook.com\/TuincentrumEliassenAmmerzoden","https:\/\/www.instagram.com\/eliassenhomeandgarden\/","https:\/\/nl.pinterest.com\/eliassenhomeandgarden\/","https:\/\/www.youtube.com\/@eliassenhomegardenpleasure4558"],"telephone":[],"openingHoursSpecification":[{"@type":"OpeningHoursSpecification","dayOfWeek":["Monday","Tuesday","Wednesday","Thursday","Friday","Saturday","Sunday"],"opens":"09:00","closes":"17:00"}]},{"@type":"ImageObject","inLanguage":"de","@id":"https:\/\/www.eliassen.nl\/de\/wanduhr-rund-weisssilber-greenwich-am-o-40cm\/#local-main-organization-logo","url":"https:\/\/www.eliassen.nl\/wp-content\/uploads\/2024\/01\/logo_4nd.jpg","contentUrl":"https:\/\/www.eliassen.nl\/wp-content\/uploads\/2024\/01\/logo_4nd.jpg","width":500,"height":500,"caption":"Eliassen Home & Garden Pleasure"}]},"product_price_amount":"85.50","product_price_currency":"EUR","og_availability":"instock","product_availability":"instock","product_retailer_item_id":"778861","product_condition":"new"},"df_price":85.5,"df_sale_price":"","df_regular_price":85.5,"df_image_link":"https:\/\/www.eliassen.nl\/wp-content\/uploads\/2024\/01\/778861greenwichmorningsilver.jpg","image":"https:\/\/www.eliassen.nl\/wp-content\/uploads\/2024\/01\/778861greenwichmorningsilver.jpg","price_search":"<span class=\"woocommerce-Price-amount amount\"><bdi><span class=\"woocommerce-Price-currencySymbol\">&euro;<\/span>&nbsp;85,50<\/bdi><\/span>","category":"Thomas-Kent-Glocken","global_unique_id":"8718317788611","_links":{"self":[{"href":"https:\/\/www.eliassen.nl\/de\/wp-json\/wp\/v2\/product\/71407","targetHints":{"allow":["GET"]}}],"collection":[{"href":"https:\/\/www.eliassen.nl\/de\/wp-json\/wp\/v2\/product"}],"about":[{"href":"https:\/\/www.eliassen.nl\/de\/wp-json\/wp\/v2\/types\/product"}],"wp:featuredmedia":[{"embeddable":true,"href":"https:\/\/www.eliassen.nl\/de\/wp-json\/wp\/v2\/media\/71392"}],"wp:attachment":[{"href":"https:\/\/www.eliassen.nl\/de\/wp-json\/wp\/v2\/media?parent=71407"}],"wp:term":[{"taxonomy":"product_brand","embeddable":true,"href":"https:\/\/www.eliassen.nl\/de\/wp-json\/wp\/v2\/product_brand?post=71407"},{"taxonomy":"product_cat","embeddable":true,"href":"https:\/\/www.eliassen.nl\/de\/wp-json\/wp\/v2\/product_cat?post=71407"},{"taxonomy":"product_tag","embeddable":true,"href":"https:\/\/www.eliassen.nl\/de\/wp-json\/wp\/v2\/product_tag?post=71407"}],"curies":[{"name":"wp","href":"https:\/\/api.w.org\/{rel}","templated":true}]}}