{"id":71047,"date":"2022-04-22T16:18:17","date_gmt":"2022-04-22T16:18:17","guid":{"rendered":"https:\/\/www.eliassen.nl\/?product=beeld-shiva-buste-100cm-greenstone"},"modified":"2026-02-21T15:20:31","modified_gmt":"2026-02-21T14:20:31","slug":"hindu-statue-shiva-buste-100cm-grunstein","status":"publish","type":"product","link":"https:\/\/www.eliassen.nl\/de\/hindu-statue-shiva-buste-100cm-grunstein\/","title":{"rendered":"Hindu Statue Shiva B\u00fcste 100cm Gr\u00fcner Stein"},"content":{"rendered":"<p>Mit dieser Skulptur von Greenstone k\u00f6nnen Sie in Ihrem Garten, Ihrem Gesch\u00e4ft, Ihrem Praxisraum oder Ihrem Zuhause eine wundersch\u00f6ne warme orientalische Atmosph\u00e4re schaffen.<\/p>\n<p>Diese massive und schwere Statue einer B\u00fcste des Hindu-Gottes Shiva ist aus einem Block aus gr\u00fcnem Stein handgefertigt. Gr\u00fcner Stein ist ein witterungsbest\u00e4ndiger Naturstein, der allen Wetterbedingungen standh\u00e4lt. Die Farbe ist hellgr\u00fcn und kann immer leicht vom Foto abweichen, da alle Steine dieser Art in der Natur in verschiedenen Gr\u00fcnt\u00f6nen vorkommen.<\/p>\n<p>Flecken, Flecken oder andere Unreinheiten k\u00f6nnen bei dieser Art von Stein nat\u00fcrlich auftreten. Dies ist normal, es k\u00f6nnen keine Anspr\u00fcche geltend gemacht werden. Deshalb empfehlen wir Ihnen, bei uns vorbeizuschauen, damit Sie sehen k\u00f6nnen, was Sie kaufen. Eine weitere wunderbare Eigenschaft dieser Art von Stein ist, dass an einem schattigen Platz mit der Zeit Moose wachsen und eine sch\u00f6ne, lebendige, antike Atmosph\u00e4re um diese Statuen herum schaffen.<\/p>\n<ul>\n<li>H\u00f6henmessung 100cm<\/li>\n<li>Handgemacht<\/li>\n<li>Schnelle Lieferung<\/li>\n<li><strong>Vieles aus dieser Serie ist auch in unserem Gesch\u00e4ft zu sehen<\/strong><\/li>\n<\/ul>\n","protected":false},"excerpt":{"rendered":"<p>\u2713 Aus Gr\u00fcnstein gehackt \u2713 Wundersch\u00f6n detailliert<\/p>\n","protected":false},"featured_media":71041,"template":"","meta":{"_acf_changed":false,"_genesis_title":"","_genesis_description":""},"product_brand":[7505],"product_cat":[677,719,7239],"product_tag":[],"class_list":{"0":"post-71047","1":"product","2":"type-product","3":"status-publish","4":"has-post-thumbnail","6":"product_brand-sonstige","7":"product_cat-betonstatuen","8":"product_cat-statuen-aus-naturstein","9":"product_cat-bilder","11":"first","12":"instock","13":"taxable","14":"shipping-taxable","15":"purchasable","16":"product-type-simple"},"acf":[],"meta_all":{"total_sales":"0","wcml_sync_hash":{"postmeta_fields":"c250a7637d45eaa36f127352bbdcfe44"},"attr_label_translations":[],"cor_restricted_countries":[]},"meta_all_flat":{"total_sales":"0","wcml_sync_hash.postmeta_fields":"c250a7637d45eaa36f127352bbdcfe44"},"yoast_head":"<!-- This site is optimized with the Yoast SEO Premium plugin v26.2 (Yoast SEO v27.2) - https:\/\/yoast.com\/product\/yoast-seo-premium-wordpress\/ -->\n<title>Hindu-Statue Shiva | 100cm | Gr\u00fcnstein | Eliassen.nl<\/title>\n<meta name=\"description\" content=\"Eine gro\u00dfe Sammlung orientalischer Skulpturen ist LIVE in unserem Ausstellungsraum zu sehen! Diese sch\u00f6ne Hindu-Statue ist handgefertigt und aus Greenstone hergestellt. F\u00fcr den Innen- und Au\u00dfenbereich geeignet.\" \/>\n<meta name=\"robots\" content=\"index, follow, max-snippet:-1, max-image-preview:large, max-video-preview:-1\" \/>\n<link rel=\"canonical\" href=\"https:\/\/www.eliassen.nl\/de\/hindu-statue-shiva-buste-100cm-grunstein\/\" \/>\n<meta property=\"og:locale\" content=\"de_DE\" \/>\n<meta property=\"og:type\" content=\"article\" \/>\n<meta property=\"og:title\" content=\"Sonstige Hindu Statue Shiva B\u00fcste 100cm Gr\u00fcner Stein - Eliassen.nl\" \/>\n<meta property=\"og:description\" content=\"Eine gro\u00dfe Sammlung orientalischer Skulpturen ist LIVE in unserem Ausstellungsraum zu sehen! Diese sch\u00f6ne Hindu-Statue ist handgefertigt und aus Greenstone hergestellt. F\u00fcr den Innen- und Au\u00dfenbereich geeignet.\" \/>\n<meta property=\"og:url\" content=\"https:\/\/www.eliassen.nl\/de\/hindu-statue-shiva-buste-100cm-grunstein\/\" \/>\n<meta property=\"og:site_name\" content=\"Eliassen.nl\" \/>\n<meta property=\"article:publisher\" content=\"https:\/\/www.facebook.com\/TuincentrumEliassenAmmerzoden\" \/>\n<meta property=\"article:modified_time\" content=\"2026-02-21T14:20:31+00:00\" \/>\n<meta property=\"og:image\" content=\"https:\/\/www.eliassen.nl\/wp-content\/uploads\/2024\/01\/hindoebeeldshivabuste100cmgreenstoneeliass.jpg\" \/>\n\t<meta property=\"og:image:width\" content=\"232\" \/>\n\t<meta property=\"og:image:height\" content=\"500\" \/>\n\t<meta property=\"og:image:type\" content=\"image\/jpeg\" \/>\n<meta name=\"twitter:card\" content=\"summary_large_image\" \/>\n<script type=\"application\/ld+json\" class=\"yoast-schema-graph\">{\"@context\":\"https:\/\/schema.org\",\"@graph\":[{\"@type\":\"WebPage\",\"@id\":\"https:\/\/www.eliassen.nl\/de\/hindu-statue-shiva-buste-100cm-grunstein\/\",\"url\":\"https:\/\/www.eliassen.nl\/de\/hindu-statue-shiva-buste-100cm-grunstein\/\",\"name\":\"Hindu-Statue Shiva | 100cm | Gr\u00fcnstein | Eliassen.nl\",\"isPartOf\":{\"@id\":\"https:\/\/www.eliassen.nl\/de\/#website\"},\"primaryImageOfPage\":{\"@id\":\"https:\/\/www.eliassen.nl\/de\/hindu-statue-shiva-buste-100cm-grunstein\/#primaryimage\"},\"image\":{\"@id\":\"https:\/\/www.eliassen.nl\/de\/hindu-statue-shiva-buste-100cm-grunstein\/#primaryimage\"},\"thumbnailUrl\":\"https:\/\/www.eliassen.nl\/wp-content\/uploads\/2024\/01\/hindoebeeldshivabuste100cmgreenstoneeliass.jpg\",\"datePublished\":\"2022-04-22T16:18:17+00:00\",\"dateModified\":\"2026-02-21T14:20:31+00:00\",\"description\":\"Eine gro\u00dfe Sammlung orientalischer Skulpturen ist LIVE in unserem Ausstellungsraum zu sehen! Diese sch\u00f6ne Hindu-Statue ist handgefertigt und aus Greenstone hergestellt. F\u00fcr den Innen- und Au\u00dfenbereich geeignet.\",\"breadcrumb\":{\"@id\":\"https:\/\/www.eliassen.nl\/de\/hindu-statue-shiva-buste-100cm-grunstein\/#breadcrumb\"},\"inLanguage\":\"de\",\"potentialAction\":[{\"@type\":\"ReadAction\",\"target\":[\"https:\/\/www.eliassen.nl\/de\/hindu-statue-shiva-buste-100cm-grunstein\/\"]}]},{\"@type\":\"ImageObject\",\"inLanguage\":\"de\",\"@id\":\"https:\/\/www.eliassen.nl\/de\/hindu-statue-shiva-buste-100cm-grunstein\/#primaryimage\",\"url\":\"https:\/\/www.eliassen.nl\/wp-content\/uploads\/2024\/01\/hindoebeeldshivabuste100cmgreenstoneeliass.jpg\",\"contentUrl\":\"https:\/\/www.eliassen.nl\/wp-content\/uploads\/2024\/01\/hindoebeeldshivabuste100cmgreenstoneeliass.jpg\",\"width\":232,\"height\":500,\"caption\":\"Hindu Statue Shiva B\u00fcste 100cm Gr\u00fcnstein - Eliassen.nl\"},{\"@type\":\"BreadcrumbList\",\"@id\":\"https:\/\/www.eliassen.nl\/de\/hindu-statue-shiva-buste-100cm-grunstein\/#breadcrumb\",\"itemListElement\":[{\"@type\":\"ListItem\",\"position\":1,\"name\":\"Home\",\"item\":\"https:\/\/www.eliassen.nl\/de\/\"},{\"@type\":\"ListItem\",\"position\":2,\"name\":\"Shop\",\"item\":\"https:\/\/www.eliassen.nl\/de\/shop\/\"},{\"@type\":\"ListItem\",\"position\":3,\"name\":\"Bilder\",\"item\":\"https:\/\/www.eliassen.nl\/de\/bilder\/\"},{\"@type\":\"ListItem\",\"position\":4,\"name\":\"Betonstatuen\",\"item\":\"https:\/\/www.eliassen.nl\/de\/bilder\/betonstatuen\/\"},{\"@type\":\"ListItem\",\"position\":5,\"name\":\"Hindu Statue Shiva B\u00fcste 100cm Gr\u00fcner Stein\"}]},{\"@type\":\"WebSite\",\"@id\":\"https:\/\/www.eliassen.nl\/de\/#website\",\"url\":\"https:\/\/www.eliassen.nl\/de\/\",\"name\":\"Eliassen Home & Garden Pleasure\",\"description\":\"\",\"publisher\":{\"@id\":\"https:\/\/www.eliassen.nl\/de\/#organization\"},\"alternateName\":\"Eliassen.nl\",\"potentialAction\":[{\"@type\":\"SearchAction\",\"target\":{\"@type\":\"EntryPoint\",\"urlTemplate\":\"https:\/\/www.eliassen.nl\/de\/?s={search_term_string}\"},\"query-input\":{\"@type\":\"PropertyValueSpecification\",\"valueRequired\":true,\"valueName\":\"search_term_string\"}}],\"inLanguage\":\"de\"},{\"@type\":[\"Organization\",\"Place\"],\"@id\":\"https:\/\/www.eliassen.nl\/de\/#organization\",\"name\":\"Eliassen Home & Garden Pleasure\",\"url\":\"https:\/\/www.eliassen.nl\/de\/\",\"logo\":{\"@id\":\"https:\/\/www.eliassen.nl\/de\/hindu-statue-shiva-buste-100cm-grunstein\/#local-main-organization-logo\"},\"image\":{\"@id\":\"https:\/\/www.eliassen.nl\/de\/hindu-statue-shiva-buste-100cm-grunstein\/#local-main-organization-logo\"},\"sameAs\":[\"https:\/\/www.facebook.com\/TuincentrumEliassenAmmerzoden\",\"https:\/\/www.instagram.com\/eliassenhomeandgarden\/\",\"https:\/\/nl.pinterest.com\/eliassenhomeandgarden\/\",\"https:\/\/www.youtube.com\/@eliassenhomegardenpleasure4558\"],\"telephone\":[],\"openingHoursSpecification\":[{\"@type\":\"OpeningHoursSpecification\",\"dayOfWeek\":[\"Monday\",\"Tuesday\",\"Wednesday\",\"Thursday\",\"Friday\",\"Saturday\",\"Sunday\"],\"opens\":\"09:00\",\"closes\":\"17:00\"}]},{\"@type\":\"ImageObject\",\"inLanguage\":\"de\",\"@id\":\"https:\/\/www.eliassen.nl\/de\/hindu-statue-shiva-buste-100cm-grunstein\/#local-main-organization-logo\",\"url\":\"https:\/\/www.eliassen.nl\/wp-content\/uploads\/2024\/01\/logo_4nd.jpg\",\"contentUrl\":\"https:\/\/www.eliassen.nl\/wp-content\/uploads\/2024\/01\/logo_4nd.jpg\",\"width\":500,\"height\":500,\"caption\":\"Eliassen Home & Garden Pleasure\"}]}<\/script>\n<meta property=\"product:price:amount\" content=\"755.00\" \/>\n<meta property=\"product:price:currency\" content=\"EUR\" \/>\n<meta property=\"og:availability\" content=\"instock\" \/>\n<meta property=\"product:availability\" content=\"instock\" \/>\n<meta property=\"product:retailer_item_id\" content=\"Onsb100\/b\" \/>\n<meta property=\"product:condition\" content=\"new\" \/>\n<!-- \/ Yoast SEO Premium plugin. -->","yoast_head_json":{"title":"Hindu-Statue Shiva | 100cm | Gr\u00fcnstein | Eliassen.nl","description":"Eine gro\u00dfe Sammlung orientalischer Skulpturen ist LIVE in unserem Ausstellungsraum zu sehen! Diese sch\u00f6ne Hindu-Statue ist handgefertigt und aus Greenstone hergestellt. F\u00fcr den Innen- und Au\u00dfenbereich geeignet.","robots":{"index":"index","follow":"follow","max-snippet":"max-snippet:-1","max-image-preview":"max-image-preview:large","max-video-preview":"max-video-preview:-1"},"canonical":"https:\/\/www.eliassen.nl\/de\/hindu-statue-shiva-buste-100cm-grunstein\/","og_locale":"de_DE","og_type":"article","og_title":"Sonstige Hindu Statue Shiva B\u00fcste 100cm Gr\u00fcner Stein - Eliassen.nl","og_description":"Eine gro\u00dfe Sammlung orientalischer Skulpturen ist LIVE in unserem Ausstellungsraum zu sehen! Diese sch\u00f6ne Hindu-Statue ist handgefertigt und aus Greenstone hergestellt. F\u00fcr den Innen- und Au\u00dfenbereich geeignet.","og_url":"https:\/\/www.eliassen.nl\/de\/hindu-statue-shiva-buste-100cm-grunstein\/","og_site_name":"Eliassen.nl","article_publisher":"https:\/\/www.facebook.com\/TuincentrumEliassenAmmerzoden","article_modified_time":"2026-02-21T14:20:31+00:00","og_image":[{"width":232,"height":500,"url":"https:\/\/www.eliassen.nl\/wp-content\/uploads\/2024\/01\/hindoebeeldshivabuste100cmgreenstoneeliass.jpg","type":"image\/jpeg"}],"twitter_card":"summary_large_image","schema":{"@context":"https:\/\/schema.org","@graph":[{"@type":"WebPage","@id":"https:\/\/www.eliassen.nl\/de\/hindu-statue-shiva-buste-100cm-grunstein\/","url":"https:\/\/www.eliassen.nl\/de\/hindu-statue-shiva-buste-100cm-grunstein\/","name":"Hindu-Statue Shiva | 100cm | Gr\u00fcnstein | Eliassen.nl","isPartOf":{"@id":"https:\/\/www.eliassen.nl\/de\/#website"},"primaryImageOfPage":{"@id":"https:\/\/www.eliassen.nl\/de\/hindu-statue-shiva-buste-100cm-grunstein\/#primaryimage"},"image":{"@id":"https:\/\/www.eliassen.nl\/de\/hindu-statue-shiva-buste-100cm-grunstein\/#primaryimage"},"thumbnailUrl":"https:\/\/www.eliassen.nl\/wp-content\/uploads\/2024\/01\/hindoebeeldshivabuste100cmgreenstoneeliass.jpg","datePublished":"2022-04-22T16:18:17+00:00","dateModified":"2026-02-21T14:20:31+00:00","description":"Eine gro\u00dfe Sammlung orientalischer Skulpturen ist LIVE in unserem Ausstellungsraum zu sehen! Diese sch\u00f6ne Hindu-Statue ist handgefertigt und aus Greenstone hergestellt. F\u00fcr den Innen- und Au\u00dfenbereich geeignet.","breadcrumb":{"@id":"https:\/\/www.eliassen.nl\/de\/hindu-statue-shiva-buste-100cm-grunstein\/#breadcrumb"},"inLanguage":"de","potentialAction":[{"@type":"ReadAction","target":["https:\/\/www.eliassen.nl\/de\/hindu-statue-shiva-buste-100cm-grunstein\/"]}]},{"@type":"ImageObject","inLanguage":"de","@id":"https:\/\/www.eliassen.nl\/de\/hindu-statue-shiva-buste-100cm-grunstein\/#primaryimage","url":"https:\/\/www.eliassen.nl\/wp-content\/uploads\/2024\/01\/hindoebeeldshivabuste100cmgreenstoneeliass.jpg","contentUrl":"https:\/\/www.eliassen.nl\/wp-content\/uploads\/2024\/01\/hindoebeeldshivabuste100cmgreenstoneeliass.jpg","width":232,"height":500,"caption":"Hindu Statue Shiva B\u00fcste 100cm Gr\u00fcnstein - Eliassen.nl"},{"@type":"BreadcrumbList","@id":"https:\/\/www.eliassen.nl\/de\/hindu-statue-shiva-buste-100cm-grunstein\/#breadcrumb","itemListElement":[{"@type":"ListItem","position":1,"name":"Home","item":"https:\/\/www.eliassen.nl\/de\/"},{"@type":"ListItem","position":2,"name":"Shop","item":"https:\/\/www.eliassen.nl\/de\/shop\/"},{"@type":"ListItem","position":3,"name":"Bilder","item":"https:\/\/www.eliassen.nl\/de\/bilder\/"},{"@type":"ListItem","position":4,"name":"Betonstatuen","item":"https:\/\/www.eliassen.nl\/de\/bilder\/betonstatuen\/"},{"@type":"ListItem","position":5,"name":"Hindu Statue Shiva B\u00fcste 100cm Gr\u00fcner Stein"}]},{"@type":"WebSite","@id":"https:\/\/www.eliassen.nl\/de\/#website","url":"https:\/\/www.eliassen.nl\/de\/","name":"Eliassen Home & Garden Pleasure","description":"","publisher":{"@id":"https:\/\/www.eliassen.nl\/de\/#organization"},"alternateName":"Eliassen.nl","potentialAction":[{"@type":"SearchAction","target":{"@type":"EntryPoint","urlTemplate":"https:\/\/www.eliassen.nl\/de\/?s={search_term_string}"},"query-input":{"@type":"PropertyValueSpecification","valueRequired":true,"valueName":"search_term_string"}}],"inLanguage":"de"},{"@type":["Organization","Place"],"@id":"https:\/\/www.eliassen.nl\/de\/#organization","name":"Eliassen Home & Garden Pleasure","url":"https:\/\/www.eliassen.nl\/de\/","logo":{"@id":"https:\/\/www.eliassen.nl\/de\/hindu-statue-shiva-buste-100cm-grunstein\/#local-main-organization-logo"},"image":{"@id":"https:\/\/www.eliassen.nl\/de\/hindu-statue-shiva-buste-100cm-grunstein\/#local-main-organization-logo"},"sameAs":["https:\/\/www.facebook.com\/TuincentrumEliassenAmmerzoden","https:\/\/www.instagram.com\/eliassenhomeandgarden\/","https:\/\/nl.pinterest.com\/eliassenhomeandgarden\/","https:\/\/www.youtube.com\/@eliassenhomegardenpleasure4558"],"telephone":[],"openingHoursSpecification":[{"@type":"OpeningHoursSpecification","dayOfWeek":["Monday","Tuesday","Wednesday","Thursday","Friday","Saturday","Sunday"],"opens":"09:00","closes":"17:00"}]},{"@type":"ImageObject","inLanguage":"de","@id":"https:\/\/www.eliassen.nl\/de\/hindu-statue-shiva-buste-100cm-grunstein\/#local-main-organization-logo","url":"https:\/\/www.eliassen.nl\/wp-content\/uploads\/2024\/01\/logo_4nd.jpg","contentUrl":"https:\/\/www.eliassen.nl\/wp-content\/uploads\/2024\/01\/logo_4nd.jpg","width":500,"height":500,"caption":"Eliassen Home & Garden Pleasure"}]},"product_price_amount":"755.00","product_price_currency":"EUR","og_availability":"instock","product_availability":"instock","product_retailer_item_id":"Onsb100\/b","product_condition":"new"},"df_price":755,"df_sale_price":"","df_regular_price":755,"df_image_link":"https:\/\/www.eliassen.nl\/wp-content\/uploads\/2024\/01\/hindoebeeldshivabuste100cmgreenstoneeliass.jpg","image":"https:\/\/www.eliassen.nl\/wp-content\/uploads\/2024\/01\/hindoebeeldshivabuste100cmgreenstoneeliass.jpg","price_search":"<span class=\"woocommerce-Price-amount amount\"><bdi><span class=\"woocommerce-Price-currencySymbol\">&euro;<\/span>&nbsp;755,00<\/bdi><\/span>","category":"Betonstatuen","global_unique_id":"9502334453329","_links":{"self":[{"href":"https:\/\/www.eliassen.nl\/de\/wp-json\/wp\/v2\/product\/71047","targetHints":{"allow":["GET"]}}],"collection":[{"href":"https:\/\/www.eliassen.nl\/de\/wp-json\/wp\/v2\/product"}],"about":[{"href":"https:\/\/www.eliassen.nl\/de\/wp-json\/wp\/v2\/types\/product"}],"wp:featuredmedia":[{"embeddable":true,"href":"https:\/\/www.eliassen.nl\/de\/wp-json\/wp\/v2\/media\/71041"}],"wp:attachment":[{"href":"https:\/\/www.eliassen.nl\/de\/wp-json\/wp\/v2\/media?parent=71047"}],"wp:term":[{"taxonomy":"product_brand","embeddable":true,"href":"https:\/\/www.eliassen.nl\/de\/wp-json\/wp\/v2\/product_brand?post=71047"},{"taxonomy":"product_cat","embeddable":true,"href":"https:\/\/www.eliassen.nl\/de\/wp-json\/wp\/v2\/product_cat?post=71047"},{"taxonomy":"product_tag","embeddable":true,"href":"https:\/\/www.eliassen.nl\/de\/wp-json\/wp\/v2\/product_tag?post=71047"}],"curies":[{"name":"wp","href":"https:\/\/api.w.org\/{rel}","templated":true}]}}