{"id":70849,"date":"2022-04-11T16:29:43","date_gmt":"2022-04-11T16:29:43","guid":{"rendered":"https:\/\/www.eliassen.nl\/?product=dressoir-acacia-modern-smoked-grey-200x43x77cm"},"modified":"2026-04-07T14:54:20","modified_gmt":"2026-04-07T12:54:20","slug":"dressoir-acacia-modern-smoked-grey-200x43x77cm","status":"publish","type":"product","link":"https:\/\/www.eliassen.nl\/de\/dressoir-acacia-modern-smoked-grey-200x43x77cm\/","title":{"rendered":"Sideboard Akazie Modern rauchgrau 200x43x77cm"},"content":{"rendered":"<p>Sehr strapazierf\u00e4higes Sideboard aus Massivholz, das in jedem Interieur sehr gut zur Geltung kommt.<\/p>\n<p>Dieser Schrank besteht aus einem St\u00fcck, so dass Sie ihn nicht selbst zusammenbauen m\u00fcssen. Schrauben Sie einfach die schweren Metallbeine darunter an. Dieser Schrank ist handgefertigt und kann in Bezug auf Farbe und Aussehen leicht vom Foto abweichen. Dies ist ein eleganter Schrank der Spitzenklasse, ohne Griffe.<\/p>\n<p>Dieser Schrank kostet anderswo normalerweise das Doppelte.<\/p>\n<p><strong>Sehen Sie die gleichen M\u00f6bel irgendwo g\u00fcnstiger? Wir sind zuversichtlich, dass dies nicht m\u00f6glich ist und erstatten Ihnen die Differenz plus 50,00 extra !!!<\/strong><\/p>\n<p>Bitte holen Sie diese M\u00f6bel selbst ab, oder liefern Sie sie nach Absprache.<\/p>\n<ul>\n<li>Gr\u00f6\u00dfe:200x43x77cm hoch<\/li>\n<li>Material: Massivholz Akazie<\/li>\n<li>Gewicht: 100kg<\/li>\n<li>Holzst\u00e4rke: 2,5cm rundum<\/li>\n<li>Farbe: ger\u00e4uchertes Grau<\/li>\n<li>Abholung nach Vereinbarung<\/li>\n<\/ul>\n","protected":false},"excerpt":{"rendered":"<p>Sehr strapazierf\u00e4higes Sideboard aus Massivholz, das in jedem Interieur sehr gut zur Geltung kommt. Dieser Schrank besteht aus einem St\u00fcck, so dass Sie ihn nicht selbst zusammenbauen m\u00fcssen. Schrauben Sie einfach die schweren Metallbeine darunter an. Dieser Schrank ist handgefertigt und kann in Bezug auf Farbe und Aussehen leicht vom Foto abweichen. Dies ist ein &hellip;<\/p>\n","protected":false},"featured_media":70834,"template":"","meta":{"_acf_changed":false,"_genesis_title":"","_genesis_description":""},"product_brand":[7505],"product_cat":[1349,7064],"product_tag":[],"class_list":{"0":"post-70849","1":"product","2":"type-product","3":"status-publish","4":"has-post-thumbnail","6":"product_brand-sonstige","7":"product_cat-aktion-moebel","8":"product_cat-werbeartikel","10":"first","11":"instock","12":"sale","13":"taxable","14":"shipping-taxable","15":"purchasable","16":"product-type-simple"},"acf":[],"meta_all":{"total_sales":"0","wcml_sync_hash":{"postmeta_fields":"e6b6ca97720d12c8e1da0730483ca909"},"attr_label_translations":[],"cor_restricted_countries":[]},"meta_all_flat":{"total_sales":"0","wcml_sync_hash.postmeta_fields":"e6b6ca97720d12c8e1da0730483ca909"},"yoast_head":"<!-- This site is optimized with the Yoast SEO Premium plugin v26.2 (Yoast SEO v27.2) - https:\/\/yoast.com\/product\/yoast-seo-premium-wordpress\/ -->\n<title>Sideboard Akazie Modern rauchgrau 200x43x77cm<\/title>\n<meta name=\"robots\" content=\"index, follow, max-snippet:-1, max-image-preview:large, max-video-preview:-1\" \/>\n<link rel=\"canonical\" href=\"https:\/\/www.eliassen.nl\/de\/dressoir-acacia-modern-smoked-grey-200x43x77cm\/\" \/>\n<meta property=\"og:locale\" content=\"de_DE\" \/>\n<meta property=\"og:type\" content=\"article\" \/>\n<meta property=\"og:title\" content=\"Sonstige Sideboard Akazie Modern rauchgrau 200x43x77cm - Eliassen.nl\" \/>\n<meta property=\"og:description\" content=\"Sehr strapazierf\u00e4higes Sideboard aus Massivholz, das in jedem Interieur sehr gut zur Geltung kommt. Dieser Schrank besteht aus einem St\u00fcck, so dass Sie ihn nicht selbst zusammenbauen m\u00fcssen. Schrauben Sie einfach die schweren Metallbeine darunter an. Dieser Schrank ist handgefertigt und kann in Bezug auf Farbe und Aussehen leicht vom Foto abweichen. Dies ist ein &hellip;\" \/>\n<meta property=\"og:url\" content=\"https:\/\/www.eliassen.nl\/de\/dressoir-acacia-modern-smoked-grey-200x43x77cm\/\" \/>\n<meta property=\"og:site_name\" content=\"Eliassen.nl\" \/>\n<meta property=\"article:publisher\" content=\"https:\/\/www.facebook.com\/TuincentrumEliassenAmmerzoden\" \/>\n<meta property=\"article:modified_time\" content=\"2026-04-07T12:54:20+00:00\" \/>\n<meta property=\"og:image\" content=\"https:\/\/www.eliassen.nl\/wp-content\/uploads\/2024\/01\/smlsmoked_3nd.jpg\" \/>\n\t<meta property=\"og:image:width\" content=\"2048\" \/>\n\t<meta property=\"og:image:height\" content=\"1035\" \/>\n\t<meta property=\"og:image:type\" content=\"image\/jpeg\" \/>\n<meta name=\"twitter:card\" content=\"summary_large_image\" \/>\n<script type=\"application\/ld+json\" class=\"yoast-schema-graph\">{\"@context\":\"https:\/\/schema.org\",\"@graph\":[{\"@type\":\"WebPage\",\"@id\":\"https:\/\/www.eliassen.nl\/de\/dressoir-acacia-modern-smoked-grey-200x43x77cm\/\",\"url\":\"https:\/\/www.eliassen.nl\/de\/dressoir-acacia-modern-smoked-grey-200x43x77cm\/\",\"name\":\"Sideboard Akazie Modern rauchgrau 200x43x77cm\",\"isPartOf\":{\"@id\":\"https:\/\/www.eliassen.nl\/de\/#website\"},\"primaryImageOfPage\":{\"@id\":\"https:\/\/www.eliassen.nl\/de\/dressoir-acacia-modern-smoked-grey-200x43x77cm\/#primaryimage\"},\"image\":{\"@id\":\"https:\/\/www.eliassen.nl\/de\/dressoir-acacia-modern-smoked-grey-200x43x77cm\/#primaryimage\"},\"thumbnailUrl\":\"https:\/\/www.eliassen.nl\/wp-content\/uploads\/2024\/01\/smlsmoked_3nd.jpg\",\"datePublished\":\"2022-04-11T16:29:43+00:00\",\"dateModified\":\"2026-04-07T12:54:20+00:00\",\"breadcrumb\":{\"@id\":\"https:\/\/www.eliassen.nl\/de\/dressoir-acacia-modern-smoked-grey-200x43x77cm\/#breadcrumb\"},\"inLanguage\":\"de\",\"potentialAction\":[{\"@type\":\"ReadAction\",\"target\":[\"https:\/\/www.eliassen.nl\/de\/dressoir-acacia-modern-smoked-grey-200x43x77cm\/\"]}]},{\"@type\":\"ImageObject\",\"inLanguage\":\"de\",\"@id\":\"https:\/\/www.eliassen.nl\/de\/dressoir-acacia-modern-smoked-grey-200x43x77cm\/#primaryimage\",\"url\":\"https:\/\/www.eliassen.nl\/wp-content\/uploads\/2024\/01\/smlsmoked_3nd.jpg\",\"contentUrl\":\"https:\/\/www.eliassen.nl\/wp-content\/uploads\/2024\/01\/smlsmoked_3nd.jpg\",\"width\":2048,\"height\":1035,\"caption\":\"ger\u00e4uchert\"},{\"@type\":\"BreadcrumbList\",\"@id\":\"https:\/\/www.eliassen.nl\/de\/dressoir-acacia-modern-smoked-grey-200x43x77cm\/#breadcrumb\",\"itemListElement\":[{\"@type\":\"ListItem\",\"position\":1,\"name\":\"Home\",\"item\":\"https:\/\/www.eliassen.nl\/de\/\"},{\"@type\":\"ListItem\",\"position\":2,\"name\":\"Shop\",\"item\":\"https:\/\/www.eliassen.nl\/de\/shop\/\"},{\"@type\":\"ListItem\",\"position\":3,\"name\":\"AKTION M\u00f6bel\",\"item\":\"https:\/\/www.eliassen.nl\/de\/aktion-moebel\/\"},{\"@type\":\"ListItem\",\"position\":4,\"name\":\"Sideboard Akazie Modern rauchgrau 200x43x77cm\"}]},{\"@type\":\"WebSite\",\"@id\":\"https:\/\/www.eliassen.nl\/de\/#website\",\"url\":\"https:\/\/www.eliassen.nl\/de\/\",\"name\":\"Eliassen Home & Garden Pleasure\",\"description\":\"\",\"publisher\":{\"@id\":\"https:\/\/www.eliassen.nl\/de\/#organization\"},\"alternateName\":\"Eliassen.nl\",\"potentialAction\":[{\"@type\":\"SearchAction\",\"target\":{\"@type\":\"EntryPoint\",\"urlTemplate\":\"https:\/\/www.eliassen.nl\/de\/?s={search_term_string}\"},\"query-input\":{\"@type\":\"PropertyValueSpecification\",\"valueRequired\":true,\"valueName\":\"search_term_string\"}}],\"inLanguage\":\"de\"},{\"@type\":[\"Organization\",\"Place\"],\"@id\":\"https:\/\/www.eliassen.nl\/de\/#organization\",\"name\":\"Eliassen Home & Garden Pleasure\",\"url\":\"https:\/\/www.eliassen.nl\/de\/\",\"logo\":{\"@id\":\"https:\/\/www.eliassen.nl\/de\/dressoir-acacia-modern-smoked-grey-200x43x77cm\/#local-main-organization-logo\"},\"image\":{\"@id\":\"https:\/\/www.eliassen.nl\/de\/dressoir-acacia-modern-smoked-grey-200x43x77cm\/#local-main-organization-logo\"},\"sameAs\":[\"https:\/\/www.facebook.com\/TuincentrumEliassenAmmerzoden\",\"https:\/\/www.instagram.com\/eliassenhomeandgarden\/\",\"https:\/\/nl.pinterest.com\/eliassenhomeandgarden\/\",\"https:\/\/www.youtube.com\/@eliassenhomegardenpleasure4558\"],\"telephone\":[],\"openingHoursSpecification\":[{\"@type\":\"OpeningHoursSpecification\",\"dayOfWeek\":[\"Monday\",\"Tuesday\",\"Wednesday\",\"Thursday\",\"Friday\",\"Saturday\",\"Sunday\"],\"opens\":\"09:00\",\"closes\":\"17:00\"}]},{\"@type\":\"ImageObject\",\"inLanguage\":\"de\",\"@id\":\"https:\/\/www.eliassen.nl\/de\/dressoir-acacia-modern-smoked-grey-200x43x77cm\/#local-main-organization-logo\",\"url\":\"https:\/\/www.eliassen.nl\/wp-content\/uploads\/2024\/01\/logo_4nd.jpg\",\"contentUrl\":\"https:\/\/www.eliassen.nl\/wp-content\/uploads\/2024\/01\/logo_4nd.jpg\",\"width\":500,\"height\":500,\"caption\":\"Eliassen Home & Garden Pleasure\"}]}<\/script>\n<meta property=\"product:price:amount\" content=\"387.00\" \/>\n<meta property=\"product:price:currency\" content=\"EUR\" \/>\n<meta property=\"og:availability\" content=\"instock\" \/>\n<meta property=\"product:availability\" content=\"instock\" \/>\n<meta property=\"product:retailer_item_id\" content=\"Sml\" \/>\n<meta property=\"product:condition\" content=\"new\" \/>\n<!-- \/ Yoast SEO Premium plugin. -->","yoast_head_json":{"title":"Sideboard Akazie Modern rauchgrau 200x43x77cm","robots":{"index":"index","follow":"follow","max-snippet":"max-snippet:-1","max-image-preview":"max-image-preview:large","max-video-preview":"max-video-preview:-1"},"canonical":"https:\/\/www.eliassen.nl\/de\/dressoir-acacia-modern-smoked-grey-200x43x77cm\/","og_locale":"de_DE","og_type":"article","og_title":"Sonstige Sideboard Akazie Modern rauchgrau 200x43x77cm - Eliassen.nl","og_description":"Sehr strapazierf\u00e4higes Sideboard aus Massivholz, das in jedem Interieur sehr gut zur Geltung kommt. Dieser Schrank besteht aus einem St\u00fcck, so dass Sie ihn nicht selbst zusammenbauen m\u00fcssen. Schrauben Sie einfach die schweren Metallbeine darunter an. Dieser Schrank ist handgefertigt und kann in Bezug auf Farbe und Aussehen leicht vom Foto abweichen. Dies ist ein &hellip;","og_url":"https:\/\/www.eliassen.nl\/de\/dressoir-acacia-modern-smoked-grey-200x43x77cm\/","og_site_name":"Eliassen.nl","article_publisher":"https:\/\/www.facebook.com\/TuincentrumEliassenAmmerzoden","article_modified_time":"2026-04-07T12:54:20+00:00","og_image":[{"width":2048,"height":1035,"url":"https:\/\/www.eliassen.nl\/wp-content\/uploads\/2024\/01\/smlsmoked_3nd.jpg","type":"image\/jpeg"}],"twitter_card":"summary_large_image","schema":{"@context":"https:\/\/schema.org","@graph":[{"@type":"WebPage","@id":"https:\/\/www.eliassen.nl\/de\/dressoir-acacia-modern-smoked-grey-200x43x77cm\/","url":"https:\/\/www.eliassen.nl\/de\/dressoir-acacia-modern-smoked-grey-200x43x77cm\/","name":"Sideboard Akazie Modern rauchgrau 200x43x77cm","isPartOf":{"@id":"https:\/\/www.eliassen.nl\/de\/#website"},"primaryImageOfPage":{"@id":"https:\/\/www.eliassen.nl\/de\/dressoir-acacia-modern-smoked-grey-200x43x77cm\/#primaryimage"},"image":{"@id":"https:\/\/www.eliassen.nl\/de\/dressoir-acacia-modern-smoked-grey-200x43x77cm\/#primaryimage"},"thumbnailUrl":"https:\/\/www.eliassen.nl\/wp-content\/uploads\/2024\/01\/smlsmoked_3nd.jpg","datePublished":"2022-04-11T16:29:43+00:00","dateModified":"2026-04-07T12:54:20+00:00","breadcrumb":{"@id":"https:\/\/www.eliassen.nl\/de\/dressoir-acacia-modern-smoked-grey-200x43x77cm\/#breadcrumb"},"inLanguage":"de","potentialAction":[{"@type":"ReadAction","target":["https:\/\/www.eliassen.nl\/de\/dressoir-acacia-modern-smoked-grey-200x43x77cm\/"]}]},{"@type":"ImageObject","inLanguage":"de","@id":"https:\/\/www.eliassen.nl\/de\/dressoir-acacia-modern-smoked-grey-200x43x77cm\/#primaryimage","url":"https:\/\/www.eliassen.nl\/wp-content\/uploads\/2024\/01\/smlsmoked_3nd.jpg","contentUrl":"https:\/\/www.eliassen.nl\/wp-content\/uploads\/2024\/01\/smlsmoked_3nd.jpg","width":2048,"height":1035,"caption":"ger\u00e4uchert"},{"@type":"BreadcrumbList","@id":"https:\/\/www.eliassen.nl\/de\/dressoir-acacia-modern-smoked-grey-200x43x77cm\/#breadcrumb","itemListElement":[{"@type":"ListItem","position":1,"name":"Home","item":"https:\/\/www.eliassen.nl\/de\/"},{"@type":"ListItem","position":2,"name":"Shop","item":"https:\/\/www.eliassen.nl\/de\/shop\/"},{"@type":"ListItem","position":3,"name":"AKTION M\u00f6bel","item":"https:\/\/www.eliassen.nl\/de\/aktion-moebel\/"},{"@type":"ListItem","position":4,"name":"Sideboard Akazie Modern rauchgrau 200x43x77cm"}]},{"@type":"WebSite","@id":"https:\/\/www.eliassen.nl\/de\/#website","url":"https:\/\/www.eliassen.nl\/de\/","name":"Eliassen Home & Garden Pleasure","description":"","publisher":{"@id":"https:\/\/www.eliassen.nl\/de\/#organization"},"alternateName":"Eliassen.nl","potentialAction":[{"@type":"SearchAction","target":{"@type":"EntryPoint","urlTemplate":"https:\/\/www.eliassen.nl\/de\/?s={search_term_string}"},"query-input":{"@type":"PropertyValueSpecification","valueRequired":true,"valueName":"search_term_string"}}],"inLanguage":"de"},{"@type":["Organization","Place"],"@id":"https:\/\/www.eliassen.nl\/de\/#organization","name":"Eliassen Home & Garden Pleasure","url":"https:\/\/www.eliassen.nl\/de\/","logo":{"@id":"https:\/\/www.eliassen.nl\/de\/dressoir-acacia-modern-smoked-grey-200x43x77cm\/#local-main-organization-logo"},"image":{"@id":"https:\/\/www.eliassen.nl\/de\/dressoir-acacia-modern-smoked-grey-200x43x77cm\/#local-main-organization-logo"},"sameAs":["https:\/\/www.facebook.com\/TuincentrumEliassenAmmerzoden","https:\/\/www.instagram.com\/eliassenhomeandgarden\/","https:\/\/nl.pinterest.com\/eliassenhomeandgarden\/","https:\/\/www.youtube.com\/@eliassenhomegardenpleasure4558"],"telephone":[],"openingHoursSpecification":[{"@type":"OpeningHoursSpecification","dayOfWeek":["Monday","Tuesday","Wednesday","Thursday","Friday","Saturday","Sunday"],"opens":"09:00","closes":"17:00"}]},{"@type":"ImageObject","inLanguage":"de","@id":"https:\/\/www.eliassen.nl\/de\/dressoir-acacia-modern-smoked-grey-200x43x77cm\/#local-main-organization-logo","url":"https:\/\/www.eliassen.nl\/wp-content\/uploads\/2024\/01\/logo_4nd.jpg","contentUrl":"https:\/\/www.eliassen.nl\/wp-content\/uploads\/2024\/01\/logo_4nd.jpg","width":500,"height":500,"caption":"Eliassen Home & Garden Pleasure"}]},"product_price_amount":"387.00","product_price_currency":"EUR","og_availability":"instock","product_availability":"instock","product_retailer_item_id":"Sml","product_condition":"new"},"df_price":387,"df_sale_price":387,"df_regular_price":1050,"df_image_link":"https:\/\/www.eliassen.nl\/wp-content\/uploads\/2024\/01\/smlsmoked_3nd.jpg","image":"https:\/\/www.eliassen.nl\/wp-content\/uploads\/2024\/01\/smlsmoked_3nd.jpg","price_search":"<span class=\"woocommerce-Price-amount amount\"><bdi><span class=\"woocommerce-Price-currencySymbol\">&euro;<\/span>&nbsp;387,00<\/bdi><\/span>","category":"AKTION M\u00f6bel","global_unique_id":"9505621824574","_links":{"self":[{"href":"https:\/\/www.eliassen.nl\/de\/wp-json\/wp\/v2\/product\/70849","targetHints":{"allow":["GET"]}}],"collection":[{"href":"https:\/\/www.eliassen.nl\/de\/wp-json\/wp\/v2\/product"}],"about":[{"href":"https:\/\/www.eliassen.nl\/de\/wp-json\/wp\/v2\/types\/product"}],"wp:featuredmedia":[{"embeddable":true,"href":"https:\/\/www.eliassen.nl\/de\/wp-json\/wp\/v2\/media\/70834"}],"wp:attachment":[{"href":"https:\/\/www.eliassen.nl\/de\/wp-json\/wp\/v2\/media?parent=70849"}],"wp:term":[{"taxonomy":"product_brand","embeddable":true,"href":"https:\/\/www.eliassen.nl\/de\/wp-json\/wp\/v2\/product_brand?post=70849"},{"taxonomy":"product_cat","embeddable":true,"href":"https:\/\/www.eliassen.nl\/de\/wp-json\/wp\/v2\/product_cat?post=70849"},{"taxonomy":"product_tag","embeddable":true,"href":"https:\/\/www.eliassen.nl\/de\/wp-json\/wp\/v2\/product_tag?post=70849"}],"curies":[{"name":"wp","href":"https:\/\/api.w.org\/{rel}","templated":true}]}}