{"id":70669,"date":"2022-04-11T15:48:57","date_gmt":"2022-04-11T15:48:57","guid":{"rendered":"https:\/\/www.eliassen.nl\/?product=eettafel-tafel-acacia-smoked-grey-6cm-duoblad-180x"},"modified":"2025-11-27T16:21:57","modified_gmt":"2025-11-27T15:21:57","slug":"esstisch-tisch-akazie-rauchgrau-6cm-duoblatt-180x100cm","status":"publish","type":"product","link":"https:\/\/www.eliassen.nl\/de\/esstisch-tisch-akazie-rauchgrau-6cm-duoblatt-180x100cm\/","title":{"rendered":"Esstisch Akazie rauchgrau 6cm duo Platte 180x100cm"},"content":{"rendered":"<p>Trunk Table Acacia ist ein robuster und solider Esstisch mit sch\u00f6nen nat\u00fcrlichen Merkmalen und Formen in der Tischplatte. Die 2 separaten Baumst\u00e4mme sind sehr sch\u00f6n mit Schwalbenschwanzverbindungen verbunden, die 2 Teile passen perfekt zusammen.<br \/>\nDie Platte ist aus hochwertigem Akazienholz gefertigt. Akazie ist eine besonders langlebige Hartholzart, die schon lange in unseren Innenr\u00e4umen gesch\u00e4tzt wird. Vor allem die feine Maserung, die Markierungen und die wechselnden Farbnuancen verleihen dem Tisch ein solides und warmes Aussehen. Kein Blatt gleicht also dem anderen, sondern ist einzigartig.<br \/>\nDie massive Platte ist nicht weniger als 6 cm dick und misst <strong>100&#215;200 cm<\/strong>.<\/p>\n<p>H\u00f6he unter dem Tisch: <strong>67cm<\/strong><\/p>\n<p>Die Tischplatte ist mit 2 Schichten Mattlack in einem sch\u00f6nen rauchigen Grau lackiert.<\/p>\n<p>Dieser Tisch hat 2x unbehandelte Tischbeine in U-Form. Die Beine sind <strong>10x10cm<\/strong> gro\u00df und die Wandst\u00e4rke betr\u00e4gt <strong>4 mm<\/strong>! Mit einer Spr\u00fchdose mit schwarzem Lack kann die Basis leicht schwarz gemacht werden.<\/p>\n<p><strong>Auch sehr schwere X-Beine m\u00f6glich, Aufpreis 100,00<\/strong><\/p>\n<p>Da es sich um ein Naturprodukt handelt, kann die Form des Blattes von der Abbildung abweichen.<\/p>\n<p><strong>Haben Sie diesen Tisch woanders g\u00fcnstiger gesehen? Dann erstatten wir Ihnen die Differenz plus 50 Euro extra !!!<\/strong><\/p>\n<p>Die Besichtigung und Abholung ist nur nach Vereinbarung m\u00f6glich.<\/p>\n","protected":false},"excerpt":{"rendered":"<p>Trunk Table Acacia ist ein robuster und solider Esstisch mit sch\u00f6nen nat\u00fcrlichen Merkmalen und Formen in der Tischplatte. Die 2 separaten Baumst\u00e4mme sind sehr sch\u00f6n mit Schwalbenschwanzverbindungen verbunden, die 2 Teile passen perfekt zusammen. Die Platte ist aus hochwertigem Akazienholz gefertigt. Akazie ist eine besonders langlebige Hartholzart, die schon lange in unseren Innenr\u00e4umen gesch\u00e4tzt wird. &hellip;<\/p>\n","protected":false},"featured_media":70657,"template":"","meta":{"_acf_changed":false,"_genesis_title":"","_genesis_description":""},"product_brand":[7505],"product_cat":[1349,7064],"product_tag":[],"class_list":{"0":"post-70669","1":"product","2":"type-product","3":"status-publish","4":"has-post-thumbnail","6":"product_brand-sonstige","7":"product_cat-aktion-moebel","8":"product_cat-werbeartikel","10":"first","11":"instock","12":"sale","13":"taxable","14":"shipping-taxable","15":"purchasable","16":"product-type-simple"},"acf":[],"meta_all":{"total_sales":"0","wcml_sync_hash":{"postmeta_fields":"1c16e56059bafb71910d974972d07dfa"},"attr_label_translations":[]},"meta_all_flat":{"total_sales":"0","wcml_sync_hash.postmeta_fields":"1c16e56059bafb71910d974972d07dfa"},"yoast_head":"<!-- This site is optimized with the Yoast SEO Premium plugin v26.2 (Yoast SEO v27.2) - https:\/\/yoast.com\/product\/yoast-seo-premium-wordpress\/ -->\n<title>Esstisch Akazie rauchgrau 6cm duo Platte 180x100cm<\/title>\n<meta name=\"robots\" content=\"index, follow, max-snippet:-1, max-image-preview:large, max-video-preview:-1\" \/>\n<link rel=\"canonical\" href=\"https:\/\/www.eliassen.nl\/de\/esstisch-tisch-akazie-rauchgrau-6cm-duoblatt-180x100cm\/\" \/>\n<meta property=\"og:locale\" content=\"de_DE\" \/>\n<meta property=\"og:type\" content=\"article\" \/>\n<meta property=\"og:title\" content=\"Sonstige Esstisch Akazie rauchgrau 6cm duo Platte 180x100cm - Eliassen.nl\" \/>\n<meta property=\"og:description\" content=\"Trunk Table Acacia ist ein robuster und solider Esstisch mit sch\u00f6nen nat\u00fcrlichen Merkmalen und Formen in der Tischplatte. Die 2 separaten Baumst\u00e4mme sind sehr sch\u00f6n mit Schwalbenschwanzverbindungen verbunden, die 2 Teile passen perfekt zusammen. Die Platte ist aus hochwertigem Akazienholz gefertigt. Akazie ist eine besonders langlebige Hartholzart, die schon lange in unseren Innenr\u00e4umen gesch\u00e4tzt wird. &hellip;\" \/>\n<meta property=\"og:url\" content=\"https:\/\/www.eliassen.nl\/de\/esstisch-tisch-akazie-rauchgrau-6cm-duoblatt-180x100cm\/\" \/>\n<meta property=\"og:site_name\" content=\"Eliassen.nl\" \/>\n<meta property=\"article:publisher\" content=\"https:\/\/www.facebook.com\/TuincentrumEliassenAmmerzoden\" \/>\n<meta property=\"article:modified_time\" content=\"2025-11-27T15:21:57+00:00\" \/>\n<meta property=\"og:image\" content=\"https:\/\/www.eliassen.nl\/wp-content\/uploads\/2024\/01\/smt180smokeyupoot6.jpg\" \/>\n\t<meta property=\"og:image:width\" content=\"2048\" \/>\n\t<meta property=\"og:image:height\" content=\"1871\" \/>\n\t<meta property=\"og:image:type\" content=\"image\/jpeg\" \/>\n<meta name=\"twitter:card\" content=\"summary_large_image\" \/>\n<script type=\"application\/ld+json\" class=\"yoast-schema-graph\">{\"@context\":\"https:\/\/schema.org\",\"@graph\":[{\"@type\":\"WebPage\",\"@id\":\"https:\/\/www.eliassen.nl\/de\/esstisch-tisch-akazie-rauchgrau-6cm-duoblatt-180x100cm\/\",\"url\":\"https:\/\/www.eliassen.nl\/de\/esstisch-tisch-akazie-rauchgrau-6cm-duoblatt-180x100cm\/\",\"name\":\"Esstisch Akazie rauchgrau 6cm duo Platte 180x100cm\",\"isPartOf\":{\"@id\":\"https:\/\/www.eliassen.nl\/de\/#website\"},\"primaryImageOfPage\":{\"@id\":\"https:\/\/www.eliassen.nl\/de\/esstisch-tisch-akazie-rauchgrau-6cm-duoblatt-180x100cm\/#primaryimage\"},\"image\":{\"@id\":\"https:\/\/www.eliassen.nl\/de\/esstisch-tisch-akazie-rauchgrau-6cm-duoblatt-180x100cm\/#primaryimage\"},\"thumbnailUrl\":\"https:\/\/www.eliassen.nl\/wp-content\/uploads\/2024\/01\/smt180smokeyupoot6.jpg\",\"datePublished\":\"2022-04-11T15:48:57+00:00\",\"dateModified\":\"2025-11-27T15:21:57+00:00\",\"breadcrumb\":{\"@id\":\"https:\/\/www.eliassen.nl\/de\/esstisch-tisch-akazie-rauchgrau-6cm-duoblatt-180x100cm\/#breadcrumb\"},\"inLanguage\":\"de\",\"potentialAction\":[{\"@type\":\"ReadAction\",\"target\":[\"https:\/\/www.eliassen.nl\/de\/esstisch-tisch-akazie-rauchgrau-6cm-duoblatt-180x100cm\/\"]}]},{\"@type\":\"ImageObject\",\"inLanguage\":\"de\",\"@id\":\"https:\/\/www.eliassen.nl\/de\/esstisch-tisch-akazie-rauchgrau-6cm-duoblatt-180x100cm\/#primaryimage\",\"url\":\"https:\/\/www.eliassen.nl\/wp-content\/uploads\/2024\/01\/smt180smokeyupoot6.jpg\",\"contentUrl\":\"https:\/\/www.eliassen.nl\/wp-content\/uploads\/2024\/01\/smt180smokeyupoot6.jpg\",\"width\":2048,\"height\":1871,\"caption\":\"SMT 180 Smokey U Bein (6)\"},{\"@type\":\"BreadcrumbList\",\"@id\":\"https:\/\/www.eliassen.nl\/de\/esstisch-tisch-akazie-rauchgrau-6cm-duoblatt-180x100cm\/#breadcrumb\",\"itemListElement\":[{\"@type\":\"ListItem\",\"position\":1,\"name\":\"Home\",\"item\":\"https:\/\/www.eliassen.nl\/de\/\"},{\"@type\":\"ListItem\",\"position\":2,\"name\":\"Shop\",\"item\":\"https:\/\/www.eliassen.nl\/de\/shop\/\"},{\"@type\":\"ListItem\",\"position\":3,\"name\":\"AKTION M\u00f6bel\",\"item\":\"https:\/\/www.eliassen.nl\/de\/aktion-moebel\/\"},{\"@type\":\"ListItem\",\"position\":4,\"name\":\"Esstisch Akazie rauchgrau 6cm duo Platte 180x100cm\"}]},{\"@type\":\"WebSite\",\"@id\":\"https:\/\/www.eliassen.nl\/de\/#website\",\"url\":\"https:\/\/www.eliassen.nl\/de\/\",\"name\":\"Eliassen Home & Garden Pleasure\",\"description\":\"\",\"publisher\":{\"@id\":\"https:\/\/www.eliassen.nl\/de\/#organization\"},\"alternateName\":\"Eliassen.nl\",\"potentialAction\":[{\"@type\":\"SearchAction\",\"target\":{\"@type\":\"EntryPoint\",\"urlTemplate\":\"https:\/\/www.eliassen.nl\/de\/?s={search_term_string}\"},\"query-input\":{\"@type\":\"PropertyValueSpecification\",\"valueRequired\":true,\"valueName\":\"search_term_string\"}}],\"inLanguage\":\"de\"},{\"@type\":[\"Organization\",\"Place\"],\"@id\":\"https:\/\/www.eliassen.nl\/de\/#organization\",\"name\":\"Eliassen Home & Garden Pleasure\",\"url\":\"https:\/\/www.eliassen.nl\/de\/\",\"logo\":{\"@id\":\"https:\/\/www.eliassen.nl\/de\/esstisch-tisch-akazie-rauchgrau-6cm-duoblatt-180x100cm\/#local-main-organization-logo\"},\"image\":{\"@id\":\"https:\/\/www.eliassen.nl\/de\/esstisch-tisch-akazie-rauchgrau-6cm-duoblatt-180x100cm\/#local-main-organization-logo\"},\"sameAs\":[\"https:\/\/www.facebook.com\/TuincentrumEliassenAmmerzoden\",\"https:\/\/www.instagram.com\/eliassenhomeandgarden\/\",\"https:\/\/nl.pinterest.com\/eliassenhomeandgarden\/\",\"https:\/\/www.youtube.com\/@eliassenhomegardenpleasure4558\"],\"telephone\":[],\"openingHoursSpecification\":[{\"@type\":\"OpeningHoursSpecification\",\"dayOfWeek\":[\"Monday\",\"Tuesday\",\"Wednesday\",\"Thursday\",\"Friday\",\"Saturday\",\"Sunday\"],\"opens\":\"09:00\",\"closes\":\"17:00\"}]},{\"@type\":\"ImageObject\",\"inLanguage\":\"de\",\"@id\":\"https:\/\/www.eliassen.nl\/de\/esstisch-tisch-akazie-rauchgrau-6cm-duoblatt-180x100cm\/#local-main-organization-logo\",\"url\":\"https:\/\/www.eliassen.nl\/wp-content\/uploads\/2024\/01\/logo_4nd.jpg\",\"contentUrl\":\"https:\/\/www.eliassen.nl\/wp-content\/uploads\/2024\/01\/logo_4nd.jpg\",\"width\":500,\"height\":500,\"caption\":\"Eliassen Home & Garden Pleasure\"}]}<\/script>\n<meta property=\"product:price:amount\" content=\"375.00\" \/>\n<meta property=\"product:price:currency\" content=\"EUR\" \/>\n<meta property=\"og:availability\" content=\"instock\" \/>\n<meta property=\"product:availability\" content=\"instock\" \/>\n<meta property=\"product:retailer_item_id\" content=\"Smt-01\" \/>\n<meta property=\"product:condition\" content=\"new\" \/>\n<!-- \/ Yoast SEO Premium plugin. -->","yoast_head_json":{"title":"Esstisch Akazie rauchgrau 6cm duo Platte 180x100cm","robots":{"index":"index","follow":"follow","max-snippet":"max-snippet:-1","max-image-preview":"max-image-preview:large","max-video-preview":"max-video-preview:-1"},"canonical":"https:\/\/www.eliassen.nl\/de\/esstisch-tisch-akazie-rauchgrau-6cm-duoblatt-180x100cm\/","og_locale":"de_DE","og_type":"article","og_title":"Sonstige Esstisch Akazie rauchgrau 6cm duo Platte 180x100cm - Eliassen.nl","og_description":"Trunk Table Acacia ist ein robuster und solider Esstisch mit sch\u00f6nen nat\u00fcrlichen Merkmalen und Formen in der Tischplatte. Die 2 separaten Baumst\u00e4mme sind sehr sch\u00f6n mit Schwalbenschwanzverbindungen verbunden, die 2 Teile passen perfekt zusammen. Die Platte ist aus hochwertigem Akazienholz gefertigt. Akazie ist eine besonders langlebige Hartholzart, die schon lange in unseren Innenr\u00e4umen gesch\u00e4tzt wird. &hellip;","og_url":"https:\/\/www.eliassen.nl\/de\/esstisch-tisch-akazie-rauchgrau-6cm-duoblatt-180x100cm\/","og_site_name":"Eliassen.nl","article_publisher":"https:\/\/www.facebook.com\/TuincentrumEliassenAmmerzoden","article_modified_time":"2025-11-27T15:21:57+00:00","og_image":[{"width":2048,"height":1871,"url":"https:\/\/www.eliassen.nl\/wp-content\/uploads\/2024\/01\/smt180smokeyupoot6.jpg","type":"image\/jpeg"}],"twitter_card":"summary_large_image","schema":{"@context":"https:\/\/schema.org","@graph":[{"@type":"WebPage","@id":"https:\/\/www.eliassen.nl\/de\/esstisch-tisch-akazie-rauchgrau-6cm-duoblatt-180x100cm\/","url":"https:\/\/www.eliassen.nl\/de\/esstisch-tisch-akazie-rauchgrau-6cm-duoblatt-180x100cm\/","name":"Esstisch Akazie rauchgrau 6cm duo Platte 180x100cm","isPartOf":{"@id":"https:\/\/www.eliassen.nl\/de\/#website"},"primaryImageOfPage":{"@id":"https:\/\/www.eliassen.nl\/de\/esstisch-tisch-akazie-rauchgrau-6cm-duoblatt-180x100cm\/#primaryimage"},"image":{"@id":"https:\/\/www.eliassen.nl\/de\/esstisch-tisch-akazie-rauchgrau-6cm-duoblatt-180x100cm\/#primaryimage"},"thumbnailUrl":"https:\/\/www.eliassen.nl\/wp-content\/uploads\/2024\/01\/smt180smokeyupoot6.jpg","datePublished":"2022-04-11T15:48:57+00:00","dateModified":"2025-11-27T15:21:57+00:00","breadcrumb":{"@id":"https:\/\/www.eliassen.nl\/de\/esstisch-tisch-akazie-rauchgrau-6cm-duoblatt-180x100cm\/#breadcrumb"},"inLanguage":"de","potentialAction":[{"@type":"ReadAction","target":["https:\/\/www.eliassen.nl\/de\/esstisch-tisch-akazie-rauchgrau-6cm-duoblatt-180x100cm\/"]}]},{"@type":"ImageObject","inLanguage":"de","@id":"https:\/\/www.eliassen.nl\/de\/esstisch-tisch-akazie-rauchgrau-6cm-duoblatt-180x100cm\/#primaryimage","url":"https:\/\/www.eliassen.nl\/wp-content\/uploads\/2024\/01\/smt180smokeyupoot6.jpg","contentUrl":"https:\/\/www.eliassen.nl\/wp-content\/uploads\/2024\/01\/smt180smokeyupoot6.jpg","width":2048,"height":1871,"caption":"SMT 180 Smokey U Bein (6)"},{"@type":"BreadcrumbList","@id":"https:\/\/www.eliassen.nl\/de\/esstisch-tisch-akazie-rauchgrau-6cm-duoblatt-180x100cm\/#breadcrumb","itemListElement":[{"@type":"ListItem","position":1,"name":"Home","item":"https:\/\/www.eliassen.nl\/de\/"},{"@type":"ListItem","position":2,"name":"Shop","item":"https:\/\/www.eliassen.nl\/de\/shop\/"},{"@type":"ListItem","position":3,"name":"AKTION M\u00f6bel","item":"https:\/\/www.eliassen.nl\/de\/aktion-moebel\/"},{"@type":"ListItem","position":4,"name":"Esstisch Akazie rauchgrau 6cm duo Platte 180x100cm"}]},{"@type":"WebSite","@id":"https:\/\/www.eliassen.nl\/de\/#website","url":"https:\/\/www.eliassen.nl\/de\/","name":"Eliassen Home & Garden Pleasure","description":"","publisher":{"@id":"https:\/\/www.eliassen.nl\/de\/#organization"},"alternateName":"Eliassen.nl","potentialAction":[{"@type":"SearchAction","target":{"@type":"EntryPoint","urlTemplate":"https:\/\/www.eliassen.nl\/de\/?s={search_term_string}"},"query-input":{"@type":"PropertyValueSpecification","valueRequired":true,"valueName":"search_term_string"}}],"inLanguage":"de"},{"@type":["Organization","Place"],"@id":"https:\/\/www.eliassen.nl\/de\/#organization","name":"Eliassen Home & Garden Pleasure","url":"https:\/\/www.eliassen.nl\/de\/","logo":{"@id":"https:\/\/www.eliassen.nl\/de\/esstisch-tisch-akazie-rauchgrau-6cm-duoblatt-180x100cm\/#local-main-organization-logo"},"image":{"@id":"https:\/\/www.eliassen.nl\/de\/esstisch-tisch-akazie-rauchgrau-6cm-duoblatt-180x100cm\/#local-main-organization-logo"},"sameAs":["https:\/\/www.facebook.com\/TuincentrumEliassenAmmerzoden","https:\/\/www.instagram.com\/eliassenhomeandgarden\/","https:\/\/nl.pinterest.com\/eliassenhomeandgarden\/","https:\/\/www.youtube.com\/@eliassenhomegardenpleasure4558"],"telephone":[],"openingHoursSpecification":[{"@type":"OpeningHoursSpecification","dayOfWeek":["Monday","Tuesday","Wednesday","Thursday","Friday","Saturday","Sunday"],"opens":"09:00","closes":"17:00"}]},{"@type":"ImageObject","inLanguage":"de","@id":"https:\/\/www.eliassen.nl\/de\/esstisch-tisch-akazie-rauchgrau-6cm-duoblatt-180x100cm\/#local-main-organization-logo","url":"https:\/\/www.eliassen.nl\/wp-content\/uploads\/2024\/01\/logo_4nd.jpg","contentUrl":"https:\/\/www.eliassen.nl\/wp-content\/uploads\/2024\/01\/logo_4nd.jpg","width":500,"height":500,"caption":"Eliassen Home & Garden Pleasure"}]},"product_price_amount":"375.00","product_price_currency":"EUR","og_availability":"instock","product_availability":"instock","product_retailer_item_id":"Smt-01","product_condition":"new"},"df_price":375,"df_sale_price":375,"df_regular_price":895,"df_image_link":"https:\/\/www.eliassen.nl\/wp-content\/uploads\/2024\/01\/smt180smokeyupoot6.jpg","image":"https:\/\/www.eliassen.nl\/wp-content\/uploads\/2024\/01\/smt180smokeyupoot6.jpg","price_search":"<span class=\"woocommerce-Price-amount amount\"><bdi><span class=\"woocommerce-Price-currencySymbol\">&euro;<\/span>&nbsp;375,00<\/bdi><\/span>","category":"AKTION M\u00f6bel","global_unique_id":"9503896786221","_links":{"self":[{"href":"https:\/\/www.eliassen.nl\/de\/wp-json\/wp\/v2\/product\/70669","targetHints":{"allow":["GET"]}}],"collection":[{"href":"https:\/\/www.eliassen.nl\/de\/wp-json\/wp\/v2\/product"}],"about":[{"href":"https:\/\/www.eliassen.nl\/de\/wp-json\/wp\/v2\/types\/product"}],"wp:featuredmedia":[{"embeddable":true,"href":"https:\/\/www.eliassen.nl\/de\/wp-json\/wp\/v2\/media\/70657"}],"wp:attachment":[{"href":"https:\/\/www.eliassen.nl\/de\/wp-json\/wp\/v2\/media?parent=70669"}],"wp:term":[{"taxonomy":"product_brand","embeddable":true,"href":"https:\/\/www.eliassen.nl\/de\/wp-json\/wp\/v2\/product_brand?post=70669"},{"taxonomy":"product_cat","embeddable":true,"href":"https:\/\/www.eliassen.nl\/de\/wp-json\/wp\/v2\/product_cat?post=70669"},{"taxonomy":"product_tag","embeddable":true,"href":"https:\/\/www.eliassen.nl\/de\/wp-json\/wp\/v2\/product_tag?post=70669"}],"curies":[{"name":"wp","href":"https:\/\/api.w.org\/{rel}","templated":true}]}}