{"id":70618,"date":"2022-04-08T16:56:05","date_gmt":"2022-04-08T16:56:05","guid":{"rendered":"https:\/\/www.eliassen.nl\/?product=beeld-boomman-eik-137cm"},"modified":"2026-01-16T14:10:18","modified_gmt":"2026-01-16T13:10:18","slug":"statue-boomman-eiche-137cm","status":"publish","type":"product","link":"https:\/\/www.eliassen.nl\/de\/statue-boomman-eiche-137cm\/","title":{"rendered":"Statue Baum Mann Eiche 137cm"},"content":{"rendered":"<p>Eine wundersch\u00f6n gestaltete Modell-Gartenstatue in Form eines Fl\u00f6te spielenden Mannes, der in einen Baum integriert ist. Hergestellt aus bestem Kunststein.<\/p>\n<ul>\n<li>Massiver Kunststein<\/li>\n<li>Nat\u00fcrliche Farbe<\/li>\n<li>Gr\u00f6\u00dfe 85x60x137 cm hoch<\/li>\n<li>120 kg<\/li>\n<li>2 Jahre Garantie<\/li>\n<li>Wir sind bestrebt, dieses Produkt auch immer in unserem Ausstellungsraum zu haben, damit Sie dieses Modell auch live sehen k\u00f6nnen. Rufen Sie uns an oder mailen Sie uns, wenn Sie kommen m\u00f6chten, um Missverst\u00e4ndnisse zu vermeiden.<\/li>\n<\/ul>\n","protected":false},"excerpt":{"rendered":"<p>Eine wundersch\u00f6n gestaltete Modell-Gartenstatue in Form eines Fl\u00f6te spielenden Mannes, der in einen Baum integriert ist. Hergestellt aus bestem Kunststein. Massiver Kunststein Nat\u00fcrliche Farbe Gr\u00f6\u00dfe 85x60x137 cm hoch 120 kg 2 Jahre Garantie Wir sind bestrebt, dieses Produkt auch immer in unserem Ausstellungsraum zu haben, damit Sie dieses Modell auch live sehen k\u00f6nnen. Rufen Sie &hellip;<\/p>\n","protected":false},"featured_media":70606,"template":"","meta":{"_acf_changed":false,"_genesis_title":"","_genesis_description":""},"product_brand":[6956],"product_cat":[677,710,7239],"product_tag":[],"class_list":{"0":"post-70618","1":"product","2":"type-product","3":"status-publish","4":"has-post-thumbnail","6":"product_brand-vidroflor-de","7":"product_cat-betonstatuen","8":"product_cat-mythologische-bilder","9":"product_cat-bilder","11":"first","12":"instock","13":"taxable","14":"shipping-taxable","15":"purchasable","16":"product-type-simple"},"acf":[],"meta_all":{"total_sales":"2","wcml_sync_hash":{"postmeta_fields":"11b40355e73cc1befd3bb7ff386ddefa"},"attr_label_translations":[],"cor_restricted_countries":[]},"meta_all_flat":{"total_sales":"2","wcml_sync_hash.postmeta_fields":"11b40355e73cc1befd3bb7ff386ddefa"},"yoast_head":"<!-- This site is optimized with the Yoast SEO Premium plugin v26.2 (Yoast SEO v27.2) - https:\/\/yoast.com\/product\/yoast-seo-premium-wordpress\/ -->\n<title>Statue Baum Mann Eiche 137cm<\/title>\n<meta name=\"description\" content=\"Kaufen Sie Skulptur Baum Mann Eiche 137 cm? Eliassen bietet eine gro\u00dfe Auswahl an Skulpturen von Fantasiefiguren. Gro\u00dfer Ausstellungsraum und online schnelle Lieferzeiten.\" \/>\n<meta name=\"robots\" content=\"index, follow, max-snippet:-1, max-image-preview:large, max-video-preview:-1\" \/>\n<link rel=\"canonical\" href=\"https:\/\/www.eliassen.nl\/de\/statue-boomman-eiche-137cm\/\" \/>\n<meta property=\"og:locale\" content=\"de_DE\" \/>\n<meta property=\"og:type\" content=\"article\" \/>\n<meta property=\"og:title\" content=\"vidroflor Statue Baum Mann Eiche 137cm - Eliassen.nl\" \/>\n<meta property=\"og:description\" content=\"Kaufen Sie Skulptur Baum Mann Eiche 137 cm? Eliassen bietet eine gro\u00dfe Auswahl an Skulpturen von Fantasiefiguren. Gro\u00dfer Ausstellungsraum und online schnelle Lieferzeiten.\" \/>\n<meta property=\"og:url\" content=\"https:\/\/www.eliassen.nl\/de\/statue-boomman-eiche-137cm\/\" \/>\n<meta property=\"og:site_name\" content=\"Eliassen.nl\" \/>\n<meta property=\"article:publisher\" content=\"https:\/\/www.facebook.com\/TuincentrumEliassenAmmerzoden\" \/>\n<meta property=\"article:modified_time\" content=\"2026-01-16T13:10:18+00:00\" \/>\n<meta property=\"og:image\" content=\"https:\/\/www.eliassen.nl\/wp-content\/uploads\/2024\/01\/116403.jpg\" \/>\n\t<meta property=\"og:image:width\" content=\"884\" \/>\n\t<meta property=\"og:image:height\" content=\"1442\" \/>\n\t<meta property=\"og:image:type\" content=\"image\/jpeg\" \/>\n<meta name=\"twitter:card\" content=\"summary_large_image\" \/>\n<script type=\"application\/ld+json\" class=\"yoast-schema-graph\">{\"@context\":\"https:\/\/schema.org\",\"@graph\":[{\"@type\":\"WebPage\",\"@id\":\"https:\/\/www.eliassen.nl\/de\/statue-boomman-eiche-137cm\/\",\"url\":\"https:\/\/www.eliassen.nl\/de\/statue-boomman-eiche-137cm\/\",\"name\":\"Statue Baum Mann Eiche 137cm\",\"isPartOf\":{\"@id\":\"https:\/\/www.eliassen.nl\/de\/#website\"},\"primaryImageOfPage\":{\"@id\":\"https:\/\/www.eliassen.nl\/de\/statue-boomman-eiche-137cm\/#primaryimage\"},\"image\":{\"@id\":\"https:\/\/www.eliassen.nl\/de\/statue-boomman-eiche-137cm\/#primaryimage\"},\"thumbnailUrl\":\"https:\/\/www.eliassen.nl\/wp-content\/uploads\/2024\/01\/116403.jpg\",\"datePublished\":\"2022-04-08T16:56:05+00:00\",\"dateModified\":\"2026-01-16T13:10:18+00:00\",\"description\":\"Kaufen Sie Skulptur Baum Mann Eiche 137 cm? Eliassen bietet eine gro\u00dfe Auswahl an Skulpturen von Fantasiefiguren. Gro\u00dfer Ausstellungsraum und online schnelle Lieferzeiten.\",\"breadcrumb\":{\"@id\":\"https:\/\/www.eliassen.nl\/de\/statue-boomman-eiche-137cm\/#breadcrumb\"},\"inLanguage\":\"de\",\"potentialAction\":[{\"@type\":\"ReadAction\",\"target\":[\"https:\/\/www.eliassen.nl\/de\/statue-boomman-eiche-137cm\/\"]}]},{\"@type\":\"ImageObject\",\"inLanguage\":\"de\",\"@id\":\"https:\/\/www.eliassen.nl\/de\/statue-boomman-eiche-137cm\/#primaryimage\",\"url\":\"https:\/\/www.eliassen.nl\/wp-content\/uploads\/2024\/01\/116403.jpg\",\"contentUrl\":\"https:\/\/www.eliassen.nl\/wp-content\/uploads\/2024\/01\/116403.jpg\",\"width\":884,\"height\":1442,\"caption\":\"116403\"},{\"@type\":\"BreadcrumbList\",\"@id\":\"https:\/\/www.eliassen.nl\/de\/statue-boomman-eiche-137cm\/#breadcrumb\",\"itemListElement\":[{\"@type\":\"ListItem\",\"position\":1,\"name\":\"Home\",\"item\":\"https:\/\/www.eliassen.nl\/de\/\"},{\"@type\":\"ListItem\",\"position\":2,\"name\":\"Shop\",\"item\":\"https:\/\/www.eliassen.nl\/de\/shop\/\"},{\"@type\":\"ListItem\",\"position\":3,\"name\":\"Bilder\",\"item\":\"https:\/\/www.eliassen.nl\/de\/bilder\/\"},{\"@type\":\"ListItem\",\"position\":4,\"name\":\"Betonstatuen\",\"item\":\"https:\/\/www.eliassen.nl\/de\/bilder\/betonstatuen\/\"},{\"@type\":\"ListItem\",\"position\":5,\"name\":\"Mythologische Bilder\",\"item\":\"https:\/\/www.eliassen.nl\/de\/bilder\/betonstatuen\/mythologische-bilder\/\"},{\"@type\":\"ListItem\",\"position\":6,\"name\":\"Statue Baum Mann Eiche 137cm\"}]},{\"@type\":\"WebSite\",\"@id\":\"https:\/\/www.eliassen.nl\/de\/#website\",\"url\":\"https:\/\/www.eliassen.nl\/de\/\",\"name\":\"Eliassen Home & Garden Pleasure\",\"description\":\"\",\"publisher\":{\"@id\":\"https:\/\/www.eliassen.nl\/de\/#organization\"},\"alternateName\":\"Eliassen.nl\",\"potentialAction\":[{\"@type\":\"SearchAction\",\"target\":{\"@type\":\"EntryPoint\",\"urlTemplate\":\"https:\/\/www.eliassen.nl\/de\/?s={search_term_string}\"},\"query-input\":{\"@type\":\"PropertyValueSpecification\",\"valueRequired\":true,\"valueName\":\"search_term_string\"}}],\"inLanguage\":\"de\"},{\"@type\":[\"Organization\",\"Place\"],\"@id\":\"https:\/\/www.eliassen.nl\/de\/#organization\",\"name\":\"Eliassen Home & Garden Pleasure\",\"url\":\"https:\/\/www.eliassen.nl\/de\/\",\"logo\":{\"@id\":\"https:\/\/www.eliassen.nl\/de\/statue-boomman-eiche-137cm\/#local-main-organization-logo\"},\"image\":{\"@id\":\"https:\/\/www.eliassen.nl\/de\/statue-boomman-eiche-137cm\/#local-main-organization-logo\"},\"sameAs\":[\"https:\/\/www.facebook.com\/TuincentrumEliassenAmmerzoden\",\"https:\/\/www.instagram.com\/eliassenhomeandgarden\/\",\"https:\/\/nl.pinterest.com\/eliassenhomeandgarden\/\",\"https:\/\/www.youtube.com\/@eliassenhomegardenpleasure4558\"],\"telephone\":[],\"openingHoursSpecification\":[{\"@type\":\"OpeningHoursSpecification\",\"dayOfWeek\":[\"Monday\",\"Tuesday\",\"Wednesday\",\"Thursday\",\"Friday\",\"Saturday\",\"Sunday\"],\"opens\":\"09:00\",\"closes\":\"17:00\"}]},{\"@type\":\"ImageObject\",\"inLanguage\":\"de\",\"@id\":\"https:\/\/www.eliassen.nl\/de\/statue-boomman-eiche-137cm\/#local-main-organization-logo\",\"url\":\"https:\/\/www.eliassen.nl\/wp-content\/uploads\/2024\/01\/logo_4nd.jpg\",\"contentUrl\":\"https:\/\/www.eliassen.nl\/wp-content\/uploads\/2024\/01\/logo_4nd.jpg\",\"width\":500,\"height\":500,\"caption\":\"Eliassen Home & Garden Pleasure\"}]}<\/script>\n<meta property=\"product:price:amount\" content=\"865.00\" \/>\n<meta property=\"product:price:currency\" content=\"EUR\" \/>\n<meta property=\"og:availability\" content=\"instock\" \/>\n<meta property=\"product:availability\" content=\"instock\" \/>\n<meta property=\"product:retailer_item_id\" content=\"116403\" \/>\n<meta property=\"product:condition\" content=\"new\" \/>\n<!-- \/ Yoast SEO Premium plugin. -->","yoast_head_json":{"title":"Statue Baum Mann Eiche 137cm","description":"Kaufen Sie Skulptur Baum Mann Eiche 137 cm? Eliassen bietet eine gro\u00dfe Auswahl an Skulpturen von Fantasiefiguren. Gro\u00dfer Ausstellungsraum und online schnelle Lieferzeiten.","robots":{"index":"index","follow":"follow","max-snippet":"max-snippet:-1","max-image-preview":"max-image-preview:large","max-video-preview":"max-video-preview:-1"},"canonical":"https:\/\/www.eliassen.nl\/de\/statue-boomman-eiche-137cm\/","og_locale":"de_DE","og_type":"article","og_title":"vidroflor Statue Baum Mann Eiche 137cm - Eliassen.nl","og_description":"Kaufen Sie Skulptur Baum Mann Eiche 137 cm? Eliassen bietet eine gro\u00dfe Auswahl an Skulpturen von Fantasiefiguren. Gro\u00dfer Ausstellungsraum und online schnelle Lieferzeiten.","og_url":"https:\/\/www.eliassen.nl\/de\/statue-boomman-eiche-137cm\/","og_site_name":"Eliassen.nl","article_publisher":"https:\/\/www.facebook.com\/TuincentrumEliassenAmmerzoden","article_modified_time":"2026-01-16T13:10:18+00:00","og_image":[{"width":884,"height":1442,"url":"https:\/\/www.eliassen.nl\/wp-content\/uploads\/2024\/01\/116403.jpg","type":"image\/jpeg"}],"twitter_card":"summary_large_image","schema":{"@context":"https:\/\/schema.org","@graph":[{"@type":"WebPage","@id":"https:\/\/www.eliassen.nl\/de\/statue-boomman-eiche-137cm\/","url":"https:\/\/www.eliassen.nl\/de\/statue-boomman-eiche-137cm\/","name":"Statue Baum Mann Eiche 137cm","isPartOf":{"@id":"https:\/\/www.eliassen.nl\/de\/#website"},"primaryImageOfPage":{"@id":"https:\/\/www.eliassen.nl\/de\/statue-boomman-eiche-137cm\/#primaryimage"},"image":{"@id":"https:\/\/www.eliassen.nl\/de\/statue-boomman-eiche-137cm\/#primaryimage"},"thumbnailUrl":"https:\/\/www.eliassen.nl\/wp-content\/uploads\/2024\/01\/116403.jpg","datePublished":"2022-04-08T16:56:05+00:00","dateModified":"2026-01-16T13:10:18+00:00","description":"Kaufen Sie Skulptur Baum Mann Eiche 137 cm? Eliassen bietet eine gro\u00dfe Auswahl an Skulpturen von Fantasiefiguren. Gro\u00dfer Ausstellungsraum und online schnelle Lieferzeiten.","breadcrumb":{"@id":"https:\/\/www.eliassen.nl\/de\/statue-boomman-eiche-137cm\/#breadcrumb"},"inLanguage":"de","potentialAction":[{"@type":"ReadAction","target":["https:\/\/www.eliassen.nl\/de\/statue-boomman-eiche-137cm\/"]}]},{"@type":"ImageObject","inLanguage":"de","@id":"https:\/\/www.eliassen.nl\/de\/statue-boomman-eiche-137cm\/#primaryimage","url":"https:\/\/www.eliassen.nl\/wp-content\/uploads\/2024\/01\/116403.jpg","contentUrl":"https:\/\/www.eliassen.nl\/wp-content\/uploads\/2024\/01\/116403.jpg","width":884,"height":1442,"caption":"116403"},{"@type":"BreadcrumbList","@id":"https:\/\/www.eliassen.nl\/de\/statue-boomman-eiche-137cm\/#breadcrumb","itemListElement":[{"@type":"ListItem","position":1,"name":"Home","item":"https:\/\/www.eliassen.nl\/de\/"},{"@type":"ListItem","position":2,"name":"Shop","item":"https:\/\/www.eliassen.nl\/de\/shop\/"},{"@type":"ListItem","position":3,"name":"Bilder","item":"https:\/\/www.eliassen.nl\/de\/bilder\/"},{"@type":"ListItem","position":4,"name":"Betonstatuen","item":"https:\/\/www.eliassen.nl\/de\/bilder\/betonstatuen\/"},{"@type":"ListItem","position":5,"name":"Mythologische Bilder","item":"https:\/\/www.eliassen.nl\/de\/bilder\/betonstatuen\/mythologische-bilder\/"},{"@type":"ListItem","position":6,"name":"Statue Baum Mann Eiche 137cm"}]},{"@type":"WebSite","@id":"https:\/\/www.eliassen.nl\/de\/#website","url":"https:\/\/www.eliassen.nl\/de\/","name":"Eliassen Home & Garden Pleasure","description":"","publisher":{"@id":"https:\/\/www.eliassen.nl\/de\/#organization"},"alternateName":"Eliassen.nl","potentialAction":[{"@type":"SearchAction","target":{"@type":"EntryPoint","urlTemplate":"https:\/\/www.eliassen.nl\/de\/?s={search_term_string}"},"query-input":{"@type":"PropertyValueSpecification","valueRequired":true,"valueName":"search_term_string"}}],"inLanguage":"de"},{"@type":["Organization","Place"],"@id":"https:\/\/www.eliassen.nl\/de\/#organization","name":"Eliassen Home & Garden Pleasure","url":"https:\/\/www.eliassen.nl\/de\/","logo":{"@id":"https:\/\/www.eliassen.nl\/de\/statue-boomman-eiche-137cm\/#local-main-organization-logo"},"image":{"@id":"https:\/\/www.eliassen.nl\/de\/statue-boomman-eiche-137cm\/#local-main-organization-logo"},"sameAs":["https:\/\/www.facebook.com\/TuincentrumEliassenAmmerzoden","https:\/\/www.instagram.com\/eliassenhomeandgarden\/","https:\/\/nl.pinterest.com\/eliassenhomeandgarden\/","https:\/\/www.youtube.com\/@eliassenhomegardenpleasure4558"],"telephone":[],"openingHoursSpecification":[{"@type":"OpeningHoursSpecification","dayOfWeek":["Monday","Tuesday","Wednesday","Thursday","Friday","Saturday","Sunday"],"opens":"09:00","closes":"17:00"}]},{"@type":"ImageObject","inLanguage":"de","@id":"https:\/\/www.eliassen.nl\/de\/statue-boomman-eiche-137cm\/#local-main-organization-logo","url":"https:\/\/www.eliassen.nl\/wp-content\/uploads\/2024\/01\/logo_4nd.jpg","contentUrl":"https:\/\/www.eliassen.nl\/wp-content\/uploads\/2024\/01\/logo_4nd.jpg","width":500,"height":500,"caption":"Eliassen Home & Garden Pleasure"}]},"product_price_amount":"865.00","product_price_currency":"EUR","og_availability":"instock","product_availability":"instock","product_retailer_item_id":"116403","product_condition":"new"},"df_price":865,"df_sale_price":"","df_regular_price":865,"df_image_link":"https:\/\/www.eliassen.nl\/wp-content\/uploads\/2024\/01\/116403.jpg","image":"https:\/\/www.eliassen.nl\/wp-content\/uploads\/2024\/01\/116403.jpg","price_search":"<span class=\"woocommerce-Price-amount amount\"><bdi><span class=\"woocommerce-Price-currencySymbol\">&euro;<\/span>&nbsp;865,00<\/bdi><\/span>","category":"Betonstatuen","global_unique_id":"4260453050847","_links":{"self":[{"href":"https:\/\/www.eliassen.nl\/de\/wp-json\/wp\/v2\/product\/70618","targetHints":{"allow":["GET"]}}],"collection":[{"href":"https:\/\/www.eliassen.nl\/de\/wp-json\/wp\/v2\/product"}],"about":[{"href":"https:\/\/www.eliassen.nl\/de\/wp-json\/wp\/v2\/types\/product"}],"wp:featuredmedia":[{"embeddable":true,"href":"https:\/\/www.eliassen.nl\/de\/wp-json\/wp\/v2\/media\/70606"}],"wp:attachment":[{"href":"https:\/\/www.eliassen.nl\/de\/wp-json\/wp\/v2\/media?parent=70618"}],"wp:term":[{"taxonomy":"product_brand","embeddable":true,"href":"https:\/\/www.eliassen.nl\/de\/wp-json\/wp\/v2\/product_brand?post=70618"},{"taxonomy":"product_cat","embeddable":true,"href":"https:\/\/www.eliassen.nl\/de\/wp-json\/wp\/v2\/product_cat?post=70618"},{"taxonomy":"product_tag","embeddable":true,"href":"https:\/\/www.eliassen.nl\/de\/wp-json\/wp\/v2\/product_tag?post=70618"}],"curies":[{"name":"wp","href":"https:\/\/api.w.org\/{rel}","templated":true}]}}