{"id":70546,"date":"2022-04-07T16:08:50","date_gmt":"2022-04-07T16:08:50","guid":{"rendered":"https:\/\/www.eliassen.nl\/?product=stier-groot-van-glas-35cm"},"modified":"2026-03-06T11:56:37","modified_gmt":"2026-03-06T10:56:37","slug":"stier-gross-aus-glas-35cm","status":"publish","type":"product","link":"https:\/\/www.eliassen.nl\/de\/stier-gross-aus-glas-35cm\/","title":{"rendered":"Glas Taurus gro\u00df aus Glas 35cm"},"content":{"rendered":"<p>Dieses einzigartige Deko-Objekt aus Glas in Form eines Stiers ist ein wundersch\u00f6nes Dekorationsst\u00fcck f\u00fcr Ihr Zuhause oder zum Verschenken. Dieser Glasstier wird auf die gleiche Weise hergestellt wie das jahrhundertealte und ber\u00fchmte Muranoglas aus Italien. Authentisch mundgeblasen aus verschiedenen, miteinander verschmolzenen Glasfarben.<\/p>\n<p>Da diese Glasdekoration handgefertigt ist, ist jedes St\u00fcck dieser Serie einzigartig in Form und Farbe. Daher kann Ihre Glasdekoration von der Abbildung abweichen.<\/p>\n<p>Sie k\u00f6nnen diese Serie von Glaskunst auch in unserem Shop ansehen.<\/p>\n<ul>\n<li>Handgefertigt, nach der alten Murano-Methode<\/li>\n<li>Aus massivem Glas<\/li>\n<li>Gr\u00f6\u00dfe:35cm<\/li>\n<\/ul>\n","protected":false},"excerpt":{"rendered":"<p>Dieses einzigartige Deko-Objekt aus Glas in Form eines Stiers ist ein wundersch\u00f6nes Dekorationsst\u00fcck f\u00fcr Ihr Zuhause oder zum Verschenken. Dieser Glasstier wird auf die gleiche Weise hergestellt wie das jahrhundertealte und ber\u00fchmte Muranoglas aus Italien. Authentisch mundgeblasen aus verschiedenen, miteinander verschmolzenen Glasfarben. Da diese Glasdekoration handgefertigt ist, ist jedes St\u00fcck dieser Serie einzigartig in Form &hellip;<\/p>\n","protected":false},"featured_media":70534,"template":"","meta":{"_acf_changed":false,"_genesis_title":"","_genesis_description":""},"product_brand":[7505],"product_cat":[800,824],"product_tag":[],"class_list":{"0":"post-70546","1":"product","2":"type-product","3":"status-publish","4":"has-post-thumbnail","6":"product_brand-sonstige","7":"product_cat-glaskunst","8":"product_cat-tierfiguren-aus-glas","10":"first","11":"instock","12":"taxable","13":"shipping-taxable","14":"purchasable","15":"product-type-simple"},"acf":[],"meta_all":{"total_sales":"0","wcml_sync_hash":{"postmeta_fields":"f8eb6578ce8140bc4e9abc4b7091fd31"},"attr_label_translations":[],"cor_restricted_countries":[]},"meta_all_flat":{"total_sales":"0","wcml_sync_hash.postmeta_fields":"f8eb6578ce8140bc4e9abc4b7091fd31"},"yoast_head":"<!-- This site is optimized with the Yoast SEO Premium plugin v26.2 (Yoast SEO v27.2) - https:\/\/yoast.com\/product\/yoast-seo-premium-wordpress\/ -->\n<title>Taurus gro\u00df aus Glas 35cm<\/title>\n<meta name=\"description\" content=\"Bull gro\u00df aus Glas 35cm kaufen? Eliassen bietet Ihnen eine gro\u00dfe Auswahl an Glasobjekten in einem gro\u00dfen Ausstellungsraum mit schnellen Lieferzeiten online.\" \/>\n<meta name=\"robots\" content=\"index, follow, max-snippet:-1, max-image-preview:large, max-video-preview:-1\" \/>\n<link rel=\"canonical\" href=\"https:\/\/www.eliassen.nl\/de\/stier-gross-aus-glas-35cm\/\" \/>\n<meta property=\"og:locale\" content=\"de_DE\" \/>\n<meta property=\"og:type\" content=\"article\" \/>\n<meta property=\"og:title\" content=\"Sonstige Glas Taurus gro\u00df aus Glas 35cm - Eliassen.nl\" \/>\n<meta property=\"og:description\" content=\"Bull gro\u00df aus Glas 35cm kaufen? Eliassen bietet Ihnen eine gro\u00dfe Auswahl an Glasobjekten in einem gro\u00dfen Ausstellungsraum mit schnellen Lieferzeiten online.\" \/>\n<meta property=\"og:url\" content=\"https:\/\/www.eliassen.nl\/de\/stier-gross-aus-glas-35cm\/\" \/>\n<meta property=\"og:site_name\" content=\"Eliassen.nl\" \/>\n<meta property=\"article:publisher\" content=\"https:\/\/www.facebook.com\/TuincentrumEliassenAmmerzoden\" \/>\n<meta property=\"article:modified_time\" content=\"2026-03-06T10:56:37+00:00\" \/>\n<meta property=\"og:image\" content=\"https:\/\/www.eliassen.nl\/wp-content\/uploads\/2024\/01\/mijnproject_180nd.png\" \/>\n\t<meta property=\"og:image:width\" content=\"1279\" \/>\n\t<meta property=\"og:image:height\" content=\"789\" \/>\n\t<meta property=\"og:image:type\" content=\"image\/png\" \/>\n<meta name=\"twitter:card\" content=\"summary_large_image\" \/>\n<script type=\"application\/ld+json\" class=\"yoast-schema-graph\">{\"@context\":\"https:\/\/schema.org\",\"@graph\":[{\"@type\":\"WebPage\",\"@id\":\"https:\/\/www.eliassen.nl\/de\/stier-gross-aus-glas-35cm\/\",\"url\":\"https:\/\/www.eliassen.nl\/de\/stier-gross-aus-glas-35cm\/\",\"name\":\"Taurus gro\u00df aus Glas 35cm\",\"isPartOf\":{\"@id\":\"https:\/\/www.eliassen.nl\/de\/#website\"},\"primaryImageOfPage\":{\"@id\":\"https:\/\/www.eliassen.nl\/de\/stier-gross-aus-glas-35cm\/#primaryimage\"},\"image\":{\"@id\":\"https:\/\/www.eliassen.nl\/de\/stier-gross-aus-glas-35cm\/#primaryimage\"},\"thumbnailUrl\":\"https:\/\/www.eliassen.nl\/wp-content\/uploads\/2024\/01\/mijnproject_180nd.png\",\"datePublished\":\"2022-04-07T16:08:50+00:00\",\"dateModified\":\"2026-03-06T10:56:37+00:00\",\"description\":\"Bull gro\u00df aus Glas 35cm kaufen? Eliassen bietet Ihnen eine gro\u00dfe Auswahl an Glasobjekten in einem gro\u00dfen Ausstellungsraum mit schnellen Lieferzeiten online.\",\"breadcrumb\":{\"@id\":\"https:\/\/www.eliassen.nl\/de\/stier-gross-aus-glas-35cm\/#breadcrumb\"},\"inLanguage\":\"de\",\"potentialAction\":[{\"@type\":\"ReadAction\",\"target\":[\"https:\/\/www.eliassen.nl\/de\/stier-gross-aus-glas-35cm\/\"]}]},{\"@type\":\"ImageObject\",\"inLanguage\":\"de\",\"@id\":\"https:\/\/www.eliassen.nl\/de\/stier-gross-aus-glas-35cm\/#primaryimage\",\"url\":\"https:\/\/www.eliassen.nl\/wp-content\/uploads\/2024\/01\/mijnproject_180nd.png\",\"contentUrl\":\"https:\/\/www.eliassen.nl\/wp-content\/uploads\/2024\/01\/mijnproject_180nd.png\",\"width\":1279,\"height\":789,\"caption\":\"Mein Projekt\"},{\"@type\":\"BreadcrumbList\",\"@id\":\"https:\/\/www.eliassen.nl\/de\/stier-gross-aus-glas-35cm\/#breadcrumb\",\"itemListElement\":[{\"@type\":\"ListItem\",\"position\":1,\"name\":\"Home\",\"item\":\"https:\/\/www.eliassen.nl\/de\/\"},{\"@type\":\"ListItem\",\"position\":2,\"name\":\"Shop\",\"item\":\"https:\/\/www.eliassen.nl\/de\/shop\/\"},{\"@type\":\"ListItem\",\"position\":3,\"name\":\"Glaskunst\",\"item\":\"https:\/\/www.eliassen.nl\/de\/glaskunst\/\"},{\"@type\":\"ListItem\",\"position\":4,\"name\":\"Tierfiguren aus Glas\",\"item\":\"https:\/\/www.eliassen.nl\/de\/glaskunst\/tierfiguren-aus-glas\/\"},{\"@type\":\"ListItem\",\"position\":5,\"name\":\"Glas Taurus gro\u00df aus Glas 35cm\"}]},{\"@type\":\"WebSite\",\"@id\":\"https:\/\/www.eliassen.nl\/de\/#website\",\"url\":\"https:\/\/www.eliassen.nl\/de\/\",\"name\":\"Eliassen Home & Garden Pleasure\",\"description\":\"\",\"publisher\":{\"@id\":\"https:\/\/www.eliassen.nl\/de\/#organization\"},\"alternateName\":\"Eliassen.nl\",\"potentialAction\":[{\"@type\":\"SearchAction\",\"target\":{\"@type\":\"EntryPoint\",\"urlTemplate\":\"https:\/\/www.eliassen.nl\/de\/?s={search_term_string}\"},\"query-input\":{\"@type\":\"PropertyValueSpecification\",\"valueRequired\":true,\"valueName\":\"search_term_string\"}}],\"inLanguage\":\"de\"},{\"@type\":[\"Organization\",\"Place\"],\"@id\":\"https:\/\/www.eliassen.nl\/de\/#organization\",\"name\":\"Eliassen Home & Garden Pleasure\",\"url\":\"https:\/\/www.eliassen.nl\/de\/\",\"logo\":{\"@id\":\"https:\/\/www.eliassen.nl\/de\/stier-gross-aus-glas-35cm\/#local-main-organization-logo\"},\"image\":{\"@id\":\"https:\/\/www.eliassen.nl\/de\/stier-gross-aus-glas-35cm\/#local-main-organization-logo\"},\"sameAs\":[\"https:\/\/www.facebook.com\/TuincentrumEliassenAmmerzoden\",\"https:\/\/www.instagram.com\/eliassenhomeandgarden\/\",\"https:\/\/nl.pinterest.com\/eliassenhomeandgarden\/\",\"https:\/\/www.youtube.com\/@eliassenhomegardenpleasure4558\"],\"telephone\":[],\"openingHoursSpecification\":[{\"@type\":\"OpeningHoursSpecification\",\"dayOfWeek\":[\"Monday\",\"Tuesday\",\"Wednesday\",\"Thursday\",\"Friday\",\"Saturday\",\"Sunday\"],\"opens\":\"09:00\",\"closes\":\"17:00\"}]},{\"@type\":\"ImageObject\",\"inLanguage\":\"de\",\"@id\":\"https:\/\/www.eliassen.nl\/de\/stier-gross-aus-glas-35cm\/#local-main-organization-logo\",\"url\":\"https:\/\/www.eliassen.nl\/wp-content\/uploads\/2024\/01\/logo_4nd.jpg\",\"contentUrl\":\"https:\/\/www.eliassen.nl\/wp-content\/uploads\/2024\/01\/logo_4nd.jpg\",\"width\":500,\"height\":500,\"caption\":\"Eliassen Home & Garden Pleasure\"}]}<\/script>\n<meta property=\"product:price:amount\" content=\"179.00\" \/>\n<meta property=\"product:price:currency\" content=\"EUR\" \/>\n<meta property=\"og:availability\" content=\"instock\" \/>\n<meta property=\"product:availability\" content=\"instock\" \/>\n<meta property=\"product:retailer_item_id\" content=\"2052\" \/>\n<meta property=\"product:condition\" content=\"new\" \/>\n<!-- \/ Yoast SEO Premium plugin. -->","yoast_head_json":{"title":"Taurus gro\u00df aus Glas 35cm","description":"Bull gro\u00df aus Glas 35cm kaufen? Eliassen bietet Ihnen eine gro\u00dfe Auswahl an Glasobjekten in einem gro\u00dfen Ausstellungsraum mit schnellen Lieferzeiten online.","robots":{"index":"index","follow":"follow","max-snippet":"max-snippet:-1","max-image-preview":"max-image-preview:large","max-video-preview":"max-video-preview:-1"},"canonical":"https:\/\/www.eliassen.nl\/de\/stier-gross-aus-glas-35cm\/","og_locale":"de_DE","og_type":"article","og_title":"Sonstige Glas Taurus gro\u00df aus Glas 35cm - Eliassen.nl","og_description":"Bull gro\u00df aus Glas 35cm kaufen? Eliassen bietet Ihnen eine gro\u00dfe Auswahl an Glasobjekten in einem gro\u00dfen Ausstellungsraum mit schnellen Lieferzeiten online.","og_url":"https:\/\/www.eliassen.nl\/de\/stier-gross-aus-glas-35cm\/","og_site_name":"Eliassen.nl","article_publisher":"https:\/\/www.facebook.com\/TuincentrumEliassenAmmerzoden","article_modified_time":"2026-03-06T10:56:37+00:00","og_image":[{"width":1279,"height":789,"url":"https:\/\/www.eliassen.nl\/wp-content\/uploads\/2024\/01\/mijnproject_180nd.png","type":"image\/png"}],"twitter_card":"summary_large_image","schema":{"@context":"https:\/\/schema.org","@graph":[{"@type":"WebPage","@id":"https:\/\/www.eliassen.nl\/de\/stier-gross-aus-glas-35cm\/","url":"https:\/\/www.eliassen.nl\/de\/stier-gross-aus-glas-35cm\/","name":"Taurus gro\u00df aus Glas 35cm","isPartOf":{"@id":"https:\/\/www.eliassen.nl\/de\/#website"},"primaryImageOfPage":{"@id":"https:\/\/www.eliassen.nl\/de\/stier-gross-aus-glas-35cm\/#primaryimage"},"image":{"@id":"https:\/\/www.eliassen.nl\/de\/stier-gross-aus-glas-35cm\/#primaryimage"},"thumbnailUrl":"https:\/\/www.eliassen.nl\/wp-content\/uploads\/2024\/01\/mijnproject_180nd.png","datePublished":"2022-04-07T16:08:50+00:00","dateModified":"2026-03-06T10:56:37+00:00","description":"Bull gro\u00df aus Glas 35cm kaufen? Eliassen bietet Ihnen eine gro\u00dfe Auswahl an Glasobjekten in einem gro\u00dfen Ausstellungsraum mit schnellen Lieferzeiten online.","breadcrumb":{"@id":"https:\/\/www.eliassen.nl\/de\/stier-gross-aus-glas-35cm\/#breadcrumb"},"inLanguage":"de","potentialAction":[{"@type":"ReadAction","target":["https:\/\/www.eliassen.nl\/de\/stier-gross-aus-glas-35cm\/"]}]},{"@type":"ImageObject","inLanguage":"de","@id":"https:\/\/www.eliassen.nl\/de\/stier-gross-aus-glas-35cm\/#primaryimage","url":"https:\/\/www.eliassen.nl\/wp-content\/uploads\/2024\/01\/mijnproject_180nd.png","contentUrl":"https:\/\/www.eliassen.nl\/wp-content\/uploads\/2024\/01\/mijnproject_180nd.png","width":1279,"height":789,"caption":"Mein Projekt"},{"@type":"BreadcrumbList","@id":"https:\/\/www.eliassen.nl\/de\/stier-gross-aus-glas-35cm\/#breadcrumb","itemListElement":[{"@type":"ListItem","position":1,"name":"Home","item":"https:\/\/www.eliassen.nl\/de\/"},{"@type":"ListItem","position":2,"name":"Shop","item":"https:\/\/www.eliassen.nl\/de\/shop\/"},{"@type":"ListItem","position":3,"name":"Glaskunst","item":"https:\/\/www.eliassen.nl\/de\/glaskunst\/"},{"@type":"ListItem","position":4,"name":"Tierfiguren aus Glas","item":"https:\/\/www.eliassen.nl\/de\/glaskunst\/tierfiguren-aus-glas\/"},{"@type":"ListItem","position":5,"name":"Glas Taurus gro\u00df aus Glas 35cm"}]},{"@type":"WebSite","@id":"https:\/\/www.eliassen.nl\/de\/#website","url":"https:\/\/www.eliassen.nl\/de\/","name":"Eliassen Home & Garden Pleasure","description":"","publisher":{"@id":"https:\/\/www.eliassen.nl\/de\/#organization"},"alternateName":"Eliassen.nl","potentialAction":[{"@type":"SearchAction","target":{"@type":"EntryPoint","urlTemplate":"https:\/\/www.eliassen.nl\/de\/?s={search_term_string}"},"query-input":{"@type":"PropertyValueSpecification","valueRequired":true,"valueName":"search_term_string"}}],"inLanguage":"de"},{"@type":["Organization","Place"],"@id":"https:\/\/www.eliassen.nl\/de\/#organization","name":"Eliassen Home & Garden Pleasure","url":"https:\/\/www.eliassen.nl\/de\/","logo":{"@id":"https:\/\/www.eliassen.nl\/de\/stier-gross-aus-glas-35cm\/#local-main-organization-logo"},"image":{"@id":"https:\/\/www.eliassen.nl\/de\/stier-gross-aus-glas-35cm\/#local-main-organization-logo"},"sameAs":["https:\/\/www.facebook.com\/TuincentrumEliassenAmmerzoden","https:\/\/www.instagram.com\/eliassenhomeandgarden\/","https:\/\/nl.pinterest.com\/eliassenhomeandgarden\/","https:\/\/www.youtube.com\/@eliassenhomegardenpleasure4558"],"telephone":[],"openingHoursSpecification":[{"@type":"OpeningHoursSpecification","dayOfWeek":["Monday","Tuesday","Wednesday","Thursday","Friday","Saturday","Sunday"],"opens":"09:00","closes":"17:00"}]},{"@type":"ImageObject","inLanguage":"de","@id":"https:\/\/www.eliassen.nl\/de\/stier-gross-aus-glas-35cm\/#local-main-organization-logo","url":"https:\/\/www.eliassen.nl\/wp-content\/uploads\/2024\/01\/logo_4nd.jpg","contentUrl":"https:\/\/www.eliassen.nl\/wp-content\/uploads\/2024\/01\/logo_4nd.jpg","width":500,"height":500,"caption":"Eliassen Home & Garden Pleasure"}]},"product_price_amount":"179.00","product_price_currency":"EUR","og_availability":"instock","product_availability":"instock","product_retailer_item_id":"2052","product_condition":"new"},"df_price":179,"df_sale_price":"","df_regular_price":179,"df_image_link":"https:\/\/www.eliassen.nl\/wp-content\/uploads\/2024\/01\/mijnproject_180nd.png","image":"https:\/\/www.eliassen.nl\/wp-content\/uploads\/2024\/01\/mijnproject_180nd.png","price_search":"<span class=\"woocommerce-Price-amount amount\"><bdi><span class=\"woocommerce-Price-currencySymbol\">&euro;<\/span>&nbsp;179,00<\/bdi><\/span>","category":"Glaskunst","global_unique_id":"9504371779493","_links":{"self":[{"href":"https:\/\/www.eliassen.nl\/de\/wp-json\/wp\/v2\/product\/70546","targetHints":{"allow":["GET"]}}],"collection":[{"href":"https:\/\/www.eliassen.nl\/de\/wp-json\/wp\/v2\/product"}],"about":[{"href":"https:\/\/www.eliassen.nl\/de\/wp-json\/wp\/v2\/types\/product"}],"wp:featuredmedia":[{"embeddable":true,"href":"https:\/\/www.eliassen.nl\/de\/wp-json\/wp\/v2\/media\/70534"}],"wp:attachment":[{"href":"https:\/\/www.eliassen.nl\/de\/wp-json\/wp\/v2\/media?parent=70546"}],"wp:term":[{"taxonomy":"product_brand","embeddable":true,"href":"https:\/\/www.eliassen.nl\/de\/wp-json\/wp\/v2\/product_brand?post=70546"},{"taxonomy":"product_cat","embeddable":true,"href":"https:\/\/www.eliassen.nl\/de\/wp-json\/wp\/v2\/product_cat?post=70546"},{"taxonomy":"product_tag","embeddable":true,"href":"https:\/\/www.eliassen.nl\/de\/wp-json\/wp\/v2\/product_tag?post=70546"}],"curies":[{"name":"wp","href":"https:\/\/api.w.org\/{rel}","templated":true}]}}