{"id":70507,"date":"2022-04-04T17:09:00","date_gmt":"2022-04-04T17:09:00","guid":{"rendered":"https:\/\/www.eliassen.nl\/?product=metalen-giraffe-100cm"},"modified":"2025-10-08T14:44:50","modified_gmt":"2025-10-08T12:44:50","slug":"metallgiraffe-100cm","status":"publish","type":"product","link":"https:\/\/www.eliassen.nl\/de\/metallgiraffe-100cm\/","title":{"rendered":"Metall Giraffe 100cm"},"content":{"rendered":"<p>Hervorragend verarbeitete Metallfigur einer Giraffe in modernen Farben.  <br \/>Diese Metallgiraffe ist eine fr\u00f6hliche Dekoration f\u00fcr Ihr Haus oder Ihren Garten oder ein sch\u00f6nes Geschenk.  <br \/>Vollst\u00e4ndig handgefertigt und bemalt.  <br \/>Da es sich um ein handgefertigtes Produkt handelt, kann das Bild leicht von Ihrer Bestellung abweichen.<br \/><strong>Wir haben fast alles aus dieser Serie im Ausstellungsraum, kommen Sie doch einfach vorbei und schauen Sie sich um.<\/strong><\/p>\n<ul>\n<li>Gr\u00f6\u00dfe 100cm. hoch<\/li>\n<li>100% Metall<\/li>\n<li>Schnelle Lieferung.<\/li>\n<li>100% handgefertigt<\/li>\n<li>1 Jahr Garantie.<\/li>\n<\/ul>\n","protected":false},"excerpt":{"rendered":"<p>Hervorragend verarbeitete Metallfigur einer Giraffe in modernen Farben. Diese Metallgiraffe ist eine fr\u00f6hliche Dekoration f\u00fcr Ihr Haus oder Ihren Garten oder ein sch\u00f6nes Geschenk. Vollst\u00e4ndig handgefertigt und bemalt. Da es sich um ein handgefertigtes Produkt handelt, kann das Bild leicht von Ihrer Bestellung abweichen.Wir haben fast alles aus dieser Serie im Ausstellungsraum, kommen Sie doch &hellip;<\/p>\n","protected":false},"featured_media":70492,"template":"","meta":{"_acf_changed":false,"_genesis_title":"","_genesis_description":""},"product_brand":[6960],"product_cat":[659,662],"product_tag":[],"class_list":{"0":"post-70507","1":"product","2":"type-product","3":"status-publish","4":"has-post-thumbnail","6":"product_brand-zimba-arts-de","7":"product_cat-dekoration-aus-metall","8":"product_cat-gartenstatuen-aus-metall","10":"first","11":"outofstock","12":"taxable","13":"shipping-taxable","14":"purchasable","15":"product-type-simple"},"acf":[],"meta_all":{"total_sales":"0","wcml_sync_hash":{"postmeta_fields":"a1ddbbddf8375a6f15101016e9feeb69"},"attr_label_translations":[]},"meta_all_flat":{"total_sales":"0","wcml_sync_hash.postmeta_fields":"a1ddbbddf8375a6f15101016e9feeb69"},"yoast_head":"<!-- This site is optimized with the Yoast SEO Premium plugin v26.2 (Yoast SEO v27.2) - https:\/\/yoast.com\/product\/yoast-seo-premium-wordpress\/ -->\n<title>Metall Giraffe 100cm.<\/title>\n<meta name=\"description\" content=\"Metallgiraffe 100cm kaufen? Eliassen bietet eine gro\u00dfe Auswahl an Metallfiguren in einem gro\u00dfen Ausstellungsraum und online schnelle Lieferzeiten.\" \/>\n<meta name=\"robots\" content=\"index, follow, max-snippet:-1, max-image-preview:large, max-video-preview:-1\" \/>\n<link rel=\"canonical\" href=\"https:\/\/www.eliassen.nl\/de\/metallgiraffe-100cm\/\" \/>\n<meta property=\"og:locale\" content=\"de_DE\" \/>\n<meta property=\"og:type\" content=\"article\" \/>\n<meta property=\"og:title\" content=\"Zimba-arts Metall Giraffe 100cm - Eliassen.nl\" \/>\n<meta property=\"og:description\" content=\"Metallgiraffe 100cm kaufen? Eliassen bietet eine gro\u00dfe Auswahl an Metallfiguren in einem gro\u00dfen Ausstellungsraum und online schnelle Lieferzeiten.\" \/>\n<meta property=\"og:url\" content=\"https:\/\/www.eliassen.nl\/de\/metallgiraffe-100cm\/\" \/>\n<meta property=\"og:site_name\" content=\"Eliassen.nl\" \/>\n<meta property=\"article:publisher\" content=\"https:\/\/www.facebook.com\/TuincentrumEliassenAmmerzoden\" \/>\n<meta property=\"article:modified_time\" content=\"2025-10-08T12:44:50+00:00\" \/>\n<meta property=\"og:image\" content=\"https:\/\/www.eliassen.nl\/wp-content\/uploads\/2024\/01\/mijnproject1_17nd.png\" \/>\n\t<meta property=\"og:image:width\" content=\"563\" \/>\n\t<meta property=\"og:image:height\" content=\"1000\" \/>\n\t<meta property=\"og:image:type\" content=\"image\/png\" \/>\n<meta name=\"twitter:card\" content=\"summary_large_image\" \/>\n<script type=\"application\/ld+json\" class=\"yoast-schema-graph\">{\"@context\":\"https:\/\/schema.org\",\"@graph\":[{\"@type\":\"WebPage\",\"@id\":\"https:\/\/www.eliassen.nl\/de\/metallgiraffe-100cm\/\",\"url\":\"https:\/\/www.eliassen.nl\/de\/metallgiraffe-100cm\/\",\"name\":\"Metall Giraffe 100cm.\",\"isPartOf\":{\"@id\":\"https:\/\/www.eliassen.nl\/de\/#website\"},\"primaryImageOfPage\":{\"@id\":\"https:\/\/www.eliassen.nl\/de\/metallgiraffe-100cm\/#primaryimage\"},\"image\":{\"@id\":\"https:\/\/www.eliassen.nl\/de\/metallgiraffe-100cm\/#primaryimage\"},\"thumbnailUrl\":\"https:\/\/www.eliassen.nl\/wp-content\/uploads\/2024\/01\/mijnproject1_17nd.png\",\"datePublished\":\"2022-04-04T17:09:00+00:00\",\"dateModified\":\"2025-10-08T12:44:50+00:00\",\"description\":\"Metallgiraffe 100cm kaufen? Eliassen bietet eine gro\u00dfe Auswahl an Metallfiguren in einem gro\u00dfen Ausstellungsraum und online schnelle Lieferzeiten.\",\"breadcrumb\":{\"@id\":\"https:\/\/www.eliassen.nl\/de\/metallgiraffe-100cm\/#breadcrumb\"},\"inLanguage\":\"de\",\"potentialAction\":[{\"@type\":\"ReadAction\",\"target\":[\"https:\/\/www.eliassen.nl\/de\/metallgiraffe-100cm\/\"]}]},{\"@type\":\"ImageObject\",\"inLanguage\":\"de\",\"@id\":\"https:\/\/www.eliassen.nl\/de\/metallgiraffe-100cm\/#primaryimage\",\"url\":\"https:\/\/www.eliassen.nl\/wp-content\/uploads\/2024\/01\/mijnproject1_17nd.png\",\"contentUrl\":\"https:\/\/www.eliassen.nl\/wp-content\/uploads\/2024\/01\/mijnproject1_17nd.png\",\"width\":563,\"height\":1000,\"caption\":\"Mein Projekt (1)\"},{\"@type\":\"BreadcrumbList\",\"@id\":\"https:\/\/www.eliassen.nl\/de\/metallgiraffe-100cm\/#breadcrumb\",\"itemListElement\":[{\"@type\":\"ListItem\",\"position\":1,\"name\":\"Home\",\"item\":\"https:\/\/www.eliassen.nl\/de\/\"},{\"@type\":\"ListItem\",\"position\":2,\"name\":\"Shop\",\"item\":\"https:\/\/www.eliassen.nl\/de\/shop\/\"},{\"@type\":\"ListItem\",\"position\":3,\"name\":\"Dekoration aus Metall\",\"item\":\"https:\/\/www.eliassen.nl\/de\/dekoration-aus-metall\/\"},{\"@type\":\"ListItem\",\"position\":4,\"name\":\"Gartenstatuen aus Metall\",\"item\":\"https:\/\/www.eliassen.nl\/de\/dekoration-aus-metall\/gartenstatuen-aus-metall\/\"},{\"@type\":\"ListItem\",\"position\":5,\"name\":\"Metall Giraffe 100cm\"}]},{\"@type\":\"WebSite\",\"@id\":\"https:\/\/www.eliassen.nl\/de\/#website\",\"url\":\"https:\/\/www.eliassen.nl\/de\/\",\"name\":\"Eliassen Home & Garden Pleasure\",\"description\":\"\",\"publisher\":{\"@id\":\"https:\/\/www.eliassen.nl\/de\/#organization\"},\"alternateName\":\"Eliassen.nl\",\"potentialAction\":[{\"@type\":\"SearchAction\",\"target\":{\"@type\":\"EntryPoint\",\"urlTemplate\":\"https:\/\/www.eliassen.nl\/de\/?s={search_term_string}\"},\"query-input\":{\"@type\":\"PropertyValueSpecification\",\"valueRequired\":true,\"valueName\":\"search_term_string\"}}],\"inLanguage\":\"de\"},{\"@type\":[\"Organization\",\"Place\"],\"@id\":\"https:\/\/www.eliassen.nl\/de\/#organization\",\"name\":\"Eliassen Home & Garden Pleasure\",\"url\":\"https:\/\/www.eliassen.nl\/de\/\",\"logo\":{\"@id\":\"https:\/\/www.eliassen.nl\/de\/metallgiraffe-100cm\/#local-main-organization-logo\"},\"image\":{\"@id\":\"https:\/\/www.eliassen.nl\/de\/metallgiraffe-100cm\/#local-main-organization-logo\"},\"sameAs\":[\"https:\/\/www.facebook.com\/TuincentrumEliassenAmmerzoden\",\"https:\/\/www.instagram.com\/eliassenhomeandgarden\/\",\"https:\/\/nl.pinterest.com\/eliassenhomeandgarden\/\",\"https:\/\/www.youtube.com\/@eliassenhomegardenpleasure4558\"],\"telephone\":[],\"openingHoursSpecification\":[{\"@type\":\"OpeningHoursSpecification\",\"dayOfWeek\":[\"Monday\",\"Tuesday\",\"Wednesday\",\"Thursday\",\"Friday\",\"Saturday\",\"Sunday\"],\"opens\":\"09:00\",\"closes\":\"17:00\"}]},{\"@type\":\"ImageObject\",\"inLanguage\":\"de\",\"@id\":\"https:\/\/www.eliassen.nl\/de\/metallgiraffe-100cm\/#local-main-organization-logo\",\"url\":\"https:\/\/www.eliassen.nl\/wp-content\/uploads\/2024\/01\/logo_4nd.jpg\",\"contentUrl\":\"https:\/\/www.eliassen.nl\/wp-content\/uploads\/2024\/01\/logo_4nd.jpg\",\"width\":500,\"height\":500,\"caption\":\"Eliassen Home & Garden Pleasure\"}]}<\/script>\n<meta property=\"product:price:amount\" content=\"75.00\" \/>\n<meta property=\"product:price:currency\" content=\"EUR\" \/>\n<meta property=\"og:availability\" content=\"out of stock\" \/>\n<meta property=\"product:availability\" content=\"out of stock\" \/>\n<meta property=\"product:retailer_item_id\" content=\"Za405344\" \/>\n<meta property=\"product:condition\" content=\"new\" \/>\n<!-- \/ Yoast SEO Premium plugin. -->","yoast_head_json":{"title":"Metall Giraffe 100cm.","description":"Metallgiraffe 100cm kaufen? Eliassen bietet eine gro\u00dfe Auswahl an Metallfiguren in einem gro\u00dfen Ausstellungsraum und online schnelle Lieferzeiten.","robots":{"index":"index","follow":"follow","max-snippet":"max-snippet:-1","max-image-preview":"max-image-preview:large","max-video-preview":"max-video-preview:-1"},"canonical":"https:\/\/www.eliassen.nl\/de\/metallgiraffe-100cm\/","og_locale":"de_DE","og_type":"article","og_title":"Zimba-arts Metall Giraffe 100cm - Eliassen.nl","og_description":"Metallgiraffe 100cm kaufen? Eliassen bietet eine gro\u00dfe Auswahl an Metallfiguren in einem gro\u00dfen Ausstellungsraum und online schnelle Lieferzeiten.","og_url":"https:\/\/www.eliassen.nl\/de\/metallgiraffe-100cm\/","og_site_name":"Eliassen.nl","article_publisher":"https:\/\/www.facebook.com\/TuincentrumEliassenAmmerzoden","article_modified_time":"2025-10-08T12:44:50+00:00","og_image":[{"width":563,"height":1000,"url":"https:\/\/www.eliassen.nl\/wp-content\/uploads\/2024\/01\/mijnproject1_17nd.png","type":"image\/png"}],"twitter_card":"summary_large_image","schema":{"@context":"https:\/\/schema.org","@graph":[{"@type":"WebPage","@id":"https:\/\/www.eliassen.nl\/de\/metallgiraffe-100cm\/","url":"https:\/\/www.eliassen.nl\/de\/metallgiraffe-100cm\/","name":"Metall Giraffe 100cm.","isPartOf":{"@id":"https:\/\/www.eliassen.nl\/de\/#website"},"primaryImageOfPage":{"@id":"https:\/\/www.eliassen.nl\/de\/metallgiraffe-100cm\/#primaryimage"},"image":{"@id":"https:\/\/www.eliassen.nl\/de\/metallgiraffe-100cm\/#primaryimage"},"thumbnailUrl":"https:\/\/www.eliassen.nl\/wp-content\/uploads\/2024\/01\/mijnproject1_17nd.png","datePublished":"2022-04-04T17:09:00+00:00","dateModified":"2025-10-08T12:44:50+00:00","description":"Metallgiraffe 100cm kaufen? Eliassen bietet eine gro\u00dfe Auswahl an Metallfiguren in einem gro\u00dfen Ausstellungsraum und online schnelle Lieferzeiten.","breadcrumb":{"@id":"https:\/\/www.eliassen.nl\/de\/metallgiraffe-100cm\/#breadcrumb"},"inLanguage":"de","potentialAction":[{"@type":"ReadAction","target":["https:\/\/www.eliassen.nl\/de\/metallgiraffe-100cm\/"]}]},{"@type":"ImageObject","inLanguage":"de","@id":"https:\/\/www.eliassen.nl\/de\/metallgiraffe-100cm\/#primaryimage","url":"https:\/\/www.eliassen.nl\/wp-content\/uploads\/2024\/01\/mijnproject1_17nd.png","contentUrl":"https:\/\/www.eliassen.nl\/wp-content\/uploads\/2024\/01\/mijnproject1_17nd.png","width":563,"height":1000,"caption":"Mein Projekt (1)"},{"@type":"BreadcrumbList","@id":"https:\/\/www.eliassen.nl\/de\/metallgiraffe-100cm\/#breadcrumb","itemListElement":[{"@type":"ListItem","position":1,"name":"Home","item":"https:\/\/www.eliassen.nl\/de\/"},{"@type":"ListItem","position":2,"name":"Shop","item":"https:\/\/www.eliassen.nl\/de\/shop\/"},{"@type":"ListItem","position":3,"name":"Dekoration aus Metall","item":"https:\/\/www.eliassen.nl\/de\/dekoration-aus-metall\/"},{"@type":"ListItem","position":4,"name":"Gartenstatuen aus Metall","item":"https:\/\/www.eliassen.nl\/de\/dekoration-aus-metall\/gartenstatuen-aus-metall\/"},{"@type":"ListItem","position":5,"name":"Metall Giraffe 100cm"}]},{"@type":"WebSite","@id":"https:\/\/www.eliassen.nl\/de\/#website","url":"https:\/\/www.eliassen.nl\/de\/","name":"Eliassen Home & Garden Pleasure","description":"","publisher":{"@id":"https:\/\/www.eliassen.nl\/de\/#organization"},"alternateName":"Eliassen.nl","potentialAction":[{"@type":"SearchAction","target":{"@type":"EntryPoint","urlTemplate":"https:\/\/www.eliassen.nl\/de\/?s={search_term_string}"},"query-input":{"@type":"PropertyValueSpecification","valueRequired":true,"valueName":"search_term_string"}}],"inLanguage":"de"},{"@type":["Organization","Place"],"@id":"https:\/\/www.eliassen.nl\/de\/#organization","name":"Eliassen Home & Garden Pleasure","url":"https:\/\/www.eliassen.nl\/de\/","logo":{"@id":"https:\/\/www.eliassen.nl\/de\/metallgiraffe-100cm\/#local-main-organization-logo"},"image":{"@id":"https:\/\/www.eliassen.nl\/de\/metallgiraffe-100cm\/#local-main-organization-logo"},"sameAs":["https:\/\/www.facebook.com\/TuincentrumEliassenAmmerzoden","https:\/\/www.instagram.com\/eliassenhomeandgarden\/","https:\/\/nl.pinterest.com\/eliassenhomeandgarden\/","https:\/\/www.youtube.com\/@eliassenhomegardenpleasure4558"],"telephone":[],"openingHoursSpecification":[{"@type":"OpeningHoursSpecification","dayOfWeek":["Monday","Tuesday","Wednesday","Thursday","Friday","Saturday","Sunday"],"opens":"09:00","closes":"17:00"}]},{"@type":"ImageObject","inLanguage":"de","@id":"https:\/\/www.eliassen.nl\/de\/metallgiraffe-100cm\/#local-main-organization-logo","url":"https:\/\/www.eliassen.nl\/wp-content\/uploads\/2024\/01\/logo_4nd.jpg","contentUrl":"https:\/\/www.eliassen.nl\/wp-content\/uploads\/2024\/01\/logo_4nd.jpg","width":500,"height":500,"caption":"Eliassen Home & Garden Pleasure"}]},"product_price_amount":"75.00","product_price_currency":"EUR","og_availability":"out of stock","product_availability":"out of stock","product_retailer_item_id":"Za405344","product_condition":"new"},"df_price":75,"df_sale_price":"","df_regular_price":75,"df_image_link":"https:\/\/www.eliassen.nl\/wp-content\/uploads\/2024\/01\/mijnproject1_17nd.png","image":"https:\/\/www.eliassen.nl\/wp-content\/uploads\/2024\/01\/mijnproject1_17nd.png","price_search":"<span class=\"woocommerce-Price-amount amount\"><bdi><span class=\"woocommerce-Price-currencySymbol\">&euro;<\/span>&nbsp;75,00<\/bdi><\/span>","category":"Dekoration aus Metall","global_unique_id":"8719632405344","_links":{"self":[{"href":"https:\/\/www.eliassen.nl\/de\/wp-json\/wp\/v2\/product\/70507","targetHints":{"allow":["GET"]}}],"collection":[{"href":"https:\/\/www.eliassen.nl\/de\/wp-json\/wp\/v2\/product"}],"about":[{"href":"https:\/\/www.eliassen.nl\/de\/wp-json\/wp\/v2\/types\/product"}],"wp:featuredmedia":[{"embeddable":true,"href":"https:\/\/www.eliassen.nl\/de\/wp-json\/wp\/v2\/media\/70492"}],"wp:attachment":[{"href":"https:\/\/www.eliassen.nl\/de\/wp-json\/wp\/v2\/media?parent=70507"}],"wp:term":[{"taxonomy":"product_brand","embeddable":true,"href":"https:\/\/www.eliassen.nl\/de\/wp-json\/wp\/v2\/product_brand?post=70507"},{"taxonomy":"product_cat","embeddable":true,"href":"https:\/\/www.eliassen.nl\/de\/wp-json\/wp\/v2\/product_cat?post=70507"},{"taxonomy":"product_tag","embeddable":true,"href":"https:\/\/www.eliassen.nl\/de\/wp-json\/wp\/v2\/product_tag?post=70507"}],"curies":[{"name":"wp","href":"https:\/\/api.w.org\/{rel}","templated":true}]}}