{"id":70378,"date":"2022-03-31T13:21:13","date_gmt":"2022-03-31T13:21:13","guid":{"rendered":"https:\/\/www.eliassen.nl\/?product=sokkel-cortenstaal-34x34x100cm"},"modified":"2026-01-25T13:29:43","modified_gmt":"2026-01-25T12:29:43","slug":"sockel-aus-cortenstahl-34-x-34-x-100-cm","status":"publish","type":"product","link":"https:\/\/www.eliassen.nl\/de\/sockel-aus-cortenstahl-34-x-34-x-100-cm\/","title":{"rendered":"Sockel aus Cortenstahl 34x34x100cm"},"content":{"rendered":"<p>Massive S\u00e4ule aus 1,2 mm dickem Cortenstahl. Dieser Sockel eignet sich f\u00fcr Bronzestatuen, Sonnenuhren sowie f\u00fcr T\u00f6pfe und Steinfiguren. Kombiniert mit Kunstwerken, Skulpturen und dergleichen, sieht es wundersch\u00f6n aus! Da diese S\u00e4ule bereits eine Behandlung erhalten hat, die eine Rostfarbe gebildet hat, ist es am besten, diese S\u00e4ule nur in Innenr\u00e4umen zu verwenden.<\/p>\n<ul>\n<li>Material: Cortenstahl 1,2 mm vorgerostet<\/li>\n<li>Gr\u00f6\u00dfe 34x34x100cm hoch<\/li>\n<li>Ausgestattet mit verstellbaren F\u00fc\u00dfen<\/li>\n<li>1 Jahr Garantie<\/li>\n<\/ul>\n<p>Kommen Sie vorbei und sehen Sie sich einen Gro\u00dfteil unserer Kollektion <strong>live<\/strong> in unserem Ausstellungsraum an!<\/p>\n","protected":false},"excerpt":{"rendered":"<p>Massive S\u00e4ule aus 1,2 mm dickem Cortenstahl. Dieser Sockel eignet sich f\u00fcr Bronzestatuen, Sonnenuhren sowie f\u00fcr T\u00f6pfe und Steinfiguren. Kombiniert mit Kunstwerken, Skulpturen und dergleichen, sieht es wundersch\u00f6n aus! Da diese S\u00e4ule bereits eine Behandlung erhalten hat, die eine Rostfarbe gebildet hat, ist es am besten, diese S\u00e4ule nur in Innenr\u00e4umen zu verwenden. Material: Cortenstahl &hellip;<\/p>\n","protected":false},"featured_media":70375,"template":"","meta":{"_acf_changed":false,"_genesis_title":"","_genesis_description":""},"product_brand":[7505],"product_cat":[797,782],"product_tag":[],"class_list":{"0":"post-70378","1":"product","2":"type-product","3":"status-publish","4":"has-post-thumbnail","6":"product_brand-sonstige","7":"product_cat-metallsockel","8":"product_cat-sockel","10":"first","11":"instock","12":"taxable","13":"shipping-taxable","14":"purchasable","15":"product-type-simple"},"acf":[],"meta_all":{"total_sales":"2","wcml_sync_hash":{"postmeta_fields":"feef1fbe13d0ef8c6f4336d2bfbef586"},"attr_label_translations":[],"cor_restricted_countries":[]},"meta_all_flat":{"total_sales":"2","wcml_sync_hash.postmeta_fields":"feef1fbe13d0ef8c6f4336d2bfbef586"},"yoast_head":"<!-- This site is optimized with the Yoast SEO Premium plugin v26.2 (Yoast SEO v27.2) - https:\/\/yoast.com\/product\/yoast-seo-premium-wordpress\/ -->\n<title>Sockel aus Cortenstahl 34x34x100cm<\/title>\n<meta name=\"description\" content=\"Sockel aus Cortenstahl? Wir haben sie in vielen Gr\u00f6\u00dfen, auch zur Live-Ansicht !!!\" \/>\n<meta name=\"robots\" content=\"index, follow, max-snippet:-1, max-image-preview:large, max-video-preview:-1\" \/>\n<link rel=\"canonical\" href=\"https:\/\/www.eliassen.nl\/de\/sockel-aus-cortenstahl-34-x-34-x-100-cm\/\" \/>\n<meta property=\"og:locale\" content=\"de_DE\" \/>\n<meta property=\"og:type\" content=\"article\" \/>\n<meta property=\"og:title\" content=\"Sonstige Sockel aus Cortenstahl 34x34x100cm - Eliassen.nl\" \/>\n<meta property=\"og:description\" content=\"Sockel aus Cortenstahl? Wir haben sie in vielen Gr\u00f6\u00dfen, auch zur Live-Ansicht !!!\" \/>\n<meta property=\"og:url\" content=\"https:\/\/www.eliassen.nl\/de\/sockel-aus-cortenstahl-34-x-34-x-100-cm\/\" \/>\n<meta property=\"og:site_name\" content=\"Eliassen.nl\" \/>\n<meta property=\"article:publisher\" content=\"https:\/\/www.facebook.com\/TuincentrumEliassenAmmerzoden\" \/>\n<meta property=\"article:modified_time\" content=\"2026-01-25T12:29:43+00:00\" \/>\n<meta property=\"og:image\" content=\"https:\/\/www.eliassen.nl\/wp-content\/uploads\/2024\/01\/sokkelcortenstaal34x34x100cmeliassennl.jpg\" \/>\n\t<meta property=\"og:image:width\" content=\"221\" \/>\n\t<meta property=\"og:image:height\" content=\"341\" \/>\n\t<meta property=\"og:image:type\" content=\"image\/jpeg\" \/>\n<meta name=\"twitter:card\" content=\"summary_large_image\" \/>\n<script type=\"application\/ld+json\" class=\"yoast-schema-graph\">{\"@context\":\"https:\/\/schema.org\",\"@graph\":[{\"@type\":\"WebPage\",\"@id\":\"https:\/\/www.eliassen.nl\/de\/sockel-aus-cortenstahl-34-x-34-x-100-cm\/\",\"url\":\"https:\/\/www.eliassen.nl\/de\/sockel-aus-cortenstahl-34-x-34-x-100-cm\/\",\"name\":\"Sockel aus Cortenstahl 34x34x100cm\",\"isPartOf\":{\"@id\":\"https:\/\/www.eliassen.nl\/de\/#website\"},\"primaryImageOfPage\":{\"@id\":\"https:\/\/www.eliassen.nl\/de\/sockel-aus-cortenstahl-34-x-34-x-100-cm\/#primaryimage\"},\"image\":{\"@id\":\"https:\/\/www.eliassen.nl\/de\/sockel-aus-cortenstahl-34-x-34-x-100-cm\/#primaryimage\"},\"thumbnailUrl\":\"https:\/\/www.eliassen.nl\/wp-content\/uploads\/2024\/01\/sokkelcortenstaal34x34x100cmeliassennl.jpg\",\"datePublished\":\"2022-03-31T13:21:13+00:00\",\"dateModified\":\"2026-01-25T12:29:43+00:00\",\"description\":\"Sockel aus Cortenstahl? Wir haben sie in vielen Gr\u00f6\u00dfen, auch zur Live-Ansicht !!!\",\"breadcrumb\":{\"@id\":\"https:\/\/www.eliassen.nl\/de\/sockel-aus-cortenstahl-34-x-34-x-100-cm\/#breadcrumb\"},\"inLanguage\":\"de\",\"potentialAction\":[{\"@type\":\"ReadAction\",\"target\":[\"https:\/\/www.eliassen.nl\/de\/sockel-aus-cortenstahl-34-x-34-x-100-cm\/\"]}]},{\"@type\":\"ImageObject\",\"inLanguage\":\"de\",\"@id\":\"https:\/\/www.eliassen.nl\/de\/sockel-aus-cortenstahl-34-x-34-x-100-cm\/#primaryimage\",\"url\":\"https:\/\/www.eliassen.nl\/wp-content\/uploads\/2024\/01\/sokkelcortenstaal34x34x100cmeliassennl.jpg\",\"contentUrl\":\"https:\/\/www.eliassen.nl\/wp-content\/uploads\/2024\/01\/sokkelcortenstaal34x34x100cmeliassennl.jpg\",\"width\":221,\"height\":341,\"caption\":\"Cortenstahl-Sockel 34x34x100cm - eliassen.nl\"},{\"@type\":\"BreadcrumbList\",\"@id\":\"https:\/\/www.eliassen.nl\/de\/sockel-aus-cortenstahl-34-x-34-x-100-cm\/#breadcrumb\",\"itemListElement\":[{\"@type\":\"ListItem\",\"position\":1,\"name\":\"Home\",\"item\":\"https:\/\/www.eliassen.nl\/de\/\"},{\"@type\":\"ListItem\",\"position\":2,\"name\":\"Shop\",\"item\":\"https:\/\/www.eliassen.nl\/de\/shop\/\"},{\"@type\":\"ListItem\",\"position\":3,\"name\":\"Sockel\",\"item\":\"https:\/\/www.eliassen.nl\/de\/sockel\/\"},{\"@type\":\"ListItem\",\"position\":4,\"name\":\"Sockel aus Cortenstahl 34x34x100cm\"}]},{\"@type\":\"WebSite\",\"@id\":\"https:\/\/www.eliassen.nl\/de\/#website\",\"url\":\"https:\/\/www.eliassen.nl\/de\/\",\"name\":\"Eliassen Home & Garden Pleasure\",\"description\":\"\",\"publisher\":{\"@id\":\"https:\/\/www.eliassen.nl\/de\/#organization\"},\"alternateName\":\"Eliassen.nl\",\"potentialAction\":[{\"@type\":\"SearchAction\",\"target\":{\"@type\":\"EntryPoint\",\"urlTemplate\":\"https:\/\/www.eliassen.nl\/de\/?s={search_term_string}\"},\"query-input\":{\"@type\":\"PropertyValueSpecification\",\"valueRequired\":true,\"valueName\":\"search_term_string\"}}],\"inLanguage\":\"de\"},{\"@type\":[\"Organization\",\"Place\"],\"@id\":\"https:\/\/www.eliassen.nl\/de\/#organization\",\"name\":\"Eliassen Home & Garden Pleasure\",\"url\":\"https:\/\/www.eliassen.nl\/de\/\",\"logo\":{\"@id\":\"https:\/\/www.eliassen.nl\/de\/sockel-aus-cortenstahl-34-x-34-x-100-cm\/#local-main-organization-logo\"},\"image\":{\"@id\":\"https:\/\/www.eliassen.nl\/de\/sockel-aus-cortenstahl-34-x-34-x-100-cm\/#local-main-organization-logo\"},\"sameAs\":[\"https:\/\/www.facebook.com\/TuincentrumEliassenAmmerzoden\",\"https:\/\/www.instagram.com\/eliassenhomeandgarden\/\",\"https:\/\/nl.pinterest.com\/eliassenhomeandgarden\/\",\"https:\/\/www.youtube.com\/@eliassenhomegardenpleasure4558\"],\"telephone\":[],\"openingHoursSpecification\":[{\"@type\":\"OpeningHoursSpecification\",\"dayOfWeek\":[\"Monday\",\"Tuesday\",\"Wednesday\",\"Thursday\",\"Friday\",\"Saturday\",\"Sunday\"],\"opens\":\"09:00\",\"closes\":\"17:00\"}]},{\"@type\":\"ImageObject\",\"inLanguage\":\"de\",\"@id\":\"https:\/\/www.eliassen.nl\/de\/sockel-aus-cortenstahl-34-x-34-x-100-cm\/#local-main-organization-logo\",\"url\":\"https:\/\/www.eliassen.nl\/wp-content\/uploads\/2024\/01\/logo_4nd.jpg\",\"contentUrl\":\"https:\/\/www.eliassen.nl\/wp-content\/uploads\/2024\/01\/logo_4nd.jpg\",\"width\":500,\"height\":500,\"caption\":\"Eliassen Home & Garden Pleasure\"}]}<\/script>\n<meta property=\"product:price:amount\" content=\"179.00\" \/>\n<meta property=\"product:price:currency\" content=\"EUR\" \/>\n<meta property=\"og:availability\" content=\"instock\" \/>\n<meta property=\"product:availability\" content=\"instock\" \/>\n<meta property=\"product:retailer_item_id\" content=\"H9036a\" \/>\n<meta property=\"product:condition\" content=\"new\" \/>\n<!-- \/ Yoast SEO Premium plugin. -->","yoast_head_json":{"title":"Sockel aus Cortenstahl 34x34x100cm","description":"Sockel aus Cortenstahl? Wir haben sie in vielen Gr\u00f6\u00dfen, auch zur Live-Ansicht !!!","robots":{"index":"index","follow":"follow","max-snippet":"max-snippet:-1","max-image-preview":"max-image-preview:large","max-video-preview":"max-video-preview:-1"},"canonical":"https:\/\/www.eliassen.nl\/de\/sockel-aus-cortenstahl-34-x-34-x-100-cm\/","og_locale":"de_DE","og_type":"article","og_title":"Sonstige Sockel aus Cortenstahl 34x34x100cm - Eliassen.nl","og_description":"Sockel aus Cortenstahl? Wir haben sie in vielen Gr\u00f6\u00dfen, auch zur Live-Ansicht !!!","og_url":"https:\/\/www.eliassen.nl\/de\/sockel-aus-cortenstahl-34-x-34-x-100-cm\/","og_site_name":"Eliassen.nl","article_publisher":"https:\/\/www.facebook.com\/TuincentrumEliassenAmmerzoden","article_modified_time":"2026-01-25T12:29:43+00:00","og_image":[{"width":221,"height":341,"url":"https:\/\/www.eliassen.nl\/wp-content\/uploads\/2024\/01\/sokkelcortenstaal34x34x100cmeliassennl.jpg","type":"image\/jpeg"}],"twitter_card":"summary_large_image","schema":{"@context":"https:\/\/schema.org","@graph":[{"@type":"WebPage","@id":"https:\/\/www.eliassen.nl\/de\/sockel-aus-cortenstahl-34-x-34-x-100-cm\/","url":"https:\/\/www.eliassen.nl\/de\/sockel-aus-cortenstahl-34-x-34-x-100-cm\/","name":"Sockel aus Cortenstahl 34x34x100cm","isPartOf":{"@id":"https:\/\/www.eliassen.nl\/de\/#website"},"primaryImageOfPage":{"@id":"https:\/\/www.eliassen.nl\/de\/sockel-aus-cortenstahl-34-x-34-x-100-cm\/#primaryimage"},"image":{"@id":"https:\/\/www.eliassen.nl\/de\/sockel-aus-cortenstahl-34-x-34-x-100-cm\/#primaryimage"},"thumbnailUrl":"https:\/\/www.eliassen.nl\/wp-content\/uploads\/2024\/01\/sokkelcortenstaal34x34x100cmeliassennl.jpg","datePublished":"2022-03-31T13:21:13+00:00","dateModified":"2026-01-25T12:29:43+00:00","description":"Sockel aus Cortenstahl? Wir haben sie in vielen Gr\u00f6\u00dfen, auch zur Live-Ansicht !!!","breadcrumb":{"@id":"https:\/\/www.eliassen.nl\/de\/sockel-aus-cortenstahl-34-x-34-x-100-cm\/#breadcrumb"},"inLanguage":"de","potentialAction":[{"@type":"ReadAction","target":["https:\/\/www.eliassen.nl\/de\/sockel-aus-cortenstahl-34-x-34-x-100-cm\/"]}]},{"@type":"ImageObject","inLanguage":"de","@id":"https:\/\/www.eliassen.nl\/de\/sockel-aus-cortenstahl-34-x-34-x-100-cm\/#primaryimage","url":"https:\/\/www.eliassen.nl\/wp-content\/uploads\/2024\/01\/sokkelcortenstaal34x34x100cmeliassennl.jpg","contentUrl":"https:\/\/www.eliassen.nl\/wp-content\/uploads\/2024\/01\/sokkelcortenstaal34x34x100cmeliassennl.jpg","width":221,"height":341,"caption":"Cortenstahl-Sockel 34x34x100cm - eliassen.nl"},{"@type":"BreadcrumbList","@id":"https:\/\/www.eliassen.nl\/de\/sockel-aus-cortenstahl-34-x-34-x-100-cm\/#breadcrumb","itemListElement":[{"@type":"ListItem","position":1,"name":"Home","item":"https:\/\/www.eliassen.nl\/de\/"},{"@type":"ListItem","position":2,"name":"Shop","item":"https:\/\/www.eliassen.nl\/de\/shop\/"},{"@type":"ListItem","position":3,"name":"Sockel","item":"https:\/\/www.eliassen.nl\/de\/sockel\/"},{"@type":"ListItem","position":4,"name":"Sockel aus Cortenstahl 34x34x100cm"}]},{"@type":"WebSite","@id":"https:\/\/www.eliassen.nl\/de\/#website","url":"https:\/\/www.eliassen.nl\/de\/","name":"Eliassen Home & Garden Pleasure","description":"","publisher":{"@id":"https:\/\/www.eliassen.nl\/de\/#organization"},"alternateName":"Eliassen.nl","potentialAction":[{"@type":"SearchAction","target":{"@type":"EntryPoint","urlTemplate":"https:\/\/www.eliassen.nl\/de\/?s={search_term_string}"},"query-input":{"@type":"PropertyValueSpecification","valueRequired":true,"valueName":"search_term_string"}}],"inLanguage":"de"},{"@type":["Organization","Place"],"@id":"https:\/\/www.eliassen.nl\/de\/#organization","name":"Eliassen Home & Garden Pleasure","url":"https:\/\/www.eliassen.nl\/de\/","logo":{"@id":"https:\/\/www.eliassen.nl\/de\/sockel-aus-cortenstahl-34-x-34-x-100-cm\/#local-main-organization-logo"},"image":{"@id":"https:\/\/www.eliassen.nl\/de\/sockel-aus-cortenstahl-34-x-34-x-100-cm\/#local-main-organization-logo"},"sameAs":["https:\/\/www.facebook.com\/TuincentrumEliassenAmmerzoden","https:\/\/www.instagram.com\/eliassenhomeandgarden\/","https:\/\/nl.pinterest.com\/eliassenhomeandgarden\/","https:\/\/www.youtube.com\/@eliassenhomegardenpleasure4558"],"telephone":[],"openingHoursSpecification":[{"@type":"OpeningHoursSpecification","dayOfWeek":["Monday","Tuesday","Wednesday","Thursday","Friday","Saturday","Sunday"],"opens":"09:00","closes":"17:00"}]},{"@type":"ImageObject","inLanguage":"de","@id":"https:\/\/www.eliassen.nl\/de\/sockel-aus-cortenstahl-34-x-34-x-100-cm\/#local-main-organization-logo","url":"https:\/\/www.eliassen.nl\/wp-content\/uploads\/2024\/01\/logo_4nd.jpg","contentUrl":"https:\/\/www.eliassen.nl\/wp-content\/uploads\/2024\/01\/logo_4nd.jpg","width":500,"height":500,"caption":"Eliassen Home & Garden Pleasure"}]},"product_price_amount":"179.00","product_price_currency":"EUR","og_availability":"instock","product_availability":"instock","product_retailer_item_id":"H9036a","product_condition":"new"},"df_price":179,"df_sale_price":"","df_regular_price":179,"df_image_link":"https:\/\/www.eliassen.nl\/wp-content\/uploads\/2024\/01\/sokkelcortenstaal34x34x100cmeliassennl.jpg","image":"https:\/\/www.eliassen.nl\/wp-content\/uploads\/2024\/01\/sokkelcortenstaal34x34x100cmeliassennl.jpg","price_search":"<span class=\"woocommerce-Price-amount amount\"><bdi><span class=\"woocommerce-Price-currencySymbol\">&euro;<\/span>&nbsp;179,00<\/bdi><\/span>","category":"Metallsockel","global_unique_id":"6013811039088","_links":{"self":[{"href":"https:\/\/www.eliassen.nl\/de\/wp-json\/wp\/v2\/product\/70378","targetHints":{"allow":["GET"]}}],"collection":[{"href":"https:\/\/www.eliassen.nl\/de\/wp-json\/wp\/v2\/product"}],"about":[{"href":"https:\/\/www.eliassen.nl\/de\/wp-json\/wp\/v2\/types\/product"}],"wp:featuredmedia":[{"embeddable":true,"href":"https:\/\/www.eliassen.nl\/de\/wp-json\/wp\/v2\/media\/70375"}],"wp:attachment":[{"href":"https:\/\/www.eliassen.nl\/de\/wp-json\/wp\/v2\/media?parent=70378"}],"wp:term":[{"taxonomy":"product_brand","embeddable":true,"href":"https:\/\/www.eliassen.nl\/de\/wp-json\/wp\/v2\/product_brand?post=70378"},{"taxonomy":"product_cat","embeddable":true,"href":"https:\/\/www.eliassen.nl\/de\/wp-json\/wp\/v2\/product_cat?post=70378"},{"taxonomy":"product_tag","embeddable":true,"href":"https:\/\/www.eliassen.nl\/de\/wp-json\/wp\/v2\/product_tag?post=70378"}],"curies":[{"name":"wp","href":"https:\/\/api.w.org\/{rel}","templated":true}]}}