{"id":70135,"date":"2022-02-26T09:15:14","date_gmt":"2022-02-26T09:15:14","guid":{"rendered":"https:\/\/www.eliassen.nl\/?product=fonteinpomp-pondocompact-1200"},"modified":"2025-12-08T16:51:32","modified_gmt":"2025-12-08T15:51:32","slug":"springbrunnenpumpe-pondocompact-1200","status":"publish","type":"product","link":"https:\/\/www.eliassen.nl\/de\/springbrunnenpumpe-pondocompact-1200\/","title":{"rendered":"Springbrunnenpumpe Pondocompact 1200"},"content":{"rendered":"<p>Eine Wasserpumpe, die speziell f\u00fcr Springbrunnen und Wasserdekorationen im Innen- und Au\u00dfenbereich entwickelt wurde.<\/p>\n<p>Diese Springbrunnenpumpe kann sowohl unter Wasser als auch auf dem Trockenen arbeiten. Allerdings m\u00fcssen Sie dann einen Ansaughub installieren oder anschlie\u00dfen. An diesen Pumpen befindet sich ein Schieber, mit dem Sie die Wassermenge einstellen k\u00f6nnen.<\/p>\n<h3>Technische Daten PondoCompact 1200<\/h3>\n<ul>\n<li>Maximale Kapazit\u00e4t von 1,2 m\u00b3\/h<\/li>\n<li>Verbrauch von 25 Watt<\/li>\n<li>Abmessungen 75x55x90mm<\/li>\n<li>Maximale F\u00f6rderh\u00f6he von bis zu 2 Metern<\/li>\n<li>Pumpenleistung in 1 m H\u00f6he 600 l pro Stunde<\/li>\n<li>Pumpenleistung in 1,5 m H\u00f6he 300 Liter pro Stunde<\/li>\n<li>Druckseitiger Anschluss 13 mm<\/li>\n<li>Kabell\u00e4nge 10 mtr<\/li>\n<li>Leistungsaufnahme 25 Watt<\/li>\n<li>Schlauchanschluss 13 mm oder 1\/2 Zoll<\/li>\n<li>Thermisch gesch\u00fctzt, l\u00f6st bei Trockenheit aus<\/li>\n<li>2 Jahre Garantie bei ordnungsgem\u00e4\u00dfer Verwendung<\/li>\n<\/ul>\n","protected":false},"excerpt":{"rendered":"<p>\u2713 Kabel 10m \u2713 Schlauchanschluss 13mm \u2713 Leistung 25 Watt<\/p>\n","protected":false},"featured_media":70129,"template":"","meta":{"_acf_changed":false,"_genesis_title":"","_genesis_description":""},"product_brand":[6936],"product_cat":[545,536],"product_tag":[],"class_list":{"0":"post-70135","1":"product","2":"type-product","3":"status-publish","4":"has-post-thumbnail","6":"product_brand-pontec-de","7":"product_cat-teile-wasserspiele","8":"product_cat-wassereigenschaften","10":"first","11":"instock","12":"taxable","13":"shipping-taxable","14":"purchasable","15":"product-type-simple"},"acf":[],"meta_all":{"total_sales":"17","wcml_sync_hash":{"postmeta_fields":"c6228efe357751d04f183006e57ada01"},"attr_label_translations":[],"cor_restricted_countries":[]},"meta_all_flat":{"total_sales":"17","wcml_sync_hash.postmeta_fields":"c6228efe357751d04f183006e57ada01"},"yoast_head":"<!-- This site is optimized with the Yoast SEO Premium plugin v26.2 (Yoast SEO v27.2) - https:\/\/yoast.com\/product\/yoast-seo-premium-wordpress\/ -->\n<title>Springbrunnenpumpe Pondocompact 1200<\/title>\n<meta name=\"description\" content=\"Eliassen.nl; f\u00fcr alle Teile Ihrer Wasserdekoration oder Ihres Springbrunnens und gute Beratung !!!\" \/>\n<meta name=\"robots\" content=\"index, follow, max-snippet:-1, max-image-preview:large, max-video-preview:-1\" \/>\n<link rel=\"canonical\" href=\"https:\/\/www.eliassen.nl\/de\/springbrunnenpumpe-pondocompact-1200\/\" \/>\n<meta property=\"og:locale\" content=\"de_DE\" \/>\n<meta property=\"og:type\" content=\"article\" \/>\n<meta property=\"og:title\" content=\"Pontec Springbrunnenpumpe Pondocompact 1200 - Eliassen.nl\" \/>\n<meta property=\"og:description\" content=\"Eliassen.nl; f\u00fcr alle Teile Ihrer Wasserdekoration oder Ihres Springbrunnens und gute Beratung !!!\" \/>\n<meta property=\"og:url\" content=\"https:\/\/www.eliassen.nl\/de\/springbrunnenpumpe-pondocompact-1200\/\" \/>\n<meta property=\"og:site_name\" content=\"Eliassen.nl\" \/>\n<meta property=\"article:publisher\" content=\"https:\/\/www.facebook.com\/TuincentrumEliassenAmmerzoden\" \/>\n<meta property=\"article:modified_time\" content=\"2025-12-08T15:51:32+00:00\" \/>\n<meta property=\"og:image\" content=\"https:\/\/www.eliassen.nl\/wp-content\/uploads\/2024\/01\/pontecpondocompact1200int.jpg\" \/>\n\t<meta property=\"og:image:width\" content=\"700\" \/>\n\t<meta property=\"og:image:height\" content=\"688\" \/>\n\t<meta property=\"og:image:type\" content=\"image\/jpeg\" \/>\n<meta name=\"twitter:card\" content=\"summary_large_image\" \/>\n<script type=\"application\/ld+json\" class=\"yoast-schema-graph\">{\"@context\":\"https:\/\/schema.org\",\"@graph\":[{\"@type\":\"WebPage\",\"@id\":\"https:\/\/www.eliassen.nl\/de\/springbrunnenpumpe-pondocompact-1200\/\",\"url\":\"https:\/\/www.eliassen.nl\/de\/springbrunnenpumpe-pondocompact-1200\/\",\"name\":\"Springbrunnenpumpe Pondocompact 1200\",\"isPartOf\":{\"@id\":\"https:\/\/www.eliassen.nl\/de\/#website\"},\"primaryImageOfPage\":{\"@id\":\"https:\/\/www.eliassen.nl\/de\/springbrunnenpumpe-pondocompact-1200\/#primaryimage\"},\"image\":{\"@id\":\"https:\/\/www.eliassen.nl\/de\/springbrunnenpumpe-pondocompact-1200\/#primaryimage\"},\"thumbnailUrl\":\"https:\/\/www.eliassen.nl\/wp-content\/uploads\/2024\/01\/pontecpondocompact1200int.jpg\",\"datePublished\":\"2022-02-26T09:15:14+00:00\",\"dateModified\":\"2025-12-08T15:51:32+00:00\",\"description\":\"Eliassen.nl; f\u00fcr alle Teile Ihrer Wasserdekoration oder Ihres Springbrunnens und gute Beratung !!!\",\"breadcrumb\":{\"@id\":\"https:\/\/www.eliassen.nl\/de\/springbrunnenpumpe-pondocompact-1200\/#breadcrumb\"},\"inLanguage\":\"de\",\"potentialAction\":[{\"@type\":\"ReadAction\",\"target\":[\"https:\/\/www.eliassen.nl\/de\/springbrunnenpumpe-pondocompact-1200\/\"]}]},{\"@type\":\"ImageObject\",\"inLanguage\":\"de\",\"@id\":\"https:\/\/www.eliassen.nl\/de\/springbrunnenpumpe-pondocompact-1200\/#primaryimage\",\"url\":\"https:\/\/www.eliassen.nl\/wp-content\/uploads\/2024\/01\/pontecpondocompact1200int.jpg\",\"contentUrl\":\"https:\/\/www.eliassen.nl\/wp-content\/uploads\/2024\/01\/pontecpondocompact1200int.jpg\",\"width\":700,\"height\":688,\"caption\":\"Pontec-PondoKompakt-1200INT\"},{\"@type\":\"BreadcrumbList\",\"@id\":\"https:\/\/www.eliassen.nl\/de\/springbrunnenpumpe-pondocompact-1200\/#breadcrumb\",\"itemListElement\":[{\"@type\":\"ListItem\",\"position\":1,\"name\":\"Home\",\"item\":\"https:\/\/www.eliassen.nl\/de\/\"},{\"@type\":\"ListItem\",\"position\":2,\"name\":\"Shop\",\"item\":\"https:\/\/www.eliassen.nl\/de\/shop\/\"},{\"@type\":\"ListItem\",\"position\":3,\"name\":\"Wasserspiele\",\"item\":\"https:\/\/www.eliassen.nl\/de\/wassereigenschaften\/\"},{\"@type\":\"ListItem\",\"position\":4,\"name\":\"Teile Wasserspiele\",\"item\":\"https:\/\/www.eliassen.nl\/de\/wassereigenschaften\/teile-wasserspiele\/\"},{\"@type\":\"ListItem\",\"position\":5,\"name\":\"Springbrunnenpumpe Pondocompact 1200\"}]},{\"@type\":\"WebSite\",\"@id\":\"https:\/\/www.eliassen.nl\/de\/#website\",\"url\":\"https:\/\/www.eliassen.nl\/de\/\",\"name\":\"Eliassen Home & Garden Pleasure\",\"description\":\"\",\"publisher\":{\"@id\":\"https:\/\/www.eliassen.nl\/de\/#organization\"},\"alternateName\":\"Eliassen.nl\",\"potentialAction\":[{\"@type\":\"SearchAction\",\"target\":{\"@type\":\"EntryPoint\",\"urlTemplate\":\"https:\/\/www.eliassen.nl\/de\/?s={search_term_string}\"},\"query-input\":{\"@type\":\"PropertyValueSpecification\",\"valueRequired\":true,\"valueName\":\"search_term_string\"}}],\"inLanguage\":\"de\"},{\"@type\":[\"Organization\",\"Place\"],\"@id\":\"https:\/\/www.eliassen.nl\/de\/#organization\",\"name\":\"Eliassen Home & Garden Pleasure\",\"url\":\"https:\/\/www.eliassen.nl\/de\/\",\"logo\":{\"@id\":\"https:\/\/www.eliassen.nl\/de\/springbrunnenpumpe-pondocompact-1200\/#local-main-organization-logo\"},\"image\":{\"@id\":\"https:\/\/www.eliassen.nl\/de\/springbrunnenpumpe-pondocompact-1200\/#local-main-organization-logo\"},\"sameAs\":[\"https:\/\/www.facebook.com\/TuincentrumEliassenAmmerzoden\",\"https:\/\/www.instagram.com\/eliassenhomeandgarden\/\",\"https:\/\/nl.pinterest.com\/eliassenhomeandgarden\/\",\"https:\/\/www.youtube.com\/@eliassenhomegardenpleasure4558\"],\"telephone\":[],\"openingHoursSpecification\":[{\"@type\":\"OpeningHoursSpecification\",\"dayOfWeek\":[\"Monday\",\"Tuesday\",\"Wednesday\",\"Thursday\",\"Friday\",\"Saturday\",\"Sunday\"],\"opens\":\"09:00\",\"closes\":\"17:00\"}]},{\"@type\":\"ImageObject\",\"inLanguage\":\"de\",\"@id\":\"https:\/\/www.eliassen.nl\/de\/springbrunnenpumpe-pondocompact-1200\/#local-main-organization-logo\",\"url\":\"https:\/\/www.eliassen.nl\/wp-content\/uploads\/2024\/01\/logo_4nd.jpg\",\"contentUrl\":\"https:\/\/www.eliassen.nl\/wp-content\/uploads\/2024\/01\/logo_4nd.jpg\",\"width\":500,\"height\":500,\"caption\":\"Eliassen Home & Garden Pleasure\"}]}<\/script>\n<meta property=\"product:price:amount\" content=\"53.50\" \/>\n<meta property=\"product:price:currency\" content=\"EUR\" \/>\n<meta property=\"og:availability\" content=\"instock\" \/>\n<meta property=\"product:availability\" content=\"instock\" \/>\n<meta property=\"product:retailer_item_id\" content=\"57508\" \/>\n<meta property=\"product:condition\" content=\"new\" \/>\n<!-- \/ Yoast SEO Premium plugin. -->","yoast_head_json":{"title":"Springbrunnenpumpe Pondocompact 1200","description":"Eliassen.nl; f\u00fcr alle Teile Ihrer Wasserdekoration oder Ihres Springbrunnens und gute Beratung !!!","robots":{"index":"index","follow":"follow","max-snippet":"max-snippet:-1","max-image-preview":"max-image-preview:large","max-video-preview":"max-video-preview:-1"},"canonical":"https:\/\/www.eliassen.nl\/de\/springbrunnenpumpe-pondocompact-1200\/","og_locale":"de_DE","og_type":"article","og_title":"Pontec Springbrunnenpumpe Pondocompact 1200 - Eliassen.nl","og_description":"Eliassen.nl; f\u00fcr alle Teile Ihrer Wasserdekoration oder Ihres Springbrunnens und gute Beratung !!!","og_url":"https:\/\/www.eliassen.nl\/de\/springbrunnenpumpe-pondocompact-1200\/","og_site_name":"Eliassen.nl","article_publisher":"https:\/\/www.facebook.com\/TuincentrumEliassenAmmerzoden","article_modified_time":"2025-12-08T15:51:32+00:00","og_image":[{"width":700,"height":688,"url":"https:\/\/www.eliassen.nl\/wp-content\/uploads\/2024\/01\/pontecpondocompact1200int.jpg","type":"image\/jpeg"}],"twitter_card":"summary_large_image","schema":{"@context":"https:\/\/schema.org","@graph":[{"@type":"WebPage","@id":"https:\/\/www.eliassen.nl\/de\/springbrunnenpumpe-pondocompact-1200\/","url":"https:\/\/www.eliassen.nl\/de\/springbrunnenpumpe-pondocompact-1200\/","name":"Springbrunnenpumpe Pondocompact 1200","isPartOf":{"@id":"https:\/\/www.eliassen.nl\/de\/#website"},"primaryImageOfPage":{"@id":"https:\/\/www.eliassen.nl\/de\/springbrunnenpumpe-pondocompact-1200\/#primaryimage"},"image":{"@id":"https:\/\/www.eliassen.nl\/de\/springbrunnenpumpe-pondocompact-1200\/#primaryimage"},"thumbnailUrl":"https:\/\/www.eliassen.nl\/wp-content\/uploads\/2024\/01\/pontecpondocompact1200int.jpg","datePublished":"2022-02-26T09:15:14+00:00","dateModified":"2025-12-08T15:51:32+00:00","description":"Eliassen.nl; f\u00fcr alle Teile Ihrer Wasserdekoration oder Ihres Springbrunnens und gute Beratung !!!","breadcrumb":{"@id":"https:\/\/www.eliassen.nl\/de\/springbrunnenpumpe-pondocompact-1200\/#breadcrumb"},"inLanguage":"de","potentialAction":[{"@type":"ReadAction","target":["https:\/\/www.eliassen.nl\/de\/springbrunnenpumpe-pondocompact-1200\/"]}]},{"@type":"ImageObject","inLanguage":"de","@id":"https:\/\/www.eliassen.nl\/de\/springbrunnenpumpe-pondocompact-1200\/#primaryimage","url":"https:\/\/www.eliassen.nl\/wp-content\/uploads\/2024\/01\/pontecpondocompact1200int.jpg","contentUrl":"https:\/\/www.eliassen.nl\/wp-content\/uploads\/2024\/01\/pontecpondocompact1200int.jpg","width":700,"height":688,"caption":"Pontec-PondoKompakt-1200INT"},{"@type":"BreadcrumbList","@id":"https:\/\/www.eliassen.nl\/de\/springbrunnenpumpe-pondocompact-1200\/#breadcrumb","itemListElement":[{"@type":"ListItem","position":1,"name":"Home","item":"https:\/\/www.eliassen.nl\/de\/"},{"@type":"ListItem","position":2,"name":"Shop","item":"https:\/\/www.eliassen.nl\/de\/shop\/"},{"@type":"ListItem","position":3,"name":"Wasserspiele","item":"https:\/\/www.eliassen.nl\/de\/wassereigenschaften\/"},{"@type":"ListItem","position":4,"name":"Teile Wasserspiele","item":"https:\/\/www.eliassen.nl\/de\/wassereigenschaften\/teile-wasserspiele\/"},{"@type":"ListItem","position":5,"name":"Springbrunnenpumpe Pondocompact 1200"}]},{"@type":"WebSite","@id":"https:\/\/www.eliassen.nl\/de\/#website","url":"https:\/\/www.eliassen.nl\/de\/","name":"Eliassen Home & Garden Pleasure","description":"","publisher":{"@id":"https:\/\/www.eliassen.nl\/de\/#organization"},"alternateName":"Eliassen.nl","potentialAction":[{"@type":"SearchAction","target":{"@type":"EntryPoint","urlTemplate":"https:\/\/www.eliassen.nl\/de\/?s={search_term_string}"},"query-input":{"@type":"PropertyValueSpecification","valueRequired":true,"valueName":"search_term_string"}}],"inLanguage":"de"},{"@type":["Organization","Place"],"@id":"https:\/\/www.eliassen.nl\/de\/#organization","name":"Eliassen Home & Garden Pleasure","url":"https:\/\/www.eliassen.nl\/de\/","logo":{"@id":"https:\/\/www.eliassen.nl\/de\/springbrunnenpumpe-pondocompact-1200\/#local-main-organization-logo"},"image":{"@id":"https:\/\/www.eliassen.nl\/de\/springbrunnenpumpe-pondocompact-1200\/#local-main-organization-logo"},"sameAs":["https:\/\/www.facebook.com\/TuincentrumEliassenAmmerzoden","https:\/\/www.instagram.com\/eliassenhomeandgarden\/","https:\/\/nl.pinterest.com\/eliassenhomeandgarden\/","https:\/\/www.youtube.com\/@eliassenhomegardenpleasure4558"],"telephone":[],"openingHoursSpecification":[{"@type":"OpeningHoursSpecification","dayOfWeek":["Monday","Tuesday","Wednesday","Thursday","Friday","Saturday","Sunday"],"opens":"09:00","closes":"17:00"}]},{"@type":"ImageObject","inLanguage":"de","@id":"https:\/\/www.eliassen.nl\/de\/springbrunnenpumpe-pondocompact-1200\/#local-main-organization-logo","url":"https:\/\/www.eliassen.nl\/wp-content\/uploads\/2024\/01\/logo_4nd.jpg","contentUrl":"https:\/\/www.eliassen.nl\/wp-content\/uploads\/2024\/01\/logo_4nd.jpg","width":500,"height":500,"caption":"Eliassen Home & Garden Pleasure"}]},"product_price_amount":"53.50","product_price_currency":"EUR","og_availability":"instock","product_availability":"instock","product_retailer_item_id":"57508","product_condition":"new"},"df_price":53.5,"df_sale_price":"","df_regular_price":53.5,"df_image_link":"https:\/\/www.eliassen.nl\/wp-content\/uploads\/2024\/01\/pontecpondocompact1200int.jpg","image":"https:\/\/www.eliassen.nl\/wp-content\/uploads\/2024\/01\/pontecpondocompact1200int.jpg","price_search":"<span class=\"woocommerce-Price-amount amount\"><bdi><span class=\"woocommerce-Price-currencySymbol\">&euro;<\/span>&nbsp;53,50<\/bdi><\/span>","category":"Teile Wasserspiele","global_unique_id":"4010052575087","_links":{"self":[{"href":"https:\/\/www.eliassen.nl\/de\/wp-json\/wp\/v2\/product\/70135","targetHints":{"allow":["GET"]}}],"collection":[{"href":"https:\/\/www.eliassen.nl\/de\/wp-json\/wp\/v2\/product"}],"about":[{"href":"https:\/\/www.eliassen.nl\/de\/wp-json\/wp\/v2\/types\/product"}],"wp:featuredmedia":[{"embeddable":true,"href":"https:\/\/www.eliassen.nl\/de\/wp-json\/wp\/v2\/media\/70129"}],"wp:attachment":[{"href":"https:\/\/www.eliassen.nl\/de\/wp-json\/wp\/v2\/media?parent=70135"}],"wp:term":[{"taxonomy":"product_brand","embeddable":true,"href":"https:\/\/www.eliassen.nl\/de\/wp-json\/wp\/v2\/product_brand?post=70135"},{"taxonomy":"product_cat","embeddable":true,"href":"https:\/\/www.eliassen.nl\/de\/wp-json\/wp\/v2\/product_cat?post=70135"},{"taxonomy":"product_tag","embeddable":true,"href":"https:\/\/www.eliassen.nl\/de\/wp-json\/wp\/v2\/product_tag?post=70135"}],"curies":[{"name":"wp","href":"https:\/\/api.w.org\/{rel}","templated":true}]}}