{"id":70018,"date":"2022-02-21T15:57:45","date_gmt":"2022-02-21T15:57:45","guid":{"rendered":"https:\/\/www.eliassen.nl\/?product=sierkeien-rosso-mediterrano-25-50mm"},"modified":"2025-11-27T16:10:46","modified_gmt":"2025-11-27T15:10:46","slug":"dekokiesel-pink-mediterrano-25-5cm-20kg","status":"publish","type":"product","link":"https:\/\/www.eliassen.nl\/de\/dekokiesel-pink-mediterrano-25-5cm-20kg\/","title":{"rendered":"Dekorative Kieselsteine Rosa mediterrano 2,5-5cm 20kg"},"content":{"rendered":"<p><video controls=\"controls\" width=\"300\" height=\"150\"><br \/>\n<\/video><\/p>\n<p>Rosa Dekobl\u00f6cke f\u00fcr Ihr Wasserornament, Ihren Garten oder Ihre Gedenkst\u00e4tte kaufen? Wundersch\u00f6ne gro\u00dfe, sehr harte, runde Quarzsteine in einer rosenartigen Farbe, die kaum gr\u00fcn werden. Passt farblich wunderbar zu Ihrem Ornament, abgestuft in der Gr\u00f6\u00dfe 25-50 mm. Von dieser Sorte werden etwa 3 S\u00e4cke pro m2 ben\u00f6tigt, so dass Sie umrechnen k\u00f6nnen, was Sie ungef\u00e4hr ben\u00f6tigen.<\/p>\n<ul>\n<li>gewaschene Felsbrocken<\/li>\n<li>Gr\u00f6\u00dfe 25-50mm<\/li>\n<li>20 kg pro Sack<\/li>\n<li><strong>Sehen Sie genau die gleichen Felsbrocken anderswo billiger? Wir erstatten Ihnen die Differenz !!!<\/strong><\/li>\n<li>sehr robuste Sorte, die nicht schnell gr\u00fcn wird<\/li>\n<li>l\u00e4sst sich wunderbar mit Wasserornamenten kombinieren, ist aber auch anderswo im Garten sch\u00f6n<\/li>\n<li>Ab Lager verf\u00fcgbar<\/li>\n<\/ul>\n","protected":false},"excerpt":{"rendered":"<p>Rosa Dekobl\u00f6cke f\u00fcr Ihr Wasserornament, Ihren Garten oder Ihre Gedenkst\u00e4tte kaufen? Wundersch\u00f6ne gro\u00dfe, sehr harte, runde Quarzsteine in einer rosenartigen Farbe, die kaum gr\u00fcn werden. Passt farblich wunderbar zu Ihrem Ornament, abgestuft in der Gr\u00f6\u00dfe 25-50 mm. Von dieser Sorte werden etwa 3 S\u00e4cke pro m2 ben\u00f6tigt, so dass Sie umrechnen k\u00f6nnen, was Sie ungef\u00e4hr &hellip;<\/p>\n","protected":false},"featured_media":70012,"template":"","meta":{"_acf_changed":false,"_genesis_title":"","_genesis_description":""},"product_brand":[7505],"product_cat":[770,752],"product_tag":[7427],"class_list":{"0":"post-70018","1":"product","2":"type-product","3":"status-publish","4":"has-post-thumbnail","6":"product_brand-sonstige","7":"product_cat-edelsteine","8":"product_cat-weitere-artikel","9":"product_tag-ziersteine-20kg","11":"first","12":"instock","13":"sale","14":"taxable","15":"shipping-taxable","16":"purchasable","17":"product-type-simple"},"acf":[],"meta_all":{"total_sales":"18","wcml_sync_hash":{"postmeta_fields":"9ffb178362405688b2e69eaa871c38ce"},"attr_label_translations":[]},"meta_all_flat":{"total_sales":"18","wcml_sync_hash.postmeta_fields":"9ffb178362405688b2e69eaa871c38ce"},"yoast_head":"<!-- This site is optimized with the Yoast SEO Premium plugin v26.2 (Yoast SEO v27.2) - https:\/\/yoast.com\/product\/yoast-seo-premium-wordpress\/ -->\n<title>Dekorative Kieselsteine Rosso mediterrano 25-50mm<\/title>\n<meta name=\"description\" content=\"Alle Arten von Zierkieseln und Kieselsteinen in unserem Webshop k\u00f6nnen online bestellt, aber auch live abgeholt werden !!!\" \/>\n<meta name=\"robots\" content=\"index, follow, max-snippet:-1, max-image-preview:large, max-video-preview:-1\" \/>\n<link rel=\"canonical\" href=\"https:\/\/www.eliassen.nl\/de\/dekokiesel-pink-mediterrano-25-5cm-20kg\/\" \/>\n<meta property=\"og:locale\" content=\"de_DE\" \/>\n<meta property=\"og:type\" content=\"article\" \/>\n<meta property=\"og:title\" content=\"Sonstige Dekorative Kieselsteine Rosa mediterrano 2,5-5cm 20kg - Eliassen.nl\" \/>\n<meta property=\"og:description\" content=\"Alle Arten von Zierkieseln und Kieselsteinen in unserem Webshop k\u00f6nnen online bestellt, aber auch live abgeholt werden !!!\" \/>\n<meta property=\"og:url\" content=\"https:\/\/www.eliassen.nl\/de\/dekokiesel-pink-mediterrano-25-5cm-20kg\/\" \/>\n<meta property=\"og:site_name\" content=\"Eliassen.nl\" \/>\n<meta property=\"article:publisher\" content=\"https:\/\/www.facebook.com\/TuincentrumEliassenAmmerzoden\" \/>\n<meta property=\"article:modified_time\" content=\"2025-11-27T15:10:46+00:00\" \/>\n<meta property=\"og:image\" content=\"https:\/\/www.eliassen.nl\/wp-content\/uploads\/2024\/01\/tumbledrossomediterraneo2550mm2.jpg\" \/>\n\t<meta property=\"og:image:width\" content=\"500\" \/>\n\t<meta property=\"og:image:height\" content=\"333\" \/>\n\t<meta property=\"og:image:type\" content=\"image\/jpeg\" \/>\n<meta name=\"twitter:card\" content=\"summary_large_image\" \/>\n<script type=\"application\/ld+json\" class=\"yoast-schema-graph\">{\"@context\":\"https:\/\/schema.org\",\"@graph\":[{\"@type\":\"WebPage\",\"@id\":\"https:\/\/www.eliassen.nl\/de\/dekokiesel-pink-mediterrano-25-5cm-20kg\/\",\"url\":\"https:\/\/www.eliassen.nl\/de\/dekokiesel-pink-mediterrano-25-5cm-20kg\/\",\"name\":\"Dekorative Kieselsteine Rosso mediterrano 25-50mm\",\"isPartOf\":{\"@id\":\"https:\/\/www.eliassen.nl\/de\/#website\"},\"primaryImageOfPage\":{\"@id\":\"https:\/\/www.eliassen.nl\/de\/dekokiesel-pink-mediterrano-25-5cm-20kg\/#primaryimage\"},\"image\":{\"@id\":\"https:\/\/www.eliassen.nl\/de\/dekokiesel-pink-mediterrano-25-5cm-20kg\/#primaryimage\"},\"thumbnailUrl\":\"https:\/\/www.eliassen.nl\/wp-content\/uploads\/2024\/01\/tumbledrossomediterraneo2550mm2.jpg\",\"datePublished\":\"2022-02-21T15:57:45+00:00\",\"dateModified\":\"2025-11-27T15:10:46+00:00\",\"description\":\"Alle Arten von Zierkieseln und Kieselsteinen in unserem Webshop k\u00f6nnen online bestellt, aber auch live abgeholt werden !!!\",\"breadcrumb\":{\"@id\":\"https:\/\/www.eliassen.nl\/de\/dekokiesel-pink-mediterrano-25-5cm-20kg\/#breadcrumb\"},\"inLanguage\":\"de\",\"potentialAction\":[{\"@type\":\"ReadAction\",\"target\":[\"https:\/\/www.eliassen.nl\/de\/dekokiesel-pink-mediterrano-25-5cm-20kg\/\"]}]},{\"@type\":\"ImageObject\",\"inLanguage\":\"de\",\"@id\":\"https:\/\/www.eliassen.nl\/de\/dekokiesel-pink-mediterrano-25-5cm-20kg\/#primaryimage\",\"url\":\"https:\/\/www.eliassen.nl\/wp-content\/uploads\/2024\/01\/tumbledrossomediterraneo2550mm2.jpg\",\"contentUrl\":\"https:\/\/www.eliassen.nl\/wp-content\/uploads\/2024\/01\/tumbledrossomediterraneo2550mm2.jpg\",\"width\":500,\"height\":333,\"caption\":\"getrommelt rosso mediterraneo 25-50mm 2\"},{\"@type\":\"BreadcrumbList\",\"@id\":\"https:\/\/www.eliassen.nl\/de\/dekokiesel-pink-mediterrano-25-5cm-20kg\/#breadcrumb\",\"itemListElement\":[{\"@type\":\"ListItem\",\"position\":1,\"name\":\"Home\",\"item\":\"https:\/\/www.eliassen.nl\/de\/\"},{\"@type\":\"ListItem\",\"position\":2,\"name\":\"Shop\",\"item\":\"https:\/\/www.eliassen.nl\/de\/shop\/\"},{\"@type\":\"ListItem\",\"position\":3,\"name\":\"Weitere Artikel\",\"item\":\"https:\/\/www.eliassen.nl\/de\/weitere-artikel\/\"},{\"@type\":\"ListItem\",\"position\":4,\"name\":\"Edelsteine\",\"item\":\"https:\/\/www.eliassen.nl\/de\/garten-andere\/edelsteine\/\"},{\"@type\":\"ListItem\",\"position\":5,\"name\":\"Dekorative Kieselsteine Rosa mediterrano 2,5-5cm 20kg\"}]},{\"@type\":\"WebSite\",\"@id\":\"https:\/\/www.eliassen.nl\/de\/#website\",\"url\":\"https:\/\/www.eliassen.nl\/de\/\",\"name\":\"Eliassen Home & Garden Pleasure\",\"description\":\"\",\"publisher\":{\"@id\":\"https:\/\/www.eliassen.nl\/de\/#organization\"},\"alternateName\":\"Eliassen.nl\",\"potentialAction\":[{\"@type\":\"SearchAction\",\"target\":{\"@type\":\"EntryPoint\",\"urlTemplate\":\"https:\/\/www.eliassen.nl\/de\/?s={search_term_string}\"},\"query-input\":{\"@type\":\"PropertyValueSpecification\",\"valueRequired\":true,\"valueName\":\"search_term_string\"}}],\"inLanguage\":\"de\"},{\"@type\":[\"Organization\",\"Place\"],\"@id\":\"https:\/\/www.eliassen.nl\/de\/#organization\",\"name\":\"Eliassen Home & Garden Pleasure\",\"url\":\"https:\/\/www.eliassen.nl\/de\/\",\"logo\":{\"@id\":\"https:\/\/www.eliassen.nl\/de\/dekokiesel-pink-mediterrano-25-5cm-20kg\/#local-main-organization-logo\"},\"image\":{\"@id\":\"https:\/\/www.eliassen.nl\/de\/dekokiesel-pink-mediterrano-25-5cm-20kg\/#local-main-organization-logo\"},\"sameAs\":[\"https:\/\/www.facebook.com\/TuincentrumEliassenAmmerzoden\",\"https:\/\/www.instagram.com\/eliassenhomeandgarden\/\",\"https:\/\/nl.pinterest.com\/eliassenhomeandgarden\/\",\"https:\/\/www.youtube.com\/@eliassenhomegardenpleasure4558\"],\"telephone\":[],\"openingHoursSpecification\":[{\"@type\":\"OpeningHoursSpecification\",\"dayOfWeek\":[\"Monday\",\"Tuesday\",\"Wednesday\",\"Thursday\",\"Friday\",\"Saturday\",\"Sunday\"],\"opens\":\"09:00\",\"closes\":\"17:00\"}]},{\"@type\":\"ImageObject\",\"inLanguage\":\"de\",\"@id\":\"https:\/\/www.eliassen.nl\/de\/dekokiesel-pink-mediterrano-25-5cm-20kg\/#local-main-organization-logo\",\"url\":\"https:\/\/www.eliassen.nl\/wp-content\/uploads\/2024\/01\/logo_4nd.jpg\",\"contentUrl\":\"https:\/\/www.eliassen.nl\/wp-content\/uploads\/2024\/01\/logo_4nd.jpg\",\"width\":500,\"height\":500,\"caption\":\"Eliassen Home & Garden Pleasure\"}]}<\/script>\n<meta property=\"product:price:amount\" content=\"9.95\" \/>\n<meta property=\"product:price:currency\" content=\"EUR\" \/>\n<meta property=\"og:availability\" content=\"instock\" \/>\n<meta property=\"product:availability\" content=\"instock\" \/>\n<meta property=\"product:retailer_item_id\" content=\"Tumrosmedi 2550\" \/>\n<meta property=\"product:condition\" content=\"new\" \/>\n<!-- \/ Yoast SEO Premium plugin. -->","yoast_head_json":{"title":"Dekorative Kieselsteine Rosso mediterrano 25-50mm","description":"Alle Arten von Zierkieseln und Kieselsteinen in unserem Webshop k\u00f6nnen online bestellt, aber auch live abgeholt werden !!!","robots":{"index":"index","follow":"follow","max-snippet":"max-snippet:-1","max-image-preview":"max-image-preview:large","max-video-preview":"max-video-preview:-1"},"canonical":"https:\/\/www.eliassen.nl\/de\/dekokiesel-pink-mediterrano-25-5cm-20kg\/","og_locale":"de_DE","og_type":"article","og_title":"Sonstige Dekorative Kieselsteine Rosa mediterrano 2,5-5cm 20kg - Eliassen.nl","og_description":"Alle Arten von Zierkieseln und Kieselsteinen in unserem Webshop k\u00f6nnen online bestellt, aber auch live abgeholt werden !!!","og_url":"https:\/\/www.eliassen.nl\/de\/dekokiesel-pink-mediterrano-25-5cm-20kg\/","og_site_name":"Eliassen.nl","article_publisher":"https:\/\/www.facebook.com\/TuincentrumEliassenAmmerzoden","article_modified_time":"2025-11-27T15:10:46+00:00","og_image":[{"width":500,"height":333,"url":"https:\/\/www.eliassen.nl\/wp-content\/uploads\/2024\/01\/tumbledrossomediterraneo2550mm2.jpg","type":"image\/jpeg"}],"twitter_card":"summary_large_image","schema":{"@context":"https:\/\/schema.org","@graph":[{"@type":"WebPage","@id":"https:\/\/www.eliassen.nl\/de\/dekokiesel-pink-mediterrano-25-5cm-20kg\/","url":"https:\/\/www.eliassen.nl\/de\/dekokiesel-pink-mediterrano-25-5cm-20kg\/","name":"Dekorative Kieselsteine Rosso mediterrano 25-50mm","isPartOf":{"@id":"https:\/\/www.eliassen.nl\/de\/#website"},"primaryImageOfPage":{"@id":"https:\/\/www.eliassen.nl\/de\/dekokiesel-pink-mediterrano-25-5cm-20kg\/#primaryimage"},"image":{"@id":"https:\/\/www.eliassen.nl\/de\/dekokiesel-pink-mediterrano-25-5cm-20kg\/#primaryimage"},"thumbnailUrl":"https:\/\/www.eliassen.nl\/wp-content\/uploads\/2024\/01\/tumbledrossomediterraneo2550mm2.jpg","datePublished":"2022-02-21T15:57:45+00:00","dateModified":"2025-11-27T15:10:46+00:00","description":"Alle Arten von Zierkieseln und Kieselsteinen in unserem Webshop k\u00f6nnen online bestellt, aber auch live abgeholt werden !!!","breadcrumb":{"@id":"https:\/\/www.eliassen.nl\/de\/dekokiesel-pink-mediterrano-25-5cm-20kg\/#breadcrumb"},"inLanguage":"de","potentialAction":[{"@type":"ReadAction","target":["https:\/\/www.eliassen.nl\/de\/dekokiesel-pink-mediterrano-25-5cm-20kg\/"]}]},{"@type":"ImageObject","inLanguage":"de","@id":"https:\/\/www.eliassen.nl\/de\/dekokiesel-pink-mediterrano-25-5cm-20kg\/#primaryimage","url":"https:\/\/www.eliassen.nl\/wp-content\/uploads\/2024\/01\/tumbledrossomediterraneo2550mm2.jpg","contentUrl":"https:\/\/www.eliassen.nl\/wp-content\/uploads\/2024\/01\/tumbledrossomediterraneo2550mm2.jpg","width":500,"height":333,"caption":"getrommelt rosso mediterraneo 25-50mm 2"},{"@type":"BreadcrumbList","@id":"https:\/\/www.eliassen.nl\/de\/dekokiesel-pink-mediterrano-25-5cm-20kg\/#breadcrumb","itemListElement":[{"@type":"ListItem","position":1,"name":"Home","item":"https:\/\/www.eliassen.nl\/de\/"},{"@type":"ListItem","position":2,"name":"Shop","item":"https:\/\/www.eliassen.nl\/de\/shop\/"},{"@type":"ListItem","position":3,"name":"Weitere Artikel","item":"https:\/\/www.eliassen.nl\/de\/weitere-artikel\/"},{"@type":"ListItem","position":4,"name":"Edelsteine","item":"https:\/\/www.eliassen.nl\/de\/garten-andere\/edelsteine\/"},{"@type":"ListItem","position":5,"name":"Dekorative Kieselsteine Rosa mediterrano 2,5-5cm 20kg"}]},{"@type":"WebSite","@id":"https:\/\/www.eliassen.nl\/de\/#website","url":"https:\/\/www.eliassen.nl\/de\/","name":"Eliassen Home & Garden Pleasure","description":"","publisher":{"@id":"https:\/\/www.eliassen.nl\/de\/#organization"},"alternateName":"Eliassen.nl","potentialAction":[{"@type":"SearchAction","target":{"@type":"EntryPoint","urlTemplate":"https:\/\/www.eliassen.nl\/de\/?s={search_term_string}"},"query-input":{"@type":"PropertyValueSpecification","valueRequired":true,"valueName":"search_term_string"}}],"inLanguage":"de"},{"@type":["Organization","Place"],"@id":"https:\/\/www.eliassen.nl\/de\/#organization","name":"Eliassen Home & Garden Pleasure","url":"https:\/\/www.eliassen.nl\/de\/","logo":{"@id":"https:\/\/www.eliassen.nl\/de\/dekokiesel-pink-mediterrano-25-5cm-20kg\/#local-main-organization-logo"},"image":{"@id":"https:\/\/www.eliassen.nl\/de\/dekokiesel-pink-mediterrano-25-5cm-20kg\/#local-main-organization-logo"},"sameAs":["https:\/\/www.facebook.com\/TuincentrumEliassenAmmerzoden","https:\/\/www.instagram.com\/eliassenhomeandgarden\/","https:\/\/nl.pinterest.com\/eliassenhomeandgarden\/","https:\/\/www.youtube.com\/@eliassenhomegardenpleasure4558"],"telephone":[],"openingHoursSpecification":[{"@type":"OpeningHoursSpecification","dayOfWeek":["Monday","Tuesday","Wednesday","Thursday","Friday","Saturday","Sunday"],"opens":"09:00","closes":"17:00"}]},{"@type":"ImageObject","inLanguage":"de","@id":"https:\/\/www.eliassen.nl\/de\/dekokiesel-pink-mediterrano-25-5cm-20kg\/#local-main-organization-logo","url":"https:\/\/www.eliassen.nl\/wp-content\/uploads\/2024\/01\/logo_4nd.jpg","contentUrl":"https:\/\/www.eliassen.nl\/wp-content\/uploads\/2024\/01\/logo_4nd.jpg","width":500,"height":500,"caption":"Eliassen Home & Garden Pleasure"}]},"product_price_amount":"9.95","product_price_currency":"EUR","og_availability":"instock","product_availability":"instock","product_retailer_item_id":"Tumrosmedi 2550","product_condition":"new"},"df_price":9.95,"df_sale_price":9.95,"df_regular_price":12.5,"df_image_link":"https:\/\/www.eliassen.nl\/wp-content\/uploads\/2024\/01\/tumbledrossomediterraneo2550mm2.jpg","image":"https:\/\/www.eliassen.nl\/wp-content\/uploads\/2024\/01\/tumbledrossomediterraneo2550mm2.jpg","price_search":"<span class=\"woocommerce-Price-amount amount\"><bdi><span class=\"woocommerce-Price-currencySymbol\">&euro;<\/span>&nbsp;9,95<\/bdi><\/span>","category":"Edelsteine","global_unique_id":"9502374763761","_links":{"self":[{"href":"https:\/\/www.eliassen.nl\/de\/wp-json\/wp\/v2\/product\/70018","targetHints":{"allow":["GET"]}}],"collection":[{"href":"https:\/\/www.eliassen.nl\/de\/wp-json\/wp\/v2\/product"}],"about":[{"href":"https:\/\/www.eliassen.nl\/de\/wp-json\/wp\/v2\/types\/product"}],"wp:featuredmedia":[{"embeddable":true,"href":"https:\/\/www.eliassen.nl\/de\/wp-json\/wp\/v2\/media\/70012"}],"wp:attachment":[{"href":"https:\/\/www.eliassen.nl\/de\/wp-json\/wp\/v2\/media?parent=70018"}],"wp:term":[{"taxonomy":"product_brand","embeddable":true,"href":"https:\/\/www.eliassen.nl\/de\/wp-json\/wp\/v2\/product_brand?post=70018"},{"taxonomy":"product_cat","embeddable":true,"href":"https:\/\/www.eliassen.nl\/de\/wp-json\/wp\/v2\/product_cat?post=70018"},{"taxonomy":"product_tag","embeddable":true,"href":"https:\/\/www.eliassen.nl\/de\/wp-json\/wp\/v2\/product_tag?post=70018"}],"curies":[{"name":"wp","href":"https:\/\/api.w.org\/{rel}","templated":true}]}}