{"id":70000,"date":"2022-02-18T14:23:46","date_gmt":"2022-02-18T14:23:46","guid":{"rendered":"https:\/\/www.eliassen.nl\/?product=pebbles-plat-gespikkeld-3-5cm"},"modified":"2024-12-05T16:00:15","modified_gmt":"2024-12-05T15:00:15","slug":"dekokiesel-gesprenkelte-kieselsteine-3-5cm-20kg","status":"publish","type":"product","link":"https:\/\/www.eliassen.nl\/de\/dekokiesel-gesprenkelte-kieselsteine-3-5cm-20kg\/","title":{"rendered":"Dekokiesel gesprenkelte Kieselsteine 3-5cm 20kg"},"content":{"rendered":"<p><video controls=\"controls\" width=\"300\" height=\"150\"><source src=\"https:\/\/cdn.webshopapp.com\/shops\/289658\/files\/443750837\/sierstenene-spikkels-grijs-eliassenlnl.mp4\" type=\"video\/mp4\" \/><\/video><video controls=\"controls\" width=\"300\" height=\"150\"><source src=\"https:\/\/cdn.webshopapp.com\/shops\/289658\/files\/443751348\/sierstenene-spikkels-grijs-eliassennl.mp4\" type=\"video\/mp4\" \/><\/video><\/p>\n<p>Sie m\u00f6chten wei\u00dfe bis graue Zierkiesel f\u00fcr Ihr Wasserspiel oder f\u00fcr den Garten kaufen? Dabei handelt es sich um wundersch\u00f6ne gro\u00dfe, sehr harte flache Quarzsteine in heller Farbe mit ganz besonderen Sprenkeln, die kaum gr\u00fcn werden. Passt wunderbar zu Ihrem Ornament, in den Gr\u00f6\u00dfen 30\u201350 mm. Diese Gr\u00f6\u00dfe von 3\u20135 cm entspricht etwa 4 Beuteln pro m2.<\/p>\n<p>Auf diese Weise k\u00f6nnen Sie ungef\u00e4hr berechnen, was Sie ben\u00f6tigen.<br \/>Wir empfehlen Ihnen, zuerst ein Gittertuch auf das Gitter zu legen, bevor Sie Steine darauf legen.<\/p>\n<ul>\n<li>gewaschene Kieselsteine<\/li>\n<li>20 kg pro Sack<\/li>\n<li><strong>seltene flache<\/strong> <strong>Art<\/strong><\/li>\n<li>sehr harte Art, wird nicht schnell gr\u00fcn<\/li>\n<li>L\u00e4sst sich wunderbar mit Wasserspielen kombinieren, aber auch anderswo im Garten wunderbar<\/li>\n<li><strong>Sehen Sie genau die gleichen Felsbrocken woanders g\u00fcnstiger? Wir zahlen die Differenz!!<\/strong><\/li>\n<li><strong>Auf den Fotos k\u00f6nnen Sie sehen, wie die Farben dieser Felsbrocken im trockenen und nassen Zustand aussehen.<\/strong><\/li>\n<\/ul>\n","protected":false},"excerpt":{"rendered":"<p>Sie m\u00f6chten wei\u00dfe bis graue Zierkiesel f\u00fcr Ihr Wasserspiel oder f\u00fcr den Garten kaufen? Dabei handelt es sich um wundersch\u00f6ne gro\u00dfe, sehr harte flache Quarzsteine in heller Farbe mit ganz besonderen Sprenkeln, die kaum gr\u00fcn werden. Passt wunderbar zu Ihrem Ornament, in den Gr\u00f6\u00dfen 30\u201350 mm. Diese Gr\u00f6\u00dfe von 3\u20135 cm entspricht etwa 4 Beuteln &hellip;<\/p>\n","protected":false},"featured_media":69988,"template":"","meta":{"_acf_changed":false,"_genesis_title":"","_genesis_description":""},"product_brand":[7505],"product_cat":[770,752],"product_tag":[7427],"class_list":{"0":"post-70000","1":"product","2":"type-product","3":"status-publish","4":"has-post-thumbnail","6":"product_brand-sonstige","7":"product_cat-edelsteine","8":"product_cat-weitere-artikel","9":"product_tag-ziersteine-20kg","11":"first","12":"instock","13":"taxable","14":"shipping-taxable","15":"purchasable","16":"product-type-simple"},"acf":[],"meta_all":{"total_sales":"0","wcml_sync_hash":{"postmeta_fields":"588983fd3c31fe0ec6bbfdc25fa82905"},"attr_label_translations":[],"cor_restricted_countries":[]},"meta_all_flat":{"total_sales":"0","wcml_sync_hash.postmeta_fields":"588983fd3c31fe0ec6bbfdc25fa82905"},"yoast_head":"<!-- This site is optimized with the Yoast SEO Premium plugin v26.2 (Yoast SEO v27.2) - https:\/\/yoast.com\/product\/yoast-seo-premium-wordpress\/ -->\n<title>Kieselsteine flach gesprenkelt 3-5cm<\/title>\n<meta name=\"description\" content=\"Bei Eliassen k\u00f6nnen Sie flache, gesprenkelte Kieselsteine von 3\u20135 cm online kaufen oder sie live im Ausstellungsraum besichtigen. Bestellen Sie direkt online.\" \/>\n<meta name=\"robots\" content=\"index, follow, max-snippet:-1, max-image-preview:large, max-video-preview:-1\" \/>\n<link rel=\"canonical\" href=\"https:\/\/www.eliassen.nl\/de\/dekokiesel-gesprenkelte-kieselsteine-3-5cm-20kg\/\" \/>\n<meta property=\"og:locale\" content=\"de_DE\" \/>\n<meta property=\"og:type\" content=\"article\" \/>\n<meta property=\"og:title\" content=\"Sonstige Dekokiesel gesprenkelte Kieselsteine 3-5cm 20kg - Eliassen.nl\" \/>\n<meta property=\"og:description\" content=\"Bei Eliassen k\u00f6nnen Sie flache, gesprenkelte Kieselsteine von 3\u20135 cm online kaufen oder sie live im Ausstellungsraum besichtigen. Bestellen Sie direkt online.\" \/>\n<meta property=\"og:url\" content=\"https:\/\/www.eliassen.nl\/de\/dekokiesel-gesprenkelte-kieselsteine-3-5cm-20kg\/\" \/>\n<meta property=\"og:site_name\" content=\"Eliassen.nl\" \/>\n<meta property=\"article:publisher\" content=\"https:\/\/www.facebook.com\/TuincentrumEliassenAmmerzoden\" \/>\n<meta property=\"article:modified_time\" content=\"2024-12-05T15:00:15+00:00\" \/>\n<meta property=\"og:image\" content=\"https:\/\/www.eliassen.nl\/wp-content\/uploads\/2024\/01\/img20220212114952.jpg\" \/>\n\t<meta property=\"og:image:width\" content=\"500\" \/>\n\t<meta property=\"og:image:height\" content=\"500\" \/>\n\t<meta property=\"og:image:type\" content=\"image\/jpeg\" \/>\n<meta name=\"twitter:card\" content=\"summary_large_image\" \/>\n<script type=\"application\/ld+json\" class=\"yoast-schema-graph\">{\"@context\":\"https:\/\/schema.org\",\"@graph\":[{\"@type\":\"WebPage\",\"@id\":\"https:\/\/www.eliassen.nl\/de\/dekokiesel-gesprenkelte-kieselsteine-3-5cm-20kg\/\",\"url\":\"https:\/\/www.eliassen.nl\/de\/dekokiesel-gesprenkelte-kieselsteine-3-5cm-20kg\/\",\"name\":\"Kieselsteine flach gesprenkelt 3-5cm\",\"isPartOf\":{\"@id\":\"https:\/\/www.eliassen.nl\/de\/#website\"},\"primaryImageOfPage\":{\"@id\":\"https:\/\/www.eliassen.nl\/de\/dekokiesel-gesprenkelte-kieselsteine-3-5cm-20kg\/#primaryimage\"},\"image\":{\"@id\":\"https:\/\/www.eliassen.nl\/de\/dekokiesel-gesprenkelte-kieselsteine-3-5cm-20kg\/#primaryimage\"},\"thumbnailUrl\":\"https:\/\/www.eliassen.nl\/wp-content\/uploads\/2024\/01\/img20220212114952.jpg\",\"datePublished\":\"2022-02-18T14:23:46+00:00\",\"dateModified\":\"2024-12-05T15:00:15+00:00\",\"description\":\"Bei Eliassen k\u00f6nnen Sie flache, gesprenkelte Kieselsteine von 3\u20135 cm online kaufen oder sie live im Ausstellungsraum besichtigen. Bestellen Sie direkt online.\",\"breadcrumb\":{\"@id\":\"https:\/\/www.eliassen.nl\/de\/dekokiesel-gesprenkelte-kieselsteine-3-5cm-20kg\/#breadcrumb\"},\"inLanguage\":\"de\",\"potentialAction\":[{\"@type\":\"ReadAction\",\"target\":[\"https:\/\/www.eliassen.nl\/de\/dekokiesel-gesprenkelte-kieselsteine-3-5cm-20kg\/\"]}]},{\"@type\":\"ImageObject\",\"inLanguage\":\"de\",\"@id\":\"https:\/\/www.eliassen.nl\/de\/dekokiesel-gesprenkelte-kieselsteine-3-5cm-20kg\/#primaryimage\",\"url\":\"https:\/\/www.eliassen.nl\/wp-content\/uploads\/2024\/01\/img20220212114952.jpg\",\"contentUrl\":\"https:\/\/www.eliassen.nl\/wp-content\/uploads\/2024\/01\/img20220212114952.jpg\",\"width\":500,\"height\":500,\"caption\":\"IMG20220212114952\"},{\"@type\":\"BreadcrumbList\",\"@id\":\"https:\/\/www.eliassen.nl\/de\/dekokiesel-gesprenkelte-kieselsteine-3-5cm-20kg\/#breadcrumb\",\"itemListElement\":[{\"@type\":\"ListItem\",\"position\":1,\"name\":\"Home\",\"item\":\"https:\/\/www.eliassen.nl\/de\/\"},{\"@type\":\"ListItem\",\"position\":2,\"name\":\"Shop\",\"item\":\"https:\/\/www.eliassen.nl\/de\/shop\/\"},{\"@type\":\"ListItem\",\"position\":3,\"name\":\"Weitere Artikel\",\"item\":\"https:\/\/www.eliassen.nl\/de\/weitere-artikel\/\"},{\"@type\":\"ListItem\",\"position\":4,\"name\":\"Priv\u00e9: Dekokiesel gesprenkelte Kieselsteine 3-5cm 20kg\"}]},{\"@type\":\"WebSite\",\"@id\":\"https:\/\/www.eliassen.nl\/de\/#website\",\"url\":\"https:\/\/www.eliassen.nl\/de\/\",\"name\":\"Eliassen Home & Garden Pleasure\",\"description\":\"\",\"publisher\":{\"@id\":\"https:\/\/www.eliassen.nl\/de\/#organization\"},\"alternateName\":\"Eliassen.nl\",\"potentialAction\":[{\"@type\":\"SearchAction\",\"target\":{\"@type\":\"EntryPoint\",\"urlTemplate\":\"https:\/\/www.eliassen.nl\/de\/?s={search_term_string}\"},\"query-input\":{\"@type\":\"PropertyValueSpecification\",\"valueRequired\":true,\"valueName\":\"search_term_string\"}}],\"inLanguage\":\"de\"},{\"@type\":[\"Organization\",\"Place\"],\"@id\":\"https:\/\/www.eliassen.nl\/de\/#organization\",\"name\":\"Eliassen Home & Garden Pleasure\",\"url\":\"https:\/\/www.eliassen.nl\/de\/\",\"logo\":{\"@id\":\"https:\/\/www.eliassen.nl\/de\/dekokiesel-gesprenkelte-kieselsteine-3-5cm-20kg\/#local-main-organization-logo\"},\"image\":{\"@id\":\"https:\/\/www.eliassen.nl\/de\/dekokiesel-gesprenkelte-kieselsteine-3-5cm-20kg\/#local-main-organization-logo\"},\"sameAs\":[\"https:\/\/www.facebook.com\/TuincentrumEliassenAmmerzoden\",\"https:\/\/www.instagram.com\/eliassenhomeandgarden\/\",\"https:\/\/nl.pinterest.com\/eliassenhomeandgarden\/\",\"https:\/\/www.youtube.com\/@eliassenhomegardenpleasure4558\"],\"telephone\":[],\"openingHoursSpecification\":[{\"@type\":\"OpeningHoursSpecification\",\"dayOfWeek\":[\"Monday\",\"Tuesday\",\"Wednesday\",\"Thursday\",\"Friday\",\"Saturday\",\"Sunday\"],\"opens\":\"09:00\",\"closes\":\"17:00\"}]},{\"@type\":\"ImageObject\",\"inLanguage\":\"de\",\"@id\":\"https:\/\/www.eliassen.nl\/de\/dekokiesel-gesprenkelte-kieselsteine-3-5cm-20kg\/#local-main-organization-logo\",\"url\":\"https:\/\/www.eliassen.nl\/wp-content\/uploads\/2024\/01\/logo_4nd.jpg\",\"contentUrl\":\"https:\/\/www.eliassen.nl\/wp-content\/uploads\/2024\/01\/logo_4nd.jpg\",\"width\":500,\"height\":500,\"caption\":\"Eliassen Home & Garden Pleasure\"}]}<\/script>\n<meta property=\"product:price:amount\" content=\"23.50\" \/>\n<meta property=\"product:price:currency\" content=\"EUR\" \/>\n<meta property=\"og:availability\" content=\"instock\" \/>\n<meta property=\"product:availability\" content=\"instock\" \/>\n<meta property=\"product:retailer_item_id\" content=\"Spik3050\" \/>\n<meta property=\"product:condition\" content=\"new\" \/>\n<!-- \/ Yoast SEO Premium plugin. -->","yoast_head_json":{"title":"Kieselsteine flach gesprenkelt 3-5cm","description":"Bei Eliassen k\u00f6nnen Sie flache, gesprenkelte Kieselsteine von 3\u20135 cm online kaufen oder sie live im Ausstellungsraum besichtigen. Bestellen Sie direkt online.","robots":{"index":"index","follow":"follow","max-snippet":"max-snippet:-1","max-image-preview":"max-image-preview:large","max-video-preview":"max-video-preview:-1"},"canonical":"https:\/\/www.eliassen.nl\/de\/dekokiesel-gesprenkelte-kieselsteine-3-5cm-20kg\/","og_locale":"de_DE","og_type":"article","og_title":"Sonstige Dekokiesel gesprenkelte Kieselsteine 3-5cm 20kg - Eliassen.nl","og_description":"Bei Eliassen k\u00f6nnen Sie flache, gesprenkelte Kieselsteine von 3\u20135 cm online kaufen oder sie live im Ausstellungsraum besichtigen. Bestellen Sie direkt online.","og_url":"https:\/\/www.eliassen.nl\/de\/dekokiesel-gesprenkelte-kieselsteine-3-5cm-20kg\/","og_site_name":"Eliassen.nl","article_publisher":"https:\/\/www.facebook.com\/TuincentrumEliassenAmmerzoden","article_modified_time":"2024-12-05T15:00:15+00:00","og_image":[{"width":500,"height":500,"url":"https:\/\/www.eliassen.nl\/wp-content\/uploads\/2024\/01\/img20220212114952.jpg","type":"image\/jpeg"}],"twitter_card":"summary_large_image","schema":{"@context":"https:\/\/schema.org","@graph":[{"@type":"WebPage","@id":"https:\/\/www.eliassen.nl\/de\/dekokiesel-gesprenkelte-kieselsteine-3-5cm-20kg\/","url":"https:\/\/www.eliassen.nl\/de\/dekokiesel-gesprenkelte-kieselsteine-3-5cm-20kg\/","name":"Kieselsteine flach gesprenkelt 3-5cm","isPartOf":{"@id":"https:\/\/www.eliassen.nl\/de\/#website"},"primaryImageOfPage":{"@id":"https:\/\/www.eliassen.nl\/de\/dekokiesel-gesprenkelte-kieselsteine-3-5cm-20kg\/#primaryimage"},"image":{"@id":"https:\/\/www.eliassen.nl\/de\/dekokiesel-gesprenkelte-kieselsteine-3-5cm-20kg\/#primaryimage"},"thumbnailUrl":"https:\/\/www.eliassen.nl\/wp-content\/uploads\/2024\/01\/img20220212114952.jpg","datePublished":"2022-02-18T14:23:46+00:00","dateModified":"2024-12-05T15:00:15+00:00","description":"Bei Eliassen k\u00f6nnen Sie flache, gesprenkelte Kieselsteine von 3\u20135 cm online kaufen oder sie live im Ausstellungsraum besichtigen. Bestellen Sie direkt online.","breadcrumb":{"@id":"https:\/\/www.eliassen.nl\/de\/dekokiesel-gesprenkelte-kieselsteine-3-5cm-20kg\/#breadcrumb"},"inLanguage":"de","potentialAction":[{"@type":"ReadAction","target":["https:\/\/www.eliassen.nl\/de\/dekokiesel-gesprenkelte-kieselsteine-3-5cm-20kg\/"]}]},{"@type":"ImageObject","inLanguage":"de","@id":"https:\/\/www.eliassen.nl\/de\/dekokiesel-gesprenkelte-kieselsteine-3-5cm-20kg\/#primaryimage","url":"https:\/\/www.eliassen.nl\/wp-content\/uploads\/2024\/01\/img20220212114952.jpg","contentUrl":"https:\/\/www.eliassen.nl\/wp-content\/uploads\/2024\/01\/img20220212114952.jpg","width":500,"height":500,"caption":"IMG20220212114952"},{"@type":"BreadcrumbList","@id":"https:\/\/www.eliassen.nl\/de\/dekokiesel-gesprenkelte-kieselsteine-3-5cm-20kg\/#breadcrumb","itemListElement":[{"@type":"ListItem","position":1,"name":"Home","item":"https:\/\/www.eliassen.nl\/de\/"},{"@type":"ListItem","position":2,"name":"Shop","item":"https:\/\/www.eliassen.nl\/de\/shop\/"},{"@type":"ListItem","position":3,"name":"Weitere Artikel","item":"https:\/\/www.eliassen.nl\/de\/weitere-artikel\/"},{"@type":"ListItem","position":4,"name":"Priv\u00e9: Dekokiesel gesprenkelte Kieselsteine 3-5cm 20kg"}]},{"@type":"WebSite","@id":"https:\/\/www.eliassen.nl\/de\/#website","url":"https:\/\/www.eliassen.nl\/de\/","name":"Eliassen Home & Garden Pleasure","description":"","publisher":{"@id":"https:\/\/www.eliassen.nl\/de\/#organization"},"alternateName":"Eliassen.nl","potentialAction":[{"@type":"SearchAction","target":{"@type":"EntryPoint","urlTemplate":"https:\/\/www.eliassen.nl\/de\/?s={search_term_string}"},"query-input":{"@type":"PropertyValueSpecification","valueRequired":true,"valueName":"search_term_string"}}],"inLanguage":"de"},{"@type":["Organization","Place"],"@id":"https:\/\/www.eliassen.nl\/de\/#organization","name":"Eliassen Home & Garden Pleasure","url":"https:\/\/www.eliassen.nl\/de\/","logo":{"@id":"https:\/\/www.eliassen.nl\/de\/dekokiesel-gesprenkelte-kieselsteine-3-5cm-20kg\/#local-main-organization-logo"},"image":{"@id":"https:\/\/www.eliassen.nl\/de\/dekokiesel-gesprenkelte-kieselsteine-3-5cm-20kg\/#local-main-organization-logo"},"sameAs":["https:\/\/www.facebook.com\/TuincentrumEliassenAmmerzoden","https:\/\/www.instagram.com\/eliassenhomeandgarden\/","https:\/\/nl.pinterest.com\/eliassenhomeandgarden\/","https:\/\/www.youtube.com\/@eliassenhomegardenpleasure4558"],"telephone":[],"openingHoursSpecification":[{"@type":"OpeningHoursSpecification","dayOfWeek":["Monday","Tuesday","Wednesday","Thursday","Friday","Saturday","Sunday"],"opens":"09:00","closes":"17:00"}]},{"@type":"ImageObject","inLanguage":"de","@id":"https:\/\/www.eliassen.nl\/de\/dekokiesel-gesprenkelte-kieselsteine-3-5cm-20kg\/#local-main-organization-logo","url":"https:\/\/www.eliassen.nl\/wp-content\/uploads\/2024\/01\/logo_4nd.jpg","contentUrl":"https:\/\/www.eliassen.nl\/wp-content\/uploads\/2024\/01\/logo_4nd.jpg","width":500,"height":500,"caption":"Eliassen Home & Garden Pleasure"}]},"product_price_amount":"23.50","product_price_currency":"EUR","og_availability":"instock","product_availability":"instock","product_retailer_item_id":"Spik3050","product_condition":"new"},"df_price":23.5,"df_sale_price":"","df_regular_price":23.5,"df_image_link":"https:\/\/www.eliassen.nl\/wp-content\/uploads\/2024\/01\/img20220212114952.jpg","image":"https:\/\/www.eliassen.nl\/wp-content\/uploads\/2024\/01\/img20220212114952.jpg","price_search":"<span class=\"woocommerce-Price-amount amount\"><bdi><span class=\"woocommerce-Price-currencySymbol\">&euro;<\/span>&nbsp;23,50<\/bdi><\/span>","category":"Edelsteine","global_unique_id":"9503455543852","_links":{"self":[{"href":"https:\/\/www.eliassen.nl\/de\/wp-json\/wp\/v2\/product\/70000","targetHints":{"allow":["GET"]}}],"collection":[{"href":"https:\/\/www.eliassen.nl\/de\/wp-json\/wp\/v2\/product"}],"about":[{"href":"https:\/\/www.eliassen.nl\/de\/wp-json\/wp\/v2\/types\/product"}],"wp:featuredmedia":[{"embeddable":true,"href":"https:\/\/www.eliassen.nl\/de\/wp-json\/wp\/v2\/media\/69988"}],"wp:attachment":[{"href":"https:\/\/www.eliassen.nl\/de\/wp-json\/wp\/v2\/media?parent=70000"}],"wp:term":[{"taxonomy":"product_brand","embeddable":true,"href":"https:\/\/www.eliassen.nl\/de\/wp-json\/wp\/v2\/product_brand?post=70000"},{"taxonomy":"product_cat","embeddable":true,"href":"https:\/\/www.eliassen.nl\/de\/wp-json\/wp\/v2\/product_cat?post=70000"},{"taxonomy":"product_tag","embeddable":true,"href":"https:\/\/www.eliassen.nl\/de\/wp-json\/wp\/v2\/product_tag?post=70000"}],"curies":[{"name":"wp","href":"https:\/\/api.w.org\/{rel}","templated":true}]}}