{"id":69070,"date":"2022-02-11T10:03:54","date_gmt":"2022-02-11T10:03:54","guid":{"rendered":"https:\/\/www.eliassen.nl\/?product=lichtbol-ijzer-roest-60cm-barok"},"modified":"2025-11-27T15:47:01","modified_gmt":"2025-11-27T14:47:01","slug":"gluhbirne-eisenrost-60cm-barock","status":"publish","type":"product","link":"https:\/\/www.eliassen.nl\/de\/gluhbirne-eisenrost-60cm-barock\/","title":{"rendered":"Leuchtkugel Eisen Rost 60cm Barock mit Licht"},"content":{"rendered":"<p>Ein unverwechselbarer Stimmungsmacher in Ihrem Garten, so kann man diese Gartenleuchte in Form einer gro\u00dfen Kugel bezeichnen. Aus dieser Kugel wurde eine sch\u00f6ne Figur im leicht barocken Stil herausgelasert, die in der Dunkelheit warmes wei\u00dfes Licht ausstrahlt. Diese Leuchtkugel ist aus 2 mm dickem, unbehandeltem Eisen gefertigt, was ihr eine sch\u00f6ne und zeitlose (rost)braune Farbe verleiht.  <\/p>\n<p>Diese Gl\u00fchbirne ist mit einer LED-Leuchte ausgestattet, die von einer Platte gehalten wird. Sie stellen die LED-Birne ab, legen die Gl\u00fchbirne dar\u00fcber und sind fertig.<\/p>\n<ul>\n<li>Durchmesser 60cm<\/li>\n<li>Inklusive LED-Lampe 1 Watt, mit einer Kabell\u00e4nge von 7,5 Metern<\/li>\n<li>Material: unbehandeltes Metall 2 mm dick<\/li>\n<li>2 Jahre Garantie<\/li>\n<li>Achten Sie auf Rostflecken auf Zierpflastern<\/li>\n<\/ul>\n","protected":false},"excerpt":{"rendered":"<p>Ein unverwechselbarer Stimmungsmacher in Ihrem Garten, so kann man diese Gartenleuchte in Form einer gro\u00dfen Kugel bezeichnen. Aus dieser Kugel wurde eine sch\u00f6ne Figur im leicht barocken Stil herausgelasert, die in der Dunkelheit warmes wei\u00dfes Licht ausstrahlt. Diese Leuchtkugel ist aus 2 mm dickem, unbehandeltem Eisen gefertigt, was ihr eine sch\u00f6ne und zeitlose (rost)braune Farbe &hellip;<\/p>\n","protected":false},"featured_media":69064,"template":"","meta":{"_acf_changed":false,"_genesis_title":"","_genesis_description":""},"product_brand":[7505],"product_cat":[899,746],"product_tag":[],"class_list":{"0":"post-69070","1":"product","2":"type-product","3":"status-publish","4":"has-post-thumbnail","6":"product_brand-sonstige","7":"product_cat-ambientebeleuchtung-aussen","8":"product_cat-stimmungsvolle-beleuchtung","10":"first","11":"instock","12":"taxable","13":"shipping-taxable","14":"purchasable","15":"product-type-simple"},"acf":[],"meta_all":{"total_sales":"1","wcml_sync_hash":{"postmeta_fields":"246fc93d3be71b87b3ec7ac1fa2a95ae"},"attr_label_translations":[]},"meta_all_flat":{"total_sales":"1","wcml_sync_hash.postmeta_fields":"246fc93d3be71b87b3ec7ac1fa2a95ae"},"yoast_head":"<!-- This site is optimized with the Yoast SEO Premium plugin v26.2 (Yoast SEO v27.2) - https:\/\/yoast.com\/product\/yoast-seo-premium-wordpress\/ -->\n<title>Leuchtkugel Eisen Rost 60cm Barock<\/title>\n<meta name=\"description\" content=\"Atmosph\u00e4rische Beleuchtung in Ihrem Garten, unsere Leuchts\u00e4ulen und Leuchtkugeln m\u00fcssen gesehen werden. Schauen Sie doch einfach mal vorbei !!!\" \/>\n<meta name=\"robots\" content=\"index, follow, max-snippet:-1, max-image-preview:large, max-video-preview:-1\" \/>\n<link rel=\"canonical\" href=\"https:\/\/www.eliassen.nl\/de\/gluhbirne-eisenrost-60cm-barock\/\" \/>\n<meta property=\"og:locale\" content=\"de_DE\" \/>\n<meta property=\"og:type\" content=\"article\" \/>\n<meta property=\"og:title\" content=\"Sonstige Leuchtkugel Eisen Rost 60cm Barock mit Licht - Eliassen.nl\" \/>\n<meta property=\"og:description\" content=\"Atmosph\u00e4rische Beleuchtung in Ihrem Garten, unsere Leuchts\u00e4ulen und Leuchtkugeln m\u00fcssen gesehen werden. Schauen Sie doch einfach mal vorbei !!!\" \/>\n<meta property=\"og:url\" content=\"https:\/\/www.eliassen.nl\/de\/gluhbirne-eisenrost-60cm-barock\/\" \/>\n<meta property=\"og:site_name\" content=\"Eliassen.nl\" \/>\n<meta property=\"article:publisher\" content=\"https:\/\/www.facebook.com\/TuincentrumEliassenAmmerzoden\" \/>\n<meta property=\"article:modified_time\" content=\"2025-11-27T14:47:01+00:00\" \/>\n<meta property=\"og:image\" content=\"https:\/\/www.eliassen.nl\/wp-content\/uploads\/2024\/01\/image_19nd.jpg\" \/>\n\t<meta property=\"og:image:width\" content=\"500\" \/>\n\t<meta property=\"og:image:height\" content=\"500\" \/>\n\t<meta property=\"og:image:type\" content=\"image\/jpeg\" \/>\n<meta name=\"twitter:card\" content=\"summary_large_image\" \/>\n<script type=\"application\/ld+json\" class=\"yoast-schema-graph\">{\"@context\":\"https:\/\/schema.org\",\"@graph\":[{\"@type\":\"WebPage\",\"@id\":\"https:\/\/www.eliassen.nl\/de\/gluhbirne-eisenrost-60cm-barock\/\",\"url\":\"https:\/\/www.eliassen.nl\/de\/gluhbirne-eisenrost-60cm-barock\/\",\"name\":\"Leuchtkugel Eisen Rost 60cm Barock\",\"isPartOf\":{\"@id\":\"https:\/\/www.eliassen.nl\/de\/#website\"},\"primaryImageOfPage\":{\"@id\":\"https:\/\/www.eliassen.nl\/de\/gluhbirne-eisenrost-60cm-barock\/#primaryimage\"},\"image\":{\"@id\":\"https:\/\/www.eliassen.nl\/de\/gluhbirne-eisenrost-60cm-barock\/#primaryimage\"},\"thumbnailUrl\":\"https:\/\/www.eliassen.nl\/wp-content\/uploads\/2024\/01\/image_19nd.jpg\",\"datePublished\":\"2022-02-11T10:03:54+00:00\",\"dateModified\":\"2025-11-27T14:47:01+00:00\",\"description\":\"Atmosph\u00e4rische Beleuchtung in Ihrem Garten, unsere Leuchts\u00e4ulen und Leuchtkugeln m\u00fcssen gesehen werden. Schauen Sie doch einfach mal vorbei !!!\",\"breadcrumb\":{\"@id\":\"https:\/\/www.eliassen.nl\/de\/gluhbirne-eisenrost-60cm-barock\/#breadcrumb\"},\"inLanguage\":\"de\",\"potentialAction\":[{\"@type\":\"ReadAction\",\"target\":[\"https:\/\/www.eliassen.nl\/de\/gluhbirne-eisenrost-60cm-barock\/\"]}]},{\"@type\":\"ImageObject\",\"inLanguage\":\"de\",\"@id\":\"https:\/\/www.eliassen.nl\/de\/gluhbirne-eisenrost-60cm-barock\/#primaryimage\",\"url\":\"https:\/\/www.eliassen.nl\/wp-content\/uploads\/2024\/01\/image_19nd.jpg\",\"contentUrl\":\"https:\/\/www.eliassen.nl\/wp-content\/uploads\/2024\/01\/image_19nd.jpg\",\"width\":500,\"height\":500,\"caption\":\"image\"},{\"@type\":\"BreadcrumbList\",\"@id\":\"https:\/\/www.eliassen.nl\/de\/gluhbirne-eisenrost-60cm-barock\/#breadcrumb\",\"itemListElement\":[{\"@type\":\"ListItem\",\"position\":1,\"name\":\"Home\",\"item\":\"https:\/\/www.eliassen.nl\/de\/\"},{\"@type\":\"ListItem\",\"position\":2,\"name\":\"Shop\",\"item\":\"https:\/\/www.eliassen.nl\/de\/shop\/\"},{\"@type\":\"ListItem\",\"position\":3,\"name\":\"Stimmungsvolle Beleuchtung\",\"item\":\"https:\/\/www.eliassen.nl\/de\/stimmungsvolle-beleuchtung\/\"},{\"@type\":\"ListItem\",\"position\":4,\"name\":\"Ambientebeleuchtung au\u00dfen\",\"item\":\"https:\/\/www.eliassen.nl\/de\/stimmungsvolle-beleuchtung\/ambientebeleuchtung-aussen\/\"},{\"@type\":\"ListItem\",\"position\":5,\"name\":\"Leuchtkugel Eisen Rost 60cm Barock mit Licht\"}]},{\"@type\":\"WebSite\",\"@id\":\"https:\/\/www.eliassen.nl\/de\/#website\",\"url\":\"https:\/\/www.eliassen.nl\/de\/\",\"name\":\"Eliassen Home & Garden Pleasure\",\"description\":\"\",\"publisher\":{\"@id\":\"https:\/\/www.eliassen.nl\/de\/#organization\"},\"alternateName\":\"Eliassen.nl\",\"potentialAction\":[{\"@type\":\"SearchAction\",\"target\":{\"@type\":\"EntryPoint\",\"urlTemplate\":\"https:\/\/www.eliassen.nl\/de\/?s={search_term_string}\"},\"query-input\":{\"@type\":\"PropertyValueSpecification\",\"valueRequired\":true,\"valueName\":\"search_term_string\"}}],\"inLanguage\":\"de\"},{\"@type\":[\"Organization\",\"Place\"],\"@id\":\"https:\/\/www.eliassen.nl\/de\/#organization\",\"name\":\"Eliassen Home & Garden Pleasure\",\"url\":\"https:\/\/www.eliassen.nl\/de\/\",\"logo\":{\"@id\":\"https:\/\/www.eliassen.nl\/de\/gluhbirne-eisenrost-60cm-barock\/#local-main-organization-logo\"},\"image\":{\"@id\":\"https:\/\/www.eliassen.nl\/de\/gluhbirne-eisenrost-60cm-barock\/#local-main-organization-logo\"},\"sameAs\":[\"https:\/\/www.facebook.com\/TuincentrumEliassenAmmerzoden\",\"https:\/\/www.instagram.com\/eliassenhomeandgarden\/\",\"https:\/\/nl.pinterest.com\/eliassenhomeandgarden\/\",\"https:\/\/www.youtube.com\/@eliassenhomegardenpleasure4558\"],\"telephone\":[],\"openingHoursSpecification\":[{\"@type\":\"OpeningHoursSpecification\",\"dayOfWeek\":[\"Monday\",\"Tuesday\",\"Wednesday\",\"Thursday\",\"Friday\",\"Saturday\",\"Sunday\"],\"opens\":\"09:00\",\"closes\":\"17:00\"}]},{\"@type\":\"ImageObject\",\"inLanguage\":\"de\",\"@id\":\"https:\/\/www.eliassen.nl\/de\/gluhbirne-eisenrost-60cm-barock\/#local-main-organization-logo\",\"url\":\"https:\/\/www.eliassen.nl\/wp-content\/uploads\/2024\/01\/logo_4nd.jpg\",\"contentUrl\":\"https:\/\/www.eliassen.nl\/wp-content\/uploads\/2024\/01\/logo_4nd.jpg\",\"width\":500,\"height\":500,\"caption\":\"Eliassen Home & Garden Pleasure\"}]}<\/script>\n<meta property=\"product:price:amount\" content=\"329.00\" \/>\n<meta property=\"product:price:currency\" content=\"EUR\" \/>\n<meta property=\"og:availability\" content=\"instock\" \/>\n<meta property=\"product:availability\" content=\"instock\" \/>\n<meta property=\"product:retailer_item_id\" content=\"71700kg60bar\" \/>\n<meta property=\"product:condition\" content=\"new\" \/>\n<!-- \/ Yoast SEO Premium plugin. -->","yoast_head_json":{"title":"Leuchtkugel Eisen Rost 60cm Barock","description":"Atmosph\u00e4rische Beleuchtung in Ihrem Garten, unsere Leuchts\u00e4ulen und Leuchtkugeln m\u00fcssen gesehen werden. Schauen Sie doch einfach mal vorbei !!!","robots":{"index":"index","follow":"follow","max-snippet":"max-snippet:-1","max-image-preview":"max-image-preview:large","max-video-preview":"max-video-preview:-1"},"canonical":"https:\/\/www.eliassen.nl\/de\/gluhbirne-eisenrost-60cm-barock\/","og_locale":"de_DE","og_type":"article","og_title":"Sonstige Leuchtkugel Eisen Rost 60cm Barock mit Licht - Eliassen.nl","og_description":"Atmosph\u00e4rische Beleuchtung in Ihrem Garten, unsere Leuchts\u00e4ulen und Leuchtkugeln m\u00fcssen gesehen werden. Schauen Sie doch einfach mal vorbei !!!","og_url":"https:\/\/www.eliassen.nl\/de\/gluhbirne-eisenrost-60cm-barock\/","og_site_name":"Eliassen.nl","article_publisher":"https:\/\/www.facebook.com\/TuincentrumEliassenAmmerzoden","article_modified_time":"2025-11-27T14:47:01+00:00","og_image":[{"width":500,"height":500,"url":"https:\/\/www.eliassen.nl\/wp-content\/uploads\/2024\/01\/image_19nd.jpg","type":"image\/jpeg"}],"twitter_card":"summary_large_image","schema":{"@context":"https:\/\/schema.org","@graph":[{"@type":"WebPage","@id":"https:\/\/www.eliassen.nl\/de\/gluhbirne-eisenrost-60cm-barock\/","url":"https:\/\/www.eliassen.nl\/de\/gluhbirne-eisenrost-60cm-barock\/","name":"Leuchtkugel Eisen Rost 60cm Barock","isPartOf":{"@id":"https:\/\/www.eliassen.nl\/de\/#website"},"primaryImageOfPage":{"@id":"https:\/\/www.eliassen.nl\/de\/gluhbirne-eisenrost-60cm-barock\/#primaryimage"},"image":{"@id":"https:\/\/www.eliassen.nl\/de\/gluhbirne-eisenrost-60cm-barock\/#primaryimage"},"thumbnailUrl":"https:\/\/www.eliassen.nl\/wp-content\/uploads\/2024\/01\/image_19nd.jpg","datePublished":"2022-02-11T10:03:54+00:00","dateModified":"2025-11-27T14:47:01+00:00","description":"Atmosph\u00e4rische Beleuchtung in Ihrem Garten, unsere Leuchts\u00e4ulen und Leuchtkugeln m\u00fcssen gesehen werden. Schauen Sie doch einfach mal vorbei !!!","breadcrumb":{"@id":"https:\/\/www.eliassen.nl\/de\/gluhbirne-eisenrost-60cm-barock\/#breadcrumb"},"inLanguage":"de","potentialAction":[{"@type":"ReadAction","target":["https:\/\/www.eliassen.nl\/de\/gluhbirne-eisenrost-60cm-barock\/"]}]},{"@type":"ImageObject","inLanguage":"de","@id":"https:\/\/www.eliassen.nl\/de\/gluhbirne-eisenrost-60cm-barock\/#primaryimage","url":"https:\/\/www.eliassen.nl\/wp-content\/uploads\/2024\/01\/image_19nd.jpg","contentUrl":"https:\/\/www.eliassen.nl\/wp-content\/uploads\/2024\/01\/image_19nd.jpg","width":500,"height":500,"caption":"image"},{"@type":"BreadcrumbList","@id":"https:\/\/www.eliassen.nl\/de\/gluhbirne-eisenrost-60cm-barock\/#breadcrumb","itemListElement":[{"@type":"ListItem","position":1,"name":"Home","item":"https:\/\/www.eliassen.nl\/de\/"},{"@type":"ListItem","position":2,"name":"Shop","item":"https:\/\/www.eliassen.nl\/de\/shop\/"},{"@type":"ListItem","position":3,"name":"Stimmungsvolle Beleuchtung","item":"https:\/\/www.eliassen.nl\/de\/stimmungsvolle-beleuchtung\/"},{"@type":"ListItem","position":4,"name":"Ambientebeleuchtung au\u00dfen","item":"https:\/\/www.eliassen.nl\/de\/stimmungsvolle-beleuchtung\/ambientebeleuchtung-aussen\/"},{"@type":"ListItem","position":5,"name":"Leuchtkugel Eisen Rost 60cm Barock mit Licht"}]},{"@type":"WebSite","@id":"https:\/\/www.eliassen.nl\/de\/#website","url":"https:\/\/www.eliassen.nl\/de\/","name":"Eliassen Home & Garden Pleasure","description":"","publisher":{"@id":"https:\/\/www.eliassen.nl\/de\/#organization"},"alternateName":"Eliassen.nl","potentialAction":[{"@type":"SearchAction","target":{"@type":"EntryPoint","urlTemplate":"https:\/\/www.eliassen.nl\/de\/?s={search_term_string}"},"query-input":{"@type":"PropertyValueSpecification","valueRequired":true,"valueName":"search_term_string"}}],"inLanguage":"de"},{"@type":["Organization","Place"],"@id":"https:\/\/www.eliassen.nl\/de\/#organization","name":"Eliassen Home & Garden Pleasure","url":"https:\/\/www.eliassen.nl\/de\/","logo":{"@id":"https:\/\/www.eliassen.nl\/de\/gluhbirne-eisenrost-60cm-barock\/#local-main-organization-logo"},"image":{"@id":"https:\/\/www.eliassen.nl\/de\/gluhbirne-eisenrost-60cm-barock\/#local-main-organization-logo"},"sameAs":["https:\/\/www.facebook.com\/TuincentrumEliassenAmmerzoden","https:\/\/www.instagram.com\/eliassenhomeandgarden\/","https:\/\/nl.pinterest.com\/eliassenhomeandgarden\/","https:\/\/www.youtube.com\/@eliassenhomegardenpleasure4558"],"telephone":[],"openingHoursSpecification":[{"@type":"OpeningHoursSpecification","dayOfWeek":["Monday","Tuesday","Wednesday","Thursday","Friday","Saturday","Sunday"],"opens":"09:00","closes":"17:00"}]},{"@type":"ImageObject","inLanguage":"de","@id":"https:\/\/www.eliassen.nl\/de\/gluhbirne-eisenrost-60cm-barock\/#local-main-organization-logo","url":"https:\/\/www.eliassen.nl\/wp-content\/uploads\/2024\/01\/logo_4nd.jpg","contentUrl":"https:\/\/www.eliassen.nl\/wp-content\/uploads\/2024\/01\/logo_4nd.jpg","width":500,"height":500,"caption":"Eliassen Home & Garden Pleasure"}]},"product_price_amount":"329.00","product_price_currency":"EUR","og_availability":"instock","product_availability":"instock","product_retailer_item_id":"71700kg60bar","product_condition":"new"},"df_price":329,"df_sale_price":"","df_regular_price":329,"df_image_link":"https:\/\/www.eliassen.nl\/wp-content\/uploads\/2024\/01\/image_19nd.jpg","image":"https:\/\/www.eliassen.nl\/wp-content\/uploads\/2024\/01\/image_19nd.jpg","price_search":"<span class=\"woocommerce-Price-amount amount\"><bdi><span class=\"woocommerce-Price-currencySymbol\">&euro;<\/span>&nbsp;329,00<\/bdi><\/span>","category":"Ambientebeleuchtung au\u00dfen","global_unique_id":"9507366172545","_links":{"self":[{"href":"https:\/\/www.eliassen.nl\/de\/wp-json\/wp\/v2\/product\/69070","targetHints":{"allow":["GET"]}}],"collection":[{"href":"https:\/\/www.eliassen.nl\/de\/wp-json\/wp\/v2\/product"}],"about":[{"href":"https:\/\/www.eliassen.nl\/de\/wp-json\/wp\/v2\/types\/product"}],"wp:featuredmedia":[{"embeddable":true,"href":"https:\/\/www.eliassen.nl\/de\/wp-json\/wp\/v2\/media\/69064"}],"wp:attachment":[{"href":"https:\/\/www.eliassen.nl\/de\/wp-json\/wp\/v2\/media?parent=69070"}],"wp:term":[{"taxonomy":"product_brand","embeddable":true,"href":"https:\/\/www.eliassen.nl\/de\/wp-json\/wp\/v2\/product_brand?post=69070"},{"taxonomy":"product_cat","embeddable":true,"href":"https:\/\/www.eliassen.nl\/de\/wp-json\/wp\/v2\/product_cat?post=69070"},{"taxonomy":"product_tag","embeddable":true,"href":"https:\/\/www.eliassen.nl\/de\/wp-json\/wp\/v2\/product_tag?post=69070"}],"curies":[{"name":"wp","href":"https:\/\/api.w.org\/{rel}","templated":true}]}}