{"id":69046,"date":"2022-02-08T10:49:42","date_gmt":"2022-02-08T10:49:42","guid":{"rendered":"https:\/\/www.eliassen.nl\/?product=waterval-fontein-cerda-ubbink"},"modified":"2026-02-03T13:50:23","modified_gmt":"2026-02-03T12:50:23","slug":"wasserfallbrunnen-cerda-ubbink-150cm","status":"publish","type":"product","link":"https:\/\/www.eliassen.nl\/de\/wasserfallbrunnen-cerda-ubbink-150cm\/","title":{"rendered":"Wasserfall Springbrunnen Felsen fallendes Wasser Cerda 150cm"},"content":{"rendered":"<p><strong>M\u00f6chten Sie den Ausstellungsraum daf\u00fcr besuchen? Kontaktieren Sie uns im Voraus!<\/strong><\/p>\n<p>Ein echter Blickfang f\u00fcr Ihren Garten, Ihr Haus oder Ihr Gesch\u00e4ft. Dieser beeindruckende gro\u00dfe durchbrochene Baumstamm mit nat\u00fcrlichem Aussehen ist aus robustem Polyresin gefertigt. Dieser Wasserfall wird von 4 LED-Einheiten mit je 8 Dioden wundersch\u00f6n beleuchtet. Ist m\u00f6glicherweise auch f\u00fcr den Innenbereich geeignet. Dieser Wasserfall f\u00fchrt sein eigenes Wasser, so dass Sie nicht graben m\u00fcssen. Ausgestattet mit rostfreiem Stahl f\u00fcr eine klare Anzeige des flie\u00dfenden Wassers.<\/p>\n<p><strong>Haben Sie anderswo einen niedrigeren Preis gesehen? Wir erstatten Ihnen die Differenz nach dem Kauf! (ausgenommen Werbeaktionen)<\/strong><\/p>\n<ul>\n<li>Material: Polyresin<\/li>\n<li>Gr\u00f6\u00dfe Ornament: 71x48x150cm hoch<\/li>\n<li>Kann ohne Graben installiert werden<\/li>\n<li>Mit Licht :ja an 4 Stellen 8-teilige LEDs und Pumpe 4000 Liter<\/li>\n<li>Garantie: 1 Jahr<\/li>\n<li>Schnelle Lieferung<\/li>\n<li>Kommen Sie vorbei und schauen Sie sich unser Ausstellungssetup mit wenigen funktionierenden Modellen an.<\/li>\n<\/ul>\n","protected":false},"excerpt":{"rendered":"<p>M\u00f6chten Sie den Ausstellungsraum daf\u00fcr besuchen? Kontaktieren Sie uns im Voraus!<\/p>\n","protected":false},"featured_media":69034,"template":"","meta":{"_acf_changed":false,"_genesis_title":"","_genesis_description":""},"product_brand":[6952],"product_cat":[575,578,536,581],"product_tag":[],"class_list":{"0":"post-69046","1":"product","2":"type-product","3":"status-publish","4":"has-post-thumbnail","6":"product_brand-acqua-arte-de","7":"product_cat-ubbink-wasserspiele","8":"product_cat-wasserfaelle-und-wasserschalen","9":"product_cat-wassereigenschaften","10":"product_cat-wasserspiele-aus-kunststoff","12":"first","13":"instock","14":"taxable","15":"shipping-taxable","16":"purchasable","17":"product-type-simple"},"acf":[],"meta_all":{"total_sales":"0","wcml_sync_hash":{"postmeta_fields":"4021820e08ece10da4e93bdd94eeca88"},"attr_label_translations":[],"cor_restricted_countries":[]},"meta_all_flat":{"total_sales":"0","wcml_sync_hash.postmeta_fields":"4021820e08ece10da4e93bdd94eeca88"},"yoast_head":"<!-- This site is optimized with the Yoast SEO Premium plugin v26.2 (Yoast SEO v27.2) - https:\/\/yoast.com\/product\/yoast-seo-premium-wordpress\/ -->\n<title>Wasserfall-Brunnen Cerda ubbink 150cm<\/title>\n<meta name=\"description\" content=\"Eliassen; der gr\u00f6\u00dfte in Wasserornamenten, die beste Beratung, das gr\u00f6\u00dfte Lager, fast alles auch live zu sehen !!!\" \/>\n<meta name=\"robots\" content=\"index, follow, max-snippet:-1, max-image-preview:large, max-video-preview:-1\" \/>\n<link rel=\"canonical\" href=\"https:\/\/www.eliassen.nl\/de\/wasserfallbrunnen-cerda-ubbink-150cm\/\" \/>\n<meta property=\"og:locale\" content=\"de_DE\" \/>\n<meta property=\"og:type\" content=\"article\" \/>\n<meta property=\"og:title\" content=\"Acqua Arte Wasserfall Springbrunnen Felsen fallendes Wasser Cerda 150cm - Eliassen.nl\" \/>\n<meta property=\"og:description\" content=\"Eliassen; der gr\u00f6\u00dfte in Wasserornamenten, die beste Beratung, das gr\u00f6\u00dfte Lager, fast alles auch live zu sehen !!!\" \/>\n<meta property=\"og:url\" content=\"https:\/\/www.eliassen.nl\/de\/wasserfallbrunnen-cerda-ubbink-150cm\/\" \/>\n<meta property=\"og:site_name\" content=\"Eliassen.nl\" \/>\n<meta property=\"article:publisher\" content=\"https:\/\/www.facebook.com\/TuincentrumEliassenAmmerzoden\" \/>\n<meta property=\"article:modified_time\" content=\"2026-02-03T12:50:23+00:00\" \/>\n<meta property=\"og:image\" content=\"https:\/\/www.eliassen.nl\/wp-content\/uploads\/2024\/01\/watervalfonteincerdaeliassennl.jpg\" \/>\n\t<meta property=\"og:image:width\" content=\"2000\" \/>\n\t<meta property=\"og:image:height\" content=\"2000\" \/>\n\t<meta property=\"og:image:type\" content=\"image\/jpeg\" \/>\n<meta name=\"twitter:card\" content=\"summary_large_image\" \/>\n<script type=\"application\/ld+json\" class=\"yoast-schema-graph\">{\"@context\":\"https:\/\/schema.org\",\"@graph\":[{\"@type\":\"WebPage\",\"@id\":\"https:\/\/www.eliassen.nl\/de\/wasserfallbrunnen-cerda-ubbink-150cm\/\",\"url\":\"https:\/\/www.eliassen.nl\/de\/wasserfallbrunnen-cerda-ubbink-150cm\/\",\"name\":\"Wasserfall-Brunnen Cerda ubbink 150cm\",\"isPartOf\":{\"@id\":\"https:\/\/www.eliassen.nl\/de\/#website\"},\"primaryImageOfPage\":{\"@id\":\"https:\/\/www.eliassen.nl\/de\/wasserfallbrunnen-cerda-ubbink-150cm\/#primaryimage\"},\"image\":{\"@id\":\"https:\/\/www.eliassen.nl\/de\/wasserfallbrunnen-cerda-ubbink-150cm\/#primaryimage\"},\"thumbnailUrl\":\"https:\/\/www.eliassen.nl\/wp-content\/uploads\/2024\/01\/watervalfonteincerdaeliassennl.jpg\",\"datePublished\":\"2022-02-08T10:49:42+00:00\",\"dateModified\":\"2026-02-03T12:50:23+00:00\",\"description\":\"Eliassen; der gr\u00f6\u00dfte in Wasserornamenten, die beste Beratung, das gr\u00f6\u00dfte Lager, fast alles auch live zu sehen !!!\",\"breadcrumb\":{\"@id\":\"https:\/\/www.eliassen.nl\/de\/wasserfallbrunnen-cerda-ubbink-150cm\/#breadcrumb\"},\"inLanguage\":\"de\",\"potentialAction\":[{\"@type\":\"ReadAction\",\"target\":[\"https:\/\/www.eliassen.nl\/de\/wasserfallbrunnen-cerda-ubbink-150cm\/\"]}]},{\"@type\":\"ImageObject\",\"inLanguage\":\"de\",\"@id\":\"https:\/\/www.eliassen.nl\/de\/wasserfallbrunnen-cerda-ubbink-150cm\/#primaryimage\",\"url\":\"https:\/\/www.eliassen.nl\/wp-content\/uploads\/2024\/01\/watervalfonteincerdaeliassennl.jpg\",\"contentUrl\":\"https:\/\/www.eliassen.nl\/wp-content\/uploads\/2024\/01\/watervalfonteincerdaeliassennl.jpg\",\"width\":2000,\"height\":2000,\"caption\":\"Wasserfall-Brunnen Cerda eliassen.nl\"},{\"@type\":\"BreadcrumbList\",\"@id\":\"https:\/\/www.eliassen.nl\/de\/wasserfallbrunnen-cerda-ubbink-150cm\/#breadcrumb\",\"itemListElement\":[{\"@type\":\"ListItem\",\"position\":1,\"name\":\"Home\",\"item\":\"https:\/\/www.eliassen.nl\/de\/\"},{\"@type\":\"ListItem\",\"position\":2,\"name\":\"Shop\",\"item\":\"https:\/\/www.eliassen.nl\/de\/shop\/\"},{\"@type\":\"ListItem\",\"position\":3,\"name\":\"Wasserspiele\",\"item\":\"https:\/\/www.eliassen.nl\/de\/wassereigenschaften\/\"},{\"@type\":\"ListItem\",\"position\":4,\"name\":\"Ubbink-Wasserspiele\",\"item\":\"https:\/\/www.eliassen.nl\/de\/wassereigenschaften\/ubbink-wasserspiele\/\"},{\"@type\":\"ListItem\",\"position\":5,\"name\":\"Wasserfall Springbrunnen Felsen fallendes Wasser Cerda 150cm\"}]},{\"@type\":\"WebSite\",\"@id\":\"https:\/\/www.eliassen.nl\/de\/#website\",\"url\":\"https:\/\/www.eliassen.nl\/de\/\",\"name\":\"Eliassen Home & Garden Pleasure\",\"description\":\"\",\"publisher\":{\"@id\":\"https:\/\/www.eliassen.nl\/de\/#organization\"},\"alternateName\":\"Eliassen.nl\",\"potentialAction\":[{\"@type\":\"SearchAction\",\"target\":{\"@type\":\"EntryPoint\",\"urlTemplate\":\"https:\/\/www.eliassen.nl\/de\/?s={search_term_string}\"},\"query-input\":{\"@type\":\"PropertyValueSpecification\",\"valueRequired\":true,\"valueName\":\"search_term_string\"}}],\"inLanguage\":\"de\"},{\"@type\":[\"Organization\",\"Place\"],\"@id\":\"https:\/\/www.eliassen.nl\/de\/#organization\",\"name\":\"Eliassen Home & Garden Pleasure\",\"url\":\"https:\/\/www.eliassen.nl\/de\/\",\"logo\":{\"@id\":\"https:\/\/www.eliassen.nl\/de\/wasserfallbrunnen-cerda-ubbink-150cm\/#local-main-organization-logo\"},\"image\":{\"@id\":\"https:\/\/www.eliassen.nl\/de\/wasserfallbrunnen-cerda-ubbink-150cm\/#local-main-organization-logo\"},\"sameAs\":[\"https:\/\/www.facebook.com\/TuincentrumEliassenAmmerzoden\",\"https:\/\/www.instagram.com\/eliassenhomeandgarden\/\",\"https:\/\/nl.pinterest.com\/eliassenhomeandgarden\/\",\"https:\/\/www.youtube.com\/@eliassenhomegardenpleasure4558\"],\"telephone\":[],\"openingHoursSpecification\":[{\"@type\":\"OpeningHoursSpecification\",\"dayOfWeek\":[\"Monday\",\"Tuesday\",\"Wednesday\",\"Thursday\",\"Friday\",\"Saturday\",\"Sunday\"],\"opens\":\"09:00\",\"closes\":\"17:00\"}]},{\"@type\":\"ImageObject\",\"inLanguage\":\"de\",\"@id\":\"https:\/\/www.eliassen.nl\/de\/wasserfallbrunnen-cerda-ubbink-150cm\/#local-main-organization-logo\",\"url\":\"https:\/\/www.eliassen.nl\/wp-content\/uploads\/2024\/01\/logo_4nd.jpg\",\"contentUrl\":\"https:\/\/www.eliassen.nl\/wp-content\/uploads\/2024\/01\/logo_4nd.jpg\",\"width\":500,\"height\":500,\"caption\":\"Eliassen Home & Garden Pleasure\"}]}<\/script>\n<meta property=\"product:price:amount\" content=\"1025.00\" \/>\n<meta property=\"product:price:currency\" content=\"EUR\" \/>\n<meta property=\"og:availability\" content=\"instock\" \/>\n<meta property=\"product:availability\" content=\"instock\" \/>\n<meta property=\"product:retailer_item_id\" content=\"1387150\" \/>\n<meta property=\"product:condition\" content=\"new\" \/>\n<!-- \/ Yoast SEO Premium plugin. -->","yoast_head_json":{"title":"Wasserfall-Brunnen Cerda ubbink 150cm","description":"Eliassen; der gr\u00f6\u00dfte in Wasserornamenten, die beste Beratung, das gr\u00f6\u00dfte Lager, fast alles auch live zu sehen !!!","robots":{"index":"index","follow":"follow","max-snippet":"max-snippet:-1","max-image-preview":"max-image-preview:large","max-video-preview":"max-video-preview:-1"},"canonical":"https:\/\/www.eliassen.nl\/de\/wasserfallbrunnen-cerda-ubbink-150cm\/","og_locale":"de_DE","og_type":"article","og_title":"Acqua Arte Wasserfall Springbrunnen Felsen fallendes Wasser Cerda 150cm - Eliassen.nl","og_description":"Eliassen; der gr\u00f6\u00dfte in Wasserornamenten, die beste Beratung, das gr\u00f6\u00dfte Lager, fast alles auch live zu sehen !!!","og_url":"https:\/\/www.eliassen.nl\/de\/wasserfallbrunnen-cerda-ubbink-150cm\/","og_site_name":"Eliassen.nl","article_publisher":"https:\/\/www.facebook.com\/TuincentrumEliassenAmmerzoden","article_modified_time":"2026-02-03T12:50:23+00:00","og_image":[{"width":2000,"height":2000,"url":"https:\/\/www.eliassen.nl\/wp-content\/uploads\/2024\/01\/watervalfonteincerdaeliassennl.jpg","type":"image\/jpeg"}],"twitter_card":"summary_large_image","schema":{"@context":"https:\/\/schema.org","@graph":[{"@type":"WebPage","@id":"https:\/\/www.eliassen.nl\/de\/wasserfallbrunnen-cerda-ubbink-150cm\/","url":"https:\/\/www.eliassen.nl\/de\/wasserfallbrunnen-cerda-ubbink-150cm\/","name":"Wasserfall-Brunnen Cerda ubbink 150cm","isPartOf":{"@id":"https:\/\/www.eliassen.nl\/de\/#website"},"primaryImageOfPage":{"@id":"https:\/\/www.eliassen.nl\/de\/wasserfallbrunnen-cerda-ubbink-150cm\/#primaryimage"},"image":{"@id":"https:\/\/www.eliassen.nl\/de\/wasserfallbrunnen-cerda-ubbink-150cm\/#primaryimage"},"thumbnailUrl":"https:\/\/www.eliassen.nl\/wp-content\/uploads\/2024\/01\/watervalfonteincerdaeliassennl.jpg","datePublished":"2022-02-08T10:49:42+00:00","dateModified":"2026-02-03T12:50:23+00:00","description":"Eliassen; der gr\u00f6\u00dfte in Wasserornamenten, die beste Beratung, das gr\u00f6\u00dfte Lager, fast alles auch live zu sehen !!!","breadcrumb":{"@id":"https:\/\/www.eliassen.nl\/de\/wasserfallbrunnen-cerda-ubbink-150cm\/#breadcrumb"},"inLanguage":"de","potentialAction":[{"@type":"ReadAction","target":["https:\/\/www.eliassen.nl\/de\/wasserfallbrunnen-cerda-ubbink-150cm\/"]}]},{"@type":"ImageObject","inLanguage":"de","@id":"https:\/\/www.eliassen.nl\/de\/wasserfallbrunnen-cerda-ubbink-150cm\/#primaryimage","url":"https:\/\/www.eliassen.nl\/wp-content\/uploads\/2024\/01\/watervalfonteincerdaeliassennl.jpg","contentUrl":"https:\/\/www.eliassen.nl\/wp-content\/uploads\/2024\/01\/watervalfonteincerdaeliassennl.jpg","width":2000,"height":2000,"caption":"Wasserfall-Brunnen Cerda eliassen.nl"},{"@type":"BreadcrumbList","@id":"https:\/\/www.eliassen.nl\/de\/wasserfallbrunnen-cerda-ubbink-150cm\/#breadcrumb","itemListElement":[{"@type":"ListItem","position":1,"name":"Home","item":"https:\/\/www.eliassen.nl\/de\/"},{"@type":"ListItem","position":2,"name":"Shop","item":"https:\/\/www.eliassen.nl\/de\/shop\/"},{"@type":"ListItem","position":3,"name":"Wasserspiele","item":"https:\/\/www.eliassen.nl\/de\/wassereigenschaften\/"},{"@type":"ListItem","position":4,"name":"Ubbink-Wasserspiele","item":"https:\/\/www.eliassen.nl\/de\/wassereigenschaften\/ubbink-wasserspiele\/"},{"@type":"ListItem","position":5,"name":"Wasserfall Springbrunnen Felsen fallendes Wasser Cerda 150cm"}]},{"@type":"WebSite","@id":"https:\/\/www.eliassen.nl\/de\/#website","url":"https:\/\/www.eliassen.nl\/de\/","name":"Eliassen Home & Garden Pleasure","description":"","publisher":{"@id":"https:\/\/www.eliassen.nl\/de\/#organization"},"alternateName":"Eliassen.nl","potentialAction":[{"@type":"SearchAction","target":{"@type":"EntryPoint","urlTemplate":"https:\/\/www.eliassen.nl\/de\/?s={search_term_string}"},"query-input":{"@type":"PropertyValueSpecification","valueRequired":true,"valueName":"search_term_string"}}],"inLanguage":"de"},{"@type":["Organization","Place"],"@id":"https:\/\/www.eliassen.nl\/de\/#organization","name":"Eliassen Home & Garden Pleasure","url":"https:\/\/www.eliassen.nl\/de\/","logo":{"@id":"https:\/\/www.eliassen.nl\/de\/wasserfallbrunnen-cerda-ubbink-150cm\/#local-main-organization-logo"},"image":{"@id":"https:\/\/www.eliassen.nl\/de\/wasserfallbrunnen-cerda-ubbink-150cm\/#local-main-organization-logo"},"sameAs":["https:\/\/www.facebook.com\/TuincentrumEliassenAmmerzoden","https:\/\/www.instagram.com\/eliassenhomeandgarden\/","https:\/\/nl.pinterest.com\/eliassenhomeandgarden\/","https:\/\/www.youtube.com\/@eliassenhomegardenpleasure4558"],"telephone":[],"openingHoursSpecification":[{"@type":"OpeningHoursSpecification","dayOfWeek":["Monday","Tuesday","Wednesday","Thursday","Friday","Saturday","Sunday"],"opens":"09:00","closes":"17:00"}]},{"@type":"ImageObject","inLanguage":"de","@id":"https:\/\/www.eliassen.nl\/de\/wasserfallbrunnen-cerda-ubbink-150cm\/#local-main-organization-logo","url":"https:\/\/www.eliassen.nl\/wp-content\/uploads\/2024\/01\/logo_4nd.jpg","contentUrl":"https:\/\/www.eliassen.nl\/wp-content\/uploads\/2024\/01\/logo_4nd.jpg","width":500,"height":500,"caption":"Eliassen Home & Garden Pleasure"}]},"product_price_amount":"1025.00","product_price_currency":"EUR","og_availability":"instock","product_availability":"instock","product_retailer_item_id":"1387150","product_condition":"new"},"df_price":1025,"df_sale_price":"","df_regular_price":1025,"df_image_link":"https:\/\/www.eliassen.nl\/wp-content\/uploads\/2024\/01\/watervalfonteincerdaeliassennl.jpg","image":"https:\/\/www.eliassen.nl\/wp-content\/uploads\/2024\/01\/watervalfonteincerdaeliassennl.jpg","price_search":"<span class=\"woocommerce-Price-amount amount\"><bdi><span class=\"woocommerce-Price-currencySymbol\">&euro;<\/span>&nbsp;1.025,00<\/bdi><\/span>","category":"Ubbink-Wasserspiele","global_unique_id":"8711465871501","_links":{"self":[{"href":"https:\/\/www.eliassen.nl\/de\/wp-json\/wp\/v2\/product\/69046","targetHints":{"allow":["GET"]}}],"collection":[{"href":"https:\/\/www.eliassen.nl\/de\/wp-json\/wp\/v2\/product"}],"about":[{"href":"https:\/\/www.eliassen.nl\/de\/wp-json\/wp\/v2\/types\/product"}],"wp:featuredmedia":[{"embeddable":true,"href":"https:\/\/www.eliassen.nl\/de\/wp-json\/wp\/v2\/media\/69034"}],"wp:attachment":[{"href":"https:\/\/www.eliassen.nl\/de\/wp-json\/wp\/v2\/media?parent=69046"}],"wp:term":[{"taxonomy":"product_brand","embeddable":true,"href":"https:\/\/www.eliassen.nl\/de\/wp-json\/wp\/v2\/product_brand?post=69046"},{"taxonomy":"product_cat","embeddable":true,"href":"https:\/\/www.eliassen.nl\/de\/wp-json\/wp\/v2\/product_cat?post=69046"},{"taxonomy":"product_tag","embeddable":true,"href":"https:\/\/www.eliassen.nl\/de\/wp-json\/wp\/v2\/product_tag?post=69046"}],"curies":[{"name":"wp","href":"https:\/\/api.w.org\/{rel}","templated":true}]}}