{"id":68479,"date":"2022-01-26T14:13:02","date_gmt":"2022-01-26T14:13:02","guid":{"rendered":"https:\/\/www.eliassen.nl\/?product=copy-of-3d-schilderij-metaal-80x120cm-olifant-in-g"},"modified":"2026-01-07T13:25:41","modified_gmt":"2026-01-07T12:25:41","slug":"3d-gemalde-aus-metall-80-x-120-cm-terrassenkaffee-in-der-stadt","status":"publish","type":"product","link":"https:\/\/www.eliassen.nl\/de\/3d-gemalde-aus-metall-80-x-120-cm-terrassenkaffee-in-der-stadt\/","title":{"rendered":"3D Gem\u00e4lde Metall 80x120cm Terrasse Kaffee in der Stadt"},"content":{"rendered":"<p>Mit dieser vollst\u00e4ndig von Hand gefertigten Wanddekoration wird Ihr Zuhause oder Ihr Gesch\u00e4ft wundersch\u00f6n. Ein sehr arbeitsintensives St\u00fcck Wanddekoration, jedes mit einem einzigartigen Charakter. Dieses modellhafte Metallbild, das eine gem\u00fctliche Terrasse mit Kaffee in einer Stadt zeigt, ist vollst\u00e4ndig handgefertigt. Alles an diesem Wandobjekt ist aus Metall, also sowohl der Hintergrund als auch die Figur. Da es von Hand gemalt und hergestellt wurde, kann die Farbe leicht vom Foto abweichen. 3D-Gem\u00e4lde sind nie genau gleich. Bei diesen etwas groben Gem\u00e4lden kann es immer wieder zu kleineren Abweichungen kommen. Manchmal wurde dies sogar absichtlich gemacht, um eine handgemalte Atmosph\u00e4re zu schaffen.<br \/>\n<strong>Wir haben auch fast die gesamte Kollektion dieser Serie in unserem Gesch\u00e4ft, was in den Niederlanden sehr einzigartig ist<\/strong>. <strong>Nirgendwo sonst finden Sie eine so gro\u00dfe Kollektion und Sie sind herzlich eingeladen, unseren Ausstellungsraum zu besuchen.<\/strong><\/p>\n<p>Dieses 3D-Metallbild, das ein belebtes Caf\u00e9 in einer Stadt zeigt, ist eine gro\u00dfartige Erg\u00e4nzung f\u00fcr Ihr Interieur, wenn Sie Ihr Zuhause aufhellen und ihm Gem\u00fctlichkeit verleihen m\u00f6chten. Auf dem 3d-Wandobjekt sind verschiedene warme Farben zu sehen. So kommt diese 3D-Wanddekoration zum Beispiel in einem Wohnzimmer oder in der K\u00fcche gut zur Geltung. Dieses 3D-Metallbild ist auch f\u00fcr das Gastgewerbe geeignet.<\/p>\n<ul>\n<li>Gr\u00f6\u00dfe 80x120cm<\/li>\n<li>Einfach mit 2 Schrauben aufzuh\u00e4ngen<\/li>\n<li>Schnelle Lieferung<\/li>\n<li>Handbemalt<\/li>\n<li>Gr\u00f6\u00dfte Sammlung in den Benelux-L\u00e4ndern, auch f\u00fcr Live-Viewing verf\u00fcgbar<\/li>\n<\/ul>\n","protected":false},"excerpt":{"rendered":"<p>Handgemacht mit einem Caf\u00e9 in einer Stadt.<\/p>\n","protected":false},"featured_media":68476,"template":"","meta":{"_acf_changed":false,"_genesis_title":"","_genesis_description":""},"product_brand":[7505],"product_cat":[419,434,410],"product_tag":[],"class_list":{"0":"post-68479","1":"product","2":"type-product","3":"status-publish","4":"has-post-thumbnail","6":"product_brand-sonstige","7":"product_cat-3d-gemaelde-aus-metall","8":"product_cat-3d-gemaelde-aus-metall-im-format-80x120cm","9":"product_cat-gemaelde","11":"first","12":"instock","13":"taxable","14":"shipping-taxable","15":"purchasable","16":"product-type-simple"},"acf":[],"meta_all":{"total_sales":"8","wcml_sync_hash":{"postmeta_fields":"08078101db65661aca8bba7bbbde224e"},"attr_label_translations":[],"cor_restricted_countries":[]},"meta_all_flat":{"total_sales":"8","wcml_sync_hash.postmeta_fields":"08078101db65661aca8bba7bbbde224e"},"yoast_head":"<!-- This site is optimized with the Yoast SEO Premium plugin v26.2 (Yoast SEO v27.2) - https:\/\/yoast.com\/product\/yoast-seo-premium-wordpress\/ -->\n<title>3D Gem\u00e4lde Metall 80x120cm Terrasse Kaffee in der Stadt | Eliassen.nl<\/title>\n<meta name=\"description\" content=\"Gem\u00e4lde Terrasse Kaffee in der Stadt 3D Metall mit Gr\u00f6\u00dfe 80x120cm. Dieses Gem\u00e4lde ist eine sch\u00f6ne Dekoration f\u00fcr jede Art von Interieur. Sehen Sie auch LIVE!\" \/>\n<meta name=\"robots\" content=\"index, follow, max-snippet:-1, max-image-preview:large, max-video-preview:-1\" \/>\n<link rel=\"canonical\" href=\"https:\/\/www.eliassen.nl\/de\/3d-gemalde-aus-metall-80-x-120-cm-terrassenkaffee-in-der-stadt\/\" \/>\n<meta property=\"og:locale\" content=\"de_DE\" \/>\n<meta property=\"og:type\" content=\"article\" \/>\n<meta property=\"og:title\" content=\"Sonstige 3D Gem\u00e4lde Metall 80x120cm Terrasse Kaffee in der Stadt - Eliassen.nl\" \/>\n<meta property=\"og:description\" content=\"Gem\u00e4lde Terrasse Kaffee in der Stadt 3D Metall mit Gr\u00f6\u00dfe 80x120cm. Dieses Gem\u00e4lde ist eine sch\u00f6ne Dekoration f\u00fcr jede Art von Interieur. Sehen Sie auch LIVE!\" \/>\n<meta property=\"og:url\" content=\"https:\/\/www.eliassen.nl\/de\/3d-gemalde-aus-metall-80-x-120-cm-terrassenkaffee-in-der-stadt\/\" \/>\n<meta property=\"og:site_name\" content=\"Eliassen.nl\" \/>\n<meta property=\"article:publisher\" content=\"https:\/\/www.facebook.com\/TuincentrumEliassenAmmerzoden\" \/>\n<meta property=\"article:modified_time\" content=\"2026-01-07T12:25:41+00:00\" \/>\n<meta property=\"og:image\" content=\"https:\/\/www.eliassen.nl\/wp-content\/uploads\/2024\/01\/md0020183dschilderijmetaal80x120cmterraskoff.jpg\" \/>\n\t<meta property=\"og:image:width\" content=\"2048\" \/>\n\t<meta property=\"og:image:height\" content=\"1380\" \/>\n\t<meta property=\"og:image:type\" content=\"image\/jpeg\" \/>\n<meta name=\"twitter:card\" content=\"summary_large_image\" \/>\n<script type=\"application\/ld+json\" class=\"yoast-schema-graph\">{\"@context\":\"https:\/\/schema.org\",\"@graph\":[{\"@type\":\"WebPage\",\"@id\":\"https:\/\/www.eliassen.nl\/de\/3d-gemalde-aus-metall-80-x-120-cm-terrassenkaffee-in-der-stadt\/\",\"url\":\"https:\/\/www.eliassen.nl\/de\/3d-gemalde-aus-metall-80-x-120-cm-terrassenkaffee-in-der-stadt\/\",\"name\":\"3D Gem\u00e4lde Metall 80x120cm Terrasse Kaffee in der Stadt | Eliassen.nl\",\"isPartOf\":{\"@id\":\"https:\/\/www.eliassen.nl\/de\/#website\"},\"primaryImageOfPage\":{\"@id\":\"https:\/\/www.eliassen.nl\/de\/3d-gemalde-aus-metall-80-x-120-cm-terrassenkaffee-in-der-stadt\/#primaryimage\"},\"image\":{\"@id\":\"https:\/\/www.eliassen.nl\/de\/3d-gemalde-aus-metall-80-x-120-cm-terrassenkaffee-in-der-stadt\/#primaryimage\"},\"thumbnailUrl\":\"https:\/\/www.eliassen.nl\/wp-content\/uploads\/2024\/01\/md0020183dschilderijmetaal80x120cmterraskoff.jpg\",\"datePublished\":\"2022-01-26T14:13:02+00:00\",\"dateModified\":\"2026-01-07T12:25:41+00:00\",\"description\":\"Gem\u00e4lde Terrasse Kaffee in der Stadt 3D Metall mit Gr\u00f6\u00dfe 80x120cm. Dieses Gem\u00e4lde ist eine sch\u00f6ne Dekoration f\u00fcr jede Art von Interieur. Sehen Sie auch LIVE!\",\"breadcrumb\":{\"@id\":\"https:\/\/www.eliassen.nl\/de\/3d-gemalde-aus-metall-80-x-120-cm-terrassenkaffee-in-der-stadt\/#breadcrumb\"},\"inLanguage\":\"de\",\"potentialAction\":[{\"@type\":\"ReadAction\",\"target\":[\"https:\/\/www.eliassen.nl\/de\/3d-gemalde-aus-metall-80-x-120-cm-terrassenkaffee-in-der-stadt\/\"]}]},{\"@type\":\"ImageObject\",\"inLanguage\":\"de\",\"@id\":\"https:\/\/www.eliassen.nl\/de\/3d-gemalde-aus-metall-80-x-120-cm-terrassenkaffee-in-der-stadt\/#primaryimage\",\"url\":\"https:\/\/www.eliassen.nl\/wp-content\/uploads\/2024\/01\/md0020183dschilderijmetaal80x120cmterraskoff.jpg\",\"contentUrl\":\"https:\/\/www.eliassen.nl\/wp-content\/uploads\/2024\/01\/md0020183dschilderijmetaal80x120cmterraskoff.jpg\",\"width\":2048,\"height\":1380,\"caption\":\"MD002018 3D Gem\u00e4lde Metall 80x120cm Terrasse Coffee In Town - Eliassen.nl\"},{\"@type\":\"BreadcrumbList\",\"@id\":\"https:\/\/www.eliassen.nl\/de\/3d-gemalde-aus-metall-80-x-120-cm-terrassenkaffee-in-der-stadt\/#breadcrumb\",\"itemListElement\":[{\"@type\":\"ListItem\",\"position\":1,\"name\":\"Home\",\"item\":\"https:\/\/www.eliassen.nl\/de\/\"},{\"@type\":\"ListItem\",\"position\":2,\"name\":\"Shop\",\"item\":\"https:\/\/www.eliassen.nl\/de\/shop\/\"},{\"@type\":\"ListItem\",\"position\":3,\"name\":\"Gem\u00e4lde\",\"item\":\"https:\/\/www.eliassen.nl\/de\/gemaelde\/\"},{\"@type\":\"ListItem\",\"position\":4,\"name\":\"3D Gem\u00e4lde aus Metall\",\"item\":\"https:\/\/www.eliassen.nl\/de\/gemaelde\/3d-gemaelde-aus-metall\/\"},{\"@type\":\"ListItem\",\"position\":5,\"name\":\"3D Gem\u00e4lde aus Metall 80x120 cm\",\"item\":\"https:\/\/www.eliassen.nl\/de\/gemaelde\/3d-gemaelde-aus-metall\/3d-gemaelde-aus-metall-im-format-80x120cm\/\"},{\"@type\":\"ListItem\",\"position\":6,\"name\":\"3D Gem\u00e4lde Metall 80x120cm Terrasse Kaffee in der Stadt\"}]},{\"@type\":\"WebSite\",\"@id\":\"https:\/\/www.eliassen.nl\/de\/#website\",\"url\":\"https:\/\/www.eliassen.nl\/de\/\",\"name\":\"Eliassen Home & Garden Pleasure\",\"description\":\"\",\"publisher\":{\"@id\":\"https:\/\/www.eliassen.nl\/de\/#organization\"},\"alternateName\":\"Eliassen.nl\",\"potentialAction\":[{\"@type\":\"SearchAction\",\"target\":{\"@type\":\"EntryPoint\",\"urlTemplate\":\"https:\/\/www.eliassen.nl\/de\/?s={search_term_string}\"},\"query-input\":{\"@type\":\"PropertyValueSpecification\",\"valueRequired\":true,\"valueName\":\"search_term_string\"}}],\"inLanguage\":\"de\"},{\"@type\":[\"Organization\",\"Place\"],\"@id\":\"https:\/\/www.eliassen.nl\/de\/#organization\",\"name\":\"Eliassen Home & Garden Pleasure\",\"url\":\"https:\/\/www.eliassen.nl\/de\/\",\"logo\":{\"@id\":\"https:\/\/www.eliassen.nl\/de\/3d-gemalde-aus-metall-80-x-120-cm-terrassenkaffee-in-der-stadt\/#local-main-organization-logo\"},\"image\":{\"@id\":\"https:\/\/www.eliassen.nl\/de\/3d-gemalde-aus-metall-80-x-120-cm-terrassenkaffee-in-der-stadt\/#local-main-organization-logo\"},\"sameAs\":[\"https:\/\/www.facebook.com\/TuincentrumEliassenAmmerzoden\",\"https:\/\/www.instagram.com\/eliassenhomeandgarden\/\",\"https:\/\/nl.pinterest.com\/eliassenhomeandgarden\/\",\"https:\/\/www.youtube.com\/@eliassenhomegardenpleasure4558\"],\"telephone\":[],\"openingHoursSpecification\":[{\"@type\":\"OpeningHoursSpecification\",\"dayOfWeek\":[\"Monday\",\"Tuesday\",\"Wednesday\",\"Thursday\",\"Friday\",\"Saturday\",\"Sunday\"],\"opens\":\"09:00\",\"closes\":\"17:00\"}]},{\"@type\":\"ImageObject\",\"inLanguage\":\"de\",\"@id\":\"https:\/\/www.eliassen.nl\/de\/3d-gemalde-aus-metall-80-x-120-cm-terrassenkaffee-in-der-stadt\/#local-main-organization-logo\",\"url\":\"https:\/\/www.eliassen.nl\/wp-content\/uploads\/2024\/01\/logo_4nd.jpg\",\"contentUrl\":\"https:\/\/www.eliassen.nl\/wp-content\/uploads\/2024\/01\/logo_4nd.jpg\",\"width\":500,\"height\":500,\"caption\":\"Eliassen Home & Garden Pleasure\"}]}<\/script>\n<meta property=\"product:price:amount\" content=\"209.00\" \/>\n<meta property=\"product:price:currency\" content=\"EUR\" \/>\n<meta property=\"og:availability\" content=\"instock\" \/>\n<meta property=\"product:availability\" content=\"instock\" \/>\n<meta property=\"product:retailer_item_id\" content=\"T2018\" \/>\n<meta property=\"product:condition\" content=\"new\" \/>\n<!-- \/ Yoast SEO Premium plugin. -->","yoast_head_json":{"title":"3D Gem\u00e4lde Metall 80x120cm Terrasse Kaffee in der Stadt | Eliassen.nl","description":"Gem\u00e4lde Terrasse Kaffee in der Stadt 3D Metall mit Gr\u00f6\u00dfe 80x120cm. Dieses Gem\u00e4lde ist eine sch\u00f6ne Dekoration f\u00fcr jede Art von Interieur. Sehen Sie auch LIVE!","robots":{"index":"index","follow":"follow","max-snippet":"max-snippet:-1","max-image-preview":"max-image-preview:large","max-video-preview":"max-video-preview:-1"},"canonical":"https:\/\/www.eliassen.nl\/de\/3d-gemalde-aus-metall-80-x-120-cm-terrassenkaffee-in-der-stadt\/","og_locale":"de_DE","og_type":"article","og_title":"Sonstige 3D Gem\u00e4lde Metall 80x120cm Terrasse Kaffee in der Stadt - Eliassen.nl","og_description":"Gem\u00e4lde Terrasse Kaffee in der Stadt 3D Metall mit Gr\u00f6\u00dfe 80x120cm. Dieses Gem\u00e4lde ist eine sch\u00f6ne Dekoration f\u00fcr jede Art von Interieur. Sehen Sie auch LIVE!","og_url":"https:\/\/www.eliassen.nl\/de\/3d-gemalde-aus-metall-80-x-120-cm-terrassenkaffee-in-der-stadt\/","og_site_name":"Eliassen.nl","article_publisher":"https:\/\/www.facebook.com\/TuincentrumEliassenAmmerzoden","article_modified_time":"2026-01-07T12:25:41+00:00","og_image":[{"width":2048,"height":1380,"url":"https:\/\/www.eliassen.nl\/wp-content\/uploads\/2024\/01\/md0020183dschilderijmetaal80x120cmterraskoff.jpg","type":"image\/jpeg"}],"twitter_card":"summary_large_image","schema":{"@context":"https:\/\/schema.org","@graph":[{"@type":"WebPage","@id":"https:\/\/www.eliassen.nl\/de\/3d-gemalde-aus-metall-80-x-120-cm-terrassenkaffee-in-der-stadt\/","url":"https:\/\/www.eliassen.nl\/de\/3d-gemalde-aus-metall-80-x-120-cm-terrassenkaffee-in-der-stadt\/","name":"3D Gem\u00e4lde Metall 80x120cm Terrasse Kaffee in der Stadt | Eliassen.nl","isPartOf":{"@id":"https:\/\/www.eliassen.nl\/de\/#website"},"primaryImageOfPage":{"@id":"https:\/\/www.eliassen.nl\/de\/3d-gemalde-aus-metall-80-x-120-cm-terrassenkaffee-in-der-stadt\/#primaryimage"},"image":{"@id":"https:\/\/www.eliassen.nl\/de\/3d-gemalde-aus-metall-80-x-120-cm-terrassenkaffee-in-der-stadt\/#primaryimage"},"thumbnailUrl":"https:\/\/www.eliassen.nl\/wp-content\/uploads\/2024\/01\/md0020183dschilderijmetaal80x120cmterraskoff.jpg","datePublished":"2022-01-26T14:13:02+00:00","dateModified":"2026-01-07T12:25:41+00:00","description":"Gem\u00e4lde Terrasse Kaffee in der Stadt 3D Metall mit Gr\u00f6\u00dfe 80x120cm. Dieses Gem\u00e4lde ist eine sch\u00f6ne Dekoration f\u00fcr jede Art von Interieur. Sehen Sie auch LIVE!","breadcrumb":{"@id":"https:\/\/www.eliassen.nl\/de\/3d-gemalde-aus-metall-80-x-120-cm-terrassenkaffee-in-der-stadt\/#breadcrumb"},"inLanguage":"de","potentialAction":[{"@type":"ReadAction","target":["https:\/\/www.eliassen.nl\/de\/3d-gemalde-aus-metall-80-x-120-cm-terrassenkaffee-in-der-stadt\/"]}]},{"@type":"ImageObject","inLanguage":"de","@id":"https:\/\/www.eliassen.nl\/de\/3d-gemalde-aus-metall-80-x-120-cm-terrassenkaffee-in-der-stadt\/#primaryimage","url":"https:\/\/www.eliassen.nl\/wp-content\/uploads\/2024\/01\/md0020183dschilderijmetaal80x120cmterraskoff.jpg","contentUrl":"https:\/\/www.eliassen.nl\/wp-content\/uploads\/2024\/01\/md0020183dschilderijmetaal80x120cmterraskoff.jpg","width":2048,"height":1380,"caption":"MD002018 3D Gem\u00e4lde Metall 80x120cm Terrasse Coffee In Town - Eliassen.nl"},{"@type":"BreadcrumbList","@id":"https:\/\/www.eliassen.nl\/de\/3d-gemalde-aus-metall-80-x-120-cm-terrassenkaffee-in-der-stadt\/#breadcrumb","itemListElement":[{"@type":"ListItem","position":1,"name":"Home","item":"https:\/\/www.eliassen.nl\/de\/"},{"@type":"ListItem","position":2,"name":"Shop","item":"https:\/\/www.eliassen.nl\/de\/shop\/"},{"@type":"ListItem","position":3,"name":"Gem\u00e4lde","item":"https:\/\/www.eliassen.nl\/de\/gemaelde\/"},{"@type":"ListItem","position":4,"name":"3D Gem\u00e4lde aus Metall","item":"https:\/\/www.eliassen.nl\/de\/gemaelde\/3d-gemaelde-aus-metall\/"},{"@type":"ListItem","position":5,"name":"3D Gem\u00e4lde aus Metall 80x120 cm","item":"https:\/\/www.eliassen.nl\/de\/gemaelde\/3d-gemaelde-aus-metall\/3d-gemaelde-aus-metall-im-format-80x120cm\/"},{"@type":"ListItem","position":6,"name":"3D Gem\u00e4lde Metall 80x120cm Terrasse Kaffee in der Stadt"}]},{"@type":"WebSite","@id":"https:\/\/www.eliassen.nl\/de\/#website","url":"https:\/\/www.eliassen.nl\/de\/","name":"Eliassen Home & Garden Pleasure","description":"","publisher":{"@id":"https:\/\/www.eliassen.nl\/de\/#organization"},"alternateName":"Eliassen.nl","potentialAction":[{"@type":"SearchAction","target":{"@type":"EntryPoint","urlTemplate":"https:\/\/www.eliassen.nl\/de\/?s={search_term_string}"},"query-input":{"@type":"PropertyValueSpecification","valueRequired":true,"valueName":"search_term_string"}}],"inLanguage":"de"},{"@type":["Organization","Place"],"@id":"https:\/\/www.eliassen.nl\/de\/#organization","name":"Eliassen Home & Garden Pleasure","url":"https:\/\/www.eliassen.nl\/de\/","logo":{"@id":"https:\/\/www.eliassen.nl\/de\/3d-gemalde-aus-metall-80-x-120-cm-terrassenkaffee-in-der-stadt\/#local-main-organization-logo"},"image":{"@id":"https:\/\/www.eliassen.nl\/de\/3d-gemalde-aus-metall-80-x-120-cm-terrassenkaffee-in-der-stadt\/#local-main-organization-logo"},"sameAs":["https:\/\/www.facebook.com\/TuincentrumEliassenAmmerzoden","https:\/\/www.instagram.com\/eliassenhomeandgarden\/","https:\/\/nl.pinterest.com\/eliassenhomeandgarden\/","https:\/\/www.youtube.com\/@eliassenhomegardenpleasure4558"],"telephone":[],"openingHoursSpecification":[{"@type":"OpeningHoursSpecification","dayOfWeek":["Monday","Tuesday","Wednesday","Thursday","Friday","Saturday","Sunday"],"opens":"09:00","closes":"17:00"}]},{"@type":"ImageObject","inLanguage":"de","@id":"https:\/\/www.eliassen.nl\/de\/3d-gemalde-aus-metall-80-x-120-cm-terrassenkaffee-in-der-stadt\/#local-main-organization-logo","url":"https:\/\/www.eliassen.nl\/wp-content\/uploads\/2024\/01\/logo_4nd.jpg","contentUrl":"https:\/\/www.eliassen.nl\/wp-content\/uploads\/2024\/01\/logo_4nd.jpg","width":500,"height":500,"caption":"Eliassen Home & Garden Pleasure"}]},"product_price_amount":"209.00","product_price_currency":"EUR","og_availability":"instock","product_availability":"instock","product_retailer_item_id":"T2018","product_condition":"new"},"df_price":209,"df_sale_price":"","df_regular_price":209,"df_image_link":"https:\/\/www.eliassen.nl\/wp-content\/uploads\/2024\/01\/md0020183dschilderijmetaal80x120cmterraskoff.jpg","image":"https:\/\/www.eliassen.nl\/wp-content\/uploads\/2024\/01\/md0020183dschilderijmetaal80x120cmterraskoff.jpg","price_search":"<span class=\"woocommerce-Price-amount amount\"><bdi><span class=\"woocommerce-Price-currencySymbol\">&euro;<\/span>&nbsp;209,00<\/bdi><\/span>","category":"3D Gem\u00e4lde aus Metall","global_unique_id":"5410807020180","_links":{"self":[{"href":"https:\/\/www.eliassen.nl\/de\/wp-json\/wp\/v2\/product\/68479","targetHints":{"allow":["GET"]}}],"collection":[{"href":"https:\/\/www.eliassen.nl\/de\/wp-json\/wp\/v2\/product"}],"about":[{"href":"https:\/\/www.eliassen.nl\/de\/wp-json\/wp\/v2\/types\/product"}],"wp:featuredmedia":[{"embeddable":true,"href":"https:\/\/www.eliassen.nl\/de\/wp-json\/wp\/v2\/media\/68476"}],"wp:attachment":[{"href":"https:\/\/www.eliassen.nl\/de\/wp-json\/wp\/v2\/media?parent=68479"}],"wp:term":[{"taxonomy":"product_brand","embeddable":true,"href":"https:\/\/www.eliassen.nl\/de\/wp-json\/wp\/v2\/product_brand?post=68479"},{"taxonomy":"product_cat","embeddable":true,"href":"https:\/\/www.eliassen.nl\/de\/wp-json\/wp\/v2\/product_cat?post=68479"},{"taxonomy":"product_tag","embeddable":true,"href":"https:\/\/www.eliassen.nl\/de\/wp-json\/wp\/v2\/product_tag?post=68479"}],"curies":[{"name":"wp","href":"https:\/\/api.w.org\/{rel}","templated":true}]}}