{"id":68341,"date":"2022-01-20T15:58:24","date_gmt":"2022-01-20T15:58:24","guid":{"rendered":"https:\/\/www.eliassen.nl\/?product=waterornament-set-adria-compleet"},"modified":"2026-01-16T14:11:10","modified_gmt":"2026-01-16T13:11:10","slug":"wasserschmuckset-adria-komplett","status":"publish","type":"product","link":"https:\/\/www.eliassen.nl\/de\/wasserschmuckset-adria-komplett\/","title":{"rendered":"Komplettes Set Granit Adria Wasser Ornament"},"content":{"rendered":"<p>Dieses Adria Wasserset wird komplett geliefert. Der gr\u00f6\u00dfte Stein dieses Wasserornament-Sets ist aus grauem, gemei\u00dfeltem Granit, w\u00e4hrend die kleinste S\u00e4ule aus dunkelgrauem, poliertem Granit besteht. Diese Kombination ist ein sch\u00f6ner Kontrakt in Farbe. Die kleinste S\u00e4ule verf\u00fcgt \u00fcber einen Gelbrenner aus Edelstahl, der den magischen Wasser-und-Feuer-Aspekt im Dunkeln sichtbar macht. Dieses Set enth\u00e4lt alle notwendigen Materialien, einschlie\u00dflich der sehr exklusiven Mosaikscheiben in 2 Farben, um das Wasserbecken geschickt und stilvoll fertigzustellen, sowie ein Mittel, um das Wasser klar zu halten!<\/p>\n<ul>\n<li>Gr\u00f6\u00dfe Ornament:30x40cm hoch<\/li>\n<li>Material: Granit<\/li>\n<li>Gr\u00f6\u00dfe von Wassertank und Deckel: 54x72cm<\/li>\n<li>Eigene Aktie<\/li>\n<li>Nirgendwo sonst zu verkaufen<\/li>\n<li>Inklusive exklusiver Discs<\/li>\n<li>Das ideale Modell, um eine Ruhe- oder Gedenkecke zu schaffen.<\/li>\n<\/ul>\n","protected":false},"excerpt":{"rendered":"<p>Aus Granit<\/p>\n","protected":false},"featured_media":68332,"template":"","meta":{"_acf_changed":false,"_genesis_title":"","_genesis_description":""},"product_brand":[6916],"product_cat":[539,554,536],"product_tag":[],"class_list":{"0":"post-68341","1":"product","2":"type-product","3":"status-publish","4":"has-post-thumbnail","6":"product_brand-eliassen-de","7":"product_cat-einzigartige-eigene-modelle-von-losen-wasserspiele","8":"product_cat-wasserspiel-mit-grabbecken","9":"product_cat-wassereigenschaften","11":"first","12":"instock","13":"taxable","14":"shipping-taxable","15":"purchasable","16":"product-type-simple"},"acf":[],"meta_all":{"total_sales":"0","wcml_sync_hash":{"postmeta_fields":"9c231640a0f7e475f5faa4edf3d4f0d8"},"attr_label_translations":[],"cor_restricted_countries":[]},"meta_all_flat":{"total_sales":"0","wcml_sync_hash.postmeta_fields":"9c231640a0f7e475f5faa4edf3d4f0d8"},"yoast_head":"<!-- This site is optimized with the Yoast SEO Premium plugin v26.2 (Yoast SEO v27.2) - https:\/\/yoast.com\/product\/yoast-seo-premium-wordpress\/ -->\n<title>Komplettes Set Wasser Ornament Adria | Granit | Eliassen.nl<\/title>\n<meta name=\"description\" content=\"Komplettes Set Wasserornament f\u00fcr den Garten. Nirgendwo sonst zu verkaufen! Besuchen Sie also unseren Ausstellungsraum. \u221a +300 Wasserornamente \u221a Spezialist f\u00fcr Wasserornamente\" \/>\n<meta name=\"robots\" content=\"index, follow, max-snippet:-1, max-image-preview:large, max-video-preview:-1\" \/>\n<link rel=\"canonical\" href=\"https:\/\/www.eliassen.nl\/de\/wasserschmuckset-adria-komplett\/\" \/>\n<meta property=\"og:locale\" content=\"de_DE\" \/>\n<meta property=\"og:type\" content=\"article\" \/>\n<meta property=\"og:title\" content=\"Eliassen Komplettes Set Granit Adria Wasser Ornament - Eliassen.nl\" \/>\n<meta property=\"og:description\" content=\"Komplettes Set Wasserornament f\u00fcr den Garten. Nirgendwo sonst zu verkaufen! Besuchen Sie also unseren Ausstellungsraum. \u221a +300 Wasserornamente \u221a Spezialist f\u00fcr Wasserornamente\" \/>\n<meta property=\"og:url\" content=\"https:\/\/www.eliassen.nl\/de\/wasserschmuckset-adria-komplett\/\" \/>\n<meta property=\"og:site_name\" content=\"Eliassen.nl\" \/>\n<meta property=\"article:publisher\" content=\"https:\/\/www.facebook.com\/TuincentrumEliassenAmmerzoden\" \/>\n<meta property=\"article:modified_time\" content=\"2026-01-16T13:11:10+00:00\" \/>\n<meta property=\"og:image\" content=\"https:\/\/www.eliassen.nl\/wp-content\/uploads\/2024\/01\/completesetwaterornamentadriaeliassennl.jpg\" \/>\n\t<meta property=\"og:image:width\" content=\"1299\" \/>\n\t<meta property=\"og:image:height\" content=\"2048\" \/>\n\t<meta property=\"og:image:type\" content=\"image\/jpeg\" \/>\n<meta name=\"twitter:card\" content=\"summary_large_image\" \/>\n<script type=\"application\/ld+json\" class=\"yoast-schema-graph\">{\"@context\":\"https:\/\/schema.org\",\"@graph\":[{\"@type\":\"WebPage\",\"@id\":\"https:\/\/www.eliassen.nl\/de\/wasserschmuckset-adria-komplett\/\",\"url\":\"https:\/\/www.eliassen.nl\/de\/wasserschmuckset-adria-komplett\/\",\"name\":\"Komplettes Set Wasser Ornament Adria | Granit | Eliassen.nl\",\"isPartOf\":{\"@id\":\"https:\/\/www.eliassen.nl\/de\/#website\"},\"primaryImageOfPage\":{\"@id\":\"https:\/\/www.eliassen.nl\/de\/wasserschmuckset-adria-komplett\/#primaryimage\"},\"image\":{\"@id\":\"https:\/\/www.eliassen.nl\/de\/wasserschmuckset-adria-komplett\/#primaryimage\"},\"thumbnailUrl\":\"https:\/\/www.eliassen.nl\/wp-content\/uploads\/2024\/01\/completesetwaterornamentadriaeliassennl.jpg\",\"datePublished\":\"2022-01-20T15:58:24+00:00\",\"dateModified\":\"2026-01-16T13:11:10+00:00\",\"description\":\"Komplettes Set Wasserornament f\u00fcr den Garten. Nirgendwo sonst zu verkaufen! Besuchen Sie also unseren Ausstellungsraum. \u221a +300 Wasserornamente \u221a Spezialist f\u00fcr Wasserornamente\",\"breadcrumb\":{\"@id\":\"https:\/\/www.eliassen.nl\/de\/wasserschmuckset-adria-komplett\/#breadcrumb\"},\"inLanguage\":\"de\",\"potentialAction\":[{\"@type\":\"ReadAction\",\"target\":[\"https:\/\/www.eliassen.nl\/de\/wasserschmuckset-adria-komplett\/\"]}]},{\"@type\":\"ImageObject\",\"inLanguage\":\"de\",\"@id\":\"https:\/\/www.eliassen.nl\/de\/wasserschmuckset-adria-komplett\/#primaryimage\",\"url\":\"https:\/\/www.eliassen.nl\/wp-content\/uploads\/2024\/01\/completesetwaterornamentadriaeliassennl.jpg\",\"contentUrl\":\"https:\/\/www.eliassen.nl\/wp-content\/uploads\/2024\/01\/completesetwaterornamentadriaeliassennl.jpg\",\"width\":1299,\"height\":2048,\"caption\":\"Komplettes Set Wasser Ornament Adria - Eliassen.nl\"},{\"@type\":\"BreadcrumbList\",\"@id\":\"https:\/\/www.eliassen.nl\/de\/wasserschmuckset-adria-komplett\/#breadcrumb\",\"itemListElement\":[{\"@type\":\"ListItem\",\"position\":1,\"name\":\"Home\",\"item\":\"https:\/\/www.eliassen.nl\/de\/\"},{\"@type\":\"ListItem\",\"position\":2,\"name\":\"Shop\",\"item\":\"https:\/\/www.eliassen.nl\/de\/shop\/\"},{\"@type\":\"ListItem\",\"position\":3,\"name\":\"Wasserspiele\",\"item\":\"https:\/\/www.eliassen.nl\/de\/wassereigenschaften\/\"},{\"@type\":\"ListItem\",\"position\":4,\"name\":\"Einzigartige eigene Modelle von losen Wasserspielen\",\"item\":\"https:\/\/www.eliassen.nl\/de\/wassereigenschaften\/einzigartige-eigene-modelle-von-losen-wasserspiele\/\"},{\"@type\":\"ListItem\",\"position\":5,\"name\":\"Komplettes Set Granit Adria Wasser Ornament\"}]},{\"@type\":\"WebSite\",\"@id\":\"https:\/\/www.eliassen.nl\/de\/#website\",\"url\":\"https:\/\/www.eliassen.nl\/de\/\",\"name\":\"Eliassen Home & Garden Pleasure\",\"description\":\"\",\"publisher\":{\"@id\":\"https:\/\/www.eliassen.nl\/de\/#organization\"},\"alternateName\":\"Eliassen.nl\",\"potentialAction\":[{\"@type\":\"SearchAction\",\"target\":{\"@type\":\"EntryPoint\",\"urlTemplate\":\"https:\/\/www.eliassen.nl\/de\/?s={search_term_string}\"},\"query-input\":{\"@type\":\"PropertyValueSpecification\",\"valueRequired\":true,\"valueName\":\"search_term_string\"}}],\"inLanguage\":\"de\"},{\"@type\":[\"Organization\",\"Place\"],\"@id\":\"https:\/\/www.eliassen.nl\/de\/#organization\",\"name\":\"Eliassen Home & Garden Pleasure\",\"url\":\"https:\/\/www.eliassen.nl\/de\/\",\"logo\":{\"@id\":\"https:\/\/www.eliassen.nl\/de\/wasserschmuckset-adria-komplett\/#local-main-organization-logo\"},\"image\":{\"@id\":\"https:\/\/www.eliassen.nl\/de\/wasserschmuckset-adria-komplett\/#local-main-organization-logo\"},\"sameAs\":[\"https:\/\/www.facebook.com\/TuincentrumEliassenAmmerzoden\",\"https:\/\/www.instagram.com\/eliassenhomeandgarden\/\",\"https:\/\/nl.pinterest.com\/eliassenhomeandgarden\/\",\"https:\/\/www.youtube.com\/@eliassenhomegardenpleasure4558\"],\"telephone\":[],\"openingHoursSpecification\":[{\"@type\":\"OpeningHoursSpecification\",\"dayOfWeek\":[\"Monday\",\"Tuesday\",\"Wednesday\",\"Thursday\",\"Friday\",\"Saturday\",\"Sunday\"],\"opens\":\"09:00\",\"closes\":\"17:00\"}]},{\"@type\":\"ImageObject\",\"inLanguage\":\"de\",\"@id\":\"https:\/\/www.eliassen.nl\/de\/wasserschmuckset-adria-komplett\/#local-main-organization-logo\",\"url\":\"https:\/\/www.eliassen.nl\/wp-content\/uploads\/2024\/01\/logo_4nd.jpg\",\"contentUrl\":\"https:\/\/www.eliassen.nl\/wp-content\/uploads\/2024\/01\/logo_4nd.jpg\",\"width\":500,\"height\":500,\"caption\":\"Eliassen Home & Garden Pleasure\"}]}<\/script>\n<meta property=\"product:price:amount\" content=\"169.00\" \/>\n<meta property=\"product:price:currency\" content=\"EUR\" \/>\n<meta property=\"og:availability\" content=\"instock\" \/>\n<meta property=\"product:availability\" content=\"instock\" \/>\n<meta property=\"product:retailer_item_id\" content=\"Eigad3\" \/>\n<meta property=\"product:condition\" content=\"new\" \/>\n<!-- \/ Yoast SEO Premium plugin. -->","yoast_head_json":{"title":"Komplettes Set Wasser Ornament Adria | Granit | Eliassen.nl","description":"Komplettes Set Wasserornament f\u00fcr den Garten. Nirgendwo sonst zu verkaufen! Besuchen Sie also unseren Ausstellungsraum. \u221a +300 Wasserornamente \u221a Spezialist f\u00fcr Wasserornamente","robots":{"index":"index","follow":"follow","max-snippet":"max-snippet:-1","max-image-preview":"max-image-preview:large","max-video-preview":"max-video-preview:-1"},"canonical":"https:\/\/www.eliassen.nl\/de\/wasserschmuckset-adria-komplett\/","og_locale":"de_DE","og_type":"article","og_title":"Eliassen Komplettes Set Granit Adria Wasser Ornament - Eliassen.nl","og_description":"Komplettes Set Wasserornament f\u00fcr den Garten. Nirgendwo sonst zu verkaufen! Besuchen Sie also unseren Ausstellungsraum. \u221a +300 Wasserornamente \u221a Spezialist f\u00fcr Wasserornamente","og_url":"https:\/\/www.eliassen.nl\/de\/wasserschmuckset-adria-komplett\/","og_site_name":"Eliassen.nl","article_publisher":"https:\/\/www.facebook.com\/TuincentrumEliassenAmmerzoden","article_modified_time":"2026-01-16T13:11:10+00:00","og_image":[{"width":1299,"height":2048,"url":"https:\/\/www.eliassen.nl\/wp-content\/uploads\/2024\/01\/completesetwaterornamentadriaeliassennl.jpg","type":"image\/jpeg"}],"twitter_card":"summary_large_image","schema":{"@context":"https:\/\/schema.org","@graph":[{"@type":"WebPage","@id":"https:\/\/www.eliassen.nl\/de\/wasserschmuckset-adria-komplett\/","url":"https:\/\/www.eliassen.nl\/de\/wasserschmuckset-adria-komplett\/","name":"Komplettes Set Wasser Ornament Adria | Granit | Eliassen.nl","isPartOf":{"@id":"https:\/\/www.eliassen.nl\/de\/#website"},"primaryImageOfPage":{"@id":"https:\/\/www.eliassen.nl\/de\/wasserschmuckset-adria-komplett\/#primaryimage"},"image":{"@id":"https:\/\/www.eliassen.nl\/de\/wasserschmuckset-adria-komplett\/#primaryimage"},"thumbnailUrl":"https:\/\/www.eliassen.nl\/wp-content\/uploads\/2024\/01\/completesetwaterornamentadriaeliassennl.jpg","datePublished":"2022-01-20T15:58:24+00:00","dateModified":"2026-01-16T13:11:10+00:00","description":"Komplettes Set Wasserornament f\u00fcr den Garten. Nirgendwo sonst zu verkaufen! Besuchen Sie also unseren Ausstellungsraum. \u221a +300 Wasserornamente \u221a Spezialist f\u00fcr Wasserornamente","breadcrumb":{"@id":"https:\/\/www.eliassen.nl\/de\/wasserschmuckset-adria-komplett\/#breadcrumb"},"inLanguage":"de","potentialAction":[{"@type":"ReadAction","target":["https:\/\/www.eliassen.nl\/de\/wasserschmuckset-adria-komplett\/"]}]},{"@type":"ImageObject","inLanguage":"de","@id":"https:\/\/www.eliassen.nl\/de\/wasserschmuckset-adria-komplett\/#primaryimage","url":"https:\/\/www.eliassen.nl\/wp-content\/uploads\/2024\/01\/completesetwaterornamentadriaeliassennl.jpg","contentUrl":"https:\/\/www.eliassen.nl\/wp-content\/uploads\/2024\/01\/completesetwaterornamentadriaeliassennl.jpg","width":1299,"height":2048,"caption":"Komplettes Set Wasser Ornament Adria - Eliassen.nl"},{"@type":"BreadcrumbList","@id":"https:\/\/www.eliassen.nl\/de\/wasserschmuckset-adria-komplett\/#breadcrumb","itemListElement":[{"@type":"ListItem","position":1,"name":"Home","item":"https:\/\/www.eliassen.nl\/de\/"},{"@type":"ListItem","position":2,"name":"Shop","item":"https:\/\/www.eliassen.nl\/de\/shop\/"},{"@type":"ListItem","position":3,"name":"Wasserspiele","item":"https:\/\/www.eliassen.nl\/de\/wassereigenschaften\/"},{"@type":"ListItem","position":4,"name":"Einzigartige eigene Modelle von losen Wasserspielen","item":"https:\/\/www.eliassen.nl\/de\/wassereigenschaften\/einzigartige-eigene-modelle-von-losen-wasserspiele\/"},{"@type":"ListItem","position":5,"name":"Komplettes Set Granit Adria Wasser Ornament"}]},{"@type":"WebSite","@id":"https:\/\/www.eliassen.nl\/de\/#website","url":"https:\/\/www.eliassen.nl\/de\/","name":"Eliassen Home & Garden Pleasure","description":"","publisher":{"@id":"https:\/\/www.eliassen.nl\/de\/#organization"},"alternateName":"Eliassen.nl","potentialAction":[{"@type":"SearchAction","target":{"@type":"EntryPoint","urlTemplate":"https:\/\/www.eliassen.nl\/de\/?s={search_term_string}"},"query-input":{"@type":"PropertyValueSpecification","valueRequired":true,"valueName":"search_term_string"}}],"inLanguage":"de"},{"@type":["Organization","Place"],"@id":"https:\/\/www.eliassen.nl\/de\/#organization","name":"Eliassen Home & Garden Pleasure","url":"https:\/\/www.eliassen.nl\/de\/","logo":{"@id":"https:\/\/www.eliassen.nl\/de\/wasserschmuckset-adria-komplett\/#local-main-organization-logo"},"image":{"@id":"https:\/\/www.eliassen.nl\/de\/wasserschmuckset-adria-komplett\/#local-main-organization-logo"},"sameAs":["https:\/\/www.facebook.com\/TuincentrumEliassenAmmerzoden","https:\/\/www.instagram.com\/eliassenhomeandgarden\/","https:\/\/nl.pinterest.com\/eliassenhomeandgarden\/","https:\/\/www.youtube.com\/@eliassenhomegardenpleasure4558"],"telephone":[],"openingHoursSpecification":[{"@type":"OpeningHoursSpecification","dayOfWeek":["Monday","Tuesday","Wednesday","Thursday","Friday","Saturday","Sunday"],"opens":"09:00","closes":"17:00"}]},{"@type":"ImageObject","inLanguage":"de","@id":"https:\/\/www.eliassen.nl\/de\/wasserschmuckset-adria-komplett\/#local-main-organization-logo","url":"https:\/\/www.eliassen.nl\/wp-content\/uploads\/2024\/01\/logo_4nd.jpg","contentUrl":"https:\/\/www.eliassen.nl\/wp-content\/uploads\/2024\/01\/logo_4nd.jpg","width":500,"height":500,"caption":"Eliassen Home & Garden Pleasure"}]},"product_price_amount":"169.00","product_price_currency":"EUR","og_availability":"instock","product_availability":"instock","product_retailer_item_id":"Eigad3","product_condition":"new"},"df_price":169,"df_sale_price":"","df_regular_price":169,"df_image_link":"https:\/\/www.eliassen.nl\/wp-content\/uploads\/2024\/01\/completesetwaterornamentadriaeliassennl.jpg","image":"https:\/\/www.eliassen.nl\/wp-content\/uploads\/2024\/01\/completesetwaterornamentadriaeliassennl.jpg","price_search":"<span class=\"woocommerce-Price-amount amount\"><bdi><span class=\"woocommerce-Price-currencySymbol\">&euro;<\/span>&nbsp;169,00<\/bdi><\/span>","category":"Einzigartige eigene Modelle von losen Wasserspielen","global_unique_id":"9503876814234","_links":{"self":[{"href":"https:\/\/www.eliassen.nl\/de\/wp-json\/wp\/v2\/product\/68341","targetHints":{"allow":["GET"]}}],"collection":[{"href":"https:\/\/www.eliassen.nl\/de\/wp-json\/wp\/v2\/product"}],"about":[{"href":"https:\/\/www.eliassen.nl\/de\/wp-json\/wp\/v2\/types\/product"}],"wp:featuredmedia":[{"embeddable":true,"href":"https:\/\/www.eliassen.nl\/de\/wp-json\/wp\/v2\/media\/68332"}],"wp:attachment":[{"href":"https:\/\/www.eliassen.nl\/de\/wp-json\/wp\/v2\/media?parent=68341"}],"wp:term":[{"taxonomy":"product_brand","embeddable":true,"href":"https:\/\/www.eliassen.nl\/de\/wp-json\/wp\/v2\/product_brand?post=68341"},{"taxonomy":"product_cat","embeddable":true,"href":"https:\/\/www.eliassen.nl\/de\/wp-json\/wp\/v2\/product_cat?post=68341"},{"taxonomy":"product_tag","embeddable":true,"href":"https:\/\/www.eliassen.nl\/de\/wp-json\/wp\/v2\/product_tag?post=68341"}],"curies":[{"name":"wp","href":"https:\/\/api.w.org\/{rel}","templated":true}]}}