{"id":67987,"date":"2022-01-15T09:32:58","date_gmt":"2022-01-15T09:32:58","guid":{"rendered":"https:\/\/www.eliassen.nl\/?product=bronzen-ballerina"},"modified":"2026-01-16T14:04:19","modified_gmt":"2026-01-16T13:04:19","slug":"bronzene-ballerina","status":"publish","type":"product","link":"https:\/\/www.eliassen.nl\/de\/bronzene-ballerina\/","title":{"rendered":"Ballerina aus Bronze"},"content":{"rendered":"<p>Dieses Bronzemodell einer Ballerina ist ein sch\u00f6nes St\u00fcck f\u00fcr Sie selbst oder als Geschenk f\u00fcr eine Party oder ein Jubil\u00e4um.<br \/>Gefertigt aus Bronze mit einem Mindestkupfergehalt von 75 %, bleibt dieses Modell garantiert sch\u00f6n, ob drinnen oder drau\u00dfen.  <\/p>\n<ul>\n<li>Gr\u00f6\u00dfe: 51 x 12 x 28 cm.<\/li>\n<li>Wird mit Zertifikat geliefert.<\/li>\n<li>Schnelle Lieferung<strong>.<\/strong><\/li>\n<li>30 Jahre Garantie.<\/li>\n<li><strong>Sehr viele aus dieser Serie von Bronzeskulpturen sind auch live in unserem Shop zu sehen.<\/strong><\/li>\n<\/ul>\n","protected":false},"excerpt":{"rendered":"<p>Dieses Bronzemodell einer Ballerina ist ein sch\u00f6nes St\u00fcck f\u00fcr Sie selbst oder als Geschenk f\u00fcr eine Party oder ein Jubil\u00e4um.Gefertigt aus Bronze mit einem Mindestkupfergehalt von 75 %, bleibt dieses Modell garantiert sch\u00f6n, ob drinnen oder drau\u00dfen. Gr\u00f6\u00dfe: 51 x 12 x 28 cm. Wird mit Zertifikat geliefert. Schnelle Lieferung. 30 Jahre Garantie. Sehr viele &hellip;<\/p>\n","protected":false},"featured_media":67984,"template":"","meta":{"_acf_changed":false,"_genesis_title":"","_genesis_description":""},"product_brand":[7505],"product_cat":[613,623,7239],"product_tag":[],"class_list":{"0":"post-67987","1":"product","2":"type-product","3":"status-publish","4":"has-post-thumbnail","6":"product_brand-sonstige","7":"product_cat-bronzestatuen","8":"product_cat-klassische-bronzestatuen","9":"product_cat-bilder","11":"first","12":"onbackorder","13":"taxable","14":"shipping-taxable","15":"purchasable","16":"product-type-simple"},"acf":[],"meta_all":{"total_sales":"0","wcml_sync_hash":{"postmeta_fields":"f75b1b3d7d526f932e06e97e1db97897"},"attr_label_translations":[]},"meta_all_flat":{"total_sales":"0","wcml_sync_hash.postmeta_fields":"f75b1b3d7d526f932e06e97e1db97897"},"yoast_head":"<!-- This site is optimized with the Yoast SEO Premium plugin v26.2 (Yoast SEO v27.2) - https:\/\/yoast.com\/product\/yoast-seo-premium-wordpress\/ -->\n<title>Ballerina aus Bronze<\/title>\n<meta name=\"description\" content=\"Ballerina aus Bronze kaufen? Eliassen bietet eine gro\u00dfe Auswahl an Bronzeskulpturen in einem gro\u00dfen Ausstellungsraum und online schnelle Lieferzeiten.\" \/>\n<meta name=\"robots\" content=\"index, follow, max-snippet:-1, max-image-preview:large, max-video-preview:-1\" \/>\n<link rel=\"canonical\" href=\"https:\/\/www.eliassen.nl\/de\/bronzene-ballerina\/\" \/>\n<meta property=\"og:locale\" content=\"de_DE\" \/>\n<meta property=\"og:type\" content=\"article\" \/>\n<meta property=\"og:title\" content=\"Sonstige Ballerina aus Bronze - Eliassen.nl\" \/>\n<meta property=\"og:description\" content=\"Ballerina aus Bronze kaufen? Eliassen bietet eine gro\u00dfe Auswahl an Bronzeskulpturen in einem gro\u00dfen Ausstellungsraum und online schnelle Lieferzeiten.\" \/>\n<meta property=\"og:url\" content=\"https:\/\/www.eliassen.nl\/de\/bronzene-ballerina\/\" \/>\n<meta property=\"og:site_name\" content=\"Eliassen.nl\" \/>\n<meta property=\"article:publisher\" content=\"https:\/\/www.facebook.com\/TuincentrumEliassenAmmerzoden\" \/>\n<meta property=\"article:modified_time\" content=\"2026-01-16T13:04:19+00:00\" \/>\n<meta property=\"og:image\" content=\"https:\/\/www.eliassen.nl\/wp-content\/uploads\/2024\/01\/bronzenballerinaeliassennl.jpg\" \/>\n\t<meta property=\"og:image:width\" content=\"1200\" \/>\n\t<meta property=\"og:image:height\" content=\"900\" \/>\n\t<meta property=\"og:image:type\" content=\"image\/jpeg\" \/>\n<meta name=\"twitter:card\" content=\"summary_large_image\" \/>\n<script type=\"application\/ld+json\" class=\"yoast-schema-graph\">{\"@context\":\"https:\/\/schema.org\",\"@graph\":[{\"@type\":\"WebPage\",\"@id\":\"https:\/\/www.eliassen.nl\/de\/bronzene-ballerina\/\",\"url\":\"https:\/\/www.eliassen.nl\/de\/bronzene-ballerina\/\",\"name\":\"Ballerina aus Bronze\",\"isPartOf\":{\"@id\":\"https:\/\/www.eliassen.nl\/de\/#website\"},\"primaryImageOfPage\":{\"@id\":\"https:\/\/www.eliassen.nl\/de\/bronzene-ballerina\/#primaryimage\"},\"image\":{\"@id\":\"https:\/\/www.eliassen.nl\/de\/bronzene-ballerina\/#primaryimage\"},\"thumbnailUrl\":\"https:\/\/www.eliassen.nl\/wp-content\/uploads\/2024\/01\/bronzenballerinaeliassennl.jpg\",\"datePublished\":\"2022-01-15T09:32:58+00:00\",\"dateModified\":\"2026-01-16T13:04:19+00:00\",\"description\":\"Ballerina aus Bronze kaufen? Eliassen bietet eine gro\u00dfe Auswahl an Bronzeskulpturen in einem gro\u00dfen Ausstellungsraum und online schnelle Lieferzeiten.\",\"breadcrumb\":{\"@id\":\"https:\/\/www.eliassen.nl\/de\/bronzene-ballerina\/#breadcrumb\"},\"inLanguage\":\"de\",\"potentialAction\":[{\"@type\":\"ReadAction\",\"target\":[\"https:\/\/www.eliassen.nl\/de\/bronzene-ballerina\/\"]}]},{\"@type\":\"ImageObject\",\"inLanguage\":\"de\",\"@id\":\"https:\/\/www.eliassen.nl\/de\/bronzene-ballerina\/#primaryimage\",\"url\":\"https:\/\/www.eliassen.nl\/wp-content\/uploads\/2024\/01\/bronzenballerinaeliassennl.jpg\",\"contentUrl\":\"https:\/\/www.eliassen.nl\/wp-content\/uploads\/2024\/01\/bronzenballerinaeliassennl.jpg\",\"width\":1200,\"height\":900,\"caption\":\"Ballerina aus Bronze - Eliassen.de\"},{\"@type\":\"BreadcrumbList\",\"@id\":\"https:\/\/www.eliassen.nl\/de\/bronzene-ballerina\/#breadcrumb\",\"itemListElement\":[{\"@type\":\"ListItem\",\"position\":1,\"name\":\"Home\",\"item\":\"https:\/\/www.eliassen.nl\/de\/\"},{\"@type\":\"ListItem\",\"position\":2,\"name\":\"Shop\",\"item\":\"https:\/\/www.eliassen.nl\/de\/shop\/\"},{\"@type\":\"ListItem\",\"position\":3,\"name\":\"Bronzestatuen\",\"item\":\"https:\/\/www.eliassen.nl\/de\/bronzestatuen\/\"},{\"@type\":\"ListItem\",\"position\":4,\"name\":\"Klassische Bronzestatuen\",\"item\":\"https:\/\/www.eliassen.nl\/de\/bilder\/bronzestatuen\/klassische-bronzestatuen\/\"},{\"@type\":\"ListItem\",\"position\":5,\"name\":\"Ballerina aus Bronze\"}]},{\"@type\":\"WebSite\",\"@id\":\"https:\/\/www.eliassen.nl\/de\/#website\",\"url\":\"https:\/\/www.eliassen.nl\/de\/\",\"name\":\"Eliassen Home & Garden Pleasure\",\"description\":\"\",\"publisher\":{\"@id\":\"https:\/\/www.eliassen.nl\/de\/#organization\"},\"alternateName\":\"Eliassen.nl\",\"potentialAction\":[{\"@type\":\"SearchAction\",\"target\":{\"@type\":\"EntryPoint\",\"urlTemplate\":\"https:\/\/www.eliassen.nl\/de\/?s={search_term_string}\"},\"query-input\":{\"@type\":\"PropertyValueSpecification\",\"valueRequired\":true,\"valueName\":\"search_term_string\"}}],\"inLanguage\":\"de\"},{\"@type\":[\"Organization\",\"Place\"],\"@id\":\"https:\/\/www.eliassen.nl\/de\/#organization\",\"name\":\"Eliassen Home & Garden Pleasure\",\"url\":\"https:\/\/www.eliassen.nl\/de\/\",\"logo\":{\"@id\":\"https:\/\/www.eliassen.nl\/de\/bronzene-ballerina\/#local-main-organization-logo\"},\"image\":{\"@id\":\"https:\/\/www.eliassen.nl\/de\/bronzene-ballerina\/#local-main-organization-logo\"},\"sameAs\":[\"https:\/\/www.facebook.com\/TuincentrumEliassenAmmerzoden\",\"https:\/\/www.instagram.com\/eliassenhomeandgarden\/\",\"https:\/\/nl.pinterest.com\/eliassenhomeandgarden\/\",\"https:\/\/www.youtube.com\/@eliassenhomegardenpleasure4558\"],\"telephone\":[],\"openingHoursSpecification\":[{\"@type\":\"OpeningHoursSpecification\",\"dayOfWeek\":[\"Monday\",\"Tuesday\",\"Wednesday\",\"Thursday\",\"Friday\",\"Saturday\",\"Sunday\"],\"opens\":\"09:00\",\"closes\":\"17:00\"}]},{\"@type\":\"ImageObject\",\"inLanguage\":\"de\",\"@id\":\"https:\/\/www.eliassen.nl\/de\/bronzene-ballerina\/#local-main-organization-logo\",\"url\":\"https:\/\/www.eliassen.nl\/wp-content\/uploads\/2024\/01\/logo_4nd.jpg\",\"contentUrl\":\"https:\/\/www.eliassen.nl\/wp-content\/uploads\/2024\/01\/logo_4nd.jpg\",\"width\":500,\"height\":500,\"caption\":\"Eliassen Home & Garden Pleasure\"}]}<\/script>\n<meta property=\"product:price:amount\" content=\"407.00\" \/>\n<meta property=\"product:price:currency\" content=\"EUR\" \/>\n<meta property=\"og:availability\" content=\"backorder\" \/>\n<meta property=\"product:availability\" content=\"available for order\" \/>\n<meta property=\"product:retailer_item_id\" content=\"An1318\" \/>\n<meta property=\"product:condition\" content=\"new\" \/>\n<!-- \/ Yoast SEO Premium plugin. -->","yoast_head_json":{"title":"Ballerina aus Bronze","description":"Ballerina aus Bronze kaufen? Eliassen bietet eine gro\u00dfe Auswahl an Bronzeskulpturen in einem gro\u00dfen Ausstellungsraum und online schnelle Lieferzeiten.","robots":{"index":"index","follow":"follow","max-snippet":"max-snippet:-1","max-image-preview":"max-image-preview:large","max-video-preview":"max-video-preview:-1"},"canonical":"https:\/\/www.eliassen.nl\/de\/bronzene-ballerina\/","og_locale":"de_DE","og_type":"article","og_title":"Sonstige Ballerina aus Bronze - Eliassen.nl","og_description":"Ballerina aus Bronze kaufen? Eliassen bietet eine gro\u00dfe Auswahl an Bronzeskulpturen in einem gro\u00dfen Ausstellungsraum und online schnelle Lieferzeiten.","og_url":"https:\/\/www.eliassen.nl\/de\/bronzene-ballerina\/","og_site_name":"Eliassen.nl","article_publisher":"https:\/\/www.facebook.com\/TuincentrumEliassenAmmerzoden","article_modified_time":"2026-01-16T13:04:19+00:00","og_image":[{"width":1200,"height":900,"url":"https:\/\/www.eliassen.nl\/wp-content\/uploads\/2024\/01\/bronzenballerinaeliassennl.jpg","type":"image\/jpeg"}],"twitter_card":"summary_large_image","schema":{"@context":"https:\/\/schema.org","@graph":[{"@type":"WebPage","@id":"https:\/\/www.eliassen.nl\/de\/bronzene-ballerina\/","url":"https:\/\/www.eliassen.nl\/de\/bronzene-ballerina\/","name":"Ballerina aus Bronze","isPartOf":{"@id":"https:\/\/www.eliassen.nl\/de\/#website"},"primaryImageOfPage":{"@id":"https:\/\/www.eliassen.nl\/de\/bronzene-ballerina\/#primaryimage"},"image":{"@id":"https:\/\/www.eliassen.nl\/de\/bronzene-ballerina\/#primaryimage"},"thumbnailUrl":"https:\/\/www.eliassen.nl\/wp-content\/uploads\/2024\/01\/bronzenballerinaeliassennl.jpg","datePublished":"2022-01-15T09:32:58+00:00","dateModified":"2026-01-16T13:04:19+00:00","description":"Ballerina aus Bronze kaufen? Eliassen bietet eine gro\u00dfe Auswahl an Bronzeskulpturen in einem gro\u00dfen Ausstellungsraum und online schnelle Lieferzeiten.","breadcrumb":{"@id":"https:\/\/www.eliassen.nl\/de\/bronzene-ballerina\/#breadcrumb"},"inLanguage":"de","potentialAction":[{"@type":"ReadAction","target":["https:\/\/www.eliassen.nl\/de\/bronzene-ballerina\/"]}]},{"@type":"ImageObject","inLanguage":"de","@id":"https:\/\/www.eliassen.nl\/de\/bronzene-ballerina\/#primaryimage","url":"https:\/\/www.eliassen.nl\/wp-content\/uploads\/2024\/01\/bronzenballerinaeliassennl.jpg","contentUrl":"https:\/\/www.eliassen.nl\/wp-content\/uploads\/2024\/01\/bronzenballerinaeliassennl.jpg","width":1200,"height":900,"caption":"Ballerina aus Bronze - Eliassen.de"},{"@type":"BreadcrumbList","@id":"https:\/\/www.eliassen.nl\/de\/bronzene-ballerina\/#breadcrumb","itemListElement":[{"@type":"ListItem","position":1,"name":"Home","item":"https:\/\/www.eliassen.nl\/de\/"},{"@type":"ListItem","position":2,"name":"Shop","item":"https:\/\/www.eliassen.nl\/de\/shop\/"},{"@type":"ListItem","position":3,"name":"Bronzestatuen","item":"https:\/\/www.eliassen.nl\/de\/bronzestatuen\/"},{"@type":"ListItem","position":4,"name":"Klassische Bronzestatuen","item":"https:\/\/www.eliassen.nl\/de\/bilder\/bronzestatuen\/klassische-bronzestatuen\/"},{"@type":"ListItem","position":5,"name":"Ballerina aus Bronze"}]},{"@type":"WebSite","@id":"https:\/\/www.eliassen.nl\/de\/#website","url":"https:\/\/www.eliassen.nl\/de\/","name":"Eliassen Home & Garden Pleasure","description":"","publisher":{"@id":"https:\/\/www.eliassen.nl\/de\/#organization"},"alternateName":"Eliassen.nl","potentialAction":[{"@type":"SearchAction","target":{"@type":"EntryPoint","urlTemplate":"https:\/\/www.eliassen.nl\/de\/?s={search_term_string}"},"query-input":{"@type":"PropertyValueSpecification","valueRequired":true,"valueName":"search_term_string"}}],"inLanguage":"de"},{"@type":["Organization","Place"],"@id":"https:\/\/www.eliassen.nl\/de\/#organization","name":"Eliassen Home & Garden Pleasure","url":"https:\/\/www.eliassen.nl\/de\/","logo":{"@id":"https:\/\/www.eliassen.nl\/de\/bronzene-ballerina\/#local-main-organization-logo"},"image":{"@id":"https:\/\/www.eliassen.nl\/de\/bronzene-ballerina\/#local-main-organization-logo"},"sameAs":["https:\/\/www.facebook.com\/TuincentrumEliassenAmmerzoden","https:\/\/www.instagram.com\/eliassenhomeandgarden\/","https:\/\/nl.pinterest.com\/eliassenhomeandgarden\/","https:\/\/www.youtube.com\/@eliassenhomegardenpleasure4558"],"telephone":[],"openingHoursSpecification":[{"@type":"OpeningHoursSpecification","dayOfWeek":["Monday","Tuesday","Wednesday","Thursday","Friday","Saturday","Sunday"],"opens":"09:00","closes":"17:00"}]},{"@type":"ImageObject","inLanguage":"de","@id":"https:\/\/www.eliassen.nl\/de\/bronzene-ballerina\/#local-main-organization-logo","url":"https:\/\/www.eliassen.nl\/wp-content\/uploads\/2024\/01\/logo_4nd.jpg","contentUrl":"https:\/\/www.eliassen.nl\/wp-content\/uploads\/2024\/01\/logo_4nd.jpg","width":500,"height":500,"caption":"Eliassen Home & Garden Pleasure"}]},"product_price_amount":"407.00","product_price_currency":"EUR","og_availability":"backorder","product_availability":"available for order","product_retailer_item_id":"An1318","product_condition":"new"},"df_price":407,"df_sale_price":"","df_regular_price":407,"df_image_link":"https:\/\/www.eliassen.nl\/wp-content\/uploads\/2024\/01\/bronzenballerinaeliassennl.jpg","image":"https:\/\/www.eliassen.nl\/wp-content\/uploads\/2024\/01\/bronzenballerinaeliassennl.jpg","price_search":"<span class=\"woocommerce-Price-amount amount\"><bdi><span class=\"woocommerce-Price-currencySymbol\">&euro;<\/span>&nbsp;407,00<\/bdi><\/span>","category":"Bronzestatuen","global_unique_id":"5410807013182","_links":{"self":[{"href":"https:\/\/www.eliassen.nl\/de\/wp-json\/wp\/v2\/product\/67987","targetHints":{"allow":["GET"]}}],"collection":[{"href":"https:\/\/www.eliassen.nl\/de\/wp-json\/wp\/v2\/product"}],"about":[{"href":"https:\/\/www.eliassen.nl\/de\/wp-json\/wp\/v2\/types\/product"}],"wp:featuredmedia":[{"embeddable":true,"href":"https:\/\/www.eliassen.nl\/de\/wp-json\/wp\/v2\/media\/67984"}],"wp:attachment":[{"href":"https:\/\/www.eliassen.nl\/de\/wp-json\/wp\/v2\/media?parent=67987"}],"wp:term":[{"taxonomy":"product_brand","embeddable":true,"href":"https:\/\/www.eliassen.nl\/de\/wp-json\/wp\/v2\/product_brand?post=67987"},{"taxonomy":"product_cat","embeddable":true,"href":"https:\/\/www.eliassen.nl\/de\/wp-json\/wp\/v2\/product_cat?post=67987"},{"taxonomy":"product_tag","embeddable":true,"href":"https:\/\/www.eliassen.nl\/de\/wp-json\/wp\/v2\/product_tag?post=67987"}],"curies":[{"name":"wp","href":"https:\/\/api.w.org\/{rel}","templated":true}]}}