{"id":67849,"date":"2022-01-07T14:52:47","date_gmt":"2022-01-07T14:52:47","guid":{"rendered":"https:\/\/www.eliassen.nl\/?product=zuil-grijs-graniet-20x20x90cm-hoog"},"modified":"2025-12-02T14:04:43","modified_gmt":"2025-12-02T13:04:43","slug":"saulengrauer-granit-20x20x90cm-hoch","status":"publish","type":"product","link":"https:\/\/www.eliassen.nl\/de\/saulengrauer-granit-20x20x90cm-hoch\/","title":{"rendered":"S\u00e4ule grauer Granit 20x20x90cm hochgl\u00e4nzend"},"content":{"rendered":"<p>Eine S\u00e4ule in Ihrem Haus oder Garten ist vielseitig einsetzbar. Der Kauf eines gl\u00e4nzenden Sockels ist daher eine wunderbare Erg\u00e4nzung f\u00fcr Ihre Inneneinrichtung oder als Gartendekoration, auch weil ein Sockel f\u00fcr verschiedene Zwecke geeignet ist.<\/p>\n<p>Dieser Granitsockel mit einem Topf, z.B. mit einer Sonnenuhr, einer Statue oder einem anderen Objekt, wird in Ihrem Haus oder Garten ein beeindruckendes Objekt mit einem schicken Look sein.<\/p>\n<p>Diese S\u00e4ulen sind aus nat\u00fcrlichem, grau gesprenkeltem Granit gefertigt und anschlie\u00dfend poliert, so dass eine hochgl\u00e4nzende Basis entsteht. Die S\u00e4ulen sind an den Ecken extra verst\u00e4rkt.<br \/>\nDieses nat\u00fcrliche Material kann leichte Fehler wie Flecken, L\u00f6cher oder \u00e4hnliches aufweisen. Dies ist normal, es k\u00f6nnen keine Anspr\u00fcche geltend gemacht werden.<\/p>\n<ul>\n<li>Gr\u00f6\u00dfe: 20x20cmx90cm hoch<\/li>\n<li>Material: polierter grauer Granit<\/li>\n<li>Gewicht: 80kg<\/li>\n<li>Wundersch\u00f6n verarbeitet<\/li>\n<li>Eigene Aktien.<\/li>\n<li>Kratzt nicht leicht<\/li>\n<li>Garantie: 5 Jahre<\/li>\n<li><strong>Diese Kunstwerke sind auch in unserem Gesch\u00e4ft zu sehen.<\/strong><\/li>\n<\/ul>\n","protected":false},"excerpt":{"rendered":"<p>NUR F\u00dcR DEN GEBRAUCH IN INNENR\u00c4UMEN<\/p>\n","protected":false},"featured_media":67825,"template":"","meta":{"_acf_changed":false,"_genesis_title":"","_genesis_description":""},"product_brand":[7505],"product_cat":[782,785],"product_tag":[7525,7300],"class_list":{"0":"post-67849","1":"product","2":"type-product","3":"status-publish","4":"has-post-thumbnail","6":"product_brand-sonstige","7":"product_cat-sockel","8":"product_cat-sockel-aus-naturstein","9":"product_tag-palette","10":"product_tag-sockelstein","12":"first","13":"instock","14":"taxable","15":"shipping-taxable","16":"purchasable","17":"product-type-simple"},"acf":[],"meta_all":{"total_sales":"1","wcml_sync_hash":{"postmeta_fields":"2deac5d06e8fc42bfd7c50f4edafd84f"},"attr_label_translations":[],"cor_restricted_countries":[]},"meta_all_flat":{"total_sales":"1","wcml_sync_hash.postmeta_fields":"2deac5d06e8fc42bfd7c50f4edafd84f"},"yoast_head":"<!-- This site is optimized with the Yoast SEO Premium plugin v26.2 (Yoast SEO v27.2) - https:\/\/yoast.com\/product\/yoast-seo-premium-wordpress\/ -->\n<title>S\u00e4ule grauer Granit 20x20x90cm hoch<\/title>\n<meta name=\"description\" content=\"Sockel und S\u00e4ulen; bis zu 100 Typen in unserem Sortiment. Auch alle live zu sehen\" \/>\n<meta name=\"robots\" content=\"index, follow, max-snippet:-1, max-image-preview:large, max-video-preview:-1\" \/>\n<link rel=\"canonical\" href=\"https:\/\/www.eliassen.nl\/de\/saulengrauer-granit-20x20x90cm-hoch\/\" \/>\n<meta property=\"og:locale\" content=\"de_DE\" \/>\n<meta property=\"og:type\" content=\"article\" \/>\n<meta property=\"og:title\" content=\"Sonstige S\u00e4ule grauer Granit 20x20x90cm hochgl\u00e4nzend - Eliassen.nl\" \/>\n<meta property=\"og:description\" content=\"Sockel und S\u00e4ulen; bis zu 100 Typen in unserem Sortiment. Auch alle live zu sehen\" \/>\n<meta property=\"og:url\" content=\"https:\/\/www.eliassen.nl\/de\/saulengrauer-granit-20x20x90cm-hoch\/\" \/>\n<meta property=\"og:site_name\" content=\"Eliassen.nl\" \/>\n<meta property=\"article:publisher\" content=\"https:\/\/www.facebook.com\/TuincentrumEliassenAmmerzoden\" \/>\n<meta property=\"article:modified_time\" content=\"2025-12-02T13:04:43+00:00\" \/>\n<meta property=\"og:image\" content=\"https:\/\/www.eliassen.nl\/wp-content\/uploads\/2024\/01\/mijnproject20221004t115058836.png\" \/>\n\t<meta property=\"og:image:width\" content=\"631\" \/>\n\t<meta property=\"og:image:height\" content=\"999\" \/>\n\t<meta property=\"og:image:type\" content=\"image\/png\" \/>\n<meta name=\"twitter:card\" content=\"summary_large_image\" \/>\n<script type=\"application\/ld+json\" class=\"yoast-schema-graph\">{\"@context\":\"https:\/\/schema.org\",\"@graph\":[{\"@type\":\"WebPage\",\"@id\":\"https:\/\/www.eliassen.nl\/de\/saulengrauer-granit-20x20x90cm-hoch\/\",\"url\":\"https:\/\/www.eliassen.nl\/de\/saulengrauer-granit-20x20x90cm-hoch\/\",\"name\":\"S\u00e4ule grauer Granit 20x20x90cm hoch\",\"isPartOf\":{\"@id\":\"https:\/\/www.eliassen.nl\/de\/#website\"},\"primaryImageOfPage\":{\"@id\":\"https:\/\/www.eliassen.nl\/de\/saulengrauer-granit-20x20x90cm-hoch\/#primaryimage\"},\"image\":{\"@id\":\"https:\/\/www.eliassen.nl\/de\/saulengrauer-granit-20x20x90cm-hoch\/#primaryimage\"},\"thumbnailUrl\":\"https:\/\/www.eliassen.nl\/wp-content\/uploads\/2024\/01\/mijnproject20221004t115058836.png\",\"datePublished\":\"2022-01-07T14:52:47+00:00\",\"dateModified\":\"2025-12-02T13:04:43+00:00\",\"description\":\"Sockel und S\u00e4ulen; bis zu 100 Typen in unserem Sortiment. Auch alle live zu sehen\",\"breadcrumb\":{\"@id\":\"https:\/\/www.eliassen.nl\/de\/saulengrauer-granit-20x20x90cm-hoch\/#breadcrumb\"},\"inLanguage\":\"de\",\"potentialAction\":[{\"@type\":\"ReadAction\",\"target\":[\"https:\/\/www.eliassen.nl\/de\/saulengrauer-granit-20x20x90cm-hoch\/\"]}]},{\"@type\":\"ImageObject\",\"inLanguage\":\"de\",\"@id\":\"https:\/\/www.eliassen.nl\/de\/saulengrauer-granit-20x20x90cm-hoch\/#primaryimage\",\"url\":\"https:\/\/www.eliassen.nl\/wp-content\/uploads\/2024\/01\/mijnproject20221004t115058836.png\",\"contentUrl\":\"https:\/\/www.eliassen.nl\/wp-content\/uploads\/2024\/01\/mijnproject20221004t115058836.png\",\"width\":631,\"height\":999,\"caption\":\"Mein Projekt - 2022-10-04T115058.836\"},{\"@type\":\"BreadcrumbList\",\"@id\":\"https:\/\/www.eliassen.nl\/de\/saulengrauer-granit-20x20x90cm-hoch\/#breadcrumb\",\"itemListElement\":[{\"@type\":\"ListItem\",\"position\":1,\"name\":\"Home\",\"item\":\"https:\/\/www.eliassen.nl\/de\/\"},{\"@type\":\"ListItem\",\"position\":2,\"name\":\"Shop\",\"item\":\"https:\/\/www.eliassen.nl\/de\/shop\/\"},{\"@type\":\"ListItem\",\"position\":3,\"name\":\"Sockel\",\"item\":\"https:\/\/www.eliassen.nl\/de\/sockel\/\"},{\"@type\":\"ListItem\",\"position\":4,\"name\":\"Sockel aus Naturstein\",\"item\":\"https:\/\/www.eliassen.nl\/de\/sockel\/sockel-aus-naturstein\/\"},{\"@type\":\"ListItem\",\"position\":5,\"name\":\"S\u00e4ule grauer Granit 20x20x90cm hochgl\u00e4nzend\"}]},{\"@type\":\"WebSite\",\"@id\":\"https:\/\/www.eliassen.nl\/de\/#website\",\"url\":\"https:\/\/www.eliassen.nl\/de\/\",\"name\":\"Eliassen Home & Garden Pleasure\",\"description\":\"\",\"publisher\":{\"@id\":\"https:\/\/www.eliassen.nl\/de\/#organization\"},\"alternateName\":\"Eliassen.nl\",\"potentialAction\":[{\"@type\":\"SearchAction\",\"target\":{\"@type\":\"EntryPoint\",\"urlTemplate\":\"https:\/\/www.eliassen.nl\/de\/?s={search_term_string}\"},\"query-input\":{\"@type\":\"PropertyValueSpecification\",\"valueRequired\":true,\"valueName\":\"search_term_string\"}}],\"inLanguage\":\"de\"},{\"@type\":[\"Organization\",\"Place\"],\"@id\":\"https:\/\/www.eliassen.nl\/de\/#organization\",\"name\":\"Eliassen Home & Garden Pleasure\",\"url\":\"https:\/\/www.eliassen.nl\/de\/\",\"logo\":{\"@id\":\"https:\/\/www.eliassen.nl\/de\/saulengrauer-granit-20x20x90cm-hoch\/#local-main-organization-logo\"},\"image\":{\"@id\":\"https:\/\/www.eliassen.nl\/de\/saulengrauer-granit-20x20x90cm-hoch\/#local-main-organization-logo\"},\"sameAs\":[\"https:\/\/www.facebook.com\/TuincentrumEliassenAmmerzoden\",\"https:\/\/www.instagram.com\/eliassenhomeandgarden\/\",\"https:\/\/nl.pinterest.com\/eliassenhomeandgarden\/\",\"https:\/\/www.youtube.com\/@eliassenhomegardenpleasure4558\"],\"telephone\":[],\"openingHoursSpecification\":[{\"@type\":\"OpeningHoursSpecification\",\"dayOfWeek\":[\"Monday\",\"Tuesday\",\"Wednesday\",\"Thursday\",\"Friday\",\"Saturday\",\"Sunday\"],\"opens\":\"09:00\",\"closes\":\"17:00\"}]},{\"@type\":\"ImageObject\",\"inLanguage\":\"de\",\"@id\":\"https:\/\/www.eliassen.nl\/de\/saulengrauer-granit-20x20x90cm-hoch\/#local-main-organization-logo\",\"url\":\"https:\/\/www.eliassen.nl\/wp-content\/uploads\/2024\/01\/logo_4nd.jpg\",\"contentUrl\":\"https:\/\/www.eliassen.nl\/wp-content\/uploads\/2024\/01\/logo_4nd.jpg\",\"width\":500,\"height\":500,\"caption\":\"Eliassen Home & Garden Pleasure\"}]}<\/script>\n<meta property=\"product:price:amount\" content=\"239.00\" \/>\n<meta property=\"product:price:currency\" content=\"EUR\" \/>\n<meta property=\"og:availability\" content=\"instock\" \/>\n<meta property=\"product:availability\" content=\"instock\" \/>\n<meta property=\"product:retailer_item_id\" content=\"Sokggr202090\" \/>\n<meta property=\"product:condition\" content=\"new\" \/>\n<!-- \/ Yoast SEO Premium plugin. -->","yoast_head_json":{"title":"S\u00e4ule grauer Granit 20x20x90cm hoch","description":"Sockel und S\u00e4ulen; bis zu 100 Typen in unserem Sortiment. Auch alle live zu sehen","robots":{"index":"index","follow":"follow","max-snippet":"max-snippet:-1","max-image-preview":"max-image-preview:large","max-video-preview":"max-video-preview:-1"},"canonical":"https:\/\/www.eliassen.nl\/de\/saulengrauer-granit-20x20x90cm-hoch\/","og_locale":"de_DE","og_type":"article","og_title":"Sonstige S\u00e4ule grauer Granit 20x20x90cm hochgl\u00e4nzend - Eliassen.nl","og_description":"Sockel und S\u00e4ulen; bis zu 100 Typen in unserem Sortiment. Auch alle live zu sehen","og_url":"https:\/\/www.eliassen.nl\/de\/saulengrauer-granit-20x20x90cm-hoch\/","og_site_name":"Eliassen.nl","article_publisher":"https:\/\/www.facebook.com\/TuincentrumEliassenAmmerzoden","article_modified_time":"2025-12-02T13:04:43+00:00","og_image":[{"width":631,"height":999,"url":"https:\/\/www.eliassen.nl\/wp-content\/uploads\/2024\/01\/mijnproject20221004t115058836.png","type":"image\/png"}],"twitter_card":"summary_large_image","schema":{"@context":"https:\/\/schema.org","@graph":[{"@type":"WebPage","@id":"https:\/\/www.eliassen.nl\/de\/saulengrauer-granit-20x20x90cm-hoch\/","url":"https:\/\/www.eliassen.nl\/de\/saulengrauer-granit-20x20x90cm-hoch\/","name":"S\u00e4ule grauer Granit 20x20x90cm hoch","isPartOf":{"@id":"https:\/\/www.eliassen.nl\/de\/#website"},"primaryImageOfPage":{"@id":"https:\/\/www.eliassen.nl\/de\/saulengrauer-granit-20x20x90cm-hoch\/#primaryimage"},"image":{"@id":"https:\/\/www.eliassen.nl\/de\/saulengrauer-granit-20x20x90cm-hoch\/#primaryimage"},"thumbnailUrl":"https:\/\/www.eliassen.nl\/wp-content\/uploads\/2024\/01\/mijnproject20221004t115058836.png","datePublished":"2022-01-07T14:52:47+00:00","dateModified":"2025-12-02T13:04:43+00:00","description":"Sockel und S\u00e4ulen; bis zu 100 Typen in unserem Sortiment. Auch alle live zu sehen","breadcrumb":{"@id":"https:\/\/www.eliassen.nl\/de\/saulengrauer-granit-20x20x90cm-hoch\/#breadcrumb"},"inLanguage":"de","potentialAction":[{"@type":"ReadAction","target":["https:\/\/www.eliassen.nl\/de\/saulengrauer-granit-20x20x90cm-hoch\/"]}]},{"@type":"ImageObject","inLanguage":"de","@id":"https:\/\/www.eliassen.nl\/de\/saulengrauer-granit-20x20x90cm-hoch\/#primaryimage","url":"https:\/\/www.eliassen.nl\/wp-content\/uploads\/2024\/01\/mijnproject20221004t115058836.png","contentUrl":"https:\/\/www.eliassen.nl\/wp-content\/uploads\/2024\/01\/mijnproject20221004t115058836.png","width":631,"height":999,"caption":"Mein Projekt - 2022-10-04T115058.836"},{"@type":"BreadcrumbList","@id":"https:\/\/www.eliassen.nl\/de\/saulengrauer-granit-20x20x90cm-hoch\/#breadcrumb","itemListElement":[{"@type":"ListItem","position":1,"name":"Home","item":"https:\/\/www.eliassen.nl\/de\/"},{"@type":"ListItem","position":2,"name":"Shop","item":"https:\/\/www.eliassen.nl\/de\/shop\/"},{"@type":"ListItem","position":3,"name":"Sockel","item":"https:\/\/www.eliassen.nl\/de\/sockel\/"},{"@type":"ListItem","position":4,"name":"Sockel aus Naturstein","item":"https:\/\/www.eliassen.nl\/de\/sockel\/sockel-aus-naturstein\/"},{"@type":"ListItem","position":5,"name":"S\u00e4ule grauer Granit 20x20x90cm hochgl\u00e4nzend"}]},{"@type":"WebSite","@id":"https:\/\/www.eliassen.nl\/de\/#website","url":"https:\/\/www.eliassen.nl\/de\/","name":"Eliassen Home & Garden Pleasure","description":"","publisher":{"@id":"https:\/\/www.eliassen.nl\/de\/#organization"},"alternateName":"Eliassen.nl","potentialAction":[{"@type":"SearchAction","target":{"@type":"EntryPoint","urlTemplate":"https:\/\/www.eliassen.nl\/de\/?s={search_term_string}"},"query-input":{"@type":"PropertyValueSpecification","valueRequired":true,"valueName":"search_term_string"}}],"inLanguage":"de"},{"@type":["Organization","Place"],"@id":"https:\/\/www.eliassen.nl\/de\/#organization","name":"Eliassen Home & Garden Pleasure","url":"https:\/\/www.eliassen.nl\/de\/","logo":{"@id":"https:\/\/www.eliassen.nl\/de\/saulengrauer-granit-20x20x90cm-hoch\/#local-main-organization-logo"},"image":{"@id":"https:\/\/www.eliassen.nl\/de\/saulengrauer-granit-20x20x90cm-hoch\/#local-main-organization-logo"},"sameAs":["https:\/\/www.facebook.com\/TuincentrumEliassenAmmerzoden","https:\/\/www.instagram.com\/eliassenhomeandgarden\/","https:\/\/nl.pinterest.com\/eliassenhomeandgarden\/","https:\/\/www.youtube.com\/@eliassenhomegardenpleasure4558"],"telephone":[],"openingHoursSpecification":[{"@type":"OpeningHoursSpecification","dayOfWeek":["Monday","Tuesday","Wednesday","Thursday","Friday","Saturday","Sunday"],"opens":"09:00","closes":"17:00"}]},{"@type":"ImageObject","inLanguage":"de","@id":"https:\/\/www.eliassen.nl\/de\/saulengrauer-granit-20x20x90cm-hoch\/#local-main-organization-logo","url":"https:\/\/www.eliassen.nl\/wp-content\/uploads\/2024\/01\/logo_4nd.jpg","contentUrl":"https:\/\/www.eliassen.nl\/wp-content\/uploads\/2024\/01\/logo_4nd.jpg","width":500,"height":500,"caption":"Eliassen Home & Garden Pleasure"}]},"product_price_amount":"239.00","product_price_currency":"EUR","og_availability":"instock","product_availability":"instock","product_retailer_item_id":"Sokggr202090","product_condition":"new"},"df_price":239,"df_sale_price":"","df_regular_price":239,"df_image_link":"https:\/\/www.eliassen.nl\/wp-content\/uploads\/2024\/01\/mijnproject20221004t115058836.png","image":"https:\/\/www.eliassen.nl\/wp-content\/uploads\/2024\/01\/mijnproject20221004t115058836.png","price_search":"<span class=\"woocommerce-Price-amount amount\"><bdi><span class=\"woocommerce-Price-currencySymbol\">&euro;<\/span>&nbsp;239,00<\/bdi><\/span>","category":"Sockel","global_unique_id":"6096517653673","_links":{"self":[{"href":"https:\/\/www.eliassen.nl\/de\/wp-json\/wp\/v2\/product\/67849","targetHints":{"allow":["GET"]}}],"collection":[{"href":"https:\/\/www.eliassen.nl\/de\/wp-json\/wp\/v2\/product"}],"about":[{"href":"https:\/\/www.eliassen.nl\/de\/wp-json\/wp\/v2\/types\/product"}],"wp:featuredmedia":[{"embeddable":true,"href":"https:\/\/www.eliassen.nl\/de\/wp-json\/wp\/v2\/media\/67825"}],"wp:attachment":[{"href":"https:\/\/www.eliassen.nl\/de\/wp-json\/wp\/v2\/media?parent=67849"}],"wp:term":[{"taxonomy":"product_brand","embeddable":true,"href":"https:\/\/www.eliassen.nl\/de\/wp-json\/wp\/v2\/product_brand?post=67849"},{"taxonomy":"product_cat","embeddable":true,"href":"https:\/\/www.eliassen.nl\/de\/wp-json\/wp\/v2\/product_cat?post=67849"},{"taxonomy":"product_tag","embeddable":true,"href":"https:\/\/www.eliassen.nl\/de\/wp-json\/wp\/v2\/product_tag?post=67849"}],"curies":[{"name":"wp","href":"https:\/\/api.w.org\/{rel}","templated":true}]}}