{"id":67354,"date":"2021-12-21T11:01:11","date_gmt":"2021-12-21T11:01:11","guid":{"rendered":"https:\/\/www.eliassen.nl\/?product=zuil-graniet-wit-gepolijst-15x15x90cm"},"modified":"2025-12-02T14:07:46","modified_gmt":"2025-12-02T13:07:46","slug":"saule-granit-weissgrau-poliert-15x15x90cm","status":"publish","type":"product","link":"https:\/\/www.eliassen.nl\/de\/saule-granit-weissgrau-poliert-15x15x90cm\/","title":{"rendered":"S\u00e4ule Granit wei\u00df\/grau poliert 15x15x90cm"},"content":{"rendered":"<p>Eine S\u00e4ule in Ihrem Haus oder Garten ist vielseitig einsetzbar. Der Kauf eines Hochglanzpodestes ist daher eine wunderbare Erg\u00e4nzung f\u00fcr Ihre Inneneinrichtung oder als Gartendekoration, auch weil ein Podest f\u00fcr verschiedene Zwecke verwendet werden kann.<\/p>\n<p>Dieser polierte Sockel aus cremefarbenem Granit wird mit einem Topf, einer Sonnenuhr, einer Statue oder einem anderen Objekt eine tolle Erg\u00e4nzung f\u00fcr Ihr Haus oder Ihren Garten sein und sieht schick aus.<\/p>\n<p>Diese S\u00e4ulen sind aus naturwei\u00dfem bis cremefarbenem, gl\u00e4nzendem Granit. Die S\u00e4ulen sind an den Ecken auf der Innenseite extra verst\u00e4rkt.<br \/>\nDieses nat\u00fcrliche Material kann leichte Fehler wie Flecken, L\u00f6cher oder \u00e4hnliches aufweisen. Dies ist normal, es k\u00f6nnen keine Anspr\u00fcche geltend gemacht werden.<\/p>\n<ul>\n<li>Gr\u00f6\u00dfe: 15x15x90cm hoch<\/li>\n<li>Material: wei\u00dfer bis cremefarbener, hochgl\u00e4nzender Granit<\/li>\n<li>Gewicht: 40kg<\/li>\n<li>Dicke der Platte 28mm<\/li>\n<li>Eigene Aktie<\/li>\n<li>Garantie: 5 Jahre<\/li>\n<li><strong>Diese Kunstwerke sind auch in unserem Gesch\u00e4ft zu sehen.<\/strong><\/li>\n<\/ul>\n","protected":false},"excerpt":{"rendered":"<p>NUR F\u00dcR DEN GEBRAUCH IN INNENR\u00c4UMEN<\/p>\n","protected":false},"featured_media":206985,"template":"","meta":{"_acf_changed":false,"_genesis_title":"","_genesis_description":""},"product_brand":[7505],"product_cat":[782,785],"product_tag":[7300],"class_list":{"0":"post-67354","1":"product","2":"type-product","3":"status-publish","4":"has-post-thumbnail","6":"product_brand-sonstige","7":"product_cat-sockel","8":"product_cat-sockel-aus-naturstein","9":"product_tag-sockelstein","11":"first","12":"instock","13":"taxable","14":"shipping-taxable","15":"purchasable","16":"product-type-simple"},"acf":[],"meta_all":{"total_sales":"0","wcml_sync_hash":{"postmeta_fields":"a2962b04de15d45e8e7c686e98b48066"},"attr_label_translations":[],"cor_restricted_countries":[]},"meta_all_flat":{"total_sales":"0","wcml_sync_hash.postmeta_fields":"a2962b04de15d45e8e7c686e98b48066"},"yoast_head":"<!-- This site is optimized with the Yoast SEO Premium plugin v26.2 (Yoast SEO v27.2) - https:\/\/yoast.com\/product\/yoast-seo-premium-wordpress\/ -->\n<title>S\u00e4ule Granit wei\u00df poliert 15x15x90cm<\/title>\n<meta name=\"description\" content=\"Auswahl aus 100 Sockelmodellen !!! Auch alle live zu sehen !!!\" \/>\n<meta name=\"robots\" content=\"index, follow, max-snippet:-1, max-image-preview:large, max-video-preview:-1\" \/>\n<link rel=\"canonical\" href=\"https:\/\/www.eliassen.nl\/de\/saule-granit-weissgrau-poliert-15x15x90cm\/\" \/>\n<meta property=\"og:locale\" content=\"de_DE\" \/>\n<meta property=\"og:type\" content=\"article\" \/>\n<meta property=\"og:title\" content=\"Sonstige S\u00e4ule Granit wei\u00df\/grau poliert 15x15x90cm - Eliassen.nl\" \/>\n<meta property=\"og:description\" content=\"Auswahl aus 100 Sockelmodellen !!! Auch alle live zu sehen !!!\" \/>\n<meta property=\"og:url\" content=\"https:\/\/www.eliassen.nl\/de\/saule-granit-weissgrau-poliert-15x15x90cm\/\" \/>\n<meta property=\"og:site_name\" content=\"Eliassen.nl\" \/>\n<meta property=\"article:publisher\" content=\"https:\/\/www.facebook.com\/TuincentrumEliassenAmmerzoden\" \/>\n<meta property=\"article:modified_time\" content=\"2025-12-02T13:07:46+00:00\" \/>\n<meta property=\"og:image\" content=\"https:\/\/www.eliassen.nl\/wp-content\/uploads\/2021\/12\/IMG_20260219_132016.png\" \/>\n\t<meta property=\"og:image:width\" content=\"1512\" \/>\n\t<meta property=\"og:image:height\" content=\"1512\" \/>\n\t<meta property=\"og:image:type\" content=\"image\/png\" \/>\n<meta name=\"twitter:card\" content=\"summary_large_image\" \/>\n<script type=\"application\/ld+json\" class=\"yoast-schema-graph\">{\"@context\":\"https:\/\/schema.org\",\"@graph\":[{\"@type\":\"WebPage\",\"@id\":\"https:\/\/www.eliassen.nl\/de\/saule-granit-weissgrau-poliert-15x15x90cm\/\",\"url\":\"https:\/\/www.eliassen.nl\/de\/saule-granit-weissgrau-poliert-15x15x90cm\/\",\"name\":\"S\u00e4ule Granit wei\u00df poliert 15x15x90cm\",\"isPartOf\":{\"@id\":\"https:\/\/www.eliassen.nl\/de\/#website\"},\"primaryImageOfPage\":{\"@id\":\"https:\/\/www.eliassen.nl\/de\/saule-granit-weissgrau-poliert-15x15x90cm\/#primaryimage\"},\"image\":{\"@id\":\"https:\/\/www.eliassen.nl\/de\/saule-granit-weissgrau-poliert-15x15x90cm\/#primaryimage\"},\"thumbnailUrl\":\"https:\/\/www.eliassen.nl\/wp-content\/uploads\/2021\/12\/IMG_20260219_132016.png\",\"datePublished\":\"2021-12-21T11:01:11+00:00\",\"dateModified\":\"2025-12-02T13:07:46+00:00\",\"description\":\"Auswahl aus 100 Sockelmodellen !!! Auch alle live zu sehen !!!\",\"breadcrumb\":{\"@id\":\"https:\/\/www.eliassen.nl\/de\/saule-granit-weissgrau-poliert-15x15x90cm\/#breadcrumb\"},\"inLanguage\":\"de\",\"potentialAction\":[{\"@type\":\"ReadAction\",\"target\":[\"https:\/\/www.eliassen.nl\/de\/saule-granit-weissgrau-poliert-15x15x90cm\/\"]}]},{\"@type\":\"ImageObject\",\"inLanguage\":\"de\",\"@id\":\"https:\/\/www.eliassen.nl\/de\/saule-granit-weissgrau-poliert-15x15x90cm\/#primaryimage\",\"url\":\"https:\/\/www.eliassen.nl\/wp-content\/uploads\/2021\/12\/IMG_20260219_132016.png\",\"contentUrl\":\"https:\/\/www.eliassen.nl\/wp-content\/uploads\/2021\/12\/IMG_20260219_132016.png\",\"width\":1512,\"height\":1512},{\"@type\":\"BreadcrumbList\",\"@id\":\"https:\/\/www.eliassen.nl\/de\/saule-granit-weissgrau-poliert-15x15x90cm\/#breadcrumb\",\"itemListElement\":[{\"@type\":\"ListItem\",\"position\":1,\"name\":\"Home\",\"item\":\"https:\/\/www.eliassen.nl\/de\/\"},{\"@type\":\"ListItem\",\"position\":2,\"name\":\"Shop\",\"item\":\"https:\/\/www.eliassen.nl\/de\/shop\/\"},{\"@type\":\"ListItem\",\"position\":3,\"name\":\"Sockel\",\"item\":\"https:\/\/www.eliassen.nl\/de\/sockel\/\"},{\"@type\":\"ListItem\",\"position\":4,\"name\":\"Sockel aus Naturstein\",\"item\":\"https:\/\/www.eliassen.nl\/de\/sockel\/sockel-aus-naturstein\/\"},{\"@type\":\"ListItem\",\"position\":5,\"name\":\"S\u00e4ule Granit wei\u00df\/grau poliert 15x15x90cm\"}]},{\"@type\":\"WebSite\",\"@id\":\"https:\/\/www.eliassen.nl\/de\/#website\",\"url\":\"https:\/\/www.eliassen.nl\/de\/\",\"name\":\"Eliassen Home & Garden Pleasure\",\"description\":\"\",\"publisher\":{\"@id\":\"https:\/\/www.eliassen.nl\/de\/#organization\"},\"alternateName\":\"Eliassen.nl\",\"potentialAction\":[{\"@type\":\"SearchAction\",\"target\":{\"@type\":\"EntryPoint\",\"urlTemplate\":\"https:\/\/www.eliassen.nl\/de\/?s={search_term_string}\"},\"query-input\":{\"@type\":\"PropertyValueSpecification\",\"valueRequired\":true,\"valueName\":\"search_term_string\"}}],\"inLanguage\":\"de\"},{\"@type\":[\"Organization\",\"Place\"],\"@id\":\"https:\/\/www.eliassen.nl\/de\/#organization\",\"name\":\"Eliassen Home & Garden Pleasure\",\"url\":\"https:\/\/www.eliassen.nl\/de\/\",\"logo\":{\"@id\":\"https:\/\/www.eliassen.nl\/de\/saule-granit-weissgrau-poliert-15x15x90cm\/#local-main-organization-logo\"},\"image\":{\"@id\":\"https:\/\/www.eliassen.nl\/de\/saule-granit-weissgrau-poliert-15x15x90cm\/#local-main-organization-logo\"},\"sameAs\":[\"https:\/\/www.facebook.com\/TuincentrumEliassenAmmerzoden\",\"https:\/\/www.instagram.com\/eliassenhomeandgarden\/\",\"https:\/\/nl.pinterest.com\/eliassenhomeandgarden\/\",\"https:\/\/www.youtube.com\/@eliassenhomegardenpleasure4558\"],\"telephone\":[],\"openingHoursSpecification\":[{\"@type\":\"OpeningHoursSpecification\",\"dayOfWeek\":[\"Monday\",\"Tuesday\",\"Wednesday\",\"Thursday\",\"Friday\",\"Saturday\",\"Sunday\"],\"opens\":\"09:00\",\"closes\":\"17:00\"}]},{\"@type\":\"ImageObject\",\"inLanguage\":\"de\",\"@id\":\"https:\/\/www.eliassen.nl\/de\/saule-granit-weissgrau-poliert-15x15x90cm\/#local-main-organization-logo\",\"url\":\"https:\/\/www.eliassen.nl\/wp-content\/uploads\/2024\/01\/logo_4nd.jpg\",\"contentUrl\":\"https:\/\/www.eliassen.nl\/wp-content\/uploads\/2024\/01\/logo_4nd.jpg\",\"width\":500,\"height\":500,\"caption\":\"Eliassen Home & Garden Pleasure\"}]}<\/script>\n<meta property=\"product:price:amount\" content=\"195.00\" \/>\n<meta property=\"product:price:currency\" content=\"EUR\" \/>\n<meta property=\"og:availability\" content=\"instock\" \/>\n<meta property=\"product:availability\" content=\"instock\" \/>\n<meta property=\"product:retailer_item_id\" content=\"Mikesw1590\" \/>\n<meta property=\"product:condition\" content=\"new\" \/>\n<!-- \/ Yoast SEO Premium plugin. -->","yoast_head_json":{"title":"S\u00e4ule Granit wei\u00df poliert 15x15x90cm","description":"Auswahl aus 100 Sockelmodellen !!! Auch alle live zu sehen !!!","robots":{"index":"index","follow":"follow","max-snippet":"max-snippet:-1","max-image-preview":"max-image-preview:large","max-video-preview":"max-video-preview:-1"},"canonical":"https:\/\/www.eliassen.nl\/de\/saule-granit-weissgrau-poliert-15x15x90cm\/","og_locale":"de_DE","og_type":"article","og_title":"Sonstige S\u00e4ule Granit wei\u00df\/grau poliert 15x15x90cm - Eliassen.nl","og_description":"Auswahl aus 100 Sockelmodellen !!! Auch alle live zu sehen !!!","og_url":"https:\/\/www.eliassen.nl\/de\/saule-granit-weissgrau-poliert-15x15x90cm\/","og_site_name":"Eliassen.nl","article_publisher":"https:\/\/www.facebook.com\/TuincentrumEliassenAmmerzoden","article_modified_time":"2025-12-02T13:07:46+00:00","og_image":[{"width":1512,"height":1512,"url":"https:\/\/www.eliassen.nl\/wp-content\/uploads\/2021\/12\/IMG_20260219_132016.png","type":"image\/png"}],"twitter_card":"summary_large_image","schema":{"@context":"https:\/\/schema.org","@graph":[{"@type":"WebPage","@id":"https:\/\/www.eliassen.nl\/de\/saule-granit-weissgrau-poliert-15x15x90cm\/","url":"https:\/\/www.eliassen.nl\/de\/saule-granit-weissgrau-poliert-15x15x90cm\/","name":"S\u00e4ule Granit wei\u00df poliert 15x15x90cm","isPartOf":{"@id":"https:\/\/www.eliassen.nl\/de\/#website"},"primaryImageOfPage":{"@id":"https:\/\/www.eliassen.nl\/de\/saule-granit-weissgrau-poliert-15x15x90cm\/#primaryimage"},"image":{"@id":"https:\/\/www.eliassen.nl\/de\/saule-granit-weissgrau-poliert-15x15x90cm\/#primaryimage"},"thumbnailUrl":"https:\/\/www.eliassen.nl\/wp-content\/uploads\/2021\/12\/IMG_20260219_132016.png","datePublished":"2021-12-21T11:01:11+00:00","dateModified":"2025-12-02T13:07:46+00:00","description":"Auswahl aus 100 Sockelmodellen !!! Auch alle live zu sehen !!!","breadcrumb":{"@id":"https:\/\/www.eliassen.nl\/de\/saule-granit-weissgrau-poliert-15x15x90cm\/#breadcrumb"},"inLanguage":"de","potentialAction":[{"@type":"ReadAction","target":["https:\/\/www.eliassen.nl\/de\/saule-granit-weissgrau-poliert-15x15x90cm\/"]}]},{"@type":"ImageObject","inLanguage":"de","@id":"https:\/\/www.eliassen.nl\/de\/saule-granit-weissgrau-poliert-15x15x90cm\/#primaryimage","url":"https:\/\/www.eliassen.nl\/wp-content\/uploads\/2021\/12\/IMG_20260219_132016.png","contentUrl":"https:\/\/www.eliassen.nl\/wp-content\/uploads\/2021\/12\/IMG_20260219_132016.png","width":1512,"height":1512},{"@type":"BreadcrumbList","@id":"https:\/\/www.eliassen.nl\/de\/saule-granit-weissgrau-poliert-15x15x90cm\/#breadcrumb","itemListElement":[{"@type":"ListItem","position":1,"name":"Home","item":"https:\/\/www.eliassen.nl\/de\/"},{"@type":"ListItem","position":2,"name":"Shop","item":"https:\/\/www.eliassen.nl\/de\/shop\/"},{"@type":"ListItem","position":3,"name":"Sockel","item":"https:\/\/www.eliassen.nl\/de\/sockel\/"},{"@type":"ListItem","position":4,"name":"Sockel aus Naturstein","item":"https:\/\/www.eliassen.nl\/de\/sockel\/sockel-aus-naturstein\/"},{"@type":"ListItem","position":5,"name":"S\u00e4ule Granit wei\u00df\/grau poliert 15x15x90cm"}]},{"@type":"WebSite","@id":"https:\/\/www.eliassen.nl\/de\/#website","url":"https:\/\/www.eliassen.nl\/de\/","name":"Eliassen Home & Garden Pleasure","description":"","publisher":{"@id":"https:\/\/www.eliassen.nl\/de\/#organization"},"alternateName":"Eliassen.nl","potentialAction":[{"@type":"SearchAction","target":{"@type":"EntryPoint","urlTemplate":"https:\/\/www.eliassen.nl\/de\/?s={search_term_string}"},"query-input":{"@type":"PropertyValueSpecification","valueRequired":true,"valueName":"search_term_string"}}],"inLanguage":"de"},{"@type":["Organization","Place"],"@id":"https:\/\/www.eliassen.nl\/de\/#organization","name":"Eliassen Home & Garden Pleasure","url":"https:\/\/www.eliassen.nl\/de\/","logo":{"@id":"https:\/\/www.eliassen.nl\/de\/saule-granit-weissgrau-poliert-15x15x90cm\/#local-main-organization-logo"},"image":{"@id":"https:\/\/www.eliassen.nl\/de\/saule-granit-weissgrau-poliert-15x15x90cm\/#local-main-organization-logo"},"sameAs":["https:\/\/www.facebook.com\/TuincentrumEliassenAmmerzoden","https:\/\/www.instagram.com\/eliassenhomeandgarden\/","https:\/\/nl.pinterest.com\/eliassenhomeandgarden\/","https:\/\/www.youtube.com\/@eliassenhomegardenpleasure4558"],"telephone":[],"openingHoursSpecification":[{"@type":"OpeningHoursSpecification","dayOfWeek":["Monday","Tuesday","Wednesday","Thursday","Friday","Saturday","Sunday"],"opens":"09:00","closes":"17:00"}]},{"@type":"ImageObject","inLanguage":"de","@id":"https:\/\/www.eliassen.nl\/de\/saule-granit-weissgrau-poliert-15x15x90cm\/#local-main-organization-logo","url":"https:\/\/www.eliassen.nl\/wp-content\/uploads\/2024\/01\/logo_4nd.jpg","contentUrl":"https:\/\/www.eliassen.nl\/wp-content\/uploads\/2024\/01\/logo_4nd.jpg","width":500,"height":500,"caption":"Eliassen Home & Garden Pleasure"}]},"product_price_amount":"195.00","product_price_currency":"EUR","og_availability":"instock","product_availability":"instock","product_retailer_item_id":"Mikesw1590","product_condition":"new"},"df_price":195,"df_sale_price":"","df_regular_price":195,"df_image_link":"https:\/\/www.eliassen.nl\/wp-content\/uploads\/2021\/12\/IMG_20260219_132016-300x300.png","image":"https:\/\/www.eliassen.nl\/wp-content\/uploads\/2021\/12\/IMG_20260219_132016-150x150.png","price_search":"<span class=\"woocommerce-Price-amount amount\"><bdi><span class=\"woocommerce-Price-currencySymbol\">&euro;<\/span>&nbsp;195,00<\/bdi><\/span>","category":"Sockel","global_unique_id":"6096552975983","_links":{"self":[{"href":"https:\/\/www.eliassen.nl\/de\/wp-json\/wp\/v2\/product\/67354","targetHints":{"allow":["GET"]}}],"collection":[{"href":"https:\/\/www.eliassen.nl\/de\/wp-json\/wp\/v2\/product"}],"about":[{"href":"https:\/\/www.eliassen.nl\/de\/wp-json\/wp\/v2\/types\/product"}],"wp:featuredmedia":[{"embeddable":true,"href":"https:\/\/www.eliassen.nl\/de\/wp-json\/wp\/v2\/media\/206985"}],"wp:attachment":[{"href":"https:\/\/www.eliassen.nl\/de\/wp-json\/wp\/v2\/media?parent=67354"}],"wp:term":[{"taxonomy":"product_brand","embeddable":true,"href":"https:\/\/www.eliassen.nl\/de\/wp-json\/wp\/v2\/product_brand?post=67354"},{"taxonomy":"product_cat","embeddable":true,"href":"https:\/\/www.eliassen.nl\/de\/wp-json\/wp\/v2\/product_cat?post=67354"},{"taxonomy":"product_tag","embeddable":true,"href":"https:\/\/www.eliassen.nl\/de\/wp-json\/wp\/v2\/product_tag?post=67354"}],"curies":[{"name":"wp","href":"https:\/\/api.w.org\/{rel}","templated":true}]}}