{"id":67288,"date":"2021-12-21T10:41:27","date_gmt":"2021-12-21T10:41:27","guid":{"rendered":"https:\/\/www.eliassen.nl\/?product=zuil-blackstone-gebrand-30x30100cm"},"modified":"2026-01-16T14:03:10","modified_gmt":"2026-01-16T13:03:10","slug":"saule-gebrannter-schwarzstein-30x30x100cm","status":"publish","type":"product","link":"https:\/\/www.eliassen.nl\/de\/saule-gebrannter-schwarzstein-30x30x100cm\/","title":{"rendered":"S\u00e4ule Blackstone gebrannt 30x30x100cm"},"content":{"rendered":"<p>Steinsockel kaufen? Dieser Sockel ist aus schwarzem Stein, mit gebrannten Seiten und gebrannter Oberseite. Diese robuste, nat\u00fcrlich geflammte S\u00e4ule l\u00e4sst sich hervorragend mit einem Blumentopf, einer Vase, einer Statue, einer Sonnenuhr oder einem anderen Objekt kombinieren, sieht aber auch in Ihrem Haus oder Gesch\u00e4ft gro\u00dfartig aus. Dieser Sockel ist ein schweres Objekt, das aus 28 mm dicken Steinplatten besteht und sehr fest steht.<\/p>\n<p>Wenn Sie auf der Suche nach einer S\u00e4ule aus Naturstein sind, sollten Sie diese S\u00e4ule unbedingt in Betracht ziehen.<\/p>\n<ul>\n<li>Gr\u00f6\u00dfe 30x30x100cm<\/li>\n<li>Steht sehr fest<\/li>\n<li>Unzerst\u00f6rbar<\/li>\n<li>Wandst\u00e4rke von mindestens 28 mm<\/li>\n<li>Sehr robuster, nat\u00fcrlicher Look<\/li>\n<li>Blaustein<\/li>\n<li>Gewicht ca. 90 kg<\/li>\n<\/ul>\n","protected":false},"excerpt":{"rendered":"<p>Steinsockel kaufen? Dieser Sockel ist aus schwarzem Stein, mit gebrannten Seiten und gebrannter Oberseite. Diese robuste, nat\u00fcrlich geflammte S\u00e4ule l\u00e4sst sich hervorragend mit einem Blumentopf, einer Vase, einer Statue, einer Sonnenuhr oder einem anderen Objekt kombinieren, sieht aber auch in Ihrem Haus oder Gesch\u00e4ft gro\u00dfartig aus. Dieser Sockel ist ein schweres Objekt, das aus 28 &hellip;<\/p>\n","protected":false},"featured_media":67279,"template":"","meta":{"_acf_changed":false,"_genesis_title":"","_genesis_description":""},"product_brand":[7505],"product_cat":[782,785],"product_tag":[7300],"class_list":{"0":"post-67288","1":"product","2":"type-product","3":"status-publish","4":"has-post-thumbnail","6":"product_brand-sonstige","7":"product_cat-sockel","8":"product_cat-sockel-aus-naturstein","9":"product_tag-sockelstein","11":"first","12":"instock","13":"taxable","14":"shipping-taxable","15":"purchasable","16":"product-type-simple"},"acf":[],"meta_all":{"total_sales":"1","wcml_sync_hash":{"postmeta_fields":"3770854997c8874c92b65901153c1c8d"},"attr_label_translations":[]},"meta_all_flat":{"total_sales":"1","wcml_sync_hash.postmeta_fields":"3770854997c8874c92b65901153c1c8d"},"yoast_head":"<!-- This site is optimized with the Yoast SEO Premium plugin v26.2 (Yoast SEO v27.2) - https:\/\/yoast.com\/product\/yoast-seo-premium-wordpress\/ -->\n<title>S\u00e4ule Blackstone gebrannt 30x30x100cm<\/title>\n<meta name=\"description\" content=\"Sie brauchen einen Sockel oder eine S\u00e4ule? 100 verschiedene Sorten in unserem Webshop, sowie Live-Ansicht.\" \/>\n<meta name=\"robots\" content=\"index, follow, max-snippet:-1, max-image-preview:large, max-video-preview:-1\" \/>\n<link rel=\"canonical\" href=\"https:\/\/www.eliassen.nl\/de\/saule-gebrannter-schwarzstein-30x30x100cm\/\" \/>\n<meta property=\"og:locale\" content=\"de_DE\" \/>\n<meta property=\"og:type\" content=\"article\" \/>\n<meta property=\"og:title\" content=\"Sonstige S\u00e4ule Blackstone gebrannt 30x30x100cm - Eliassen.nl\" \/>\n<meta property=\"og:description\" content=\"Sie brauchen einen Sockel oder eine S\u00e4ule? 100 verschiedene Sorten in unserem Webshop, sowie Live-Ansicht.\" \/>\n<meta property=\"og:url\" content=\"https:\/\/www.eliassen.nl\/de\/saule-gebrannter-schwarzstein-30x30x100cm\/\" \/>\n<meta property=\"og:site_name\" content=\"Eliassen.nl\" \/>\n<meta property=\"article:publisher\" content=\"https:\/\/www.facebook.com\/TuincentrumEliassenAmmerzoden\" \/>\n<meta property=\"article:modified_time\" content=\"2026-01-16T13:03:10+00:00\" \/>\n<meta property=\"og:image\" content=\"https:\/\/www.eliassen.nl\/wp-content\/uploads\/2024\/01\/mijnproject20221004t120508670.png\" \/>\n\t<meta property=\"og:image:width\" content=\"551\" \/>\n\t<meta property=\"og:image:height\" content=\"1000\" \/>\n\t<meta property=\"og:image:type\" content=\"image\/png\" \/>\n<meta name=\"twitter:card\" content=\"summary_large_image\" \/>\n<script type=\"application\/ld+json\" class=\"yoast-schema-graph\">{\"@context\":\"https:\/\/schema.org\",\"@graph\":[{\"@type\":\"WebPage\",\"@id\":\"https:\/\/www.eliassen.nl\/de\/saule-gebrannter-schwarzstein-30x30x100cm\/\",\"url\":\"https:\/\/www.eliassen.nl\/de\/saule-gebrannter-schwarzstein-30x30x100cm\/\",\"name\":\"S\u00e4ule Blackstone gebrannt 30x30x100cm\",\"isPartOf\":{\"@id\":\"https:\/\/www.eliassen.nl\/de\/#website\"},\"primaryImageOfPage\":{\"@id\":\"https:\/\/www.eliassen.nl\/de\/saule-gebrannter-schwarzstein-30x30x100cm\/#primaryimage\"},\"image\":{\"@id\":\"https:\/\/www.eliassen.nl\/de\/saule-gebrannter-schwarzstein-30x30x100cm\/#primaryimage\"},\"thumbnailUrl\":\"https:\/\/www.eliassen.nl\/wp-content\/uploads\/2024\/01\/mijnproject20221004t120508670.png\",\"datePublished\":\"2021-12-21T10:41:27+00:00\",\"dateModified\":\"2026-01-16T13:03:10+00:00\",\"description\":\"Sie brauchen einen Sockel oder eine S\u00e4ule? 100 verschiedene Sorten in unserem Webshop, sowie Live-Ansicht.\",\"breadcrumb\":{\"@id\":\"https:\/\/www.eliassen.nl\/de\/saule-gebrannter-schwarzstein-30x30x100cm\/#breadcrumb\"},\"inLanguage\":\"de\",\"potentialAction\":[{\"@type\":\"ReadAction\",\"target\":[\"https:\/\/www.eliassen.nl\/de\/saule-gebrannter-schwarzstein-30x30x100cm\/\"]}]},{\"@type\":\"ImageObject\",\"inLanguage\":\"de\",\"@id\":\"https:\/\/www.eliassen.nl\/de\/saule-gebrannter-schwarzstein-30x30x100cm\/#primaryimage\",\"url\":\"https:\/\/www.eliassen.nl\/wp-content\/uploads\/2024\/01\/mijnproject20221004t120508670.png\",\"contentUrl\":\"https:\/\/www.eliassen.nl\/wp-content\/uploads\/2024\/01\/mijnproject20221004t120508670.png\",\"width\":551,\"height\":1000,\"caption\":\"Mein Projekt - 2022-10-04T120508.670\"},{\"@type\":\"BreadcrumbList\",\"@id\":\"https:\/\/www.eliassen.nl\/de\/saule-gebrannter-schwarzstein-30x30x100cm\/#breadcrumb\",\"itemListElement\":[{\"@type\":\"ListItem\",\"position\":1,\"name\":\"Home\",\"item\":\"https:\/\/www.eliassen.nl\/de\/\"},{\"@type\":\"ListItem\",\"position\":2,\"name\":\"Shop\",\"item\":\"https:\/\/www.eliassen.nl\/de\/shop\/\"},{\"@type\":\"ListItem\",\"position\":3,\"name\":\"Sockel\",\"item\":\"https:\/\/www.eliassen.nl\/de\/sockel\/\"},{\"@type\":\"ListItem\",\"position\":4,\"name\":\"Sockel aus Naturstein\",\"item\":\"https:\/\/www.eliassen.nl\/de\/sockel\/sockel-aus-naturstein\/\"},{\"@type\":\"ListItem\",\"position\":5,\"name\":\"S\u00e4ule Blackstone gebrannt 30x30x100cm\"}]},{\"@type\":\"WebSite\",\"@id\":\"https:\/\/www.eliassen.nl\/de\/#website\",\"url\":\"https:\/\/www.eliassen.nl\/de\/\",\"name\":\"Eliassen Home & Garden Pleasure\",\"description\":\"\",\"publisher\":{\"@id\":\"https:\/\/www.eliassen.nl\/de\/#organization\"},\"alternateName\":\"Eliassen.nl\",\"potentialAction\":[{\"@type\":\"SearchAction\",\"target\":{\"@type\":\"EntryPoint\",\"urlTemplate\":\"https:\/\/www.eliassen.nl\/de\/?s={search_term_string}\"},\"query-input\":{\"@type\":\"PropertyValueSpecification\",\"valueRequired\":true,\"valueName\":\"search_term_string\"}}],\"inLanguage\":\"de\"},{\"@type\":[\"Organization\",\"Place\"],\"@id\":\"https:\/\/www.eliassen.nl\/de\/#organization\",\"name\":\"Eliassen Home & Garden Pleasure\",\"url\":\"https:\/\/www.eliassen.nl\/de\/\",\"logo\":{\"@id\":\"https:\/\/www.eliassen.nl\/de\/saule-gebrannter-schwarzstein-30x30x100cm\/#local-main-organization-logo\"},\"image\":{\"@id\":\"https:\/\/www.eliassen.nl\/de\/saule-gebrannter-schwarzstein-30x30x100cm\/#local-main-organization-logo\"},\"sameAs\":[\"https:\/\/www.facebook.com\/TuincentrumEliassenAmmerzoden\",\"https:\/\/www.instagram.com\/eliassenhomeandgarden\/\",\"https:\/\/nl.pinterest.com\/eliassenhomeandgarden\/\",\"https:\/\/www.youtube.com\/@eliassenhomegardenpleasure4558\"],\"telephone\":[],\"openingHoursSpecification\":[{\"@type\":\"OpeningHoursSpecification\",\"dayOfWeek\":[\"Monday\",\"Tuesday\",\"Wednesday\",\"Thursday\",\"Friday\",\"Saturday\",\"Sunday\"],\"opens\":\"09:00\",\"closes\":\"17:00\"}]},{\"@type\":\"ImageObject\",\"inLanguage\":\"de\",\"@id\":\"https:\/\/www.eliassen.nl\/de\/saule-gebrannter-schwarzstein-30x30x100cm\/#local-main-organization-logo\",\"url\":\"https:\/\/www.eliassen.nl\/wp-content\/uploads\/2024\/01\/logo_4nd.jpg\",\"contentUrl\":\"https:\/\/www.eliassen.nl\/wp-content\/uploads\/2024\/01\/logo_4nd.jpg\",\"width\":500,\"height\":500,\"caption\":\"Eliassen Home & Garden Pleasure\"}]}<\/script>\n<meta property=\"product:price:amount\" content=\"295.00\" \/>\n<meta property=\"product:price:currency\" content=\"EUR\" \/>\n<meta property=\"og:availability\" content=\"instock\" \/>\n<meta property=\"product:availability\" content=\"instock\" \/>\n<meta property=\"product:retailer_item_id\" content=\"Mikebs100\" \/>\n<meta property=\"product:condition\" content=\"new\" \/>\n<!-- \/ Yoast SEO Premium plugin. -->","yoast_head_json":{"title":"S\u00e4ule Blackstone gebrannt 30x30x100cm","description":"Sie brauchen einen Sockel oder eine S\u00e4ule? 100 verschiedene Sorten in unserem Webshop, sowie Live-Ansicht.","robots":{"index":"index","follow":"follow","max-snippet":"max-snippet:-1","max-image-preview":"max-image-preview:large","max-video-preview":"max-video-preview:-1"},"canonical":"https:\/\/www.eliassen.nl\/de\/saule-gebrannter-schwarzstein-30x30x100cm\/","og_locale":"de_DE","og_type":"article","og_title":"Sonstige S\u00e4ule Blackstone gebrannt 30x30x100cm - Eliassen.nl","og_description":"Sie brauchen einen Sockel oder eine S\u00e4ule? 100 verschiedene Sorten in unserem Webshop, sowie Live-Ansicht.","og_url":"https:\/\/www.eliassen.nl\/de\/saule-gebrannter-schwarzstein-30x30x100cm\/","og_site_name":"Eliassen.nl","article_publisher":"https:\/\/www.facebook.com\/TuincentrumEliassenAmmerzoden","article_modified_time":"2026-01-16T13:03:10+00:00","og_image":[{"width":551,"height":1000,"url":"https:\/\/www.eliassen.nl\/wp-content\/uploads\/2024\/01\/mijnproject20221004t120508670.png","type":"image\/png"}],"twitter_card":"summary_large_image","schema":{"@context":"https:\/\/schema.org","@graph":[{"@type":"WebPage","@id":"https:\/\/www.eliassen.nl\/de\/saule-gebrannter-schwarzstein-30x30x100cm\/","url":"https:\/\/www.eliassen.nl\/de\/saule-gebrannter-schwarzstein-30x30x100cm\/","name":"S\u00e4ule Blackstone gebrannt 30x30x100cm","isPartOf":{"@id":"https:\/\/www.eliassen.nl\/de\/#website"},"primaryImageOfPage":{"@id":"https:\/\/www.eliassen.nl\/de\/saule-gebrannter-schwarzstein-30x30x100cm\/#primaryimage"},"image":{"@id":"https:\/\/www.eliassen.nl\/de\/saule-gebrannter-schwarzstein-30x30x100cm\/#primaryimage"},"thumbnailUrl":"https:\/\/www.eliassen.nl\/wp-content\/uploads\/2024\/01\/mijnproject20221004t120508670.png","datePublished":"2021-12-21T10:41:27+00:00","dateModified":"2026-01-16T13:03:10+00:00","description":"Sie brauchen einen Sockel oder eine S\u00e4ule? 100 verschiedene Sorten in unserem Webshop, sowie Live-Ansicht.","breadcrumb":{"@id":"https:\/\/www.eliassen.nl\/de\/saule-gebrannter-schwarzstein-30x30x100cm\/#breadcrumb"},"inLanguage":"de","potentialAction":[{"@type":"ReadAction","target":["https:\/\/www.eliassen.nl\/de\/saule-gebrannter-schwarzstein-30x30x100cm\/"]}]},{"@type":"ImageObject","inLanguage":"de","@id":"https:\/\/www.eliassen.nl\/de\/saule-gebrannter-schwarzstein-30x30x100cm\/#primaryimage","url":"https:\/\/www.eliassen.nl\/wp-content\/uploads\/2024\/01\/mijnproject20221004t120508670.png","contentUrl":"https:\/\/www.eliassen.nl\/wp-content\/uploads\/2024\/01\/mijnproject20221004t120508670.png","width":551,"height":1000,"caption":"Mein Projekt - 2022-10-04T120508.670"},{"@type":"BreadcrumbList","@id":"https:\/\/www.eliassen.nl\/de\/saule-gebrannter-schwarzstein-30x30x100cm\/#breadcrumb","itemListElement":[{"@type":"ListItem","position":1,"name":"Home","item":"https:\/\/www.eliassen.nl\/de\/"},{"@type":"ListItem","position":2,"name":"Shop","item":"https:\/\/www.eliassen.nl\/de\/shop\/"},{"@type":"ListItem","position":3,"name":"Sockel","item":"https:\/\/www.eliassen.nl\/de\/sockel\/"},{"@type":"ListItem","position":4,"name":"Sockel aus Naturstein","item":"https:\/\/www.eliassen.nl\/de\/sockel\/sockel-aus-naturstein\/"},{"@type":"ListItem","position":5,"name":"S\u00e4ule Blackstone gebrannt 30x30x100cm"}]},{"@type":"WebSite","@id":"https:\/\/www.eliassen.nl\/de\/#website","url":"https:\/\/www.eliassen.nl\/de\/","name":"Eliassen Home & Garden Pleasure","description":"","publisher":{"@id":"https:\/\/www.eliassen.nl\/de\/#organization"},"alternateName":"Eliassen.nl","potentialAction":[{"@type":"SearchAction","target":{"@type":"EntryPoint","urlTemplate":"https:\/\/www.eliassen.nl\/de\/?s={search_term_string}"},"query-input":{"@type":"PropertyValueSpecification","valueRequired":true,"valueName":"search_term_string"}}],"inLanguage":"de"},{"@type":["Organization","Place"],"@id":"https:\/\/www.eliassen.nl\/de\/#organization","name":"Eliassen Home & Garden Pleasure","url":"https:\/\/www.eliassen.nl\/de\/","logo":{"@id":"https:\/\/www.eliassen.nl\/de\/saule-gebrannter-schwarzstein-30x30x100cm\/#local-main-organization-logo"},"image":{"@id":"https:\/\/www.eliassen.nl\/de\/saule-gebrannter-schwarzstein-30x30x100cm\/#local-main-organization-logo"},"sameAs":["https:\/\/www.facebook.com\/TuincentrumEliassenAmmerzoden","https:\/\/www.instagram.com\/eliassenhomeandgarden\/","https:\/\/nl.pinterest.com\/eliassenhomeandgarden\/","https:\/\/www.youtube.com\/@eliassenhomegardenpleasure4558"],"telephone":[],"openingHoursSpecification":[{"@type":"OpeningHoursSpecification","dayOfWeek":["Monday","Tuesday","Wednesday","Thursday","Friday","Saturday","Sunday"],"opens":"09:00","closes":"17:00"}]},{"@type":"ImageObject","inLanguage":"de","@id":"https:\/\/www.eliassen.nl\/de\/saule-gebrannter-schwarzstein-30x30x100cm\/#local-main-organization-logo","url":"https:\/\/www.eliassen.nl\/wp-content\/uploads\/2024\/01\/logo_4nd.jpg","contentUrl":"https:\/\/www.eliassen.nl\/wp-content\/uploads\/2024\/01\/logo_4nd.jpg","width":500,"height":500,"caption":"Eliassen Home & Garden Pleasure"}]},"product_price_amount":"295.00","product_price_currency":"EUR","og_availability":"instock","product_availability":"instock","product_retailer_item_id":"Mikebs100","product_condition":"new"},"df_price":295,"df_sale_price":"","df_regular_price":295,"df_image_link":"https:\/\/www.eliassen.nl\/wp-content\/uploads\/2024\/01\/mijnproject20221004t120508670.png","image":"https:\/\/www.eliassen.nl\/wp-content\/uploads\/2024\/01\/mijnproject20221004t120508670.png","price_search":"<span class=\"woocommerce-Price-amount amount\"><bdi><span class=\"woocommerce-Price-currencySymbol\">&euro;<\/span>&nbsp;295,00<\/bdi><\/span>","category":"Sockel","global_unique_id":"6096524788771","_links":{"self":[{"href":"https:\/\/www.eliassen.nl\/de\/wp-json\/wp\/v2\/product\/67288","targetHints":{"allow":["GET"]}}],"collection":[{"href":"https:\/\/www.eliassen.nl\/de\/wp-json\/wp\/v2\/product"}],"about":[{"href":"https:\/\/www.eliassen.nl\/de\/wp-json\/wp\/v2\/types\/product"}],"wp:featuredmedia":[{"embeddable":true,"href":"https:\/\/www.eliassen.nl\/de\/wp-json\/wp\/v2\/media\/67279"}],"wp:attachment":[{"href":"https:\/\/www.eliassen.nl\/de\/wp-json\/wp\/v2\/media?parent=67288"}],"wp:term":[{"taxonomy":"product_brand","embeddable":true,"href":"https:\/\/www.eliassen.nl\/de\/wp-json\/wp\/v2\/product_brand?post=67288"},{"taxonomy":"product_cat","embeddable":true,"href":"https:\/\/www.eliassen.nl\/de\/wp-json\/wp\/v2\/product_cat?post=67288"},{"taxonomy":"product_tag","embeddable":true,"href":"https:\/\/www.eliassen.nl\/de\/wp-json\/wp\/v2\/product_tag?post=67288"}],"curies":[{"name":"wp","href":"https:\/\/api.w.org\/{rel}","templated":true}]}}