{"id":66832,"date":"2021-11-30T14:30:38","date_gmt":"2021-11-30T14:30:38","guid":{"rendered":"https:\/\/www.eliassen.nl\/?product=metalen-hond-op-voet"},"modified":"2026-03-30T21:28:27","modified_gmt":"2026-03-30T19:28:27","slug":"metallskulptur-hund-mit-lampe","status":"publish","type":"product","link":"https:\/\/www.eliassen.nl\/de\/metallskulptur-hund-mit-lampe\/","title":{"rendered":"Metallskulptur Hund mit Lampe"},"content":{"rendered":"<p>Wundersch\u00f6ne Hundefigur, die Ihr Zuhause oder Ihren Arbeitsplatz versch\u00f6nern wird. F\u00fcr die Anrichte, die Fensterbank, die K\u00fcche, das B\u00fcro und so weiter.<\/p>\n<p>Dieser Zinnhahn wurde komplett von Hand geschnitten, ausgeklopft, gel\u00f6tet und dann mit verschiedenen Farben versehen. F\u00fcr einen sch\u00f6nen Farbeffekt wurde Perlmutt verwendet. Sehen Sie hier das Ergebnis, ein sch\u00f6nes Dekorationsobjekt mit warmen Farben. Da es sich um ein handgefertigtes Produkt handelt, wird jedes Exemplar eine andere Farbe haben, das Foto ist nur ein Beispiel.<\/p>\n<p>Perle ist ein organisches Schalenmaterial, das normalerweise im Inneren vieler Arten von gro\u00dfen Muscheln zu finden ist. Bei jeder Muschelart ist die Dicke des Perlmutts unterschiedlich.<br \/>\nPerlen werden von den Schalentieren \u00fcber Epithelzellen produziert. Das Perlmutt wird produziert, um eine glatte Oberfl\u00e4che f\u00fcr die Muscheln zu schaffen und um Parasiten abzuwehren.<br \/>\nWenn eine Muschel \u00fcber einen l\u00e4ngeren Zeitraum an einem Parasiten leidet, produziert sie st\u00e4ndig Perlmutt, aus dem sich schlie\u00dflich eine Perle bilden kann.<\/p>\n<p>Dieser Hahn hat auch ein Licht, so dass Sie dieses Modell auch als Stimmungslicht verwenden k\u00f6nnen. Wenn Sie diese Figur nicht als Lampe verwenden m\u00f6chten, k\u00f6nnen Sie das Kabel und die Fassung einfach abnehmen.<\/p>\n<ul>\n<li>Gr\u00f6\u00dfe:23x59cm hoch<\/li>\n<li>Geliefert mit Kabel 150 cm und Schalter<\/li>\n<li>Garantie 1 Jahr, ohne Gl\u00fchbirne<\/li>\n<\/ul>\n","protected":false},"excerpt":{"rendered":"<p>Wundersch\u00f6ne Hundefigur, die Ihr Zuhause oder Ihren Arbeitsplatz versch\u00f6nern wird. F\u00fcr die Anrichte, die Fensterbank, die K\u00fcche, das B\u00fcro und so weiter. Dieser Zinnhahn wurde komplett von Hand geschnitten, ausgeklopft, gel\u00f6tet und dann mit verschiedenen Farben versehen. F\u00fcr einen sch\u00f6nen Farbeffekt wurde Perlmutt verwendet. Sehen Sie hier das Ergebnis, ein sch\u00f6nes Dekorationsobjekt mit warmen Farben. &hellip;<\/p>\n","protected":false},"featured_media":66817,"template":"","meta":{"_acf_changed":false,"_genesis_title":"","_genesis_description":""},"product_brand":[7505],"product_cat":[665,659,746],"product_tag":[],"class_list":{"0":"post-66832","1":"product","2":"type-product","3":"status-publish","4":"has-post-thumbnail","6":"product_brand-sonstige","7":"product_cat-dekofiguren-aus-metall","8":"product_cat-dekoration-aus-metall","9":"product_cat-stimmungsvolle-beleuchtung","11":"first","12":"instock","13":"taxable","14":"shipping-taxable","15":"purchasable","16":"product-type-simple"},"acf":[],"meta_all":{"total_sales":"0","wcml_sync_hash":{"postmeta_fields":"7036426dda944c95faa2267d4015649b"},"attr_label_translations":[],"cor_restricted_countries":[]},"meta_all_flat":{"total_sales":"0","wcml_sync_hash.postmeta_fields":"7036426dda944c95faa2267d4015649b"},"yoast_head":"<!-- This site is optimized with the Yoast SEO Premium plugin v26.2 (Yoast SEO v27.2) - https:\/\/yoast.com\/product\/yoast-seo-premium-wordpress\/ -->\n<title>Metallskulptur Hund mit Lampe | Rot- und Braunt\u00f6ne | Eliassen.nl<\/title>\n<meta name=\"description\" content=\"Metalllampe Dog als sch\u00f6ne dekorative Skulptur f\u00fcr Ihr Haus, Ihren Garten oder Ihr B\u00fcro. Suchen Sie nach anderen Tierskulpturen aus Metall? Besuchen Sie unseren Webshop.\" \/>\n<meta name=\"robots\" content=\"index, follow, max-snippet:-1, max-image-preview:large, max-video-preview:-1\" \/>\n<link rel=\"canonical\" href=\"https:\/\/www.eliassen.nl\/de\/metallskulptur-hund-mit-lampe\/\" \/>\n<meta property=\"og:locale\" content=\"de_DE\" \/>\n<meta property=\"og:type\" content=\"article\" \/>\n<meta property=\"og:title\" content=\"Sonstige Metallskulptur Hund mit Lampe - Eliassen.nl\" \/>\n<meta property=\"og:description\" content=\"Metalllampe Dog als sch\u00f6ne dekorative Skulptur f\u00fcr Ihr Haus, Ihren Garten oder Ihr B\u00fcro. Suchen Sie nach anderen Tierskulpturen aus Metall? Besuchen Sie unseren Webshop.\" \/>\n<meta property=\"og:url\" content=\"https:\/\/www.eliassen.nl\/de\/metallskulptur-hund-mit-lampe\/\" \/>\n<meta property=\"og:site_name\" content=\"Eliassen.nl\" \/>\n<meta property=\"article:publisher\" content=\"https:\/\/www.facebook.com\/TuincentrumEliassenAmmerzoden\" \/>\n<meta property=\"article:modified_time\" content=\"2026-03-30T19:28:27+00:00\" \/>\n<meta property=\"og:image\" content=\"https:\/\/www.eliassen.nl\/wp-content\/uploads\/2024\/01\/640054.jpg\" \/>\n\t<meta property=\"og:image:width\" content=\"876\" \/>\n\t<meta property=\"og:image:height\" content=\"1800\" \/>\n\t<meta property=\"og:image:type\" content=\"image\/jpeg\" \/>\n<meta name=\"twitter:card\" content=\"summary_large_image\" \/>\n<script type=\"application\/ld+json\" class=\"yoast-schema-graph\">{\"@context\":\"https:\/\/schema.org\",\"@graph\":[{\"@type\":\"WebPage\",\"@id\":\"https:\/\/www.eliassen.nl\/de\/metallskulptur-hund-mit-lampe\/\",\"url\":\"https:\/\/www.eliassen.nl\/de\/metallskulptur-hund-mit-lampe\/\",\"name\":\"Metallskulptur Hund mit Lampe | Rot- und Braunt\u00f6ne | Eliassen.nl\",\"isPartOf\":{\"@id\":\"https:\/\/www.eliassen.nl\/de\/#website\"},\"primaryImageOfPage\":{\"@id\":\"https:\/\/www.eliassen.nl\/de\/metallskulptur-hund-mit-lampe\/#primaryimage\"},\"image\":{\"@id\":\"https:\/\/www.eliassen.nl\/de\/metallskulptur-hund-mit-lampe\/#primaryimage\"},\"thumbnailUrl\":\"https:\/\/www.eliassen.nl\/wp-content\/uploads\/2024\/01\/640054.jpg\",\"datePublished\":\"2021-11-30T14:30:38+00:00\",\"dateModified\":\"2026-03-30T19:28:27+00:00\",\"description\":\"Metalllampe Dog als sch\u00f6ne dekorative Skulptur f\u00fcr Ihr Haus, Ihren Garten oder Ihr B\u00fcro. Suchen Sie nach anderen Tierskulpturen aus Metall? Besuchen Sie unseren Webshop.\",\"breadcrumb\":{\"@id\":\"https:\/\/www.eliassen.nl\/de\/metallskulptur-hund-mit-lampe\/#breadcrumb\"},\"inLanguage\":\"de\",\"potentialAction\":[{\"@type\":\"ReadAction\",\"target\":[\"https:\/\/www.eliassen.nl\/de\/metallskulptur-hund-mit-lampe\/\"]}]},{\"@type\":\"ImageObject\",\"inLanguage\":\"de\",\"@id\":\"https:\/\/www.eliassen.nl\/de\/metallskulptur-hund-mit-lampe\/#primaryimage\",\"url\":\"https:\/\/www.eliassen.nl\/wp-content\/uploads\/2024\/01\/640054.jpg\",\"contentUrl\":\"https:\/\/www.eliassen.nl\/wp-content\/uploads\/2024\/01\/640054.jpg\",\"width\":876,\"height\":1800,\"caption\":\"640054\"},{\"@type\":\"BreadcrumbList\",\"@id\":\"https:\/\/www.eliassen.nl\/de\/metallskulptur-hund-mit-lampe\/#breadcrumb\",\"itemListElement\":[{\"@type\":\"ListItem\",\"position\":1,\"name\":\"Home\",\"item\":\"https:\/\/www.eliassen.nl\/de\/\"},{\"@type\":\"ListItem\",\"position\":2,\"name\":\"Shop\",\"item\":\"https:\/\/www.eliassen.nl\/de\/shop\/\"},{\"@type\":\"ListItem\",\"position\":3,\"name\":\"Dekoration aus Metall\",\"item\":\"https:\/\/www.eliassen.nl\/de\/dekoration-aus-metall\/\"},{\"@type\":\"ListItem\",\"position\":4,\"name\":\"Dekofiguren aus Metall\",\"item\":\"https:\/\/www.eliassen.nl\/de\/dekoration-aus-metall\/dekofiguren-aus-metall\/\"},{\"@type\":\"ListItem\",\"position\":5,\"name\":\"Metallskulptur Hund mit Lampe\"}]},{\"@type\":\"WebSite\",\"@id\":\"https:\/\/www.eliassen.nl\/de\/#website\",\"url\":\"https:\/\/www.eliassen.nl\/de\/\",\"name\":\"Eliassen Home & Garden Pleasure\",\"description\":\"\",\"publisher\":{\"@id\":\"https:\/\/www.eliassen.nl\/de\/#organization\"},\"alternateName\":\"Eliassen.nl\",\"potentialAction\":[{\"@type\":\"SearchAction\",\"target\":{\"@type\":\"EntryPoint\",\"urlTemplate\":\"https:\/\/www.eliassen.nl\/de\/?s={search_term_string}\"},\"query-input\":{\"@type\":\"PropertyValueSpecification\",\"valueRequired\":true,\"valueName\":\"search_term_string\"}}],\"inLanguage\":\"de\"},{\"@type\":[\"Organization\",\"Place\"],\"@id\":\"https:\/\/www.eliassen.nl\/de\/#organization\",\"name\":\"Eliassen Home & Garden Pleasure\",\"url\":\"https:\/\/www.eliassen.nl\/de\/\",\"logo\":{\"@id\":\"https:\/\/www.eliassen.nl\/de\/metallskulptur-hund-mit-lampe\/#local-main-organization-logo\"},\"image\":{\"@id\":\"https:\/\/www.eliassen.nl\/de\/metallskulptur-hund-mit-lampe\/#local-main-organization-logo\"},\"sameAs\":[\"https:\/\/www.facebook.com\/TuincentrumEliassenAmmerzoden\",\"https:\/\/www.instagram.com\/eliassenhomeandgarden\/\",\"https:\/\/nl.pinterest.com\/eliassenhomeandgarden\/\",\"https:\/\/www.youtube.com\/@eliassenhomegardenpleasure4558\"],\"telephone\":[],\"openingHoursSpecification\":[{\"@type\":\"OpeningHoursSpecification\",\"dayOfWeek\":[\"Monday\",\"Tuesday\",\"Wednesday\",\"Thursday\",\"Friday\",\"Saturday\",\"Sunday\"],\"opens\":\"09:00\",\"closes\":\"17:00\"}]},{\"@type\":\"ImageObject\",\"inLanguage\":\"de\",\"@id\":\"https:\/\/www.eliassen.nl\/de\/metallskulptur-hund-mit-lampe\/#local-main-organization-logo\",\"url\":\"https:\/\/www.eliassen.nl\/wp-content\/uploads\/2024\/01\/logo_4nd.jpg\",\"contentUrl\":\"https:\/\/www.eliassen.nl\/wp-content\/uploads\/2024\/01\/logo_4nd.jpg\",\"width\":500,\"height\":500,\"caption\":\"Eliassen Home & Garden Pleasure\"}]}<\/script>\n<meta property=\"product:price:amount\" content=\"49.95\" \/>\n<meta property=\"product:price:currency\" content=\"EUR\" \/>\n<meta property=\"og:availability\" content=\"instock\" \/>\n<meta property=\"product:availability\" content=\"instock\" \/>\n<meta property=\"product:retailer_item_id\" content=\"64054\" \/>\n<meta property=\"product:condition\" content=\"new\" \/>\n<!-- \/ Yoast SEO Premium plugin. -->","yoast_head_json":{"title":"Metallskulptur Hund mit Lampe | Rot- und Braunt\u00f6ne | Eliassen.nl","description":"Metalllampe Dog als sch\u00f6ne dekorative Skulptur f\u00fcr Ihr Haus, Ihren Garten oder Ihr B\u00fcro. Suchen Sie nach anderen Tierskulpturen aus Metall? Besuchen Sie unseren Webshop.","robots":{"index":"index","follow":"follow","max-snippet":"max-snippet:-1","max-image-preview":"max-image-preview:large","max-video-preview":"max-video-preview:-1"},"canonical":"https:\/\/www.eliassen.nl\/de\/metallskulptur-hund-mit-lampe\/","og_locale":"de_DE","og_type":"article","og_title":"Sonstige Metallskulptur Hund mit Lampe - Eliassen.nl","og_description":"Metalllampe Dog als sch\u00f6ne dekorative Skulptur f\u00fcr Ihr Haus, Ihren Garten oder Ihr B\u00fcro. Suchen Sie nach anderen Tierskulpturen aus Metall? Besuchen Sie unseren Webshop.","og_url":"https:\/\/www.eliassen.nl\/de\/metallskulptur-hund-mit-lampe\/","og_site_name":"Eliassen.nl","article_publisher":"https:\/\/www.facebook.com\/TuincentrumEliassenAmmerzoden","article_modified_time":"2026-03-30T19:28:27+00:00","og_image":[{"width":876,"height":1800,"url":"https:\/\/www.eliassen.nl\/wp-content\/uploads\/2024\/01\/640054.jpg","type":"image\/jpeg"}],"twitter_card":"summary_large_image","schema":{"@context":"https:\/\/schema.org","@graph":[{"@type":"WebPage","@id":"https:\/\/www.eliassen.nl\/de\/metallskulptur-hund-mit-lampe\/","url":"https:\/\/www.eliassen.nl\/de\/metallskulptur-hund-mit-lampe\/","name":"Metallskulptur Hund mit Lampe | Rot- und Braunt\u00f6ne | Eliassen.nl","isPartOf":{"@id":"https:\/\/www.eliassen.nl\/de\/#website"},"primaryImageOfPage":{"@id":"https:\/\/www.eliassen.nl\/de\/metallskulptur-hund-mit-lampe\/#primaryimage"},"image":{"@id":"https:\/\/www.eliassen.nl\/de\/metallskulptur-hund-mit-lampe\/#primaryimage"},"thumbnailUrl":"https:\/\/www.eliassen.nl\/wp-content\/uploads\/2024\/01\/640054.jpg","datePublished":"2021-11-30T14:30:38+00:00","dateModified":"2026-03-30T19:28:27+00:00","description":"Metalllampe Dog als sch\u00f6ne dekorative Skulptur f\u00fcr Ihr Haus, Ihren Garten oder Ihr B\u00fcro. Suchen Sie nach anderen Tierskulpturen aus Metall? Besuchen Sie unseren Webshop.","breadcrumb":{"@id":"https:\/\/www.eliassen.nl\/de\/metallskulptur-hund-mit-lampe\/#breadcrumb"},"inLanguage":"de","potentialAction":[{"@type":"ReadAction","target":["https:\/\/www.eliassen.nl\/de\/metallskulptur-hund-mit-lampe\/"]}]},{"@type":"ImageObject","inLanguage":"de","@id":"https:\/\/www.eliassen.nl\/de\/metallskulptur-hund-mit-lampe\/#primaryimage","url":"https:\/\/www.eliassen.nl\/wp-content\/uploads\/2024\/01\/640054.jpg","contentUrl":"https:\/\/www.eliassen.nl\/wp-content\/uploads\/2024\/01\/640054.jpg","width":876,"height":1800,"caption":"640054"},{"@type":"BreadcrumbList","@id":"https:\/\/www.eliassen.nl\/de\/metallskulptur-hund-mit-lampe\/#breadcrumb","itemListElement":[{"@type":"ListItem","position":1,"name":"Home","item":"https:\/\/www.eliassen.nl\/de\/"},{"@type":"ListItem","position":2,"name":"Shop","item":"https:\/\/www.eliassen.nl\/de\/shop\/"},{"@type":"ListItem","position":3,"name":"Dekoration aus Metall","item":"https:\/\/www.eliassen.nl\/de\/dekoration-aus-metall\/"},{"@type":"ListItem","position":4,"name":"Dekofiguren aus Metall","item":"https:\/\/www.eliassen.nl\/de\/dekoration-aus-metall\/dekofiguren-aus-metall\/"},{"@type":"ListItem","position":5,"name":"Metallskulptur Hund mit Lampe"}]},{"@type":"WebSite","@id":"https:\/\/www.eliassen.nl\/de\/#website","url":"https:\/\/www.eliassen.nl\/de\/","name":"Eliassen Home & Garden Pleasure","description":"","publisher":{"@id":"https:\/\/www.eliassen.nl\/de\/#organization"},"alternateName":"Eliassen.nl","potentialAction":[{"@type":"SearchAction","target":{"@type":"EntryPoint","urlTemplate":"https:\/\/www.eliassen.nl\/de\/?s={search_term_string}"},"query-input":{"@type":"PropertyValueSpecification","valueRequired":true,"valueName":"search_term_string"}}],"inLanguage":"de"},{"@type":["Organization","Place"],"@id":"https:\/\/www.eliassen.nl\/de\/#organization","name":"Eliassen Home & Garden Pleasure","url":"https:\/\/www.eliassen.nl\/de\/","logo":{"@id":"https:\/\/www.eliassen.nl\/de\/metallskulptur-hund-mit-lampe\/#local-main-organization-logo"},"image":{"@id":"https:\/\/www.eliassen.nl\/de\/metallskulptur-hund-mit-lampe\/#local-main-organization-logo"},"sameAs":["https:\/\/www.facebook.com\/TuincentrumEliassenAmmerzoden","https:\/\/www.instagram.com\/eliassenhomeandgarden\/","https:\/\/nl.pinterest.com\/eliassenhomeandgarden\/","https:\/\/www.youtube.com\/@eliassenhomegardenpleasure4558"],"telephone":[],"openingHoursSpecification":[{"@type":"OpeningHoursSpecification","dayOfWeek":["Monday","Tuesday","Wednesday","Thursday","Friday","Saturday","Sunday"],"opens":"09:00","closes":"17:00"}]},{"@type":"ImageObject","inLanguage":"de","@id":"https:\/\/www.eliassen.nl\/de\/metallskulptur-hund-mit-lampe\/#local-main-organization-logo","url":"https:\/\/www.eliassen.nl\/wp-content\/uploads\/2024\/01\/logo_4nd.jpg","contentUrl":"https:\/\/www.eliassen.nl\/wp-content\/uploads\/2024\/01\/logo_4nd.jpg","width":500,"height":500,"caption":"Eliassen Home & Garden Pleasure"}]},"product_price_amount":"49.95","product_price_currency":"EUR","og_availability":"instock","product_availability":"instock","product_retailer_item_id":"64054","product_condition":"new"},"df_price":49.95,"df_sale_price":"","df_regular_price":49.95,"df_image_link":"https:\/\/www.eliassen.nl\/wp-content\/uploads\/2024\/01\/640054.jpg","image":"https:\/\/www.eliassen.nl\/wp-content\/uploads\/2024\/01\/640054.jpg","price_search":"<span class=\"woocommerce-Price-amount amount\"><bdi><span class=\"woocommerce-Price-currencySymbol\">&euro;<\/span>&nbsp;49,95<\/bdi><\/span>","category":"Dekofiguren aus Metall","global_unique_id":"4052286640544","_links":{"self":[{"href":"https:\/\/www.eliassen.nl\/de\/wp-json\/wp\/v2\/product\/66832","targetHints":{"allow":["GET"]}}],"collection":[{"href":"https:\/\/www.eliassen.nl\/de\/wp-json\/wp\/v2\/product"}],"about":[{"href":"https:\/\/www.eliassen.nl\/de\/wp-json\/wp\/v2\/types\/product"}],"wp:featuredmedia":[{"embeddable":true,"href":"https:\/\/www.eliassen.nl\/de\/wp-json\/wp\/v2\/media\/66817"}],"wp:attachment":[{"href":"https:\/\/www.eliassen.nl\/de\/wp-json\/wp\/v2\/media?parent=66832"}],"wp:term":[{"taxonomy":"product_brand","embeddable":true,"href":"https:\/\/www.eliassen.nl\/de\/wp-json\/wp\/v2\/product_brand?post=66832"},{"taxonomy":"product_cat","embeddable":true,"href":"https:\/\/www.eliassen.nl\/de\/wp-json\/wp\/v2\/product_cat?post=66832"},{"taxonomy":"product_tag","embeddable":true,"href":"https:\/\/www.eliassen.nl\/de\/wp-json\/wp\/v2\/product_tag?post=66832"}],"curies":[{"name":"wp","href":"https:\/\/api.w.org\/{rel}","templated":true}]}}