{"id":66781,"date":"2021-11-30T14:16:12","date_gmt":"2021-11-30T14:16:12","guid":{"rendered":"https:\/\/www.eliassen.nl\/?product=metalen-ooievaar-op-voet"},"modified":"2026-03-30T21:29:52","modified_gmt":"2026-03-30T19:29:52","slug":"metallstatue-storch-auf-stander","status":"publish","type":"product","link":"https:\/\/www.eliassen.nl\/de\/metallstatue-storch-auf-stander\/","title":{"rendered":"Metallskulptur Storch auf St\u00e4nder"},"content":{"rendered":"<p>Wundersch\u00f6ne Metallstatue eines Storchs, die Ihr Zuhause oder Ihren Arbeitsplatz stimmungsvoll dekoriert. F\u00fcr die Anrichte, die Fensterbank, die K\u00fcche, das B\u00fcro und so weiter.<\/p>\n<p>Dieser Zinnstorch wurde komplett von Hand geschnitten, ausgeschnitten, gel\u00f6tet und dann mit verschiedenen Farben versehen. F\u00fcr einen sch\u00f6nen Farbeffekt wurde Perlmutt verwendet. Sehen Sie hier das Ergebnis, ein sch\u00f6nes Dekorationsobjekt mit warmen Farben. Da es sich um ein handgefertigtes Produkt handelt, wird jedes Exemplar eine andere Farbe haben, das Foto ist nur ein Beispiel.<\/p>\n<p>Perle ist ein organisches Schalenmaterial, das normalerweise im Inneren vieler Arten von gro\u00dfen Muscheln zu finden ist. Bei jeder Muschelart ist die Dicke des Perlmutts unterschiedlich.<br \/>\nPerlen werden von den Schalentieren \u00fcber Epithelzellen produziert. Das Perlmutt wird produziert, um eine glatte Oberfl\u00e4che f\u00fcr die Muscheln zu schaffen und um Parasiten abzuwehren.<br \/>\nWenn eine Muschel \u00fcber einen l\u00e4ngeren Zeitraum an einem Parasiten leidet, produziert sie st\u00e4ndig Perlmutt, aus dem sich schlie\u00dflich eine Perle bilden kann.<\/p>\n<ul>\n<li>Gr\u00f6\u00dfe:23x80cm hoch<\/li>\n<li>Garantie 1 Jahr<\/li>\n<\/ul>\n","protected":false},"excerpt":{"rendered":"<p>Wundersch\u00f6ne Metallstatue eines Storchs, die Ihr Zuhause oder Ihren Arbeitsplatz stimmungsvoll dekoriert. F\u00fcr die Anrichte, die Fensterbank, die K\u00fcche, das B\u00fcro und so weiter. Dieser Zinnstorch wurde komplett von Hand geschnitten, ausgeschnitten, gel\u00f6tet und dann mit verschiedenen Farben versehen. F\u00fcr einen sch\u00f6nen Farbeffekt wurde Perlmutt verwendet. Sehen Sie hier das Ergebnis, ein sch\u00f6nes Dekorationsobjekt mit &hellip;<\/p>\n","protected":false},"featured_media":66766,"template":"","meta":{"_acf_changed":false,"_genesis_title":"","_genesis_description":""},"product_brand":[7505],"product_cat":[665,659],"product_tag":[],"class_list":{"0":"post-66781","1":"product","2":"type-product","3":"status-publish","4":"has-post-thumbnail","6":"product_brand-sonstige","7":"product_cat-dekofiguren-aus-metall","8":"product_cat-dekoration-aus-metall","10":"first","11":"instock","12":"taxable","13":"shipping-taxable","14":"purchasable","15":"product-type-simple"},"acf":[],"meta_all":{"total_sales":"0","wcml_sync_hash":{"postmeta_fields":"799a8c3ee3fdd2ec47e7ba746c8428d8"},"attr_label_translations":[],"cor_restricted_countries":[]},"meta_all_flat":{"total_sales":"0","wcml_sync_hash.postmeta_fields":"799a8c3ee3fdd2ec47e7ba746c8428d8"},"yoast_head":"<!-- This site is optimized with the Yoast SEO Premium plugin v26.2 (Yoast SEO v27.2) - https:\/\/yoast.com\/product\/yoast-seo-premium-wordpress\/ -->\n<title>Metallskulptur Storch auf St\u00e4nder - Eliassen.nl<\/title>\n<meta name=\"description\" content=\"Metallskulptur Storch auf St\u00e4nder mit verschiedenen Braunt\u00f6nen, vollst\u00e4ndig von Hand gefertigt. Sehen Sie sich unsere anderen Metalltierfiguren in unserem Webshop an.\" \/>\n<meta name=\"robots\" content=\"index, follow, max-snippet:-1, max-image-preview:large, max-video-preview:-1\" \/>\n<link rel=\"canonical\" href=\"https:\/\/www.eliassen.nl\/de\/metallstatue-storch-auf-stander\/\" \/>\n<meta property=\"og:locale\" content=\"de_DE\" \/>\n<meta property=\"og:type\" content=\"article\" \/>\n<meta property=\"og:title\" content=\"Sonstige Metallskulptur Storch auf St\u00e4nder - Eliassen.nl\" \/>\n<meta property=\"og:description\" content=\"Metallskulptur Storch auf St\u00e4nder mit verschiedenen Braunt\u00f6nen, vollst\u00e4ndig von Hand gefertigt. Sehen Sie sich unsere anderen Metalltierfiguren in unserem Webshop an.\" \/>\n<meta property=\"og:url\" content=\"https:\/\/www.eliassen.nl\/de\/metallstatue-storch-auf-stander\/\" \/>\n<meta property=\"og:site_name\" content=\"Eliassen.nl\" \/>\n<meta property=\"article:publisher\" content=\"https:\/\/www.facebook.com\/TuincentrumEliassenAmmerzoden\" \/>\n<meta property=\"article:modified_time\" content=\"2026-03-30T19:29:52+00:00\" \/>\n<meta property=\"og:image\" content=\"https:\/\/www.eliassen.nl\/wp-content\/uploads\/2024\/01\/metalenbeeldooievaaropstandaard.jpg\" \/>\n\t<meta property=\"og:image:width\" content=\"516\" \/>\n\t<meta property=\"og:image:height\" content=\"1800\" \/>\n\t<meta property=\"og:image:type\" content=\"image\/jpeg\" \/>\n<meta name=\"twitter:card\" content=\"summary_large_image\" \/>\n<script type=\"application\/ld+json\" class=\"yoast-schema-graph\">{\"@context\":\"https:\/\/schema.org\",\"@graph\":[{\"@type\":\"WebPage\",\"@id\":\"https:\/\/www.eliassen.nl\/de\/metallstatue-storch-auf-stander\/\",\"url\":\"https:\/\/www.eliassen.nl\/de\/metallstatue-storch-auf-stander\/\",\"name\":\"Metallskulptur Storch auf St\u00e4nder - Eliassen.nl\",\"isPartOf\":{\"@id\":\"https:\/\/www.eliassen.nl\/de\/#website\"},\"primaryImageOfPage\":{\"@id\":\"https:\/\/www.eliassen.nl\/de\/metallstatue-storch-auf-stander\/#primaryimage\"},\"image\":{\"@id\":\"https:\/\/www.eliassen.nl\/de\/metallstatue-storch-auf-stander\/#primaryimage\"},\"thumbnailUrl\":\"https:\/\/www.eliassen.nl\/wp-content\/uploads\/2024\/01\/metalenbeeldooievaaropstandaard.jpg\",\"datePublished\":\"2021-11-30T14:16:12+00:00\",\"dateModified\":\"2026-03-30T19:29:52+00:00\",\"description\":\"Metallskulptur Storch auf St\u00e4nder mit verschiedenen Braunt\u00f6nen, vollst\u00e4ndig von Hand gefertigt. Sehen Sie sich unsere anderen Metalltierfiguren in unserem Webshop an.\",\"breadcrumb\":{\"@id\":\"https:\/\/www.eliassen.nl\/de\/metallstatue-storch-auf-stander\/#breadcrumb\"},\"inLanguage\":\"de\",\"potentialAction\":[{\"@type\":\"ReadAction\",\"target\":[\"https:\/\/www.eliassen.nl\/de\/metallstatue-storch-auf-stander\/\"]}]},{\"@type\":\"ImageObject\",\"inLanguage\":\"de\",\"@id\":\"https:\/\/www.eliassen.nl\/de\/metallstatue-storch-auf-stander\/#primaryimage\",\"url\":\"https:\/\/www.eliassen.nl\/wp-content\/uploads\/2024\/01\/metalenbeeldooievaaropstandaard.jpg\",\"contentUrl\":\"https:\/\/www.eliassen.nl\/wp-content\/uploads\/2024\/01\/metalenbeeldooievaaropstandaard.jpg\",\"width\":516,\"height\":1800,\"caption\":\"Metallskulptur Storch auf St\u00e4nder\"},{\"@type\":\"BreadcrumbList\",\"@id\":\"https:\/\/www.eliassen.nl\/de\/metallstatue-storch-auf-stander\/#breadcrumb\",\"itemListElement\":[{\"@type\":\"ListItem\",\"position\":1,\"name\":\"Home\",\"item\":\"https:\/\/www.eliassen.nl\/de\/\"},{\"@type\":\"ListItem\",\"position\":2,\"name\":\"Shop\",\"item\":\"https:\/\/www.eliassen.nl\/de\/shop\/\"},{\"@type\":\"ListItem\",\"position\":3,\"name\":\"Dekoration aus Metall\",\"item\":\"https:\/\/www.eliassen.nl\/de\/dekoration-aus-metall\/\"},{\"@type\":\"ListItem\",\"position\":4,\"name\":\"Dekofiguren aus Metall\",\"item\":\"https:\/\/www.eliassen.nl\/de\/dekoration-aus-metall\/dekofiguren-aus-metall\/\"},{\"@type\":\"ListItem\",\"position\":5,\"name\":\"Metallskulptur Storch auf St\u00e4nder\"}]},{\"@type\":\"WebSite\",\"@id\":\"https:\/\/www.eliassen.nl\/de\/#website\",\"url\":\"https:\/\/www.eliassen.nl\/de\/\",\"name\":\"Eliassen Home & Garden Pleasure\",\"description\":\"\",\"publisher\":{\"@id\":\"https:\/\/www.eliassen.nl\/de\/#organization\"},\"alternateName\":\"Eliassen.nl\",\"potentialAction\":[{\"@type\":\"SearchAction\",\"target\":{\"@type\":\"EntryPoint\",\"urlTemplate\":\"https:\/\/www.eliassen.nl\/de\/?s={search_term_string}\"},\"query-input\":{\"@type\":\"PropertyValueSpecification\",\"valueRequired\":true,\"valueName\":\"search_term_string\"}}],\"inLanguage\":\"de\"},{\"@type\":[\"Organization\",\"Place\"],\"@id\":\"https:\/\/www.eliassen.nl\/de\/#organization\",\"name\":\"Eliassen Home & Garden Pleasure\",\"url\":\"https:\/\/www.eliassen.nl\/de\/\",\"logo\":{\"@id\":\"https:\/\/www.eliassen.nl\/de\/metallstatue-storch-auf-stander\/#local-main-organization-logo\"},\"image\":{\"@id\":\"https:\/\/www.eliassen.nl\/de\/metallstatue-storch-auf-stander\/#local-main-organization-logo\"},\"sameAs\":[\"https:\/\/www.facebook.com\/TuincentrumEliassenAmmerzoden\",\"https:\/\/www.instagram.com\/eliassenhomeandgarden\/\",\"https:\/\/nl.pinterest.com\/eliassenhomeandgarden\/\",\"https:\/\/www.youtube.com\/@eliassenhomegardenpleasure4558\"],\"telephone\":[],\"openingHoursSpecification\":[{\"@type\":\"OpeningHoursSpecification\",\"dayOfWeek\":[\"Monday\",\"Tuesday\",\"Wednesday\",\"Thursday\",\"Friday\",\"Saturday\",\"Sunday\"],\"opens\":\"09:00\",\"closes\":\"17:00\"}]},{\"@type\":\"ImageObject\",\"inLanguage\":\"de\",\"@id\":\"https:\/\/www.eliassen.nl\/de\/metallstatue-storch-auf-stander\/#local-main-organization-logo\",\"url\":\"https:\/\/www.eliassen.nl\/wp-content\/uploads\/2024\/01\/logo_4nd.jpg\",\"contentUrl\":\"https:\/\/www.eliassen.nl\/wp-content\/uploads\/2024\/01\/logo_4nd.jpg\",\"width\":500,\"height\":500,\"caption\":\"Eliassen Home & Garden Pleasure\"}]}<\/script>\n<meta property=\"product:price:amount\" content=\"24.50\" \/>\n<meta property=\"product:price:currency\" content=\"EUR\" \/>\n<meta property=\"og:availability\" content=\"instock\" \/>\n<meta property=\"product:availability\" content=\"instock\" \/>\n<meta property=\"product:retailer_item_id\" content=\"64018\" \/>\n<meta property=\"product:condition\" content=\"new\" \/>\n<!-- \/ Yoast SEO Premium plugin. -->","yoast_head_json":{"title":"Metallskulptur Storch auf St\u00e4nder - Eliassen.nl","description":"Metallskulptur Storch auf St\u00e4nder mit verschiedenen Braunt\u00f6nen, vollst\u00e4ndig von Hand gefertigt. Sehen Sie sich unsere anderen Metalltierfiguren in unserem Webshop an.","robots":{"index":"index","follow":"follow","max-snippet":"max-snippet:-1","max-image-preview":"max-image-preview:large","max-video-preview":"max-video-preview:-1"},"canonical":"https:\/\/www.eliassen.nl\/de\/metallstatue-storch-auf-stander\/","og_locale":"de_DE","og_type":"article","og_title":"Sonstige Metallskulptur Storch auf St\u00e4nder - Eliassen.nl","og_description":"Metallskulptur Storch auf St\u00e4nder mit verschiedenen Braunt\u00f6nen, vollst\u00e4ndig von Hand gefertigt. Sehen Sie sich unsere anderen Metalltierfiguren in unserem Webshop an.","og_url":"https:\/\/www.eliassen.nl\/de\/metallstatue-storch-auf-stander\/","og_site_name":"Eliassen.nl","article_publisher":"https:\/\/www.facebook.com\/TuincentrumEliassenAmmerzoden","article_modified_time":"2026-03-30T19:29:52+00:00","og_image":[{"width":516,"height":1800,"url":"https:\/\/www.eliassen.nl\/wp-content\/uploads\/2024\/01\/metalenbeeldooievaaropstandaard.jpg","type":"image\/jpeg"}],"twitter_card":"summary_large_image","schema":{"@context":"https:\/\/schema.org","@graph":[{"@type":"WebPage","@id":"https:\/\/www.eliassen.nl\/de\/metallstatue-storch-auf-stander\/","url":"https:\/\/www.eliassen.nl\/de\/metallstatue-storch-auf-stander\/","name":"Metallskulptur Storch auf St\u00e4nder - Eliassen.nl","isPartOf":{"@id":"https:\/\/www.eliassen.nl\/de\/#website"},"primaryImageOfPage":{"@id":"https:\/\/www.eliassen.nl\/de\/metallstatue-storch-auf-stander\/#primaryimage"},"image":{"@id":"https:\/\/www.eliassen.nl\/de\/metallstatue-storch-auf-stander\/#primaryimage"},"thumbnailUrl":"https:\/\/www.eliassen.nl\/wp-content\/uploads\/2024\/01\/metalenbeeldooievaaropstandaard.jpg","datePublished":"2021-11-30T14:16:12+00:00","dateModified":"2026-03-30T19:29:52+00:00","description":"Metallskulptur Storch auf St\u00e4nder mit verschiedenen Braunt\u00f6nen, vollst\u00e4ndig von Hand gefertigt. Sehen Sie sich unsere anderen Metalltierfiguren in unserem Webshop an.","breadcrumb":{"@id":"https:\/\/www.eliassen.nl\/de\/metallstatue-storch-auf-stander\/#breadcrumb"},"inLanguage":"de","potentialAction":[{"@type":"ReadAction","target":["https:\/\/www.eliassen.nl\/de\/metallstatue-storch-auf-stander\/"]}]},{"@type":"ImageObject","inLanguage":"de","@id":"https:\/\/www.eliassen.nl\/de\/metallstatue-storch-auf-stander\/#primaryimage","url":"https:\/\/www.eliassen.nl\/wp-content\/uploads\/2024\/01\/metalenbeeldooievaaropstandaard.jpg","contentUrl":"https:\/\/www.eliassen.nl\/wp-content\/uploads\/2024\/01\/metalenbeeldooievaaropstandaard.jpg","width":516,"height":1800,"caption":"Metallskulptur Storch auf St\u00e4nder"},{"@type":"BreadcrumbList","@id":"https:\/\/www.eliassen.nl\/de\/metallstatue-storch-auf-stander\/#breadcrumb","itemListElement":[{"@type":"ListItem","position":1,"name":"Home","item":"https:\/\/www.eliassen.nl\/de\/"},{"@type":"ListItem","position":2,"name":"Shop","item":"https:\/\/www.eliassen.nl\/de\/shop\/"},{"@type":"ListItem","position":3,"name":"Dekoration aus Metall","item":"https:\/\/www.eliassen.nl\/de\/dekoration-aus-metall\/"},{"@type":"ListItem","position":4,"name":"Dekofiguren aus Metall","item":"https:\/\/www.eliassen.nl\/de\/dekoration-aus-metall\/dekofiguren-aus-metall\/"},{"@type":"ListItem","position":5,"name":"Metallskulptur Storch auf St\u00e4nder"}]},{"@type":"WebSite","@id":"https:\/\/www.eliassen.nl\/de\/#website","url":"https:\/\/www.eliassen.nl\/de\/","name":"Eliassen Home & Garden Pleasure","description":"","publisher":{"@id":"https:\/\/www.eliassen.nl\/de\/#organization"},"alternateName":"Eliassen.nl","potentialAction":[{"@type":"SearchAction","target":{"@type":"EntryPoint","urlTemplate":"https:\/\/www.eliassen.nl\/de\/?s={search_term_string}"},"query-input":{"@type":"PropertyValueSpecification","valueRequired":true,"valueName":"search_term_string"}}],"inLanguage":"de"},{"@type":["Organization","Place"],"@id":"https:\/\/www.eliassen.nl\/de\/#organization","name":"Eliassen Home & Garden Pleasure","url":"https:\/\/www.eliassen.nl\/de\/","logo":{"@id":"https:\/\/www.eliassen.nl\/de\/metallstatue-storch-auf-stander\/#local-main-organization-logo"},"image":{"@id":"https:\/\/www.eliassen.nl\/de\/metallstatue-storch-auf-stander\/#local-main-organization-logo"},"sameAs":["https:\/\/www.facebook.com\/TuincentrumEliassenAmmerzoden","https:\/\/www.instagram.com\/eliassenhomeandgarden\/","https:\/\/nl.pinterest.com\/eliassenhomeandgarden\/","https:\/\/www.youtube.com\/@eliassenhomegardenpleasure4558"],"telephone":[],"openingHoursSpecification":[{"@type":"OpeningHoursSpecification","dayOfWeek":["Monday","Tuesday","Wednesday","Thursday","Friday","Saturday","Sunday"],"opens":"09:00","closes":"17:00"}]},{"@type":"ImageObject","inLanguage":"de","@id":"https:\/\/www.eliassen.nl\/de\/metallstatue-storch-auf-stander\/#local-main-organization-logo","url":"https:\/\/www.eliassen.nl\/wp-content\/uploads\/2024\/01\/logo_4nd.jpg","contentUrl":"https:\/\/www.eliassen.nl\/wp-content\/uploads\/2024\/01\/logo_4nd.jpg","width":500,"height":500,"caption":"Eliassen Home & Garden Pleasure"}]},"product_price_amount":"24.50","product_price_currency":"EUR","og_availability":"instock","product_availability":"instock","product_retailer_item_id":"64018","product_condition":"new"},"df_price":24.5,"df_sale_price":"","df_regular_price":24.5,"df_image_link":"https:\/\/www.eliassen.nl\/wp-content\/uploads\/2024\/01\/metalenbeeldooievaaropstandaard.jpg","image":"https:\/\/www.eliassen.nl\/wp-content\/uploads\/2024\/01\/metalenbeeldooievaaropstandaard.jpg","price_search":"<span class=\"woocommerce-Price-amount amount\"><bdi><span class=\"woocommerce-Price-currencySymbol\">&euro;<\/span>&nbsp;24,50<\/bdi><\/span>","category":"Dekofiguren aus Metall","global_unique_id":"4052286640186","_links":{"self":[{"href":"https:\/\/www.eliassen.nl\/de\/wp-json\/wp\/v2\/product\/66781","targetHints":{"allow":["GET"]}}],"collection":[{"href":"https:\/\/www.eliassen.nl\/de\/wp-json\/wp\/v2\/product"}],"about":[{"href":"https:\/\/www.eliassen.nl\/de\/wp-json\/wp\/v2\/types\/product"}],"wp:featuredmedia":[{"embeddable":true,"href":"https:\/\/www.eliassen.nl\/de\/wp-json\/wp\/v2\/media\/66766"}],"wp:attachment":[{"href":"https:\/\/www.eliassen.nl\/de\/wp-json\/wp\/v2\/media?parent=66781"}],"wp:term":[{"taxonomy":"product_brand","embeddable":true,"href":"https:\/\/www.eliassen.nl\/de\/wp-json\/wp\/v2\/product_brand?post=66781"},{"taxonomy":"product_cat","embeddable":true,"href":"https:\/\/www.eliassen.nl\/de\/wp-json\/wp\/v2\/product_cat?post=66781"},{"taxonomy":"product_tag","embeddable":true,"href":"https:\/\/www.eliassen.nl\/de\/wp-json\/wp\/v2\/product_tag?post=66781"}],"curies":[{"name":"wp","href":"https:\/\/api.w.org\/{rel}","templated":true}]}}