{"id":66586,"date":"2021-10-22T16:55:19","date_gmt":"2021-10-22T16:55:19","guid":{"rendered":"https:\/\/www.eliassen.nl\/?product=schilderij-3d-metaal-strand-huisje-100x100cm"},"modified":"2026-01-07T13:25:57","modified_gmt":"2026-01-07T12:25:57","slug":"malerei-3d-strandhaus-aus-metall-100x100cm","status":"publish","type":"product","link":"https:\/\/www.eliassen.nl\/de\/malerei-3d-strandhaus-aus-metall-100x100cm\/","title":{"rendered":"Gem\u00e4lde 3d Metall Strandhaus 100x100cm"},"content":{"rendered":"<p>3D-Metallbild, das ein wundersch\u00f6nes Strandhaus darstellt. Es wurde aus einzelnen Metallst\u00fccken gefertigt, die von Hand zusammengeschwei\u00dft wurden, um einen optimalen 3D-Effekt zu erzielen. Ein sch\u00f6nes St\u00fcck Wanddekoration f\u00fcr Ihr Zuhause, drau\u00dfen unter einem Vordach oder in Ihrem Gesch\u00e4ft. Die Farben und das allgemeine Erscheinungsbild k\u00f6nnen vom Foto abweichen, da der gesamte Artikel von Menschenhand gefertigt wurde.<\/p>\n<ul>\n<li>Gr\u00f6\u00dfe: 100&#215;100 x 5,5 cm<\/li>\n<li>Material: lackiertes Metall<\/li>\n<li>Einfach mit 2 Schrauben aufzuh\u00e4ngen<\/li>\n<li>F\u00fcr drinnen oder drau\u00dfen unter Schutz<\/li>\n<li>Garantie 1 Jahr<\/li>\n<\/ul>\n","protected":false},"excerpt":{"rendered":"<p>3D-Metallbild, das ein wundersch\u00f6nes Strandhaus darstellt. Es wurde aus einzelnen Metallst\u00fccken gefertigt, die von Hand zusammengeschwei\u00dft wurden, um einen optimalen 3D-Effekt zu erzielen. Ein sch\u00f6nes St\u00fcck Wanddekoration f\u00fcr Ihr Zuhause, drau\u00dfen unter einem Vordach oder in Ihrem Gesch\u00e4ft. Die Farben und das allgemeine Erscheinungsbild k\u00f6nnen vom Foto abweichen, da der gesamte Artikel von Menschenhand gefertigt &hellip;<\/p>\n","protected":false},"featured_media":66583,"template":"","meta":{"_acf_changed":false,"_genesis_title":"","_genesis_description":""},"product_brand":[7505],"product_cat":[428,419,410],"product_tag":[],"class_list":{"0":"post-66586","1":"product","2":"type-product","3":"status-publish","4":"has-post-thumbnail","6":"product_brand-sonstige","7":"product_cat-3d-gemaelde-aus-metall-im-format-100x100cm","8":"product_cat-3d-schilderijen-van-metaal","9":"product_cat-gemaelde","11":"first","12":"onbackorder","13":"taxable","14":"shipping-taxable","15":"purchasable","16":"product-type-simple"},"acf":[],"meta_all":{"total_sales":"2","wcml_sync_hash":{"postmeta_fields":"1e260bcb1d2a5dc0be3fb21ad4061441"},"attr_label_translations":[]},"meta_all_flat":{"total_sales":"2","wcml_sync_hash.postmeta_fields":"1e260bcb1d2a5dc0be3fb21ad4061441"},"yoast_head":"<!-- This site is optimized with the Yoast SEO Premium plugin v26.2 (Yoast SEO v27.2) - https:\/\/yoast.com\/product\/yoast-seo-premium-wordpress\/ -->\n<title>Malerei 3d Metall Strandhaus 100x100cm<\/title>\n<meta name=\"robots\" content=\"index, follow, max-snippet:-1, max-image-preview:large, max-video-preview:-1\" \/>\n<link rel=\"canonical\" href=\"https:\/\/www.eliassen.nl\/de\/malerei-3d-strandhaus-aus-metall-100x100cm\/\" \/>\n<meta property=\"og:locale\" content=\"de_DE\" \/>\n<meta property=\"og:type\" content=\"article\" \/>\n<meta property=\"og:title\" content=\"Sonstige Gem\u00e4lde 3d Metall Strandhaus 100x100cm - Eliassen.nl\" \/>\n<meta property=\"og:description\" content=\"3D-Metallbild, das ein wundersch\u00f6nes Strandhaus darstellt. Es wurde aus einzelnen Metallst\u00fccken gefertigt, die von Hand zusammengeschwei\u00dft wurden, um einen optimalen 3D-Effekt zu erzielen. Ein sch\u00f6nes St\u00fcck Wanddekoration f\u00fcr Ihr Zuhause, drau\u00dfen unter einem Vordach oder in Ihrem Gesch\u00e4ft. Die Farben und das allgemeine Erscheinungsbild k\u00f6nnen vom Foto abweichen, da der gesamte Artikel von Menschenhand gefertigt &hellip;\" \/>\n<meta property=\"og:url\" content=\"https:\/\/www.eliassen.nl\/de\/malerei-3d-strandhaus-aus-metall-100x100cm\/\" \/>\n<meta property=\"og:site_name\" content=\"Eliassen.nl\" \/>\n<meta property=\"article:publisher\" content=\"https:\/\/www.facebook.com\/TuincentrumEliassenAmmerzoden\" \/>\n<meta property=\"article:modified_time\" content=\"2026-01-07T12:25:57+00:00\" \/>\n<meta property=\"og:image\" content=\"https:\/\/www.eliassen.nl\/wp-content\/uploads\/2024\/01\/643100x100cm.jpg\" \/>\n\t<meta property=\"og:image:width\" content=\"2048\" \/>\n\t<meta property=\"og:image:height\" content=\"2048\" \/>\n\t<meta property=\"og:image:type\" content=\"image\/jpeg\" \/>\n<meta name=\"twitter:card\" content=\"summary_large_image\" \/>\n<script type=\"application\/ld+json\" class=\"yoast-schema-graph\">{\"@context\":\"https:\/\/schema.org\",\"@graph\":[{\"@type\":\"WebPage\",\"@id\":\"https:\/\/www.eliassen.nl\/de\/malerei-3d-strandhaus-aus-metall-100x100cm\/\",\"url\":\"https:\/\/www.eliassen.nl\/de\/malerei-3d-strandhaus-aus-metall-100x100cm\/\",\"name\":\"Malerei 3d Metall Strandhaus 100x100cm\",\"isPartOf\":{\"@id\":\"https:\/\/www.eliassen.nl\/de\/#website\"},\"primaryImageOfPage\":{\"@id\":\"https:\/\/www.eliassen.nl\/de\/malerei-3d-strandhaus-aus-metall-100x100cm\/#primaryimage\"},\"image\":{\"@id\":\"https:\/\/www.eliassen.nl\/de\/malerei-3d-strandhaus-aus-metall-100x100cm\/#primaryimage\"},\"thumbnailUrl\":\"https:\/\/www.eliassen.nl\/wp-content\/uploads\/2024\/01\/643100x100cm.jpg\",\"datePublished\":\"2021-10-22T16:55:19+00:00\",\"dateModified\":\"2026-01-07T12:25:57+00:00\",\"breadcrumb\":{\"@id\":\"https:\/\/www.eliassen.nl\/de\/malerei-3d-strandhaus-aus-metall-100x100cm\/#breadcrumb\"},\"inLanguage\":\"de\",\"potentialAction\":[{\"@type\":\"ReadAction\",\"target\":[\"https:\/\/www.eliassen.nl\/de\/malerei-3d-strandhaus-aus-metall-100x100cm\/\"]}]},{\"@type\":\"ImageObject\",\"inLanguage\":\"de\",\"@id\":\"https:\/\/www.eliassen.nl\/de\/malerei-3d-strandhaus-aus-metall-100x100cm\/#primaryimage\",\"url\":\"https:\/\/www.eliassen.nl\/wp-content\/uploads\/2024\/01\/643100x100cm.jpg\",\"contentUrl\":\"https:\/\/www.eliassen.nl\/wp-content\/uploads\/2024\/01\/643100x100cm.jpg\",\"width\":2048,\"height\":2048,\"caption\":\"643 100x100 cm\"},{\"@type\":\"BreadcrumbList\",\"@id\":\"https:\/\/www.eliassen.nl\/de\/malerei-3d-strandhaus-aus-metall-100x100cm\/#breadcrumb\",\"itemListElement\":[{\"@type\":\"ListItem\",\"position\":1,\"name\":\"Home\",\"item\":\"https:\/\/www.eliassen.nl\/de\/\"},{\"@type\":\"ListItem\",\"position\":2,\"name\":\"Shop\",\"item\":\"https:\/\/www.eliassen.nl\/de\/shop\/\"},{\"@type\":\"ListItem\",\"position\":3,\"name\":\"Gem\u00e4lde\",\"item\":\"https:\/\/www.eliassen.nl\/de\/gemaelde\/\"},{\"@type\":\"ListItem\",\"position\":4,\"name\":\"3D metalen schilderijen\",\"item\":\"https:\/\/www.eliassen.nl\/de\/gemaelde\/3d-gemaelde-aus-metall\/\"},{\"@type\":\"ListItem\",\"position\":5,\"name\":\"3D Gem\u00e4lde aus Metall 100x100 cm\",\"item\":\"https:\/\/www.eliassen.nl\/de\/gemaelde\/3d-gemaelde-aus-metall\/3d-gemaelde-aus-metall-im-format-100x100cm\/\"},{\"@type\":\"ListItem\",\"position\":6,\"name\":\"Gem\u00e4lde 3d Metall Strandhaus 100x100cm\"}]},{\"@type\":\"WebSite\",\"@id\":\"https:\/\/www.eliassen.nl\/de\/#website\",\"url\":\"https:\/\/www.eliassen.nl\/de\/\",\"name\":\"Eliassen Home & Garden Pleasure\",\"description\":\"\",\"publisher\":{\"@id\":\"https:\/\/www.eliassen.nl\/de\/#organization\"},\"alternateName\":\"Eliassen.nl\",\"potentialAction\":[{\"@type\":\"SearchAction\",\"target\":{\"@type\":\"EntryPoint\",\"urlTemplate\":\"https:\/\/www.eliassen.nl\/de\/?s={search_term_string}\"},\"query-input\":{\"@type\":\"PropertyValueSpecification\",\"valueRequired\":true,\"valueName\":\"search_term_string\"}}],\"inLanguage\":\"de\"},{\"@type\":[\"Organization\",\"Place\"],\"@id\":\"https:\/\/www.eliassen.nl\/de\/#organization\",\"name\":\"Eliassen Home & Garden Pleasure\",\"url\":\"https:\/\/www.eliassen.nl\/de\/\",\"logo\":{\"@id\":\"https:\/\/www.eliassen.nl\/de\/malerei-3d-strandhaus-aus-metall-100x100cm\/#local-main-organization-logo\"},\"image\":{\"@id\":\"https:\/\/www.eliassen.nl\/de\/malerei-3d-strandhaus-aus-metall-100x100cm\/#local-main-organization-logo\"},\"sameAs\":[\"https:\/\/www.facebook.com\/TuincentrumEliassenAmmerzoden\",\"https:\/\/www.instagram.com\/eliassenhomeandgarden\/\",\"https:\/\/nl.pinterest.com\/eliassenhomeandgarden\/\",\"https:\/\/www.youtube.com\/@eliassenhomegardenpleasure4558\"],\"telephone\":[],\"openingHoursSpecification\":[{\"@type\":\"OpeningHoursSpecification\",\"dayOfWeek\":[\"Monday\",\"Tuesday\",\"Wednesday\",\"Thursday\",\"Friday\",\"Saturday\",\"Sunday\"],\"opens\":\"09:00\",\"closes\":\"17:00\"}]},{\"@type\":\"ImageObject\",\"inLanguage\":\"de\",\"@id\":\"https:\/\/www.eliassen.nl\/de\/malerei-3d-strandhaus-aus-metall-100x100cm\/#local-main-organization-logo\",\"url\":\"https:\/\/www.eliassen.nl\/wp-content\/uploads\/2024\/01\/logo_4nd.jpg\",\"contentUrl\":\"https:\/\/www.eliassen.nl\/wp-content\/uploads\/2024\/01\/logo_4nd.jpg\",\"width\":500,\"height\":500,\"caption\":\"Eliassen Home & Garden Pleasure\"}]}<\/script>\n<meta property=\"product:price:amount\" content=\"209.00\" \/>\n<meta property=\"product:price:currency\" content=\"EUR\" \/>\n<meta property=\"og:availability\" content=\"backorder\" \/>\n<meta property=\"product:availability\" content=\"available for order\" \/>\n<meta property=\"product:retailer_item_id\" content=\"643 a\" \/>\n<meta property=\"product:condition\" content=\"new\" \/>\n<!-- \/ Yoast SEO Premium plugin. -->","yoast_head_json":{"title":"Malerei 3d Metall Strandhaus 100x100cm","robots":{"index":"index","follow":"follow","max-snippet":"max-snippet:-1","max-image-preview":"max-image-preview:large","max-video-preview":"max-video-preview:-1"},"canonical":"https:\/\/www.eliassen.nl\/de\/malerei-3d-strandhaus-aus-metall-100x100cm\/","og_locale":"de_DE","og_type":"article","og_title":"Sonstige Gem\u00e4lde 3d Metall Strandhaus 100x100cm - Eliassen.nl","og_description":"3D-Metallbild, das ein wundersch\u00f6nes Strandhaus darstellt. Es wurde aus einzelnen Metallst\u00fccken gefertigt, die von Hand zusammengeschwei\u00dft wurden, um einen optimalen 3D-Effekt zu erzielen. Ein sch\u00f6nes St\u00fcck Wanddekoration f\u00fcr Ihr Zuhause, drau\u00dfen unter einem Vordach oder in Ihrem Gesch\u00e4ft. Die Farben und das allgemeine Erscheinungsbild k\u00f6nnen vom Foto abweichen, da der gesamte Artikel von Menschenhand gefertigt &hellip;","og_url":"https:\/\/www.eliassen.nl\/de\/malerei-3d-strandhaus-aus-metall-100x100cm\/","og_site_name":"Eliassen.nl","article_publisher":"https:\/\/www.facebook.com\/TuincentrumEliassenAmmerzoden","article_modified_time":"2026-01-07T12:25:57+00:00","og_image":[{"width":2048,"height":2048,"url":"https:\/\/www.eliassen.nl\/wp-content\/uploads\/2024\/01\/643100x100cm.jpg","type":"image\/jpeg"}],"twitter_card":"summary_large_image","schema":{"@context":"https:\/\/schema.org","@graph":[{"@type":"WebPage","@id":"https:\/\/www.eliassen.nl\/de\/malerei-3d-strandhaus-aus-metall-100x100cm\/","url":"https:\/\/www.eliassen.nl\/de\/malerei-3d-strandhaus-aus-metall-100x100cm\/","name":"Malerei 3d Metall Strandhaus 100x100cm","isPartOf":{"@id":"https:\/\/www.eliassen.nl\/de\/#website"},"primaryImageOfPage":{"@id":"https:\/\/www.eliassen.nl\/de\/malerei-3d-strandhaus-aus-metall-100x100cm\/#primaryimage"},"image":{"@id":"https:\/\/www.eliassen.nl\/de\/malerei-3d-strandhaus-aus-metall-100x100cm\/#primaryimage"},"thumbnailUrl":"https:\/\/www.eliassen.nl\/wp-content\/uploads\/2024\/01\/643100x100cm.jpg","datePublished":"2021-10-22T16:55:19+00:00","dateModified":"2026-01-07T12:25:57+00:00","breadcrumb":{"@id":"https:\/\/www.eliassen.nl\/de\/malerei-3d-strandhaus-aus-metall-100x100cm\/#breadcrumb"},"inLanguage":"de","potentialAction":[{"@type":"ReadAction","target":["https:\/\/www.eliassen.nl\/de\/malerei-3d-strandhaus-aus-metall-100x100cm\/"]}]},{"@type":"ImageObject","inLanguage":"de","@id":"https:\/\/www.eliassen.nl\/de\/malerei-3d-strandhaus-aus-metall-100x100cm\/#primaryimage","url":"https:\/\/www.eliassen.nl\/wp-content\/uploads\/2024\/01\/643100x100cm.jpg","contentUrl":"https:\/\/www.eliassen.nl\/wp-content\/uploads\/2024\/01\/643100x100cm.jpg","width":2048,"height":2048,"caption":"643 100x100 cm"},{"@type":"BreadcrumbList","@id":"https:\/\/www.eliassen.nl\/de\/malerei-3d-strandhaus-aus-metall-100x100cm\/#breadcrumb","itemListElement":[{"@type":"ListItem","position":1,"name":"Home","item":"https:\/\/www.eliassen.nl\/de\/"},{"@type":"ListItem","position":2,"name":"Shop","item":"https:\/\/www.eliassen.nl\/de\/shop\/"},{"@type":"ListItem","position":3,"name":"Gem\u00e4lde","item":"https:\/\/www.eliassen.nl\/de\/gemaelde\/"},{"@type":"ListItem","position":4,"name":"3D metalen schilderijen","item":"https:\/\/www.eliassen.nl\/de\/gemaelde\/3d-gemaelde-aus-metall\/"},{"@type":"ListItem","position":5,"name":"3D Gem\u00e4lde aus Metall 100x100 cm","item":"https:\/\/www.eliassen.nl\/de\/gemaelde\/3d-gemaelde-aus-metall\/3d-gemaelde-aus-metall-im-format-100x100cm\/"},{"@type":"ListItem","position":6,"name":"Gem\u00e4lde 3d Metall Strandhaus 100x100cm"}]},{"@type":"WebSite","@id":"https:\/\/www.eliassen.nl\/de\/#website","url":"https:\/\/www.eliassen.nl\/de\/","name":"Eliassen Home & Garden Pleasure","description":"","publisher":{"@id":"https:\/\/www.eliassen.nl\/de\/#organization"},"alternateName":"Eliassen.nl","potentialAction":[{"@type":"SearchAction","target":{"@type":"EntryPoint","urlTemplate":"https:\/\/www.eliassen.nl\/de\/?s={search_term_string}"},"query-input":{"@type":"PropertyValueSpecification","valueRequired":true,"valueName":"search_term_string"}}],"inLanguage":"de"},{"@type":["Organization","Place"],"@id":"https:\/\/www.eliassen.nl\/de\/#organization","name":"Eliassen Home & Garden Pleasure","url":"https:\/\/www.eliassen.nl\/de\/","logo":{"@id":"https:\/\/www.eliassen.nl\/de\/malerei-3d-strandhaus-aus-metall-100x100cm\/#local-main-organization-logo"},"image":{"@id":"https:\/\/www.eliassen.nl\/de\/malerei-3d-strandhaus-aus-metall-100x100cm\/#local-main-organization-logo"},"sameAs":["https:\/\/www.facebook.com\/TuincentrumEliassenAmmerzoden","https:\/\/www.instagram.com\/eliassenhomeandgarden\/","https:\/\/nl.pinterest.com\/eliassenhomeandgarden\/","https:\/\/www.youtube.com\/@eliassenhomegardenpleasure4558"],"telephone":[],"openingHoursSpecification":[{"@type":"OpeningHoursSpecification","dayOfWeek":["Monday","Tuesday","Wednesday","Thursday","Friday","Saturday","Sunday"],"opens":"09:00","closes":"17:00"}]},{"@type":"ImageObject","inLanguage":"de","@id":"https:\/\/www.eliassen.nl\/de\/malerei-3d-strandhaus-aus-metall-100x100cm\/#local-main-organization-logo","url":"https:\/\/www.eliassen.nl\/wp-content\/uploads\/2024\/01\/logo_4nd.jpg","contentUrl":"https:\/\/www.eliassen.nl\/wp-content\/uploads\/2024\/01\/logo_4nd.jpg","width":500,"height":500,"caption":"Eliassen Home & Garden Pleasure"}]},"product_price_amount":"209.00","product_price_currency":"EUR","og_availability":"backorder","product_availability":"available for order","product_retailer_item_id":"643 a","product_condition":"new"},"df_price":209,"df_sale_price":"","df_regular_price":209,"df_image_link":"https:\/\/www.eliassen.nl\/wp-content\/uploads\/2024\/01\/643100x100cm.jpg","image":"https:\/\/www.eliassen.nl\/wp-content\/uploads\/2024\/01\/643100x100cm.jpg","price_search":"<span class=\"woocommerce-Price-amount amount\"><bdi><span class=\"woocommerce-Price-currencySymbol\">&euro;<\/span>&nbsp;209,00<\/bdi><\/span>","category":"3D Gem\u00e4lde aus Metall 100x100 cm","global_unique_id":"9503863947334","_links":{"self":[{"href":"https:\/\/www.eliassen.nl\/de\/wp-json\/wp\/v2\/product\/66586","targetHints":{"allow":["GET"]}}],"collection":[{"href":"https:\/\/www.eliassen.nl\/de\/wp-json\/wp\/v2\/product"}],"about":[{"href":"https:\/\/www.eliassen.nl\/de\/wp-json\/wp\/v2\/types\/product"}],"wp:featuredmedia":[{"embeddable":true,"href":"https:\/\/www.eliassen.nl\/de\/wp-json\/wp\/v2\/media\/66583"}],"wp:attachment":[{"href":"https:\/\/www.eliassen.nl\/de\/wp-json\/wp\/v2\/media?parent=66586"}],"wp:term":[{"taxonomy":"product_brand","embeddable":true,"href":"https:\/\/www.eliassen.nl\/de\/wp-json\/wp\/v2\/product_brand?post=66586"},{"taxonomy":"product_cat","embeddable":true,"href":"https:\/\/www.eliassen.nl\/de\/wp-json\/wp\/v2\/product_cat?post=66586"},{"taxonomy":"product_tag","embeddable":true,"href":"https:\/\/www.eliassen.nl\/de\/wp-json\/wp\/v2\/product_tag?post=66586"}],"curies":[{"name":"wp","href":"https:\/\/api.w.org\/{rel}","templated":true}]}}