{"id":64453,"date":"2021-10-13T13:42:14","date_gmt":"2021-10-13T13:42:14","guid":{"rendered":"https:\/\/www.eliassen.nl\/?product=cameo-vaas-met-bloemen-motief-34cm"},"modified":"2026-02-09T20:37:17","modified_gmt":"2026-02-09T19:37:17","slug":"cameo-vase-mit-blumenmotiv-34cm","status":"publish","type":"product","link":"https:\/\/www.eliassen.nl\/de\/cameo-vase-mit-blumenmotiv-34cm\/","title":{"rendered":"Cameo Glasvase von Emile Gall\u00e9 mit Blumenmotiv 34cm"},"content":{"rendered":"<p>Wundersch\u00f6ne gro\u00dfe braunfarbene Vase mit Blumen aus Glas in einer anmutigen Form, hergestellt nach der alten Cameo-Technik, nach dem Vorbild des weltber\u00fchmten Glask\u00fcnstlers \u00c9mile Gall\u00e9.<\/p>\n<p>Kamee-Glas ist eine sch\u00f6ne und alte Form der Glaskunst. Das Glas wird auf verschiedene Weise bearbeitet, z.B. durch \u00c4tzen, Gravieren oder Schneiden. Sie erkennen Cameo-Glas daran, dass auf dem Objekt aus Cameo-Glas immer mehrere Glasschichten \u00fcbereinander aufgebracht sind, die in der Regel verschiedene Farben haben, wodurch ein sehr sch\u00f6ner Lichteffekt entsteht.<\/p>\n<ul>\n<li>Gr\u00f6\u00dfe: 18x34cm hoch<\/li>\n<li>Jedes Exemplar weicht vom Foto ab, da es handgefertigt ist.<\/li>\n<li>Sehen Sie auch live<\/li>\n<li>Schnelle Lieferung<\/li>\n<\/ul>\n","protected":false},"excerpt":{"rendered":"<p>Diese handgefertigte Kamee-Glasvase mit einer H\u00f6he von 34 cm zeigt ein detailliertes florales Motiv in warmen Braunt\u00f6nen, das im Stil von \u00c9mile Gall\u00e9 gefertigt wurde. Die geschichtete Glastechnik erzeugt einen atemberaubenden Lichteffekt und eine einzigartige Tiefenwirkung, die jedes St\u00fcck zu einem exklusiven Kunstobjekt macht. Eine attraktive und hochwertige Vase aus dickem Glas, die Ihrem Interieur sofort Charakter und Ausstrahlung verleiht.<\/p>\n","protected":false},"featured_media":64441,"template":"","meta":{"_acf_changed":false,"_genesis_title":"","_genesis_description":""},"product_brand":[7505],"product_cat":[1202,800],"product_tag":[],"class_list":{"0":"post-64453","1":"product","2":"type-product","3":"status-publish","4":"has-post-thumbnail","6":"product_brand-sonstige","7":"product_cat-cameo-glaskollektion","8":"product_cat-glaskunst","10":"first","11":"instock","12":"taxable","13":"shipping-taxable","14":"purchasable","15":"product-type-simple"},"acf":[],"meta_all":{"total_sales":"2","wcml_sync_hash":{"postmeta_fields":"87dafa4ffd394b9dc19f0f4251023e53"},"attr_label_translations":[],"cor_restricted_countries":[]},"meta_all_flat":{"total_sales":"2","wcml_sync_hash.postmeta_fields":"87dafa4ffd394b9dc19f0f4251023e53"},"yoast_head":"<!-- This site is optimized with the Yoast SEO Premium plugin v26.2 (Yoast SEO v27.2) - https:\/\/yoast.com\/product\/yoast-seo-premium-wordpress\/ -->\n<title>Kamee-Vase mit Blumenmotiv 34cm<\/title>\n<meta name=\"description\" content=\"Entdecken Sie diese handgefertigte Kamee-Glasvase mit Blumenmuster (34cm). Einzigartiger Gall\u00e9-Stil in warmen Braunt\u00f6nen mit sch\u00f6nem Lichteffekt. Jetzt erh\u00e4ltlich bei Eliassen!\" \/>\n<meta name=\"robots\" content=\"index, follow, max-snippet:-1, max-image-preview:large, max-video-preview:-1\" \/>\n<link rel=\"canonical\" href=\"https:\/\/www.eliassen.nl\/de\/cameo-vase-mit-blumenmotiv-34cm\/\" \/>\n<meta property=\"og:locale\" content=\"de_DE\" \/>\n<meta property=\"og:type\" content=\"article\" \/>\n<meta property=\"og:title\" content=\"Sonstige Cameo Glasvase von Emile Gall\u00e9 mit Blumenmotiv 34cm - Eliassen.nl\" \/>\n<meta property=\"og:description\" content=\"Entdecken Sie diese handgefertigte Kamee-Glasvase mit Blumenmuster (34cm). Einzigartiger Gall\u00e9-Stil in warmen Braunt\u00f6nen mit sch\u00f6nem Lichteffekt. Jetzt erh\u00e4ltlich bei Eliassen!\" \/>\n<meta property=\"og:url\" content=\"https:\/\/www.eliassen.nl\/de\/cameo-vase-mit-blumenmotiv-34cm\/\" \/>\n<meta property=\"og:site_name\" content=\"Eliassen.nl\" \/>\n<meta property=\"article:publisher\" content=\"https:\/\/www.facebook.com\/TuincentrumEliassenAmmerzoden\" \/>\n<meta property=\"article:modified_time\" content=\"2026-02-09T19:37:17+00:00\" \/>\n<meta property=\"og:image\" content=\"https:\/\/www.eliassen.nl\/wp-content\/uploads\/2024\/01\/gv65560x560.jpg\" \/>\n\t<meta property=\"og:image:width\" content=\"560\" \/>\n\t<meta property=\"og:image:height\" content=\"560\" \/>\n\t<meta property=\"og:image:type\" content=\"image\/jpeg\" \/>\n<meta name=\"twitter:card\" content=\"summary_large_image\" \/>\n<script type=\"application\/ld+json\" class=\"yoast-schema-graph\">{\"@context\":\"https:\/\/schema.org\",\"@graph\":[{\"@type\":\"WebPage\",\"@id\":\"https:\/\/www.eliassen.nl\/de\/cameo-vase-mit-blumenmotiv-34cm\/\",\"url\":\"https:\/\/www.eliassen.nl\/de\/cameo-vase-mit-blumenmotiv-34cm\/\",\"name\":\"Kamee-Vase mit Blumenmotiv 34cm\",\"isPartOf\":{\"@id\":\"https:\/\/www.eliassen.nl\/de\/#website\"},\"primaryImageOfPage\":{\"@id\":\"https:\/\/www.eliassen.nl\/de\/cameo-vase-mit-blumenmotiv-34cm\/#primaryimage\"},\"image\":{\"@id\":\"https:\/\/www.eliassen.nl\/de\/cameo-vase-mit-blumenmotiv-34cm\/#primaryimage\"},\"thumbnailUrl\":\"https:\/\/www.eliassen.nl\/wp-content\/uploads\/2024\/01\/gv65560x560.jpg\",\"datePublished\":\"2021-10-13T13:42:14+00:00\",\"dateModified\":\"2026-02-09T19:37:17+00:00\",\"description\":\"Entdecken Sie diese handgefertigte Kamee-Glasvase mit Blumenmuster (34cm). Einzigartiger Gall\u00e9-Stil in warmen Braunt\u00f6nen mit sch\u00f6nem Lichteffekt. Jetzt erh\u00e4ltlich bei Eliassen!\",\"breadcrumb\":{\"@id\":\"https:\/\/www.eliassen.nl\/de\/cameo-vase-mit-blumenmotiv-34cm\/#breadcrumb\"},\"inLanguage\":\"de\",\"potentialAction\":[{\"@type\":\"ReadAction\",\"target\":[\"https:\/\/www.eliassen.nl\/de\/cameo-vase-mit-blumenmotiv-34cm\/\"]}]},{\"@type\":\"ImageObject\",\"inLanguage\":\"de\",\"@id\":\"https:\/\/www.eliassen.nl\/de\/cameo-vase-mit-blumenmotiv-34cm\/#primaryimage\",\"url\":\"https:\/\/www.eliassen.nl\/wp-content\/uploads\/2024\/01\/gv65560x560.jpg\",\"contentUrl\":\"https:\/\/www.eliassen.nl\/wp-content\/uploads\/2024\/01\/gv65560x560.jpg\",\"width\":560,\"height\":560,\"caption\":\"GV-65!560x560\"},{\"@type\":\"BreadcrumbList\",\"@id\":\"https:\/\/www.eliassen.nl\/de\/cameo-vase-mit-blumenmotiv-34cm\/#breadcrumb\",\"itemListElement\":[{\"@type\":\"ListItem\",\"position\":1,\"name\":\"Home\",\"item\":\"https:\/\/www.eliassen.nl\/de\/\"},{\"@type\":\"ListItem\",\"position\":2,\"name\":\"Shop\",\"item\":\"https:\/\/www.eliassen.nl\/de\/shop\/\"},{\"@type\":\"ListItem\",\"position\":3,\"name\":\"Glaskunst\",\"item\":\"https:\/\/www.eliassen.nl\/de\/glaskunst\/\"},{\"@type\":\"ListItem\",\"position\":4,\"name\":\"Cameo Glaskollektion\",\"item\":\"https:\/\/www.eliassen.nl\/de\/glaskunst\/cameo-glaskollektion\/\"},{\"@type\":\"ListItem\",\"position\":5,\"name\":\"Cameo Glasvase von Emile Gall\u00e9 mit Blumenmotiv 34cm\"}]},{\"@type\":\"WebSite\",\"@id\":\"https:\/\/www.eliassen.nl\/de\/#website\",\"url\":\"https:\/\/www.eliassen.nl\/de\/\",\"name\":\"Eliassen Home & Garden Pleasure\",\"description\":\"\",\"publisher\":{\"@id\":\"https:\/\/www.eliassen.nl\/de\/#organization\"},\"alternateName\":\"Eliassen.nl\",\"potentialAction\":[{\"@type\":\"SearchAction\",\"target\":{\"@type\":\"EntryPoint\",\"urlTemplate\":\"https:\/\/www.eliassen.nl\/de\/?s={search_term_string}\"},\"query-input\":{\"@type\":\"PropertyValueSpecification\",\"valueRequired\":true,\"valueName\":\"search_term_string\"}}],\"inLanguage\":\"de\"},{\"@type\":[\"Organization\",\"Place\"],\"@id\":\"https:\/\/www.eliassen.nl\/de\/#organization\",\"name\":\"Eliassen Home & Garden Pleasure\",\"url\":\"https:\/\/www.eliassen.nl\/de\/\",\"logo\":{\"@id\":\"https:\/\/www.eliassen.nl\/de\/cameo-vase-mit-blumenmotiv-34cm\/#local-main-organization-logo\"},\"image\":{\"@id\":\"https:\/\/www.eliassen.nl\/de\/cameo-vase-mit-blumenmotiv-34cm\/#local-main-organization-logo\"},\"sameAs\":[\"https:\/\/www.facebook.com\/TuincentrumEliassenAmmerzoden\",\"https:\/\/www.instagram.com\/eliassenhomeandgarden\/\",\"https:\/\/nl.pinterest.com\/eliassenhomeandgarden\/\",\"https:\/\/www.youtube.com\/@eliassenhomegardenpleasure4558\"],\"telephone\":[],\"openingHoursSpecification\":[{\"@type\":\"OpeningHoursSpecification\",\"dayOfWeek\":[\"Monday\",\"Tuesday\",\"Wednesday\",\"Thursday\",\"Friday\",\"Saturday\",\"Sunday\"],\"opens\":\"09:00\",\"closes\":\"17:00\"}]},{\"@type\":\"ImageObject\",\"inLanguage\":\"de\",\"@id\":\"https:\/\/www.eliassen.nl\/de\/cameo-vase-mit-blumenmotiv-34cm\/#local-main-organization-logo\",\"url\":\"https:\/\/www.eliassen.nl\/wp-content\/uploads\/2024\/01\/logo_4nd.jpg\",\"contentUrl\":\"https:\/\/www.eliassen.nl\/wp-content\/uploads\/2024\/01\/logo_4nd.jpg\",\"width\":500,\"height\":500,\"caption\":\"Eliassen Home & Garden Pleasure\"}]}<\/script>\n<meta property=\"product:price:amount\" content=\"139.00\" \/>\n<meta property=\"product:price:currency\" content=\"EUR\" \/>\n<meta property=\"og:availability\" content=\"instock\" \/>\n<meta property=\"product:availability\" content=\"instock\" \/>\n<meta property=\"product:retailer_item_id\" content=\"Gv-65\" \/>\n<meta property=\"product:condition\" content=\"new\" \/>\n<!-- \/ Yoast SEO Premium plugin. -->","yoast_head_json":{"title":"Kamee-Vase mit Blumenmotiv 34cm","description":"Entdecken Sie diese handgefertigte Kamee-Glasvase mit Blumenmuster (34cm). Einzigartiger Gall\u00e9-Stil in warmen Braunt\u00f6nen mit sch\u00f6nem Lichteffekt. Jetzt erh\u00e4ltlich bei Eliassen!","robots":{"index":"index","follow":"follow","max-snippet":"max-snippet:-1","max-image-preview":"max-image-preview:large","max-video-preview":"max-video-preview:-1"},"canonical":"https:\/\/www.eliassen.nl\/de\/cameo-vase-mit-blumenmotiv-34cm\/","og_locale":"de_DE","og_type":"article","og_title":"Sonstige Cameo Glasvase von Emile Gall\u00e9 mit Blumenmotiv 34cm - Eliassen.nl","og_description":"Entdecken Sie diese handgefertigte Kamee-Glasvase mit Blumenmuster (34cm). Einzigartiger Gall\u00e9-Stil in warmen Braunt\u00f6nen mit sch\u00f6nem Lichteffekt. Jetzt erh\u00e4ltlich bei Eliassen!","og_url":"https:\/\/www.eliassen.nl\/de\/cameo-vase-mit-blumenmotiv-34cm\/","og_site_name":"Eliassen.nl","article_publisher":"https:\/\/www.facebook.com\/TuincentrumEliassenAmmerzoden","article_modified_time":"2026-02-09T19:37:17+00:00","og_image":[{"width":560,"height":560,"url":"https:\/\/www.eliassen.nl\/wp-content\/uploads\/2024\/01\/gv65560x560.jpg","type":"image\/jpeg"}],"twitter_card":"summary_large_image","schema":{"@context":"https:\/\/schema.org","@graph":[{"@type":"WebPage","@id":"https:\/\/www.eliassen.nl\/de\/cameo-vase-mit-blumenmotiv-34cm\/","url":"https:\/\/www.eliassen.nl\/de\/cameo-vase-mit-blumenmotiv-34cm\/","name":"Kamee-Vase mit Blumenmotiv 34cm","isPartOf":{"@id":"https:\/\/www.eliassen.nl\/de\/#website"},"primaryImageOfPage":{"@id":"https:\/\/www.eliassen.nl\/de\/cameo-vase-mit-blumenmotiv-34cm\/#primaryimage"},"image":{"@id":"https:\/\/www.eliassen.nl\/de\/cameo-vase-mit-blumenmotiv-34cm\/#primaryimage"},"thumbnailUrl":"https:\/\/www.eliassen.nl\/wp-content\/uploads\/2024\/01\/gv65560x560.jpg","datePublished":"2021-10-13T13:42:14+00:00","dateModified":"2026-02-09T19:37:17+00:00","description":"Entdecken Sie diese handgefertigte Kamee-Glasvase mit Blumenmuster (34cm). Einzigartiger Gall\u00e9-Stil in warmen Braunt\u00f6nen mit sch\u00f6nem Lichteffekt. Jetzt erh\u00e4ltlich bei Eliassen!","breadcrumb":{"@id":"https:\/\/www.eliassen.nl\/de\/cameo-vase-mit-blumenmotiv-34cm\/#breadcrumb"},"inLanguage":"de","potentialAction":[{"@type":"ReadAction","target":["https:\/\/www.eliassen.nl\/de\/cameo-vase-mit-blumenmotiv-34cm\/"]}]},{"@type":"ImageObject","inLanguage":"de","@id":"https:\/\/www.eliassen.nl\/de\/cameo-vase-mit-blumenmotiv-34cm\/#primaryimage","url":"https:\/\/www.eliassen.nl\/wp-content\/uploads\/2024\/01\/gv65560x560.jpg","contentUrl":"https:\/\/www.eliassen.nl\/wp-content\/uploads\/2024\/01\/gv65560x560.jpg","width":560,"height":560,"caption":"GV-65!560x560"},{"@type":"BreadcrumbList","@id":"https:\/\/www.eliassen.nl\/de\/cameo-vase-mit-blumenmotiv-34cm\/#breadcrumb","itemListElement":[{"@type":"ListItem","position":1,"name":"Home","item":"https:\/\/www.eliassen.nl\/de\/"},{"@type":"ListItem","position":2,"name":"Shop","item":"https:\/\/www.eliassen.nl\/de\/shop\/"},{"@type":"ListItem","position":3,"name":"Glaskunst","item":"https:\/\/www.eliassen.nl\/de\/glaskunst\/"},{"@type":"ListItem","position":4,"name":"Cameo Glaskollektion","item":"https:\/\/www.eliassen.nl\/de\/glaskunst\/cameo-glaskollektion\/"},{"@type":"ListItem","position":5,"name":"Cameo Glasvase von Emile Gall\u00e9 mit Blumenmotiv 34cm"}]},{"@type":"WebSite","@id":"https:\/\/www.eliassen.nl\/de\/#website","url":"https:\/\/www.eliassen.nl\/de\/","name":"Eliassen Home & Garden Pleasure","description":"","publisher":{"@id":"https:\/\/www.eliassen.nl\/de\/#organization"},"alternateName":"Eliassen.nl","potentialAction":[{"@type":"SearchAction","target":{"@type":"EntryPoint","urlTemplate":"https:\/\/www.eliassen.nl\/de\/?s={search_term_string}"},"query-input":{"@type":"PropertyValueSpecification","valueRequired":true,"valueName":"search_term_string"}}],"inLanguage":"de"},{"@type":["Organization","Place"],"@id":"https:\/\/www.eliassen.nl\/de\/#organization","name":"Eliassen Home & Garden Pleasure","url":"https:\/\/www.eliassen.nl\/de\/","logo":{"@id":"https:\/\/www.eliassen.nl\/de\/cameo-vase-mit-blumenmotiv-34cm\/#local-main-organization-logo"},"image":{"@id":"https:\/\/www.eliassen.nl\/de\/cameo-vase-mit-blumenmotiv-34cm\/#local-main-organization-logo"},"sameAs":["https:\/\/www.facebook.com\/TuincentrumEliassenAmmerzoden","https:\/\/www.instagram.com\/eliassenhomeandgarden\/","https:\/\/nl.pinterest.com\/eliassenhomeandgarden\/","https:\/\/www.youtube.com\/@eliassenhomegardenpleasure4558"],"telephone":[],"openingHoursSpecification":[{"@type":"OpeningHoursSpecification","dayOfWeek":["Monday","Tuesday","Wednesday","Thursday","Friday","Saturday","Sunday"],"opens":"09:00","closes":"17:00"}]},{"@type":"ImageObject","inLanguage":"de","@id":"https:\/\/www.eliassen.nl\/de\/cameo-vase-mit-blumenmotiv-34cm\/#local-main-organization-logo","url":"https:\/\/www.eliassen.nl\/wp-content\/uploads\/2024\/01\/logo_4nd.jpg","contentUrl":"https:\/\/www.eliassen.nl\/wp-content\/uploads\/2024\/01\/logo_4nd.jpg","width":500,"height":500,"caption":"Eliassen Home & Garden Pleasure"}]},"product_price_amount":"139.00","product_price_currency":"EUR","og_availability":"instock","product_availability":"instock","product_retailer_item_id":"Gv-65","product_condition":"new"},"df_price":139,"df_sale_price":"","df_regular_price":139,"df_image_link":"https:\/\/www.eliassen.nl\/wp-content\/uploads\/2024\/01\/gv65560x560.jpg","image":"https:\/\/www.eliassen.nl\/wp-content\/uploads\/2024\/01\/gv65560x560.jpg","price_search":"<span class=\"woocommerce-Price-amount amount\"><bdi><span class=\"woocommerce-Price-currencySymbol\">&euro;<\/span>&nbsp;139,00<\/bdi><\/span>","category":"Cameo Glaskollektion","global_unique_id":"9501349828535","_links":{"self":[{"href":"https:\/\/www.eliassen.nl\/de\/wp-json\/wp\/v2\/product\/64453","targetHints":{"allow":["GET"]}}],"collection":[{"href":"https:\/\/www.eliassen.nl\/de\/wp-json\/wp\/v2\/product"}],"about":[{"href":"https:\/\/www.eliassen.nl\/de\/wp-json\/wp\/v2\/types\/product"}],"wp:featuredmedia":[{"embeddable":true,"href":"https:\/\/www.eliassen.nl\/de\/wp-json\/wp\/v2\/media\/64441"}],"wp:attachment":[{"href":"https:\/\/www.eliassen.nl\/de\/wp-json\/wp\/v2\/media?parent=64453"}],"wp:term":[{"taxonomy":"product_brand","embeddable":true,"href":"https:\/\/www.eliassen.nl\/de\/wp-json\/wp\/v2\/product_brand?post=64453"},{"taxonomy":"product_cat","embeddable":true,"href":"https:\/\/www.eliassen.nl\/de\/wp-json\/wp\/v2\/product_cat?post=64453"},{"taxonomy":"product_tag","embeddable":true,"href":"https:\/\/www.eliassen.nl\/de\/wp-json\/wp\/v2\/product_tag?post=64453"}],"curies":[{"name":"wp","href":"https:\/\/api.w.org\/{rel}","templated":true}]}}