{"id":64315,"date":"2021-10-08T11:21:45","date_gmt":"2021-10-08T11:21:45","guid":{"rendered":"https:\/\/www.eliassen.nl\/?product=engel-knielend-en-biddend-54cm-bronskleur"},"modified":"2026-01-16T14:03:01","modified_gmt":"2026-01-16T13:03:01","slug":"engelsstatue-kniet-und-betet-54-cm-bronzefarbe","status":"publish","type":"product","link":"https:\/\/www.eliassen.nl\/de\/engelsstatue-kniet-und-betet-54-cm-bronzefarbe\/","title":{"rendered":"Engel Statue kniend und betend 54cm bronzefarben"},"content":{"rendered":"<p>Sch\u00f6ne gro\u00dfe Skulptur einer Engelsstatue auf den Knien, betend, aus hochwertigem Steinguss, in Bronzefarbe. Die H\u00f6he betr\u00e4gt 54cm und wiegt 20kg.<\/p>\n<ul>\n<li>Massiver Kunststein<\/li>\n<li>Gr\u00f6\u00dfe 54cm. hoch<\/li>\n<li>Gewicht 20kg.<\/li>\n<li>2 Jahre Garantie<\/li>\n<li>Wir sind bestrebt, dieses Produkt auch immer in unserem Ausstellungsraum zu haben, damit Sie dieses Modell auch live sehen k\u00f6nnen. Rufen Sie uns an oder mailen Sie uns, wenn Sie kommen m\u00f6chten, um Missverst\u00e4ndnisse zu vermeiden.<\/li>\n<\/ul>\n","protected":false},"excerpt":{"rendered":"<p>Sch\u00f6ne gro\u00dfe Skulptur einer Engelsstatue auf den Knien, betend, aus hochwertigem Steinguss, in Bronzefarbe. Die H\u00f6he betr\u00e4gt 54cm und wiegt 20kg. Massiver Kunststein Gr\u00f6\u00dfe 54cm. hoch Gewicht 20kg. 2 Jahre Garantie Wir sind bestrebt, dieses Produkt auch immer in unserem Ausstellungsraum zu haben, damit Sie dieses Modell auch live sehen k\u00f6nnen. Rufen Sie uns an &hellip;<\/p>\n","protected":false},"featured_media":193526,"template":"","meta":{"_acf_changed":false,"_genesis_title":"","_genesis_description":""},"product_brand":[7505],"product_cat":[677,695,7239],"product_tag":[],"class_list":{"0":"post-64315","1":"product","2":"type-product","3":"status-publish","4":"has-post-thumbnail","6":"product_brand-sonstige","7":"product_cat-betonstatuen","8":"product_cat-engels-und-marienstatuen","9":"product_cat-bilder","11":"first","12":"instock","13":"taxable","14":"shipping-taxable","15":"purchasable","16":"product-type-simple"},"acf":[],"meta_all":{"total_sales":"2","wcml_sync_hash":{"postmeta_fields":"8a90a29d9d3a4dc131de54a3f5c163d5"},"attr_label_translations":[],"cor_restricted_countries":[]},"meta_all_flat":{"total_sales":"2","wcml_sync_hash.postmeta_fields":"8a90a29d9d3a4dc131de54a3f5c163d5"},"yoast_head":"<!-- This site is optimized with the Yoast SEO Premium plugin v26.2 (Yoast SEO v27.2) - https:\/\/yoast.com\/product\/yoast-seo-premium-wordpress\/ -->\n<title>Engelstatue Garten kniend und betend | 54cm bronzefarben | Eliassen.nl<\/title>\n<meta name=\"description\" content=\"Eine Steinskulptur Engel kaufen? Sehen Sie sich diese wundersch\u00f6ne bronzefarbene Engelsstatue an. Sie k\u00f6nnen ihn im Innen- oder Au\u00dfenbereich aufstellen. \u221a 2 Jahre Garantie \u221a LIVE zu sehen!\" \/>\n<meta name=\"robots\" content=\"index, follow, max-snippet:-1, max-image-preview:large, max-video-preview:-1\" \/>\n<link rel=\"canonical\" href=\"https:\/\/www.eliassen.nl\/de\/engelsstatue-kniet-und-betet-54-cm-bronzefarbe\/\" \/>\n<meta property=\"og:locale\" content=\"de_DE\" \/>\n<meta property=\"og:type\" content=\"article\" \/>\n<meta property=\"og:title\" content=\"Sonstige Engel Statue kniend und betend 54cm bronzefarben - Eliassen.nl\" \/>\n<meta property=\"og:description\" content=\"Eine Steinskulptur Engel kaufen? Sehen Sie sich diese wundersch\u00f6ne bronzefarbene Engelsstatue an. Sie k\u00f6nnen ihn im Innen- oder Au\u00dfenbereich aufstellen. \u221a 2 Jahre Garantie \u221a LIVE zu sehen!\" \/>\n<meta property=\"og:url\" content=\"https:\/\/www.eliassen.nl\/de\/engelsstatue-kniet-und-betet-54-cm-bronzefarbe\/\" \/>\n<meta property=\"og:site_name\" content=\"Eliassen.nl\" \/>\n<meta property=\"article:publisher\" content=\"https:\/\/www.facebook.com\/TuincentrumEliassenAmmerzoden\" \/>\n<meta property=\"article:modified_time\" content=\"2026-01-16T13:03:01+00:00\" \/>\n<meta property=\"og:image\" content=\"https:\/\/www.eliassen.nl\/wp-content\/uploads\/2021\/10\/1000068715-scaled.jpg\" \/>\n\t<meta property=\"og:image:width\" content=\"1920\" \/>\n\t<meta property=\"og:image:height\" content=\"2560\" \/>\n\t<meta property=\"og:image:type\" content=\"image\/jpeg\" \/>\n<meta name=\"twitter:card\" content=\"summary_large_image\" \/>\n<script type=\"application\/ld+json\" class=\"yoast-schema-graph\">{\"@context\":\"https:\/\/schema.org\",\"@graph\":[{\"@type\":\"WebPage\",\"@id\":\"https:\/\/www.eliassen.nl\/de\/engelsstatue-kniet-und-betet-54-cm-bronzefarbe\/\",\"url\":\"https:\/\/www.eliassen.nl\/de\/engelsstatue-kniet-und-betet-54-cm-bronzefarbe\/\",\"name\":\"Engelstatue Garten kniend und betend | 54cm bronzefarben | Eliassen.nl\",\"isPartOf\":{\"@id\":\"https:\/\/www.eliassen.nl\/de\/#website\"},\"primaryImageOfPage\":{\"@id\":\"https:\/\/www.eliassen.nl\/de\/engelsstatue-kniet-und-betet-54-cm-bronzefarbe\/#primaryimage\"},\"image\":{\"@id\":\"https:\/\/www.eliassen.nl\/de\/engelsstatue-kniet-und-betet-54-cm-bronzefarbe\/#primaryimage\"},\"thumbnailUrl\":\"https:\/\/www.eliassen.nl\/wp-content\/uploads\/2021\/10\/1000068715-scaled.jpg\",\"datePublished\":\"2021-10-08T11:21:45+00:00\",\"dateModified\":\"2026-01-16T13:03:01+00:00\",\"description\":\"Eine Steinskulptur Engel kaufen? Sehen Sie sich diese wundersch\u00f6ne bronzefarbene Engelsstatue an. Sie k\u00f6nnen ihn im Innen- oder Au\u00dfenbereich aufstellen. \u221a 2 Jahre Garantie \u221a LIVE zu sehen!\",\"breadcrumb\":{\"@id\":\"https:\/\/www.eliassen.nl\/de\/engelsstatue-kniet-und-betet-54-cm-bronzefarbe\/#breadcrumb\"},\"inLanguage\":\"de\",\"potentialAction\":[{\"@type\":\"ReadAction\",\"target\":[\"https:\/\/www.eliassen.nl\/de\/engelsstatue-kniet-und-betet-54-cm-bronzefarbe\/\"]}]},{\"@type\":\"ImageObject\",\"inLanguage\":\"de\",\"@id\":\"https:\/\/www.eliassen.nl\/de\/engelsstatue-kniet-und-betet-54-cm-bronzefarbe\/#primaryimage\",\"url\":\"https:\/\/www.eliassen.nl\/wp-content\/uploads\/2021\/10\/1000068715-scaled.jpg\",\"contentUrl\":\"https:\/\/www.eliassen.nl\/wp-content\/uploads\/2021\/10\/1000068715-scaled.jpg\",\"width\":1920,\"height\":2560},{\"@type\":\"BreadcrumbList\",\"@id\":\"https:\/\/www.eliassen.nl\/de\/engelsstatue-kniet-und-betet-54-cm-bronzefarbe\/#breadcrumb\",\"itemListElement\":[{\"@type\":\"ListItem\",\"position\":1,\"name\":\"Home\",\"item\":\"https:\/\/www.eliassen.nl\/de\/\"},{\"@type\":\"ListItem\",\"position\":2,\"name\":\"Shop\",\"item\":\"https:\/\/www.eliassen.nl\/de\/shop\/\"},{\"@type\":\"ListItem\",\"position\":3,\"name\":\"Bilder\",\"item\":\"https:\/\/www.eliassen.nl\/de\/bilder\/\"},{\"@type\":\"ListItem\",\"position\":4,\"name\":\"Betonstatuen\",\"item\":\"https:\/\/www.eliassen.nl\/de\/bilder\/betonstatuen\/\"},{\"@type\":\"ListItem\",\"position\":5,\"name\":\"Engels- und Marienstatuen\",\"item\":\"https:\/\/www.eliassen.nl\/de\/bilder\/betonstatuen\/engels-und-marienstatuen\/\"},{\"@type\":\"ListItem\",\"position\":6,\"name\":\"Engel Statue kniend und betend 54cm bronzefarben\"}]},{\"@type\":\"WebSite\",\"@id\":\"https:\/\/www.eliassen.nl\/de\/#website\",\"url\":\"https:\/\/www.eliassen.nl\/de\/\",\"name\":\"Eliassen Home & Garden Pleasure\",\"description\":\"\",\"publisher\":{\"@id\":\"https:\/\/www.eliassen.nl\/de\/#organization\"},\"alternateName\":\"Eliassen.nl\",\"potentialAction\":[{\"@type\":\"SearchAction\",\"target\":{\"@type\":\"EntryPoint\",\"urlTemplate\":\"https:\/\/www.eliassen.nl\/de\/?s={search_term_string}\"},\"query-input\":{\"@type\":\"PropertyValueSpecification\",\"valueRequired\":true,\"valueName\":\"search_term_string\"}}],\"inLanguage\":\"de\"},{\"@type\":[\"Organization\",\"Place\"],\"@id\":\"https:\/\/www.eliassen.nl\/de\/#organization\",\"name\":\"Eliassen Home & Garden Pleasure\",\"url\":\"https:\/\/www.eliassen.nl\/de\/\",\"logo\":{\"@id\":\"https:\/\/www.eliassen.nl\/de\/engelsstatue-kniet-und-betet-54-cm-bronzefarbe\/#local-main-organization-logo\"},\"image\":{\"@id\":\"https:\/\/www.eliassen.nl\/de\/engelsstatue-kniet-und-betet-54-cm-bronzefarbe\/#local-main-organization-logo\"},\"sameAs\":[\"https:\/\/www.facebook.com\/TuincentrumEliassenAmmerzoden\",\"https:\/\/www.instagram.com\/eliassenhomeandgarden\/\",\"https:\/\/nl.pinterest.com\/eliassenhomeandgarden\/\",\"https:\/\/www.youtube.com\/@eliassenhomegardenpleasure4558\"],\"telephone\":[],\"openingHoursSpecification\":[{\"@type\":\"OpeningHoursSpecification\",\"dayOfWeek\":[\"Monday\",\"Tuesday\",\"Wednesday\",\"Thursday\",\"Friday\",\"Saturday\",\"Sunday\"],\"opens\":\"09:00\",\"closes\":\"17:00\"}]},{\"@type\":\"ImageObject\",\"inLanguage\":\"de\",\"@id\":\"https:\/\/www.eliassen.nl\/de\/engelsstatue-kniet-und-betet-54-cm-bronzefarbe\/#local-main-organization-logo\",\"url\":\"https:\/\/www.eliassen.nl\/wp-content\/uploads\/2024\/01\/logo_4nd.jpg\",\"contentUrl\":\"https:\/\/www.eliassen.nl\/wp-content\/uploads\/2024\/01\/logo_4nd.jpg\",\"width\":500,\"height\":500,\"caption\":\"Eliassen Home & Garden Pleasure\"}]}<\/script>\n<meta property=\"product:price:amount\" content=\"69.50\" \/>\n<meta property=\"product:price:currency\" content=\"EUR\" \/>\n<meta property=\"og:availability\" content=\"instock\" \/>\n<meta property=\"product:availability\" content=\"instock\" \/>\n<meta property=\"product:retailer_item_id\" content=\"P1268brons\" \/>\n<meta property=\"product:condition\" content=\"new\" \/>\n<!-- \/ Yoast SEO Premium plugin. -->","yoast_head_json":{"title":"Engelstatue Garten kniend und betend | 54cm bronzefarben | Eliassen.nl","description":"Eine Steinskulptur Engel kaufen? Sehen Sie sich diese wundersch\u00f6ne bronzefarbene Engelsstatue an. Sie k\u00f6nnen ihn im Innen- oder Au\u00dfenbereich aufstellen. \u221a 2 Jahre Garantie \u221a LIVE zu sehen!","robots":{"index":"index","follow":"follow","max-snippet":"max-snippet:-1","max-image-preview":"max-image-preview:large","max-video-preview":"max-video-preview:-1"},"canonical":"https:\/\/www.eliassen.nl\/de\/engelsstatue-kniet-und-betet-54-cm-bronzefarbe\/","og_locale":"de_DE","og_type":"article","og_title":"Sonstige Engel Statue kniend und betend 54cm bronzefarben - Eliassen.nl","og_description":"Eine Steinskulptur Engel kaufen? Sehen Sie sich diese wundersch\u00f6ne bronzefarbene Engelsstatue an. Sie k\u00f6nnen ihn im Innen- oder Au\u00dfenbereich aufstellen. \u221a 2 Jahre Garantie \u221a LIVE zu sehen!","og_url":"https:\/\/www.eliassen.nl\/de\/engelsstatue-kniet-und-betet-54-cm-bronzefarbe\/","og_site_name":"Eliassen.nl","article_publisher":"https:\/\/www.facebook.com\/TuincentrumEliassenAmmerzoden","article_modified_time":"2026-01-16T13:03:01+00:00","og_image":[{"width":1920,"height":2560,"url":"https:\/\/www.eliassen.nl\/wp-content\/uploads\/2021\/10\/1000068715-scaled.jpg","type":"image\/jpeg"}],"twitter_card":"summary_large_image","schema":{"@context":"https:\/\/schema.org","@graph":[{"@type":"WebPage","@id":"https:\/\/www.eliassen.nl\/de\/engelsstatue-kniet-und-betet-54-cm-bronzefarbe\/","url":"https:\/\/www.eliassen.nl\/de\/engelsstatue-kniet-und-betet-54-cm-bronzefarbe\/","name":"Engelstatue Garten kniend und betend | 54cm bronzefarben | Eliassen.nl","isPartOf":{"@id":"https:\/\/www.eliassen.nl\/de\/#website"},"primaryImageOfPage":{"@id":"https:\/\/www.eliassen.nl\/de\/engelsstatue-kniet-und-betet-54-cm-bronzefarbe\/#primaryimage"},"image":{"@id":"https:\/\/www.eliassen.nl\/de\/engelsstatue-kniet-und-betet-54-cm-bronzefarbe\/#primaryimage"},"thumbnailUrl":"https:\/\/www.eliassen.nl\/wp-content\/uploads\/2021\/10\/1000068715-scaled.jpg","datePublished":"2021-10-08T11:21:45+00:00","dateModified":"2026-01-16T13:03:01+00:00","description":"Eine Steinskulptur Engel kaufen? Sehen Sie sich diese wundersch\u00f6ne bronzefarbene Engelsstatue an. Sie k\u00f6nnen ihn im Innen- oder Au\u00dfenbereich aufstellen. \u221a 2 Jahre Garantie \u221a LIVE zu sehen!","breadcrumb":{"@id":"https:\/\/www.eliassen.nl\/de\/engelsstatue-kniet-und-betet-54-cm-bronzefarbe\/#breadcrumb"},"inLanguage":"de","potentialAction":[{"@type":"ReadAction","target":["https:\/\/www.eliassen.nl\/de\/engelsstatue-kniet-und-betet-54-cm-bronzefarbe\/"]}]},{"@type":"ImageObject","inLanguage":"de","@id":"https:\/\/www.eliassen.nl\/de\/engelsstatue-kniet-und-betet-54-cm-bronzefarbe\/#primaryimage","url":"https:\/\/www.eliassen.nl\/wp-content\/uploads\/2021\/10\/1000068715-scaled.jpg","contentUrl":"https:\/\/www.eliassen.nl\/wp-content\/uploads\/2021\/10\/1000068715-scaled.jpg","width":1920,"height":2560},{"@type":"BreadcrumbList","@id":"https:\/\/www.eliassen.nl\/de\/engelsstatue-kniet-und-betet-54-cm-bronzefarbe\/#breadcrumb","itemListElement":[{"@type":"ListItem","position":1,"name":"Home","item":"https:\/\/www.eliassen.nl\/de\/"},{"@type":"ListItem","position":2,"name":"Shop","item":"https:\/\/www.eliassen.nl\/de\/shop\/"},{"@type":"ListItem","position":3,"name":"Bilder","item":"https:\/\/www.eliassen.nl\/de\/bilder\/"},{"@type":"ListItem","position":4,"name":"Betonstatuen","item":"https:\/\/www.eliassen.nl\/de\/bilder\/betonstatuen\/"},{"@type":"ListItem","position":5,"name":"Engels- und Marienstatuen","item":"https:\/\/www.eliassen.nl\/de\/bilder\/betonstatuen\/engels-und-marienstatuen\/"},{"@type":"ListItem","position":6,"name":"Engel Statue kniend und betend 54cm bronzefarben"}]},{"@type":"WebSite","@id":"https:\/\/www.eliassen.nl\/de\/#website","url":"https:\/\/www.eliassen.nl\/de\/","name":"Eliassen Home & Garden Pleasure","description":"","publisher":{"@id":"https:\/\/www.eliassen.nl\/de\/#organization"},"alternateName":"Eliassen.nl","potentialAction":[{"@type":"SearchAction","target":{"@type":"EntryPoint","urlTemplate":"https:\/\/www.eliassen.nl\/de\/?s={search_term_string}"},"query-input":{"@type":"PropertyValueSpecification","valueRequired":true,"valueName":"search_term_string"}}],"inLanguage":"de"},{"@type":["Organization","Place"],"@id":"https:\/\/www.eliassen.nl\/de\/#organization","name":"Eliassen Home & Garden Pleasure","url":"https:\/\/www.eliassen.nl\/de\/","logo":{"@id":"https:\/\/www.eliassen.nl\/de\/engelsstatue-kniet-und-betet-54-cm-bronzefarbe\/#local-main-organization-logo"},"image":{"@id":"https:\/\/www.eliassen.nl\/de\/engelsstatue-kniet-und-betet-54-cm-bronzefarbe\/#local-main-organization-logo"},"sameAs":["https:\/\/www.facebook.com\/TuincentrumEliassenAmmerzoden","https:\/\/www.instagram.com\/eliassenhomeandgarden\/","https:\/\/nl.pinterest.com\/eliassenhomeandgarden\/","https:\/\/www.youtube.com\/@eliassenhomegardenpleasure4558"],"telephone":[],"openingHoursSpecification":[{"@type":"OpeningHoursSpecification","dayOfWeek":["Monday","Tuesday","Wednesday","Thursday","Friday","Saturday","Sunday"],"opens":"09:00","closes":"17:00"}]},{"@type":"ImageObject","inLanguage":"de","@id":"https:\/\/www.eliassen.nl\/de\/engelsstatue-kniet-und-betet-54-cm-bronzefarbe\/#local-main-organization-logo","url":"https:\/\/www.eliassen.nl\/wp-content\/uploads\/2024\/01\/logo_4nd.jpg","contentUrl":"https:\/\/www.eliassen.nl\/wp-content\/uploads\/2024\/01\/logo_4nd.jpg","width":500,"height":500,"caption":"Eliassen Home & Garden Pleasure"}]},"product_price_amount":"69.50","product_price_currency":"EUR","og_availability":"instock","product_availability":"instock","product_retailer_item_id":"P1268brons","product_condition":"new"},"df_price":69.5,"df_sale_price":"","df_regular_price":69.5,"df_image_link":"https:\/\/www.eliassen.nl\/wp-content\/uploads\/2021\/10\/1000068715-225x300.jpg","image":"https:\/\/www.eliassen.nl\/wp-content\/uploads\/2021\/10\/1000068715-150x150.jpg","price_search":"<span class=\"woocommerce-Price-amount amount\"><bdi><span class=\"woocommerce-Price-currencySymbol\">&euro;<\/span>&nbsp;69,50<\/bdi><\/span>","category":"Betonstatuen","global_unique_id":"6096520670650","_links":{"self":[{"href":"https:\/\/www.eliassen.nl\/de\/wp-json\/wp\/v2\/product\/64315","targetHints":{"allow":["GET"]}}],"collection":[{"href":"https:\/\/www.eliassen.nl\/de\/wp-json\/wp\/v2\/product"}],"about":[{"href":"https:\/\/www.eliassen.nl\/de\/wp-json\/wp\/v2\/types\/product"}],"wp:featuredmedia":[{"embeddable":true,"href":"https:\/\/www.eliassen.nl\/de\/wp-json\/wp\/v2\/media\/193526"}],"wp:attachment":[{"href":"https:\/\/www.eliassen.nl\/de\/wp-json\/wp\/v2\/media?parent=64315"}],"wp:term":[{"taxonomy":"product_brand","embeddable":true,"href":"https:\/\/www.eliassen.nl\/de\/wp-json\/wp\/v2\/product_brand?post=64315"},{"taxonomy":"product_cat","embeddable":true,"href":"https:\/\/www.eliassen.nl\/de\/wp-json\/wp\/v2\/product_cat?post=64315"},{"taxonomy":"product_tag","embeddable":true,"href":"https:\/\/www.eliassen.nl\/de\/wp-json\/wp\/v2\/product_tag?post=64315"}],"curies":[{"name":"wp","href":"https:\/\/api.w.org\/{rel}","templated":true}]}}