{"id":64231,"date":"2021-10-08T10:24:10","date_gmt":"2021-10-08T10:24:10","guid":{"rendered":"https:\/\/www.eliassen.nl\/?product=engel-beeld-biddend-78cm"},"modified":"2026-01-16T14:02:37","modified_gmt":"2026-01-16T13:02:37","slug":"engelstatue-grau-betend-78cm","status":"publish","type":"product","link":"https:\/\/www.eliassen.nl\/de\/engelstatue-grau-betend-78cm\/","title":{"rendered":"Engel Statue betend 78cm"},"content":{"rendered":"<p>Wundersch\u00f6ne gro\u00dfe Skulptur eines grau gef\u00e4rbten Engels auf einem Knie, betend, aus hochwertigem Steinguss, grau eingewaschen. Seine H\u00f6he betr\u00e4gt 78 cm und er wiegt 68 kg.<\/p>\n<ul>\n<li>Massiver Kunststein<\/li>\n<li>Gr\u00f6\u00dfe 78cm hoch<\/li>\n<li>Gewicht 68kg<\/li>\n<li>2 Jahre Garantie<\/li>\n<li>Wir sind bestrebt, dieses Produkt auch immer in unserem Ausstellungsraum zu haben, damit Sie dieses Modell auch live sehen k\u00f6nnen. Rufen Sie uns an oder mailen Sie uns, wenn Sie kommen m\u00f6chten, um Missverst\u00e4ndnisse zu vermeiden.<\/li>\n<\/ul>\n","protected":false},"excerpt":{"rendered":"<p>Wundersch\u00f6ne gro\u00dfe Skulptur eines grau gef\u00e4rbten Engels auf einem Knie, betend, aus hochwertigem Steinguss, grau eingewaschen. Seine H\u00f6he betr\u00e4gt 78 cm und er wiegt 68 kg. Massiver Kunststein Gr\u00f6\u00dfe 78cm hoch Gewicht 68kg 2 Jahre Garantie Wir sind bestrebt, dieses Produkt auch immer in unserem Ausstellungsraum zu haben, damit Sie dieses Modell auch live sehen &hellip;<\/p>\n","protected":false},"featured_media":64225,"template":"","meta":{"_acf_changed":false,"_genesis_title":"","_genesis_description":""},"product_brand":[7505],"product_cat":[677,695,7239],"product_tag":[],"class_list":{"0":"post-64231","1":"product","2":"type-product","3":"status-publish","4":"has-post-thumbnail","6":"product_brand-sonstige","7":"product_cat-betonstatuen","8":"product_cat-engels-und-marienstatuen","9":"product_cat-bilder","11":"first","12":"instock","13":"taxable","14":"shipping-taxable","15":"purchasable","16":"product-type-simple"},"acf":[],"meta_all":{"total_sales":"1","wcml_sync_hash":{"postmeta_fields":"e3aabc0ce301a3e54cd88681565975bf"},"attr_label_translations":[],"cor_restricted_countries":[]},"meta_all_flat":{"total_sales":"1","wcml_sync_hash.postmeta_fields":"e3aabc0ce301a3e54cd88681565975bf"},"yoast_head":"<!-- This site is optimized with the Yoast SEO Premium plugin v26.2 (Yoast SEO v27.2) - https:\/\/yoast.com\/product\/yoast-seo-premium-wordpress\/ -->\n<title>Engelstatue betend 78cm | Grau gewaschen | Massiv aus Kunststein<\/title>\n<meta name=\"description\" content=\"Gro\u00dfe graue Engelsstatue f\u00fcr den Innen- oder Au\u00dfenbereich. Sehen Sie sich LIVE unseren Ausstellungsraum an, in dem wir viele Statuen der Heiligen Engel ausstellen.\" \/>\n<meta name=\"robots\" content=\"index, follow, max-snippet:-1, max-image-preview:large, max-video-preview:-1\" \/>\n<link rel=\"canonical\" href=\"https:\/\/www.eliassen.nl\/de\/engelstatue-grau-betend-78cm\/\" \/>\n<meta property=\"og:locale\" content=\"de_DE\" \/>\n<meta property=\"og:type\" content=\"article\" \/>\n<meta property=\"og:title\" content=\"Sonstige Engel Statue betend 78cm - Eliassen.nl\" \/>\n<meta property=\"og:description\" content=\"Gro\u00dfe graue Engelsstatue f\u00fcr den Innen- oder Au\u00dfenbereich. Sehen Sie sich LIVE unseren Ausstellungsraum an, in dem wir viele Statuen der Heiligen Engel ausstellen.\" \/>\n<meta property=\"og:url\" content=\"https:\/\/www.eliassen.nl\/de\/engelstatue-grau-betend-78cm\/\" \/>\n<meta property=\"og:site_name\" content=\"Eliassen.nl\" \/>\n<meta property=\"article:publisher\" content=\"https:\/\/www.facebook.com\/TuincentrumEliassenAmmerzoden\" \/>\n<meta property=\"article:modified_time\" content=\"2026-01-16T13:02:37+00:00\" \/>\n<meta property=\"og:image\" content=\"https:\/\/www.eliassen.nl\/wp-content\/uploads\/2024\/01\/engelbeeldgrijsbiddend78cmeliassenhomegar.jpg\" \/>\n\t<meta property=\"og:image:width\" content=\"420\" \/>\n\t<meta property=\"og:image:height\" content=\"593\" \/>\n\t<meta property=\"og:image:type\" content=\"image\/jpeg\" \/>\n<meta name=\"twitter:card\" content=\"summary_large_image\" \/>\n<script type=\"application\/ld+json\" class=\"yoast-schema-graph\">{\"@context\":\"https:\/\/schema.org\",\"@graph\":[{\"@type\":\"WebPage\",\"@id\":\"https:\/\/www.eliassen.nl\/de\/engelstatue-grau-betend-78cm\/\",\"url\":\"https:\/\/www.eliassen.nl\/de\/engelstatue-grau-betend-78cm\/\",\"name\":\"Engelstatue betend 78cm | Grau gewaschen | Massiv aus Kunststein\",\"isPartOf\":{\"@id\":\"https:\/\/www.eliassen.nl\/de\/#website\"},\"primaryImageOfPage\":{\"@id\":\"https:\/\/www.eliassen.nl\/de\/engelstatue-grau-betend-78cm\/#primaryimage\"},\"image\":{\"@id\":\"https:\/\/www.eliassen.nl\/de\/engelstatue-grau-betend-78cm\/#primaryimage\"},\"thumbnailUrl\":\"https:\/\/www.eliassen.nl\/wp-content\/uploads\/2024\/01\/engelbeeldgrijsbiddend78cmeliassenhomegar.jpg\",\"datePublished\":\"2021-10-08T10:24:10+00:00\",\"dateModified\":\"2026-01-16T13:02:37+00:00\",\"description\":\"Gro\u00dfe graue Engelsstatue f\u00fcr den Innen- oder Au\u00dfenbereich. Sehen Sie sich LIVE unseren Ausstellungsraum an, in dem wir viele Statuen der Heiligen Engel ausstellen.\",\"breadcrumb\":{\"@id\":\"https:\/\/www.eliassen.nl\/de\/engelstatue-grau-betend-78cm\/#breadcrumb\"},\"inLanguage\":\"de\",\"potentialAction\":[{\"@type\":\"ReadAction\",\"target\":[\"https:\/\/www.eliassen.nl\/de\/engelstatue-grau-betend-78cm\/\"]}]},{\"@type\":\"ImageObject\",\"inLanguage\":\"de\",\"@id\":\"https:\/\/www.eliassen.nl\/de\/engelstatue-grau-betend-78cm\/#primaryimage\",\"url\":\"https:\/\/www.eliassen.nl\/wp-content\/uploads\/2024\/01\/engelbeeldgrijsbiddend78cmeliassenhomegar.jpg\",\"contentUrl\":\"https:\/\/www.eliassen.nl\/wp-content\/uploads\/2024\/01\/engelbeeldgrijsbiddend78cmeliassenhomegar.jpg\",\"width\":420,\"height\":593,\"caption\":\"Engelstatue grau betend 78cm - Eliassen Home &amp; Garden Pleasure\"},{\"@type\":\"BreadcrumbList\",\"@id\":\"https:\/\/www.eliassen.nl\/de\/engelstatue-grau-betend-78cm\/#breadcrumb\",\"itemListElement\":[{\"@type\":\"ListItem\",\"position\":1,\"name\":\"Home\",\"item\":\"https:\/\/www.eliassen.nl\/de\/\"},{\"@type\":\"ListItem\",\"position\":2,\"name\":\"Shop\",\"item\":\"https:\/\/www.eliassen.nl\/de\/shop\/\"},{\"@type\":\"ListItem\",\"position\":3,\"name\":\"Bilder\",\"item\":\"https:\/\/www.eliassen.nl\/de\/bilder\/\"},{\"@type\":\"ListItem\",\"position\":4,\"name\":\"Betonstatuen\",\"item\":\"https:\/\/www.eliassen.nl\/de\/bilder\/betonstatuen\/\"},{\"@type\":\"ListItem\",\"position\":5,\"name\":\"Engels- und Marienstatuen\",\"item\":\"https:\/\/www.eliassen.nl\/de\/bilder\/betonstatuen\/engels-und-marienstatuen\/\"},{\"@type\":\"ListItem\",\"position\":6,\"name\":\"Engel Statue betend 78cm\"}]},{\"@type\":\"WebSite\",\"@id\":\"https:\/\/www.eliassen.nl\/de\/#website\",\"url\":\"https:\/\/www.eliassen.nl\/de\/\",\"name\":\"Eliassen Home & Garden Pleasure\",\"description\":\"\",\"publisher\":{\"@id\":\"https:\/\/www.eliassen.nl\/de\/#organization\"},\"alternateName\":\"Eliassen.nl\",\"potentialAction\":[{\"@type\":\"SearchAction\",\"target\":{\"@type\":\"EntryPoint\",\"urlTemplate\":\"https:\/\/www.eliassen.nl\/de\/?s={search_term_string}\"},\"query-input\":{\"@type\":\"PropertyValueSpecification\",\"valueRequired\":true,\"valueName\":\"search_term_string\"}}],\"inLanguage\":\"de\"},{\"@type\":[\"Organization\",\"Place\"],\"@id\":\"https:\/\/www.eliassen.nl\/de\/#organization\",\"name\":\"Eliassen Home & Garden Pleasure\",\"url\":\"https:\/\/www.eliassen.nl\/de\/\",\"logo\":{\"@id\":\"https:\/\/www.eliassen.nl\/de\/engelstatue-grau-betend-78cm\/#local-main-organization-logo\"},\"image\":{\"@id\":\"https:\/\/www.eliassen.nl\/de\/engelstatue-grau-betend-78cm\/#local-main-organization-logo\"},\"sameAs\":[\"https:\/\/www.facebook.com\/TuincentrumEliassenAmmerzoden\",\"https:\/\/www.instagram.com\/eliassenhomeandgarden\/\",\"https:\/\/nl.pinterest.com\/eliassenhomeandgarden\/\",\"https:\/\/www.youtube.com\/@eliassenhomegardenpleasure4558\"],\"telephone\":[],\"openingHoursSpecification\":[{\"@type\":\"OpeningHoursSpecification\",\"dayOfWeek\":[\"Monday\",\"Tuesday\",\"Wednesday\",\"Thursday\",\"Friday\",\"Saturday\",\"Sunday\"],\"opens\":\"09:00\",\"closes\":\"17:00\"}]},{\"@type\":\"ImageObject\",\"inLanguage\":\"de\",\"@id\":\"https:\/\/www.eliassen.nl\/de\/engelstatue-grau-betend-78cm\/#local-main-organization-logo\",\"url\":\"https:\/\/www.eliassen.nl\/wp-content\/uploads\/2024\/01\/logo_4nd.jpg\",\"contentUrl\":\"https:\/\/www.eliassen.nl\/wp-content\/uploads\/2024\/01\/logo_4nd.jpg\",\"width\":500,\"height\":500,\"caption\":\"Eliassen Home & Garden Pleasure\"}]}<\/script>\n<meta property=\"product:price:amount\" content=\"169.00\" \/>\n<meta property=\"product:price:currency\" content=\"EUR\" \/>\n<meta property=\"og:availability\" content=\"instock\" \/>\n<meta property=\"product:availability\" content=\"instock\" \/>\n<meta property=\"product:retailer_item_id\" content=\"P1335\" \/>\n<meta property=\"product:condition\" content=\"new\" \/>\n<!-- \/ Yoast SEO Premium plugin. -->","yoast_head_json":{"title":"Engelstatue betend 78cm | Grau gewaschen | Massiv aus Kunststein","description":"Gro\u00dfe graue Engelsstatue f\u00fcr den Innen- oder Au\u00dfenbereich. Sehen Sie sich LIVE unseren Ausstellungsraum an, in dem wir viele Statuen der Heiligen Engel ausstellen.","robots":{"index":"index","follow":"follow","max-snippet":"max-snippet:-1","max-image-preview":"max-image-preview:large","max-video-preview":"max-video-preview:-1"},"canonical":"https:\/\/www.eliassen.nl\/de\/engelstatue-grau-betend-78cm\/","og_locale":"de_DE","og_type":"article","og_title":"Sonstige Engel Statue betend 78cm - Eliassen.nl","og_description":"Gro\u00dfe graue Engelsstatue f\u00fcr den Innen- oder Au\u00dfenbereich. Sehen Sie sich LIVE unseren Ausstellungsraum an, in dem wir viele Statuen der Heiligen Engel ausstellen.","og_url":"https:\/\/www.eliassen.nl\/de\/engelstatue-grau-betend-78cm\/","og_site_name":"Eliassen.nl","article_publisher":"https:\/\/www.facebook.com\/TuincentrumEliassenAmmerzoden","article_modified_time":"2026-01-16T13:02:37+00:00","og_image":[{"width":420,"height":593,"url":"https:\/\/www.eliassen.nl\/wp-content\/uploads\/2024\/01\/engelbeeldgrijsbiddend78cmeliassenhomegar.jpg","type":"image\/jpeg"}],"twitter_card":"summary_large_image","schema":{"@context":"https:\/\/schema.org","@graph":[{"@type":"WebPage","@id":"https:\/\/www.eliassen.nl\/de\/engelstatue-grau-betend-78cm\/","url":"https:\/\/www.eliassen.nl\/de\/engelstatue-grau-betend-78cm\/","name":"Engelstatue betend 78cm | Grau gewaschen | Massiv aus Kunststein","isPartOf":{"@id":"https:\/\/www.eliassen.nl\/de\/#website"},"primaryImageOfPage":{"@id":"https:\/\/www.eliassen.nl\/de\/engelstatue-grau-betend-78cm\/#primaryimage"},"image":{"@id":"https:\/\/www.eliassen.nl\/de\/engelstatue-grau-betend-78cm\/#primaryimage"},"thumbnailUrl":"https:\/\/www.eliassen.nl\/wp-content\/uploads\/2024\/01\/engelbeeldgrijsbiddend78cmeliassenhomegar.jpg","datePublished":"2021-10-08T10:24:10+00:00","dateModified":"2026-01-16T13:02:37+00:00","description":"Gro\u00dfe graue Engelsstatue f\u00fcr den Innen- oder Au\u00dfenbereich. Sehen Sie sich LIVE unseren Ausstellungsraum an, in dem wir viele Statuen der Heiligen Engel ausstellen.","breadcrumb":{"@id":"https:\/\/www.eliassen.nl\/de\/engelstatue-grau-betend-78cm\/#breadcrumb"},"inLanguage":"de","potentialAction":[{"@type":"ReadAction","target":["https:\/\/www.eliassen.nl\/de\/engelstatue-grau-betend-78cm\/"]}]},{"@type":"ImageObject","inLanguage":"de","@id":"https:\/\/www.eliassen.nl\/de\/engelstatue-grau-betend-78cm\/#primaryimage","url":"https:\/\/www.eliassen.nl\/wp-content\/uploads\/2024\/01\/engelbeeldgrijsbiddend78cmeliassenhomegar.jpg","contentUrl":"https:\/\/www.eliassen.nl\/wp-content\/uploads\/2024\/01\/engelbeeldgrijsbiddend78cmeliassenhomegar.jpg","width":420,"height":593,"caption":"Engelstatue grau betend 78cm - Eliassen Home &amp; Garden Pleasure"},{"@type":"BreadcrumbList","@id":"https:\/\/www.eliassen.nl\/de\/engelstatue-grau-betend-78cm\/#breadcrumb","itemListElement":[{"@type":"ListItem","position":1,"name":"Home","item":"https:\/\/www.eliassen.nl\/de\/"},{"@type":"ListItem","position":2,"name":"Shop","item":"https:\/\/www.eliassen.nl\/de\/shop\/"},{"@type":"ListItem","position":3,"name":"Bilder","item":"https:\/\/www.eliassen.nl\/de\/bilder\/"},{"@type":"ListItem","position":4,"name":"Betonstatuen","item":"https:\/\/www.eliassen.nl\/de\/bilder\/betonstatuen\/"},{"@type":"ListItem","position":5,"name":"Engels- und Marienstatuen","item":"https:\/\/www.eliassen.nl\/de\/bilder\/betonstatuen\/engels-und-marienstatuen\/"},{"@type":"ListItem","position":6,"name":"Engel Statue betend 78cm"}]},{"@type":"WebSite","@id":"https:\/\/www.eliassen.nl\/de\/#website","url":"https:\/\/www.eliassen.nl\/de\/","name":"Eliassen Home & Garden Pleasure","description":"","publisher":{"@id":"https:\/\/www.eliassen.nl\/de\/#organization"},"alternateName":"Eliassen.nl","potentialAction":[{"@type":"SearchAction","target":{"@type":"EntryPoint","urlTemplate":"https:\/\/www.eliassen.nl\/de\/?s={search_term_string}"},"query-input":{"@type":"PropertyValueSpecification","valueRequired":true,"valueName":"search_term_string"}}],"inLanguage":"de"},{"@type":["Organization","Place"],"@id":"https:\/\/www.eliassen.nl\/de\/#organization","name":"Eliassen Home & Garden Pleasure","url":"https:\/\/www.eliassen.nl\/de\/","logo":{"@id":"https:\/\/www.eliassen.nl\/de\/engelstatue-grau-betend-78cm\/#local-main-organization-logo"},"image":{"@id":"https:\/\/www.eliassen.nl\/de\/engelstatue-grau-betend-78cm\/#local-main-organization-logo"},"sameAs":["https:\/\/www.facebook.com\/TuincentrumEliassenAmmerzoden","https:\/\/www.instagram.com\/eliassenhomeandgarden\/","https:\/\/nl.pinterest.com\/eliassenhomeandgarden\/","https:\/\/www.youtube.com\/@eliassenhomegardenpleasure4558"],"telephone":[],"openingHoursSpecification":[{"@type":"OpeningHoursSpecification","dayOfWeek":["Monday","Tuesday","Wednesday","Thursday","Friday","Saturday","Sunday"],"opens":"09:00","closes":"17:00"}]},{"@type":"ImageObject","inLanguage":"de","@id":"https:\/\/www.eliassen.nl\/de\/engelstatue-grau-betend-78cm\/#local-main-organization-logo","url":"https:\/\/www.eliassen.nl\/wp-content\/uploads\/2024\/01\/logo_4nd.jpg","contentUrl":"https:\/\/www.eliassen.nl\/wp-content\/uploads\/2024\/01\/logo_4nd.jpg","width":500,"height":500,"caption":"Eliassen Home & Garden Pleasure"}]},"product_price_amount":"169.00","product_price_currency":"EUR","og_availability":"instock","product_availability":"instock","product_retailer_item_id":"P1335","product_condition":"new"},"df_price":169,"df_sale_price":"","df_regular_price":169,"df_image_link":"https:\/\/www.eliassen.nl\/wp-content\/uploads\/2024\/01\/engelbeeldgrijsbiddend78cmeliassenhomegar.jpg","image":"https:\/\/www.eliassen.nl\/wp-content\/uploads\/2024\/01\/engelbeeldgrijsbiddend78cmeliassenhomegar.jpg","price_search":"<span class=\"woocommerce-Price-amount amount\"><bdi><span class=\"woocommerce-Price-currencySymbol\">&euro;<\/span>&nbsp;169,00<\/bdi><\/span>","category":"Betonstatuen","global_unique_id":"6096514952991","_links":{"self":[{"href":"https:\/\/www.eliassen.nl\/de\/wp-json\/wp\/v2\/product\/64231","targetHints":{"allow":["GET"]}}],"collection":[{"href":"https:\/\/www.eliassen.nl\/de\/wp-json\/wp\/v2\/product"}],"about":[{"href":"https:\/\/www.eliassen.nl\/de\/wp-json\/wp\/v2\/types\/product"}],"wp:featuredmedia":[{"embeddable":true,"href":"https:\/\/www.eliassen.nl\/de\/wp-json\/wp\/v2\/media\/64225"}],"wp:attachment":[{"href":"https:\/\/www.eliassen.nl\/de\/wp-json\/wp\/v2\/media?parent=64231"}],"wp:term":[{"taxonomy":"product_brand","embeddable":true,"href":"https:\/\/www.eliassen.nl\/de\/wp-json\/wp\/v2\/product_brand?post=64231"},{"taxonomy":"product_cat","embeddable":true,"href":"https:\/\/www.eliassen.nl\/de\/wp-json\/wp\/v2\/product_cat?post=64231"},{"taxonomy":"product_tag","embeddable":true,"href":"https:\/\/www.eliassen.nl\/de\/wp-json\/wp\/v2\/product_tag?post=64231"}],"curies":[{"name":"wp","href":"https:\/\/api.w.org\/{rel}","templated":true}]}}