{"id":64144,"date":"2021-10-08T09:41:43","date_gmt":"2021-10-08T09:41:43","guid":{"rendered":"https:\/\/www.eliassen.nl\/?product=mariabeeld-met-gespreide-armen-80cm-bronskleur"},"modified":"2026-01-16T14:02:21","modified_gmt":"2026-01-16T13:02:21","slug":"maria-statue-mit-ausgebreiteten-armen-80-cm-bronzefarbe","status":"publish","type":"product","link":"https:\/\/www.eliassen.nl\/de\/maria-statue-mit-ausgebreiteten-armen-80-cm-bronzefarbe\/","title":{"rendered":"Statue der Jungfrau mit ausgebreiteten Armen 80cm Farbe: Bronze"},"content":{"rendered":"<p>Wundersch\u00f6n gestaltete Statue der Jungfrau Maria aus hochwertigem Steinguss in Bronzefarbe. Er ist 80 cm hoch und wiegt 33 kg. Achten Sie auf \u00e4u\u00dfere Sch\u00e4den.<\/p>\n<ul>\n<li>Massiver Kunststein<\/li>\n<li>Gr\u00f6\u00dfe: ca. 32 cm breit und 79 cm hoch<\/li>\n<li>33kg<\/li>\n<li>2 Jahre Garantie<\/li>\n<li>Wir sind bestrebt, dieses Produkt auch immer in unserem Ausstellungsraum zu haben, damit Sie dieses Modell auch live sehen k\u00f6nnen. Rufen Sie uns an oder mailen Sie uns, wenn Sie kommen m\u00f6chten, um Missverst\u00e4ndnisse zu vermeiden.<\/li>\n<\/ul>\n","protected":false},"excerpt":{"rendered":"<p>Wundersch\u00f6n gestaltete Statue der Jungfrau Maria aus hochwertigem Steinguss in Bronzefarbe. Er ist 80 cm hoch und wiegt 33 kg. Achten Sie auf \u00e4u\u00dfere Sch\u00e4den. Massiver Kunststein Gr\u00f6\u00dfe: ca. 32 cm breit und 79 cm hoch 33kg 2 Jahre Garantie Wir sind bestrebt, dieses Produkt auch immer in unserem Ausstellungsraum zu haben, damit Sie dieses &hellip;<\/p>\n","protected":false},"featured_media":64126,"template":"","meta":{"_acf_changed":false,"_genesis_title":"","_genesis_description":""},"product_brand":[7505],"product_cat":[677,695,7239],"product_tag":[],"class_list":{"0":"post-64144","1":"product","2":"type-product","3":"status-publish","4":"has-post-thumbnail","6":"product_brand-sonstige","7":"product_cat-betonstatuen","8":"product_cat-engels-und-marienstatuen","9":"product_cat-bilder","11":"first","12":"instock","13":"taxable","14":"shipping-taxable","15":"purchasable","16":"product-type-simple"},"acf":[],"meta_all":{"wcml_sync_hash":{"postmeta_fields":"c5ff24fbfac0c82af8ea88551a67f5fe"},"attr_label_translations":[],"cor_restricted_countries":[],"cor_product_price_text_product_level":"","cor_add_text":"","cor_hide_r_add_cart_product_level":"1","cor_product_price_cart_btn_product_level":"","cor_replace_add_to_cart_custom_btn_product_level":"","enbility_product_level_disability":" ","enbility_product_level_exclude_visibility_rules":" ","total_sales":"0"},"meta_all_flat":{"wcml_sync_hash.postmeta_fields":"c5ff24fbfac0c82af8ea88551a67f5fe","cor_product_price_text_product_level":"","cor_add_text":"","cor_hide_r_add_cart_product_level":"1","cor_product_price_cart_btn_product_level":"","cor_replace_add_to_cart_custom_btn_product_level":"","enbility_product_level_disability":" ","enbility_product_level_exclude_visibility_rules":" ","total_sales":"0"},"yoast_head":"<!-- This site is optimized with the Yoast SEO Premium plugin v26.2 (Yoast SEO v27.2) - https:\/\/yoast.com\/product\/yoast-seo-premium-wordpress\/ -->\n<title>Bronzestatue von Maria mit ausgebreiteten Armen | 80cm | Eliassen.nl<\/title>\n<meta name=\"description\" content=\"Bronzefarbene Marienstatue als Dekoration f\u00fcr Ihr Haus oder Ihren Garten. Eine gro\u00dfe Sammlung von HOLY IMAGES kann LIVE in unserem Ausstellungsraum besichtigt werden!\" \/>\n<meta name=\"robots\" content=\"index, follow, max-snippet:-1, max-image-preview:large, max-video-preview:-1\" \/>\n<link rel=\"canonical\" href=\"https:\/\/www.eliassen.nl\/de\/maria-statue-mit-ausgebreiteten-armen-80-cm-bronzefarbe\/\" \/>\n<meta property=\"og:locale\" content=\"de_DE\" \/>\n<meta property=\"og:type\" content=\"article\" \/>\n<meta property=\"og:title\" content=\"Sonstige Statue der Jungfrau mit ausgebreiteten Armen 80cm Farbe: Bronze - Eliassen.nl\" \/>\n<meta property=\"og:description\" content=\"Bronzefarbene Marienstatue als Dekoration f\u00fcr Ihr Haus oder Ihren Garten. Eine gro\u00dfe Sammlung von HOLY IMAGES kann LIVE in unserem Ausstellungsraum besichtigt werden!\" \/>\n<meta property=\"og:url\" content=\"https:\/\/www.eliassen.nl\/de\/maria-statue-mit-ausgebreiteten-armen-80-cm-bronzefarbe\/\" \/>\n<meta property=\"og:site_name\" content=\"Eliassen.nl\" \/>\n<meta property=\"article:publisher\" content=\"https:\/\/www.facebook.com\/TuincentrumEliassenAmmerzoden\" \/>\n<meta property=\"article:modified_time\" content=\"2026-01-16T13:02:21+00:00\" \/>\n<meta property=\"og:image\" content=\"https:\/\/www.eliassen.nl\/wp-content\/uploads\/2024\/01\/mijnproject53.png\" \/>\n\t<meta property=\"og:image:width\" content=\"510\" \/>\n\t<meta property=\"og:image:height\" content=\"1000\" \/>\n\t<meta property=\"og:image:type\" content=\"image\/png\" \/>\n<meta name=\"twitter:card\" content=\"summary_large_image\" \/>\n<script type=\"application\/ld+json\" class=\"yoast-schema-graph\">{\"@context\":\"https:\/\/schema.org\",\"@graph\":[{\"@type\":\"WebPage\",\"@id\":\"https:\/\/www.eliassen.nl\/de\/maria-statue-mit-ausgebreiteten-armen-80-cm-bronzefarbe\/\",\"url\":\"https:\/\/www.eliassen.nl\/de\/maria-statue-mit-ausgebreiteten-armen-80-cm-bronzefarbe\/\",\"name\":\"Bronzestatue von Maria mit ausgebreiteten Armen | 80cm | Eliassen.nl\",\"isPartOf\":{\"@id\":\"https:\/\/www.eliassen.nl\/de\/#website\"},\"primaryImageOfPage\":{\"@id\":\"https:\/\/www.eliassen.nl\/de\/maria-statue-mit-ausgebreiteten-armen-80-cm-bronzefarbe\/#primaryimage\"},\"image\":{\"@id\":\"https:\/\/www.eliassen.nl\/de\/maria-statue-mit-ausgebreiteten-armen-80-cm-bronzefarbe\/#primaryimage\"},\"thumbnailUrl\":\"https:\/\/www.eliassen.nl\/wp-content\/uploads\/2024\/01\/mijnproject53.png\",\"datePublished\":\"2021-10-08T09:41:43+00:00\",\"dateModified\":\"2026-01-16T13:02:21+00:00\",\"description\":\"Bronzefarbene Marienstatue als Dekoration f\u00fcr Ihr Haus oder Ihren Garten. Eine gro\u00dfe Sammlung von HOLY IMAGES kann LIVE in unserem Ausstellungsraum besichtigt werden!\",\"breadcrumb\":{\"@id\":\"https:\/\/www.eliassen.nl\/de\/maria-statue-mit-ausgebreiteten-armen-80-cm-bronzefarbe\/#breadcrumb\"},\"inLanguage\":\"de\",\"potentialAction\":[{\"@type\":\"ReadAction\",\"target\":[\"https:\/\/www.eliassen.nl\/de\/maria-statue-mit-ausgebreiteten-armen-80-cm-bronzefarbe\/\"]}]},{\"@type\":\"ImageObject\",\"inLanguage\":\"de\",\"@id\":\"https:\/\/www.eliassen.nl\/de\/maria-statue-mit-ausgebreiteten-armen-80-cm-bronzefarbe\/#primaryimage\",\"url\":\"https:\/\/www.eliassen.nl\/wp-content\/uploads\/2024\/01\/mijnproject53.png\",\"contentUrl\":\"https:\/\/www.eliassen.nl\/wp-content\/uploads\/2024\/01\/mijnproject53.png\",\"width\":510,\"height\":1000,\"caption\":\"Mein Projekt (53)\"},{\"@type\":\"BreadcrumbList\",\"@id\":\"https:\/\/www.eliassen.nl\/de\/maria-statue-mit-ausgebreiteten-armen-80-cm-bronzefarbe\/#breadcrumb\",\"itemListElement\":[{\"@type\":\"ListItem\",\"position\":1,\"name\":\"Home\",\"item\":\"https:\/\/www.eliassen.nl\/de\/\"},{\"@type\":\"ListItem\",\"position\":2,\"name\":\"Shop\",\"item\":\"https:\/\/www.eliassen.nl\/de\/shop\/\"},{\"@type\":\"ListItem\",\"position\":3,\"name\":\"Bilder\",\"item\":\"https:\/\/www.eliassen.nl\/de\/bilder\/\"},{\"@type\":\"ListItem\",\"position\":4,\"name\":\"Betonstatuen\",\"item\":\"https:\/\/www.eliassen.nl\/de\/bilder\/betonstatuen\/\"},{\"@type\":\"ListItem\",\"position\":5,\"name\":\"Engels- und Marienstatuen\",\"item\":\"https:\/\/www.eliassen.nl\/de\/bilder\/betonstatuen\/engels-und-marienstatuen\/\"},{\"@type\":\"ListItem\",\"position\":6,\"name\":\"Statue der Jungfrau mit ausgebreiteten Armen 80cm Farbe: Bronze\"}]},{\"@type\":\"WebSite\",\"@id\":\"https:\/\/www.eliassen.nl\/de\/#website\",\"url\":\"https:\/\/www.eliassen.nl\/de\/\",\"name\":\"Eliassen Home & Garden Pleasure\",\"description\":\"\",\"publisher\":{\"@id\":\"https:\/\/www.eliassen.nl\/de\/#organization\"},\"alternateName\":\"Eliassen.nl\",\"potentialAction\":[{\"@type\":\"SearchAction\",\"target\":{\"@type\":\"EntryPoint\",\"urlTemplate\":\"https:\/\/www.eliassen.nl\/de\/?s={search_term_string}\"},\"query-input\":{\"@type\":\"PropertyValueSpecification\",\"valueRequired\":true,\"valueName\":\"search_term_string\"}}],\"inLanguage\":\"de\"},{\"@type\":[\"Organization\",\"Place\"],\"@id\":\"https:\/\/www.eliassen.nl\/de\/#organization\",\"name\":\"Eliassen Home & Garden Pleasure\",\"url\":\"https:\/\/www.eliassen.nl\/de\/\",\"logo\":{\"@id\":\"https:\/\/www.eliassen.nl\/de\/maria-statue-mit-ausgebreiteten-armen-80-cm-bronzefarbe\/#local-main-organization-logo\"},\"image\":{\"@id\":\"https:\/\/www.eliassen.nl\/de\/maria-statue-mit-ausgebreiteten-armen-80-cm-bronzefarbe\/#local-main-organization-logo\"},\"sameAs\":[\"https:\/\/www.facebook.com\/TuincentrumEliassenAmmerzoden\",\"https:\/\/www.instagram.com\/eliassenhomeandgarden\/\",\"https:\/\/nl.pinterest.com\/eliassenhomeandgarden\/\",\"https:\/\/www.youtube.com\/@eliassenhomegardenpleasure4558\"],\"telephone\":[],\"openingHoursSpecification\":[{\"@type\":\"OpeningHoursSpecification\",\"dayOfWeek\":[\"Monday\",\"Tuesday\",\"Wednesday\",\"Thursday\",\"Friday\",\"Saturday\",\"Sunday\"],\"opens\":\"09:00\",\"closes\":\"17:00\"}]},{\"@type\":\"ImageObject\",\"inLanguage\":\"de\",\"@id\":\"https:\/\/www.eliassen.nl\/de\/maria-statue-mit-ausgebreiteten-armen-80-cm-bronzefarbe\/#local-main-organization-logo\",\"url\":\"https:\/\/www.eliassen.nl\/wp-content\/uploads\/2024\/01\/logo_4nd.jpg\",\"contentUrl\":\"https:\/\/www.eliassen.nl\/wp-content\/uploads\/2024\/01\/logo_4nd.jpg\",\"width\":500,\"height\":500,\"caption\":\"Eliassen Home & Garden Pleasure\"}]}<\/script>\n<meta property=\"product:price:amount\" content=\"105.00\" \/>\n<meta property=\"product:price:currency\" content=\"EUR\" \/>\n<meta property=\"og:availability\" content=\"instock\" \/>\n<meta property=\"product:availability\" content=\"instock\" \/>\n<meta property=\"product:retailer_item_id\" content=\"P1337brons\" \/>\n<meta property=\"product:condition\" content=\"new\" \/>\n<!-- \/ Yoast SEO Premium plugin. -->","yoast_head_json":{"title":"Bronzestatue von Maria mit ausgebreiteten Armen | 80cm | Eliassen.nl","description":"Bronzefarbene Marienstatue als Dekoration f\u00fcr Ihr Haus oder Ihren Garten. Eine gro\u00dfe Sammlung von HOLY IMAGES kann LIVE in unserem Ausstellungsraum besichtigt werden!","robots":{"index":"index","follow":"follow","max-snippet":"max-snippet:-1","max-image-preview":"max-image-preview:large","max-video-preview":"max-video-preview:-1"},"canonical":"https:\/\/www.eliassen.nl\/de\/maria-statue-mit-ausgebreiteten-armen-80-cm-bronzefarbe\/","og_locale":"de_DE","og_type":"article","og_title":"Sonstige Statue der Jungfrau mit ausgebreiteten Armen 80cm Farbe: Bronze - Eliassen.nl","og_description":"Bronzefarbene Marienstatue als Dekoration f\u00fcr Ihr Haus oder Ihren Garten. Eine gro\u00dfe Sammlung von HOLY IMAGES kann LIVE in unserem Ausstellungsraum besichtigt werden!","og_url":"https:\/\/www.eliassen.nl\/de\/maria-statue-mit-ausgebreiteten-armen-80-cm-bronzefarbe\/","og_site_name":"Eliassen.nl","article_publisher":"https:\/\/www.facebook.com\/TuincentrumEliassenAmmerzoden","article_modified_time":"2026-01-16T13:02:21+00:00","og_image":[{"width":510,"height":1000,"url":"https:\/\/www.eliassen.nl\/wp-content\/uploads\/2024\/01\/mijnproject53.png","type":"image\/png"}],"twitter_card":"summary_large_image","schema":{"@context":"https:\/\/schema.org","@graph":[{"@type":"WebPage","@id":"https:\/\/www.eliassen.nl\/de\/maria-statue-mit-ausgebreiteten-armen-80-cm-bronzefarbe\/","url":"https:\/\/www.eliassen.nl\/de\/maria-statue-mit-ausgebreiteten-armen-80-cm-bronzefarbe\/","name":"Bronzestatue von Maria mit ausgebreiteten Armen | 80cm | Eliassen.nl","isPartOf":{"@id":"https:\/\/www.eliassen.nl\/de\/#website"},"primaryImageOfPage":{"@id":"https:\/\/www.eliassen.nl\/de\/maria-statue-mit-ausgebreiteten-armen-80-cm-bronzefarbe\/#primaryimage"},"image":{"@id":"https:\/\/www.eliassen.nl\/de\/maria-statue-mit-ausgebreiteten-armen-80-cm-bronzefarbe\/#primaryimage"},"thumbnailUrl":"https:\/\/www.eliassen.nl\/wp-content\/uploads\/2024\/01\/mijnproject53.png","datePublished":"2021-10-08T09:41:43+00:00","dateModified":"2026-01-16T13:02:21+00:00","description":"Bronzefarbene Marienstatue als Dekoration f\u00fcr Ihr Haus oder Ihren Garten. Eine gro\u00dfe Sammlung von HOLY IMAGES kann LIVE in unserem Ausstellungsraum besichtigt werden!","breadcrumb":{"@id":"https:\/\/www.eliassen.nl\/de\/maria-statue-mit-ausgebreiteten-armen-80-cm-bronzefarbe\/#breadcrumb"},"inLanguage":"de","potentialAction":[{"@type":"ReadAction","target":["https:\/\/www.eliassen.nl\/de\/maria-statue-mit-ausgebreiteten-armen-80-cm-bronzefarbe\/"]}]},{"@type":"ImageObject","inLanguage":"de","@id":"https:\/\/www.eliassen.nl\/de\/maria-statue-mit-ausgebreiteten-armen-80-cm-bronzefarbe\/#primaryimage","url":"https:\/\/www.eliassen.nl\/wp-content\/uploads\/2024\/01\/mijnproject53.png","contentUrl":"https:\/\/www.eliassen.nl\/wp-content\/uploads\/2024\/01\/mijnproject53.png","width":510,"height":1000,"caption":"Mein Projekt (53)"},{"@type":"BreadcrumbList","@id":"https:\/\/www.eliassen.nl\/de\/maria-statue-mit-ausgebreiteten-armen-80-cm-bronzefarbe\/#breadcrumb","itemListElement":[{"@type":"ListItem","position":1,"name":"Home","item":"https:\/\/www.eliassen.nl\/de\/"},{"@type":"ListItem","position":2,"name":"Shop","item":"https:\/\/www.eliassen.nl\/de\/shop\/"},{"@type":"ListItem","position":3,"name":"Bilder","item":"https:\/\/www.eliassen.nl\/de\/bilder\/"},{"@type":"ListItem","position":4,"name":"Betonstatuen","item":"https:\/\/www.eliassen.nl\/de\/bilder\/betonstatuen\/"},{"@type":"ListItem","position":5,"name":"Engels- und Marienstatuen","item":"https:\/\/www.eliassen.nl\/de\/bilder\/betonstatuen\/engels-und-marienstatuen\/"},{"@type":"ListItem","position":6,"name":"Statue der Jungfrau mit ausgebreiteten Armen 80cm Farbe: Bronze"}]},{"@type":"WebSite","@id":"https:\/\/www.eliassen.nl\/de\/#website","url":"https:\/\/www.eliassen.nl\/de\/","name":"Eliassen Home & Garden Pleasure","description":"","publisher":{"@id":"https:\/\/www.eliassen.nl\/de\/#organization"},"alternateName":"Eliassen.nl","potentialAction":[{"@type":"SearchAction","target":{"@type":"EntryPoint","urlTemplate":"https:\/\/www.eliassen.nl\/de\/?s={search_term_string}"},"query-input":{"@type":"PropertyValueSpecification","valueRequired":true,"valueName":"search_term_string"}}],"inLanguage":"de"},{"@type":["Organization","Place"],"@id":"https:\/\/www.eliassen.nl\/de\/#organization","name":"Eliassen Home & Garden Pleasure","url":"https:\/\/www.eliassen.nl\/de\/","logo":{"@id":"https:\/\/www.eliassen.nl\/de\/maria-statue-mit-ausgebreiteten-armen-80-cm-bronzefarbe\/#local-main-organization-logo"},"image":{"@id":"https:\/\/www.eliassen.nl\/de\/maria-statue-mit-ausgebreiteten-armen-80-cm-bronzefarbe\/#local-main-organization-logo"},"sameAs":["https:\/\/www.facebook.com\/TuincentrumEliassenAmmerzoden","https:\/\/www.instagram.com\/eliassenhomeandgarden\/","https:\/\/nl.pinterest.com\/eliassenhomeandgarden\/","https:\/\/www.youtube.com\/@eliassenhomegardenpleasure4558"],"telephone":[],"openingHoursSpecification":[{"@type":"OpeningHoursSpecification","dayOfWeek":["Monday","Tuesday","Wednesday","Thursday","Friday","Saturday","Sunday"],"opens":"09:00","closes":"17:00"}]},{"@type":"ImageObject","inLanguage":"de","@id":"https:\/\/www.eliassen.nl\/de\/maria-statue-mit-ausgebreiteten-armen-80-cm-bronzefarbe\/#local-main-organization-logo","url":"https:\/\/www.eliassen.nl\/wp-content\/uploads\/2024\/01\/logo_4nd.jpg","contentUrl":"https:\/\/www.eliassen.nl\/wp-content\/uploads\/2024\/01\/logo_4nd.jpg","width":500,"height":500,"caption":"Eliassen Home & Garden Pleasure"}]},"product_price_amount":"105.00","product_price_currency":"EUR","og_availability":"instock","product_availability":"instock","product_retailer_item_id":"P1337brons","product_condition":"new"},"df_price":105,"df_sale_price":"","df_regular_price":105,"df_image_link":"https:\/\/www.eliassen.nl\/wp-content\/uploads\/2024\/01\/mijnproject53.png","image":"https:\/\/www.eliassen.nl\/wp-content\/uploads\/2024\/01\/mijnproject53.png","price_search":"<span class=\"woocommerce-Price-amount amount\"><bdi><span class=\"woocommerce-Price-currencySymbol\">&euro;<\/span>&nbsp;105,00<\/bdi><\/span>","category":"Betonstatuen","global_unique_id":"6096557576581","_links":{"self":[{"href":"https:\/\/www.eliassen.nl\/de\/wp-json\/wp\/v2\/product\/64144","targetHints":{"allow":["GET"]}}],"collection":[{"href":"https:\/\/www.eliassen.nl\/de\/wp-json\/wp\/v2\/product"}],"about":[{"href":"https:\/\/www.eliassen.nl\/de\/wp-json\/wp\/v2\/types\/product"}],"wp:featuredmedia":[{"embeddable":true,"href":"https:\/\/www.eliassen.nl\/de\/wp-json\/wp\/v2\/media\/64126"}],"wp:attachment":[{"href":"https:\/\/www.eliassen.nl\/de\/wp-json\/wp\/v2\/media?parent=64144"}],"wp:term":[{"taxonomy":"product_brand","embeddable":true,"href":"https:\/\/www.eliassen.nl\/de\/wp-json\/wp\/v2\/product_brand?post=64144"},{"taxonomy":"product_cat","embeddable":true,"href":"https:\/\/www.eliassen.nl\/de\/wp-json\/wp\/v2\/product_cat?post=64144"},{"taxonomy":"product_tag","embeddable":true,"href":"https:\/\/www.eliassen.nl\/de\/wp-json\/wp\/v2\/product_tag?post=64144"}],"curies":[{"name":"wp","href":"https:\/\/api.w.org\/{rel}","templated":true}]}}