{"id":64108,"date":"2021-10-07T12:01:29","date_gmt":"2021-10-07T12:01:29","guid":{"rendered":"https:\/\/www.eliassen.nl\/?product=glasbeeldje-eekhoorn-17cm"},"modified":"2026-03-06T13:58:25","modified_gmt":"2026-03-06T12:58:25","slug":"glasfigur-eichhornchen-17cm","status":"publish","type":"product","link":"https:\/\/www.eliassen.nl\/de\/glasfigur-eichhornchen-17cm\/","title":{"rendered":"Glasfigur Eichh\u00f6rnchen 17cm"},"content":{"rendered":"<p>Dieses einzigartige Deko-Objekt aus Glas in Form eines Eichh\u00f6rnchens ist ein wundersch\u00f6nes Dekorationsst\u00fcck f\u00fcr Ihr Zuhause oder zum Verschenken. Dieses Eichh\u00f6rnchen aus Glas wird auf die gleiche Weise hergestellt wie das jahrhundertealte und ber\u00fchmte Muranoglas aus Italien. Authentisch mundgeblasen aus verschiedenen, miteinander verschmolzenen Glasfarben.<\/p>\n<p>Da diese Glasdekoration handgefertigt ist, ist jedes St\u00fcck dieser Serie einzigartig in Form und Farbe. Daher kann Ihre Glasdekoration von der Abbildung abweichen.<\/p>\n<p>Sie k\u00f6nnen diese Serie von Glaskunst auch in unserem Shop ansehen.<\/p>\n<ul>\n<li>Handgefertigt, nach der alten Murano-Methode<\/li>\n<li>Aus massivem Glas<\/li>\n<li>Gr\u00f6\u00dfe: 17x7x12cm<\/li>\n<\/ul>\n","protected":false},"excerpt":{"rendered":"<p>Dieses einzigartige Deko-Objekt aus Glas in Form eines Eichh\u00f6rnchens ist ein wundersch\u00f6nes Dekorationsst\u00fcck f\u00fcr Ihr Zuhause oder zum Verschenken. Dieses Eichh\u00f6rnchen aus Glas wird auf die gleiche Weise hergestellt wie das jahrhundertealte und ber\u00fchmte Muranoglas aus Italien. Authentisch mundgeblasen aus verschiedenen, miteinander verschmolzenen Glasfarben. Da diese Glasdekoration handgefertigt ist, ist jedes St\u00fcck dieser Serie einzigartig &hellip;<\/p>\n","protected":false},"featured_media":64102,"template":"","meta":{"_acf_changed":false,"_genesis_title":"","_genesis_description":""},"product_brand":[7505],"product_cat":[800,824],"product_tag":[],"class_list":{"0":"post-64108","1":"product","2":"type-product","3":"status-publish","4":"has-post-thumbnail","6":"product_brand-sonstige","7":"product_cat-glaskunst","8":"product_cat-tierfiguren-aus-glas","10":"first","11":"instock","12":"taxable","13":"shipping-taxable","14":"purchasable","15":"product-type-simple"},"acf":[],"meta_all":{"total_sales":"1","wcml_sync_hash":{"postmeta_fields":"41c37f0f54cb8bbb71e4624e1ef9fbbb"},"attr_label_translations":[],"cor_restricted_countries":[]},"meta_all_flat":{"total_sales":"1","wcml_sync_hash.postmeta_fields":"41c37f0f54cb8bbb71e4624e1ef9fbbb"},"yoast_head":"<!-- This site is optimized with the Yoast SEO Premium plugin v26.2 (Yoast SEO v27.2) - https:\/\/yoast.com\/product\/yoast-seo-premium-wordpress\/ -->\n<title>Glasfigur Eichh\u00f6rnchen 17cm<\/title>\n<meta name=\"description\" content=\"Glash\u00f6rnchen kaufen? Gro\u00dfe Sammlung von Glaskunst bei Eliassen zu verkaufen. Gro\u00dfer Ausstellungsraum. Schnelle Lieferung.\" \/>\n<meta name=\"robots\" content=\"index, follow, max-snippet:-1, max-image-preview:large, max-video-preview:-1\" \/>\n<link rel=\"canonical\" href=\"https:\/\/www.eliassen.nl\/de\/glasfigur-eichhornchen-17cm\/\" \/>\n<meta property=\"og:locale\" content=\"de_DE\" \/>\n<meta property=\"og:type\" content=\"article\" \/>\n<meta property=\"og:title\" content=\"Sonstige Glasfigur Eichh\u00f6rnchen 17cm - Eliassen.nl\" \/>\n<meta property=\"og:description\" content=\"Glash\u00f6rnchen kaufen? Gro\u00dfe Sammlung von Glaskunst bei Eliassen zu verkaufen. Gro\u00dfer Ausstellungsraum. Schnelle Lieferung.\" \/>\n<meta property=\"og:url\" content=\"https:\/\/www.eliassen.nl\/de\/glasfigur-eichhornchen-17cm\/\" \/>\n<meta property=\"og:site_name\" content=\"Eliassen.nl\" \/>\n<meta property=\"article:publisher\" content=\"https:\/\/www.facebook.com\/TuincentrumEliassenAmmerzoden\" \/>\n<meta property=\"article:modified_time\" content=\"2026-03-06T12:58:25+00:00\" \/>\n<meta property=\"og:image\" content=\"https:\/\/www.eliassen.nl\/wp-content\/uploads\/2024\/01\/mg127560x560.jpg\" \/>\n\t<meta property=\"og:image:width\" content=\"560\" \/>\n\t<meta property=\"og:image:height\" content=\"560\" \/>\n\t<meta property=\"og:image:type\" content=\"image\/jpeg\" \/>\n<meta name=\"twitter:card\" content=\"summary_large_image\" \/>\n<script type=\"application\/ld+json\" class=\"yoast-schema-graph\">{\"@context\":\"https:\/\/schema.org\",\"@graph\":[{\"@type\":\"WebPage\",\"@id\":\"https:\/\/www.eliassen.nl\/de\/glasfigur-eichhornchen-17cm\/\",\"url\":\"https:\/\/www.eliassen.nl\/de\/glasfigur-eichhornchen-17cm\/\",\"name\":\"Glasfigur Eichh\u00f6rnchen 17cm\",\"isPartOf\":{\"@id\":\"https:\/\/www.eliassen.nl\/de\/#website\"},\"primaryImageOfPage\":{\"@id\":\"https:\/\/www.eliassen.nl\/de\/glasfigur-eichhornchen-17cm\/#primaryimage\"},\"image\":{\"@id\":\"https:\/\/www.eliassen.nl\/de\/glasfigur-eichhornchen-17cm\/#primaryimage\"},\"thumbnailUrl\":\"https:\/\/www.eliassen.nl\/wp-content\/uploads\/2024\/01\/mg127560x560.jpg\",\"datePublished\":\"2021-10-07T12:01:29+00:00\",\"dateModified\":\"2026-03-06T12:58:25+00:00\",\"description\":\"Glash\u00f6rnchen kaufen? Gro\u00dfe Sammlung von Glaskunst bei Eliassen zu verkaufen. Gro\u00dfer Ausstellungsraum. Schnelle Lieferung.\",\"breadcrumb\":{\"@id\":\"https:\/\/www.eliassen.nl\/de\/glasfigur-eichhornchen-17cm\/#breadcrumb\"},\"inLanguage\":\"de\",\"potentialAction\":[{\"@type\":\"ReadAction\",\"target\":[\"https:\/\/www.eliassen.nl\/de\/glasfigur-eichhornchen-17cm\/\"]}]},{\"@type\":\"ImageObject\",\"inLanguage\":\"de\",\"@id\":\"https:\/\/www.eliassen.nl\/de\/glasfigur-eichhornchen-17cm\/#primaryimage\",\"url\":\"https:\/\/www.eliassen.nl\/wp-content\/uploads\/2024\/01\/mg127560x560.jpg\",\"contentUrl\":\"https:\/\/www.eliassen.nl\/wp-content\/uploads\/2024\/01\/mg127560x560.jpg\",\"width\":560,\"height\":560,\"caption\":\"MG-127!560x560\"},{\"@type\":\"BreadcrumbList\",\"@id\":\"https:\/\/www.eliassen.nl\/de\/glasfigur-eichhornchen-17cm\/#breadcrumb\",\"itemListElement\":[{\"@type\":\"ListItem\",\"position\":1,\"name\":\"Home\",\"item\":\"https:\/\/www.eliassen.nl\/de\/\"},{\"@type\":\"ListItem\",\"position\":2,\"name\":\"Shop\",\"item\":\"https:\/\/www.eliassen.nl\/de\/shop\/\"},{\"@type\":\"ListItem\",\"position\":3,\"name\":\"Glaskunst\",\"item\":\"https:\/\/www.eliassen.nl\/de\/glaskunst\/\"},{\"@type\":\"ListItem\",\"position\":4,\"name\":\"Tierfiguren aus Glas\",\"item\":\"https:\/\/www.eliassen.nl\/de\/glaskunst\/tierfiguren-aus-glas\/\"},{\"@type\":\"ListItem\",\"position\":5,\"name\":\"Glasfigur Eichh\u00f6rnchen 17cm\"}]},{\"@type\":\"WebSite\",\"@id\":\"https:\/\/www.eliassen.nl\/de\/#website\",\"url\":\"https:\/\/www.eliassen.nl\/de\/\",\"name\":\"Eliassen Home & Garden Pleasure\",\"description\":\"\",\"publisher\":{\"@id\":\"https:\/\/www.eliassen.nl\/de\/#organization\"},\"alternateName\":\"Eliassen.nl\",\"potentialAction\":[{\"@type\":\"SearchAction\",\"target\":{\"@type\":\"EntryPoint\",\"urlTemplate\":\"https:\/\/www.eliassen.nl\/de\/?s={search_term_string}\"},\"query-input\":{\"@type\":\"PropertyValueSpecification\",\"valueRequired\":true,\"valueName\":\"search_term_string\"}}],\"inLanguage\":\"de\"},{\"@type\":[\"Organization\",\"Place\"],\"@id\":\"https:\/\/www.eliassen.nl\/de\/#organization\",\"name\":\"Eliassen Home & Garden Pleasure\",\"url\":\"https:\/\/www.eliassen.nl\/de\/\",\"logo\":{\"@id\":\"https:\/\/www.eliassen.nl\/de\/glasfigur-eichhornchen-17cm\/#local-main-organization-logo\"},\"image\":{\"@id\":\"https:\/\/www.eliassen.nl\/de\/glasfigur-eichhornchen-17cm\/#local-main-organization-logo\"},\"sameAs\":[\"https:\/\/www.facebook.com\/TuincentrumEliassenAmmerzoden\",\"https:\/\/www.instagram.com\/eliassenhomeandgarden\/\",\"https:\/\/nl.pinterest.com\/eliassenhomeandgarden\/\",\"https:\/\/www.youtube.com\/@eliassenhomegardenpleasure4558\"],\"telephone\":[],\"openingHoursSpecification\":[{\"@type\":\"OpeningHoursSpecification\",\"dayOfWeek\":[\"Monday\",\"Tuesday\",\"Wednesday\",\"Thursday\",\"Friday\",\"Saturday\",\"Sunday\"],\"opens\":\"09:00\",\"closes\":\"17:00\"}]},{\"@type\":\"ImageObject\",\"inLanguage\":\"de\",\"@id\":\"https:\/\/www.eliassen.nl\/de\/glasfigur-eichhornchen-17cm\/#local-main-organization-logo\",\"url\":\"https:\/\/www.eliassen.nl\/wp-content\/uploads\/2024\/01\/logo_4nd.jpg\",\"contentUrl\":\"https:\/\/www.eliassen.nl\/wp-content\/uploads\/2024\/01\/logo_4nd.jpg\",\"width\":500,\"height\":500,\"caption\":\"Eliassen Home & Garden Pleasure\"}]}<\/script>\n<meta property=\"product:price:amount\" content=\"31.50\" \/>\n<meta property=\"product:price:currency\" content=\"EUR\" \/>\n<meta property=\"og:availability\" content=\"instock\" \/>\n<meta property=\"product:availability\" content=\"instock\" \/>\n<meta property=\"product:retailer_item_id\" content=\"Mg-127\" \/>\n<meta property=\"product:condition\" content=\"new\" \/>\n<!-- \/ Yoast SEO Premium plugin. -->","yoast_head_json":{"title":"Glasfigur Eichh\u00f6rnchen 17cm","description":"Glash\u00f6rnchen kaufen? Gro\u00dfe Sammlung von Glaskunst bei Eliassen zu verkaufen. Gro\u00dfer Ausstellungsraum. Schnelle Lieferung.","robots":{"index":"index","follow":"follow","max-snippet":"max-snippet:-1","max-image-preview":"max-image-preview:large","max-video-preview":"max-video-preview:-1"},"canonical":"https:\/\/www.eliassen.nl\/de\/glasfigur-eichhornchen-17cm\/","og_locale":"de_DE","og_type":"article","og_title":"Sonstige Glasfigur Eichh\u00f6rnchen 17cm - Eliassen.nl","og_description":"Glash\u00f6rnchen kaufen? Gro\u00dfe Sammlung von Glaskunst bei Eliassen zu verkaufen. Gro\u00dfer Ausstellungsraum. Schnelle Lieferung.","og_url":"https:\/\/www.eliassen.nl\/de\/glasfigur-eichhornchen-17cm\/","og_site_name":"Eliassen.nl","article_publisher":"https:\/\/www.facebook.com\/TuincentrumEliassenAmmerzoden","article_modified_time":"2026-03-06T12:58:25+00:00","og_image":[{"width":560,"height":560,"url":"https:\/\/www.eliassen.nl\/wp-content\/uploads\/2024\/01\/mg127560x560.jpg","type":"image\/jpeg"}],"twitter_card":"summary_large_image","schema":{"@context":"https:\/\/schema.org","@graph":[{"@type":"WebPage","@id":"https:\/\/www.eliassen.nl\/de\/glasfigur-eichhornchen-17cm\/","url":"https:\/\/www.eliassen.nl\/de\/glasfigur-eichhornchen-17cm\/","name":"Glasfigur Eichh\u00f6rnchen 17cm","isPartOf":{"@id":"https:\/\/www.eliassen.nl\/de\/#website"},"primaryImageOfPage":{"@id":"https:\/\/www.eliassen.nl\/de\/glasfigur-eichhornchen-17cm\/#primaryimage"},"image":{"@id":"https:\/\/www.eliassen.nl\/de\/glasfigur-eichhornchen-17cm\/#primaryimage"},"thumbnailUrl":"https:\/\/www.eliassen.nl\/wp-content\/uploads\/2024\/01\/mg127560x560.jpg","datePublished":"2021-10-07T12:01:29+00:00","dateModified":"2026-03-06T12:58:25+00:00","description":"Glash\u00f6rnchen kaufen? Gro\u00dfe Sammlung von Glaskunst bei Eliassen zu verkaufen. Gro\u00dfer Ausstellungsraum. Schnelle Lieferung.","breadcrumb":{"@id":"https:\/\/www.eliassen.nl\/de\/glasfigur-eichhornchen-17cm\/#breadcrumb"},"inLanguage":"de","potentialAction":[{"@type":"ReadAction","target":["https:\/\/www.eliassen.nl\/de\/glasfigur-eichhornchen-17cm\/"]}]},{"@type":"ImageObject","inLanguage":"de","@id":"https:\/\/www.eliassen.nl\/de\/glasfigur-eichhornchen-17cm\/#primaryimage","url":"https:\/\/www.eliassen.nl\/wp-content\/uploads\/2024\/01\/mg127560x560.jpg","contentUrl":"https:\/\/www.eliassen.nl\/wp-content\/uploads\/2024\/01\/mg127560x560.jpg","width":560,"height":560,"caption":"MG-127!560x560"},{"@type":"BreadcrumbList","@id":"https:\/\/www.eliassen.nl\/de\/glasfigur-eichhornchen-17cm\/#breadcrumb","itemListElement":[{"@type":"ListItem","position":1,"name":"Home","item":"https:\/\/www.eliassen.nl\/de\/"},{"@type":"ListItem","position":2,"name":"Shop","item":"https:\/\/www.eliassen.nl\/de\/shop\/"},{"@type":"ListItem","position":3,"name":"Glaskunst","item":"https:\/\/www.eliassen.nl\/de\/glaskunst\/"},{"@type":"ListItem","position":4,"name":"Tierfiguren aus Glas","item":"https:\/\/www.eliassen.nl\/de\/glaskunst\/tierfiguren-aus-glas\/"},{"@type":"ListItem","position":5,"name":"Glasfigur Eichh\u00f6rnchen 17cm"}]},{"@type":"WebSite","@id":"https:\/\/www.eliassen.nl\/de\/#website","url":"https:\/\/www.eliassen.nl\/de\/","name":"Eliassen Home & Garden Pleasure","description":"","publisher":{"@id":"https:\/\/www.eliassen.nl\/de\/#organization"},"alternateName":"Eliassen.nl","potentialAction":[{"@type":"SearchAction","target":{"@type":"EntryPoint","urlTemplate":"https:\/\/www.eliassen.nl\/de\/?s={search_term_string}"},"query-input":{"@type":"PropertyValueSpecification","valueRequired":true,"valueName":"search_term_string"}}],"inLanguage":"de"},{"@type":["Organization","Place"],"@id":"https:\/\/www.eliassen.nl\/de\/#organization","name":"Eliassen Home & Garden Pleasure","url":"https:\/\/www.eliassen.nl\/de\/","logo":{"@id":"https:\/\/www.eliassen.nl\/de\/glasfigur-eichhornchen-17cm\/#local-main-organization-logo"},"image":{"@id":"https:\/\/www.eliassen.nl\/de\/glasfigur-eichhornchen-17cm\/#local-main-organization-logo"},"sameAs":["https:\/\/www.facebook.com\/TuincentrumEliassenAmmerzoden","https:\/\/www.instagram.com\/eliassenhomeandgarden\/","https:\/\/nl.pinterest.com\/eliassenhomeandgarden\/","https:\/\/www.youtube.com\/@eliassenhomegardenpleasure4558"],"telephone":[],"openingHoursSpecification":[{"@type":"OpeningHoursSpecification","dayOfWeek":["Monday","Tuesday","Wednesday","Thursday","Friday","Saturday","Sunday"],"opens":"09:00","closes":"17:00"}]},{"@type":"ImageObject","inLanguage":"de","@id":"https:\/\/www.eliassen.nl\/de\/glasfigur-eichhornchen-17cm\/#local-main-organization-logo","url":"https:\/\/www.eliassen.nl\/wp-content\/uploads\/2024\/01\/logo_4nd.jpg","contentUrl":"https:\/\/www.eliassen.nl\/wp-content\/uploads\/2024\/01\/logo_4nd.jpg","width":500,"height":500,"caption":"Eliassen Home & Garden Pleasure"}]},"product_price_amount":"31.50","product_price_currency":"EUR","og_availability":"instock","product_availability":"instock","product_retailer_item_id":"Mg-127","product_condition":"new"},"df_price":31.5,"df_sale_price":"","df_regular_price":31.5,"df_image_link":"https:\/\/www.eliassen.nl\/wp-content\/uploads\/2024\/01\/mg127560x560.jpg","image":"https:\/\/www.eliassen.nl\/wp-content\/uploads\/2024\/01\/mg127560x560.jpg","price_search":"<span class=\"woocommerce-Price-amount amount\"><bdi><span class=\"woocommerce-Price-currencySymbol\">&euro;<\/span>&nbsp;31,50<\/bdi><\/span>","category":"Glaskunst","global_unique_id":"9504559794430","_links":{"self":[{"href":"https:\/\/www.eliassen.nl\/de\/wp-json\/wp\/v2\/product\/64108","targetHints":{"allow":["GET"]}}],"collection":[{"href":"https:\/\/www.eliassen.nl\/de\/wp-json\/wp\/v2\/product"}],"about":[{"href":"https:\/\/www.eliassen.nl\/de\/wp-json\/wp\/v2\/types\/product"}],"wp:featuredmedia":[{"embeddable":true,"href":"https:\/\/www.eliassen.nl\/de\/wp-json\/wp\/v2\/media\/64102"}],"wp:attachment":[{"href":"https:\/\/www.eliassen.nl\/de\/wp-json\/wp\/v2\/media?parent=64108"}],"wp:term":[{"taxonomy":"product_brand","embeddable":true,"href":"https:\/\/www.eliassen.nl\/de\/wp-json\/wp\/v2\/product_brand?post=64108"},{"taxonomy":"product_cat","embeddable":true,"href":"https:\/\/www.eliassen.nl\/de\/wp-json\/wp\/v2\/product_cat?post=64108"},{"taxonomy":"product_tag","embeddable":true,"href":"https:\/\/www.eliassen.nl\/de\/wp-json\/wp\/v2\/product_tag?post=64108"}],"curies":[{"name":"wp","href":"https:\/\/api.w.org\/{rel}","templated":true}]}}