{"id":59551,"date":"2021-09-15T12:08:04","date_gmt":"2021-09-15T12:08:04","guid":{"rendered":"https:\/\/www.eliassen.nl\/?product=adezz-u-sokkel-cortenstaal-vierkant-40x40x100cm"},"modified":"2026-02-23T17:17:27","modified_gmt":"2026-02-23T16:17:27","slug":"adezz-u-sockel-cortenstahl-quadrat-40x40x100cm","status":"publish","type":"product","link":"https:\/\/www.eliassen.nl\/de\/adezz-u-sockel-cortenstahl-quadrat-40x40x100cm\/","title":{"rendered":"Adezz U-Podest Cortenstahl Quadrat 40x40x100cm"},"content":{"rendered":"<p><a href=\"https:\/\/cdn.adezz.com\/production\/ERP_handleidingen\/Productmodellen\/239\/460\/ADEZZ%20Zuilen_NL.pdf\"><strong><u>Handbuch<\/u><\/strong><\/a><strong> <u>|<\/u> <a href=\"https:\/\/cdn.adezz.com\/production\/ERP_handleidingen\/Producten\/1469\/408\/CKU6_Sheet%201.PDF\"><u>Skizze<\/u><\/a><\/strong><\/p>\n<p><strong><a href=\"https:\/\/www.youtube.com\/watch?v=zdflGbngZCM\" target=\"_blank\" rel=\"noopener\"><img decoding=\"async\" src=\"https:\/\/www.eliassen.nl\/wp-content\/uploads\/content\/youtube-play.png\" alt=\"\" width=\"27\" height=\"27\"><\/a><\/strong><strong><a href=\"https:\/\/www.youtube.com\/watch?v=zdflGbngZCM\" target=\"_blank\" rel=\"noopener\">Seien Sie<\/a><\/strong><strong><a href=\"https:\/\/www.youtube.com\/watch?v=zdflGbngZCM\" target=\"_blank\" rel=\"noopener\">Video ansehen<\/a><\/strong><\/p>\n<p>Massive Sockel in U-Form aus 2 mm dickem Cortenstahl. Diese Serie von Sockeln kann 150 kg tragen und eignet sich daher f\u00fcr Bronzestatuen, Sonnenuhren sowie T\u00f6pfe und Steinstatuen. Auch sch\u00f6n mit einer Feuerschale oben drauf, dann k\u00f6nnen Sie die S\u00e4ule als Holzlager verwenden.<\/p>\n<p>Cortenstahl ist eine starke und witterungsbest\u00e4ndige Stahlsorte, die die Eigenschaft hat, sich mit einer sch\u00fctzenden Rostschicht zu \u00fcberziehen, wenn sie der Au\u00dfenwelt ausgesetzt wird. Diese nat\u00fcrlich feste Rostschicht bildet den Schutz gegen weitere Korrosion, ein Durchrosten ist unm\u00f6glich.<\/p>\n<ul>\n<li>Material: Cortenstahl 2 mm<\/li>\n<li>5 Jahre Garantie<\/li>\n<li>Kostenloser Versand innerhalb der Niederlande<\/li>\n<\/ul>\n<p>Kommen Sie vorbei und sehen Sie sich einen Gro\u00dfteil unserer Kollektion <strong>live<\/strong> in unserem Ausstellungsraum an!<\/p>\n<p>Haben Sie eine Frage zu diesem Produkt? <a href=\"mailto:info@eliassen.nl\">Mailen Sie<\/a> uns und stellen Sie Ihre Frage.<\/p>\n","protected":false},"excerpt":{"rendered":"<p>Rufen Sie uns an oder schicken Sie uns eine E-Mail f\u00fcr den besten Preis!<\/p>\n","protected":false},"featured_media":177018,"template":"","meta":{"_acf_changed":false,"_genesis_title":"","_genesis_description":""},"product_brand":[6920],"product_cat":[773,797,782],"product_tag":[],"class_list":{"0":"post-59551","1":"product","2":"type-product","3":"status-publish","4":"has-post-thumbnail","6":"product_brand-adezz-de","7":"product_cat-adezz-produkte","8":"product_cat-metallsockel","9":"product_cat-sockel","10":"product_shipping_class-adezz-de","12":"first","13":"onbackorder","14":"taxable","15":"shipping-taxable","16":"purchasable","17":"product-type-simple"},"acf":[],"meta_all":{"total_sales":"0","wcml_sync_hash":{"postmeta_fields":"68656455325cbe2017031ff9d68e7928"},"attr_label_translations":[],"cor_restricted_countries":[]},"meta_all_flat":{"total_sales":"0","wcml_sync_hash.postmeta_fields":"68656455325cbe2017031ff9d68e7928"},"yoast_head":"<!-- This site is optimized with the Yoast SEO Premium plugin v26.2 (Yoast SEO v27.2) - https:\/\/yoast.com\/product\/yoast-seo-premium-wordpress\/ -->\n<title>Adezz U-Podest Cortenstahl Quadrat 40x40x100cm<\/title>\n<meta name=\"robots\" content=\"index, follow, max-snippet:-1, max-image-preview:large, max-video-preview:-1\" \/>\n<link rel=\"canonical\" href=\"https:\/\/www.eliassen.nl\/de\/adezz-u-sockel-cortenstahl-quadrat-40x40x100cm\/\" \/>\n<meta property=\"og:locale\" content=\"de_DE\" \/>\n<meta property=\"og:type\" content=\"article\" \/>\n<meta property=\"og:title\" content=\"Adezz Adezz U-Podest Cortenstahl Quadrat 40x40x100cm - Eliassen.nl\" \/>\n<meta property=\"og:description\" content=\"Rufen Sie uns an oder schicken Sie uns eine E-Mail f\u00fcr den besten Preis!\" \/>\n<meta property=\"og:url\" content=\"https:\/\/www.eliassen.nl\/de\/adezz-u-sockel-cortenstahl-quadrat-40x40x100cm\/\" \/>\n<meta property=\"og:site_name\" content=\"Eliassen.nl\" \/>\n<meta property=\"article:publisher\" content=\"https:\/\/www.facebook.com\/TuincentrumEliassenAmmerzoden\" \/>\n<meta property=\"article:modified_time\" content=\"2026-02-23T16:17:27+00:00\" \/>\n<meta property=\"og:image\" content=\"https:\/\/www.eliassen.nl\/wp-content\/uploads\/2021\/09\/Adezz-U-Sokkel-Cortenstaal-Vierkant-40x40x100cm-eliassen.nl_.webp\" \/>\n\t<meta property=\"og:image:width\" content=\"699\" \/>\n\t<meta property=\"og:image:height\" content=\"699\" \/>\n\t<meta property=\"og:image:type\" content=\"image\/webp\" \/>\n<meta name=\"twitter:card\" content=\"summary_large_image\" \/>\n<script type=\"application\/ld+json\" class=\"yoast-schema-graph\">{\"@context\":\"https:\/\/schema.org\",\"@graph\":[{\"@type\":\"WebPage\",\"@id\":\"https:\/\/www.eliassen.nl\/de\/adezz-u-sockel-cortenstahl-quadrat-40x40x100cm\/\",\"url\":\"https:\/\/www.eliassen.nl\/de\/adezz-u-sockel-cortenstahl-quadrat-40x40x100cm\/\",\"name\":\"Adezz U-Podest Cortenstahl Quadrat 40x40x100cm\",\"isPartOf\":{\"@id\":\"https:\/\/www.eliassen.nl\/de\/#website\"},\"primaryImageOfPage\":{\"@id\":\"https:\/\/www.eliassen.nl\/de\/adezz-u-sockel-cortenstahl-quadrat-40x40x100cm\/#primaryimage\"},\"image\":{\"@id\":\"https:\/\/www.eliassen.nl\/de\/adezz-u-sockel-cortenstahl-quadrat-40x40x100cm\/#primaryimage\"},\"thumbnailUrl\":\"https:\/\/www.eliassen.nl\/wp-content\/uploads\/2021\/09\/Adezz-U-Sokkel-Cortenstaal-Vierkant-40x40x100cm-eliassen.nl_.webp\",\"datePublished\":\"2021-09-15T12:08:04+00:00\",\"dateModified\":\"2026-02-23T16:17:27+00:00\",\"breadcrumb\":{\"@id\":\"https:\/\/www.eliassen.nl\/de\/adezz-u-sockel-cortenstahl-quadrat-40x40x100cm\/#breadcrumb\"},\"inLanguage\":\"de\",\"potentialAction\":[{\"@type\":\"ReadAction\",\"target\":[\"https:\/\/www.eliassen.nl\/de\/adezz-u-sockel-cortenstahl-quadrat-40x40x100cm\/\"]}]},{\"@type\":\"ImageObject\",\"inLanguage\":\"de\",\"@id\":\"https:\/\/www.eliassen.nl\/de\/adezz-u-sockel-cortenstahl-quadrat-40x40x100cm\/#primaryimage\",\"url\":\"https:\/\/www.eliassen.nl\/wp-content\/uploads\/2021\/09\/Adezz-U-Sokkel-Cortenstaal-Vierkant-40x40x100cm-eliassen.nl_.webp\",\"contentUrl\":\"https:\/\/www.eliassen.nl\/wp-content\/uploads\/2021\/09\/Adezz-U-Sokkel-Cortenstaal-Vierkant-40x40x100cm-eliassen.nl_.webp\",\"width\":699,\"height\":699,\"caption\":\"Adezz U-Podest Cortenstahl Quadrat 40x40x100cm eliassen.nl\"},{\"@type\":\"BreadcrumbList\",\"@id\":\"https:\/\/www.eliassen.nl\/de\/adezz-u-sockel-cortenstahl-quadrat-40x40x100cm\/#breadcrumb\",\"itemListElement\":[{\"@type\":\"ListItem\",\"position\":1,\"name\":\"Home\",\"item\":\"https:\/\/www.eliassen.nl\/de\/\"},{\"@type\":\"ListItem\",\"position\":2,\"name\":\"Shop\",\"item\":\"https:\/\/www.eliassen.nl\/de\/shop\/\"},{\"@type\":\"ListItem\",\"position\":3,\"name\":\"Sockel\",\"item\":\"https:\/\/www.eliassen.nl\/de\/sockel\/\"},{\"@type\":\"ListItem\",\"position\":4,\"name\":\"Metallsockel\",\"item\":\"https:\/\/www.eliassen.nl\/de\/sockel\/metallsockel\/\"},{\"@type\":\"ListItem\",\"position\":5,\"name\":\"Adezz U-Podest Cortenstahl Quadrat 40x40x100cm\"}]},{\"@type\":\"WebSite\",\"@id\":\"https:\/\/www.eliassen.nl\/de\/#website\",\"url\":\"https:\/\/www.eliassen.nl\/de\/\",\"name\":\"Eliassen Home & Garden Pleasure\",\"description\":\"\",\"publisher\":{\"@id\":\"https:\/\/www.eliassen.nl\/de\/#organization\"},\"alternateName\":\"Eliassen.nl\",\"potentialAction\":[{\"@type\":\"SearchAction\",\"target\":{\"@type\":\"EntryPoint\",\"urlTemplate\":\"https:\/\/www.eliassen.nl\/de\/?s={search_term_string}\"},\"query-input\":{\"@type\":\"PropertyValueSpecification\",\"valueRequired\":true,\"valueName\":\"search_term_string\"}}],\"inLanguage\":\"de\"},{\"@type\":[\"Organization\",\"Place\"],\"@id\":\"https:\/\/www.eliassen.nl\/de\/#organization\",\"name\":\"Eliassen Home & Garden Pleasure\",\"url\":\"https:\/\/www.eliassen.nl\/de\/\",\"logo\":{\"@id\":\"https:\/\/www.eliassen.nl\/de\/adezz-u-sockel-cortenstahl-quadrat-40x40x100cm\/#local-main-organization-logo\"},\"image\":{\"@id\":\"https:\/\/www.eliassen.nl\/de\/adezz-u-sockel-cortenstahl-quadrat-40x40x100cm\/#local-main-organization-logo\"},\"sameAs\":[\"https:\/\/www.facebook.com\/TuincentrumEliassenAmmerzoden\",\"https:\/\/www.instagram.com\/eliassenhomeandgarden\/\",\"https:\/\/nl.pinterest.com\/eliassenhomeandgarden\/\",\"https:\/\/www.youtube.com\/@eliassenhomegardenpleasure4558\"],\"telephone\":[],\"openingHoursSpecification\":[{\"@type\":\"OpeningHoursSpecification\",\"dayOfWeek\":[\"Monday\",\"Tuesday\",\"Wednesday\",\"Thursday\",\"Friday\",\"Saturday\",\"Sunday\"],\"opens\":\"09:00\",\"closes\":\"17:00\"}]},{\"@type\":\"ImageObject\",\"inLanguage\":\"de\",\"@id\":\"https:\/\/www.eliassen.nl\/de\/adezz-u-sockel-cortenstahl-quadrat-40x40x100cm\/#local-main-organization-logo\",\"url\":\"https:\/\/www.eliassen.nl\/wp-content\/uploads\/2024\/01\/logo_4nd.jpg\",\"contentUrl\":\"https:\/\/www.eliassen.nl\/wp-content\/uploads\/2024\/01\/logo_4nd.jpg\",\"width\":500,\"height\":500,\"caption\":\"Eliassen Home & Garden Pleasure\"}]}<\/script>\n<meta property=\"product:price:amount\" content=\"335.00\" \/>\n<meta property=\"product:price:currency\" content=\"EUR\" \/>\n<meta property=\"og:availability\" content=\"backorder\" \/>\n<meta property=\"product:availability\" content=\"available for order\" \/>\n<meta property=\"product:retailer_item_id\" content=\"Cku6\" \/>\n<meta property=\"product:condition\" content=\"new\" \/>\n<!-- \/ Yoast SEO Premium plugin. -->","yoast_head_json":{"title":"Adezz U-Podest Cortenstahl Quadrat 40x40x100cm","robots":{"index":"index","follow":"follow","max-snippet":"max-snippet:-1","max-image-preview":"max-image-preview:large","max-video-preview":"max-video-preview:-1"},"canonical":"https:\/\/www.eliassen.nl\/de\/adezz-u-sockel-cortenstahl-quadrat-40x40x100cm\/","og_locale":"de_DE","og_type":"article","og_title":"Adezz Adezz U-Podest Cortenstahl Quadrat 40x40x100cm - Eliassen.nl","og_description":"Rufen Sie uns an oder schicken Sie uns eine E-Mail f\u00fcr den besten Preis!","og_url":"https:\/\/www.eliassen.nl\/de\/adezz-u-sockel-cortenstahl-quadrat-40x40x100cm\/","og_site_name":"Eliassen.nl","article_publisher":"https:\/\/www.facebook.com\/TuincentrumEliassenAmmerzoden","article_modified_time":"2026-02-23T16:17:27+00:00","og_image":[{"width":699,"height":699,"url":"https:\/\/www.eliassen.nl\/wp-content\/uploads\/2021\/09\/Adezz-U-Sokkel-Cortenstaal-Vierkant-40x40x100cm-eliassen.nl_.webp","type":"image\/webp"}],"twitter_card":"summary_large_image","schema":{"@context":"https:\/\/schema.org","@graph":[{"@type":"WebPage","@id":"https:\/\/www.eliassen.nl\/de\/adezz-u-sockel-cortenstahl-quadrat-40x40x100cm\/","url":"https:\/\/www.eliassen.nl\/de\/adezz-u-sockel-cortenstahl-quadrat-40x40x100cm\/","name":"Adezz U-Podest Cortenstahl Quadrat 40x40x100cm","isPartOf":{"@id":"https:\/\/www.eliassen.nl\/de\/#website"},"primaryImageOfPage":{"@id":"https:\/\/www.eliassen.nl\/de\/adezz-u-sockel-cortenstahl-quadrat-40x40x100cm\/#primaryimage"},"image":{"@id":"https:\/\/www.eliassen.nl\/de\/adezz-u-sockel-cortenstahl-quadrat-40x40x100cm\/#primaryimage"},"thumbnailUrl":"https:\/\/www.eliassen.nl\/wp-content\/uploads\/2021\/09\/Adezz-U-Sokkel-Cortenstaal-Vierkant-40x40x100cm-eliassen.nl_.webp","datePublished":"2021-09-15T12:08:04+00:00","dateModified":"2026-02-23T16:17:27+00:00","breadcrumb":{"@id":"https:\/\/www.eliassen.nl\/de\/adezz-u-sockel-cortenstahl-quadrat-40x40x100cm\/#breadcrumb"},"inLanguage":"de","potentialAction":[{"@type":"ReadAction","target":["https:\/\/www.eliassen.nl\/de\/adezz-u-sockel-cortenstahl-quadrat-40x40x100cm\/"]}]},{"@type":"ImageObject","inLanguage":"de","@id":"https:\/\/www.eliassen.nl\/de\/adezz-u-sockel-cortenstahl-quadrat-40x40x100cm\/#primaryimage","url":"https:\/\/www.eliassen.nl\/wp-content\/uploads\/2021\/09\/Adezz-U-Sokkel-Cortenstaal-Vierkant-40x40x100cm-eliassen.nl_.webp","contentUrl":"https:\/\/www.eliassen.nl\/wp-content\/uploads\/2021\/09\/Adezz-U-Sokkel-Cortenstaal-Vierkant-40x40x100cm-eliassen.nl_.webp","width":699,"height":699,"caption":"Adezz U-Podest Cortenstahl Quadrat 40x40x100cm eliassen.nl"},{"@type":"BreadcrumbList","@id":"https:\/\/www.eliassen.nl\/de\/adezz-u-sockel-cortenstahl-quadrat-40x40x100cm\/#breadcrumb","itemListElement":[{"@type":"ListItem","position":1,"name":"Home","item":"https:\/\/www.eliassen.nl\/de\/"},{"@type":"ListItem","position":2,"name":"Shop","item":"https:\/\/www.eliassen.nl\/de\/shop\/"},{"@type":"ListItem","position":3,"name":"Sockel","item":"https:\/\/www.eliassen.nl\/de\/sockel\/"},{"@type":"ListItem","position":4,"name":"Metallsockel","item":"https:\/\/www.eliassen.nl\/de\/sockel\/metallsockel\/"},{"@type":"ListItem","position":5,"name":"Adezz U-Podest Cortenstahl Quadrat 40x40x100cm"}]},{"@type":"WebSite","@id":"https:\/\/www.eliassen.nl\/de\/#website","url":"https:\/\/www.eliassen.nl\/de\/","name":"Eliassen Home & Garden Pleasure","description":"","publisher":{"@id":"https:\/\/www.eliassen.nl\/de\/#organization"},"alternateName":"Eliassen.nl","potentialAction":[{"@type":"SearchAction","target":{"@type":"EntryPoint","urlTemplate":"https:\/\/www.eliassen.nl\/de\/?s={search_term_string}"},"query-input":{"@type":"PropertyValueSpecification","valueRequired":true,"valueName":"search_term_string"}}],"inLanguage":"de"},{"@type":["Organization","Place"],"@id":"https:\/\/www.eliassen.nl\/de\/#organization","name":"Eliassen Home & Garden Pleasure","url":"https:\/\/www.eliassen.nl\/de\/","logo":{"@id":"https:\/\/www.eliassen.nl\/de\/adezz-u-sockel-cortenstahl-quadrat-40x40x100cm\/#local-main-organization-logo"},"image":{"@id":"https:\/\/www.eliassen.nl\/de\/adezz-u-sockel-cortenstahl-quadrat-40x40x100cm\/#local-main-organization-logo"},"sameAs":["https:\/\/www.facebook.com\/TuincentrumEliassenAmmerzoden","https:\/\/www.instagram.com\/eliassenhomeandgarden\/","https:\/\/nl.pinterest.com\/eliassenhomeandgarden\/","https:\/\/www.youtube.com\/@eliassenhomegardenpleasure4558"],"telephone":[],"openingHoursSpecification":[{"@type":"OpeningHoursSpecification","dayOfWeek":["Monday","Tuesday","Wednesday","Thursday","Friday","Saturday","Sunday"],"opens":"09:00","closes":"17:00"}]},{"@type":"ImageObject","inLanguage":"de","@id":"https:\/\/www.eliassen.nl\/de\/adezz-u-sockel-cortenstahl-quadrat-40x40x100cm\/#local-main-organization-logo","url":"https:\/\/www.eliassen.nl\/wp-content\/uploads\/2024\/01\/logo_4nd.jpg","contentUrl":"https:\/\/www.eliassen.nl\/wp-content\/uploads\/2024\/01\/logo_4nd.jpg","width":500,"height":500,"caption":"Eliassen Home & Garden Pleasure"}]},"product_price_amount":"335.00","product_price_currency":"EUR","og_availability":"backorder","product_availability":"available for order","product_retailer_item_id":"Cku6","product_condition":"new"},"df_price":335,"df_sale_price":"","df_regular_price":335,"df_image_link":"https:\/\/www.eliassen.nl\/wp-content\/uploads\/2021\/09\/Adezz-U-Sokkel-Cortenstaal-Vierkant-40x40x100cm-eliassen.nl_-300x300.webp","image":"https:\/\/www.eliassen.nl\/wp-content\/uploads\/2021\/09\/Adezz-U-Sokkel-Cortenstaal-Vierkant-40x40x100cm-eliassen.nl_-150x150.webp","price_search":"<span class=\"woocommerce-Price-amount amount\"><bdi><span class=\"woocommerce-Price-currencySymbol\">&euro;<\/span>&nbsp;335,00<\/bdi><\/span>","category":"Adezz-Produkte","global_unique_id":"6096530276255","_links":{"self":[{"href":"https:\/\/www.eliassen.nl\/de\/wp-json\/wp\/v2\/product\/59551","targetHints":{"allow":["GET"]}}],"collection":[{"href":"https:\/\/www.eliassen.nl\/de\/wp-json\/wp\/v2\/product"}],"about":[{"href":"https:\/\/www.eliassen.nl\/de\/wp-json\/wp\/v2\/types\/product"}],"wp:featuredmedia":[{"embeddable":true,"href":"https:\/\/www.eliassen.nl\/de\/wp-json\/wp\/v2\/media\/177018"}],"wp:attachment":[{"href":"https:\/\/www.eliassen.nl\/de\/wp-json\/wp\/v2\/media?parent=59551"}],"wp:term":[{"taxonomy":"product_brand","embeddable":true,"href":"https:\/\/www.eliassen.nl\/de\/wp-json\/wp\/v2\/product_brand?post=59551"},{"taxonomy":"product_cat","embeddable":true,"href":"https:\/\/www.eliassen.nl\/de\/wp-json\/wp\/v2\/product_cat?post=59551"},{"taxonomy":"product_tag","embeddable":true,"href":"https:\/\/www.eliassen.nl\/de\/wp-json\/wp\/v2\/product_tag?post=59551"}],"curies":[{"name":"wp","href":"https:\/\/api.w.org\/{rel}","templated":true}]}}