{"id":58660,"date":"2021-09-15T02:50:19","date_gmt":"2021-09-15T02:50:19","guid":{"rendered":"https:\/\/www.eliassen.nl\/?product=adezz-waterschaal-cortenstaal-80x21cm"},"modified":"2026-04-21T17:10:25","modified_gmt":"2026-04-21T15:10:25","slug":"wassernapf-stahl-adezz-80x21cm","status":"publish","type":"product","link":"https:\/\/www.eliassen.nl\/de\/wassernapf-stahl-adezz-80x21cm\/","title":{"rendered":"Wasserschale Stahl Adezz 80x21cm"},"content":{"rendered":"<p><a href=\"https:\/\/cdn.adezz.com\/production\/ERP_handleidingen\/Productmodellen\/220\/444\/ADEZZ%20Waterelementen%20NL.pdf\"><strong><u>Handbuch<\/u><\/strong><\/a><strong> <u>|<\/u> <a href=\"https:\/\/cdn.adezz.com\/production\/ERP_handleidingen\/Producten\/1342\/732\/WNS2%20Sheet_1.PDF\"><u>Skizze<\/u><\/a><\/strong><\/p>\n<p>Sehen Sie sich das Angebot f\u00fcr ein komplettes Set hier an: <em><a href=\"https:\/\/www.eliassen.nl\/wp-content\/uploads\/2025\/10\/Waterschalen-offerte-september-2025.pdf\">Watershells Angebot September 2025<\/a><\/em><\/p>\n<p>Sie k\u00f6nnen optional dekorative Steine und oder Spotbeleuchtung bestellen: https:\/\/www.eliassen.nl\/nl\/waterornamenten\/onderdelen-waterornamenten\/<\/p>\n<p>Verwenden Sie diese Wasserschale, um die sch\u00f6nsten Wasserkreationen in Ihrem Garten zu schaffen. Platzierung direkt auf einem Gitter oder auf einem Sockel oder mehrere Schalen auf verschiedenen H\u00f6hen von S\u00e4ulen. Alles ist m\u00f6glich.<\/p>\n<p>Sie k\u00f6nnen den Rostprozess beschleunigen, wenn Sie dem Wasser Salz hinzuf\u00fcgen.<\/p>\n<ul>\n<li>Material: Stahl 4mm<\/li>\n<li>Sehr stark und widerstandsf\u00e4hig<\/li>\n<li>Schlankes und zeitloses Design<\/li>\n<li>Wetterbest\u00e4ndiges und langlebiges Material<\/li>\n<li>Warmes und nat\u00fcrliches Aussehen<\/li>\n<\/ul>\n<ul>\n<li>5 Jahre Garantie<\/li>\n<\/ul>\n<p>Kommen Sie vorbei und sehen Sie sich einen Gro\u00dfteil unserer Kollektion <strong>live<\/strong> in unserem Ausstellungsraum an!<\/p>\n<p>Haben Sie eine Frage zu diesem Produkt? <a href=\"mailto:info@eliassen.nl\">Mailen Sie<\/a> uns und stellen Sie Ihre Frage.<\/p>\n","protected":false},"excerpt":{"rendered":"<p><strong>RUFEN SIE AN ODER SCHICKEN SIE EINE E-MAIL F\u00dcR DEN AKTUELLEN BESTAND<\/strong><\/p>\n","protected":false},"featured_media":177042,"template":"","meta":{"_acf_changed":false,"_genesis_title":"","_genesis_description":""},"product_brand":[6920],"product_cat":[773,551,560,536],"product_tag":[],"class_list":{"0":"post-58660","1":"product","2":"type-product","3":"status-publish","4":"has-post-thumbnail","6":"product_brand-adezz-de","7":"product_cat-adezz-produkte","8":"product_cat-lose-wasserspiele","9":"product_cat-wasserschalen","10":"product_cat-wassereigenschaften","12":"first","13":"instock","14":"taxable","15":"shipping-taxable","16":"purchasable","17":"product-type-simple"},"acf":[],"meta_all":{"total_sales":"3","wcml_sync_hash":{"postmeta_fields":"ee42ac5da8729b873403ceb8ce042d40"},"attr_label_translations":[],"cor_restricted_countries":[]},"meta_all_flat":{"total_sales":"3","wcml_sync_hash.postmeta_fields":"ee42ac5da8729b873403ceb8ce042d40"},"yoast_head":"<!-- This site is optimized with the Yoast SEO Premium plugin v26.2 (Yoast SEO v27.2) - https:\/\/yoast.com\/product\/yoast-seo-premium-wordpress\/ -->\n<title>Adezz Wasserschale Stahl 80x21cm<\/title>\n<meta name=\"robots\" content=\"index, follow, max-snippet:-1, max-image-preview:large, max-video-preview:-1\" \/>\n<link rel=\"canonical\" href=\"https:\/\/www.eliassen.nl\/de\/wassernapf-stahl-adezz-80x21cm\/\" \/>\n<meta property=\"og:locale\" content=\"de_DE\" \/>\n<meta property=\"og:type\" content=\"article\" \/>\n<meta property=\"og:title\" content=\"Adezz Wasserschale Stahl Adezz 80x21cm - Eliassen.nl\" \/>\n<meta property=\"og:description\" content=\"RUFEN SIE AN ODER SCHICKEN SIE EINE E-MAIL F\u00dcR DEN AKTUELLEN BESTAND\" \/>\n<meta property=\"og:url\" content=\"https:\/\/www.eliassen.nl\/de\/wassernapf-stahl-adezz-80x21cm\/\" \/>\n<meta property=\"og:site_name\" content=\"Eliassen.nl\" \/>\n<meta property=\"article:publisher\" content=\"https:\/\/www.facebook.com\/TuincentrumEliassenAmmerzoden\" \/>\n<meta property=\"article:modified_time\" content=\"2026-04-21T15:10:25+00:00\" \/>\n<meta property=\"og:image\" content=\"https:\/\/www.eliassen.nl\/wp-content\/uploads\/2021\/09\/Waterschaal-staal-Adezz-80x21cm-eliassen.nl_.webp\" \/>\n\t<meta property=\"og:image:width\" content=\"699\" \/>\n\t<meta property=\"og:image:height\" content=\"699\" \/>\n\t<meta property=\"og:image:type\" content=\"image\/webp\" \/>\n<meta name=\"twitter:card\" content=\"summary_large_image\" \/>\n<script type=\"application\/ld+json\" class=\"yoast-schema-graph\">{\"@context\":\"https:\/\/schema.org\",\"@graph\":[{\"@type\":\"WebPage\",\"@id\":\"https:\/\/www.eliassen.nl\/de\/wassernapf-stahl-adezz-80x21cm\/\",\"url\":\"https:\/\/www.eliassen.nl\/de\/wassernapf-stahl-adezz-80x21cm\/\",\"name\":\"Adezz Wasserschale Stahl 80x21cm\",\"isPartOf\":{\"@id\":\"https:\/\/www.eliassen.nl\/de\/#website\"},\"primaryImageOfPage\":{\"@id\":\"https:\/\/www.eliassen.nl\/de\/wassernapf-stahl-adezz-80x21cm\/#primaryimage\"},\"image\":{\"@id\":\"https:\/\/www.eliassen.nl\/de\/wassernapf-stahl-adezz-80x21cm\/#primaryimage\"},\"thumbnailUrl\":\"https:\/\/www.eliassen.nl\/wp-content\/uploads\/2021\/09\/Waterschaal-staal-Adezz-80x21cm-eliassen.nl_.webp\",\"datePublished\":\"2021-09-15T02:50:19+00:00\",\"dateModified\":\"2026-04-21T15:10:25+00:00\",\"breadcrumb\":{\"@id\":\"https:\/\/www.eliassen.nl\/de\/wassernapf-stahl-adezz-80x21cm\/#breadcrumb\"},\"inLanguage\":\"de\",\"potentialAction\":[{\"@type\":\"ReadAction\",\"target\":[\"https:\/\/www.eliassen.nl\/de\/wassernapf-stahl-adezz-80x21cm\/\"]}]},{\"@type\":\"ImageObject\",\"inLanguage\":\"de\",\"@id\":\"https:\/\/www.eliassen.nl\/de\/wassernapf-stahl-adezz-80x21cm\/#primaryimage\",\"url\":\"https:\/\/www.eliassen.nl\/wp-content\/uploads\/2021\/09\/Waterschaal-staal-Adezz-80x21cm-eliassen.nl_.webp\",\"contentUrl\":\"https:\/\/www.eliassen.nl\/wp-content\/uploads\/2021\/09\/Waterschaal-staal-Adezz-80x21cm-eliassen.nl_.webp\",\"width\":699,\"height\":699,\"caption\":\"Wassernapf Stahl Adezz 80x21cm eliassen.co.uk\"},{\"@type\":\"BreadcrumbList\",\"@id\":\"https:\/\/www.eliassen.nl\/de\/wassernapf-stahl-adezz-80x21cm\/#breadcrumb\",\"itemListElement\":[{\"@type\":\"ListItem\",\"position\":1,\"name\":\"Home\",\"item\":\"https:\/\/www.eliassen.nl\/de\/\"},{\"@type\":\"ListItem\",\"position\":2,\"name\":\"Shop\",\"item\":\"https:\/\/www.eliassen.nl\/de\/shop\/\"},{\"@type\":\"ListItem\",\"position\":3,\"name\":\"Wasserf\u00e4lle\",\"item\":\"https:\/\/www.eliassen.nl\/de\/wassereigenschaften\/wasserfaelle\/\"},{\"@type\":\"ListItem\",\"position\":4,\"name\":\"Wasserschale Stahl Adezz 80x21cm\"}]},{\"@type\":\"WebSite\",\"@id\":\"https:\/\/www.eliassen.nl\/de\/#website\",\"url\":\"https:\/\/www.eliassen.nl\/de\/\",\"name\":\"Eliassen Home & Garden Pleasure\",\"description\":\"\",\"publisher\":{\"@id\":\"https:\/\/www.eliassen.nl\/de\/#organization\"},\"alternateName\":\"Eliassen.nl\",\"potentialAction\":[{\"@type\":\"SearchAction\",\"target\":{\"@type\":\"EntryPoint\",\"urlTemplate\":\"https:\/\/www.eliassen.nl\/de\/?s={search_term_string}\"},\"query-input\":{\"@type\":\"PropertyValueSpecification\",\"valueRequired\":true,\"valueName\":\"search_term_string\"}}],\"inLanguage\":\"de\"},{\"@type\":[\"Organization\",\"Place\"],\"@id\":\"https:\/\/www.eliassen.nl\/de\/#organization\",\"name\":\"Eliassen Home & Garden Pleasure\",\"url\":\"https:\/\/www.eliassen.nl\/de\/\",\"logo\":{\"@id\":\"https:\/\/www.eliassen.nl\/de\/wassernapf-stahl-adezz-80x21cm\/#local-main-organization-logo\"},\"image\":{\"@id\":\"https:\/\/www.eliassen.nl\/de\/wassernapf-stahl-adezz-80x21cm\/#local-main-organization-logo\"},\"sameAs\":[\"https:\/\/www.facebook.com\/TuincentrumEliassenAmmerzoden\",\"https:\/\/www.instagram.com\/eliassenhomeandgarden\/\",\"https:\/\/nl.pinterest.com\/eliassenhomeandgarden\/\",\"https:\/\/www.youtube.com\/@eliassenhomegardenpleasure4558\"],\"telephone\":[],\"openingHoursSpecification\":[{\"@type\":\"OpeningHoursSpecification\",\"dayOfWeek\":[\"Monday\",\"Tuesday\",\"Wednesday\",\"Thursday\",\"Friday\",\"Saturday\",\"Sunday\"],\"opens\":\"09:00\",\"closes\":\"17:00\"}]},{\"@type\":\"ImageObject\",\"inLanguage\":\"de\",\"@id\":\"https:\/\/www.eliassen.nl\/de\/wassernapf-stahl-adezz-80x21cm\/#local-main-organization-logo\",\"url\":\"https:\/\/www.eliassen.nl\/wp-content\/uploads\/2024\/01\/logo_4nd.jpg\",\"contentUrl\":\"https:\/\/www.eliassen.nl\/wp-content\/uploads\/2024\/01\/logo_4nd.jpg\",\"width\":500,\"height\":500,\"caption\":\"Eliassen Home & Garden Pleasure\"}]}<\/script>\n<meta property=\"product:price:amount\" content=\"126.00\" \/>\n<meta property=\"product:price:currency\" content=\"EUR\" \/>\n<meta property=\"og:availability\" content=\"instock\" \/>\n<meta property=\"product:availability\" content=\"instock\" \/>\n<meta property=\"product:retailer_item_id\" content=\"Wns2\" \/>\n<meta property=\"product:condition\" content=\"new\" \/>\n<!-- \/ Yoast SEO Premium plugin. -->","yoast_head_json":{"title":"Adezz Wasserschale Stahl 80x21cm","robots":{"index":"index","follow":"follow","max-snippet":"max-snippet:-1","max-image-preview":"max-image-preview:large","max-video-preview":"max-video-preview:-1"},"canonical":"https:\/\/www.eliassen.nl\/de\/wassernapf-stahl-adezz-80x21cm\/","og_locale":"de_DE","og_type":"article","og_title":"Adezz Wasserschale Stahl Adezz 80x21cm - Eliassen.nl","og_description":"RUFEN SIE AN ODER SCHICKEN SIE EINE E-MAIL F\u00dcR DEN AKTUELLEN BESTAND","og_url":"https:\/\/www.eliassen.nl\/de\/wassernapf-stahl-adezz-80x21cm\/","og_site_name":"Eliassen.nl","article_publisher":"https:\/\/www.facebook.com\/TuincentrumEliassenAmmerzoden","article_modified_time":"2026-04-21T15:10:25+00:00","og_image":[{"width":699,"height":699,"url":"https:\/\/www.eliassen.nl\/wp-content\/uploads\/2021\/09\/Waterschaal-staal-Adezz-80x21cm-eliassen.nl_.webp","type":"image\/webp"}],"twitter_card":"summary_large_image","schema":{"@context":"https:\/\/schema.org","@graph":[{"@type":"WebPage","@id":"https:\/\/www.eliassen.nl\/de\/wassernapf-stahl-adezz-80x21cm\/","url":"https:\/\/www.eliassen.nl\/de\/wassernapf-stahl-adezz-80x21cm\/","name":"Adezz Wasserschale Stahl 80x21cm","isPartOf":{"@id":"https:\/\/www.eliassen.nl\/de\/#website"},"primaryImageOfPage":{"@id":"https:\/\/www.eliassen.nl\/de\/wassernapf-stahl-adezz-80x21cm\/#primaryimage"},"image":{"@id":"https:\/\/www.eliassen.nl\/de\/wassernapf-stahl-adezz-80x21cm\/#primaryimage"},"thumbnailUrl":"https:\/\/www.eliassen.nl\/wp-content\/uploads\/2021\/09\/Waterschaal-staal-Adezz-80x21cm-eliassen.nl_.webp","datePublished":"2021-09-15T02:50:19+00:00","dateModified":"2026-04-21T15:10:25+00:00","breadcrumb":{"@id":"https:\/\/www.eliassen.nl\/de\/wassernapf-stahl-adezz-80x21cm\/#breadcrumb"},"inLanguage":"de","potentialAction":[{"@type":"ReadAction","target":["https:\/\/www.eliassen.nl\/de\/wassernapf-stahl-adezz-80x21cm\/"]}]},{"@type":"ImageObject","inLanguage":"de","@id":"https:\/\/www.eliassen.nl\/de\/wassernapf-stahl-adezz-80x21cm\/#primaryimage","url":"https:\/\/www.eliassen.nl\/wp-content\/uploads\/2021\/09\/Waterschaal-staal-Adezz-80x21cm-eliassen.nl_.webp","contentUrl":"https:\/\/www.eliassen.nl\/wp-content\/uploads\/2021\/09\/Waterschaal-staal-Adezz-80x21cm-eliassen.nl_.webp","width":699,"height":699,"caption":"Wassernapf Stahl Adezz 80x21cm eliassen.co.uk"},{"@type":"BreadcrumbList","@id":"https:\/\/www.eliassen.nl\/de\/wassernapf-stahl-adezz-80x21cm\/#breadcrumb","itemListElement":[{"@type":"ListItem","position":1,"name":"Home","item":"https:\/\/www.eliassen.nl\/de\/"},{"@type":"ListItem","position":2,"name":"Shop","item":"https:\/\/www.eliassen.nl\/de\/shop\/"},{"@type":"ListItem","position":3,"name":"Wasserf\u00e4lle","item":"https:\/\/www.eliassen.nl\/de\/wassereigenschaften\/wasserfaelle\/"},{"@type":"ListItem","position":4,"name":"Wasserschale Stahl Adezz 80x21cm"}]},{"@type":"WebSite","@id":"https:\/\/www.eliassen.nl\/de\/#website","url":"https:\/\/www.eliassen.nl\/de\/","name":"Eliassen Home & Garden Pleasure","description":"","publisher":{"@id":"https:\/\/www.eliassen.nl\/de\/#organization"},"alternateName":"Eliassen.nl","potentialAction":[{"@type":"SearchAction","target":{"@type":"EntryPoint","urlTemplate":"https:\/\/www.eliassen.nl\/de\/?s={search_term_string}"},"query-input":{"@type":"PropertyValueSpecification","valueRequired":true,"valueName":"search_term_string"}}],"inLanguage":"de"},{"@type":["Organization","Place"],"@id":"https:\/\/www.eliassen.nl\/de\/#organization","name":"Eliassen Home & Garden Pleasure","url":"https:\/\/www.eliassen.nl\/de\/","logo":{"@id":"https:\/\/www.eliassen.nl\/de\/wassernapf-stahl-adezz-80x21cm\/#local-main-organization-logo"},"image":{"@id":"https:\/\/www.eliassen.nl\/de\/wassernapf-stahl-adezz-80x21cm\/#local-main-organization-logo"},"sameAs":["https:\/\/www.facebook.com\/TuincentrumEliassenAmmerzoden","https:\/\/www.instagram.com\/eliassenhomeandgarden\/","https:\/\/nl.pinterest.com\/eliassenhomeandgarden\/","https:\/\/www.youtube.com\/@eliassenhomegardenpleasure4558"],"telephone":[],"openingHoursSpecification":[{"@type":"OpeningHoursSpecification","dayOfWeek":["Monday","Tuesday","Wednesday","Thursday","Friday","Saturday","Sunday"],"opens":"09:00","closes":"17:00"}]},{"@type":"ImageObject","inLanguage":"de","@id":"https:\/\/www.eliassen.nl\/de\/wassernapf-stahl-adezz-80x21cm\/#local-main-organization-logo","url":"https:\/\/www.eliassen.nl\/wp-content\/uploads\/2024\/01\/logo_4nd.jpg","contentUrl":"https:\/\/www.eliassen.nl\/wp-content\/uploads\/2024\/01\/logo_4nd.jpg","width":500,"height":500,"caption":"Eliassen Home & Garden Pleasure"}]},"product_price_amount":"126.00","product_price_currency":"EUR","og_availability":"instock","product_availability":"instock","product_retailer_item_id":"Wns2","product_condition":"new"},"df_price":126,"df_sale_price":"","df_regular_price":126,"df_image_link":"https:\/\/www.eliassen.nl\/wp-content\/uploads\/2021\/09\/Waterschaal-staal-Adezz-80x21cm-eliassen.nl_-300x300.webp","image":"https:\/\/www.eliassen.nl\/wp-content\/uploads\/2021\/09\/Waterschaal-staal-Adezz-80x21cm-eliassen.nl_-150x150.webp","price_search":"<span class=\"woocommerce-Price-amount amount\"><bdi><span class=\"woocommerce-Price-currencySymbol\">&euro;<\/span>&nbsp;126,00<\/bdi><\/span>","category":"Adezz-Produkte","global_unique_id":"6096523610677","_links":{"self":[{"href":"https:\/\/www.eliassen.nl\/de\/wp-json\/wp\/v2\/product\/58660","targetHints":{"allow":["GET"]}}],"collection":[{"href":"https:\/\/www.eliassen.nl\/de\/wp-json\/wp\/v2\/product"}],"about":[{"href":"https:\/\/www.eliassen.nl\/de\/wp-json\/wp\/v2\/types\/product"}],"wp:featuredmedia":[{"embeddable":true,"href":"https:\/\/www.eliassen.nl\/de\/wp-json\/wp\/v2\/media\/177042"}],"wp:attachment":[{"href":"https:\/\/www.eliassen.nl\/de\/wp-json\/wp\/v2\/media?parent=58660"}],"wp:term":[{"taxonomy":"product_brand","embeddable":true,"href":"https:\/\/www.eliassen.nl\/de\/wp-json\/wp\/v2\/product_brand?post=58660"},{"taxonomy":"product_cat","embeddable":true,"href":"https:\/\/www.eliassen.nl\/de\/wp-json\/wp\/v2\/product_cat?post=58660"},{"taxonomy":"product_tag","embeddable":true,"href":"https:\/\/www.eliassen.nl\/de\/wp-json\/wp\/v2\/product_tag?post=58660"}],"curies":[{"name":"wp","href":"https:\/\/api.w.org\/{rel}","templated":true}]}}