{"id":5851,"date":"2019-10-28T15:55:47","date_gmt":"2019-10-28T15:55:47","guid":{"rendered":"https:\/\/www.eliassen.nl\/?product=ganesha-sitzt-im-lotus-41cm"},"modified":"2026-02-21T15:23:56","modified_gmt":"2026-02-21T14:23:56","slug":"ganesha-sitzt-im-lotus-41cm","status":"publish","type":"product","link":"https:\/\/www.eliassen.nl\/de\/ganesha-sitzt-im-lotus-41cm\/","title":{"rendered":"Ganesha im Lotussitz 41cm"},"content":{"rendered":"<div class=\"product-tabs row\">\n<div class=\"tabsPages\">\n<div><strong>Jetzt auch in Rostfarbe  <\/strong><\/div>\n<div><\/div>\n<div class=\"page info active\">Sch\u00f6nes Detail von Ganesha, dem hinduistischen Gott der Weisheit, im Lotussitz. Hergestellt aus Kunststein in Schwarzbraun.<br \/>\nDie Gr\u00f6\u00dfe ist 23x29x41cm hoch.<\/div>\n<div class=\"page info active\">\n<ul>\n<li>H\u00f6henmessung: 41cm<\/li>\n<li>Opp Gr\u00f6\u00dfe: 23 x 29cm<\/li>\n<li>Hochwertiger Kunststein<\/li>\n<li>Handgemacht<\/li>\n<li>Schnelle Lieferung<\/li>\n<li><strong>Vieles aus dieser Serie ist auch in unserem Gesch\u00e4ft zu sehen<\/strong><\/li>\n<li>Ganesha hat seinen Elefantenkopf f\u00fcr ein tragisches Missverst\u00e4ndnis verantwortlich gemacht. Als Shiva (Vater) eines Tages das Haus verl\u00e4sst, macht Parvati (Mutter) aus Hautschuppen und \u00d6len ihren Sohn Ganesha. Als Shiva nach Hause zur\u00fcckkehrte, w\u00fcrgte ihn der erwachende Ganesha. Shiva glaubte, es mit einem Rivalen zu tun zu haben und hackte ihm den Kopf ab. Parvati war untr\u00f6stlich. Die Diener wurden angewiesen, bei Bedarf einen neuen Kopf f\u00fcr den Ungl\u00fccklichen zu finden, und zwar von dem ersten Lebewesen, das sie fanden. Es stellte sich heraus, dass es sich um einen Elefanten handelte, so dass der Torso von Ganesha vom Kopf eines Elefanten stammt.<\/li>\n<\/ul>\n<p>So kam er wieder ins Leben zur\u00fcck, aber er musste sein Dasein mit einem seltsamen Kopf fristen.<br \/>\nGanesha wird oft als W\u00e4chter abgebildet. In seinen vier H\u00e4nden h\u00e4lt er dann einen Stock oder eine Axt. Mit der Axt hackt er falsche Illusionen weg, mit dem Stock m\u00f6chte er kontrollieren. Wie bei den meisten hinduistischen G\u00f6ttern gibt es eine interessante Symbolik in seiner Gestalt.<br \/>\nDie Abbildung einer Seerose zum Beispiel symbolisiert Ganeshas Furchtlosigkeit und Reinheit. Einer seiner Sto\u00dfz\u00e4hne ist manchmal gebrochen. Das zeigt, dass selbst G\u00f6tter nicht perfekt sind. In einer seiner H\u00e4nde, oft Reis, ist ein Zeichen des \u00dcberflusses. Seine Krone ist nat\u00fcrlich ein Zeichen der Heiligkeit und seine kleinen Augen stehen f\u00fcr die Notwendigkeit, nach innen zu schauen und sich selbst zu verstehen.<br \/>\nDer Berg von Ganesha ist eine Ratte, die zeigt, dass Gro\u00df und Klein in Frieden miteinander leben k\u00f6nnen.<br \/>\nGanesha ist der Gott der Weisheit, Gl\u00fccksbringer und Besch\u00fctzer.<br \/>\nZu Beginn jeder Reise, jedes Rituals und jedes gr\u00f6\u00dferen Ereignisses wird zun\u00e4chst Ganesha angerufen und verehrt.<\/p>\n<\/div>\n<\/div>\n<\/div>\n<div class=\"product-actions row\">\n<div class=\"social-media col-xs-12 col-md-4\">\n<div class=\"social-block social-block-facebook\"><\/div>\n<\/div>\n<\/div>\n","protected":false},"excerpt":{"rendered":"<p>\u2713 23x29x41cm hoch \u2713 Hochwertiger Kunststein \u2713 Wundersch\u00f6n detailliert<\/p>\n","protected":false},"featured_media":5830,"template":"","meta":{"_acf_changed":false,"_genesis_title":"","_genesis_description":""},"product_brand":[7505],"product_cat":[677,686,7239],"product_tag":[],"class_list":{"0":"post-5851","1":"product","2":"type-product","3":"status-publish","4":"has-post-thumbnail","6":"product_brand-sonstige","7":"product_cat-betonstatuen","8":"product_cat-hinduistische-bilder","9":"product_cat-bilder","11":"first","12":"instock","13":"taxable","14":"shipping-taxable","15":"purchasable","16":"product-type-simple"},"acf":[],"meta_all":{"total_sales":"0","wcml_sync_hash":{"postmeta_fields":"790bf1c1258c2a96192dc7bbc8443667"},"attr_label_translations":[],"cor_restricted_countries":[]},"meta_all_flat":{"total_sales":"0","wcml_sync_hash.postmeta_fields":"790bf1c1258c2a96192dc7bbc8443667"},"yoast_head":"<!-- This site is optimized with the Yoast SEO Premium plugin v26.2 (Yoast SEO v27.2) - https:\/\/yoast.com\/product\/yoast-seo-premium-wordpress\/ -->\n<title>Ganesha im Lotussitz 41cm | Eliassen<\/title>\n<meta name=\"description\" content=\"Bei Eliassen k\u00f6nnen Sie Ganesha im Lotussitz 41cm online kaufen oder live im Ausstellungsraum betrachten. Wir haben die sch\u00f6nsten Steinstatuen, Hindu-Statuen\" \/>\n<meta name=\"robots\" content=\"index, follow, max-snippet:-1, max-image-preview:large, max-video-preview:-1\" \/>\n<link rel=\"canonical\" href=\"https:\/\/www.eliassen.nl\/de\/ganesha-sitzt-im-lotus-41cm\/\" \/>\n<meta property=\"og:locale\" content=\"de_DE\" \/>\n<meta property=\"og:type\" content=\"article\" \/>\n<meta property=\"og:title\" content=\"Sonstige Ganesha im Lotussitz 41cm - Eliassen.nl\" \/>\n<meta property=\"og:description\" content=\"Bei Eliassen k\u00f6nnen Sie Ganesha im Lotussitz 41cm online kaufen oder live im Ausstellungsraum betrachten. Wir haben die sch\u00f6nsten Steinstatuen, Hindu-Statuen\" \/>\n<meta property=\"og:url\" content=\"https:\/\/www.eliassen.nl\/de\/ganesha-sitzt-im-lotus-41cm\/\" \/>\n<meta property=\"og:site_name\" content=\"Eliassen.nl\" \/>\n<meta property=\"article:publisher\" content=\"https:\/\/www.facebook.com\/TuincentrumEliassenAmmerzoden\" \/>\n<meta property=\"article:modified_time\" content=\"2026-02-21T14:23:56+00:00\" \/>\n<meta property=\"og:image\" content=\"https:\/\/www.eliassen.nl\/wp-content\/uploads\/2024\/01\/brglo41.jpg\" \/>\n\t<meta property=\"og:image:width\" content=\"532\" \/>\n\t<meta property=\"og:image:height\" content=\"800\" \/>\n\t<meta property=\"og:image:type\" content=\"image\/jpeg\" \/>\n<meta name=\"twitter:card\" content=\"summary_large_image\" \/>\n<script type=\"application\/ld+json\" class=\"yoast-schema-graph\">{\"@context\":\"https:\/\/schema.org\",\"@graph\":[{\"@type\":\"WebPage\",\"@id\":\"https:\/\/www.eliassen.nl\/de\/ganesha-sitzt-im-lotus-41cm\/\",\"url\":\"https:\/\/www.eliassen.nl\/de\/ganesha-sitzt-im-lotus-41cm\/\",\"name\":\"Ganesha im Lotussitz 41cm | Eliassen\",\"isPartOf\":{\"@id\":\"https:\/\/www.eliassen.nl\/de\/#website\"},\"primaryImageOfPage\":{\"@id\":\"https:\/\/www.eliassen.nl\/de\/ganesha-sitzt-im-lotus-41cm\/#primaryimage\"},\"image\":{\"@id\":\"https:\/\/www.eliassen.nl\/de\/ganesha-sitzt-im-lotus-41cm\/#primaryimage\"},\"thumbnailUrl\":\"https:\/\/www.eliassen.nl\/wp-content\/uploads\/2024\/01\/brglo41.jpg\",\"datePublished\":\"2019-10-28T15:55:47+00:00\",\"dateModified\":\"2026-02-21T14:23:56+00:00\",\"description\":\"Bei Eliassen k\u00f6nnen Sie Ganesha im Lotussitz 41cm online kaufen oder live im Ausstellungsraum betrachten. Wir haben die sch\u00f6nsten Steinstatuen, Hindu-Statuen\",\"breadcrumb\":{\"@id\":\"https:\/\/www.eliassen.nl\/de\/ganesha-sitzt-im-lotus-41cm\/#breadcrumb\"},\"inLanguage\":\"de\",\"potentialAction\":[{\"@type\":\"ReadAction\",\"target\":[\"https:\/\/www.eliassen.nl\/de\/ganesha-sitzt-im-lotus-41cm\/\"]}]},{\"@type\":\"ImageObject\",\"inLanguage\":\"de\",\"@id\":\"https:\/\/www.eliassen.nl\/de\/ganesha-sitzt-im-lotus-41cm\/#primaryimage\",\"url\":\"https:\/\/www.eliassen.nl\/wp-content\/uploads\/2024\/01\/brglo41.jpg\",\"contentUrl\":\"https:\/\/www.eliassen.nl\/wp-content\/uploads\/2024\/01\/brglo41.jpg\",\"width\":532,\"height\":800,\"caption\":\"BR GLO 41\"},{\"@type\":\"BreadcrumbList\",\"@id\":\"https:\/\/www.eliassen.nl\/de\/ganesha-sitzt-im-lotus-41cm\/#breadcrumb\",\"itemListElement\":[{\"@type\":\"ListItem\",\"position\":1,\"name\":\"Home\",\"item\":\"https:\/\/www.eliassen.nl\/de\/\"},{\"@type\":\"ListItem\",\"position\":2,\"name\":\"Shop\",\"item\":\"https:\/\/www.eliassen.nl\/de\/shop\/\"},{\"@type\":\"ListItem\",\"position\":3,\"name\":\"Bilder\",\"item\":\"https:\/\/www.eliassen.nl\/de\/bilder\/\"},{\"@type\":\"ListItem\",\"position\":4,\"name\":\"Betonstatuen\",\"item\":\"https:\/\/www.eliassen.nl\/de\/bilder\/betonstatuen\/\"},{\"@type\":\"ListItem\",\"position\":5,\"name\":\"Hinduistische Bilder\",\"item\":\"https:\/\/www.eliassen.nl\/de\/bilder\/betonstatuen\/hinduistische-bilder\/\"},{\"@type\":\"ListItem\",\"position\":6,\"name\":\"Ganesha im Lotussitz 41cm\"}]},{\"@type\":\"WebSite\",\"@id\":\"https:\/\/www.eliassen.nl\/de\/#website\",\"url\":\"https:\/\/www.eliassen.nl\/de\/\",\"name\":\"Eliassen Home & Garden Pleasure\",\"description\":\"\",\"publisher\":{\"@id\":\"https:\/\/www.eliassen.nl\/de\/#organization\"},\"alternateName\":\"Eliassen.nl\",\"potentialAction\":[{\"@type\":\"SearchAction\",\"target\":{\"@type\":\"EntryPoint\",\"urlTemplate\":\"https:\/\/www.eliassen.nl\/de\/?s={search_term_string}\"},\"query-input\":{\"@type\":\"PropertyValueSpecification\",\"valueRequired\":true,\"valueName\":\"search_term_string\"}}],\"inLanguage\":\"de\"},{\"@type\":[\"Organization\",\"Place\"],\"@id\":\"https:\/\/www.eliassen.nl\/de\/#organization\",\"name\":\"Eliassen Home & Garden Pleasure\",\"url\":\"https:\/\/www.eliassen.nl\/de\/\",\"logo\":{\"@id\":\"https:\/\/www.eliassen.nl\/de\/ganesha-sitzt-im-lotus-41cm\/#local-main-organization-logo\"},\"image\":{\"@id\":\"https:\/\/www.eliassen.nl\/de\/ganesha-sitzt-im-lotus-41cm\/#local-main-organization-logo\"},\"sameAs\":[\"https:\/\/www.facebook.com\/TuincentrumEliassenAmmerzoden\",\"https:\/\/www.instagram.com\/eliassenhomeandgarden\/\",\"https:\/\/nl.pinterest.com\/eliassenhomeandgarden\/\",\"https:\/\/www.youtube.com\/@eliassenhomegardenpleasure4558\"],\"telephone\":[],\"openingHoursSpecification\":[{\"@type\":\"OpeningHoursSpecification\",\"dayOfWeek\":[\"Monday\",\"Tuesday\",\"Wednesday\",\"Thursday\",\"Friday\",\"Saturday\",\"Sunday\"],\"opens\":\"09:00\",\"closes\":\"17:00\"}]},{\"@type\":\"ImageObject\",\"inLanguage\":\"de\",\"@id\":\"https:\/\/www.eliassen.nl\/de\/ganesha-sitzt-im-lotus-41cm\/#local-main-organization-logo\",\"url\":\"https:\/\/www.eliassen.nl\/wp-content\/uploads\/2024\/01\/logo_4nd.jpg\",\"contentUrl\":\"https:\/\/www.eliassen.nl\/wp-content\/uploads\/2024\/01\/logo_4nd.jpg\",\"width\":500,\"height\":500,\"caption\":\"Eliassen Home & Garden Pleasure\"}]}<\/script>\n<meta property=\"product:price:amount\" content=\"85.00\" \/>\n<meta property=\"product:price:currency\" content=\"EUR\" \/>\n<meta property=\"og:availability\" content=\"instock\" \/>\n<meta property=\"product:availability\" content=\"instock\" \/>\n<meta property=\"product:retailer_item_id\" content=\"Brglo41\" \/>\n<meta property=\"product:condition\" content=\"new\" \/>\n<!-- \/ Yoast SEO Premium plugin. -->","yoast_head_json":{"title":"Ganesha im Lotussitz 41cm | Eliassen","description":"Bei Eliassen k\u00f6nnen Sie Ganesha im Lotussitz 41cm online kaufen oder live im Ausstellungsraum betrachten. Wir haben die sch\u00f6nsten Steinstatuen, Hindu-Statuen","robots":{"index":"index","follow":"follow","max-snippet":"max-snippet:-1","max-image-preview":"max-image-preview:large","max-video-preview":"max-video-preview:-1"},"canonical":"https:\/\/www.eliassen.nl\/de\/ganesha-sitzt-im-lotus-41cm\/","og_locale":"de_DE","og_type":"article","og_title":"Sonstige Ganesha im Lotussitz 41cm - Eliassen.nl","og_description":"Bei Eliassen k\u00f6nnen Sie Ganesha im Lotussitz 41cm online kaufen oder live im Ausstellungsraum betrachten. Wir haben die sch\u00f6nsten Steinstatuen, Hindu-Statuen","og_url":"https:\/\/www.eliassen.nl\/de\/ganesha-sitzt-im-lotus-41cm\/","og_site_name":"Eliassen.nl","article_publisher":"https:\/\/www.facebook.com\/TuincentrumEliassenAmmerzoden","article_modified_time":"2026-02-21T14:23:56+00:00","og_image":[{"width":532,"height":800,"url":"https:\/\/www.eliassen.nl\/wp-content\/uploads\/2024\/01\/brglo41.jpg","type":"image\/jpeg"}],"twitter_card":"summary_large_image","schema":{"@context":"https:\/\/schema.org","@graph":[{"@type":"WebPage","@id":"https:\/\/www.eliassen.nl\/de\/ganesha-sitzt-im-lotus-41cm\/","url":"https:\/\/www.eliassen.nl\/de\/ganesha-sitzt-im-lotus-41cm\/","name":"Ganesha im Lotussitz 41cm | Eliassen","isPartOf":{"@id":"https:\/\/www.eliassen.nl\/de\/#website"},"primaryImageOfPage":{"@id":"https:\/\/www.eliassen.nl\/de\/ganesha-sitzt-im-lotus-41cm\/#primaryimage"},"image":{"@id":"https:\/\/www.eliassen.nl\/de\/ganesha-sitzt-im-lotus-41cm\/#primaryimage"},"thumbnailUrl":"https:\/\/www.eliassen.nl\/wp-content\/uploads\/2024\/01\/brglo41.jpg","datePublished":"2019-10-28T15:55:47+00:00","dateModified":"2026-02-21T14:23:56+00:00","description":"Bei Eliassen k\u00f6nnen Sie Ganesha im Lotussitz 41cm online kaufen oder live im Ausstellungsraum betrachten. Wir haben die sch\u00f6nsten Steinstatuen, Hindu-Statuen","breadcrumb":{"@id":"https:\/\/www.eliassen.nl\/de\/ganesha-sitzt-im-lotus-41cm\/#breadcrumb"},"inLanguage":"de","potentialAction":[{"@type":"ReadAction","target":["https:\/\/www.eliassen.nl\/de\/ganesha-sitzt-im-lotus-41cm\/"]}]},{"@type":"ImageObject","inLanguage":"de","@id":"https:\/\/www.eliassen.nl\/de\/ganesha-sitzt-im-lotus-41cm\/#primaryimage","url":"https:\/\/www.eliassen.nl\/wp-content\/uploads\/2024\/01\/brglo41.jpg","contentUrl":"https:\/\/www.eliassen.nl\/wp-content\/uploads\/2024\/01\/brglo41.jpg","width":532,"height":800,"caption":"BR GLO 41"},{"@type":"BreadcrumbList","@id":"https:\/\/www.eliassen.nl\/de\/ganesha-sitzt-im-lotus-41cm\/#breadcrumb","itemListElement":[{"@type":"ListItem","position":1,"name":"Home","item":"https:\/\/www.eliassen.nl\/de\/"},{"@type":"ListItem","position":2,"name":"Shop","item":"https:\/\/www.eliassen.nl\/de\/shop\/"},{"@type":"ListItem","position":3,"name":"Bilder","item":"https:\/\/www.eliassen.nl\/de\/bilder\/"},{"@type":"ListItem","position":4,"name":"Betonstatuen","item":"https:\/\/www.eliassen.nl\/de\/bilder\/betonstatuen\/"},{"@type":"ListItem","position":5,"name":"Hinduistische Bilder","item":"https:\/\/www.eliassen.nl\/de\/bilder\/betonstatuen\/hinduistische-bilder\/"},{"@type":"ListItem","position":6,"name":"Ganesha im Lotussitz 41cm"}]},{"@type":"WebSite","@id":"https:\/\/www.eliassen.nl\/de\/#website","url":"https:\/\/www.eliassen.nl\/de\/","name":"Eliassen Home & Garden Pleasure","description":"","publisher":{"@id":"https:\/\/www.eliassen.nl\/de\/#organization"},"alternateName":"Eliassen.nl","potentialAction":[{"@type":"SearchAction","target":{"@type":"EntryPoint","urlTemplate":"https:\/\/www.eliassen.nl\/de\/?s={search_term_string}"},"query-input":{"@type":"PropertyValueSpecification","valueRequired":true,"valueName":"search_term_string"}}],"inLanguage":"de"},{"@type":["Organization","Place"],"@id":"https:\/\/www.eliassen.nl\/de\/#organization","name":"Eliassen Home & Garden Pleasure","url":"https:\/\/www.eliassen.nl\/de\/","logo":{"@id":"https:\/\/www.eliassen.nl\/de\/ganesha-sitzt-im-lotus-41cm\/#local-main-organization-logo"},"image":{"@id":"https:\/\/www.eliassen.nl\/de\/ganesha-sitzt-im-lotus-41cm\/#local-main-organization-logo"},"sameAs":["https:\/\/www.facebook.com\/TuincentrumEliassenAmmerzoden","https:\/\/www.instagram.com\/eliassenhomeandgarden\/","https:\/\/nl.pinterest.com\/eliassenhomeandgarden\/","https:\/\/www.youtube.com\/@eliassenhomegardenpleasure4558"],"telephone":[],"openingHoursSpecification":[{"@type":"OpeningHoursSpecification","dayOfWeek":["Monday","Tuesday","Wednesday","Thursday","Friday","Saturday","Sunday"],"opens":"09:00","closes":"17:00"}]},{"@type":"ImageObject","inLanguage":"de","@id":"https:\/\/www.eliassen.nl\/de\/ganesha-sitzt-im-lotus-41cm\/#local-main-organization-logo","url":"https:\/\/www.eliassen.nl\/wp-content\/uploads\/2024\/01\/logo_4nd.jpg","contentUrl":"https:\/\/www.eliassen.nl\/wp-content\/uploads\/2024\/01\/logo_4nd.jpg","width":500,"height":500,"caption":"Eliassen Home & Garden Pleasure"}]},"product_price_amount":"85.00","product_price_currency":"EUR","og_availability":"instock","product_availability":"instock","product_retailer_item_id":"Brglo41","product_condition":"new"},"df_price":85,"df_sale_price":"","df_regular_price":85,"df_image_link":"https:\/\/www.eliassen.nl\/wp-content\/uploads\/2024\/01\/brglo41.jpg","image":"https:\/\/www.eliassen.nl\/wp-content\/uploads\/2024\/01\/brglo41.jpg","price_search":"<span class=\"woocommerce-Price-amount amount\"><bdi><span class=\"woocommerce-Price-currencySymbol\">&euro;<\/span>&nbsp;85,00<\/bdi><\/span>","category":"Betonstatuen","global_unique_id":"7438235728704","_links":{"self":[{"href":"https:\/\/www.eliassen.nl\/de\/wp-json\/wp\/v2\/product\/5851","targetHints":{"allow":["GET"]}}],"collection":[{"href":"https:\/\/www.eliassen.nl\/de\/wp-json\/wp\/v2\/product"}],"about":[{"href":"https:\/\/www.eliassen.nl\/de\/wp-json\/wp\/v2\/types\/product"}],"wp:featuredmedia":[{"embeddable":true,"href":"https:\/\/www.eliassen.nl\/de\/wp-json\/wp\/v2\/media\/5830"}],"wp:attachment":[{"href":"https:\/\/www.eliassen.nl\/de\/wp-json\/wp\/v2\/media?parent=5851"}],"wp:term":[{"taxonomy":"product_brand","embeddable":true,"href":"https:\/\/www.eliassen.nl\/de\/wp-json\/wp\/v2\/product_brand?post=5851"},{"taxonomy":"product_cat","embeddable":true,"href":"https:\/\/www.eliassen.nl\/de\/wp-json\/wp\/v2\/product_cat?post=5851"},{"taxonomy":"product_tag","embeddable":true,"href":"https:\/\/www.eliassen.nl\/de\/wp-json\/wp\/v2\/product_tag?post=5851"}],"curies":[{"name":"wp","href":"https:\/\/api.w.org\/{rel}","templated":true}]}}