{"id":5827,"date":"2019-10-28T15:55:45","date_gmt":"2019-10-28T14:55:45","guid":{"rendered":"https:\/\/www.eliassen.nl\/?product=ganesha-sitzt-im-lotus-28cm"},"modified":"2024-12-05T15:11:55","modified_gmt":"2024-12-05T14:11:55","slug":"ganesha-im-lotus-ist-28cm","status":"publish","type":"product","link":"https:\/\/www.eliassen.nl\/de\/ganesha-im-lotus-ist-28cm\/","title":{"rendered":"Ganesha im Lotussitz ist 28 cm gro\u00df"},"content":{"rendered":"<p>Wundersch\u00f6n detaillierter Ganesha, hinduistischer Gott der Weisheit, der in einer Lotusblume sitzt. Aus Kunststein in Schwarzbraun.<br \/>Die Abmessungen betragen 18x13x28cm hoch.<\/p>\n<p><strong>Wir haben dieses Modell jetzt auch in der Farbe Grau. Sie k\u00f6nnen beim Bezahlvorgang angeben, welche Farbe Sie w\u00fcnschen.<\/strong><\/p>\n<ul>\n<li>H\u00f6he: 28 cm<\/li>\n<li>OPP-Gr\u00f6\u00dfe: 18 x 13 cm<\/li>\n<li>Farbe: Grau<\/li>\n<li>Hochwertiger Kunststein<\/li>\n<li>Geeignet f\u00fcr den Innen- und Au\u00dfenbereich<\/li>\n<li>Handgefertigt<\/li>\n<li>Schnell geliefert<\/li>\n<li><strong>Viele dieser Serien k\u00f6nnen auch in unserem Shop besichtigt werden<\/strong><\/li>\n<li>Aufgrund eines tragischen Missverst\u00e4ndnisses hat Ganesha seinen Elefantenkopf verloren. An einem Tag, an dem Shiva (Vater) das Haus verl\u00e4sst, stellt Parvati (Mutter) ihrem Sohn Ganesha aus Hautschuppen und \u00d6len her. Als Shiva nach Hause kam, versperrte ihm der erwachende Ganesha den Weg. Shiva glaubte, es mit einem Rivalen zu tun zu haben und schnitt ihm den Kopf ab. Parvati war untr\u00f6stlich. Die Diener wurden angewiesen, bei Bedarf aus dem ersten Lebewesen, dem sie begegneten, einen neuen Kopf f\u00fcr den Ungl\u00fccklichen zu finden. Es stellte sich heraus, dass es sich um einen Elefanten handelte, sodass der Torso von Ganesha aus dem Kopf eines Elefanten besteht.<\/li>\n<\/ul>\n<p>So wurde er wieder lebendig, musste aber sein Leben mit einem neugierigen Geist verbringen.<br \/>Ganesha wird oft als W\u00e4chter dargestellt. In seinen vier H\u00e4nden tr\u00e4gt er dann einen Stock oder eine Axt. Mit der Axt zerhackt er falsche Illusionen, mit dem Stock will er sie kontrollieren. In seiner Figur steckt eine interessantere Symbolik, wie es bei den meisten hinduistischen G\u00f6ttern der Fall ist.<br \/>Dargestellt ist beispielsweise eine Seerose, die Ganeshas Furchtlosigkeit und Reinheit symbolisiert. Einer seiner Sto\u00dfz\u00e4hne ist manchmal gebrochen; Dies zeigt, dass selbst G\u00f6tter nicht perfekt sind. In einer seiner H\u00e4nde, oft Reis, ist ein Zeichen des \u00dcberflusses. Seine Krone ist nat\u00fcrlich ein Zeichen der Heiligkeit, und seine kleinen Augen symbolisieren das Bed\u00fcrfnis, nach innen zu schauen und sich selbst zu verstehen.<br \/>Der Berg Ganesha ist eine Ratte, was zeigt, dass Gro\u00df und Klein in Frieden miteinander leben k\u00f6nnen.<br \/>Ganesha ist der Gott der Weisheit, der Gl\u00fccks- und Schutzbringer ist.<br \/>Zu Beginn jeder Reise, jedes Rituals und jedes Gro\u00dfereignisses wird zun\u00e4chst Ganesha angerufen und verehrt.<\/p>\n<p><iframe src=\"\/\/www.youtube.com\/embed\/S0gTFnsRDJg\" width=\"560\" height=\"314\" allowfullscreen=\"allowfullscreen\"><\/iframe><\/p>\n","protected":false},"excerpt":{"rendered":"<p>\u2713 18x13x28cm hoch \u2713 Handgemacht \u2713 Hochwertiger Steinguss<\/p>\n","protected":false},"featured_media":5806,"template":"","meta":{"_acf_changed":false,"_genesis_title":"","_genesis_description":""},"product_brand":[6916],"product_cat":[677,686,7076],"product_tag":[],"class_list":{"0":"post-5827","1":"product","2":"type-product","3":"status-publish","4":"has-post-thumbnail","6":"product_brand-eliassen-de","7":"product_cat-betonstatuen","8":"product_cat-hinduistische-bilder","9":"product_cat-statues","11":"first","12":"outofstock","13":"taxable","14":"shipping-taxable","15":"purchasable","16":"product-type-simple"},"acf":[],"meta_all":{"total_sales":"0","wcml_sync_hash":{"postmeta_fields":"4b203f13ace43f962f523cd4774ea230"},"attr_label_translations":[]},"meta_all_flat":{"total_sales":"0","wcml_sync_hash.postmeta_fields":"4b203f13ace43f962f523cd4774ea230"},"yoast_head":"<!-- This site is optimized with the Yoast SEO Premium plugin v26.2 (Yoast SEO v27.2) - https:\/\/yoast.com\/product\/yoast-seo-premium-wordpress\/ -->\n<title>Ganesha im Lotus ist 28cm<\/title>\n<meta name=\"description\" content=\"Bij Eliassen koopt u Ganesha in lotus zit 28cm online of live te bekijken in de showroom. Wij hebben de mooiste stenen beelden, hindoe beelden\" \/>\n<meta name=\"robots\" content=\"index, follow, max-snippet:-1, max-image-preview:large, max-video-preview:-1\" \/>\n<link rel=\"canonical\" href=\"https:\/\/www.eliassen.nl\/de\/ganesha-im-lotus-ist-28cm\/\" \/>\n<meta property=\"og:locale\" content=\"de_DE\" \/>\n<meta property=\"og:type\" content=\"article\" \/>\n<meta property=\"og:title\" content=\"Eliassen Ganesha im Lotussitz ist 28 cm gro\u00df - Eliassen.nl\" \/>\n<meta property=\"og:description\" content=\"Bij Eliassen koopt u Ganesha in lotus zit 28cm online of live te bekijken in de showroom. Wij hebben de mooiste stenen beelden, hindoe beelden\" \/>\n<meta property=\"og:url\" content=\"https:\/\/www.eliassen.nl\/de\/ganesha-im-lotus-ist-28cm\/\" \/>\n<meta property=\"og:site_name\" content=\"Eliassen.nl\" \/>\n<meta property=\"article:publisher\" content=\"https:\/\/www.facebook.com\/TuincentrumEliassenAmmerzoden\" \/>\n<meta property=\"article:modified_time\" content=\"2024-12-05T14:11:55+00:00\" \/>\n<meta property=\"og:image\" content=\"https:\/\/www.eliassen.nl\/wp-content\/uploads\/2024\/01\/brglo28front.jpg\" \/>\n\t<meta property=\"og:image:width\" content=\"532\" \/>\n\t<meta property=\"og:image:height\" content=\"800\" \/>\n\t<meta property=\"og:image:type\" content=\"image\/jpeg\" \/>\n<meta name=\"twitter:card\" content=\"summary_large_image\" \/>\n<script type=\"application\/ld+json\" class=\"yoast-schema-graph\">{\"@context\":\"https:\/\/schema.org\",\"@graph\":[{\"@type\":\"WebPage\",\"@id\":\"https:\/\/www.eliassen.nl\/de\/ganesha-im-lotus-ist-28cm\/\",\"url\":\"https:\/\/www.eliassen.nl\/de\/ganesha-im-lotus-ist-28cm\/\",\"name\":\"Ganesha im Lotus ist 28cm\",\"isPartOf\":{\"@id\":\"https:\/\/www.eliassen.nl\/de\/#website\"},\"primaryImageOfPage\":{\"@id\":\"https:\/\/www.eliassen.nl\/de\/ganesha-im-lotus-ist-28cm\/#primaryimage\"},\"image\":{\"@id\":\"https:\/\/www.eliassen.nl\/de\/ganesha-im-lotus-ist-28cm\/#primaryimage\"},\"thumbnailUrl\":\"https:\/\/www.eliassen.nl\/wp-content\/uploads\/2024\/01\/brglo28front.jpg\",\"datePublished\":\"2019-10-28T14:55:45+00:00\",\"dateModified\":\"2024-12-05T14:11:55+00:00\",\"description\":\"Bij Eliassen koopt u Ganesha in lotus zit 28cm online of live te bekijken in de showroom. Wij hebben de mooiste stenen beelden, hindoe beelden\",\"breadcrumb\":{\"@id\":\"https:\/\/www.eliassen.nl\/de\/ganesha-im-lotus-ist-28cm\/#breadcrumb\"},\"inLanguage\":\"de\",\"potentialAction\":[{\"@type\":\"ReadAction\",\"target\":[\"https:\/\/www.eliassen.nl\/de\/ganesha-im-lotus-ist-28cm\/\"]}]},{\"@type\":\"ImageObject\",\"inLanguage\":\"de\",\"@id\":\"https:\/\/www.eliassen.nl\/de\/ganesha-im-lotus-ist-28cm\/#primaryimage\",\"url\":\"https:\/\/www.eliassen.nl\/wp-content\/uploads\/2024\/01\/brglo28front.jpg\",\"contentUrl\":\"https:\/\/www.eliassen.nl\/wp-content\/uploads\/2024\/01\/brglo28front.jpg\",\"width\":532,\"height\":800,\"caption\":\"BR GLO 28 FRONT\"},{\"@type\":\"BreadcrumbList\",\"@id\":\"https:\/\/www.eliassen.nl\/de\/ganesha-im-lotus-ist-28cm\/#breadcrumb\",\"itemListElement\":[{\"@type\":\"ListItem\",\"position\":1,\"name\":\"Home\",\"item\":\"https:\/\/www.eliassen.nl\/de\/\"},{\"@type\":\"ListItem\",\"position\":2,\"name\":\"Shop\",\"item\":\"https:\/\/www.eliassen.nl\/de\/shop\/\"},{\"@type\":\"ListItem\",\"position\":3,\"name\":\"Bilder\",\"item\":\"https:\/\/www.eliassen.nl\/de\/bilder\/\"},{\"@type\":\"ListItem\",\"position\":4,\"name\":\"Betonstatuen\",\"item\":\"https:\/\/www.eliassen.nl\/de\/bilder\/betonstatuen\/\"},{\"@type\":\"ListItem\",\"position\":5,\"name\":\"Hinduistische Bilder\",\"item\":\"https:\/\/www.eliassen.nl\/de\/bilder\/betonstatuen\/hinduistische-bilder\/\"},{\"@type\":\"ListItem\",\"position\":6,\"name\":\"Ganesha im Lotussitz ist 28 cm gro\u00df\"}]},{\"@type\":\"WebSite\",\"@id\":\"https:\/\/www.eliassen.nl\/de\/#website\",\"url\":\"https:\/\/www.eliassen.nl\/de\/\",\"name\":\"Eliassen Home & Garden Pleasure\",\"description\":\"\",\"publisher\":{\"@id\":\"https:\/\/www.eliassen.nl\/de\/#organization\"},\"alternateName\":\"Eliassen.nl\",\"potentialAction\":[{\"@type\":\"SearchAction\",\"target\":{\"@type\":\"EntryPoint\",\"urlTemplate\":\"https:\/\/www.eliassen.nl\/de\/?s={search_term_string}\"},\"query-input\":{\"@type\":\"PropertyValueSpecification\",\"valueRequired\":true,\"valueName\":\"search_term_string\"}}],\"inLanguage\":\"de\"},{\"@type\":[\"Organization\",\"Place\"],\"@id\":\"https:\/\/www.eliassen.nl\/de\/#organization\",\"name\":\"Eliassen Home & Garden Pleasure\",\"url\":\"https:\/\/www.eliassen.nl\/de\/\",\"logo\":{\"@id\":\"https:\/\/www.eliassen.nl\/de\/ganesha-im-lotus-ist-28cm\/#local-main-organization-logo\"},\"image\":{\"@id\":\"https:\/\/www.eliassen.nl\/de\/ganesha-im-lotus-ist-28cm\/#local-main-organization-logo\"},\"sameAs\":[\"https:\/\/www.facebook.com\/TuincentrumEliassenAmmerzoden\",\"https:\/\/www.instagram.com\/eliassenhomeandgarden\/\",\"https:\/\/nl.pinterest.com\/eliassenhomeandgarden\/\",\"https:\/\/www.youtube.com\/@eliassenhomegardenpleasure4558\"],\"telephone\":[],\"openingHoursSpecification\":[{\"@type\":\"OpeningHoursSpecification\",\"dayOfWeek\":[\"Monday\",\"Tuesday\",\"Wednesday\",\"Thursday\",\"Friday\",\"Saturday\",\"Sunday\"],\"opens\":\"09:00\",\"closes\":\"17:00\"}]},{\"@type\":\"ImageObject\",\"inLanguage\":\"de\",\"@id\":\"https:\/\/www.eliassen.nl\/de\/ganesha-im-lotus-ist-28cm\/#local-main-organization-logo\",\"url\":\"https:\/\/www.eliassen.nl\/wp-content\/uploads\/2024\/01\/logo_4nd.jpg\",\"contentUrl\":\"https:\/\/www.eliassen.nl\/wp-content\/uploads\/2024\/01\/logo_4nd.jpg\",\"width\":500,\"height\":500,\"caption\":\"Eliassen Home & Garden Pleasure\"}]}<\/script>\n<meta property=\"product:price:amount\" content=\"22.50\" \/>\n<meta property=\"product:price:currency\" content=\"EUR\" \/>\n<meta property=\"og:availability\" content=\"out of stock\" \/>\n<meta property=\"product:availability\" content=\"out of stock\" \/>\n<meta property=\"product:retailer_item_id\" content=\"Brgls28\" \/>\n<meta property=\"product:condition\" content=\"new\" \/>\n<!-- \/ Yoast SEO Premium plugin. -->","yoast_head_json":{"title":"Ganesha im Lotus ist 28cm","description":"Bij Eliassen koopt u Ganesha in lotus zit 28cm online of live te bekijken in de showroom. Wij hebben de mooiste stenen beelden, hindoe beelden","robots":{"index":"index","follow":"follow","max-snippet":"max-snippet:-1","max-image-preview":"max-image-preview:large","max-video-preview":"max-video-preview:-1"},"canonical":"https:\/\/www.eliassen.nl\/de\/ganesha-im-lotus-ist-28cm\/","og_locale":"de_DE","og_type":"article","og_title":"Eliassen Ganesha im Lotussitz ist 28 cm gro\u00df - Eliassen.nl","og_description":"Bij Eliassen koopt u Ganesha in lotus zit 28cm online of live te bekijken in de showroom. Wij hebben de mooiste stenen beelden, hindoe beelden","og_url":"https:\/\/www.eliassen.nl\/de\/ganesha-im-lotus-ist-28cm\/","og_site_name":"Eliassen.nl","article_publisher":"https:\/\/www.facebook.com\/TuincentrumEliassenAmmerzoden","article_modified_time":"2024-12-05T14:11:55+00:00","og_image":[{"width":532,"height":800,"url":"https:\/\/www.eliassen.nl\/wp-content\/uploads\/2024\/01\/brglo28front.jpg","type":"image\/jpeg"}],"twitter_card":"summary_large_image","schema":{"@context":"https:\/\/schema.org","@graph":[{"@type":"WebPage","@id":"https:\/\/www.eliassen.nl\/de\/ganesha-im-lotus-ist-28cm\/","url":"https:\/\/www.eliassen.nl\/de\/ganesha-im-lotus-ist-28cm\/","name":"Ganesha im Lotus ist 28cm","isPartOf":{"@id":"https:\/\/www.eliassen.nl\/de\/#website"},"primaryImageOfPage":{"@id":"https:\/\/www.eliassen.nl\/de\/ganesha-im-lotus-ist-28cm\/#primaryimage"},"image":{"@id":"https:\/\/www.eliassen.nl\/de\/ganesha-im-lotus-ist-28cm\/#primaryimage"},"thumbnailUrl":"https:\/\/www.eliassen.nl\/wp-content\/uploads\/2024\/01\/brglo28front.jpg","datePublished":"2019-10-28T14:55:45+00:00","dateModified":"2024-12-05T14:11:55+00:00","description":"Bij Eliassen koopt u Ganesha in lotus zit 28cm online of live te bekijken in de showroom. Wij hebben de mooiste stenen beelden, hindoe beelden","breadcrumb":{"@id":"https:\/\/www.eliassen.nl\/de\/ganesha-im-lotus-ist-28cm\/#breadcrumb"},"inLanguage":"de","potentialAction":[{"@type":"ReadAction","target":["https:\/\/www.eliassen.nl\/de\/ganesha-im-lotus-ist-28cm\/"]}]},{"@type":"ImageObject","inLanguage":"de","@id":"https:\/\/www.eliassen.nl\/de\/ganesha-im-lotus-ist-28cm\/#primaryimage","url":"https:\/\/www.eliassen.nl\/wp-content\/uploads\/2024\/01\/brglo28front.jpg","contentUrl":"https:\/\/www.eliassen.nl\/wp-content\/uploads\/2024\/01\/brglo28front.jpg","width":532,"height":800,"caption":"BR GLO 28 FRONT"},{"@type":"BreadcrumbList","@id":"https:\/\/www.eliassen.nl\/de\/ganesha-im-lotus-ist-28cm\/#breadcrumb","itemListElement":[{"@type":"ListItem","position":1,"name":"Home","item":"https:\/\/www.eliassen.nl\/de\/"},{"@type":"ListItem","position":2,"name":"Shop","item":"https:\/\/www.eliassen.nl\/de\/shop\/"},{"@type":"ListItem","position":3,"name":"Bilder","item":"https:\/\/www.eliassen.nl\/de\/bilder\/"},{"@type":"ListItem","position":4,"name":"Betonstatuen","item":"https:\/\/www.eliassen.nl\/de\/bilder\/betonstatuen\/"},{"@type":"ListItem","position":5,"name":"Hinduistische Bilder","item":"https:\/\/www.eliassen.nl\/de\/bilder\/betonstatuen\/hinduistische-bilder\/"},{"@type":"ListItem","position":6,"name":"Ganesha im Lotussitz ist 28 cm gro\u00df"}]},{"@type":"WebSite","@id":"https:\/\/www.eliassen.nl\/de\/#website","url":"https:\/\/www.eliassen.nl\/de\/","name":"Eliassen Home & Garden Pleasure","description":"","publisher":{"@id":"https:\/\/www.eliassen.nl\/de\/#organization"},"alternateName":"Eliassen.nl","potentialAction":[{"@type":"SearchAction","target":{"@type":"EntryPoint","urlTemplate":"https:\/\/www.eliassen.nl\/de\/?s={search_term_string}"},"query-input":{"@type":"PropertyValueSpecification","valueRequired":true,"valueName":"search_term_string"}}],"inLanguage":"de"},{"@type":["Organization","Place"],"@id":"https:\/\/www.eliassen.nl\/de\/#organization","name":"Eliassen Home & Garden Pleasure","url":"https:\/\/www.eliassen.nl\/de\/","logo":{"@id":"https:\/\/www.eliassen.nl\/de\/ganesha-im-lotus-ist-28cm\/#local-main-organization-logo"},"image":{"@id":"https:\/\/www.eliassen.nl\/de\/ganesha-im-lotus-ist-28cm\/#local-main-organization-logo"},"sameAs":["https:\/\/www.facebook.com\/TuincentrumEliassenAmmerzoden","https:\/\/www.instagram.com\/eliassenhomeandgarden\/","https:\/\/nl.pinterest.com\/eliassenhomeandgarden\/","https:\/\/www.youtube.com\/@eliassenhomegardenpleasure4558"],"telephone":[],"openingHoursSpecification":[{"@type":"OpeningHoursSpecification","dayOfWeek":["Monday","Tuesday","Wednesday","Thursday","Friday","Saturday","Sunday"],"opens":"09:00","closes":"17:00"}]},{"@type":"ImageObject","inLanguage":"de","@id":"https:\/\/www.eliassen.nl\/de\/ganesha-im-lotus-ist-28cm\/#local-main-organization-logo","url":"https:\/\/www.eliassen.nl\/wp-content\/uploads\/2024\/01\/logo_4nd.jpg","contentUrl":"https:\/\/www.eliassen.nl\/wp-content\/uploads\/2024\/01\/logo_4nd.jpg","width":500,"height":500,"caption":"Eliassen Home & Garden Pleasure"}]},"product_price_amount":"22.50","product_price_currency":"EUR","og_availability":"out of stock","product_availability":"out of stock","product_retailer_item_id":"Brgls28","product_condition":"new"},"df_price":22.5,"df_sale_price":"","df_regular_price":22.5,"df_image_link":"https:\/\/www.eliassen.nl\/wp-content\/uploads\/2024\/01\/brglo28front.jpg","image":"https:\/\/www.eliassen.nl\/wp-content\/uploads\/2024\/01\/brglo28front.jpg","price_search":"<span class=\"woocommerce-Price-amount amount\"><bdi><span class=\"woocommerce-Price-currencySymbol\">&euro;<\/span>&nbsp;22,50<\/bdi><\/span>","category":"Betonstatuen","global_unique_id":"7438235728711","_links":{"self":[{"href":"https:\/\/www.eliassen.nl\/de\/wp-json\/wp\/v2\/product\/5827","targetHints":{"allow":["GET"]}}],"collection":[{"href":"https:\/\/www.eliassen.nl\/de\/wp-json\/wp\/v2\/product"}],"about":[{"href":"https:\/\/www.eliassen.nl\/de\/wp-json\/wp\/v2\/types\/product"}],"wp:featuredmedia":[{"embeddable":true,"href":"https:\/\/www.eliassen.nl\/de\/wp-json\/wp\/v2\/media\/5806"}],"wp:attachment":[{"href":"https:\/\/www.eliassen.nl\/de\/wp-json\/wp\/v2\/media?parent=5827"}],"wp:term":[{"taxonomy":"product_brand","embeddable":true,"href":"https:\/\/www.eliassen.nl\/de\/wp-json\/wp\/v2\/product_brand?post=5827"},{"taxonomy":"product_cat","embeddable":true,"href":"https:\/\/www.eliassen.nl\/de\/wp-json\/wp\/v2\/product_cat?post=5827"},{"taxonomy":"product_tag","embeddable":true,"href":"https:\/\/www.eliassen.nl\/de\/wp-json\/wp\/v2\/product_tag?post=5827"}],"curies":[{"name":"wp","href":"https:\/\/api.w.org\/{rel}","templated":true}]}}