{"id":5677,"date":"2019-10-28T15:53:19","date_gmt":"2019-10-28T15:53:19","guid":{"rendered":"https:\/\/www.eliassen.nl\/?product=shiva-bueste-68cm-copy"},"modified":"2026-02-21T15:23:10","modified_gmt":"2026-02-21T14:23:10","slug":"shiva-buste-150cm","status":"publish","type":"product","link":"https:\/\/www.eliassen.nl\/de\/shiva-buste-150cm\/","title":{"rendered":"Shiva B\u00fcste 150cm"},"content":{"rendered":"<p><strong>Dieses Modell gibt es jetzt auch in Rostbraun!<\/strong><\/p>\n<p>Sch\u00f6n f\u00fcr drinnen und drau\u00dfen, dieser gro\u00dfe Shiva Blickfang, 68cm hoch 50cm breit, aus hochwertigem Kunststein, schwarz\/braun patiniert.<br \/>\nH\u00f6henmessung: 150cm<\/p>\n<ul>\n<li>Opp Gr\u00f6\u00dfe: 120x75cm<\/li>\n<li>Hochwertiger Kunststein<\/li>\n<li>Handgemacht<\/li>\n<li>Schnelle Lieferung<\/li>\n<li><strong>Vieles aus dieser Serie ist auch in unserem Gesch\u00e4ft zu sehen<\/strong><\/li>\n<li>  Shiva ist einer der wichtigsten G\u00f6tter des Hinduismus. Er wird oft als Asket dargestellt. Er kleidet sich in ein Tigerfell oder ein Elefantenfell, beides sind Hinweise auf zwei D\u00e4monen, die er einst vernichtet hat. Sein K\u00f6rper hat eine gr\u00e4uliche oder wei\u00dfe Farbe, da er sich mit der Asche der Leichenverbrennungsst\u00e4tten beschmiert. Er tr\u00e4gt sein Haar in langen geflochtenen Locken, wie es viele Asketen in Indien tun. Er hat drei Augen, das dritte ziert seine Stirn. Von diesem dritten Auge aus kann er Feuer nach vorne schleudern und das Universum zerst\u00f6ren, wenn die Sch\u00f6pfung zu Ende geht. Shiva vereint viele Gegens\u00e4tze in seiner Gestalt und in den Attributen, die er mit sich tr\u00e4gt. Die Hindus erkl\u00e4ren dies damit, dass er ein Gott ist, der das gesamte Universum umfasst, von hoch bis niedrig, von rein bis unrein. So tr\u00e4gt er zum Beispiel in einem Ohr einen Ohrring, der ausschlie\u00dflich von Dorfbewohnerinnen der niedrigen Kaste getragen wird, w\u00e4hrend in seinem anderen Ohr ein Ohrring in Form eines mythischen Krokodils h\u00e4ngt, wie ihn nur Brahmanen tragen. In einer seiner H\u00e4nde tr\u00e4gt er eine Trommel, damaru, die einer Sanduhr \u00e4hnelt. Mit dieser Trommel signalisiert er den Rhythmus der Sch\u00f6pfung. Eine seiner anderen H\u00e4nde tr\u00e4gt ein loderndes Feuer, mit dem er die Welt vernichtet. Auf seinem Kopf tr\u00e4gt er Blumen, darunter den hochgiftigen Stechapfel, eine Blume, aus der halluzinogene Substanzen destilliert werden k\u00f6nnen. Um seinen Hals tr\u00e4gt er giftige Schlangen, Symbole des Todes. Auf seinem Kopf tr\u00e4gt er au\u00dferdem eine Mondsichel, ein Todessymbol. Sein Reittier ist der Stier Nandi. Der Nandi steht fast immer vor dem Eingang eines Shiva-Tempels. Shiva ist traditionell der Gott der Asketen. Viele seiner Anh\u00e4nger sind Saddhus (heilige M\u00e4nner), die allein oder in Gruppen durch Indien reisen, sich mit Asche beschmieren lassen, oft auf bizarre Weise Bu\u00dfe tun und an den drei horizontalen Streifen auf ihrer Stirn zu erkennen sind. Ihr Attribut ist der Dreizack. Die Frauen von Shiva sind unter vielen Formen und Namen bekannt. Parvati ist Shivas ber\u00fchmteste Gattin, die zum Symbol der gef\u00fcgigen, unterw\u00fcrfigen Frau geworden ist. Sie musste tatenlos zusehen, wie Shiva gelegentlich Ehebruch mit sch\u00f6nen Frauen beging, aber er kam immer zu ihr zur\u00fcck. Parvati ist die friedliche Form des Konzepts der Shakti (weibliche Energie). Sie kann sich aber auch in anderen grausamen Formen manifestieren: Durga, Chamunda oder Kali. Durga wird meist als unabh\u00e4ngige G\u00f6ttin verehrt, die an sich nichts mehr mit Shiva zu tun hat. Sie wurde speziell mit eigenen Waffen geschaffen, um die G\u00f6tter vor einer schrecklichen Katastrophe zu bewahren. Als Kali (&#8218;die Schwarze&#8216;) erscheint Parvati in ihrer schrecklichsten Form. Sie ist schwarz, ihre Zunge h\u00e4ngt aus ihrem blutigen Maul, umh\u00fcllt von abgetrennten menschlichen K\u00f6pfen und Sch\u00e4deln, und sie wandert \u00fcber abscheuliche Schlachtfelder. Sie soll Hilfe bieten, wo kein Gott mehr Macht hat. Es ist auch bemerkenswert, dass gerade die niedrigsten Kasten sie verehren d\u00fcrfen, was ihre Anh\u00e4ngerschaft so gro\u00df macht. Nur ihr werden Blutopfer dargebracht. W\u00e4hrend ihres Festes werden ihr zahlreiche schwarze m\u00e4nnliche Tiere, von Katzen bis hin zu B\u00fcffeln, geopfert.<\/li>\n<\/ul>\n<ul>\n<li>H\u00f6henmessung: 68cm<\/li>\n<li>Opp Gr\u00f6\u00dfe: 50 x 27cm<\/li>\n<li>Farbe: schwarz\/grau<\/li>\n<li>Hochwertiger Kunststein<\/li>\n<li>F\u00fcr den Innen- und Au\u00dfenbereich geeignet<\/li>\n<li>Handgemacht<\/li>\n<li>Schnelle Lieferung<\/li>\n<li><strong>Vieles aus dieser Serie ist auch in unserem Gesch\u00e4ft zu sehen<\/strong><\/li>\n<\/ul>\n<p>&nbsp;<\/p>\n","protected":false},"excerpt":{"rendered":"<p>Dieses Modell gibt es jetzt auch in Rostbraun! Sch\u00f6n f\u00fcr drinnen und drau\u00dfen, dieser gro\u00dfe Shiva Blickfang, 68cm hoch 50cm breit, aus hochwertigem Kunststein, schwarz\/braun patiniert. H\u00f6henmessung: 150cm Opp Gr\u00f6\u00dfe: 120x75cm Hochwertiger Kunststein Handgemacht Schnelle Lieferung Vieles aus dieser Serie ist auch in unserem Gesch\u00e4ft zu sehen Shiva ist einer der wichtigsten G\u00f6tter des Hinduismus. &hellip;<\/p>\n","protected":false},"featured_media":5665,"template":"","meta":{"_acf_changed":false,"_genesis_title":"","_genesis_description":""},"product_brand":[7505],"product_cat":[677,686,7239],"product_tag":[],"class_list":{"0":"post-5677","1":"product","2":"type-product","3":"status-publish","4":"has-post-thumbnail","6":"product_brand-sonstige","7":"product_cat-betonstatuen","8":"product_cat-hinduistische-bilder","9":"product_cat-bilder","11":"first","12":"instock","13":"taxable","14":"shipping-taxable","15":"purchasable","16":"product-type-simple"},"acf":[],"meta_all":{"total_sales":"0","wcml_sync_hash":{"postmeta_fields":"b7f75411e9b7c07296caf582f1078052"},"attr_label_translations":[],"cor_restricted_countries":[]},"meta_all_flat":{"total_sales":"0","wcml_sync_hash.postmeta_fields":"b7f75411e9b7c07296caf582f1078052"},"yoast_head":"<!-- This site is optimized with the Yoast SEO Premium plugin v26.2 (Yoast SEO v27.2) - https:\/\/yoast.com\/product\/yoast-seo-premium-wordpress\/ -->\n<title>Shiva B\u00fcste 150cm | Eliassen<\/title>\n<meta name=\"description\" content=\"Kaufen Sie bei Eliassen die Shiva B\u00fcste 150cm online oder sehen Sie sie sich live im Ausstellungsraum an. Wir haben die sch\u00f6nsten Steinstatuen, Hindu-Statuen\" \/>\n<meta name=\"robots\" content=\"index, follow, max-snippet:-1, max-image-preview:large, max-video-preview:-1\" \/>\n<link rel=\"canonical\" href=\"https:\/\/www.eliassen.nl\/de\/shiva-buste-150cm\/\" \/>\n<meta property=\"og:locale\" content=\"de_DE\" \/>\n<meta property=\"og:type\" content=\"article\" \/>\n<meta property=\"og:title\" content=\"Sonstige Shiva B\u00fcste 150cm - Eliassen.nl\" \/>\n<meta property=\"og:description\" content=\"Kaufen Sie bei Eliassen die Shiva B\u00fcste 150cm online oder sehen Sie sie sich live im Ausstellungsraum an. Wir haben die sch\u00f6nsten Steinstatuen, Hindu-Statuen\" \/>\n<meta property=\"og:url\" content=\"https:\/\/www.eliassen.nl\/de\/shiva-buste-150cm\/\" \/>\n<meta property=\"og:site_name\" content=\"Eliassen.nl\" \/>\n<meta property=\"article:publisher\" content=\"https:\/\/www.facebook.com\/TuincentrumEliassenAmmerzoden\" \/>\n<meta property=\"article:modified_time\" content=\"2026-02-21T14:23:10+00:00\" \/>\n<meta property=\"og:image\" content=\"https:\/\/www.eliassen.nl\/wp-content\/uploads\/2024\/01\/mijnproject72.png\" \/>\n\t<meta property=\"og:image:width\" content=\"741\" \/>\n\t<meta property=\"og:image:height\" content=\"733\" \/>\n\t<meta property=\"og:image:type\" content=\"image\/png\" \/>\n<meta name=\"twitter:card\" content=\"summary_large_image\" \/>\n<script type=\"application\/ld+json\" class=\"yoast-schema-graph\">{\"@context\":\"https:\/\/schema.org\",\"@graph\":[{\"@type\":\"WebPage\",\"@id\":\"https:\/\/www.eliassen.nl\/de\/shiva-buste-150cm\/\",\"url\":\"https:\/\/www.eliassen.nl\/de\/shiva-buste-150cm\/\",\"name\":\"Shiva B\u00fcste 150cm | Eliassen\",\"isPartOf\":{\"@id\":\"https:\/\/www.eliassen.nl\/de\/#website\"},\"primaryImageOfPage\":{\"@id\":\"https:\/\/www.eliassen.nl\/de\/shiva-buste-150cm\/#primaryimage\"},\"image\":{\"@id\":\"https:\/\/www.eliassen.nl\/de\/shiva-buste-150cm\/#primaryimage\"},\"thumbnailUrl\":\"https:\/\/www.eliassen.nl\/wp-content\/uploads\/2024\/01\/mijnproject72.png\",\"datePublished\":\"2019-10-28T15:53:19+00:00\",\"dateModified\":\"2026-02-21T14:23:10+00:00\",\"description\":\"Kaufen Sie bei Eliassen die Shiva B\u00fcste 150cm online oder sehen Sie sie sich live im Ausstellungsraum an. Wir haben die sch\u00f6nsten Steinstatuen, Hindu-Statuen\",\"breadcrumb\":{\"@id\":\"https:\/\/www.eliassen.nl\/de\/shiva-buste-150cm\/#breadcrumb\"},\"inLanguage\":\"de\",\"potentialAction\":[{\"@type\":\"ReadAction\",\"target\":[\"https:\/\/www.eliassen.nl\/de\/shiva-buste-150cm\/\"]}]},{\"@type\":\"ImageObject\",\"inLanguage\":\"de\",\"@id\":\"https:\/\/www.eliassen.nl\/de\/shiva-buste-150cm\/#primaryimage\",\"url\":\"https:\/\/www.eliassen.nl\/wp-content\/uploads\/2024\/01\/mijnproject72.png\",\"contentUrl\":\"https:\/\/www.eliassen.nl\/wp-content\/uploads\/2024\/01\/mijnproject72.png\",\"width\":741,\"height\":733,\"caption\":\"Mein Projekt (72)\"},{\"@type\":\"BreadcrumbList\",\"@id\":\"https:\/\/www.eliassen.nl\/de\/shiva-buste-150cm\/#breadcrumb\",\"itemListElement\":[{\"@type\":\"ListItem\",\"position\":1,\"name\":\"Home\",\"item\":\"https:\/\/www.eliassen.nl\/de\/\"},{\"@type\":\"ListItem\",\"position\":2,\"name\":\"Shop\",\"item\":\"https:\/\/www.eliassen.nl\/de\/shop\/\"},{\"@type\":\"ListItem\",\"position\":3,\"name\":\"Bilder\",\"item\":\"https:\/\/www.eliassen.nl\/de\/bilder\/\"},{\"@type\":\"ListItem\",\"position\":4,\"name\":\"Betonstatuen\",\"item\":\"https:\/\/www.eliassen.nl\/de\/bilder\/betonstatuen\/\"},{\"@type\":\"ListItem\",\"position\":5,\"name\":\"Hinduistische Bilder\",\"item\":\"https:\/\/www.eliassen.nl\/de\/bilder\/betonstatuen\/hinduistische-bilder\/\"},{\"@type\":\"ListItem\",\"position\":6,\"name\":\"Shiva B\u00fcste 150cm\"}]},{\"@type\":\"WebSite\",\"@id\":\"https:\/\/www.eliassen.nl\/de\/#website\",\"url\":\"https:\/\/www.eliassen.nl\/de\/\",\"name\":\"Eliassen Home & Garden Pleasure\",\"description\":\"\",\"publisher\":{\"@id\":\"https:\/\/www.eliassen.nl\/de\/#organization\"},\"alternateName\":\"Eliassen.nl\",\"potentialAction\":[{\"@type\":\"SearchAction\",\"target\":{\"@type\":\"EntryPoint\",\"urlTemplate\":\"https:\/\/www.eliassen.nl\/de\/?s={search_term_string}\"},\"query-input\":{\"@type\":\"PropertyValueSpecification\",\"valueRequired\":true,\"valueName\":\"search_term_string\"}}],\"inLanguage\":\"de\"},{\"@type\":[\"Organization\",\"Place\"],\"@id\":\"https:\/\/www.eliassen.nl\/de\/#organization\",\"name\":\"Eliassen Home & Garden Pleasure\",\"url\":\"https:\/\/www.eliassen.nl\/de\/\",\"logo\":{\"@id\":\"https:\/\/www.eliassen.nl\/de\/shiva-buste-150cm\/#local-main-organization-logo\"},\"image\":{\"@id\":\"https:\/\/www.eliassen.nl\/de\/shiva-buste-150cm\/#local-main-organization-logo\"},\"sameAs\":[\"https:\/\/www.facebook.com\/TuincentrumEliassenAmmerzoden\",\"https:\/\/www.instagram.com\/eliassenhomeandgarden\/\",\"https:\/\/nl.pinterest.com\/eliassenhomeandgarden\/\",\"https:\/\/www.youtube.com\/@eliassenhomegardenpleasure4558\"],\"telephone\":[],\"openingHoursSpecification\":[{\"@type\":\"OpeningHoursSpecification\",\"dayOfWeek\":[\"Monday\",\"Tuesday\",\"Wednesday\",\"Thursday\",\"Friday\",\"Saturday\",\"Sunday\"],\"opens\":\"09:00\",\"closes\":\"17:00\"}]},{\"@type\":\"ImageObject\",\"inLanguage\":\"de\",\"@id\":\"https:\/\/www.eliassen.nl\/de\/shiva-buste-150cm\/#local-main-organization-logo\",\"url\":\"https:\/\/www.eliassen.nl\/wp-content\/uploads\/2024\/01\/logo_4nd.jpg\",\"contentUrl\":\"https:\/\/www.eliassen.nl\/wp-content\/uploads\/2024\/01\/logo_4nd.jpg\",\"width\":500,\"height\":500,\"caption\":\"Eliassen Home & Garden Pleasure\"}]}<\/script>\n<meta property=\"product:price:amount\" content=\"1195.00\" \/>\n<meta property=\"product:price:currency\" content=\"EUR\" \/>\n<meta property=\"og:availability\" content=\"instock\" \/>\n<meta property=\"product:availability\" content=\"instock\" \/>\n<meta property=\"product:retailer_item_id\" content=\"Brdsb150\" \/>\n<meta property=\"product:condition\" content=\"new\" \/>\n<!-- \/ Yoast SEO Premium plugin. -->","yoast_head_json":{"title":"Shiva B\u00fcste 150cm | Eliassen","description":"Kaufen Sie bei Eliassen die Shiva B\u00fcste 150cm online oder sehen Sie sie sich live im Ausstellungsraum an. Wir haben die sch\u00f6nsten Steinstatuen, Hindu-Statuen","robots":{"index":"index","follow":"follow","max-snippet":"max-snippet:-1","max-image-preview":"max-image-preview:large","max-video-preview":"max-video-preview:-1"},"canonical":"https:\/\/www.eliassen.nl\/de\/shiva-buste-150cm\/","og_locale":"de_DE","og_type":"article","og_title":"Sonstige Shiva B\u00fcste 150cm - Eliassen.nl","og_description":"Kaufen Sie bei Eliassen die Shiva B\u00fcste 150cm online oder sehen Sie sie sich live im Ausstellungsraum an. Wir haben die sch\u00f6nsten Steinstatuen, Hindu-Statuen","og_url":"https:\/\/www.eliassen.nl\/de\/shiva-buste-150cm\/","og_site_name":"Eliassen.nl","article_publisher":"https:\/\/www.facebook.com\/TuincentrumEliassenAmmerzoden","article_modified_time":"2026-02-21T14:23:10+00:00","og_image":[{"width":741,"height":733,"url":"https:\/\/www.eliassen.nl\/wp-content\/uploads\/2024\/01\/mijnproject72.png","type":"image\/png"}],"twitter_card":"summary_large_image","schema":{"@context":"https:\/\/schema.org","@graph":[{"@type":"WebPage","@id":"https:\/\/www.eliassen.nl\/de\/shiva-buste-150cm\/","url":"https:\/\/www.eliassen.nl\/de\/shiva-buste-150cm\/","name":"Shiva B\u00fcste 150cm | Eliassen","isPartOf":{"@id":"https:\/\/www.eliassen.nl\/de\/#website"},"primaryImageOfPage":{"@id":"https:\/\/www.eliassen.nl\/de\/shiva-buste-150cm\/#primaryimage"},"image":{"@id":"https:\/\/www.eliassen.nl\/de\/shiva-buste-150cm\/#primaryimage"},"thumbnailUrl":"https:\/\/www.eliassen.nl\/wp-content\/uploads\/2024\/01\/mijnproject72.png","datePublished":"2019-10-28T15:53:19+00:00","dateModified":"2026-02-21T14:23:10+00:00","description":"Kaufen Sie bei Eliassen die Shiva B\u00fcste 150cm online oder sehen Sie sie sich live im Ausstellungsraum an. Wir haben die sch\u00f6nsten Steinstatuen, Hindu-Statuen","breadcrumb":{"@id":"https:\/\/www.eliassen.nl\/de\/shiva-buste-150cm\/#breadcrumb"},"inLanguage":"de","potentialAction":[{"@type":"ReadAction","target":["https:\/\/www.eliassen.nl\/de\/shiva-buste-150cm\/"]}]},{"@type":"ImageObject","inLanguage":"de","@id":"https:\/\/www.eliassen.nl\/de\/shiva-buste-150cm\/#primaryimage","url":"https:\/\/www.eliassen.nl\/wp-content\/uploads\/2024\/01\/mijnproject72.png","contentUrl":"https:\/\/www.eliassen.nl\/wp-content\/uploads\/2024\/01\/mijnproject72.png","width":741,"height":733,"caption":"Mein Projekt (72)"},{"@type":"BreadcrumbList","@id":"https:\/\/www.eliassen.nl\/de\/shiva-buste-150cm\/#breadcrumb","itemListElement":[{"@type":"ListItem","position":1,"name":"Home","item":"https:\/\/www.eliassen.nl\/de\/"},{"@type":"ListItem","position":2,"name":"Shop","item":"https:\/\/www.eliassen.nl\/de\/shop\/"},{"@type":"ListItem","position":3,"name":"Bilder","item":"https:\/\/www.eliassen.nl\/de\/bilder\/"},{"@type":"ListItem","position":4,"name":"Betonstatuen","item":"https:\/\/www.eliassen.nl\/de\/bilder\/betonstatuen\/"},{"@type":"ListItem","position":5,"name":"Hinduistische Bilder","item":"https:\/\/www.eliassen.nl\/de\/bilder\/betonstatuen\/hinduistische-bilder\/"},{"@type":"ListItem","position":6,"name":"Shiva B\u00fcste 150cm"}]},{"@type":"WebSite","@id":"https:\/\/www.eliassen.nl\/de\/#website","url":"https:\/\/www.eliassen.nl\/de\/","name":"Eliassen Home & Garden Pleasure","description":"","publisher":{"@id":"https:\/\/www.eliassen.nl\/de\/#organization"},"alternateName":"Eliassen.nl","potentialAction":[{"@type":"SearchAction","target":{"@type":"EntryPoint","urlTemplate":"https:\/\/www.eliassen.nl\/de\/?s={search_term_string}"},"query-input":{"@type":"PropertyValueSpecification","valueRequired":true,"valueName":"search_term_string"}}],"inLanguage":"de"},{"@type":["Organization","Place"],"@id":"https:\/\/www.eliassen.nl\/de\/#organization","name":"Eliassen Home & Garden Pleasure","url":"https:\/\/www.eliassen.nl\/de\/","logo":{"@id":"https:\/\/www.eliassen.nl\/de\/shiva-buste-150cm\/#local-main-organization-logo"},"image":{"@id":"https:\/\/www.eliassen.nl\/de\/shiva-buste-150cm\/#local-main-organization-logo"},"sameAs":["https:\/\/www.facebook.com\/TuincentrumEliassenAmmerzoden","https:\/\/www.instagram.com\/eliassenhomeandgarden\/","https:\/\/nl.pinterest.com\/eliassenhomeandgarden\/","https:\/\/www.youtube.com\/@eliassenhomegardenpleasure4558"],"telephone":[],"openingHoursSpecification":[{"@type":"OpeningHoursSpecification","dayOfWeek":["Monday","Tuesday","Wednesday","Thursday","Friday","Saturday","Sunday"],"opens":"09:00","closes":"17:00"}]},{"@type":"ImageObject","inLanguage":"de","@id":"https:\/\/www.eliassen.nl\/de\/shiva-buste-150cm\/#local-main-organization-logo","url":"https:\/\/www.eliassen.nl\/wp-content\/uploads\/2024\/01\/logo_4nd.jpg","contentUrl":"https:\/\/www.eliassen.nl\/wp-content\/uploads\/2024\/01\/logo_4nd.jpg","width":500,"height":500,"caption":"Eliassen Home & Garden Pleasure"}]},"product_price_amount":"1195.00","product_price_currency":"EUR","og_availability":"instock","product_availability":"instock","product_retailer_item_id":"Brdsb150","product_condition":"new"},"df_price":1195,"df_sale_price":"","df_regular_price":1195,"df_image_link":"https:\/\/www.eliassen.nl\/wp-content\/uploads\/2024\/01\/mijnproject72.png","image":"https:\/\/www.eliassen.nl\/wp-content\/uploads\/2024\/01\/mijnproject72.png","price_search":"<span class=\"woocommerce-Price-amount amount\"><bdi><span class=\"woocommerce-Price-currencySymbol\">&euro;<\/span>&nbsp;1.195,00<\/bdi><\/span>","category":"Betonstatuen","global_unique_id":"6013802719777","_links":{"self":[{"href":"https:\/\/www.eliassen.nl\/de\/wp-json\/wp\/v2\/product\/5677","targetHints":{"allow":["GET"]}}],"collection":[{"href":"https:\/\/www.eliassen.nl\/de\/wp-json\/wp\/v2\/product"}],"about":[{"href":"https:\/\/www.eliassen.nl\/de\/wp-json\/wp\/v2\/types\/product"}],"wp:featuredmedia":[{"embeddable":true,"href":"https:\/\/www.eliassen.nl\/de\/wp-json\/wp\/v2\/media\/5665"}],"wp:attachment":[{"href":"https:\/\/www.eliassen.nl\/de\/wp-json\/wp\/v2\/media?parent=5677"}],"wp:term":[{"taxonomy":"product_brand","embeddable":true,"href":"https:\/\/www.eliassen.nl\/de\/wp-json\/wp\/v2\/product_brand?post=5677"},{"taxonomy":"product_cat","embeddable":true,"href":"https:\/\/www.eliassen.nl\/de\/wp-json\/wp\/v2\/product_cat?post=5677"},{"taxonomy":"product_tag","embeddable":true,"href":"https:\/\/www.eliassen.nl\/de\/wp-json\/wp\/v2\/product_tag?post=5677"}],"curies":[{"name":"wp","href":"https:\/\/api.w.org\/{rel}","templated":true}]}}