{"id":53410,"date":"2021-09-09T11:44:48","date_gmt":"2021-09-09T11:44:48","guid":{"rendered":"https:\/\/www.eliassen.nl\/?product=gedenksteen-hond-20cm"},"modified":"2026-01-16T13:59:43","modified_gmt":"2026-01-16T12:59:43","slug":"gedenkstein-hund-20cm","status":"publish","type":"product","link":"https:\/\/www.eliassen.nl\/de\/gedenkstein-hund-20cm\/","title":{"rendered":"Gedenkstein Hund 20cm"},"content":{"rendered":"<p>Sch\u00f6ne Steinskulptur eines Hundes, handgefertigt auf einem 15 cm gro\u00dfen Felsbrocken. Zun\u00e4chst wird das Bild auf den Felsen gezeichnet, dann werden mit einem Mei\u00dfel die Linien und einige Fl\u00e4chen herausgearbeitet, wodurch Tiefenunterschiede entstehen. Die h\u00f6chsten Teile werden dann sorgf\u00e4ltig poliert. Eine gewaltige Arbeit, aber das Ergebnis f\u00fcr diesen Gedenkhund ist es wert.<\/p>\n<p>Dieser handgefertigte Stein kann im Innenbereich verwendet werden, aber nat\u00fcrlich bleibt er auch im Freien sch\u00f6n, suchen Sie sich einen sch\u00f6nen Platz daf\u00fcr. Da dieser Findling mit \u00e4u\u00dferster Sorgfalt hergestellt wird, werden diese Steine auch oft als Gedenksteine verwendet.<\/p>\n<p>Das Foto ist nur ein Beispiel, da es sich um ein Naturprodukt handelt und jedes Exemplar in Form, Farbe oder Aussehen unterschiedlich sein kann.<\/p>\n<ul>\n<li>Gr\u00f6\u00dfe: ca. 23x14x20cm hoch<\/li>\n<li>Gewicht: Ca. 6,1kg<\/li>\n<li>Nirgendwo sonst zu verkaufen<\/li>\n<li>Auch ideal zum Verschenken<\/li>\n<li>Sie besitzen einen begrenzten Bestand.<\/li>\n<\/ul>\n","protected":false},"excerpt":{"rendered":"<p>Sch\u00f6ne Steinskulptur eines Hundes, handgefertigt auf einem 15 cm gro\u00dfen Felsbrocken. Zun\u00e4chst wird das Bild auf den Felsen gezeichnet, dann werden mit einem Mei\u00dfel die Linien und einige Fl\u00e4chen herausgearbeitet, wodurch Tiefenunterschiede entstehen. Die h\u00f6chsten Teile werden dann sorgf\u00e4ltig poliert. Eine gewaltige Arbeit, aber das Ergebnis f\u00fcr diesen Gedenkhund ist es wert. Dieser handgefertigte Stein &hellip;<\/p>\n","protected":false},"featured_media":53401,"template":"","meta":{"_acf_changed":false,"_genesis_title":"","_genesis_description":""},"product_brand":[7505],"product_cat":[719,7239],"product_tag":[],"class_list":{"0":"post-53410","1":"product","2":"type-product","3":"status-publish","4":"has-post-thumbnail","6":"product_brand-sonstige","7":"product_cat-statuen-aus-naturstein","8":"product_cat-bilder","10":"first","11":"instock","12":"taxable","13":"shipping-taxable","14":"purchasable","15":"product-type-simple"},"acf":[],"meta_all":{"total_sales":"1","wcml_sync_hash":{"postmeta_fields":"b96ed957aaa27b591fbccd8ab4cdcda6"},"attr_label_translations":[],"cor_restricted_countries":[]},"meta_all_flat":{"total_sales":"1","wcml_sync_hash.postmeta_fields":"b96ed957aaa27b591fbccd8ab4cdcda6"},"yoast_head":"<!-- This site is optimized with the Yoast SEO Premium plugin v26.2 (Yoast SEO v27.2) - https:\/\/yoast.com\/product\/yoast-seo-premium-wordpress\/ -->\n<title>Gedenkstein Hund | brauner Granit | 20 cm | Eliassen.nl<\/title>\n<meta name=\"description\" content=\"Steinstatue Hund zur Verwendung als Dekoration oder Gedenkstein. Handgemacht. F\u00fcr den Innen- und Au\u00dfenbereich geeignet. Nirgendwo sonst zu verkaufen!\" \/>\n<meta name=\"robots\" content=\"index, follow, max-snippet:-1, max-image-preview:large, max-video-preview:-1\" \/>\n<link rel=\"canonical\" href=\"https:\/\/www.eliassen.nl\/de\/gedenkstein-hund-20cm\/\" \/>\n<meta property=\"og:locale\" content=\"de_DE\" \/>\n<meta property=\"og:type\" content=\"article\" \/>\n<meta property=\"og:title\" content=\"Sonstige Gedenkstein Hund 20cm - Eliassen.nl\" \/>\n<meta property=\"og:description\" content=\"Steinstatue Hund zur Verwendung als Dekoration oder Gedenkstein. Handgemacht. F\u00fcr den Innen- und Au\u00dfenbereich geeignet. Nirgendwo sonst zu verkaufen!\" \/>\n<meta property=\"og:url\" content=\"https:\/\/www.eliassen.nl\/de\/gedenkstein-hund-20cm\/\" \/>\n<meta property=\"og:site_name\" content=\"Eliassen.nl\" \/>\n<meta property=\"article:publisher\" content=\"https:\/\/www.facebook.com\/TuincentrumEliassenAmmerzoden\" \/>\n<meta property=\"article:modified_time\" content=\"2026-01-16T12:59:43+00:00\" \/>\n<meta property=\"og:image\" content=\"https:\/\/www.eliassen.nl\/wp-content\/uploads\/2024\/01\/processed3069fa42517440fe90ff9c54eacddf74vtd.jpg\" \/>\n\t<meta property=\"og:image:width\" content=\"2048\" \/>\n\t<meta property=\"og:image:height\" content=\"1997\" \/>\n\t<meta property=\"og:image:type\" content=\"image\/jpeg\" \/>\n<meta name=\"twitter:card\" content=\"summary_large_image\" \/>\n<script type=\"application\/ld+json\" class=\"yoast-schema-graph\">{\"@context\":\"https:\/\/schema.org\",\"@graph\":[{\"@type\":\"WebPage\",\"@id\":\"https:\/\/www.eliassen.nl\/de\/gedenkstein-hund-20cm\/\",\"url\":\"https:\/\/www.eliassen.nl\/de\/gedenkstein-hund-20cm\/\",\"name\":\"Gedenkstein Hund | brauner Granit | 20 cm | Eliassen.nl\",\"isPartOf\":{\"@id\":\"https:\/\/www.eliassen.nl\/de\/#website\"},\"primaryImageOfPage\":{\"@id\":\"https:\/\/www.eliassen.nl\/de\/gedenkstein-hund-20cm\/#primaryimage\"},\"image\":{\"@id\":\"https:\/\/www.eliassen.nl\/de\/gedenkstein-hund-20cm\/#primaryimage\"},\"thumbnailUrl\":\"https:\/\/www.eliassen.nl\/wp-content\/uploads\/2024\/01\/processed3069fa42517440fe90ff9c54eacddf74vtd.jpg\",\"datePublished\":\"2021-09-09T11:44:48+00:00\",\"dateModified\":\"2026-01-16T12:59:43+00:00\",\"description\":\"Steinstatue Hund zur Verwendung als Dekoration oder Gedenkstein. Handgemacht. F\u00fcr den Innen- und Au\u00dfenbereich geeignet. Nirgendwo sonst zu verkaufen!\",\"breadcrumb\":{\"@id\":\"https:\/\/www.eliassen.nl\/de\/gedenkstein-hund-20cm\/#breadcrumb\"},\"inLanguage\":\"de\",\"potentialAction\":[{\"@type\":\"ReadAction\",\"target\":[\"https:\/\/www.eliassen.nl\/de\/gedenkstein-hund-20cm\/\"]}]},{\"@type\":\"ImageObject\",\"inLanguage\":\"de\",\"@id\":\"https:\/\/www.eliassen.nl\/de\/gedenkstein-hund-20cm\/#primaryimage\",\"url\":\"https:\/\/www.eliassen.nl\/wp-content\/uploads\/2024\/01\/processed3069fa42517440fe90ff9c54eacddf74vtd.jpg\",\"contentUrl\":\"https:\/\/www.eliassen.nl\/wp-content\/uploads\/2024\/01\/processed3069fa42517440fe90ff9c54eacddf74vtd.jpg\",\"width\":2048,\"height\":1997,\"caption\":\"processed-3069fa42-5174-40fe-90ff-9c54eacddf74_vtD4RGb3\"},{\"@type\":\"BreadcrumbList\",\"@id\":\"https:\/\/www.eliassen.nl\/de\/gedenkstein-hund-20cm\/#breadcrumb\",\"itemListElement\":[{\"@type\":\"ListItem\",\"position\":1,\"name\":\"Home\",\"item\":\"https:\/\/www.eliassen.nl\/de\/\"},{\"@type\":\"ListItem\",\"position\":2,\"name\":\"Shop\",\"item\":\"https:\/\/www.eliassen.nl\/de\/shop\/\"},{\"@type\":\"ListItem\",\"position\":3,\"name\":\"Bilder\",\"item\":\"https:\/\/www.eliassen.nl\/de\/bilder\/\"},{\"@type\":\"ListItem\",\"position\":4,\"name\":\"Statuen aus Naturstein\",\"item\":\"https:\/\/www.eliassen.nl\/de\/bilder\/statuen-aus-naturstein\/\"},{\"@type\":\"ListItem\",\"position\":5,\"name\":\"Gedenkstein Hund 20cm\"}]},{\"@type\":\"WebSite\",\"@id\":\"https:\/\/www.eliassen.nl\/de\/#website\",\"url\":\"https:\/\/www.eliassen.nl\/de\/\",\"name\":\"Eliassen Home & Garden Pleasure\",\"description\":\"\",\"publisher\":{\"@id\":\"https:\/\/www.eliassen.nl\/de\/#organization\"},\"alternateName\":\"Eliassen.nl\",\"potentialAction\":[{\"@type\":\"SearchAction\",\"target\":{\"@type\":\"EntryPoint\",\"urlTemplate\":\"https:\/\/www.eliassen.nl\/de\/?s={search_term_string}\"},\"query-input\":{\"@type\":\"PropertyValueSpecification\",\"valueRequired\":true,\"valueName\":\"search_term_string\"}}],\"inLanguage\":\"de\"},{\"@type\":[\"Organization\",\"Place\"],\"@id\":\"https:\/\/www.eliassen.nl\/de\/#organization\",\"name\":\"Eliassen Home & Garden Pleasure\",\"url\":\"https:\/\/www.eliassen.nl\/de\/\",\"logo\":{\"@id\":\"https:\/\/www.eliassen.nl\/de\/gedenkstein-hund-20cm\/#local-main-organization-logo\"},\"image\":{\"@id\":\"https:\/\/www.eliassen.nl\/de\/gedenkstein-hund-20cm\/#local-main-organization-logo\"},\"sameAs\":[\"https:\/\/www.facebook.com\/TuincentrumEliassenAmmerzoden\",\"https:\/\/www.instagram.com\/eliassenhomeandgarden\/\",\"https:\/\/nl.pinterest.com\/eliassenhomeandgarden\/\",\"https:\/\/www.youtube.com\/@eliassenhomegardenpleasure4558\"],\"telephone\":[],\"openingHoursSpecification\":[{\"@type\":\"OpeningHoursSpecification\",\"dayOfWeek\":[\"Monday\",\"Tuesday\",\"Wednesday\",\"Thursday\",\"Friday\",\"Saturday\",\"Sunday\"],\"opens\":\"09:00\",\"closes\":\"17:00\"}]},{\"@type\":\"ImageObject\",\"inLanguage\":\"de\",\"@id\":\"https:\/\/www.eliassen.nl\/de\/gedenkstein-hund-20cm\/#local-main-organization-logo\",\"url\":\"https:\/\/www.eliassen.nl\/wp-content\/uploads\/2024\/01\/logo_4nd.jpg\",\"contentUrl\":\"https:\/\/www.eliassen.nl\/wp-content\/uploads\/2024\/01\/logo_4nd.jpg\",\"width\":500,\"height\":500,\"caption\":\"Eliassen Home & Garden Pleasure\"}]}<\/script>\n<meta property=\"product:price:amount\" content=\"29.50\" \/>\n<meta property=\"product:price:currency\" content=\"EUR\" \/>\n<meta property=\"og:availability\" content=\"instock\" \/>\n<meta property=\"product:availability\" content=\"instock\" \/>\n<meta property=\"product:retailer_item_id\" content=\"Gdshond20\" \/>\n<meta property=\"product:condition\" content=\"new\" \/>\n<!-- \/ Yoast SEO Premium plugin. -->","yoast_head_json":{"title":"Gedenkstein Hund | brauner Granit | 20 cm | Eliassen.nl","description":"Steinstatue Hund zur Verwendung als Dekoration oder Gedenkstein. Handgemacht. F\u00fcr den Innen- und Au\u00dfenbereich geeignet. Nirgendwo sonst zu verkaufen!","robots":{"index":"index","follow":"follow","max-snippet":"max-snippet:-1","max-image-preview":"max-image-preview:large","max-video-preview":"max-video-preview:-1"},"canonical":"https:\/\/www.eliassen.nl\/de\/gedenkstein-hund-20cm\/","og_locale":"de_DE","og_type":"article","og_title":"Sonstige Gedenkstein Hund 20cm - Eliassen.nl","og_description":"Steinstatue Hund zur Verwendung als Dekoration oder Gedenkstein. Handgemacht. F\u00fcr den Innen- und Au\u00dfenbereich geeignet. Nirgendwo sonst zu verkaufen!","og_url":"https:\/\/www.eliassen.nl\/de\/gedenkstein-hund-20cm\/","og_site_name":"Eliassen.nl","article_publisher":"https:\/\/www.facebook.com\/TuincentrumEliassenAmmerzoden","article_modified_time":"2026-01-16T12:59:43+00:00","og_image":[{"width":2048,"height":1997,"url":"https:\/\/www.eliassen.nl\/wp-content\/uploads\/2024\/01\/processed3069fa42517440fe90ff9c54eacddf74vtd.jpg","type":"image\/jpeg"}],"twitter_card":"summary_large_image","schema":{"@context":"https:\/\/schema.org","@graph":[{"@type":"WebPage","@id":"https:\/\/www.eliassen.nl\/de\/gedenkstein-hund-20cm\/","url":"https:\/\/www.eliassen.nl\/de\/gedenkstein-hund-20cm\/","name":"Gedenkstein Hund | brauner Granit | 20 cm | Eliassen.nl","isPartOf":{"@id":"https:\/\/www.eliassen.nl\/de\/#website"},"primaryImageOfPage":{"@id":"https:\/\/www.eliassen.nl\/de\/gedenkstein-hund-20cm\/#primaryimage"},"image":{"@id":"https:\/\/www.eliassen.nl\/de\/gedenkstein-hund-20cm\/#primaryimage"},"thumbnailUrl":"https:\/\/www.eliassen.nl\/wp-content\/uploads\/2024\/01\/processed3069fa42517440fe90ff9c54eacddf74vtd.jpg","datePublished":"2021-09-09T11:44:48+00:00","dateModified":"2026-01-16T12:59:43+00:00","description":"Steinstatue Hund zur Verwendung als Dekoration oder Gedenkstein. Handgemacht. F\u00fcr den Innen- und Au\u00dfenbereich geeignet. Nirgendwo sonst zu verkaufen!","breadcrumb":{"@id":"https:\/\/www.eliassen.nl\/de\/gedenkstein-hund-20cm\/#breadcrumb"},"inLanguage":"de","potentialAction":[{"@type":"ReadAction","target":["https:\/\/www.eliassen.nl\/de\/gedenkstein-hund-20cm\/"]}]},{"@type":"ImageObject","inLanguage":"de","@id":"https:\/\/www.eliassen.nl\/de\/gedenkstein-hund-20cm\/#primaryimage","url":"https:\/\/www.eliassen.nl\/wp-content\/uploads\/2024\/01\/processed3069fa42517440fe90ff9c54eacddf74vtd.jpg","contentUrl":"https:\/\/www.eliassen.nl\/wp-content\/uploads\/2024\/01\/processed3069fa42517440fe90ff9c54eacddf74vtd.jpg","width":2048,"height":1997,"caption":"processed-3069fa42-5174-40fe-90ff-9c54eacddf74_vtD4RGb3"},{"@type":"BreadcrumbList","@id":"https:\/\/www.eliassen.nl\/de\/gedenkstein-hund-20cm\/#breadcrumb","itemListElement":[{"@type":"ListItem","position":1,"name":"Home","item":"https:\/\/www.eliassen.nl\/de\/"},{"@type":"ListItem","position":2,"name":"Shop","item":"https:\/\/www.eliassen.nl\/de\/shop\/"},{"@type":"ListItem","position":3,"name":"Bilder","item":"https:\/\/www.eliassen.nl\/de\/bilder\/"},{"@type":"ListItem","position":4,"name":"Statuen aus Naturstein","item":"https:\/\/www.eliassen.nl\/de\/bilder\/statuen-aus-naturstein\/"},{"@type":"ListItem","position":5,"name":"Gedenkstein Hund 20cm"}]},{"@type":"WebSite","@id":"https:\/\/www.eliassen.nl\/de\/#website","url":"https:\/\/www.eliassen.nl\/de\/","name":"Eliassen Home & Garden Pleasure","description":"","publisher":{"@id":"https:\/\/www.eliassen.nl\/de\/#organization"},"alternateName":"Eliassen.nl","potentialAction":[{"@type":"SearchAction","target":{"@type":"EntryPoint","urlTemplate":"https:\/\/www.eliassen.nl\/de\/?s={search_term_string}"},"query-input":{"@type":"PropertyValueSpecification","valueRequired":true,"valueName":"search_term_string"}}],"inLanguage":"de"},{"@type":["Organization","Place"],"@id":"https:\/\/www.eliassen.nl\/de\/#organization","name":"Eliassen Home & Garden Pleasure","url":"https:\/\/www.eliassen.nl\/de\/","logo":{"@id":"https:\/\/www.eliassen.nl\/de\/gedenkstein-hund-20cm\/#local-main-organization-logo"},"image":{"@id":"https:\/\/www.eliassen.nl\/de\/gedenkstein-hund-20cm\/#local-main-organization-logo"},"sameAs":["https:\/\/www.facebook.com\/TuincentrumEliassenAmmerzoden","https:\/\/www.instagram.com\/eliassenhomeandgarden\/","https:\/\/nl.pinterest.com\/eliassenhomeandgarden\/","https:\/\/www.youtube.com\/@eliassenhomegardenpleasure4558"],"telephone":[],"openingHoursSpecification":[{"@type":"OpeningHoursSpecification","dayOfWeek":["Monday","Tuesday","Wednesday","Thursday","Friday","Saturday","Sunday"],"opens":"09:00","closes":"17:00"}]},{"@type":"ImageObject","inLanguage":"de","@id":"https:\/\/www.eliassen.nl\/de\/gedenkstein-hund-20cm\/#local-main-organization-logo","url":"https:\/\/www.eliassen.nl\/wp-content\/uploads\/2024\/01\/logo_4nd.jpg","contentUrl":"https:\/\/www.eliassen.nl\/wp-content\/uploads\/2024\/01\/logo_4nd.jpg","width":500,"height":500,"caption":"Eliassen Home & Garden Pleasure"}]},"product_price_amount":"29.50","product_price_currency":"EUR","og_availability":"instock","product_availability":"instock","product_retailer_item_id":"Gdshond20","product_condition":"new"},"df_price":29.5,"df_sale_price":"","df_regular_price":29.5,"df_image_link":"https:\/\/www.eliassen.nl\/wp-content\/uploads\/2024\/01\/processed3069fa42517440fe90ff9c54eacddf74vtd.jpg","image":"https:\/\/www.eliassen.nl\/wp-content\/uploads\/2024\/01\/processed3069fa42517440fe90ff9c54eacddf74vtd.jpg","price_search":"<span class=\"woocommerce-Price-amount amount\"><bdi><span class=\"woocommerce-Price-currencySymbol\">&euro;<\/span>&nbsp;29,50<\/bdi><\/span>","category":"Statuen aus Naturstein","global_unique_id":"6096515163129","_links":{"self":[{"href":"https:\/\/www.eliassen.nl\/de\/wp-json\/wp\/v2\/product\/53410","targetHints":{"allow":["GET"]}}],"collection":[{"href":"https:\/\/www.eliassen.nl\/de\/wp-json\/wp\/v2\/product"}],"about":[{"href":"https:\/\/www.eliassen.nl\/de\/wp-json\/wp\/v2\/types\/product"}],"wp:featuredmedia":[{"embeddable":true,"href":"https:\/\/www.eliassen.nl\/de\/wp-json\/wp\/v2\/media\/53401"}],"wp:attachment":[{"href":"https:\/\/www.eliassen.nl\/de\/wp-json\/wp\/v2\/media?parent=53410"}],"wp:term":[{"taxonomy":"product_brand","embeddable":true,"href":"https:\/\/www.eliassen.nl\/de\/wp-json\/wp\/v2\/product_brand?post=53410"},{"taxonomy":"product_cat","embeddable":true,"href":"https:\/\/www.eliassen.nl\/de\/wp-json\/wp\/v2\/product_cat?post=53410"},{"taxonomy":"product_tag","embeddable":true,"href":"https:\/\/www.eliassen.nl\/de\/wp-json\/wp\/v2\/product_tag?post=53410"}],"curies":[{"name":"wp","href":"https:\/\/api.w.org\/{rel}","templated":true}]}}