{"id":53347,"date":"2021-09-09T11:27:04","date_gmt":"2021-09-09T11:27:04","guid":{"rendered":"https:\/\/www.eliassen.nl\/?product=dieren-urn-libelle-15cm"},"modified":"2026-01-16T13:59:52","modified_gmt":"2026-01-16T12:59:52","slug":"tierurne-libelle-15cm","status":"publish","type":"product","link":"https:\/\/www.eliassen.nl\/de\/tierurne-libelle-15cm\/","title":{"rendered":"Tierische Urne Libelle 15cm"},"content":{"rendered":"<p>Tierische Urne, mit sch\u00f6nem Bild einer Libelle auf Stein, handgefertigt auf einem ca. 15cm gro\u00dfen Felsbrocken. Verf\u00fcgt \u00fcber einen kleinen 45&#215;30 mm gro\u00dfen Edelstahlbeh\u00e4lter mit Schraubdeckel zur feuchtigkeitsgesch\u00fctzten Aufbewahrung von Asche, den Sie im Boden befestigen k\u00f6nnen, um die Asche f\u00fcr Ihr geliebtes verstorbenes Haustier aufzubewahren. Zun\u00e4chst wird das Bild auf den Felsen gezeichnet, dann werden mit einem Mei\u00dfel die Linien und einige Fl\u00e4chen herausgearbeitet, wodurch Tiefenunterschiede entstehen. Die h\u00f6chsten Teile werden dann sorgf\u00e4ltig poliert. Eine gewaltige Arbeit, aber das Ergebnis ist es wert.<\/p>\n<p>Dieser handgeschnitzte Urnenstein kann im Innenbereich verwendet werden, aber nat\u00fcrlich auch im Freien. Da diese Aschenurne auch im Freien sch\u00f6n bleibt, k\u00f6nnen Sie sich einen sch\u00f6nen und denkw\u00fcrdigen Platz daf\u00fcr suchen.<\/p>\n<p><strong>Das Foto ist nur ein Beispiel, da es sich um ein Naturprodukt handelt und jedes Exemplar in Form, Farbe oder Aussehen unterschiedlich sein kann. Hierauf k\u00f6nnen keine Anspr\u00fcche erhoben werden.<\/strong><\/p>\n<ul>\n<li>Gr\u00f6\u00dfe: ca. 18x14x9cm hoch<\/li>\n<li>Gewicht: Ca. 3,3kg<\/li>\n<li>Nirgendwo sonst zu verkaufen<\/li>\n<li>Sie besitzen einen begrenzten Bestand.<\/li>\n<\/ul>\n","protected":false},"excerpt":{"rendered":"<p>Tierische Urne, mit sch\u00f6nem Bild einer Libelle auf Stein, handgefertigt auf einem ca. 15cm gro\u00dfen Felsbrocken. Verf\u00fcgt \u00fcber einen kleinen 45&#215;30 mm gro\u00dfen Edelstahlbeh\u00e4lter mit Schraubdeckel zur feuchtigkeitsgesch\u00fctzten Aufbewahrung von Asche, den Sie im Boden befestigen k\u00f6nnen, um die Asche f\u00fcr Ihr geliebtes verstorbenes Haustier aufzubewahren. Zun\u00e4chst wird das Bild auf den Felsen gezeichnet, dann &hellip;<\/p>\n","protected":false},"featured_media":53338,"template":"","meta":{"_acf_changed":false,"_genesis_title":"","_genesis_description":""},"product_brand":[7505],"product_cat":[1001,7239],"product_tag":[],"class_list":{"0":"post-53347","1":"product","2":"type-product","3":"status-publish","4":"has-post-thumbnail","6":"product_brand-sonstige","7":"product_cat-tierische-urne","8":"product_cat-bilder","10":"first","11":"instock","12":"sale","13":"taxable","14":"shipping-taxable","15":"purchasable","16":"product-type-simple"},"acf":[],"meta_all":{"total_sales":"1","wcml_sync_hash":{"postmeta_fields":"450b88f2fddb06db4a10958782d0548e"},"attr_label_translations":[],"cor_restricted_countries":[]},"meta_all_flat":{"total_sales":"1","wcml_sync_hash.postmeta_fields":"450b88f2fddb06db4a10958782d0548e"},"yoast_head":"<!-- This site is optimized with the Yoast SEO Premium plugin v26.2 (Yoast SEO v27.2) - https:\/\/yoast.com\/product\/yoast-seo-premium-wordpress\/ -->\n<title>Tierische Urne Libelle 15cm - Eliassen<\/title>\n<meta name=\"description\" content=\"Suchen Sie eine Tierurne? Jetzt bestellen Tierurne Libelle 15cm. Kaufen Sie Felsbrocken ganz einfach auf unserer Website. Gro\u00dfe Auswahl \u2713 Schnelle Lieferung\" \/>\n<meta name=\"robots\" content=\"index, follow, max-snippet:-1, max-image-preview:large, max-video-preview:-1\" \/>\n<link rel=\"canonical\" href=\"https:\/\/www.eliassen.nl\/de\/tierurne-libelle-15cm\/\" \/>\n<meta property=\"og:locale\" content=\"de_DE\" \/>\n<meta property=\"og:type\" content=\"article\" \/>\n<meta property=\"og:title\" content=\"Sonstige Tierische Urne Libelle 15cm - Eliassen.nl\" \/>\n<meta property=\"og:description\" content=\"Suchen Sie eine Tierurne? Jetzt bestellen Tierurne Libelle 15cm. Kaufen Sie Felsbrocken ganz einfach auf unserer Website. Gro\u00dfe Auswahl \u2713 Schnelle Lieferung\" \/>\n<meta property=\"og:url\" content=\"https:\/\/www.eliassen.nl\/de\/tierurne-libelle-15cm\/\" \/>\n<meta property=\"og:site_name\" content=\"Eliassen.nl\" \/>\n<meta property=\"article:publisher\" content=\"https:\/\/www.facebook.com\/TuincentrumEliassenAmmerzoden\" \/>\n<meta property=\"article:modified_time\" content=\"2026-01-16T12:59:52+00:00\" \/>\n<meta property=\"og:image\" content=\"https:\/\/www.eliassen.nl\/wp-content\/uploads\/2024\/01\/eliassendierenurnlibelle15cm.jpg\" \/>\n\t<meta property=\"og:image:width\" content=\"2048\" \/>\n\t<meta property=\"og:image:height\" content=\"1536\" \/>\n\t<meta property=\"og:image:type\" content=\"image\/jpeg\" \/>\n<meta name=\"twitter:card\" content=\"summary_large_image\" \/>\n<script type=\"application\/ld+json\" class=\"yoast-schema-graph\">{\"@context\":\"https:\/\/schema.org\",\"@graph\":[{\"@type\":\"WebPage\",\"@id\":\"https:\/\/www.eliassen.nl\/de\/tierurne-libelle-15cm\/\",\"url\":\"https:\/\/www.eliassen.nl\/de\/tierurne-libelle-15cm\/\",\"name\":\"Tierische Urne Libelle 15cm - Eliassen\",\"isPartOf\":{\"@id\":\"https:\/\/www.eliassen.nl\/de\/#website\"},\"primaryImageOfPage\":{\"@id\":\"https:\/\/www.eliassen.nl\/de\/tierurne-libelle-15cm\/#primaryimage\"},\"image\":{\"@id\":\"https:\/\/www.eliassen.nl\/de\/tierurne-libelle-15cm\/#primaryimage\"},\"thumbnailUrl\":\"https:\/\/www.eliassen.nl\/wp-content\/uploads\/2024\/01\/eliassendierenurnlibelle15cm.jpg\",\"datePublished\":\"2021-09-09T11:27:04+00:00\",\"dateModified\":\"2026-01-16T12:59:52+00:00\",\"description\":\"Suchen Sie eine Tierurne? Jetzt bestellen Tierurne Libelle 15cm. Kaufen Sie Felsbrocken ganz einfach auf unserer Website. Gro\u00dfe Auswahl \u2713 Schnelle Lieferung\",\"breadcrumb\":{\"@id\":\"https:\/\/www.eliassen.nl\/de\/tierurne-libelle-15cm\/#breadcrumb\"},\"inLanguage\":\"de\",\"potentialAction\":[{\"@type\":\"ReadAction\",\"target\":[\"https:\/\/www.eliassen.nl\/de\/tierurne-libelle-15cm\/\"]}]},{\"@type\":\"ImageObject\",\"inLanguage\":\"de\",\"@id\":\"https:\/\/www.eliassen.nl\/de\/tierurne-libelle-15cm\/#primaryimage\",\"url\":\"https:\/\/www.eliassen.nl\/wp-content\/uploads\/2024\/01\/eliassendierenurnlibelle15cm.jpg\",\"contentUrl\":\"https:\/\/www.eliassen.nl\/wp-content\/uploads\/2024\/01\/eliassendierenurnlibelle15cm.jpg\",\"width\":2048,\"height\":1536,\"caption\":\"Eliassen Tier-Urne Libelle 15cm\"},{\"@type\":\"BreadcrumbList\",\"@id\":\"https:\/\/www.eliassen.nl\/de\/tierurne-libelle-15cm\/#breadcrumb\",\"itemListElement\":[{\"@type\":\"ListItem\",\"position\":1,\"name\":\"Home\",\"item\":\"https:\/\/www.eliassen.nl\/de\/\"},{\"@type\":\"ListItem\",\"position\":2,\"name\":\"Shop\",\"item\":\"https:\/\/www.eliassen.nl\/de\/shop\/\"},{\"@type\":\"ListItem\",\"position\":3,\"name\":\"Bilder\",\"item\":\"https:\/\/www.eliassen.nl\/de\/bilder\/\"},{\"@type\":\"ListItem\",\"position\":4,\"name\":\"tierische Urne\",\"item\":\"https:\/\/www.eliassen.nl\/de\/bilder\/tierische-urne\/\"},{\"@type\":\"ListItem\",\"position\":5,\"name\":\"Tierische Urne Libelle 15cm\"}]},{\"@type\":\"WebSite\",\"@id\":\"https:\/\/www.eliassen.nl\/de\/#website\",\"url\":\"https:\/\/www.eliassen.nl\/de\/\",\"name\":\"Eliassen Home & Garden Pleasure\",\"description\":\"\",\"publisher\":{\"@id\":\"https:\/\/www.eliassen.nl\/de\/#organization\"},\"alternateName\":\"Eliassen.nl\",\"potentialAction\":[{\"@type\":\"SearchAction\",\"target\":{\"@type\":\"EntryPoint\",\"urlTemplate\":\"https:\/\/www.eliassen.nl\/de\/?s={search_term_string}\"},\"query-input\":{\"@type\":\"PropertyValueSpecification\",\"valueRequired\":true,\"valueName\":\"search_term_string\"}}],\"inLanguage\":\"de\"},{\"@type\":[\"Organization\",\"Place\"],\"@id\":\"https:\/\/www.eliassen.nl\/de\/#organization\",\"name\":\"Eliassen Home & Garden Pleasure\",\"url\":\"https:\/\/www.eliassen.nl\/de\/\",\"logo\":{\"@id\":\"https:\/\/www.eliassen.nl\/de\/tierurne-libelle-15cm\/#local-main-organization-logo\"},\"image\":{\"@id\":\"https:\/\/www.eliassen.nl\/de\/tierurne-libelle-15cm\/#local-main-organization-logo\"},\"sameAs\":[\"https:\/\/www.facebook.com\/TuincentrumEliassenAmmerzoden\",\"https:\/\/www.instagram.com\/eliassenhomeandgarden\/\",\"https:\/\/nl.pinterest.com\/eliassenhomeandgarden\/\",\"https:\/\/www.youtube.com\/@eliassenhomegardenpleasure4558\"],\"telephone\":[],\"openingHoursSpecification\":[{\"@type\":\"OpeningHoursSpecification\",\"dayOfWeek\":[\"Monday\",\"Tuesday\",\"Wednesday\",\"Thursday\",\"Friday\",\"Saturday\",\"Sunday\"],\"opens\":\"09:00\",\"closes\":\"17:00\"}]},{\"@type\":\"ImageObject\",\"inLanguage\":\"de\",\"@id\":\"https:\/\/www.eliassen.nl\/de\/tierurne-libelle-15cm\/#local-main-organization-logo\",\"url\":\"https:\/\/www.eliassen.nl\/wp-content\/uploads\/2024\/01\/logo_4nd.jpg\",\"contentUrl\":\"https:\/\/www.eliassen.nl\/wp-content\/uploads\/2024\/01\/logo_4nd.jpg\",\"width\":500,\"height\":500,\"caption\":\"Eliassen Home & Garden Pleasure\"}]}<\/script>\n<meta property=\"product:price:amount\" content=\"44.50\" \/>\n<meta property=\"product:price:currency\" content=\"EUR\" \/>\n<meta property=\"og:availability\" content=\"instock\" \/>\n<meta property=\"product:availability\" content=\"instock\" \/>\n<meta property=\"product:retailer_item_id\" content=\"Dul15\" \/>\n<meta property=\"product:condition\" content=\"new\" \/>\n<!-- \/ Yoast SEO Premium plugin. -->","yoast_head_json":{"title":"Tierische Urne Libelle 15cm - Eliassen","description":"Suchen Sie eine Tierurne? Jetzt bestellen Tierurne Libelle 15cm. Kaufen Sie Felsbrocken ganz einfach auf unserer Website. Gro\u00dfe Auswahl \u2713 Schnelle Lieferung","robots":{"index":"index","follow":"follow","max-snippet":"max-snippet:-1","max-image-preview":"max-image-preview:large","max-video-preview":"max-video-preview:-1"},"canonical":"https:\/\/www.eliassen.nl\/de\/tierurne-libelle-15cm\/","og_locale":"de_DE","og_type":"article","og_title":"Sonstige Tierische Urne Libelle 15cm - Eliassen.nl","og_description":"Suchen Sie eine Tierurne? Jetzt bestellen Tierurne Libelle 15cm. Kaufen Sie Felsbrocken ganz einfach auf unserer Website. Gro\u00dfe Auswahl \u2713 Schnelle Lieferung","og_url":"https:\/\/www.eliassen.nl\/de\/tierurne-libelle-15cm\/","og_site_name":"Eliassen.nl","article_publisher":"https:\/\/www.facebook.com\/TuincentrumEliassenAmmerzoden","article_modified_time":"2026-01-16T12:59:52+00:00","og_image":[{"width":2048,"height":1536,"url":"https:\/\/www.eliassen.nl\/wp-content\/uploads\/2024\/01\/eliassendierenurnlibelle15cm.jpg","type":"image\/jpeg"}],"twitter_card":"summary_large_image","schema":{"@context":"https:\/\/schema.org","@graph":[{"@type":"WebPage","@id":"https:\/\/www.eliassen.nl\/de\/tierurne-libelle-15cm\/","url":"https:\/\/www.eliassen.nl\/de\/tierurne-libelle-15cm\/","name":"Tierische Urne Libelle 15cm - Eliassen","isPartOf":{"@id":"https:\/\/www.eliassen.nl\/de\/#website"},"primaryImageOfPage":{"@id":"https:\/\/www.eliassen.nl\/de\/tierurne-libelle-15cm\/#primaryimage"},"image":{"@id":"https:\/\/www.eliassen.nl\/de\/tierurne-libelle-15cm\/#primaryimage"},"thumbnailUrl":"https:\/\/www.eliassen.nl\/wp-content\/uploads\/2024\/01\/eliassendierenurnlibelle15cm.jpg","datePublished":"2021-09-09T11:27:04+00:00","dateModified":"2026-01-16T12:59:52+00:00","description":"Suchen Sie eine Tierurne? Jetzt bestellen Tierurne Libelle 15cm. Kaufen Sie Felsbrocken ganz einfach auf unserer Website. Gro\u00dfe Auswahl \u2713 Schnelle Lieferung","breadcrumb":{"@id":"https:\/\/www.eliassen.nl\/de\/tierurne-libelle-15cm\/#breadcrumb"},"inLanguage":"de","potentialAction":[{"@type":"ReadAction","target":["https:\/\/www.eliassen.nl\/de\/tierurne-libelle-15cm\/"]}]},{"@type":"ImageObject","inLanguage":"de","@id":"https:\/\/www.eliassen.nl\/de\/tierurne-libelle-15cm\/#primaryimage","url":"https:\/\/www.eliassen.nl\/wp-content\/uploads\/2024\/01\/eliassendierenurnlibelle15cm.jpg","contentUrl":"https:\/\/www.eliassen.nl\/wp-content\/uploads\/2024\/01\/eliassendierenurnlibelle15cm.jpg","width":2048,"height":1536,"caption":"Eliassen Tier-Urne Libelle 15cm"},{"@type":"BreadcrumbList","@id":"https:\/\/www.eliassen.nl\/de\/tierurne-libelle-15cm\/#breadcrumb","itemListElement":[{"@type":"ListItem","position":1,"name":"Home","item":"https:\/\/www.eliassen.nl\/de\/"},{"@type":"ListItem","position":2,"name":"Shop","item":"https:\/\/www.eliassen.nl\/de\/shop\/"},{"@type":"ListItem","position":3,"name":"Bilder","item":"https:\/\/www.eliassen.nl\/de\/bilder\/"},{"@type":"ListItem","position":4,"name":"tierische Urne","item":"https:\/\/www.eliassen.nl\/de\/bilder\/tierische-urne\/"},{"@type":"ListItem","position":5,"name":"Tierische Urne Libelle 15cm"}]},{"@type":"WebSite","@id":"https:\/\/www.eliassen.nl\/de\/#website","url":"https:\/\/www.eliassen.nl\/de\/","name":"Eliassen Home & Garden Pleasure","description":"","publisher":{"@id":"https:\/\/www.eliassen.nl\/de\/#organization"},"alternateName":"Eliassen.nl","potentialAction":[{"@type":"SearchAction","target":{"@type":"EntryPoint","urlTemplate":"https:\/\/www.eliassen.nl\/de\/?s={search_term_string}"},"query-input":{"@type":"PropertyValueSpecification","valueRequired":true,"valueName":"search_term_string"}}],"inLanguage":"de"},{"@type":["Organization","Place"],"@id":"https:\/\/www.eliassen.nl\/de\/#organization","name":"Eliassen Home & Garden Pleasure","url":"https:\/\/www.eliassen.nl\/de\/","logo":{"@id":"https:\/\/www.eliassen.nl\/de\/tierurne-libelle-15cm\/#local-main-organization-logo"},"image":{"@id":"https:\/\/www.eliassen.nl\/de\/tierurne-libelle-15cm\/#local-main-organization-logo"},"sameAs":["https:\/\/www.facebook.com\/TuincentrumEliassenAmmerzoden","https:\/\/www.instagram.com\/eliassenhomeandgarden\/","https:\/\/nl.pinterest.com\/eliassenhomeandgarden\/","https:\/\/www.youtube.com\/@eliassenhomegardenpleasure4558"],"telephone":[],"openingHoursSpecification":[{"@type":"OpeningHoursSpecification","dayOfWeek":["Monday","Tuesday","Wednesday","Thursday","Friday","Saturday","Sunday"],"opens":"09:00","closes":"17:00"}]},{"@type":"ImageObject","inLanguage":"de","@id":"https:\/\/www.eliassen.nl\/de\/tierurne-libelle-15cm\/#local-main-organization-logo","url":"https:\/\/www.eliassen.nl\/wp-content\/uploads\/2024\/01\/logo_4nd.jpg","contentUrl":"https:\/\/www.eliassen.nl\/wp-content\/uploads\/2024\/01\/logo_4nd.jpg","width":500,"height":500,"caption":"Eliassen Home & Garden Pleasure"}]},"product_price_amount":"44.50","product_price_currency":"EUR","og_availability":"instock","product_availability":"instock","product_retailer_item_id":"Dul15","product_condition":"new"},"df_price":44.5,"df_sale_price":44.5,"df_regular_price":59.5,"df_image_link":"https:\/\/www.eliassen.nl\/wp-content\/uploads\/2024\/01\/eliassendierenurnlibelle15cm.jpg","image":"https:\/\/www.eliassen.nl\/wp-content\/uploads\/2024\/01\/eliassendierenurnlibelle15cm.jpg","price_search":"<span class=\"woocommerce-Price-amount amount\"><bdi><span class=\"woocommerce-Price-currencySymbol\">&euro;<\/span>&nbsp;44,50<\/bdi><\/span>","category":"tierische Urne","global_unique_id":"6096538838875","_links":{"self":[{"href":"https:\/\/www.eliassen.nl\/de\/wp-json\/wp\/v2\/product\/53347","targetHints":{"allow":["GET"]}}],"collection":[{"href":"https:\/\/www.eliassen.nl\/de\/wp-json\/wp\/v2\/product"}],"about":[{"href":"https:\/\/www.eliassen.nl\/de\/wp-json\/wp\/v2\/types\/product"}],"wp:featuredmedia":[{"embeddable":true,"href":"https:\/\/www.eliassen.nl\/de\/wp-json\/wp\/v2\/media\/53338"}],"wp:attachment":[{"href":"https:\/\/www.eliassen.nl\/de\/wp-json\/wp\/v2\/media?parent=53347"}],"wp:term":[{"taxonomy":"product_brand","embeddable":true,"href":"https:\/\/www.eliassen.nl\/de\/wp-json\/wp\/v2\/product_brand?post=53347"},{"taxonomy":"product_cat","embeddable":true,"href":"https:\/\/www.eliassen.nl\/de\/wp-json\/wp\/v2\/product_cat?post=53347"},{"taxonomy":"product_tag","embeddable":true,"href":"https:\/\/www.eliassen.nl\/de\/wp-json\/wp\/v2\/product_tag?post=53347"}],"curies":[{"name":"wp","href":"https:\/\/api.w.org\/{rel}","templated":true}]}}