{"id":53245,"date":"2021-09-08T11:11:09","date_gmt":"2021-09-08T11:11:09","guid":{"rendered":"https:\/\/www.eliassen.nl\/?product=as-urn-2-harten-30cm"},"modified":"2026-01-16T13:59:25","modified_gmt":"2026-01-16T12:59:25","slug":"tierurne-2-herzen-30cm","status":"publish","type":"product","link":"https:\/\/www.eliassen.nl\/de\/tierurne-2-herzen-30cm\/","title":{"rendered":"Tier Urne 2 Herzen 30cm"},"content":{"rendered":"<p>Tierische Urne, mit sch\u00f6nem Herzmotiv auf Stein, handgefertigt auf einem Felsblock, ca. 25-30cm breit. Verf\u00fcgt \u00fcber einen kleinen 45&#215;30 mm gro\u00dfen Edelstahlbeh\u00e4lter mit Schraubdeckel zur feuchtigkeitsgesch\u00fctzten Aufbewahrung von Asche, den Sie im Boden befestigen k\u00f6nnen, um die Asche f\u00fcr Ihr geliebtes verstorbenes Haustier aufzubewahren. Zun\u00e4chst wird das Bild auf den Felsen gezeichnet, dann werden mit einem Mei\u00dfel die Linien und einige Fl\u00e4chen herausgearbeitet, wodurch Tiefenunterschiede entstehen. Die h\u00f6chsten Teile werden dann sorgf\u00e4ltig poliert. Eine gewaltige Arbeit, aber das Ergebnis ist es wert.<\/p>\n<p>Dieser handgeschnitzte Urnenstein kann im Innenbereich verwendet werden, aber nat\u00fcrlich auch im Freien. Da diese Aschenurne auch im Freien sch\u00f6n bleibt, k\u00f6nnen Sie sich einen sch\u00f6nen und denkw\u00fcrdigen Platz daf\u00fcr suchen.<\/p>\n<p><strong>Das Foto ist nur ein Beispiel, da es sich um ein Naturprodukt handelt und jedes Exemplar in Form, Farbe oder Aussehen unterschiedlich sein kann. Hierauf k\u00f6nnen keine Anspr\u00fcche erhoben werden.<\/strong><\/p>\n<ul>\n<li>Gr\u00f6\u00dfe: ca. 30x21x16cm hoch<\/li>\n<li>Gewicht: Ca. 13,3kg<\/li>\n<li>Nirgendwo sonst zu verkaufen<\/li>\n<li>Sie besitzen einen begrenzten Bestand.<\/li>\n<\/ul>\n","protected":false},"excerpt":{"rendered":"<p>Tierische Urne, mit sch\u00f6nem Herzmotiv auf Stein, handgefertigt auf einem Felsblock, ca. 25-30cm breit. Verf\u00fcgt \u00fcber einen kleinen 45&#215;30 mm gro\u00dfen Edelstahlbeh\u00e4lter mit Schraubdeckel zur feuchtigkeitsgesch\u00fctzten Aufbewahrung von Asche, den Sie im Boden befestigen k\u00f6nnen, um die Asche f\u00fcr Ihr geliebtes verstorbenes Haustier aufzubewahren. Zun\u00e4chst wird das Bild auf den Felsen gezeichnet, dann werden mit &hellip;<\/p>\n","protected":false},"featured_media":53236,"template":"","meta":{"_acf_changed":false,"_genesis_title":"","_genesis_description":""},"product_brand":[7505],"product_cat":[1364,1001,7239],"product_tag":[],"class_list":{"0":"post-53245","1":"product","2":"type-product","3":"status-publish","4":"has-post-thumbnail","6":"product_brand-sonstige","7":"product_cat-figuren-liebe","8":"product_cat-tierische-urne","9":"product_cat-bilder","11":"first","12":"instock","13":"sale","14":"taxable","15":"shipping-taxable","16":"purchasable","17":"product-type-simple"},"acf":[],"meta_all":{"total_sales":"0","wcml_sync_hash":{"postmeta_fields":"dd7378d426c4bcae21bf548c0205cc86"},"attr_label_translations":[],"cor_restricted_countries":[]},"meta_all_flat":{"total_sales":"0","wcml_sync_hash.postmeta_fields":"dd7378d426c4bcae21bf548c0205cc86"},"yoast_head":"<!-- This site is optimized with the Yoast SEO Premium plugin v26.2 (Yoast SEO v27.2) - https:\/\/yoast.com\/product\/yoast-seo-premium-wordpress\/ -->\n<title>Tier Urne 2 Herzen 30cm<\/title>\n<meta name=\"description\" content=\"Urne f\u00fcr Ihr verstorbenes Haustier? Gro\u00dfe Auswahl, schnelle Lieferung\" \/>\n<meta name=\"robots\" content=\"index, follow, max-snippet:-1, max-image-preview:large, max-video-preview:-1\" \/>\n<link rel=\"canonical\" href=\"https:\/\/www.eliassen.nl\/de\/tierurne-2-herzen-30cm\/\" \/>\n<meta property=\"og:locale\" content=\"de_DE\" \/>\n<meta property=\"og:type\" content=\"article\" \/>\n<meta property=\"og:title\" content=\"Sonstige Tier Urne 2 Herzen 30cm - Eliassen.nl\" \/>\n<meta property=\"og:description\" content=\"Urne f\u00fcr Ihr verstorbenes Haustier? Gro\u00dfe Auswahl, schnelle Lieferung\" \/>\n<meta property=\"og:url\" content=\"https:\/\/www.eliassen.nl\/de\/tierurne-2-herzen-30cm\/\" \/>\n<meta property=\"og:site_name\" content=\"Eliassen.nl\" \/>\n<meta property=\"article:publisher\" content=\"https:\/\/www.facebook.com\/TuincentrumEliassenAmmerzoden\" \/>\n<meta property=\"article:modified_time\" content=\"2026-01-16T12:59:25+00:00\" \/>\n<meta property=\"og:image\" content=\"https:\/\/www.eliassen.nl\/wp-content\/uploads\/2024\/01\/doubleheart_2nd.jpg\" \/>\n\t<meta property=\"og:image:width\" content=\"1068\" \/>\n\t<meta property=\"og:image:height\" content=\"800\" \/>\n\t<meta property=\"og:image:type\" content=\"image\/jpeg\" \/>\n<meta name=\"twitter:card\" content=\"summary_large_image\" \/>\n<script type=\"application\/ld+json\" class=\"yoast-schema-graph\">{\"@context\":\"https:\/\/schema.org\",\"@graph\":[{\"@type\":\"WebPage\",\"@id\":\"https:\/\/www.eliassen.nl\/de\/tierurne-2-herzen-30cm\/\",\"url\":\"https:\/\/www.eliassen.nl\/de\/tierurne-2-herzen-30cm\/\",\"name\":\"Tier Urne 2 Herzen 30cm\",\"isPartOf\":{\"@id\":\"https:\/\/www.eliassen.nl\/de\/#website\"},\"primaryImageOfPage\":{\"@id\":\"https:\/\/www.eliassen.nl\/de\/tierurne-2-herzen-30cm\/#primaryimage\"},\"image\":{\"@id\":\"https:\/\/www.eliassen.nl\/de\/tierurne-2-herzen-30cm\/#primaryimage\"},\"thumbnailUrl\":\"https:\/\/www.eliassen.nl\/wp-content\/uploads\/2024\/01\/doubleheart_2nd.jpg\",\"datePublished\":\"2021-09-08T11:11:09+00:00\",\"dateModified\":\"2026-01-16T12:59:25+00:00\",\"description\":\"Urne f\u00fcr Ihr verstorbenes Haustier? Gro\u00dfe Auswahl, schnelle Lieferung\",\"breadcrumb\":{\"@id\":\"https:\/\/www.eliassen.nl\/de\/tierurne-2-herzen-30cm\/#breadcrumb\"},\"inLanguage\":\"de\",\"potentialAction\":[{\"@type\":\"ReadAction\",\"target\":[\"https:\/\/www.eliassen.nl\/de\/tierurne-2-herzen-30cm\/\"]}]},{\"@type\":\"ImageObject\",\"inLanguage\":\"de\",\"@id\":\"https:\/\/www.eliassen.nl\/de\/tierurne-2-herzen-30cm\/#primaryimage\",\"url\":\"https:\/\/www.eliassen.nl\/wp-content\/uploads\/2024\/01\/doubleheart_2nd.jpg\",\"contentUrl\":\"https:\/\/www.eliassen.nl\/wp-content\/uploads\/2024\/01\/doubleheart_2nd.jpg\",\"width\":1068,\"height\":800,\"caption\":\"Doppelherz\"},{\"@type\":\"BreadcrumbList\",\"@id\":\"https:\/\/www.eliassen.nl\/de\/tierurne-2-herzen-30cm\/#breadcrumb\",\"itemListElement\":[{\"@type\":\"ListItem\",\"position\":1,\"name\":\"Home\",\"item\":\"https:\/\/www.eliassen.nl\/de\/\"},{\"@type\":\"ListItem\",\"position\":2,\"name\":\"Shop\",\"item\":\"https:\/\/www.eliassen.nl\/de\/shop\/\"},{\"@type\":\"ListItem\",\"position\":3,\"name\":\"Bilder\",\"item\":\"https:\/\/www.eliassen.nl\/de\/bilder\/\"},{\"@type\":\"ListItem\",\"position\":4,\"name\":\"Figuren Liebe\",\"item\":\"https:\/\/www.eliassen.nl\/de\/bilder\/figuren-liebe\/\"},{\"@type\":\"ListItem\",\"position\":5,\"name\":\"Tier Urne 2 Herzen 30cm\"}]},{\"@type\":\"WebSite\",\"@id\":\"https:\/\/www.eliassen.nl\/de\/#website\",\"url\":\"https:\/\/www.eliassen.nl\/de\/\",\"name\":\"Eliassen Home & Garden Pleasure\",\"description\":\"\",\"publisher\":{\"@id\":\"https:\/\/www.eliassen.nl\/de\/#organization\"},\"alternateName\":\"Eliassen.nl\",\"potentialAction\":[{\"@type\":\"SearchAction\",\"target\":{\"@type\":\"EntryPoint\",\"urlTemplate\":\"https:\/\/www.eliassen.nl\/de\/?s={search_term_string}\"},\"query-input\":{\"@type\":\"PropertyValueSpecification\",\"valueRequired\":true,\"valueName\":\"search_term_string\"}}],\"inLanguage\":\"de\"},{\"@type\":[\"Organization\",\"Place\"],\"@id\":\"https:\/\/www.eliassen.nl\/de\/#organization\",\"name\":\"Eliassen Home & Garden Pleasure\",\"url\":\"https:\/\/www.eliassen.nl\/de\/\",\"logo\":{\"@id\":\"https:\/\/www.eliassen.nl\/de\/tierurne-2-herzen-30cm\/#local-main-organization-logo\"},\"image\":{\"@id\":\"https:\/\/www.eliassen.nl\/de\/tierurne-2-herzen-30cm\/#local-main-organization-logo\"},\"sameAs\":[\"https:\/\/www.facebook.com\/TuincentrumEliassenAmmerzoden\",\"https:\/\/www.instagram.com\/eliassenhomeandgarden\/\",\"https:\/\/nl.pinterest.com\/eliassenhomeandgarden\/\",\"https:\/\/www.youtube.com\/@eliassenhomegardenpleasure4558\"],\"telephone\":[],\"openingHoursSpecification\":[{\"@type\":\"OpeningHoursSpecification\",\"dayOfWeek\":[\"Monday\",\"Tuesday\",\"Wednesday\",\"Thursday\",\"Friday\",\"Saturday\",\"Sunday\"],\"opens\":\"09:00\",\"closes\":\"17:00\"}]},{\"@type\":\"ImageObject\",\"inLanguage\":\"de\",\"@id\":\"https:\/\/www.eliassen.nl\/de\/tierurne-2-herzen-30cm\/#local-main-organization-logo\",\"url\":\"https:\/\/www.eliassen.nl\/wp-content\/uploads\/2024\/01\/logo_4nd.jpg\",\"contentUrl\":\"https:\/\/www.eliassen.nl\/wp-content\/uploads\/2024\/01\/logo_4nd.jpg\",\"width\":500,\"height\":500,\"caption\":\"Eliassen Home & Garden Pleasure\"}]}<\/script>\n<meta property=\"product:price:amount\" content=\"66.50\" \/>\n<meta property=\"product:price:currency\" content=\"EUR\" \/>\n<meta property=\"og:availability\" content=\"instock\" \/>\n<meta property=\"product:availability\" content=\"instock\" \/>\n<meta property=\"product:retailer_item_id\" content=\"Auhart30\" \/>\n<meta property=\"product:condition\" content=\"new\" \/>\n<!-- \/ Yoast SEO Premium plugin. -->","yoast_head_json":{"title":"Tier Urne 2 Herzen 30cm","description":"Urne f\u00fcr Ihr verstorbenes Haustier? Gro\u00dfe Auswahl, schnelle Lieferung","robots":{"index":"index","follow":"follow","max-snippet":"max-snippet:-1","max-image-preview":"max-image-preview:large","max-video-preview":"max-video-preview:-1"},"canonical":"https:\/\/www.eliassen.nl\/de\/tierurne-2-herzen-30cm\/","og_locale":"de_DE","og_type":"article","og_title":"Sonstige Tier Urne 2 Herzen 30cm - Eliassen.nl","og_description":"Urne f\u00fcr Ihr verstorbenes Haustier? Gro\u00dfe Auswahl, schnelle Lieferung","og_url":"https:\/\/www.eliassen.nl\/de\/tierurne-2-herzen-30cm\/","og_site_name":"Eliassen.nl","article_publisher":"https:\/\/www.facebook.com\/TuincentrumEliassenAmmerzoden","article_modified_time":"2026-01-16T12:59:25+00:00","og_image":[{"width":1068,"height":800,"url":"https:\/\/www.eliassen.nl\/wp-content\/uploads\/2024\/01\/doubleheart_2nd.jpg","type":"image\/jpeg"}],"twitter_card":"summary_large_image","schema":{"@context":"https:\/\/schema.org","@graph":[{"@type":"WebPage","@id":"https:\/\/www.eliassen.nl\/de\/tierurne-2-herzen-30cm\/","url":"https:\/\/www.eliassen.nl\/de\/tierurne-2-herzen-30cm\/","name":"Tier Urne 2 Herzen 30cm","isPartOf":{"@id":"https:\/\/www.eliassen.nl\/de\/#website"},"primaryImageOfPage":{"@id":"https:\/\/www.eliassen.nl\/de\/tierurne-2-herzen-30cm\/#primaryimage"},"image":{"@id":"https:\/\/www.eliassen.nl\/de\/tierurne-2-herzen-30cm\/#primaryimage"},"thumbnailUrl":"https:\/\/www.eliassen.nl\/wp-content\/uploads\/2024\/01\/doubleheart_2nd.jpg","datePublished":"2021-09-08T11:11:09+00:00","dateModified":"2026-01-16T12:59:25+00:00","description":"Urne f\u00fcr Ihr verstorbenes Haustier? Gro\u00dfe Auswahl, schnelle Lieferung","breadcrumb":{"@id":"https:\/\/www.eliassen.nl\/de\/tierurne-2-herzen-30cm\/#breadcrumb"},"inLanguage":"de","potentialAction":[{"@type":"ReadAction","target":["https:\/\/www.eliassen.nl\/de\/tierurne-2-herzen-30cm\/"]}]},{"@type":"ImageObject","inLanguage":"de","@id":"https:\/\/www.eliassen.nl\/de\/tierurne-2-herzen-30cm\/#primaryimage","url":"https:\/\/www.eliassen.nl\/wp-content\/uploads\/2024\/01\/doubleheart_2nd.jpg","contentUrl":"https:\/\/www.eliassen.nl\/wp-content\/uploads\/2024\/01\/doubleheart_2nd.jpg","width":1068,"height":800,"caption":"Doppelherz"},{"@type":"BreadcrumbList","@id":"https:\/\/www.eliassen.nl\/de\/tierurne-2-herzen-30cm\/#breadcrumb","itemListElement":[{"@type":"ListItem","position":1,"name":"Home","item":"https:\/\/www.eliassen.nl\/de\/"},{"@type":"ListItem","position":2,"name":"Shop","item":"https:\/\/www.eliassen.nl\/de\/shop\/"},{"@type":"ListItem","position":3,"name":"Bilder","item":"https:\/\/www.eliassen.nl\/de\/bilder\/"},{"@type":"ListItem","position":4,"name":"Figuren Liebe","item":"https:\/\/www.eliassen.nl\/de\/bilder\/figuren-liebe\/"},{"@type":"ListItem","position":5,"name":"Tier Urne 2 Herzen 30cm"}]},{"@type":"WebSite","@id":"https:\/\/www.eliassen.nl\/de\/#website","url":"https:\/\/www.eliassen.nl\/de\/","name":"Eliassen Home & Garden Pleasure","description":"","publisher":{"@id":"https:\/\/www.eliassen.nl\/de\/#organization"},"alternateName":"Eliassen.nl","potentialAction":[{"@type":"SearchAction","target":{"@type":"EntryPoint","urlTemplate":"https:\/\/www.eliassen.nl\/de\/?s={search_term_string}"},"query-input":{"@type":"PropertyValueSpecification","valueRequired":true,"valueName":"search_term_string"}}],"inLanguage":"de"},{"@type":["Organization","Place"],"@id":"https:\/\/www.eliassen.nl\/de\/#organization","name":"Eliassen Home & Garden Pleasure","url":"https:\/\/www.eliassen.nl\/de\/","logo":{"@id":"https:\/\/www.eliassen.nl\/de\/tierurne-2-herzen-30cm\/#local-main-organization-logo"},"image":{"@id":"https:\/\/www.eliassen.nl\/de\/tierurne-2-herzen-30cm\/#local-main-organization-logo"},"sameAs":["https:\/\/www.facebook.com\/TuincentrumEliassenAmmerzoden","https:\/\/www.instagram.com\/eliassenhomeandgarden\/","https:\/\/nl.pinterest.com\/eliassenhomeandgarden\/","https:\/\/www.youtube.com\/@eliassenhomegardenpleasure4558"],"telephone":[],"openingHoursSpecification":[{"@type":"OpeningHoursSpecification","dayOfWeek":["Monday","Tuesday","Wednesday","Thursday","Friday","Saturday","Sunday"],"opens":"09:00","closes":"17:00"}]},{"@type":"ImageObject","inLanguage":"de","@id":"https:\/\/www.eliassen.nl\/de\/tierurne-2-herzen-30cm\/#local-main-organization-logo","url":"https:\/\/www.eliassen.nl\/wp-content\/uploads\/2024\/01\/logo_4nd.jpg","contentUrl":"https:\/\/www.eliassen.nl\/wp-content\/uploads\/2024\/01\/logo_4nd.jpg","width":500,"height":500,"caption":"Eliassen Home & Garden Pleasure"}]},"product_price_amount":"66.50","product_price_currency":"EUR","og_availability":"instock","product_availability":"instock","product_retailer_item_id":"Auhart30","product_condition":"new"},"df_price":66.5,"df_sale_price":66.5,"df_regular_price":89,"df_image_link":"https:\/\/www.eliassen.nl\/wp-content\/uploads\/2024\/01\/doubleheart_2nd.jpg","image":"https:\/\/www.eliassen.nl\/wp-content\/uploads\/2024\/01\/doubleheart_2nd.jpg","price_search":"<span class=\"woocommerce-Price-amount amount\"><bdi><span class=\"woocommerce-Price-currencySymbol\">&euro;<\/span>&nbsp;66,50<\/bdi><\/span>","category":"Figuren Liebe","global_unique_id":"6096517250254","_links":{"self":[{"href":"https:\/\/www.eliassen.nl\/de\/wp-json\/wp\/v2\/product\/53245","targetHints":{"allow":["GET"]}}],"collection":[{"href":"https:\/\/www.eliassen.nl\/de\/wp-json\/wp\/v2\/product"}],"about":[{"href":"https:\/\/www.eliassen.nl\/de\/wp-json\/wp\/v2\/types\/product"}],"wp:featuredmedia":[{"embeddable":true,"href":"https:\/\/www.eliassen.nl\/de\/wp-json\/wp\/v2\/media\/53236"}],"wp:attachment":[{"href":"https:\/\/www.eliassen.nl\/de\/wp-json\/wp\/v2\/media?parent=53245"}],"wp:term":[{"taxonomy":"product_brand","embeddable":true,"href":"https:\/\/www.eliassen.nl\/de\/wp-json\/wp\/v2\/product_brand?post=53245"},{"taxonomy":"product_cat","embeddable":true,"href":"https:\/\/www.eliassen.nl\/de\/wp-json\/wp\/v2\/product_cat?post=53245"},{"taxonomy":"product_tag","embeddable":true,"href":"https:\/\/www.eliassen.nl\/de\/wp-json\/wp\/v2\/product_tag?post=53245"}],"curies":[{"name":"wp","href":"https:\/\/api.w.org\/{rel}","templated":true}]}}