{"id":53176,"date":"2021-09-06T17:10:56","date_gmt":"2021-09-06T17:10:56","guid":{"rendered":"https:\/\/www.eliassen.nl\/?product=schilderij-canvas-roze-bloemen-2-50x70cm"},"modified":"2026-01-07T13:26:05","modified_gmt":"2026-01-07T12:26:05","slug":"gemalde-leinwand-rosa-blumen-2-50x70cm","status":"publish","type":"product","link":"https:\/\/www.eliassen.nl\/de\/gemalde-leinwand-rosa-blumen-2-50x70cm\/","title":{"rendered":"Gem\u00e4lde Leinwand Rosa Blumen 2 50x70cm"},"content":{"rendered":"<p>M\u00f6chten Sie ein \u00d6lgem\u00e4lde, das auf altmodische Art und Weise und von den besten Kunsthandwerkern gemalt wurde? Dann ist diese Serie von Wanddekorationen genau das Richtige f\u00fcr Sie. Dieses gro\u00dfe Gem\u00e4lde, das Blumen darstellt, wurde sorgf\u00e4ltig mit den feinsten Farbkompositionen und mit gro\u00dfer Aufmerksamkeit f\u00fcr den letzten Schliff angefertigt!<br \/>Da es von Menschenhand gemacht ist, kann das Foto leicht von der Realit\u00e4t abweichen.<\/p>\n<p>Wir haben auch fast die gesamte Kollektion dieser Serie in unserem Gesch\u00e4ft, was in den Niederlanden einzigartig ist.<br \/>Nirgendwo finden Sie eine so gro\u00dfe Sammlung. Sie sind herzlich willkommen.<\/p>\n<ul>\n<li>  Gr\u00f6\u00dfe 50x70cm  <\/li>\n<li>  Silberner Holzrahmen, 5x2cm<\/li>\n<li>  Dickes und robustes echtes Segeltuch<\/li>\n<li>  Einfaches Aufh\u00e4ngen mit 1 Schraube<\/li>\n<li> Schnelle Lieferung<\/li>\n<li><strong>  Die gr\u00f6\u00dfte Sammlung in den Benelux-L\u00e4ndern, die Sie auch live sehen k\u00f6nnen.<\/strong><\/li>\n<li>1 Jahr Garantie<\/li>\n<\/ul>\n","protected":false},"excerpt":{"rendered":"<p>M\u00f6chten Sie ein \u00d6lgem\u00e4lde, das auf altmodische Art und Weise und von den besten Kunsthandwerkern gemalt wurde? Dann ist diese Serie von Wanddekorationen genau das Richtige f\u00fcr Sie. Dieses gro\u00dfe Gem\u00e4lde, das Blumen darstellt, wurde sorgf\u00e4ltig mit den feinsten Farbkompositionen und mit gro\u00dfer Aufmerksamkeit f\u00fcr den letzten Schliff angefertigt!Da es von Menschenhand gemacht ist, kann &hellip;<\/p>\n","protected":false},"featured_media":53173,"template":"","meta":{"_acf_changed":false,"_genesis_title":"","_genesis_description":""},"product_brand":[7505],"product_cat":[410,476],"product_tag":[],"class_list":{"0":"post-53176","1":"product","2":"type-product","3":"status-publish","4":"has-post-thumbnail","6":"product_brand-sonstige","7":"product_cat-gemaelde","8":"product_cat-gemaelde-auf-leinwand","10":"first","11":"instock","12":"taxable","13":"shipping-taxable","14":"purchasable","15":"product-type-simple"},"acf":[],"meta_all":{"total_sales":"0","wcml_sync_hash":{"postmeta_fields":"46ba7cb13ad3d6fe6f8e42cac5f61ea3"},"attr_label_translations":[]},"meta_all_flat":{"total_sales":"0","wcml_sync_hash.postmeta_fields":"46ba7cb13ad3d6fe6f8e42cac5f61ea3"},"yoast_head":"<!-- This site is optimized with the Yoast SEO Premium plugin v26.2 (Yoast SEO v27.2) - https:\/\/yoast.com\/product\/yoast-seo-premium-wordpress\/ -->\n<title>Gem\u00e4lde Leinwand Rosa Blumen 2 50x70cm | Eliassen<\/title>\n<meta name=\"description\" content=\"Kaufen Sie bei Eliassen das Gem\u00e4lde Pink Flowers 2 50x70cm online oder sehen Sie es sich live im Ausstellungsraum an. Bestellen Sie direkt online.\" \/>\n<meta name=\"robots\" content=\"index, follow, max-snippet:-1, max-image-preview:large, max-video-preview:-1\" \/>\n<link rel=\"canonical\" href=\"https:\/\/www.eliassen.nl\/de\/gemalde-leinwand-rosa-blumen-2-50x70cm\/\" \/>\n<meta property=\"og:locale\" content=\"de_DE\" \/>\n<meta property=\"og:type\" content=\"article\" \/>\n<meta property=\"og:title\" content=\"Sonstige Gem\u00e4lde Leinwand Rosa Blumen 2 50x70cm - Eliassen.nl\" \/>\n<meta property=\"og:description\" content=\"Kaufen Sie bei Eliassen das Gem\u00e4lde Pink Flowers 2 50x70cm online oder sehen Sie es sich live im Ausstellungsraum an. Bestellen Sie direkt online.\" \/>\n<meta property=\"og:url\" content=\"https:\/\/www.eliassen.nl\/de\/gemalde-leinwand-rosa-blumen-2-50x70cm\/\" \/>\n<meta property=\"og:site_name\" content=\"Eliassen.nl\" \/>\n<meta property=\"article:publisher\" content=\"https:\/\/www.facebook.com\/TuincentrumEliassenAmmerzoden\" \/>\n<meta property=\"article:modified_time\" content=\"2026-01-07T12:26:05+00:00\" \/>\n<meta property=\"og:image\" content=\"https:\/\/www.eliassen.nl\/wp-content\/uploads\/2024\/01\/6770512.jpg\" \/>\n\t<meta property=\"og:image:width\" content=\"533\" \/>\n\t<meta property=\"og:image:height\" content=\"736\" \/>\n\t<meta property=\"og:image:type\" content=\"image\/jpeg\" \/>\n<meta name=\"twitter:card\" content=\"summary_large_image\" \/>\n<script type=\"application\/ld+json\" class=\"yoast-schema-graph\">{\"@context\":\"https:\/\/schema.org\",\"@graph\":[{\"@type\":\"WebPage\",\"@id\":\"https:\/\/www.eliassen.nl\/de\/gemalde-leinwand-rosa-blumen-2-50x70cm\/\",\"url\":\"https:\/\/www.eliassen.nl\/de\/gemalde-leinwand-rosa-blumen-2-50x70cm\/\",\"name\":\"Gem\u00e4lde Leinwand Rosa Blumen 2 50x70cm | Eliassen\",\"isPartOf\":{\"@id\":\"https:\/\/www.eliassen.nl\/de\/#website\"},\"primaryImageOfPage\":{\"@id\":\"https:\/\/www.eliassen.nl\/de\/gemalde-leinwand-rosa-blumen-2-50x70cm\/#primaryimage\"},\"image\":{\"@id\":\"https:\/\/www.eliassen.nl\/de\/gemalde-leinwand-rosa-blumen-2-50x70cm\/#primaryimage\"},\"thumbnailUrl\":\"https:\/\/www.eliassen.nl\/wp-content\/uploads\/2024\/01\/6770512.jpg\",\"datePublished\":\"2021-09-06T17:10:56+00:00\",\"dateModified\":\"2026-01-07T12:26:05+00:00\",\"description\":\"Kaufen Sie bei Eliassen das Gem\u00e4lde Pink Flowers 2 50x70cm online oder sehen Sie es sich live im Ausstellungsraum an. Bestellen Sie direkt online.\",\"breadcrumb\":{\"@id\":\"https:\/\/www.eliassen.nl\/de\/gemalde-leinwand-rosa-blumen-2-50x70cm\/#breadcrumb\"},\"inLanguage\":\"de\",\"potentialAction\":[{\"@type\":\"ReadAction\",\"target\":[\"https:\/\/www.eliassen.nl\/de\/gemalde-leinwand-rosa-blumen-2-50x70cm\/\"]}]},{\"@type\":\"ImageObject\",\"inLanguage\":\"de\",\"@id\":\"https:\/\/www.eliassen.nl\/de\/gemalde-leinwand-rosa-blumen-2-50x70cm\/#primaryimage\",\"url\":\"https:\/\/www.eliassen.nl\/wp-content\/uploads\/2024\/01\/6770512.jpg\",\"contentUrl\":\"https:\/\/www.eliassen.nl\/wp-content\/uploads\/2024\/01\/6770512.jpg\",\"width\":533,\"height\":736,\"caption\":\"677051-2\"},{\"@type\":\"BreadcrumbList\",\"@id\":\"https:\/\/www.eliassen.nl\/de\/gemalde-leinwand-rosa-blumen-2-50x70cm\/#breadcrumb\",\"itemListElement\":[{\"@type\":\"ListItem\",\"position\":1,\"name\":\"Home\",\"item\":\"https:\/\/www.eliassen.nl\/de\/\"},{\"@type\":\"ListItem\",\"position\":2,\"name\":\"Shop\",\"item\":\"https:\/\/www.eliassen.nl\/de\/shop\/\"},{\"@type\":\"ListItem\",\"position\":3,\"name\":\"Gem\u00e4lde\",\"item\":\"https:\/\/www.eliassen.nl\/de\/gemaelde\/\"},{\"@type\":\"ListItem\",\"position\":4,\"name\":\"Gem\u00e4lde auf Leinwand\",\"item\":\"https:\/\/www.eliassen.nl\/de\/gemaelde\/gemaelde-auf-leinwand\/\"},{\"@type\":\"ListItem\",\"position\":5,\"name\":\"Gem\u00e4lde Leinwand Rosa Blumen 2 50x70cm\"}]},{\"@type\":\"WebSite\",\"@id\":\"https:\/\/www.eliassen.nl\/de\/#website\",\"url\":\"https:\/\/www.eliassen.nl\/de\/\",\"name\":\"Eliassen Home & Garden Pleasure\",\"description\":\"\",\"publisher\":{\"@id\":\"https:\/\/www.eliassen.nl\/de\/#organization\"},\"alternateName\":\"Eliassen.nl\",\"potentialAction\":[{\"@type\":\"SearchAction\",\"target\":{\"@type\":\"EntryPoint\",\"urlTemplate\":\"https:\/\/www.eliassen.nl\/de\/?s={search_term_string}\"},\"query-input\":{\"@type\":\"PropertyValueSpecification\",\"valueRequired\":true,\"valueName\":\"search_term_string\"}}],\"inLanguage\":\"de\"},{\"@type\":[\"Organization\",\"Place\"],\"@id\":\"https:\/\/www.eliassen.nl\/de\/#organization\",\"name\":\"Eliassen Home & Garden Pleasure\",\"url\":\"https:\/\/www.eliassen.nl\/de\/\",\"logo\":{\"@id\":\"https:\/\/www.eliassen.nl\/de\/gemalde-leinwand-rosa-blumen-2-50x70cm\/#local-main-organization-logo\"},\"image\":{\"@id\":\"https:\/\/www.eliassen.nl\/de\/gemalde-leinwand-rosa-blumen-2-50x70cm\/#local-main-organization-logo\"},\"sameAs\":[\"https:\/\/www.facebook.com\/TuincentrumEliassenAmmerzoden\",\"https:\/\/www.instagram.com\/eliassenhomeandgarden\/\",\"https:\/\/nl.pinterest.com\/eliassenhomeandgarden\/\",\"https:\/\/www.youtube.com\/@eliassenhomegardenpleasure4558\"],\"telephone\":[],\"openingHoursSpecification\":[{\"@type\":\"OpeningHoursSpecification\",\"dayOfWeek\":[\"Monday\",\"Tuesday\",\"Wednesday\",\"Thursday\",\"Friday\",\"Saturday\",\"Sunday\"],\"opens\":\"09:00\",\"closes\":\"17:00\"}]},{\"@type\":\"ImageObject\",\"inLanguage\":\"de\",\"@id\":\"https:\/\/www.eliassen.nl\/de\/gemalde-leinwand-rosa-blumen-2-50x70cm\/#local-main-organization-logo\",\"url\":\"https:\/\/www.eliassen.nl\/wp-content\/uploads\/2024\/01\/logo_4nd.jpg\",\"contentUrl\":\"https:\/\/www.eliassen.nl\/wp-content\/uploads\/2024\/01\/logo_4nd.jpg\",\"width\":500,\"height\":500,\"caption\":\"Eliassen Home & Garden Pleasure\"}]}<\/script>\n<meta property=\"product:price:amount\" content=\"79.00\" \/>\n<meta property=\"product:price:currency\" content=\"EUR\" \/>\n<meta property=\"og:availability\" content=\"instock\" \/>\n<meta property=\"product:availability\" content=\"instock\" \/>\n<meta property=\"product:retailer_item_id\" content=\"677051\" \/>\n<meta property=\"product:condition\" content=\"new\" \/>\n<!-- \/ Yoast SEO Premium plugin. -->","yoast_head_json":{"title":"Gem\u00e4lde Leinwand Rosa Blumen 2 50x70cm | Eliassen","description":"Kaufen Sie bei Eliassen das Gem\u00e4lde Pink Flowers 2 50x70cm online oder sehen Sie es sich live im Ausstellungsraum an. Bestellen Sie direkt online.","robots":{"index":"index","follow":"follow","max-snippet":"max-snippet:-1","max-image-preview":"max-image-preview:large","max-video-preview":"max-video-preview:-1"},"canonical":"https:\/\/www.eliassen.nl\/de\/gemalde-leinwand-rosa-blumen-2-50x70cm\/","og_locale":"de_DE","og_type":"article","og_title":"Sonstige Gem\u00e4lde Leinwand Rosa Blumen 2 50x70cm - Eliassen.nl","og_description":"Kaufen Sie bei Eliassen das Gem\u00e4lde Pink Flowers 2 50x70cm online oder sehen Sie es sich live im Ausstellungsraum an. Bestellen Sie direkt online.","og_url":"https:\/\/www.eliassen.nl\/de\/gemalde-leinwand-rosa-blumen-2-50x70cm\/","og_site_name":"Eliassen.nl","article_publisher":"https:\/\/www.facebook.com\/TuincentrumEliassenAmmerzoden","article_modified_time":"2026-01-07T12:26:05+00:00","og_image":[{"width":533,"height":736,"url":"https:\/\/www.eliassen.nl\/wp-content\/uploads\/2024\/01\/6770512.jpg","type":"image\/jpeg"}],"twitter_card":"summary_large_image","schema":{"@context":"https:\/\/schema.org","@graph":[{"@type":"WebPage","@id":"https:\/\/www.eliassen.nl\/de\/gemalde-leinwand-rosa-blumen-2-50x70cm\/","url":"https:\/\/www.eliassen.nl\/de\/gemalde-leinwand-rosa-blumen-2-50x70cm\/","name":"Gem\u00e4lde Leinwand Rosa Blumen 2 50x70cm | Eliassen","isPartOf":{"@id":"https:\/\/www.eliassen.nl\/de\/#website"},"primaryImageOfPage":{"@id":"https:\/\/www.eliassen.nl\/de\/gemalde-leinwand-rosa-blumen-2-50x70cm\/#primaryimage"},"image":{"@id":"https:\/\/www.eliassen.nl\/de\/gemalde-leinwand-rosa-blumen-2-50x70cm\/#primaryimage"},"thumbnailUrl":"https:\/\/www.eliassen.nl\/wp-content\/uploads\/2024\/01\/6770512.jpg","datePublished":"2021-09-06T17:10:56+00:00","dateModified":"2026-01-07T12:26:05+00:00","description":"Kaufen Sie bei Eliassen das Gem\u00e4lde Pink Flowers 2 50x70cm online oder sehen Sie es sich live im Ausstellungsraum an. Bestellen Sie direkt online.","breadcrumb":{"@id":"https:\/\/www.eliassen.nl\/de\/gemalde-leinwand-rosa-blumen-2-50x70cm\/#breadcrumb"},"inLanguage":"de","potentialAction":[{"@type":"ReadAction","target":["https:\/\/www.eliassen.nl\/de\/gemalde-leinwand-rosa-blumen-2-50x70cm\/"]}]},{"@type":"ImageObject","inLanguage":"de","@id":"https:\/\/www.eliassen.nl\/de\/gemalde-leinwand-rosa-blumen-2-50x70cm\/#primaryimage","url":"https:\/\/www.eliassen.nl\/wp-content\/uploads\/2024\/01\/6770512.jpg","contentUrl":"https:\/\/www.eliassen.nl\/wp-content\/uploads\/2024\/01\/6770512.jpg","width":533,"height":736,"caption":"677051-2"},{"@type":"BreadcrumbList","@id":"https:\/\/www.eliassen.nl\/de\/gemalde-leinwand-rosa-blumen-2-50x70cm\/#breadcrumb","itemListElement":[{"@type":"ListItem","position":1,"name":"Home","item":"https:\/\/www.eliassen.nl\/de\/"},{"@type":"ListItem","position":2,"name":"Shop","item":"https:\/\/www.eliassen.nl\/de\/shop\/"},{"@type":"ListItem","position":3,"name":"Gem\u00e4lde","item":"https:\/\/www.eliassen.nl\/de\/gemaelde\/"},{"@type":"ListItem","position":4,"name":"Gem\u00e4lde auf Leinwand","item":"https:\/\/www.eliassen.nl\/de\/gemaelde\/gemaelde-auf-leinwand\/"},{"@type":"ListItem","position":5,"name":"Gem\u00e4lde Leinwand Rosa Blumen 2 50x70cm"}]},{"@type":"WebSite","@id":"https:\/\/www.eliassen.nl\/de\/#website","url":"https:\/\/www.eliassen.nl\/de\/","name":"Eliassen Home & Garden Pleasure","description":"","publisher":{"@id":"https:\/\/www.eliassen.nl\/de\/#organization"},"alternateName":"Eliassen.nl","potentialAction":[{"@type":"SearchAction","target":{"@type":"EntryPoint","urlTemplate":"https:\/\/www.eliassen.nl\/de\/?s={search_term_string}"},"query-input":{"@type":"PropertyValueSpecification","valueRequired":true,"valueName":"search_term_string"}}],"inLanguage":"de"},{"@type":["Organization","Place"],"@id":"https:\/\/www.eliassen.nl\/de\/#organization","name":"Eliassen Home & Garden Pleasure","url":"https:\/\/www.eliassen.nl\/de\/","logo":{"@id":"https:\/\/www.eliassen.nl\/de\/gemalde-leinwand-rosa-blumen-2-50x70cm\/#local-main-organization-logo"},"image":{"@id":"https:\/\/www.eliassen.nl\/de\/gemalde-leinwand-rosa-blumen-2-50x70cm\/#local-main-organization-logo"},"sameAs":["https:\/\/www.facebook.com\/TuincentrumEliassenAmmerzoden","https:\/\/www.instagram.com\/eliassenhomeandgarden\/","https:\/\/nl.pinterest.com\/eliassenhomeandgarden\/","https:\/\/www.youtube.com\/@eliassenhomegardenpleasure4558"],"telephone":[],"openingHoursSpecification":[{"@type":"OpeningHoursSpecification","dayOfWeek":["Monday","Tuesday","Wednesday","Thursday","Friday","Saturday","Sunday"],"opens":"09:00","closes":"17:00"}]},{"@type":"ImageObject","inLanguage":"de","@id":"https:\/\/www.eliassen.nl\/de\/gemalde-leinwand-rosa-blumen-2-50x70cm\/#local-main-organization-logo","url":"https:\/\/www.eliassen.nl\/wp-content\/uploads\/2024\/01\/logo_4nd.jpg","contentUrl":"https:\/\/www.eliassen.nl\/wp-content\/uploads\/2024\/01\/logo_4nd.jpg","width":500,"height":500,"caption":"Eliassen Home & Garden Pleasure"}]},"product_price_amount":"79.00","product_price_currency":"EUR","og_availability":"instock","product_availability":"instock","product_retailer_item_id":"677051","product_condition":"new"},"df_price":79,"df_sale_price":"","df_regular_price":79,"df_image_link":"https:\/\/www.eliassen.nl\/wp-content\/uploads\/2024\/01\/6770512.jpg","image":"https:\/\/www.eliassen.nl\/wp-content\/uploads\/2024\/01\/6770512.jpg","price_search":"<span class=\"woocommerce-Price-amount amount\"><bdi><span class=\"woocommerce-Price-currencySymbol\">&euro;<\/span>&nbsp;79,00<\/bdi><\/span>","category":"Gem\u00e4lde","global_unique_id":"4025809018335","_links":{"self":[{"href":"https:\/\/www.eliassen.nl\/de\/wp-json\/wp\/v2\/product\/53176","targetHints":{"allow":["GET"]}}],"collection":[{"href":"https:\/\/www.eliassen.nl\/de\/wp-json\/wp\/v2\/product"}],"about":[{"href":"https:\/\/www.eliassen.nl\/de\/wp-json\/wp\/v2\/types\/product"}],"wp:featuredmedia":[{"embeddable":true,"href":"https:\/\/www.eliassen.nl\/de\/wp-json\/wp\/v2\/media\/53173"}],"wp:attachment":[{"href":"https:\/\/www.eliassen.nl\/de\/wp-json\/wp\/v2\/media?parent=53176"}],"wp:term":[{"taxonomy":"product_brand","embeddable":true,"href":"https:\/\/www.eliassen.nl\/de\/wp-json\/wp\/v2\/product_brand?post=53176"},{"taxonomy":"product_cat","embeddable":true,"href":"https:\/\/www.eliassen.nl\/de\/wp-json\/wp\/v2\/product_cat?post=53176"},{"taxonomy":"product_tag","embeddable":true,"href":"https:\/\/www.eliassen.nl\/de\/wp-json\/wp\/v2\/product_tag?post=53176"}],"curies":[{"name":"wp","href":"https:\/\/api.w.org\/{rel}","templated":true}]}}