{"id":53143,"date":"2021-09-06T16:32:16","date_gmt":"2021-09-06T16:32:16","guid":{"rendered":"https:\/\/www.eliassen.nl\/?product=japanse-lamp-natuur-90cm"},"modified":"2026-01-16T13:59:12","modified_gmt":"2026-01-16T12:59:12","slug":"japanische-lampe-naturstein-100-110cm","status":"publish","type":"product","link":"https:\/\/www.eliassen.nl\/de\/japanische-lampe-naturstein-100-110cm\/","title":{"rendered":"Japanische Lampe aus Naturstein 100-110cm"},"content":{"rendered":"<p>Diese japanische Pagodenlampe kommt erst in Ihrem orientalischen Garten richtig zur Geltung. Dieses Modell einer japanischen Gartenlampe besteht aus gestapelten, ausgeschnittenen Flussbl\u00f6cken, auf denen eine Lampe aus der gleichen Art von Bl\u00f6cken steht, die sorgf\u00e4ltig aufeinander abgestimmt sind. Es ist geplant, die Felsbrocken vor Ort im Garten zusammenzukleben. Alle Exemplare dieser japanischen Laternen weichen vom Foto ab, da es sich um ein Naturprodukt handelt: keine zwei Steine sind gleich.<\/p>\n<p>In die Lampe kann eine Gl\u00fchbirne eingesetzt werden, die nicht im Lieferumfang enthalten ist.<\/p>\n<ul>\n<li>Gr\u00f6\u00dfe: ca. 100-110cm hoch<\/li>\n<li>Au\u00dferdem k\u00f6nnen Sie bei uns live zusehen<\/li>\n<li>Eigene Aktien.<\/li>\n<\/ul>\n","protected":false},"excerpt":{"rendered":"<p>Diese japanische Pagodenlampe kommt erst in Ihrem orientalischen Garten richtig zur Geltung. Dieses Modell einer japanischen Gartenlampe besteht aus gestapelten, ausgeschnittenen Flussbl\u00f6cken, auf denen eine Lampe aus der gleichen Art von Bl\u00f6cken steht, die sorgf\u00e4ltig aufeinander abgestimmt sind. Es ist geplant, die Felsbrocken vor Ort im Garten zusammenzukleben. Alle Exemplare dieser japanischen Laternen weichen vom &hellip;<\/p>\n","protected":false},"featured_media":53131,"template":"","meta":{"_acf_changed":false,"_genesis_title":"","_genesis_description":""},"product_brand":[7505],"product_cat":[719,7239],"product_tag":[],"class_list":{"0":"post-53143","1":"product","2":"type-product","3":"status-publish","4":"has-post-thumbnail","6":"product_brand-sonstige","7":"product_cat-statuen-aus-naturstein","8":"product_cat-bilder","10":"first","11":"instock","12":"taxable","13":"shipping-taxable","14":"purchasable","15":"product-type-simple"},"acf":[],"meta_all":{"total_sales":"1","wcml_sync_hash":{"postmeta_fields":"a4d76a04cd70b92508846000c092ae60"},"attr_label_translations":[],"cor_restricted_countries":[]},"meta_all_flat":{"total_sales":"1","wcml_sync_hash.postmeta_fields":"a4d76a04cd70b92508846000c092ae60"},"yoast_head":"<!-- This site is optimized with the Yoast SEO Premium plugin v26.2 (Yoast SEO v27.2) - https:\/\/yoast.com\/product\/yoast-seo-premium-wordpress\/ -->\n<title>Stein Japanische Lampe | Naturstein | 90cm | Eliassen.nl<\/title>\n<meta name=\"description\" content=\"Japanische Lampe als sch\u00f6ne stimmungsvolle Gartenlampe kaufen? Dieses Exemplar besteht aus ausgegrabenen Flussbl\u00f6cken. Hat braune Farbt\u00f6ne und kann LIVE bei uns angesehen werden!\" \/>\n<meta name=\"robots\" content=\"index, follow, max-snippet:-1, max-image-preview:large, max-video-preview:-1\" \/>\n<link rel=\"canonical\" href=\"https:\/\/www.eliassen.nl\/de\/japanische-lampe-naturstein-100-110cm\/\" \/>\n<meta property=\"og:locale\" content=\"de_DE\" \/>\n<meta property=\"og:type\" content=\"article\" \/>\n<meta property=\"og:title\" content=\"Sonstige Japanische Lampe aus Naturstein 100-110cm - Eliassen.nl\" \/>\n<meta property=\"og:description\" content=\"Japanische Lampe als sch\u00f6ne stimmungsvolle Gartenlampe kaufen? Dieses Exemplar besteht aus ausgegrabenen Flussbl\u00f6cken. Hat braune Farbt\u00f6ne und kann LIVE bei uns angesehen werden!\" \/>\n<meta property=\"og:url\" content=\"https:\/\/www.eliassen.nl\/de\/japanische-lampe-naturstein-100-110cm\/\" \/>\n<meta property=\"og:site_name\" content=\"Eliassen.nl\" \/>\n<meta property=\"article:publisher\" content=\"https:\/\/www.facebook.com\/TuincentrumEliassenAmmerzoden\" \/>\n<meta property=\"article:modified_time\" content=\"2026-01-16T12:59:12+00:00\" \/>\n<meta property=\"og:image\" content=\"https:\/\/www.eliassen.nl\/wp-content\/uploads\/2024\/01\/japanselampnatuursteen100110cmeliassennl.png\" \/>\n\t<meta property=\"og:image:width\" content=\"563\" \/>\n\t<meta property=\"og:image:height\" content=\"1000\" \/>\n\t<meta property=\"og:image:type\" content=\"image\/png\" \/>\n<meta name=\"twitter:card\" content=\"summary_large_image\" \/>\n<script type=\"application\/ld+json\" class=\"yoast-schema-graph\">{\"@context\":\"https:\/\/schema.org\",\"@graph\":[{\"@type\":\"WebPage\",\"@id\":\"https:\/\/www.eliassen.nl\/de\/japanische-lampe-naturstein-100-110cm\/\",\"url\":\"https:\/\/www.eliassen.nl\/de\/japanische-lampe-naturstein-100-110cm\/\",\"name\":\"Stein Japanische Lampe | Naturstein | 90cm | Eliassen.nl\",\"isPartOf\":{\"@id\":\"https:\/\/www.eliassen.nl\/de\/#website\"},\"primaryImageOfPage\":{\"@id\":\"https:\/\/www.eliassen.nl\/de\/japanische-lampe-naturstein-100-110cm\/#primaryimage\"},\"image\":{\"@id\":\"https:\/\/www.eliassen.nl\/de\/japanische-lampe-naturstein-100-110cm\/#primaryimage\"},\"thumbnailUrl\":\"https:\/\/www.eliassen.nl\/wp-content\/uploads\/2024\/01\/japanselampnatuursteen100110cmeliassennl.png\",\"datePublished\":\"2021-09-06T16:32:16+00:00\",\"dateModified\":\"2026-01-16T12:59:12+00:00\",\"description\":\"Japanische Lampe als sch\u00f6ne stimmungsvolle Gartenlampe kaufen? Dieses Exemplar besteht aus ausgegrabenen Flussbl\u00f6cken. Hat braune Farbt\u00f6ne und kann LIVE bei uns angesehen werden!\",\"breadcrumb\":{\"@id\":\"https:\/\/www.eliassen.nl\/de\/japanische-lampe-naturstein-100-110cm\/#breadcrumb\"},\"inLanguage\":\"de\",\"potentialAction\":[{\"@type\":\"ReadAction\",\"target\":[\"https:\/\/www.eliassen.nl\/de\/japanische-lampe-naturstein-100-110cm\/\"]}]},{\"@type\":\"ImageObject\",\"inLanguage\":\"de\",\"@id\":\"https:\/\/www.eliassen.nl\/de\/japanische-lampe-naturstein-100-110cm\/#primaryimage\",\"url\":\"https:\/\/www.eliassen.nl\/wp-content\/uploads\/2024\/01\/japanselampnatuursteen100110cmeliassennl.png\",\"contentUrl\":\"https:\/\/www.eliassen.nl\/wp-content\/uploads\/2024\/01\/japanselampnatuursteen100110cmeliassennl.png\",\"width\":563,\"height\":1000,\"caption\":\"Japanische Lampe Naturstein 100-110cm eliassen.nl\"},{\"@type\":\"BreadcrumbList\",\"@id\":\"https:\/\/www.eliassen.nl\/de\/japanische-lampe-naturstein-100-110cm\/#breadcrumb\",\"itemListElement\":[{\"@type\":\"ListItem\",\"position\":1,\"name\":\"Home\",\"item\":\"https:\/\/www.eliassen.nl\/de\/\"},{\"@type\":\"ListItem\",\"position\":2,\"name\":\"Shop\",\"item\":\"https:\/\/www.eliassen.nl\/de\/shop\/\"},{\"@type\":\"ListItem\",\"position\":3,\"name\":\"Bilder\",\"item\":\"https:\/\/www.eliassen.nl\/de\/bilder\/\"},{\"@type\":\"ListItem\",\"position\":4,\"name\":\"Statuen aus Naturstein\",\"item\":\"https:\/\/www.eliassen.nl\/de\/bilder\/statuen-aus-naturstein\/\"},{\"@type\":\"ListItem\",\"position\":5,\"name\":\"Japanische Lampe aus Naturstein 100-110cm\"}]},{\"@type\":\"WebSite\",\"@id\":\"https:\/\/www.eliassen.nl\/de\/#website\",\"url\":\"https:\/\/www.eliassen.nl\/de\/\",\"name\":\"Eliassen Home & Garden Pleasure\",\"description\":\"\",\"publisher\":{\"@id\":\"https:\/\/www.eliassen.nl\/de\/#organization\"},\"alternateName\":\"Eliassen.nl\",\"potentialAction\":[{\"@type\":\"SearchAction\",\"target\":{\"@type\":\"EntryPoint\",\"urlTemplate\":\"https:\/\/www.eliassen.nl\/de\/?s={search_term_string}\"},\"query-input\":{\"@type\":\"PropertyValueSpecification\",\"valueRequired\":true,\"valueName\":\"search_term_string\"}}],\"inLanguage\":\"de\"},{\"@type\":[\"Organization\",\"Place\"],\"@id\":\"https:\/\/www.eliassen.nl\/de\/#organization\",\"name\":\"Eliassen Home & Garden Pleasure\",\"url\":\"https:\/\/www.eliassen.nl\/de\/\",\"logo\":{\"@id\":\"https:\/\/www.eliassen.nl\/de\/japanische-lampe-naturstein-100-110cm\/#local-main-organization-logo\"},\"image\":{\"@id\":\"https:\/\/www.eliassen.nl\/de\/japanische-lampe-naturstein-100-110cm\/#local-main-organization-logo\"},\"sameAs\":[\"https:\/\/www.facebook.com\/TuincentrumEliassenAmmerzoden\",\"https:\/\/www.instagram.com\/eliassenhomeandgarden\/\",\"https:\/\/nl.pinterest.com\/eliassenhomeandgarden\/\",\"https:\/\/www.youtube.com\/@eliassenhomegardenpleasure4558\"],\"telephone\":[],\"openingHoursSpecification\":[{\"@type\":\"OpeningHoursSpecification\",\"dayOfWeek\":[\"Monday\",\"Tuesday\",\"Wednesday\",\"Thursday\",\"Friday\",\"Saturday\",\"Sunday\"],\"opens\":\"09:00\",\"closes\":\"17:00\"}]},{\"@type\":\"ImageObject\",\"inLanguage\":\"de\",\"@id\":\"https:\/\/www.eliassen.nl\/de\/japanische-lampe-naturstein-100-110cm\/#local-main-organization-logo\",\"url\":\"https:\/\/www.eliassen.nl\/wp-content\/uploads\/2024\/01\/logo_4nd.jpg\",\"contentUrl\":\"https:\/\/www.eliassen.nl\/wp-content\/uploads\/2024\/01\/logo_4nd.jpg\",\"width\":500,\"height\":500,\"caption\":\"Eliassen Home & Garden Pleasure\"}]}<\/script>\n<meta property=\"product:price:amount\" content=\"299.00\" \/>\n<meta property=\"product:price:currency\" content=\"EUR\" \/>\n<meta property=\"og:availability\" content=\"instock\" \/>\n<meta property=\"product:availability\" content=\"instock\" \/>\n<meta property=\"product:retailer_item_id\" content=\"Jln90\" \/>\n<meta property=\"product:condition\" content=\"new\" \/>\n<!-- \/ Yoast SEO Premium plugin. -->","yoast_head_json":{"title":"Stein Japanische Lampe | Naturstein | 90cm | Eliassen.nl","description":"Japanische Lampe als sch\u00f6ne stimmungsvolle Gartenlampe kaufen? Dieses Exemplar besteht aus ausgegrabenen Flussbl\u00f6cken. Hat braune Farbt\u00f6ne und kann LIVE bei uns angesehen werden!","robots":{"index":"index","follow":"follow","max-snippet":"max-snippet:-1","max-image-preview":"max-image-preview:large","max-video-preview":"max-video-preview:-1"},"canonical":"https:\/\/www.eliassen.nl\/de\/japanische-lampe-naturstein-100-110cm\/","og_locale":"de_DE","og_type":"article","og_title":"Sonstige Japanische Lampe aus Naturstein 100-110cm - Eliassen.nl","og_description":"Japanische Lampe als sch\u00f6ne stimmungsvolle Gartenlampe kaufen? Dieses Exemplar besteht aus ausgegrabenen Flussbl\u00f6cken. Hat braune Farbt\u00f6ne und kann LIVE bei uns angesehen werden!","og_url":"https:\/\/www.eliassen.nl\/de\/japanische-lampe-naturstein-100-110cm\/","og_site_name":"Eliassen.nl","article_publisher":"https:\/\/www.facebook.com\/TuincentrumEliassenAmmerzoden","article_modified_time":"2026-01-16T12:59:12+00:00","og_image":[{"width":563,"height":1000,"url":"https:\/\/www.eliassen.nl\/wp-content\/uploads\/2024\/01\/japanselampnatuursteen100110cmeliassennl.png","type":"image\/png"}],"twitter_card":"summary_large_image","schema":{"@context":"https:\/\/schema.org","@graph":[{"@type":"WebPage","@id":"https:\/\/www.eliassen.nl\/de\/japanische-lampe-naturstein-100-110cm\/","url":"https:\/\/www.eliassen.nl\/de\/japanische-lampe-naturstein-100-110cm\/","name":"Stein Japanische Lampe | Naturstein | 90cm | Eliassen.nl","isPartOf":{"@id":"https:\/\/www.eliassen.nl\/de\/#website"},"primaryImageOfPage":{"@id":"https:\/\/www.eliassen.nl\/de\/japanische-lampe-naturstein-100-110cm\/#primaryimage"},"image":{"@id":"https:\/\/www.eliassen.nl\/de\/japanische-lampe-naturstein-100-110cm\/#primaryimage"},"thumbnailUrl":"https:\/\/www.eliassen.nl\/wp-content\/uploads\/2024\/01\/japanselampnatuursteen100110cmeliassennl.png","datePublished":"2021-09-06T16:32:16+00:00","dateModified":"2026-01-16T12:59:12+00:00","description":"Japanische Lampe als sch\u00f6ne stimmungsvolle Gartenlampe kaufen? Dieses Exemplar besteht aus ausgegrabenen Flussbl\u00f6cken. Hat braune Farbt\u00f6ne und kann LIVE bei uns angesehen werden!","breadcrumb":{"@id":"https:\/\/www.eliassen.nl\/de\/japanische-lampe-naturstein-100-110cm\/#breadcrumb"},"inLanguage":"de","potentialAction":[{"@type":"ReadAction","target":["https:\/\/www.eliassen.nl\/de\/japanische-lampe-naturstein-100-110cm\/"]}]},{"@type":"ImageObject","inLanguage":"de","@id":"https:\/\/www.eliassen.nl\/de\/japanische-lampe-naturstein-100-110cm\/#primaryimage","url":"https:\/\/www.eliassen.nl\/wp-content\/uploads\/2024\/01\/japanselampnatuursteen100110cmeliassennl.png","contentUrl":"https:\/\/www.eliassen.nl\/wp-content\/uploads\/2024\/01\/japanselampnatuursteen100110cmeliassennl.png","width":563,"height":1000,"caption":"Japanische Lampe Naturstein 100-110cm eliassen.nl"},{"@type":"BreadcrumbList","@id":"https:\/\/www.eliassen.nl\/de\/japanische-lampe-naturstein-100-110cm\/#breadcrumb","itemListElement":[{"@type":"ListItem","position":1,"name":"Home","item":"https:\/\/www.eliassen.nl\/de\/"},{"@type":"ListItem","position":2,"name":"Shop","item":"https:\/\/www.eliassen.nl\/de\/shop\/"},{"@type":"ListItem","position":3,"name":"Bilder","item":"https:\/\/www.eliassen.nl\/de\/bilder\/"},{"@type":"ListItem","position":4,"name":"Statuen aus Naturstein","item":"https:\/\/www.eliassen.nl\/de\/bilder\/statuen-aus-naturstein\/"},{"@type":"ListItem","position":5,"name":"Japanische Lampe aus Naturstein 100-110cm"}]},{"@type":"WebSite","@id":"https:\/\/www.eliassen.nl\/de\/#website","url":"https:\/\/www.eliassen.nl\/de\/","name":"Eliassen Home & Garden Pleasure","description":"","publisher":{"@id":"https:\/\/www.eliassen.nl\/de\/#organization"},"alternateName":"Eliassen.nl","potentialAction":[{"@type":"SearchAction","target":{"@type":"EntryPoint","urlTemplate":"https:\/\/www.eliassen.nl\/de\/?s={search_term_string}"},"query-input":{"@type":"PropertyValueSpecification","valueRequired":true,"valueName":"search_term_string"}}],"inLanguage":"de"},{"@type":["Organization","Place"],"@id":"https:\/\/www.eliassen.nl\/de\/#organization","name":"Eliassen Home & Garden Pleasure","url":"https:\/\/www.eliassen.nl\/de\/","logo":{"@id":"https:\/\/www.eliassen.nl\/de\/japanische-lampe-naturstein-100-110cm\/#local-main-organization-logo"},"image":{"@id":"https:\/\/www.eliassen.nl\/de\/japanische-lampe-naturstein-100-110cm\/#local-main-organization-logo"},"sameAs":["https:\/\/www.facebook.com\/TuincentrumEliassenAmmerzoden","https:\/\/www.instagram.com\/eliassenhomeandgarden\/","https:\/\/nl.pinterest.com\/eliassenhomeandgarden\/","https:\/\/www.youtube.com\/@eliassenhomegardenpleasure4558"],"telephone":[],"openingHoursSpecification":[{"@type":"OpeningHoursSpecification","dayOfWeek":["Monday","Tuesday","Wednesday","Thursday","Friday","Saturday","Sunday"],"opens":"09:00","closes":"17:00"}]},{"@type":"ImageObject","inLanguage":"de","@id":"https:\/\/www.eliassen.nl\/de\/japanische-lampe-naturstein-100-110cm\/#local-main-organization-logo","url":"https:\/\/www.eliassen.nl\/wp-content\/uploads\/2024\/01\/logo_4nd.jpg","contentUrl":"https:\/\/www.eliassen.nl\/wp-content\/uploads\/2024\/01\/logo_4nd.jpg","width":500,"height":500,"caption":"Eliassen Home & Garden Pleasure"}]},"product_price_amount":"299.00","product_price_currency":"EUR","og_availability":"instock","product_availability":"instock","product_retailer_item_id":"Jln90","product_condition":"new"},"df_price":299,"df_sale_price":"","df_regular_price":299,"df_image_link":"https:\/\/www.eliassen.nl\/wp-content\/uploads\/2024\/01\/japanselampnatuursteen100110cmeliassennl.png","image":"https:\/\/www.eliassen.nl\/wp-content\/uploads\/2024\/01\/japanselampnatuursteen100110cmeliassennl.png","price_search":"<span class=\"woocommerce-Price-amount amount\"><bdi><span class=\"woocommerce-Price-currencySymbol\">&euro;<\/span>&nbsp;299,00<\/bdi><\/span>","category":"Statuen aus Naturstein","global_unique_id":"6096517671660","_links":{"self":[{"href":"https:\/\/www.eliassen.nl\/de\/wp-json\/wp\/v2\/product\/53143","targetHints":{"allow":["GET"]}}],"collection":[{"href":"https:\/\/www.eliassen.nl\/de\/wp-json\/wp\/v2\/product"}],"about":[{"href":"https:\/\/www.eliassen.nl\/de\/wp-json\/wp\/v2\/types\/product"}],"wp:featuredmedia":[{"embeddable":true,"href":"https:\/\/www.eliassen.nl\/de\/wp-json\/wp\/v2\/media\/53131"}],"wp:attachment":[{"href":"https:\/\/www.eliassen.nl\/de\/wp-json\/wp\/v2\/media?parent=53143"}],"wp:term":[{"taxonomy":"product_brand","embeddable":true,"href":"https:\/\/www.eliassen.nl\/de\/wp-json\/wp\/v2\/product_brand?post=53143"},{"taxonomy":"product_cat","embeddable":true,"href":"https:\/\/www.eliassen.nl\/de\/wp-json\/wp\/v2\/product_cat?post=53143"},{"taxonomy":"product_tag","embeddable":true,"href":"https:\/\/www.eliassen.nl\/de\/wp-json\/wp\/v2\/product_tag?post=53143"}],"curies":[{"name":"wp","href":"https:\/\/api.w.org\/{rel}","templated":true}]}}