{"id":53062,"date":"2021-09-06T14:41:24","date_gmt":"2021-09-06T14:41:24","guid":{"rendered":"https:\/\/www.eliassen.nl\/?product=waterornament-vierkant-zwart-jeroen"},"modified":"2026-01-16T13:58:53","modified_gmt":"2026-01-16T12:58:53","slug":"moderner-wassertisch-aus-granit-quadratisch-schwarz-zoe","status":"publish","type":"product","link":"https:\/\/www.eliassen.nl\/de\/moderner-wassertisch-aus-granit-quadratisch-schwarz-zoe\/","title":{"rendered":"Moderner Wassertisch Granit quadratisch schwarz Zo\u00eb"},"content":{"rendered":"<p>Ein wundersch\u00f6ner, eleganter, moderner Wassertisch f\u00fcr Ihren Garten oder Ihre Terrasse, der von uns selbst entwickelt wurde und nirgendwo sonst erh\u00e4ltlich ist. Alles ist aus schlichtem, pechschwarzem, poliertem Granit gefertigt, was eine sehr saubere und moderne Atmosph\u00e4re schafft. Bei diesem Modell muss nicht gegraben werden, da sich die Wasserversorgung im Inneren des Tanks befindet. Wird komplett mit Pumpe, Schlauch, Wasserverteiler, LEDs und Anleitung geliefert. F\u00fcr den vollst\u00e4ndigen Betrieb ben\u00f6tigen Sie 2 Steckdosen.<\/p>\n<p><strong>Besuchen Sie unseren Ausstellungsraum und bewundern Sie viele Modelle live!!!  <\/strong><\/p>\n<ul>\n<li>Gr\u00f6\u00dfe 80x80x35cm hoch<\/li>\n<li>Material: polierter Granit, schwarz<\/li>\n<li>Inklusive Pumpe, Schlauch, Verteiler, LEDs und Betriebsanleitung<\/li>\n<li>Kabell\u00e4nge Pumpe 10 Meter und LEDs 7,5 Meter<\/li>\n<li>Mit Ablassschraube<\/li>\n<li>Garantie 1 Jahr (Trockenlaufsch\u00e4den der Pumpe und Frostsch\u00e4den ausgeschlossen)<\/li>\n<li>In Holzkiste verpackt<\/li>\n<li>Schnelle Lieferung<\/li>\n<li>Nirgendwo sonst zu verkaufen.<\/li>\n<\/ul>\n","protected":false},"excerpt":{"rendered":"<p>Ein wundersch\u00f6ner, eleganter, moderner Wassertisch f\u00fcr Ihren Garten oder Ihre Terrasse, der von uns selbst entwickelt wurde und nirgendwo sonst erh\u00e4ltlich ist. Alles ist aus schlichtem, pechschwarzem, poliertem Granit gefertigt, was eine sehr saubere und moderne Atmosph\u00e4re schafft. Bei diesem Modell muss nicht gegraben werden, da sich die Wasserversorgung im Inneren des Tanks befindet. Wird &hellip;<\/p>\n","protected":false},"featured_media":53053,"template":"","meta":{"_acf_changed":false,"_genesis_title":"","_genesis_description":""},"product_brand":[7505],"product_cat":[539,548,536],"product_tag":[],"class_list":{"0":"post-53062","1":"product","2":"type-product","3":"status-publish","4":"has-post-thumbnail","6":"product_brand-sonstige","7":"product_cat-einzigartige-eigene-modelle-von-losen-wasserspiele","8":"product_cat-terrassenbrunnen","9":"product_cat-wassereigenschaften","11":"first","12":"instock","13":"taxable","14":"shipping-taxable","15":"purchasable","16":"product-type-simple"},"acf":[],"meta_all":{"total_sales":"2","wcml_sync_hash":{"postmeta_fields":"c36176b48176bb66155fca19e19fe3b6"},"attr_label_translations":[],"cor_restricted_countries":[]},"meta_all_flat":{"total_sales":"2","wcml_sync_hash.postmeta_fields":"c36176b48176bb66155fca19e19fe3b6"},"yoast_head":"<!-- This site is optimized with the Yoast SEO Premium plugin v26.2 (Yoast SEO v27.2) - https:\/\/yoast.com\/product\/yoast-seo-premium-wordpress\/ -->\n<title>Moderner Wassertisch Granit quadratisch schwarz - Eliassen.de<\/title>\n<meta name=\"description\" content=\"Einen sch\u00f6nen modernen Wassertisch Granit quadratisch schwarz kaufen? Achten Sie auf diese Kopie. NIRGENDWO SONST ZU VERKAUFEN! Inkl. Pumpe und LED-Beleuchtung! \u221a LIVE sehen!\" \/>\n<meta name=\"robots\" content=\"index, follow, max-snippet:-1, max-image-preview:large, max-video-preview:-1\" \/>\n<link rel=\"canonical\" href=\"https:\/\/www.eliassen.nl\/de\/moderner-wassertisch-aus-granit-quadratisch-schwarz-zoe\/\" \/>\n<meta property=\"og:locale\" content=\"de_DE\" \/>\n<meta property=\"og:type\" content=\"article\" \/>\n<meta property=\"og:title\" content=\"Sonstige Moderner Wassertisch Granit quadratisch schwarz Zo\u00eb - Eliassen.nl\" \/>\n<meta property=\"og:description\" content=\"Einen sch\u00f6nen modernen Wassertisch Granit quadratisch schwarz kaufen? Achten Sie auf diese Kopie. NIRGENDWO SONST ZU VERKAUFEN! Inkl. Pumpe und LED-Beleuchtung! \u221a LIVE sehen!\" \/>\n<meta property=\"og:url\" content=\"https:\/\/www.eliassen.nl\/de\/moderner-wassertisch-aus-granit-quadratisch-schwarz-zoe\/\" \/>\n<meta property=\"og:site_name\" content=\"Eliassen.nl\" \/>\n<meta property=\"article:publisher\" content=\"https:\/\/www.facebook.com\/TuincentrumEliassenAmmerzoden\" \/>\n<meta property=\"article:modified_time\" content=\"2026-01-16T12:58:53+00:00\" \/>\n<meta property=\"og:image\" content=\"https:\/\/www.eliassen.nl\/wp-content\/uploads\/2024\/01\/modernewatertafelgranietvierkantzwartzoelias.jpg\" \/>\n\t<meta property=\"og:image:width\" content=\"2048\" \/>\n\t<meta property=\"og:image:height\" content=\"1536\" \/>\n\t<meta property=\"og:image:type\" content=\"image\/jpeg\" \/>\n<meta name=\"twitter:card\" content=\"summary_large_image\" \/>\n<script type=\"application\/ld+json\" class=\"yoast-schema-graph\">{\"@context\":\"https:\/\/schema.org\",\"@graph\":[{\"@type\":\"WebPage\",\"@id\":\"https:\/\/www.eliassen.nl\/de\/moderner-wassertisch-aus-granit-quadratisch-schwarz-zoe\/\",\"url\":\"https:\/\/www.eliassen.nl\/de\/moderner-wassertisch-aus-granit-quadratisch-schwarz-zoe\/\",\"name\":\"Moderner Wassertisch Granit quadratisch schwarz - Eliassen.de\",\"isPartOf\":{\"@id\":\"https:\/\/www.eliassen.nl\/de\/#website\"},\"primaryImageOfPage\":{\"@id\":\"https:\/\/www.eliassen.nl\/de\/moderner-wassertisch-aus-granit-quadratisch-schwarz-zoe\/#primaryimage\"},\"image\":{\"@id\":\"https:\/\/www.eliassen.nl\/de\/moderner-wassertisch-aus-granit-quadratisch-schwarz-zoe\/#primaryimage\"},\"thumbnailUrl\":\"https:\/\/www.eliassen.nl\/wp-content\/uploads\/2024\/01\/modernewatertafelgranietvierkantzwartzoelias.jpg\",\"datePublished\":\"2021-09-06T14:41:24+00:00\",\"dateModified\":\"2026-01-16T12:58:53+00:00\",\"description\":\"Einen sch\u00f6nen modernen Wassertisch Granit quadratisch schwarz kaufen? Achten Sie auf diese Kopie. NIRGENDWO SONST ZU VERKAUFEN! Inkl. Pumpe und LED-Beleuchtung! \u221a LIVE sehen!\",\"breadcrumb\":{\"@id\":\"https:\/\/www.eliassen.nl\/de\/moderner-wassertisch-aus-granit-quadratisch-schwarz-zoe\/#breadcrumb\"},\"inLanguage\":\"de\",\"potentialAction\":[{\"@type\":\"ReadAction\",\"target\":[\"https:\/\/www.eliassen.nl\/de\/moderner-wassertisch-aus-granit-quadratisch-schwarz-zoe\/\"]}]},{\"@type\":\"ImageObject\",\"inLanguage\":\"de\",\"@id\":\"https:\/\/www.eliassen.nl\/de\/moderner-wassertisch-aus-granit-quadratisch-schwarz-zoe\/#primaryimage\",\"url\":\"https:\/\/www.eliassen.nl\/wp-content\/uploads\/2024\/01\/modernewatertafelgranietvierkantzwartzoelias.jpg\",\"contentUrl\":\"https:\/\/www.eliassen.nl\/wp-content\/uploads\/2024\/01\/modernewatertafelgranietvierkantzwartzoelias.jpg\",\"width\":2048,\"height\":1536,\"caption\":\"Moderner Wassertisch Granit quadratisch schwarz Zo\u00eb | Eliassen.nl\"},{\"@type\":\"BreadcrumbList\",\"@id\":\"https:\/\/www.eliassen.nl\/de\/moderner-wassertisch-aus-granit-quadratisch-schwarz-zoe\/#breadcrumb\",\"itemListElement\":[{\"@type\":\"ListItem\",\"position\":1,\"name\":\"Home\",\"item\":\"https:\/\/www.eliassen.nl\/de\/\"},{\"@type\":\"ListItem\",\"position\":2,\"name\":\"Shop\",\"item\":\"https:\/\/www.eliassen.nl\/de\/shop\/\"},{\"@type\":\"ListItem\",\"position\":3,\"name\":\"Wasserspiele\",\"item\":\"https:\/\/www.eliassen.nl\/de\/wassereigenschaften\/\"},{\"@type\":\"ListItem\",\"position\":4,\"name\":\"Einzigartige eigene Modelle von losen Wasserspielen\",\"item\":\"https:\/\/www.eliassen.nl\/de\/wassereigenschaften\/einzigartige-eigene-modelle-von-losen-wasserspiele\/\"},{\"@type\":\"ListItem\",\"position\":5,\"name\":\"Moderner Wassertisch Granit quadratisch schwarz Zo\u00eb\"}]},{\"@type\":\"WebSite\",\"@id\":\"https:\/\/www.eliassen.nl\/de\/#website\",\"url\":\"https:\/\/www.eliassen.nl\/de\/\",\"name\":\"Eliassen Home & Garden Pleasure\",\"description\":\"\",\"publisher\":{\"@id\":\"https:\/\/www.eliassen.nl\/de\/#organization\"},\"alternateName\":\"Eliassen.nl\",\"potentialAction\":[{\"@type\":\"SearchAction\",\"target\":{\"@type\":\"EntryPoint\",\"urlTemplate\":\"https:\/\/www.eliassen.nl\/de\/?s={search_term_string}\"},\"query-input\":{\"@type\":\"PropertyValueSpecification\",\"valueRequired\":true,\"valueName\":\"search_term_string\"}}],\"inLanguage\":\"de\"},{\"@type\":[\"Organization\",\"Place\"],\"@id\":\"https:\/\/www.eliassen.nl\/de\/#organization\",\"name\":\"Eliassen Home & Garden Pleasure\",\"url\":\"https:\/\/www.eliassen.nl\/de\/\",\"logo\":{\"@id\":\"https:\/\/www.eliassen.nl\/de\/moderner-wassertisch-aus-granit-quadratisch-schwarz-zoe\/#local-main-organization-logo\"},\"image\":{\"@id\":\"https:\/\/www.eliassen.nl\/de\/moderner-wassertisch-aus-granit-quadratisch-schwarz-zoe\/#local-main-organization-logo\"},\"sameAs\":[\"https:\/\/www.facebook.com\/TuincentrumEliassenAmmerzoden\",\"https:\/\/www.instagram.com\/eliassenhomeandgarden\/\",\"https:\/\/nl.pinterest.com\/eliassenhomeandgarden\/\",\"https:\/\/www.youtube.com\/@eliassenhomegardenpleasure4558\"],\"telephone\":[],\"openingHoursSpecification\":[{\"@type\":\"OpeningHoursSpecification\",\"dayOfWeek\":[\"Monday\",\"Tuesday\",\"Wednesday\",\"Thursday\",\"Friday\",\"Saturday\",\"Sunday\"],\"opens\":\"09:00\",\"closes\":\"17:00\"}]},{\"@type\":\"ImageObject\",\"inLanguage\":\"de\",\"@id\":\"https:\/\/www.eliassen.nl\/de\/moderner-wassertisch-aus-granit-quadratisch-schwarz-zoe\/#local-main-organization-logo\",\"url\":\"https:\/\/www.eliassen.nl\/wp-content\/uploads\/2024\/01\/logo_4nd.jpg\",\"contentUrl\":\"https:\/\/www.eliassen.nl\/wp-content\/uploads\/2024\/01\/logo_4nd.jpg\",\"width\":500,\"height\":500,\"caption\":\"Eliassen Home & Garden Pleasure\"}]}<\/script>\n<meta property=\"product:price:amount\" content=\"795.00\" \/>\n<meta property=\"product:price:currency\" content=\"EUR\" \/>\n<meta property=\"og:availability\" content=\"instock\" \/>\n<meta property=\"product:availability\" content=\"instock\" \/>\n<meta property=\"product:retailer_item_id\" content=\"Jer808035\" \/>\n<meta property=\"product:condition\" content=\"new\" \/>\n<!-- \/ Yoast SEO Premium plugin. -->","yoast_head_json":{"title":"Moderner Wassertisch Granit quadratisch schwarz - Eliassen.de","description":"Einen sch\u00f6nen modernen Wassertisch Granit quadratisch schwarz kaufen? Achten Sie auf diese Kopie. NIRGENDWO SONST ZU VERKAUFEN! Inkl. Pumpe und LED-Beleuchtung! \u221a LIVE sehen!","robots":{"index":"index","follow":"follow","max-snippet":"max-snippet:-1","max-image-preview":"max-image-preview:large","max-video-preview":"max-video-preview:-1"},"canonical":"https:\/\/www.eliassen.nl\/de\/moderner-wassertisch-aus-granit-quadratisch-schwarz-zoe\/","og_locale":"de_DE","og_type":"article","og_title":"Sonstige Moderner Wassertisch Granit quadratisch schwarz Zo\u00eb - Eliassen.nl","og_description":"Einen sch\u00f6nen modernen Wassertisch Granit quadratisch schwarz kaufen? Achten Sie auf diese Kopie. NIRGENDWO SONST ZU VERKAUFEN! Inkl. Pumpe und LED-Beleuchtung! \u221a LIVE sehen!","og_url":"https:\/\/www.eliassen.nl\/de\/moderner-wassertisch-aus-granit-quadratisch-schwarz-zoe\/","og_site_name":"Eliassen.nl","article_publisher":"https:\/\/www.facebook.com\/TuincentrumEliassenAmmerzoden","article_modified_time":"2026-01-16T12:58:53+00:00","og_image":[{"width":2048,"height":1536,"url":"https:\/\/www.eliassen.nl\/wp-content\/uploads\/2024\/01\/modernewatertafelgranietvierkantzwartzoelias.jpg","type":"image\/jpeg"}],"twitter_card":"summary_large_image","schema":{"@context":"https:\/\/schema.org","@graph":[{"@type":"WebPage","@id":"https:\/\/www.eliassen.nl\/de\/moderner-wassertisch-aus-granit-quadratisch-schwarz-zoe\/","url":"https:\/\/www.eliassen.nl\/de\/moderner-wassertisch-aus-granit-quadratisch-schwarz-zoe\/","name":"Moderner Wassertisch Granit quadratisch schwarz - Eliassen.de","isPartOf":{"@id":"https:\/\/www.eliassen.nl\/de\/#website"},"primaryImageOfPage":{"@id":"https:\/\/www.eliassen.nl\/de\/moderner-wassertisch-aus-granit-quadratisch-schwarz-zoe\/#primaryimage"},"image":{"@id":"https:\/\/www.eliassen.nl\/de\/moderner-wassertisch-aus-granit-quadratisch-schwarz-zoe\/#primaryimage"},"thumbnailUrl":"https:\/\/www.eliassen.nl\/wp-content\/uploads\/2024\/01\/modernewatertafelgranietvierkantzwartzoelias.jpg","datePublished":"2021-09-06T14:41:24+00:00","dateModified":"2026-01-16T12:58:53+00:00","description":"Einen sch\u00f6nen modernen Wassertisch Granit quadratisch schwarz kaufen? Achten Sie auf diese Kopie. NIRGENDWO SONST ZU VERKAUFEN! Inkl. Pumpe und LED-Beleuchtung! \u221a LIVE sehen!","breadcrumb":{"@id":"https:\/\/www.eliassen.nl\/de\/moderner-wassertisch-aus-granit-quadratisch-schwarz-zoe\/#breadcrumb"},"inLanguage":"de","potentialAction":[{"@type":"ReadAction","target":["https:\/\/www.eliassen.nl\/de\/moderner-wassertisch-aus-granit-quadratisch-schwarz-zoe\/"]}]},{"@type":"ImageObject","inLanguage":"de","@id":"https:\/\/www.eliassen.nl\/de\/moderner-wassertisch-aus-granit-quadratisch-schwarz-zoe\/#primaryimage","url":"https:\/\/www.eliassen.nl\/wp-content\/uploads\/2024\/01\/modernewatertafelgranietvierkantzwartzoelias.jpg","contentUrl":"https:\/\/www.eliassen.nl\/wp-content\/uploads\/2024\/01\/modernewatertafelgranietvierkantzwartzoelias.jpg","width":2048,"height":1536,"caption":"Moderner Wassertisch Granit quadratisch schwarz Zo\u00eb | Eliassen.nl"},{"@type":"BreadcrumbList","@id":"https:\/\/www.eliassen.nl\/de\/moderner-wassertisch-aus-granit-quadratisch-schwarz-zoe\/#breadcrumb","itemListElement":[{"@type":"ListItem","position":1,"name":"Home","item":"https:\/\/www.eliassen.nl\/de\/"},{"@type":"ListItem","position":2,"name":"Shop","item":"https:\/\/www.eliassen.nl\/de\/shop\/"},{"@type":"ListItem","position":3,"name":"Wasserspiele","item":"https:\/\/www.eliassen.nl\/de\/wassereigenschaften\/"},{"@type":"ListItem","position":4,"name":"Einzigartige eigene Modelle von losen Wasserspielen","item":"https:\/\/www.eliassen.nl\/de\/wassereigenschaften\/einzigartige-eigene-modelle-von-losen-wasserspiele\/"},{"@type":"ListItem","position":5,"name":"Moderner Wassertisch Granit quadratisch schwarz Zo\u00eb"}]},{"@type":"WebSite","@id":"https:\/\/www.eliassen.nl\/de\/#website","url":"https:\/\/www.eliassen.nl\/de\/","name":"Eliassen Home & Garden Pleasure","description":"","publisher":{"@id":"https:\/\/www.eliassen.nl\/de\/#organization"},"alternateName":"Eliassen.nl","potentialAction":[{"@type":"SearchAction","target":{"@type":"EntryPoint","urlTemplate":"https:\/\/www.eliassen.nl\/de\/?s={search_term_string}"},"query-input":{"@type":"PropertyValueSpecification","valueRequired":true,"valueName":"search_term_string"}}],"inLanguage":"de"},{"@type":["Organization","Place"],"@id":"https:\/\/www.eliassen.nl\/de\/#organization","name":"Eliassen Home & Garden Pleasure","url":"https:\/\/www.eliassen.nl\/de\/","logo":{"@id":"https:\/\/www.eliassen.nl\/de\/moderner-wassertisch-aus-granit-quadratisch-schwarz-zoe\/#local-main-organization-logo"},"image":{"@id":"https:\/\/www.eliassen.nl\/de\/moderner-wassertisch-aus-granit-quadratisch-schwarz-zoe\/#local-main-organization-logo"},"sameAs":["https:\/\/www.facebook.com\/TuincentrumEliassenAmmerzoden","https:\/\/www.instagram.com\/eliassenhomeandgarden\/","https:\/\/nl.pinterest.com\/eliassenhomeandgarden\/","https:\/\/www.youtube.com\/@eliassenhomegardenpleasure4558"],"telephone":[],"openingHoursSpecification":[{"@type":"OpeningHoursSpecification","dayOfWeek":["Monday","Tuesday","Wednesday","Thursday","Friday","Saturday","Sunday"],"opens":"09:00","closes":"17:00"}]},{"@type":"ImageObject","inLanguage":"de","@id":"https:\/\/www.eliassen.nl\/de\/moderner-wassertisch-aus-granit-quadratisch-schwarz-zoe\/#local-main-organization-logo","url":"https:\/\/www.eliassen.nl\/wp-content\/uploads\/2024\/01\/logo_4nd.jpg","contentUrl":"https:\/\/www.eliassen.nl\/wp-content\/uploads\/2024\/01\/logo_4nd.jpg","width":500,"height":500,"caption":"Eliassen Home & Garden Pleasure"}]},"product_price_amount":"795.00","product_price_currency":"EUR","og_availability":"instock","product_availability":"instock","product_retailer_item_id":"Jer808035","product_condition":"new"},"df_price":795,"df_sale_price":"","df_regular_price":795,"df_image_link":"https:\/\/www.eliassen.nl\/wp-content\/uploads\/2024\/01\/modernewatertafelgranietvierkantzwartzoelias.jpg","image":"https:\/\/www.eliassen.nl\/wp-content\/uploads\/2024\/01\/modernewatertafelgranietvierkantzwartzoelias.jpg","price_search":"<span class=\"woocommerce-Price-amount amount\"><bdi><span class=\"woocommerce-Price-currencySymbol\">&euro;<\/span>&nbsp;795,00<\/bdi><\/span>","category":"Einzigartige eigene Modelle von losen Wasserspielen","global_unique_id":"6096517245243","_links":{"self":[{"href":"https:\/\/www.eliassen.nl\/de\/wp-json\/wp\/v2\/product\/53062","targetHints":{"allow":["GET"]}}],"collection":[{"href":"https:\/\/www.eliassen.nl\/de\/wp-json\/wp\/v2\/product"}],"about":[{"href":"https:\/\/www.eliassen.nl\/de\/wp-json\/wp\/v2\/types\/product"}],"wp:featuredmedia":[{"embeddable":true,"href":"https:\/\/www.eliassen.nl\/de\/wp-json\/wp\/v2\/media\/53053"}],"wp:attachment":[{"href":"https:\/\/www.eliassen.nl\/de\/wp-json\/wp\/v2\/media?parent=53062"}],"wp:term":[{"taxonomy":"product_brand","embeddable":true,"href":"https:\/\/www.eliassen.nl\/de\/wp-json\/wp\/v2\/product_brand?post=53062"},{"taxonomy":"product_cat","embeddable":true,"href":"https:\/\/www.eliassen.nl\/de\/wp-json\/wp\/v2\/product_cat?post=53062"},{"taxonomy":"product_tag","embeddable":true,"href":"https:\/\/www.eliassen.nl\/de\/wp-json\/wp\/v2\/product_tag?post=53062"}],"curies":[{"name":"wp","href":"https:\/\/api.w.org\/{rel}","templated":true}]}}