{"id":53050,"date":"2021-09-06T14:37:37","date_gmt":"2021-09-06T14:37:37","guid":{"rendered":"https:\/\/www.eliassen.nl\/?product=waterornament-terras-judith"},"modified":"2026-01-16T13:58:59","modified_gmt":"2026-01-16T12:58:59","slug":"hochwasserbrunnen-milou","status":"publish","type":"product","link":"https:\/\/www.eliassen.nl\/de\/hochwasserbrunnen-milou\/","title":{"rendered":"Hohe Wasserfont\u00e4ne Milou 110cm"},"content":{"rendered":"<p>Ein wundersch\u00f6ner, <strong>hoher<\/strong>, schlanker und moderner Wandbrunnen f\u00fcr Ihren Garten oder Ihre Terrasse, der von uns selbst entwickelt wurde und nirgendwo anders erh\u00e4ltlich ist. Das Wasserbecken ist aus schlichtem, pechschwarzem, poliertem Granit gefertigt, w\u00e4hrend die geschwungenen Wassers\u00e4ulen, von denen das Wasser vorne abl\u00e4uft, aus grauem, poliertem Granit bestehen, der teilweise einges\u00e4gt wurde, damit das Relief sch\u00f6n gl\u00e4nzt, besonders im Dunkeln, wenn ein Scheinwerfer darauf gerichtet ist.<\/p>\n<p>Bei diesem Modell muss nicht gegraben werden, da sich die Wasserversorgung im Inneren des Tanks befindet. Die Bodenplatte hat eine gro\u00dfe \u00d6ffnung mit Edelstahlabdeckung, die einen einfachen Zugang zur Pumpe erm\u00f6glicht. Wird komplett mit Pumpe, Schlauch, Wasserverteiler, LEDs, Anleitung und schwarzen Kieselsteinen geliefert. F\u00fcr den vollst\u00e4ndigen Betrieb ben\u00f6tigen Sie 2 Steckdosen.<\/p>\n<p><strong>Besuchen Sie unseren Ausstellungsraum und bewundern Sie viele Modelle live!!!  <\/strong><\/p>\n<ul>\n<li>Gr\u00f6\u00dfe 80x40x110cm hoch<\/li>\n<li>Material: Granit poliert\/ges\u00e4gt, schwarz\/grau<\/li>\n<li>Inklusive Pumpe, Schlauch, Verteiler, LEDs, Anleitung und schwarzen Kieselsteinen<\/li>\n<li><strong>Mit Wasserstandsanzeige<\/strong><\/li>\n<li>Kabell\u00e4nge der Pumpe 10 Meter und der LEDs 7,5 Meter<\/li>\n<li>Mit Ablassschraube<\/li>\n<li>Garantie 1 Jahr (Trockenlaufsch\u00e4den der Pumpe und Frostsch\u00e4den ausgeschlossen)<\/li>\n<li>In Holzkiste verpackt<\/li>\n<li>Schnelle Lieferung<\/li>\n<li>Nirgendwo sonst zu verkaufen.<\/li>\n<\/ul>\n","protected":false},"excerpt":{"rendered":"<p>Ein wundersch\u00f6ner, hoher, schlanker und moderner Wandbrunnen f\u00fcr Ihren Garten oder Ihre Terrasse, der von uns selbst entwickelt wurde und nirgendwo anders erh\u00e4ltlich ist. Das Wasserbecken ist aus schlichtem, pechschwarzem, poliertem Granit gefertigt, w\u00e4hrend die geschwungenen Wassers\u00e4ulen, von denen das Wasser vorne abl\u00e4uft, aus grauem, poliertem Granit bestehen, der teilweise einges\u00e4gt wurde, damit das Relief &hellip;<\/p>\n","protected":false},"featured_media":53038,"template":"","meta":{"_acf_changed":false,"_genesis_title":"","_genesis_description":""},"product_brand":[7505],"product_cat":[539,548,572,536],"product_tag":[],"class_list":{"0":"post-53050","1":"product","2":"type-product","3":"status-publish","4":"has-post-thumbnail","6":"product_brand-sonstige","7":"product_cat-einzigartige-eigene-modelle-von-losen-wasserspiele","8":"product_cat-terrassenbrunnen","9":"product_cat-wandbrunnen","10":"product_cat-wassereigenschaften","12":"first","13":"instock","14":"sale","15":"taxable","16":"shipping-taxable","17":"purchasable","18":"product-type-simple"},"acf":[],"meta_all":{"total_sales":"1","wcml_sync_hash":{"postmeta_fields":"be5dd14f93191bd489cf2058679c7280"},"attr_label_translations":[],"cor_restricted_countries":[]},"meta_all_flat":{"total_sales":"1","wcml_sync_hash.postmeta_fields":"be5dd14f93191bd489cf2058679c7280"},"yoast_head":"<!-- This site is optimized with the Yoast SEO Premium plugin v26.2 (Yoast SEO v27.2) - https:\/\/yoast.com\/product\/yoast-seo-premium-wordpress\/ -->\n<title>Hohe Wasserfont\u00e4ne Milou | KOMPLETT SET! | Eliassen.co.uk<\/title>\n<meta name=\"description\" content=\"Die hohe Wasserfont\u00e4ne Milou mit LED-Beleuchtung in grau-schwarzer Farbe ist ein eleganter Wandbrunnen, den Sie im Innen- oder Au\u00dfenbereich aufstellen k\u00f6nnen. \u221a LIVE sehen!\" \/>\n<meta name=\"robots\" content=\"index, follow, max-snippet:-1, max-image-preview:large, max-video-preview:-1\" \/>\n<link rel=\"canonical\" href=\"https:\/\/www.eliassen.nl\/de\/hochwasserbrunnen-milou\/\" \/>\n<meta property=\"og:locale\" content=\"de_DE\" \/>\n<meta property=\"og:type\" content=\"article\" \/>\n<meta property=\"og:title\" content=\"Sonstige Hohe Wasserfont\u00e4ne Milou 110cm - Eliassen.nl\" \/>\n<meta property=\"og:description\" content=\"Die hohe Wasserfont\u00e4ne Milou mit LED-Beleuchtung in grau-schwarzer Farbe ist ein eleganter Wandbrunnen, den Sie im Innen- oder Au\u00dfenbereich aufstellen k\u00f6nnen. \u221a LIVE sehen!\" \/>\n<meta property=\"og:url\" content=\"https:\/\/www.eliassen.nl\/de\/hochwasserbrunnen-milou\/\" \/>\n<meta property=\"og:site_name\" content=\"Eliassen.nl\" \/>\n<meta property=\"article:publisher\" content=\"https:\/\/www.facebook.com\/TuincentrumEliassenAmmerzoden\" \/>\n<meta property=\"article:modified_time\" content=\"2026-01-16T12:58:59+00:00\" \/>\n<meta property=\"og:image\" content=\"https:\/\/www.eliassen.nl\/wp-content\/uploads\/2024\/01\/milou1.jpg\" \/>\n\t<meta property=\"og:image:width\" content=\"2048\" \/>\n\t<meta property=\"og:image:height\" content=\"1536\" \/>\n\t<meta property=\"og:image:type\" content=\"image\/jpeg\" \/>\n<meta name=\"twitter:card\" content=\"summary_large_image\" \/>\n<script type=\"application\/ld+json\" class=\"yoast-schema-graph\">{\"@context\":\"https:\/\/schema.org\",\"@graph\":[{\"@type\":\"WebPage\",\"@id\":\"https:\/\/www.eliassen.nl\/de\/hochwasserbrunnen-milou\/\",\"url\":\"https:\/\/www.eliassen.nl\/de\/hochwasserbrunnen-milou\/\",\"name\":\"Hohe Wasserfont\u00e4ne Milou | KOMPLETT SET! | Eliassen.co.uk\",\"isPartOf\":{\"@id\":\"https:\/\/www.eliassen.nl\/de\/#website\"},\"primaryImageOfPage\":{\"@id\":\"https:\/\/www.eliassen.nl\/de\/hochwasserbrunnen-milou\/#primaryimage\"},\"image\":{\"@id\":\"https:\/\/www.eliassen.nl\/de\/hochwasserbrunnen-milou\/#primaryimage\"},\"thumbnailUrl\":\"https:\/\/www.eliassen.nl\/wp-content\/uploads\/2024\/01\/milou1.jpg\",\"datePublished\":\"2021-09-06T14:37:37+00:00\",\"dateModified\":\"2026-01-16T12:58:59+00:00\",\"description\":\"Die hohe Wasserfont\u00e4ne Milou mit LED-Beleuchtung in grau-schwarzer Farbe ist ein eleganter Wandbrunnen, den Sie im Innen- oder Au\u00dfenbereich aufstellen k\u00f6nnen. \u221a LIVE sehen!\",\"breadcrumb\":{\"@id\":\"https:\/\/www.eliassen.nl\/de\/hochwasserbrunnen-milou\/#breadcrumb\"},\"inLanguage\":\"de\",\"potentialAction\":[{\"@type\":\"ReadAction\",\"target\":[\"https:\/\/www.eliassen.nl\/de\/hochwasserbrunnen-milou\/\"]}]},{\"@type\":\"ImageObject\",\"inLanguage\":\"de\",\"@id\":\"https:\/\/www.eliassen.nl\/de\/hochwasserbrunnen-milou\/#primaryimage\",\"url\":\"https:\/\/www.eliassen.nl\/wp-content\/uploads\/2024\/01\/milou1.jpg\",\"contentUrl\":\"https:\/\/www.eliassen.nl\/wp-content\/uploads\/2024\/01\/milou1.jpg\",\"width\":2048,\"height\":1536,\"caption\":\"milou 1\"},{\"@type\":\"BreadcrumbList\",\"@id\":\"https:\/\/www.eliassen.nl\/de\/hochwasserbrunnen-milou\/#breadcrumb\",\"itemListElement\":[{\"@type\":\"ListItem\",\"position\":1,\"name\":\"Home\",\"item\":\"https:\/\/www.eliassen.nl\/de\/\"},{\"@type\":\"ListItem\",\"position\":2,\"name\":\"Shop\",\"item\":\"https:\/\/www.eliassen.nl\/de\/shop\/\"},{\"@type\":\"ListItem\",\"position\":3,\"name\":\"Wasserspiele\",\"item\":\"https:\/\/www.eliassen.nl\/de\/wassereigenschaften\/\"},{\"@type\":\"ListItem\",\"position\":4,\"name\":\"Einzigartige eigene Modelle von losen Wasserspielen\",\"item\":\"https:\/\/www.eliassen.nl\/de\/wassereigenschaften\/einzigartige-eigene-modelle-von-losen-wasserspiele\/\"},{\"@type\":\"ListItem\",\"position\":5,\"name\":\"Hohe Wasserfont\u00e4ne Milou 110cm\"}]},{\"@type\":\"WebSite\",\"@id\":\"https:\/\/www.eliassen.nl\/de\/#website\",\"url\":\"https:\/\/www.eliassen.nl\/de\/\",\"name\":\"Eliassen Home & Garden Pleasure\",\"description\":\"\",\"publisher\":{\"@id\":\"https:\/\/www.eliassen.nl\/de\/#organization\"},\"alternateName\":\"Eliassen.nl\",\"potentialAction\":[{\"@type\":\"SearchAction\",\"target\":{\"@type\":\"EntryPoint\",\"urlTemplate\":\"https:\/\/www.eliassen.nl\/de\/?s={search_term_string}\"},\"query-input\":{\"@type\":\"PropertyValueSpecification\",\"valueRequired\":true,\"valueName\":\"search_term_string\"}}],\"inLanguage\":\"de\"},{\"@type\":[\"Organization\",\"Place\"],\"@id\":\"https:\/\/www.eliassen.nl\/de\/#organization\",\"name\":\"Eliassen Home & Garden Pleasure\",\"url\":\"https:\/\/www.eliassen.nl\/de\/\",\"logo\":{\"@id\":\"https:\/\/www.eliassen.nl\/de\/hochwasserbrunnen-milou\/#local-main-organization-logo\"},\"image\":{\"@id\":\"https:\/\/www.eliassen.nl\/de\/hochwasserbrunnen-milou\/#local-main-organization-logo\"},\"sameAs\":[\"https:\/\/www.facebook.com\/TuincentrumEliassenAmmerzoden\",\"https:\/\/www.instagram.com\/eliassenhomeandgarden\/\",\"https:\/\/nl.pinterest.com\/eliassenhomeandgarden\/\",\"https:\/\/www.youtube.com\/@eliassenhomegardenpleasure4558\"],\"telephone\":[],\"openingHoursSpecification\":[{\"@type\":\"OpeningHoursSpecification\",\"dayOfWeek\":[\"Monday\",\"Tuesday\",\"Wednesday\",\"Thursday\",\"Friday\",\"Saturday\",\"Sunday\"],\"opens\":\"09:00\",\"closes\":\"17:00\"}]},{\"@type\":\"ImageObject\",\"inLanguage\":\"de\",\"@id\":\"https:\/\/www.eliassen.nl\/de\/hochwasserbrunnen-milou\/#local-main-organization-logo\",\"url\":\"https:\/\/www.eliassen.nl\/wp-content\/uploads\/2024\/01\/logo_4nd.jpg\",\"contentUrl\":\"https:\/\/www.eliassen.nl\/wp-content\/uploads\/2024\/01\/logo_4nd.jpg\",\"width\":500,\"height\":500,\"caption\":\"Eliassen Home & Garden Pleasure\"}]}<\/script>\n<meta property=\"product:price:amount\" content=\"595.00\" \/>\n<meta property=\"product:price:currency\" content=\"EUR\" \/>\n<meta property=\"og:availability\" content=\"instock\" \/>\n<meta property=\"product:availability\" content=\"instock\" \/>\n<meta property=\"product:retailer_item_id\" content=\"Jud4080110\" \/>\n<meta property=\"product:condition\" content=\"new\" \/>\n<!-- \/ Yoast SEO Premium plugin. -->","yoast_head_json":{"title":"Hohe Wasserfont\u00e4ne Milou | KOMPLETT SET! | Eliassen.co.uk","description":"Die hohe Wasserfont\u00e4ne Milou mit LED-Beleuchtung in grau-schwarzer Farbe ist ein eleganter Wandbrunnen, den Sie im Innen- oder Au\u00dfenbereich aufstellen k\u00f6nnen. \u221a LIVE sehen!","robots":{"index":"index","follow":"follow","max-snippet":"max-snippet:-1","max-image-preview":"max-image-preview:large","max-video-preview":"max-video-preview:-1"},"canonical":"https:\/\/www.eliassen.nl\/de\/hochwasserbrunnen-milou\/","og_locale":"de_DE","og_type":"article","og_title":"Sonstige Hohe Wasserfont\u00e4ne Milou 110cm - Eliassen.nl","og_description":"Die hohe Wasserfont\u00e4ne Milou mit LED-Beleuchtung in grau-schwarzer Farbe ist ein eleganter Wandbrunnen, den Sie im Innen- oder Au\u00dfenbereich aufstellen k\u00f6nnen. \u221a LIVE sehen!","og_url":"https:\/\/www.eliassen.nl\/de\/hochwasserbrunnen-milou\/","og_site_name":"Eliassen.nl","article_publisher":"https:\/\/www.facebook.com\/TuincentrumEliassenAmmerzoden","article_modified_time":"2026-01-16T12:58:59+00:00","og_image":[{"width":2048,"height":1536,"url":"https:\/\/www.eliassen.nl\/wp-content\/uploads\/2024\/01\/milou1.jpg","type":"image\/jpeg"}],"twitter_card":"summary_large_image","schema":{"@context":"https:\/\/schema.org","@graph":[{"@type":"WebPage","@id":"https:\/\/www.eliassen.nl\/de\/hochwasserbrunnen-milou\/","url":"https:\/\/www.eliassen.nl\/de\/hochwasserbrunnen-milou\/","name":"Hohe Wasserfont\u00e4ne Milou | KOMPLETT SET! | Eliassen.co.uk","isPartOf":{"@id":"https:\/\/www.eliassen.nl\/de\/#website"},"primaryImageOfPage":{"@id":"https:\/\/www.eliassen.nl\/de\/hochwasserbrunnen-milou\/#primaryimage"},"image":{"@id":"https:\/\/www.eliassen.nl\/de\/hochwasserbrunnen-milou\/#primaryimage"},"thumbnailUrl":"https:\/\/www.eliassen.nl\/wp-content\/uploads\/2024\/01\/milou1.jpg","datePublished":"2021-09-06T14:37:37+00:00","dateModified":"2026-01-16T12:58:59+00:00","description":"Die hohe Wasserfont\u00e4ne Milou mit LED-Beleuchtung in grau-schwarzer Farbe ist ein eleganter Wandbrunnen, den Sie im Innen- oder Au\u00dfenbereich aufstellen k\u00f6nnen. \u221a LIVE sehen!","breadcrumb":{"@id":"https:\/\/www.eliassen.nl\/de\/hochwasserbrunnen-milou\/#breadcrumb"},"inLanguage":"de","potentialAction":[{"@type":"ReadAction","target":["https:\/\/www.eliassen.nl\/de\/hochwasserbrunnen-milou\/"]}]},{"@type":"ImageObject","inLanguage":"de","@id":"https:\/\/www.eliassen.nl\/de\/hochwasserbrunnen-milou\/#primaryimage","url":"https:\/\/www.eliassen.nl\/wp-content\/uploads\/2024\/01\/milou1.jpg","contentUrl":"https:\/\/www.eliassen.nl\/wp-content\/uploads\/2024\/01\/milou1.jpg","width":2048,"height":1536,"caption":"milou 1"},{"@type":"BreadcrumbList","@id":"https:\/\/www.eliassen.nl\/de\/hochwasserbrunnen-milou\/#breadcrumb","itemListElement":[{"@type":"ListItem","position":1,"name":"Home","item":"https:\/\/www.eliassen.nl\/de\/"},{"@type":"ListItem","position":2,"name":"Shop","item":"https:\/\/www.eliassen.nl\/de\/shop\/"},{"@type":"ListItem","position":3,"name":"Wasserspiele","item":"https:\/\/www.eliassen.nl\/de\/wassereigenschaften\/"},{"@type":"ListItem","position":4,"name":"Einzigartige eigene Modelle von losen Wasserspielen","item":"https:\/\/www.eliassen.nl\/de\/wassereigenschaften\/einzigartige-eigene-modelle-von-losen-wasserspiele\/"},{"@type":"ListItem","position":5,"name":"Hohe Wasserfont\u00e4ne Milou 110cm"}]},{"@type":"WebSite","@id":"https:\/\/www.eliassen.nl\/de\/#website","url":"https:\/\/www.eliassen.nl\/de\/","name":"Eliassen Home & Garden Pleasure","description":"","publisher":{"@id":"https:\/\/www.eliassen.nl\/de\/#organization"},"alternateName":"Eliassen.nl","potentialAction":[{"@type":"SearchAction","target":{"@type":"EntryPoint","urlTemplate":"https:\/\/www.eliassen.nl\/de\/?s={search_term_string}"},"query-input":{"@type":"PropertyValueSpecification","valueRequired":true,"valueName":"search_term_string"}}],"inLanguage":"de"},{"@type":["Organization","Place"],"@id":"https:\/\/www.eliassen.nl\/de\/#organization","name":"Eliassen Home & Garden Pleasure","url":"https:\/\/www.eliassen.nl\/de\/","logo":{"@id":"https:\/\/www.eliassen.nl\/de\/hochwasserbrunnen-milou\/#local-main-organization-logo"},"image":{"@id":"https:\/\/www.eliassen.nl\/de\/hochwasserbrunnen-milou\/#local-main-organization-logo"},"sameAs":["https:\/\/www.facebook.com\/TuincentrumEliassenAmmerzoden","https:\/\/www.instagram.com\/eliassenhomeandgarden\/","https:\/\/nl.pinterest.com\/eliassenhomeandgarden\/","https:\/\/www.youtube.com\/@eliassenhomegardenpleasure4558"],"telephone":[],"openingHoursSpecification":[{"@type":"OpeningHoursSpecification","dayOfWeek":["Monday","Tuesday","Wednesday","Thursday","Friday","Saturday","Sunday"],"opens":"09:00","closes":"17:00"}]},{"@type":"ImageObject","inLanguage":"de","@id":"https:\/\/www.eliassen.nl\/de\/hochwasserbrunnen-milou\/#local-main-organization-logo","url":"https:\/\/www.eliassen.nl\/wp-content\/uploads\/2024\/01\/logo_4nd.jpg","contentUrl":"https:\/\/www.eliassen.nl\/wp-content\/uploads\/2024\/01\/logo_4nd.jpg","width":500,"height":500,"caption":"Eliassen Home & Garden Pleasure"}]},"product_price_amount":"595.00","product_price_currency":"EUR","og_availability":"instock","product_availability":"instock","product_retailer_item_id":"Jud4080110","product_condition":"new"},"df_price":595,"df_sale_price":595,"df_regular_price":895,"df_image_link":"https:\/\/www.eliassen.nl\/wp-content\/uploads\/2024\/01\/milou1.jpg","image":"https:\/\/www.eliassen.nl\/wp-content\/uploads\/2024\/01\/milou1.jpg","price_search":"<span class=\"woocommerce-Price-amount amount\"><bdi><span class=\"woocommerce-Price-currencySymbol\">&euro;<\/span>&nbsp;595,00<\/bdi><\/span>","category":"Einzigartige eigene Modelle von losen Wasserspielen","global_unique_id":"6096538685608","_links":{"self":[{"href":"https:\/\/www.eliassen.nl\/de\/wp-json\/wp\/v2\/product\/53050","targetHints":{"allow":["GET"]}}],"collection":[{"href":"https:\/\/www.eliassen.nl\/de\/wp-json\/wp\/v2\/product"}],"about":[{"href":"https:\/\/www.eliassen.nl\/de\/wp-json\/wp\/v2\/types\/product"}],"wp:featuredmedia":[{"embeddable":true,"href":"https:\/\/www.eliassen.nl\/de\/wp-json\/wp\/v2\/media\/53038"}],"wp:attachment":[{"href":"https:\/\/www.eliassen.nl\/de\/wp-json\/wp\/v2\/media?parent=53050"}],"wp:term":[{"taxonomy":"product_brand","embeddable":true,"href":"https:\/\/www.eliassen.nl\/de\/wp-json\/wp\/v2\/product_brand?post=53050"},{"taxonomy":"product_cat","embeddable":true,"href":"https:\/\/www.eliassen.nl\/de\/wp-json\/wp\/v2\/product_cat?post=53050"},{"taxonomy":"product_tag","embeddable":true,"href":"https:\/\/www.eliassen.nl\/de\/wp-json\/wp\/v2\/product_tag?post=53050"}],"curies":[{"name":"wp","href":"https:\/\/api.w.org\/{rel}","templated":true}]}}